{"id":6603,"date":"2025-07-07T08:55:30","date_gmt":"2025-07-07T08:55:30","guid":{"rendered":"https:\/\/www.sportshine.eu\/?post_type=product&#038;p=6603"},"modified":"2026-01-22T13:18:53","modified_gmt":"2026-01-22T13:18:53","slug":"brn-tr200-polarized-sunglasses","status":"publish","type":"product","link":"https:\/\/www.sportshine.eu\/en\/shop\/brn-tr200-polarized-sunglasses\/","title":{"rendered":"BRN TR200 polarized glasses"},"content":{"rendered":"<p class=\"\" data-start=\"82\" data-end=\"517\">BRN TR200 polarized glasses are designed for those looking for the ideal combination of protection, comfort and practicality. With <strong data-start=\"199\" data-end=\"216\">UV400 protection<\/strong> provide complete protection against harmful UV rays, while <strong data-start=\"283\" data-end=\"305\">156 mm wide frame<\/strong> provides strength and impact resistance. Non-slip rubberized handles that are hypoallergenic allow the glasses to sit firmly on your face, while the adjustable nose bridge ensures perfect fit.<\/p>\n<p class=\"\" data-start=\"519\" data-end=\"924\"><strong data-start=\"519\" data-end=\"540\">Polarized lenses<\/strong> are scratch-resistant, ensuring a long life for the glasses and allowing clear and comfortable vision without reflections and glare. The glasses are available with an elegant <strong data-start=\"702\" data-end=\"720\">black frame<\/strong>, and in the package you get <strong data-start=\"741\" data-end=\"753\">two lenses<\/strong> (gray and mirror orange), <strong data-start=\"781\" data-end=\"806\" data-is-only-node=\"\">hard protective case<\/strong>, <strong data-start=\"808\" data-end=\"824\">soft bag<\/strong> for storage and <strong data-start=\"844\" data-end=\"878\">diopter lens attachment<\/strong>, which allows you to adjust the glasses to your needs.<\/p>\n<p data-start=\"519\" data-end=\"924\">A second lens can also be attached to the glasses, so you will receive an additional gray polarized lens with your purchase.<\/p>\n<p data-start=\"519\" data-end=\"924\"><img decoding=\"async\" class=\"alignnone size-full wp-image-19018\" src=\"https:\/\/www.sportshine.eu\/originalstran\/wp-content\/uploads\/2025\/03\/Dodatna-leca.webp\" alt=\"\" width=\"311\" height=\"79\" \/><\/p>","protected":false},"excerpt":{"rendered":"<p>Select <strong data-start=\"935\" data-end=\"967\">BRN TR200 polarized glasses<\/strong> and enjoy superior protection, complete comfort and an exceptional design that adapts to your lifestyle!<\/p>","protected":false},"featured_media":5338,"comment_status":"open","ping_status":"closed","template":"","meta":[],"product_brand":[133],"product_cat":[103,123],"product_tag":[],"class_list":{"0":"post-6603","1":"product","2":"type-product","3":"status-publish","4":"has-post-thumbnail","6":"product_brand-brn","7":"product_cat-kolesarska-ocala","8":"product_cat-polarizirana-ocala","10":"first","11":"instock","12":"taxable","13":"shipping-taxable","14":"purchasable","15":"product-type-simple"},"yoast_head":"<!-- This site is optimized with the Yoast SEO plugin v27.3 - https:\/\/yoast.com\/product\/yoast-seo-wordpress\/ -->\n<title>O\u010dala BRN TR200 polarizirana<\/title>\n<meta name=\"description\" content=\"BRN TR200 polarizirana o\u010dala so zasnovana za tiste, ki i\u0161\u010dejo idealno kombinacijo za\u0161\u010dite, udobja in prakti\u010dnosti.\" \/>\n<meta name=\"robots\" content=\"index, follow, max-snippet:-1, max-image-preview:large, max-video-preview:-1\" \/>\n<link rel=\"canonical\" href=\"https:\/\/www.sportshine.eu\/en\/shop\/brn-tr200-polarized-sunglasses\/\" \/>\n<meta property=\"og:locale\" content=\"en_GB\" \/>\n<meta property=\"og:type\" content=\"article\" \/>\n<meta property=\"og:title\" content=\"O\u010dala BRN TR200 polarizirana\" \/>\n<meta property=\"og:description\" content=\"BRN TR200 polarizirana o\u010dala so zasnovana za tiste, ki i\u0161\u010dejo idealno kombinacijo za\u0161\u010dite, udobja in prakti\u010dnosti.\" \/>\n<meta property=\"og:url\" content=\"https:\/\/www.sportshine.eu\/en\/shop\/brn-tr200-polarized-sunglasses\/\" \/>\n<meta property=\"og:site_name\" content=\"Sportshine\" \/>\n<meta property=\"article:publisher\" content=\"https:\/\/www.facebook.com\/sportshine.eu\/\" \/>\n<meta property=\"article:modified_time\" content=\"2026-01-22T13:18:53+00:00\" \/>\n<meta property=\"og:image\" content=\"https:\/\/www.sportshine.eu\/wp-content\/uploads\/2025\/07\/Kolesarska-ocala.webp\" \/>\n\t<meta property=\"og:image:width\" content=\"800\" \/>\n\t<meta property=\"og:image:height\" content=\"800\" \/>\n\t<meta property=\"og:image:type\" content=\"image\/webp\" \/>\n<meta name=\"twitter:card\" content=\"summary_large_image\" \/>\n<meta name=\"twitter:label1\" content=\"Estimated reading time\" \/>\n\t<meta name=\"twitter:data1\" content=\"2 minutes\" \/>\n<script type=\"application\/ld+json\" class=\"yoast-schema-graph\">{\"@context\":\"https:\\\/\\\/schema.org\",\"@graph\":[{\"@type\":\"WebPage\",\"@id\":\"https:\\\/\\\/www.sportshine.eu\\\/trgovina\\\/ocala-brn-tr200-polarizirana\\\/\",\"url\":\"https:\\\/\\\/www.sportshine.eu\\\/trgovina\\\/ocala-brn-tr200-polarizirana\\\/\",\"name\":\"O\u010dala BRN TR200 polarizirana\",\"isPartOf\":{\"@id\":\"https:\\\/\\\/www.sportshine.eu\\\/#website\"},\"primaryImageOfPage\":{\"@id\":\"https:\\\/\\\/www.sportshine.eu\\\/trgovina\\\/ocala-brn-tr200-polarizirana\\\/#primaryimage\"},\"image\":{\"@id\":\"https:\\\/\\\/www.sportshine.eu\\\/trgovina\\\/ocala-brn-tr200-polarizirana\\\/#primaryimage\"},\"thumbnailUrl\":\"https:\\\/\\\/www.sportshine.eu\\\/wp-content\\\/uploads\\\/2025\\\/07\\\/Kolesarska-ocala.webp\",\"datePublished\":\"2025-07-07T08:55:30+00:00\",\"dateModified\":\"2026-01-22T13:18:53+00:00\",\"description\":\"BRN TR200 polarizirana o\u010dala so zasnovana za tiste, ki i\u0161\u010dejo idealno kombinacijo za\u0161\u010dite, udobja in prakti\u010dnosti.\",\"breadcrumb\":{\"@id\":\"https:\\\/\\\/www.sportshine.eu\\\/trgovina\\\/ocala-brn-tr200-polarizirana\\\/#breadcrumb\"},\"inLanguage\":\"en-GB\",\"potentialAction\":[{\"@type\":\"ReadAction\",\"target\":[\"https:\\\/\\\/www.sportshine.eu\\\/trgovina\\\/ocala-brn-tr200-polarizirana\\\/\"]}]},{\"@type\":\"ImageObject\",\"inLanguage\":\"en-GB\",\"@id\":\"https:\\\/\\\/www.sportshine.eu\\\/trgovina\\\/ocala-brn-tr200-polarizirana\\\/#primaryimage\",\"url\":\"https:\\\/\\\/www.sportshine.eu\\\/wp-content\\\/uploads\\\/2025\\\/07\\\/Kolesarska-ocala.webp\",\"contentUrl\":\"https:\\\/\\\/www.sportshine.eu\\\/wp-content\\\/uploads\\\/2025\\\/07\\\/Kolesarska-ocala.webp\",\"width\":800,\"height\":800},{\"@type\":\"BreadcrumbList\",\"@id\":\"https:\\\/\\\/www.sportshine.eu\\\/trgovina\\\/ocala-brn-tr200-polarizirana\\\/#breadcrumb\",\"itemListElement\":[{\"@type\":\"ListItem\",\"position\":1,\"name\":\"Home\",\"item\":\"https:\\\/\\\/www.sportshine.eu\\\/\"},{\"@type\":\"ListItem\",\"position\":2,\"name\":\"Trgovina\",\"item\":\"https:\\\/\\\/www.sportshine.eu\\\/trgovina\\\/\"},{\"@type\":\"ListItem\",\"position\":3,\"name\":\"O\u010dala BRN TR200 polarizirana\"}]},{\"@type\":\"WebSite\",\"@id\":\"https:\\\/\\\/www.sportshine.eu\\\/#website\",\"url\":\"https:\\\/\\\/www.sportshine.eu\\\/\",\"name\":\"Sportshine\",\"description\":\"Top spletna trgovina kolesarskih in naglavnih svetilk ter opreme\",\"publisher\":{\"@id\":\"https:\\\/\\\/www.sportshine.eu\\\/#organization\"},\"potentialAction\":[{\"@type\":\"SearchAction\",\"target\":{\"@type\":\"EntryPoint\",\"urlTemplate\":\"https:\\\/\\\/www.sportshine.eu\\\/?s={search_term_string}\"},\"query-input\":{\"@type\":\"PropertyValueSpecification\",\"valueRequired\":true,\"valueName\":\"search_term_string\"}}],\"inLanguage\":\"en-GB\"},{\"@type\":\"Organization\",\"@id\":\"https:\\\/\\\/www.sportshine.eu\\\/#organization\",\"name\":\"Sportshine\",\"url\":\"https:\\\/\\\/www.sportshine.eu\\\/\",\"logo\":{\"@type\":\"ImageObject\",\"inLanguage\":\"en-GB\",\"@id\":\"https:\\\/\\\/www.sportshine.eu\\\/#\\\/schema\\\/logo\\\/image\\\/\",\"url\":\"https:\\\/\\\/www.sportshine.eu\\\/wp-content\\\/uploads\\\/2026\\\/01\\\/cropped-Sportshine.webp\",\"contentUrl\":\"https:\\\/\\\/www.sportshine.eu\\\/wp-content\\\/uploads\\\/2026\\\/01\\\/cropped-Sportshine.webp\",\"width\":295,\"height\":128,\"caption\":\"Sportshine\"},\"image\":{\"@id\":\"https:\\\/\\\/www.sportshine.eu\\\/#\\\/schema\\\/logo\\\/image\\\/\"},\"sameAs\":[\"https:\\\/\\\/www.facebook.com\\\/sportshine.eu\\\/\"]}]}<\/script>\n<!-- \/ Yoast SEO plugin. -->","yoast_head_json":{"title":"BRN TR200 polarized glasses","description":"BRN TR200 polarized glasses are designed for those looking for the ideal combination of protection, comfort and practicality.","robots":{"index":"index","follow":"follow","max-snippet":"max-snippet:-1","max-image-preview":"max-image-preview:large","max-video-preview":"max-video-preview:-1"},"canonical":"https:\/\/www.sportshine.eu\/en\/shop\/brn-tr200-polarized-sunglasses\/","og_locale":"en_GB","og_type":"article","og_title":"O\u010dala BRN TR200 polarizirana","og_description":"BRN TR200 polarizirana o\u010dala so zasnovana za tiste, ki i\u0161\u010dejo idealno kombinacijo za\u0161\u010dite, udobja in prakti\u010dnosti.","og_url":"https:\/\/www.sportshine.eu\/en\/shop\/brn-tr200-polarized-sunglasses\/","og_site_name":"Sportshine","article_publisher":"https:\/\/www.facebook.com\/sportshine.eu\/","article_modified_time":"2026-01-22T13:18:53+00:00","og_image":[{"width":800,"height":800,"url":"https:\/\/www.sportshine.eu\/wp-content\/uploads\/2025\/07\/Kolesarska-ocala.webp","type":"image\/webp"}],"twitter_card":"summary_large_image","twitter_misc":{"Estimated reading time":"2 minutes"},"schema":{"@context":"https:\/\/schema.org","@graph":[{"@type":"WebPage","@id":"https:\/\/www.sportshine.eu\/trgovina\/ocala-brn-tr200-polarizirana\/","url":"https:\/\/www.sportshine.eu\/trgovina\/ocala-brn-tr200-polarizirana\/","name":"BRN TR200 polarized glasses","isPartOf":{"@id":"https:\/\/www.sportshine.eu\/#website"},"primaryImageOfPage":{"@id":"https:\/\/www.sportshine.eu\/trgovina\/ocala-brn-tr200-polarizirana\/#primaryimage"},"image":{"@id":"https:\/\/www.sportshine.eu\/trgovina\/ocala-brn-tr200-polarizirana\/#primaryimage"},"thumbnailUrl":"https:\/\/www.sportshine.eu\/wp-content\/uploads\/2025\/07\/Kolesarska-ocala.webp","datePublished":"2025-07-07T08:55:30+00:00","dateModified":"2026-01-22T13:18:53+00:00","description":"BRN TR200 polarized glasses are designed for those looking for the ideal combination of protection, comfort and practicality.","breadcrumb":{"@id":"https:\/\/www.sportshine.eu\/trgovina\/ocala-brn-tr200-polarizirana\/#breadcrumb"},"inLanguage":"en-GB","potentialAction":[{"@type":"ReadAction","target":["https:\/\/www.sportshine.eu\/trgovina\/ocala-brn-tr200-polarizirana\/"]}]},{"@type":"ImageObject","inLanguage":"en-GB","@id":"https:\/\/www.sportshine.eu\/trgovina\/ocala-brn-tr200-polarizirana\/#primaryimage","url":"https:\/\/www.sportshine.eu\/wp-content\/uploads\/2025\/07\/Kolesarska-ocala.webp","contentUrl":"https:\/\/www.sportshine.eu\/wp-content\/uploads\/2025\/07\/Kolesarska-ocala.webp","width":800,"height":800},{"@type":"BreadcrumbList","@id":"https:\/\/www.sportshine.eu\/trgovina\/ocala-brn-tr200-polarizirana\/#breadcrumb","itemListElement":[{"@type":"ListItem","position":1,"name":"Home","item":"https:\/\/www.sportshine.eu\/"},{"@type":"ListItem","position":2,"name":"Trgovina","item":"https:\/\/www.sportshine.eu\/trgovina\/"},{"@type":"ListItem","position":3,"name":"O\u010dala BRN TR200 polarizirana"}]},{"@type":"WebSite","@id":"https:\/\/www.sportshine.eu\/#website","url":"https:\/\/www.sportshine.eu\/","name":"Sportshine","description":"Top online store for cycling and head lamps and equipment","publisher":{"@id":"https:\/\/www.sportshine.eu\/#organization"},"potentialAction":[{"@type":"SearchAction","target":{"@type":"EntryPoint","urlTemplate":"https:\/\/www.sportshine.eu\/?s={search_term_string}"},"query-input":{"@type":"PropertyValueSpecification","valueRequired":true,"valueName":"search_term_string"}}],"inLanguage":"en-GB"},{"@type":"Organization","@id":"https:\/\/www.sportshine.eu\/#organization","name":"Sportshine","url":"https:\/\/www.sportshine.eu\/","logo":{"@type":"ImageObject","inLanguage":"en-GB","@id":"https:\/\/www.sportshine.eu\/#\/schema\/logo\/image\/","url":"https:\/\/www.sportshine.eu\/wp-content\/uploads\/2026\/01\/cropped-Sportshine.webp","contentUrl":"https:\/\/www.sportshine.eu\/wp-content\/uploads\/2026\/01\/cropped-Sportshine.webp","width":295,"height":128,"caption":"Sportshine"},"image":{"@id":"https:\/\/www.sportshine.eu\/#\/schema\/logo\/image\/"},"sameAs":["https:\/\/www.facebook.com\/sportshine.eu\/"]}]}},"_links":{"self":[{"href":"https:\/\/www.sportshine.eu\/en\/wp-json\/wp\/v2\/product\/6603","targetHints":{"allow":["GET"]}}],"collection":[{"href":"https:\/\/www.sportshine.eu\/en\/wp-json\/wp\/v2\/product"}],"about":[{"href":"https:\/\/www.sportshine.eu\/en\/wp-json\/wp\/v2\/types\/product"}],"replies":[{"embeddable":true,"href":"https:\/\/www.sportshine.eu\/en\/wp-json\/wp\/v2\/comments?post=6603"}],"version-history":[{"count":0,"href":"https:\/\/www.sportshine.eu\/en\/wp-json\/wp\/v2\/product\/6603\/revisions"}],"wp:featuredmedia":[{"embeddable":true,"href":"https:\/\/www.sportshine.eu\/en\/wp-json\/wp\/v2\/media\/5338"}],"wp:attachment":[{"href":"https:\/\/www.sportshine.eu\/en\/wp-json\/wp\/v2\/media?parent=6603"}],"wp:term":[{"taxonomy":"product_brand","embeddable":true,"href":"https:\/\/www.sportshine.eu\/en\/wp-json\/wp\/v2\/product_brand?post=6603"},{"taxonomy":"product_cat","embeddable":true,"href":"https:\/\/www.sportshine.eu\/en\/wp-json\/wp\/v2\/product_cat?post=6603"},{"taxonomy":"product_tag","embeddable":true,"href":"https:\/\/www.sportshine.eu\/en\/wp-json\/wp\/v2\/product_tag?post=6603"}],"curies":[{"name":"wp","href":"https:\/\/api.w.org\/{rel}","templated":true}]}}