{"id":6472,"date":"2025-07-05T19:57:31","date_gmt":"2025-07-05T19:57:31","guid":{"rendered":"https:\/\/www.sportshine.eu\/?post_type=product&#038;p=6472"},"modified":"2026-01-21T16:42:37","modified_gmt":"2026-01-21T16:42:37","slug":"magicshine-evo-1700-headlight","status":"publish","type":"product","link":"https:\/\/www.sportshine.eu\/en\/shop\/magicshine-evo-1700-headlight\/","title":{"rendered":"Magicshine EVO 1700 front light"},"content":{"rendered":"<h3 style=\"text-align: center;\">VIDEO PRESENTATION OF THE MAGICSHINE EVO 1700 HEADLIGHT<\/h3>\n<p><iframe loading=\"lazy\" title=\"MAGICSHINE EVO 1700 Underneath Mounted Bike Light\" width=\"500\" height=\"281\" src=\"https:\/\/www.youtube.com\/embed\/TylYBCr-Dnc?feature=oembed\" frameborder=\"0\" allow=\"accelerometer; autoplay; clipboard-write; encrypted-media; gyroscope; picture-in-picture; web-share\" referrerpolicy=\"strict-origin-when-cross-origin\" allowfullscreen><\/iframe><\/p>\n<h3 style=\"text-align: center;\">LIGHT YOUR PATH<\/h3>\n<p style=\"text-align: center;\">With an impressive 1700 lumen output in an incredibly compact package, the EVO 1700 is designed specifically for everyday riding in urban environments.<\/p>\n<p><img decoding=\"async\" class=\"aligncenter wp-image-7162\" src=\"https:\/\/www.sportshine.eu\/wp-content\/uploads\/2025\/07\/SPREDNJA-LUC-EVO-1700.webp\" alt=\"\" width=\"800\" height=\"600\" \/><\/p>\n<h3 style=\"text-align: center;\">MAGICSHINE EVO 1700 BIKE LIGHT MOUNTS UNDER THE BRACKET<\/h3>\n<p style=\"text-align: center;\">The lightweight quick-release mount (GoPro) allows you to mount the light under the handlebars and creates space for a cycling computer.<\/p>\n<p><img decoding=\"async\" class=\"aligncenter wp-image-7163\" src=\"https:\/\/www.sportshine.eu\/wp-content\/uploads\/2025\/07\/EVO_1700_10.webp\" alt=\"\" width=\"800\" height=\"600\" \/><\/p>\n<h3 style=\"text-align: center;\">LOW AND HIGH BEAM FUNCTION<\/h3>\n<p style=\"text-align: center;\">Simply press the button twice to change between low and high beam. The unique combination of low and distant high beam allows you to see in a variety of conditions.<\/p>\n<p style=\"text-align: center;\">(Note: Day and night flash mode can only be accessed via the remote control.)<\/p>\n<p><img decoding=\"async\" class=\"aligncenter wp-image-7165\" src=\"https:\/\/www.sportshine.eu\/wp-content\/uploads\/2025\/07\/EVO_1700_1.webp\" alt=\"\" width=\"800\" height=\"600\" \/><\/p>\n<h3 style=\"text-align: center;\">LOW BEAM WITHOUT GLARE FOR ONWARD TRAFFIC<\/h3>\n<p style=\"text-align: center;\">The precisely adjusted low beam emits a clear line of light that directs the light directly onto the road ahead and prevents dazzling oncoming traffic.<\/p>\n<p><img decoding=\"async\" class=\"aligncenter wp-image-7166\" src=\"https:\/\/www.sportshine.eu\/wp-content\/uploads\/2025\/07\/EVO_1700_4.jpg\" alt=\"\" width=\"800\" height=\"600\" \/><\/p>\n<h3 style=\"text-align: center;\">BEAM SETTINGS VIA THE APP<\/h3>\n<p style=\"text-align: center;\">Connect the light to the Magicshine app, add new modes or adjust the brightness to find the perfect lighting for your needs.<\/p>\n<p><img decoding=\"async\" class=\"aligncenter wp-image-7167\" src=\"https:\/\/www.sportshine.eu\/wp-content\/uploads\/2025\/07\/EVO_1300_4.webp\" alt=\"\" width=\"800\" height=\"600\" \/><\/p>\n<h3 style=\"text-align: center;\">WIRELESS REMOTE CONTROL<\/h3>\n<p style=\"text-align: center;\">Instant access to on\/off, mode switching without having to let go of the handlebars.<\/p>\n<p><img decoding=\"async\" class=\"aligncenter wp-image-7168\" src=\"https:\/\/www.sportshine.eu\/wp-content\/uploads\/2025\/07\/EVO_1700_6.webp\" alt=\"\" width=\"800\" height=\"600\" \/><\/p>\n<h3 style=\"text-align: center;\">LOCK FUNCTION<\/h3>\n<p style=\"text-align: center;\">A lock function prevents the light from being accidentally turned on. The light is also equipped with an easy-to-read battery indicator and a mode memory function for quick start-up.<\/p>\n<p><img decoding=\"async\" class=\"aligncenter wp-image-7169\" src=\"https:\/\/www.sportshine.eu\/wp-content\/uploads\/2025\/07\/EVO_1700_13.webp\" alt=\"\" width=\"800\" height=\"600\" \/><\/p>\n<h3 style=\"text-align: center;\">POWERFUL BATTERY WITH USB-C CONNECTOR<\/h3>\n<p style=\"text-align: center;\">The EVO 1700 headlamp features a durable 4000 mAh battery that provides a reliable 11 hours of operation. The battery can be easily charged via the USB-C port.<\/p>\n<p><img decoding=\"async\" class=\"aligncenter wp-image-7170\" src=\"https:\/\/www.sportshine.eu\/wp-content\/uploads\/2025\/07\/EVO_1700_8.webp\" alt=\"\" width=\"800\" height=\"600\" \/><\/p>\n<h3 style=\"text-align: center;\">WATERPROOF ACCORDING TO IPX6 STANDARD<\/h3>\n<p style=\"text-align: center;\">An IPX7 waterproof rating means the light can withstand tough conditions and illuminate the path even in heavy rain.<\/p>\n<p><img decoding=\"async\" class=\"aligncenter wp-image-7171\" src=\"https:\/\/www.sportshine.eu\/wp-content\/uploads\/2025\/07\/EVO_1700_9.webp\" alt=\"\" width=\"800\" height=\"600\" \/><\/p>\n<h3 style=\"text-align: center;\">WHAT DO YOU GET IN THE PACKAGE?<\/h3>\n<p><img decoding=\"async\" class=\"aligncenter wp-image-7172\" src=\"https:\/\/www.sportshine.eu\/wp-content\/uploads\/2025\/07\/EVO_1700_pl.webp\" alt=\"\" width=\"800\" height=\"600\" \/><\/p>","protected":false},"excerpt":{"rendered":"<p>The Magicshine EVO 1700 front light boasts 1700 lumens of light packed into an extremely compact body. It is Magicshine&#039;s first bike light designed to be mounted under a bracket. It supports features such as reflective low and high beam, adapter control, and allows brightness adjustments via the app. With a maximum runtime of 11 hours and IPX6 water resistance, it is ready for all weather conditions. You can charge it with a USB-C charging cable.<\/p>","protected":false},"featured_media":6075,"comment_status":"open","ping_status":"closed","template":"","meta":[],"product_brand":[131],"product_cat":[82,150],"product_tag":[],"class_list":{"0":"post-6472","1":"product","2":"type-product","3":"status-publish","4":"has-post-thumbnail","6":"product_brand-magicshine","7":"product_cat-kolesarske-luci","8":"product_cat-sprednje-kolesarske-luci","10":"first","11":"instock","12":"taxable","13":"shipping-taxable","14":"purchasable","15":"product-type-simple"},"yoast_head":"<!-- This site is optimized with the Yoast SEO plugin v27.3 - https:\/\/yoast.com\/product\/yoast-seo-wordpress\/ -->\n<title>Magicshine EVO 1700 sprednja lu\u010d<\/title>\n<meta name=\"description\" content=\"Z mo\u010djo 1700 lumnov v kompaktnem ohi\u0161ju je EVO 1700 prva kolesarska lu\u010d podjetja Magicshine, zasnovana za monta\u017eo pod krmilo.\" \/>\n<meta name=\"robots\" content=\"index, follow, max-snippet:-1, max-image-preview:large, max-video-preview:-1\" \/>\n<link rel=\"canonical\" href=\"https:\/\/www.sportshine.eu\/en\/shop\/magicshine-evo-1700-headlight\/\" \/>\n<meta property=\"og:locale\" content=\"en_GB\" \/>\n<meta property=\"og:type\" content=\"article\" \/>\n<meta property=\"og:title\" content=\"Magicshine EVO 1700 sprednja lu\u010d\" \/>\n<meta property=\"og:description\" content=\"Z mo\u010djo 1700 lumnov v kompaktnem ohi\u0161ju je EVO 1700 prva kolesarska lu\u010d podjetja Magicshine, zasnovana za monta\u017eo pod krmilo.\" \/>\n<meta property=\"og:url\" content=\"https:\/\/www.sportshine.eu\/en\/shop\/magicshine-evo-1700-headlight\/\" \/>\n<meta property=\"og:site_name\" content=\"Sportshine\" \/>\n<meta property=\"article:publisher\" content=\"https:\/\/www.facebook.com\/sportshine.eu\/\" \/>\n<meta property=\"article:modified_time\" content=\"2026-01-21T16:42:37+00:00\" \/>\n<meta property=\"og:image\" content=\"https:\/\/www.sportshine.eu\/wp-content\/uploads\/2025\/07\/Magicshine-EVO-1700-sprednja-luc.webp\" \/>\n\t<meta property=\"og:image:width\" content=\"800\" \/>\n\t<meta property=\"og:image:height\" content=\"800\" \/>\n\t<meta property=\"og:image:type\" content=\"image\/webp\" \/>\n<meta name=\"twitter:card\" content=\"summary_large_image\" \/>\n<meta name=\"twitter:label1\" content=\"Estimated reading time\" \/>\n\t<meta name=\"twitter:data1\" content=\"4 minutes\" \/>\n<script type=\"application\/ld+json\" class=\"yoast-schema-graph\">{\"@context\":\"https:\\\/\\\/schema.org\",\"@graph\":[{\"@type\":\"WebPage\",\"@id\":\"https:\\\/\\\/www.sportshine.eu\\\/trgovina\\\/magicshine-evo-1700-sprednja-luc\\\/\",\"url\":\"https:\\\/\\\/www.sportshine.eu\\\/trgovina\\\/magicshine-evo-1700-sprednja-luc\\\/\",\"name\":\"Magicshine EVO 1700 sprednja lu\u010d\",\"isPartOf\":{\"@id\":\"https:\\\/\\\/www.sportshine.eu\\\/#website\"},\"primaryImageOfPage\":{\"@id\":\"https:\\\/\\\/www.sportshine.eu\\\/trgovina\\\/magicshine-evo-1700-sprednja-luc\\\/#primaryimage\"},\"image\":{\"@id\":\"https:\\\/\\\/www.sportshine.eu\\\/trgovina\\\/magicshine-evo-1700-sprednja-luc\\\/#primaryimage\"},\"thumbnailUrl\":\"https:\\\/\\\/www.sportshine.eu\\\/wp-content\\\/uploads\\\/2025\\\/07\\\/Magicshine-EVO-1700-sprednja-luc.webp\",\"datePublished\":\"2025-07-05T19:57:31+00:00\",\"dateModified\":\"2026-01-21T16:42:37+00:00\",\"description\":\"Z mo\u010djo 1700 lumnov v kompaktnem ohi\u0161ju je EVO 1700 prva kolesarska lu\u010d podjetja Magicshine, zasnovana za monta\u017eo pod krmilo.\",\"breadcrumb\":{\"@id\":\"https:\\\/\\\/www.sportshine.eu\\\/trgovina\\\/magicshine-evo-1700-sprednja-luc\\\/#breadcrumb\"},\"inLanguage\":\"en-GB\",\"potentialAction\":[{\"@type\":\"ReadAction\",\"target\":[\"https:\\\/\\\/www.sportshine.eu\\\/trgovina\\\/magicshine-evo-1700-sprednja-luc\\\/\"]}]},{\"@type\":\"ImageObject\",\"inLanguage\":\"en-GB\",\"@id\":\"https:\\\/\\\/www.sportshine.eu\\\/trgovina\\\/magicshine-evo-1700-sprednja-luc\\\/#primaryimage\",\"url\":\"https:\\\/\\\/www.sportshine.eu\\\/wp-content\\\/uploads\\\/2025\\\/07\\\/Magicshine-EVO-1700-sprednja-luc.webp\",\"contentUrl\":\"https:\\\/\\\/www.sportshine.eu\\\/wp-content\\\/uploads\\\/2025\\\/07\\\/Magicshine-EVO-1700-sprednja-luc.webp\",\"width\":800,\"height\":800},{\"@type\":\"BreadcrumbList\",\"@id\":\"https:\\\/\\\/www.sportshine.eu\\\/trgovina\\\/magicshine-evo-1700-sprednja-luc\\\/#breadcrumb\",\"itemListElement\":[{\"@type\":\"ListItem\",\"position\":1,\"name\":\"Home\",\"item\":\"https:\\\/\\\/www.sportshine.eu\\\/\"},{\"@type\":\"ListItem\",\"position\":2,\"name\":\"Trgovina\",\"item\":\"https:\\\/\\\/www.sportshine.eu\\\/trgovina\\\/\"},{\"@type\":\"ListItem\",\"position\":3,\"name\":\"Magicshine EVO 1700 sprednja lu\u010d\"}]},{\"@type\":\"WebSite\",\"@id\":\"https:\\\/\\\/www.sportshine.eu\\\/#website\",\"url\":\"https:\\\/\\\/www.sportshine.eu\\\/\",\"name\":\"Sportshine\",\"description\":\"Top spletna trgovina kolesarskih in naglavnih svetilk ter opreme\",\"publisher\":{\"@id\":\"https:\\\/\\\/www.sportshine.eu\\\/#organization\"},\"potentialAction\":[{\"@type\":\"SearchAction\",\"target\":{\"@type\":\"EntryPoint\",\"urlTemplate\":\"https:\\\/\\\/www.sportshine.eu\\\/?s={search_term_string}\"},\"query-input\":{\"@type\":\"PropertyValueSpecification\",\"valueRequired\":true,\"valueName\":\"search_term_string\"}}],\"inLanguage\":\"en-GB\"},{\"@type\":\"Organization\",\"@id\":\"https:\\\/\\\/www.sportshine.eu\\\/#organization\",\"name\":\"Sportshine\",\"url\":\"https:\\\/\\\/www.sportshine.eu\\\/\",\"logo\":{\"@type\":\"ImageObject\",\"inLanguage\":\"en-GB\",\"@id\":\"https:\\\/\\\/www.sportshine.eu\\\/#\\\/schema\\\/logo\\\/image\\\/\",\"url\":\"https:\\\/\\\/www.sportshine.eu\\\/wp-content\\\/uploads\\\/2026\\\/01\\\/cropped-Sportshine.webp\",\"contentUrl\":\"https:\\\/\\\/www.sportshine.eu\\\/wp-content\\\/uploads\\\/2026\\\/01\\\/cropped-Sportshine.webp\",\"width\":295,\"height\":128,\"caption\":\"Sportshine\"},\"image\":{\"@id\":\"https:\\\/\\\/www.sportshine.eu\\\/#\\\/schema\\\/logo\\\/image\\\/\"},\"sameAs\":[\"https:\\\/\\\/www.facebook.com\\\/sportshine.eu\\\/\"]}]}<\/script>\n<!-- \/ Yoast SEO plugin. -->","yoast_head_json":{"title":"Magicshine EVO 1700 front light","description":"With 1700 lumens in a compact package, the EVO 1700 is Magicshine&#039;s first bike light designed to be mounted under the handlebars.","robots":{"index":"index","follow":"follow","max-snippet":"max-snippet:-1","max-image-preview":"max-image-preview:large","max-video-preview":"max-video-preview:-1"},"canonical":"https:\/\/www.sportshine.eu\/en\/shop\/magicshine-evo-1700-headlight\/","og_locale":"en_GB","og_type":"article","og_title":"Magicshine EVO 1700 sprednja lu\u010d","og_description":"Z mo\u010djo 1700 lumnov v kompaktnem ohi\u0161ju je EVO 1700 prva kolesarska lu\u010d podjetja Magicshine, zasnovana za monta\u017eo pod krmilo.","og_url":"https:\/\/www.sportshine.eu\/en\/shop\/magicshine-evo-1700-headlight\/","og_site_name":"Sportshine","article_publisher":"https:\/\/www.facebook.com\/sportshine.eu\/","article_modified_time":"2026-01-21T16:42:37+00:00","og_image":[{"width":800,"height":800,"url":"https:\/\/www.sportshine.eu\/wp-content\/uploads\/2025\/07\/Magicshine-EVO-1700-sprednja-luc.webp","type":"image\/webp"}],"twitter_card":"summary_large_image","twitter_misc":{"Estimated reading time":"4 minutes"},"schema":{"@context":"https:\/\/schema.org","@graph":[{"@type":"WebPage","@id":"https:\/\/www.sportshine.eu\/trgovina\/magicshine-evo-1700-sprednja-luc\/","url":"https:\/\/www.sportshine.eu\/trgovina\/magicshine-evo-1700-sprednja-luc\/","name":"Magicshine EVO 1700 front light","isPartOf":{"@id":"https:\/\/www.sportshine.eu\/#website"},"primaryImageOfPage":{"@id":"https:\/\/www.sportshine.eu\/trgovina\/magicshine-evo-1700-sprednja-luc\/#primaryimage"},"image":{"@id":"https:\/\/www.sportshine.eu\/trgovina\/magicshine-evo-1700-sprednja-luc\/#primaryimage"},"thumbnailUrl":"https:\/\/www.sportshine.eu\/wp-content\/uploads\/2025\/07\/Magicshine-EVO-1700-sprednja-luc.webp","datePublished":"2025-07-05T19:57:31+00:00","dateModified":"2026-01-21T16:42:37+00:00","description":"With 1700 lumens in a compact package, the EVO 1700 is Magicshine&#039;s first bike light designed to be mounted under the handlebars.","breadcrumb":{"@id":"https:\/\/www.sportshine.eu\/trgovina\/magicshine-evo-1700-sprednja-luc\/#breadcrumb"},"inLanguage":"en-GB","potentialAction":[{"@type":"ReadAction","target":["https:\/\/www.sportshine.eu\/trgovina\/magicshine-evo-1700-sprednja-luc\/"]}]},{"@type":"ImageObject","inLanguage":"en-GB","@id":"https:\/\/www.sportshine.eu\/trgovina\/magicshine-evo-1700-sprednja-luc\/#primaryimage","url":"https:\/\/www.sportshine.eu\/wp-content\/uploads\/2025\/07\/Magicshine-EVO-1700-sprednja-luc.webp","contentUrl":"https:\/\/www.sportshine.eu\/wp-content\/uploads\/2025\/07\/Magicshine-EVO-1700-sprednja-luc.webp","width":800,"height":800},{"@type":"BreadcrumbList","@id":"https:\/\/www.sportshine.eu\/trgovina\/magicshine-evo-1700-sprednja-luc\/#breadcrumb","itemListElement":[{"@type":"ListItem","position":1,"name":"Home","item":"https:\/\/www.sportshine.eu\/"},{"@type":"ListItem","position":2,"name":"Trgovina","item":"https:\/\/www.sportshine.eu\/trgovina\/"},{"@type":"ListItem","position":3,"name":"Magicshine EVO 1700 sprednja lu\u010d"}]},{"@type":"WebSite","@id":"https:\/\/www.sportshine.eu\/#website","url":"https:\/\/www.sportshine.eu\/","name":"Sportshine","description":"Top online store for cycling and head lamps and equipment","publisher":{"@id":"https:\/\/www.sportshine.eu\/#organization"},"potentialAction":[{"@type":"SearchAction","target":{"@type":"EntryPoint","urlTemplate":"https:\/\/www.sportshine.eu\/?s={search_term_string}"},"query-input":{"@type":"PropertyValueSpecification","valueRequired":true,"valueName":"search_term_string"}}],"inLanguage":"en-GB"},{"@type":"Organization","@id":"https:\/\/www.sportshine.eu\/#organization","name":"Sportshine","url":"https:\/\/www.sportshine.eu\/","logo":{"@type":"ImageObject","inLanguage":"en-GB","@id":"https:\/\/www.sportshine.eu\/#\/schema\/logo\/image\/","url":"https:\/\/www.sportshine.eu\/wp-content\/uploads\/2026\/01\/cropped-Sportshine.webp","contentUrl":"https:\/\/www.sportshine.eu\/wp-content\/uploads\/2026\/01\/cropped-Sportshine.webp","width":295,"height":128,"caption":"Sportshine"},"image":{"@id":"https:\/\/www.sportshine.eu\/#\/schema\/logo\/image\/"},"sameAs":["https:\/\/www.facebook.com\/sportshine.eu\/"]}]}},"_links":{"self":[{"href":"https:\/\/www.sportshine.eu\/en\/wp-json\/wp\/v2\/product\/6472","targetHints":{"allow":["GET"]}}],"collection":[{"href":"https:\/\/www.sportshine.eu\/en\/wp-json\/wp\/v2\/product"}],"about":[{"href":"https:\/\/www.sportshine.eu\/en\/wp-json\/wp\/v2\/types\/product"}],"replies":[{"embeddable":true,"href":"https:\/\/www.sportshine.eu\/en\/wp-json\/wp\/v2\/comments?post=6472"}],"version-history":[{"count":0,"href":"https:\/\/www.sportshine.eu\/en\/wp-json\/wp\/v2\/product\/6472\/revisions"}],"wp:featuredmedia":[{"embeddable":true,"href":"https:\/\/www.sportshine.eu\/en\/wp-json\/wp\/v2\/media\/6075"}],"wp:attachment":[{"href":"https:\/\/www.sportshine.eu\/en\/wp-json\/wp\/v2\/media?parent=6472"}],"wp:term":[{"taxonomy":"product_brand","embeddable":true,"href":"https:\/\/www.sportshine.eu\/en\/wp-json\/wp\/v2\/product_brand?post=6472"},{"taxonomy":"product_cat","embeddable":true,"href":"https:\/\/www.sportshine.eu\/en\/wp-json\/wp\/v2\/product_cat?post=6472"},{"taxonomy":"product_tag","embeddable":true,"href":"https:\/\/www.sportshine.eu\/en\/wp-json\/wp\/v2\/product_tag?post=6472"}],"curies":[{"name":"wp","href":"https:\/\/api.w.org\/{rel}","templated":true}]}}