{"id":6470,"date":"2025-07-05T19:57:29","date_gmt":"2025-07-05T19:57:29","guid":{"rendered":"https:\/\/www.sportshine.eu\/?post_type=product&#038;p=6470"},"modified":"2026-04-14T10:46:41","modified_gmt":"2026-04-14T10:46:41","slug":"magicshine-monteer-12000-mountain-bike-light","status":"publish","type":"product","link":"https:\/\/www.sportshine.eu\/en\/shop\/magicshine-monteer-12000-mountain-bike-light\/","title":{"rendered":"Magicshine MONTEER 12000 mountain bike light"},"content":{"rendered":"<h3 style=\"text-align: center;\">VIDEO PRESENTATION MAGICSHINE MONTEER 12000<\/h3>\n<p><iframe loading=\"lazy\" title=\"MAGICSHINE MONTEER 12000 Mountain Bike Light\" width=\"500\" height=\"281\" src=\"https:\/\/www.youtube.com\/embed\/XN-63CZaG7s?feature=oembed\" frameborder=\"0\" allow=\"accelerometer; autoplay; clipboard-write; encrypted-media; gyroscope; picture-in-picture; web-share\" referrerpolicy=\"strict-origin-when-cross-origin\" allowfullscreen><\/iframe><\/p>\n<h3><\/h3>\n<h3 style=\"text-align: center;\">CHANGE THE TOPIC TO DAY<\/h3>\n<p style=\"text-align: center;\">Equipped with two separate optical systems featuring five top-of-the-line LEDs, it emits an impressive 12,000 lumens to illuminate your most challenging trails.<\/p>\n<p><img decoding=\"async\" class=\"aligncenter wp-image-7181\" src=\"https:\/\/www.sportshine.eu\/wp-content\/uploads\/2025\/07\/Monteer-12000-kolesarska-luc.webp\" alt=\"\" width=\"800\" height=\"600\" \/><\/p>\n<p>&nbsp;<\/p>\n<h3 style=\"text-align: center;\">GLARE-FREE LIGHT BEAM AND MULTI-ANGLE HEADLIGHT BEAM<\/h3>\n<p style=\"text-align: center;\">The glare-free light beam is precisely adjusted with a break line, allowing you to drive safely in city traffic without blinding oncoming traffic.<br \/>\nA specially designed beam with more than four lens angles provides extensive coverage and range, which is more than enough for challenging terrain.<\/p>\n<p><img decoding=\"async\" class=\"aligncenter wp-image-7182\" src=\"https:\/\/www.sportshine.eu\/wp-content\/uploads\/2025\/07\/MONTEER_12000_3.webp\" alt=\"\" width=\"800\" height=\"600\" \/><\/p>\n<p>&nbsp;<\/p>\n<h3 style=\"text-align: center;\">LONG-LASTING BATTERY WITH FAST CHARGING AND DISCHARGE VIA USB-C<\/h3>\n<p style=\"text-align: center;\">With a powerful 14.4V 10,000 mAh battery pack, the Monteer 12000 boasts an impressive operating time of 121 hours.<br \/>\nThe built-in USB-C connector supports 60W fast power input and output, allowing you to conveniently charge your battery or power your computer, smartphone, and other devices while traveling.<\/p>\n<p><img decoding=\"async\" class=\"aligncenter wp-image-7184 size-full\" src=\"https:\/\/www.sportshine.eu\/wp-content\/uploads\/2025\/07\/MONTEER12000_7-1.webp\" alt=\"\" width=\"800\" height=\"800\" srcset=\"https:\/\/www.sportshine.eu\/wp-content\/uploads\/2025\/07\/MONTEER12000_7-1.webp 800w, https:\/\/www.sportshine.eu\/wp-content\/uploads\/2025\/07\/MONTEER12000_7-1-768x768.webp 768w, https:\/\/www.sportshine.eu\/wp-content\/uploads\/2025\/07\/MONTEER12000_7-1-600x600.webp 600w\" sizes=\"(max-width: 800px) 100vw, 800px\" \/><\/p>\n<p>&nbsp;<\/p>\n<h3 style=\"text-align: center;\">EASY TO READ INDICATOR<\/h3>\n<p style=\"text-align: center;\">The bike light, battery pack and remote control all have an easy-to-read battery status indicator.<\/p>\n<p><img decoding=\"async\" class=\"aligncenter wp-image-7185\" src=\"https:\/\/www.sportshine.eu\/wp-content\/uploads\/2025\/07\/MONTEER_12000_1.webp\" alt=\"\" width=\"800\" height=\"600\" \/><\/p>\n<p>&nbsp;<\/p>\n<h3 style=\"text-align: center;\">WIRELESS REMOTE CONTROL<\/h3>\n<p style=\"text-align: center;\">Control the light using the wireless remote control and switch to full brightness mode with the press of a button.<\/p>\n<p><img decoding=\"async\" class=\"aligncenter wp-image-7186\" src=\"https:\/\/www.sportshine.eu\/wp-content\/uploads\/2025\/07\/MONTEER_12000_4.webp\" alt=\"\" width=\"800\" height=\"600\" \/><\/p>\n<p>&nbsp;<\/p>\n<h3 style=\"text-align: center;\">WORKS WITH THE APP<\/h3>\n<p style=\"text-align: center;\">Connect the lamp to the MAGICSHINE app and adjust the lighting settings to your needs.<\/p>\n<p><img decoding=\"async\" class=\"aligncenter wp-image-7187 size-full\" src=\"https:\/\/www.sportshine.eu\/wp-content\/uploads\/2025\/07\/MONTEER12000_6-1.webp\" alt=\"\" width=\"800\" height=\"800\" srcset=\"https:\/\/www.sportshine.eu\/wp-content\/uploads\/2025\/07\/MONTEER12000_6-1.webp 800w, https:\/\/www.sportshine.eu\/wp-content\/uploads\/2025\/07\/MONTEER12000_6-1-768x768.webp 768w, https:\/\/www.sportshine.eu\/wp-content\/uploads\/2025\/07\/MONTEER12000_6-1-600x600.webp 600w\" sizes=\"(max-width: 800px) 100vw, 800px\" \/><\/p>\n<p>&nbsp;<\/p>\n<h3 style=\"text-align: center;\">ADJUSTABLE LIGHT WITH SECURE MOUNT<\/h3>\n<p style=\"text-align: center;\">The adjustable head of the light allows you to easily adjust the light without tools, while the double-sided handlebar mount keeps the bike light firmly in place, even when riding on very demanding terrain.<\/p>\n<p><img decoding=\"async\" class=\"aligncenter wp-image-7188\" src=\"https:\/\/www.sportshine.eu\/wp-content\/uploads\/2025\/07\/MONTEER_12000_10.webp\" alt=\"\" width=\"800\" height=\"600\" \/><\/p>\n<p>&nbsp;<\/p>\n<h3 style=\"text-align: center;\">CYCLING HELMET LIGHT<\/h3>\n<p style=\"text-align: center;\">A versatile helmet mount is available that securely attaches the light to your helmet.<\/p>\n<p><img decoding=\"async\" class=\"aligncenter wp-image-7189\" src=\"https:\/\/www.sportshine.eu\/wp-content\/uploads\/2025\/07\/MONTEER_12000_6.webp\" alt=\"\" width=\"800\" height=\"600\" \/><\/p>\n<p>&nbsp;<\/p>\n<h3 style=\"text-align: center;\">EFFICIENT COOLING OF THE CYCLING LIGHT<\/h3>\n<p style=\"text-align: center;\">An innovative cooling system with physical air ducting, internal thermal management and cooling fins ensures optimal performance throughout the entire operating period.<\/p>\n<p><img decoding=\"async\" class=\"aligncenter wp-image-7190 size-full\" src=\"https:\/\/www.sportshine.eu\/wp-content\/uploads\/2025\/07\/MONTEER12000_8-1.webp\" alt=\"\" width=\"800\" height=\"800\" srcset=\"https:\/\/www.sportshine.eu\/wp-content\/uploads\/2025\/07\/MONTEER12000_8-1.webp 800w, https:\/\/www.sportshine.eu\/wp-content\/uploads\/2025\/07\/MONTEER12000_8-1-768x768.webp 768w, https:\/\/www.sportshine.eu\/wp-content\/uploads\/2025\/07\/MONTEER12000_8-1-600x600.webp 600w\" sizes=\"(max-width: 800px) 100vw, 800px\" \/><\/p>\n<p>&nbsp;<\/p>\n<h3 style=\"text-align: center;\">WATER RESISTANCE IPX6<\/h3>\n<p style=\"text-align: center;\">Waterproof to IPX6 standard, the Magicshine MONTEER 12000 is ready for all weather conditions.<\/p>\n<p><img decoding=\"async\" class=\"aligncenter wp-image-7191\" src=\"https:\/\/www.sportshine.eu\/wp-content\/uploads\/2025\/07\/Monteer_8000V2.0_5.webp\" alt=\"\" width=\"800\" height=\"600\" \/><\/p>\n<p>&nbsp;<\/p>\n<h3 style=\"text-align: center;\">YOU WILL RECEIVE IN THE PACKAGE<\/h3>\n<p style=\"text-align: center;\">MOUNTER 12000 *1<br \/>\nBattery pack MJ-6398 *1<br \/>\nRemote control MJ-6508 (including strap) *1<br \/>\nHelmet holder *1<br \/>\nDouble-sided handlebar mount *1<br \/>\nNylon spacers *4<br \/>\nCable extension *1<br \/>\nHelmet attachment straps *2<br \/>\nBattery fastening straps *2<br \/>\nUSB-C charging cable *1<br \/>\n3 mm thick hex key *1<br \/>\nWarranty certificate *1<\/p>\n<p><img decoding=\"async\" class=\"aligncenter wp-image-7192\" src=\"https:\/\/www.sportshine.eu\/wp-content\/uploads\/2025\/07\/Monteer_12000_packinglist_2.webp\" alt=\"\" width=\"800\" height=\"600\" \/><\/p>\n<p>&nbsp;<\/p>\n<p>&nbsp;<\/p>","protected":false},"excerpt":{"rendered":"<p>The new MONTEER 12000 is our most powerful bike light yet, designed specifically for mountain biking, trail riding, road racing and city riding.<\/p>\n<p style=\"text-align: left;\">Main features:<br \/>\n\u2714 Maximum lumens: 12000 LM<br \/>\n\u2714 Battery capacity: 14.4V\/10,000mAh (144Wh)<br \/>\n\u2714 Maximum operating time: 121 hours<br \/>\n\u2714 Maximum light range: 360 meters<br \/>\n\u2714 Flood with cutting line and spotlight: Support<br \/>\n\u2714 Water resistance: IPX6<br \/>\n\u2714 Charger: USB-C (charging and discharging)<br \/>\n\u2714 Remote control: Support<br \/>\n\u2714 Customization via app: Support<\/p>\n<p>&nbsp;<\/p>","protected":false},"featured_media":6061,"comment_status":"open","ping_status":"closed","template":"","meta":[],"product_brand":[131],"product_cat":[82,150],"product_tag":[],"class_list":{"0":"post-6470","1":"product","2":"type-product","3":"status-publish","4":"has-post-thumbnail","6":"product_brand-magicshine","7":"product_cat-kolesarske-luci","8":"product_cat-sprednje-kolesarske-luci","10":"first","11":"instock","12":"sale","13":"taxable","14":"shipping-taxable","15":"purchasable","16":"product-type-simple"},"yoast_head":"<!-- This site is optimized with the Yoast SEO plugin v27.3 - https:\/\/yoast.com\/product\/yoast-seo-wordpress\/ -->\n<title>Magicshine MONTEER 12000 | Najmo\u010dnej\u0161a kolesarska lu\u010d<\/title>\n<meta name=\"description\" content=\"Gorska kolesarska lu\u010d MONTEER 12000 je na\u0161a najmo\u010dnej\u0161a kolesarska lu\u010d do zdaj, zasnovana posebej za gorsko kolesarstvo in pre\u010dkanje gorskih poti.\" \/>\n<meta name=\"robots\" content=\"index, follow, max-snippet:-1, max-image-preview:large, max-video-preview:-1\" \/>\n<link rel=\"canonical\" href=\"https:\/\/www.sportshine.eu\/en\/shop\/magicshine-monteer-12000-mountain-bike-light\/\" \/>\n<meta property=\"og:locale\" content=\"en_GB\" \/>\n<meta property=\"og:type\" content=\"article\" \/>\n<meta property=\"og:title\" content=\"Magicshine MONTEER 12000 | Najmo\u010dnej\u0161a kolesarska lu\u010d\" \/>\n<meta property=\"og:description\" content=\"Gorska kolesarska lu\u010d MONTEER 12000 je na\u0161a najmo\u010dnej\u0161a kolesarska lu\u010d do zdaj, zasnovana posebej za gorsko kolesarstvo in pre\u010dkanje gorskih poti.\" \/>\n<meta property=\"og:url\" content=\"https:\/\/www.sportshine.eu\/en\/shop\/magicshine-monteer-12000-mountain-bike-light\/\" \/>\n<meta property=\"og:site_name\" content=\"Sportshine\" \/>\n<meta property=\"article:publisher\" content=\"https:\/\/www.facebook.com\/sportshine.eu\/\" \/>\n<meta property=\"article:modified_time\" content=\"2026-04-14T10:46:41+00:00\" \/>\n<meta property=\"og:image\" content=\"https:\/\/www.sportshine.eu\/wp-content\/uploads\/2025\/07\/MONTEER12000bikeradar.webp\" \/>\n\t<meta property=\"og:image:width\" content=\"800\" \/>\n\t<meta property=\"og:image:height\" content=\"800\" \/>\n\t<meta property=\"og:image:type\" content=\"image\/webp\" \/>\n<meta name=\"twitter:card\" content=\"summary_large_image\" \/>\n<meta name=\"twitter:label1\" content=\"Estimated reading time\" \/>\n\t<meta name=\"twitter:data1\" content=\"5 minutes\" \/>\n<script type=\"application\/ld+json\" class=\"yoast-schema-graph\">{\"@context\":\"https:\\\/\\\/schema.org\",\"@graph\":[{\"@type\":\"WebPage\",\"@id\":\"https:\\\/\\\/www.sportshine.eu\\\/trgovina\\\/magicshine-monteer-12000-gorska-kolesarska-luc\\\/\",\"url\":\"https:\\\/\\\/www.sportshine.eu\\\/trgovina\\\/magicshine-monteer-12000-gorska-kolesarska-luc\\\/\",\"name\":\"Magicshine MONTEER 12000 | Najmo\u010dnej\u0161a kolesarska lu\u010d\",\"isPartOf\":{\"@id\":\"https:\\\/\\\/www.sportshine.eu\\\/#website\"},\"primaryImageOfPage\":{\"@id\":\"https:\\\/\\\/www.sportshine.eu\\\/trgovina\\\/magicshine-monteer-12000-gorska-kolesarska-luc\\\/#primaryimage\"},\"image\":{\"@id\":\"https:\\\/\\\/www.sportshine.eu\\\/trgovina\\\/magicshine-monteer-12000-gorska-kolesarska-luc\\\/#primaryimage\"},\"thumbnailUrl\":\"https:\\\/\\\/www.sportshine.eu\\\/wp-content\\\/uploads\\\/2025\\\/07\\\/MONTEER12000bikeradar.webp\",\"datePublished\":\"2025-07-05T19:57:29+00:00\",\"dateModified\":\"2026-04-14T10:46:41+00:00\",\"description\":\"Gorska kolesarska lu\u010d MONTEER 12000 je na\u0161a najmo\u010dnej\u0161a kolesarska lu\u010d do zdaj, zasnovana posebej za gorsko kolesarstvo in pre\u010dkanje gorskih poti.\",\"breadcrumb\":{\"@id\":\"https:\\\/\\\/www.sportshine.eu\\\/trgovina\\\/magicshine-monteer-12000-gorska-kolesarska-luc\\\/#breadcrumb\"},\"inLanguage\":\"en-GB\",\"potentialAction\":[{\"@type\":\"ReadAction\",\"target\":[\"https:\\\/\\\/www.sportshine.eu\\\/trgovina\\\/magicshine-monteer-12000-gorska-kolesarska-luc\\\/\"]}]},{\"@type\":\"ImageObject\",\"inLanguage\":\"en-GB\",\"@id\":\"https:\\\/\\\/www.sportshine.eu\\\/trgovina\\\/magicshine-monteer-12000-gorska-kolesarska-luc\\\/#primaryimage\",\"url\":\"https:\\\/\\\/www.sportshine.eu\\\/wp-content\\\/uploads\\\/2025\\\/07\\\/MONTEER12000bikeradar.webp\",\"contentUrl\":\"https:\\\/\\\/www.sportshine.eu\\\/wp-content\\\/uploads\\\/2025\\\/07\\\/MONTEER12000bikeradar.webp\",\"width\":800,\"height\":800},{\"@type\":\"BreadcrumbList\",\"@id\":\"https:\\\/\\\/www.sportshine.eu\\\/trgovina\\\/magicshine-monteer-12000-gorska-kolesarska-luc\\\/#breadcrumb\",\"itemListElement\":[{\"@type\":\"ListItem\",\"position\":1,\"name\":\"Home\",\"item\":\"https:\\\/\\\/www.sportshine.eu\\\/\"},{\"@type\":\"ListItem\",\"position\":2,\"name\":\"Trgovina\",\"item\":\"https:\\\/\\\/www.sportshine.eu\\\/trgovina\\\/\"},{\"@type\":\"ListItem\",\"position\":3,\"name\":\"Magicshine MONTEER 12000 gorska kolesarska lu\u010d\"}]},{\"@type\":\"WebSite\",\"@id\":\"https:\\\/\\\/www.sportshine.eu\\\/#website\",\"url\":\"https:\\\/\\\/www.sportshine.eu\\\/\",\"name\":\"Sportshine\",\"description\":\"Top spletna trgovina kolesarskih in naglavnih svetilk ter opreme\",\"publisher\":{\"@id\":\"https:\\\/\\\/www.sportshine.eu\\\/#organization\"},\"potentialAction\":[{\"@type\":\"SearchAction\",\"target\":{\"@type\":\"EntryPoint\",\"urlTemplate\":\"https:\\\/\\\/www.sportshine.eu\\\/?s={search_term_string}\"},\"query-input\":{\"@type\":\"PropertyValueSpecification\",\"valueRequired\":true,\"valueName\":\"search_term_string\"}}],\"inLanguage\":\"en-GB\"},{\"@type\":\"Organization\",\"@id\":\"https:\\\/\\\/www.sportshine.eu\\\/#organization\",\"name\":\"Sportshine\",\"url\":\"https:\\\/\\\/www.sportshine.eu\\\/\",\"logo\":{\"@type\":\"ImageObject\",\"inLanguage\":\"en-GB\",\"@id\":\"https:\\\/\\\/www.sportshine.eu\\\/#\\\/schema\\\/logo\\\/image\\\/\",\"url\":\"https:\\\/\\\/www.sportshine.eu\\\/wp-content\\\/uploads\\\/2026\\\/01\\\/cropped-Sportshine.webp\",\"contentUrl\":\"https:\\\/\\\/www.sportshine.eu\\\/wp-content\\\/uploads\\\/2026\\\/01\\\/cropped-Sportshine.webp\",\"width\":295,\"height\":128,\"caption\":\"Sportshine\"},\"image\":{\"@id\":\"https:\\\/\\\/www.sportshine.eu\\\/#\\\/schema\\\/logo\\\/image\\\/\"},\"sameAs\":[\"https:\\\/\\\/www.facebook.com\\\/sportshine.eu\\\/\"]}]}<\/script>\n<!-- \/ Yoast SEO plugin. -->","yoast_head_json":{"title":"Magicshine MONTEER 12000 | The most powerful bike light","description":"The MONTEER 12000 mountain bike light is our most powerful bike light yet, designed specifically for mountain biking and traversing mountain trails.","robots":{"index":"index","follow":"follow","max-snippet":"max-snippet:-1","max-image-preview":"max-image-preview:large","max-video-preview":"max-video-preview:-1"},"canonical":"https:\/\/www.sportshine.eu\/en\/shop\/magicshine-monteer-12000-mountain-bike-light\/","og_locale":"en_GB","og_type":"article","og_title":"Magicshine MONTEER 12000 | Najmo\u010dnej\u0161a kolesarska lu\u010d","og_description":"Gorska kolesarska lu\u010d MONTEER 12000 je na\u0161a najmo\u010dnej\u0161a kolesarska lu\u010d do zdaj, zasnovana posebej za gorsko kolesarstvo in pre\u010dkanje gorskih poti.","og_url":"https:\/\/www.sportshine.eu\/en\/shop\/magicshine-monteer-12000-mountain-bike-light\/","og_site_name":"Sportshine","article_publisher":"https:\/\/www.facebook.com\/sportshine.eu\/","article_modified_time":"2026-04-14T10:46:41+00:00","og_image":[{"width":800,"height":800,"url":"https:\/\/www.sportshine.eu\/wp-content\/uploads\/2025\/07\/MONTEER12000bikeradar.webp","type":"image\/webp"}],"twitter_card":"summary_large_image","twitter_misc":{"Estimated reading time":"5 minutes"},"schema":{"@context":"https:\/\/schema.org","@graph":[{"@type":"WebPage","@id":"https:\/\/www.sportshine.eu\/trgovina\/magicshine-monteer-12000-gorska-kolesarska-luc\/","url":"https:\/\/www.sportshine.eu\/trgovina\/magicshine-monteer-12000-gorska-kolesarska-luc\/","name":"Magicshine MONTEER 12000 | The most powerful bike light","isPartOf":{"@id":"https:\/\/www.sportshine.eu\/#website"},"primaryImageOfPage":{"@id":"https:\/\/www.sportshine.eu\/trgovina\/magicshine-monteer-12000-gorska-kolesarska-luc\/#primaryimage"},"image":{"@id":"https:\/\/www.sportshine.eu\/trgovina\/magicshine-monteer-12000-gorska-kolesarska-luc\/#primaryimage"},"thumbnailUrl":"https:\/\/www.sportshine.eu\/wp-content\/uploads\/2025\/07\/MONTEER12000bikeradar.webp","datePublished":"2025-07-05T19:57:29+00:00","dateModified":"2026-04-14T10:46:41+00:00","description":"The MONTEER 12000 mountain bike light is our most powerful bike light yet, designed specifically for mountain biking and traversing mountain trails.","breadcrumb":{"@id":"https:\/\/www.sportshine.eu\/trgovina\/magicshine-monteer-12000-gorska-kolesarska-luc\/#breadcrumb"},"inLanguage":"en-GB","potentialAction":[{"@type":"ReadAction","target":["https:\/\/www.sportshine.eu\/trgovina\/magicshine-monteer-12000-gorska-kolesarska-luc\/"]}]},{"@type":"ImageObject","inLanguage":"en-GB","@id":"https:\/\/www.sportshine.eu\/trgovina\/magicshine-monteer-12000-gorska-kolesarska-luc\/#primaryimage","url":"https:\/\/www.sportshine.eu\/wp-content\/uploads\/2025\/07\/MONTEER12000bikeradar.webp","contentUrl":"https:\/\/www.sportshine.eu\/wp-content\/uploads\/2025\/07\/MONTEER12000bikeradar.webp","width":800,"height":800},{"@type":"BreadcrumbList","@id":"https:\/\/www.sportshine.eu\/trgovina\/magicshine-monteer-12000-gorska-kolesarska-luc\/#breadcrumb","itemListElement":[{"@type":"ListItem","position":1,"name":"Home","item":"https:\/\/www.sportshine.eu\/"},{"@type":"ListItem","position":2,"name":"Trgovina","item":"https:\/\/www.sportshine.eu\/trgovina\/"},{"@type":"ListItem","position":3,"name":"Magicshine MONTEER 12000 gorska kolesarska lu\u010d"}]},{"@type":"WebSite","@id":"https:\/\/www.sportshine.eu\/#website","url":"https:\/\/www.sportshine.eu\/","name":"Sportshine","description":"Top online store for cycling and head lamps and equipment","publisher":{"@id":"https:\/\/www.sportshine.eu\/#organization"},"potentialAction":[{"@type":"SearchAction","target":{"@type":"EntryPoint","urlTemplate":"https:\/\/www.sportshine.eu\/?s={search_term_string}"},"query-input":{"@type":"PropertyValueSpecification","valueRequired":true,"valueName":"search_term_string"}}],"inLanguage":"en-GB"},{"@type":"Organization","@id":"https:\/\/www.sportshine.eu\/#organization","name":"Sportshine","url":"https:\/\/www.sportshine.eu\/","logo":{"@type":"ImageObject","inLanguage":"en-GB","@id":"https:\/\/www.sportshine.eu\/#\/schema\/logo\/image\/","url":"https:\/\/www.sportshine.eu\/wp-content\/uploads\/2026\/01\/cropped-Sportshine.webp","contentUrl":"https:\/\/www.sportshine.eu\/wp-content\/uploads\/2026\/01\/cropped-Sportshine.webp","width":295,"height":128,"caption":"Sportshine"},"image":{"@id":"https:\/\/www.sportshine.eu\/#\/schema\/logo\/image\/"},"sameAs":["https:\/\/www.facebook.com\/sportshine.eu\/"]}]}},"_links":{"self":[{"href":"https:\/\/www.sportshine.eu\/en\/wp-json\/wp\/v2\/product\/6470","targetHints":{"allow":["GET"]}}],"collection":[{"href":"https:\/\/www.sportshine.eu\/en\/wp-json\/wp\/v2\/product"}],"about":[{"href":"https:\/\/www.sportshine.eu\/en\/wp-json\/wp\/v2\/types\/product"}],"replies":[{"embeddable":true,"href":"https:\/\/www.sportshine.eu\/en\/wp-json\/wp\/v2\/comments?post=6470"}],"version-history":[{"count":1,"href":"https:\/\/www.sportshine.eu\/en\/wp-json\/wp\/v2\/product\/6470\/revisions"}],"predecessor-version":[{"id":10362,"href":"https:\/\/www.sportshine.eu\/en\/wp-json\/wp\/v2\/product\/6470\/revisions\/10362"}],"wp:featuredmedia":[{"embeddable":true,"href":"https:\/\/www.sportshine.eu\/en\/wp-json\/wp\/v2\/media\/6061"}],"wp:attachment":[{"href":"https:\/\/www.sportshine.eu\/en\/wp-json\/wp\/v2\/media?parent=6470"}],"wp:term":[{"taxonomy":"product_brand","embeddable":true,"href":"https:\/\/www.sportshine.eu\/en\/wp-json\/wp\/v2\/product_brand?post=6470"},{"taxonomy":"product_cat","embeddable":true,"href":"https:\/\/www.sportshine.eu\/en\/wp-json\/wp\/v2\/product_cat?post=6470"},{"taxonomy":"product_tag","embeddable":true,"href":"https:\/\/www.sportshine.eu\/en\/wp-json\/wp\/v2\/product_tag?post=6470"}],"curies":[{"name":"wp","href":"https:\/\/api.w.org\/{rel}","templated":true}]}}