{"id":6469,"date":"2025-07-05T19:57:28","date_gmt":"2025-07-05T19:57:28","guid":{"rendered":"https:\/\/www.sportshine.eu\/?post_type=product&#038;p=6469"},"modified":"2025-08-09T22:50:41","modified_gmt":"2025-08-09T22:50:41","slug":"front-light-magicshine-monteer-6500s-zeus-v2-0","status":"publish","type":"product","link":"https:\/\/www.sportshine.eu\/en\/shop\/front-light-magicshine-monteer-6500s-zeus-v2-0\/","title":{"rendered":"Magicshine MONTEER 6500S ZEUS V2.0 front light"},"content":{"rendered":"<h3 style=\"text-align: center;\">NEW STEP, NEW PATH<\/h3>\n<p style=\"text-align: center;\">This is the updated version of the MONTEER 6500S Remote. Now you can control this nocturnal beast with a small and flexible wireless remote control. Discover exciting night adventures and chase away the darkness with the MONTEER 6500S V2.0 when cycling, skiing and various other outdoor activities.<\/p>\n<p><img decoding=\"async\" class=\"aligncenter wp-image-7779 size-full\" src=\"https:\/\/www.sportshine.eu\/wp-content\/uploads\/2025\/07\/Monteer-6500S-ZEUS-1.webp\" alt=\"\" width=\"800\" height=\"800\" srcset=\"https:\/\/www.sportshine.eu\/wp-content\/uploads\/2025\/07\/Monteer-6500S-ZEUS-1.webp 800w, https:\/\/www.sportshine.eu\/wp-content\/uploads\/2025\/07\/Monteer-6500S-ZEUS-1-768x768.webp 768w, https:\/\/www.sportshine.eu\/wp-content\/uploads\/2025\/07\/Monteer-6500S-ZEUS-1-600x600.webp 600w\" sizes=\"(max-width: 800px) 100vw, 800px\" \/><\/p>\n<h3 style=\"text-align: center;\">THE BEST ADVENTURE COMPANION<\/h3>\n<p style=\"text-align: center;\">Various mode settings suit all riding conditions. Suitable for downhill, mountain biking (MTB), trail riding, enduro and exploring remote areas.<\/p>\n<p><img decoding=\"async\" class=\"aligncenter wp-image-7780 size-full\" src=\"https:\/\/www.sportshine.eu\/wp-content\/uploads\/2025\/07\/Monteer-6500S-ZEUS-2.webp\" alt=\"Mounter 6500S ZEUS \" width=\"800\" height=\"800\" srcset=\"https:\/\/www.sportshine.eu\/wp-content\/uploads\/2025\/07\/Monteer-6500S-ZEUS-2.webp 800w, https:\/\/www.sportshine.eu\/wp-content\/uploads\/2025\/07\/Monteer-6500S-ZEUS-2-768x768.webp 768w, https:\/\/www.sportshine.eu\/wp-content\/uploads\/2025\/07\/Monteer-6500S-ZEUS-2-600x600.webp 600w\" sizes=\"(max-width: 800px) 100vw, 800px\" \/><\/p>\n<h3 style=\"text-align: center;\">ENDURANCE<\/h3>\n<p style=\"text-align: center;\">Equipped with a durable 10,000 mAh battery (type 21700), which extends the time of night adventures up to 2 hours at maximum brightness.<\/p>\n<h3 style=\"text-align: center;\">WATER RESISTANCE IPX5<\/h3>\n<p style=\"text-align: center;\">Robust and compact design with IPX5 water resistance that withstands even the most demanding weather conditions.<\/p>\n<h3 style=\"text-align: center;\">IN THE PACKAGE<\/h3>\n<p><img decoding=\"async\" class=\"aligncenter wp-image-7783 size-full\" src=\"https:\/\/www.sportshine.eu\/wp-content\/uploads\/2025\/07\/Monteer-6500S-ZEUS-3-e1754413922580.webp\" alt=\"\" width=\"773\" height=\"623\" srcset=\"https:\/\/www.sportshine.eu\/wp-content\/uploads\/2025\/07\/Monteer-6500S-ZEUS-3-e1754413922580.webp 773w, https:\/\/www.sportshine.eu\/wp-content\/uploads\/2025\/07\/Monteer-6500S-ZEUS-3-e1754413922580-768x619.webp 768w, https:\/\/www.sportshine.eu\/wp-content\/uploads\/2025\/07\/Monteer-6500S-ZEUS-3-e1754413922580-600x484.webp 600w\" sizes=\"(max-width: 773px) 100vw, 773px\" \/><\/p>\n<p>&nbsp;<\/p>","protected":false},"excerpt":{"rendered":"<p>Extremely powerful flashlight with a maximum brightness of 6500 lumens and up to 40 hours of operation. Equipped with a powerful 10,000 mAh battery and convenient USB-C charging. Waterproof to IPX5 standard and weighing only 431 g, making it perfect for all your nighttime outdoor adventures.<\/p>","protected":false},"featured_media":6054,"comment_status":"closed","ping_status":"closed","template":"","meta":[],"product_brand":[],"product_cat":[82,150],"product_tag":[],"class_list":{"0":"post-6469","1":"product","2":"type-product","3":"status-publish","4":"has-post-thumbnail","6":"product_cat-kolesarske-luci","7":"product_cat-sprednje-kolesarske-luci","9":"first","10":"onbackorder","11":"taxable","12":"shipping-taxable","13":"purchasable","14":"product-type-simple"},"yoast_head":"<!-- This site is optimized with the Yoast SEO plugin v27.3 - https:\/\/yoast.com\/product\/yoast-seo-wordpress\/ -->\n<title>Sprednja lu\u010d Magicshine MONTEER 6500S ZEUS V2.0<\/title>\n<meta name=\"description\" content=\"Odkrij no\u010dne pustolov\u0161\u010dine in pre\u017eeni temo z neverjetno kolesarsko svetilko Monteer ZEUS 6500S. Priporo\u010damo za kolesarjenje, smu\u010danje in \u0161portne aktivnosti.\" \/>\n<meta name=\"robots\" content=\"index, follow, max-snippet:-1, max-image-preview:large, max-video-preview:-1\" \/>\n<link rel=\"canonical\" href=\"https:\/\/www.sportshine.eu\/en\/shop\/front-light-magicshine-monteer-6500s-zeus-v2-0\/\" \/>\n<meta property=\"og:locale\" content=\"en_GB\" \/>\n<meta property=\"og:type\" content=\"article\" \/>\n<meta property=\"og:title\" content=\"Sprednja lu\u010d Magicshine MONTEER 6500S ZEUS V2.0\" \/>\n<meta property=\"og:description\" content=\"Odkrij no\u010dne pustolov\u0161\u010dine in pre\u017eeni temo z neverjetno kolesarsko svetilko Monteer ZEUS 6500S. Priporo\u010damo za kolesarjenje, smu\u010danje in \u0161portne aktivnosti.\" \/>\n<meta property=\"og:url\" content=\"https:\/\/www.sportshine.eu\/en\/shop\/front-light-magicshine-monteer-6500s-zeus-v2-0\/\" \/>\n<meta property=\"og:site_name\" content=\"Sportshine\" \/>\n<meta property=\"article:publisher\" content=\"https:\/\/www.facebook.com\/sportshine.eu\/\" \/>\n<meta property=\"article:modified_time\" content=\"2025-08-09T22:50:41+00:00\" \/>\n<meta property=\"og:image\" content=\"https:\/\/www.sportshine.eu\/wp-content\/uploads\/2025\/07\/Magicshine-Monteer-6500S-.webp\" \/>\n\t<meta property=\"og:image:width\" content=\"800\" \/>\n\t<meta property=\"og:image:height\" content=\"800\" \/>\n\t<meta property=\"og:image:type\" content=\"image\/webp\" \/>\n<meta name=\"twitter:card\" content=\"summary_large_image\" \/>\n<meta name=\"twitter:label1\" content=\"Estimated reading time\" \/>\n\t<meta name=\"twitter:data1\" content=\"2 minutes\" \/>\n<script type=\"application\/ld+json\" class=\"yoast-schema-graph\">{\"@context\":\"https:\\\/\\\/schema.org\",\"@graph\":[{\"@type\":\"WebPage\",\"@id\":\"https:\\\/\\\/www.sportshine.eu\\\/trgovina\\\/sprednja-luc-magicshine-monteer-6500s-zeus-v2-0\\\/\",\"url\":\"https:\\\/\\\/www.sportshine.eu\\\/trgovina\\\/sprednja-luc-magicshine-monteer-6500s-zeus-v2-0\\\/\",\"name\":\"Sprednja lu\u010d Magicshine MONTEER 6500S ZEUS V2.0\",\"isPartOf\":{\"@id\":\"https:\\\/\\\/www.sportshine.eu\\\/#website\"},\"primaryImageOfPage\":{\"@id\":\"https:\\\/\\\/www.sportshine.eu\\\/trgovina\\\/sprednja-luc-magicshine-monteer-6500s-zeus-v2-0\\\/#primaryimage\"},\"image\":{\"@id\":\"https:\\\/\\\/www.sportshine.eu\\\/trgovina\\\/sprednja-luc-magicshine-monteer-6500s-zeus-v2-0\\\/#primaryimage\"},\"thumbnailUrl\":\"https:\\\/\\\/www.sportshine.eu\\\/wp-content\\\/uploads\\\/2025\\\/07\\\/Magicshine-Monteer-6500S-.webp\",\"datePublished\":\"2025-07-05T19:57:28+00:00\",\"dateModified\":\"2025-08-09T22:50:41+00:00\",\"description\":\"Odkrij no\u010dne pustolov\u0161\u010dine in pre\u017eeni temo z neverjetno kolesarsko svetilko Monteer ZEUS 6500S. Priporo\u010damo za kolesarjenje, smu\u010danje in \u0161portne aktivnosti.\",\"breadcrumb\":{\"@id\":\"https:\\\/\\\/www.sportshine.eu\\\/trgovina\\\/sprednja-luc-magicshine-monteer-6500s-zeus-v2-0\\\/#breadcrumb\"},\"inLanguage\":\"en-GB\",\"potentialAction\":[{\"@type\":\"ReadAction\",\"target\":[\"https:\\\/\\\/www.sportshine.eu\\\/trgovina\\\/sprednja-luc-magicshine-monteer-6500s-zeus-v2-0\\\/\"]}]},{\"@type\":\"ImageObject\",\"inLanguage\":\"en-GB\",\"@id\":\"https:\\\/\\\/www.sportshine.eu\\\/trgovina\\\/sprednja-luc-magicshine-monteer-6500s-zeus-v2-0\\\/#primaryimage\",\"url\":\"https:\\\/\\\/www.sportshine.eu\\\/wp-content\\\/uploads\\\/2025\\\/07\\\/Magicshine-Monteer-6500S-.webp\",\"contentUrl\":\"https:\\\/\\\/www.sportshine.eu\\\/wp-content\\\/uploads\\\/2025\\\/07\\\/Magicshine-Monteer-6500S-.webp\",\"width\":800,\"height\":800},{\"@type\":\"BreadcrumbList\",\"@id\":\"https:\\\/\\\/www.sportshine.eu\\\/trgovina\\\/sprednja-luc-magicshine-monteer-6500s-zeus-v2-0\\\/#breadcrumb\",\"itemListElement\":[{\"@type\":\"ListItem\",\"position\":1,\"name\":\"Home\",\"item\":\"https:\\\/\\\/www.sportshine.eu\\\/\"},{\"@type\":\"ListItem\",\"position\":2,\"name\":\"Trgovina\",\"item\":\"https:\\\/\\\/www.sportshine.eu\\\/trgovina\\\/\"},{\"@type\":\"ListItem\",\"position\":3,\"name\":\"Sprednja lu\u010d Magicshine MONTEER 6500S ZEUS V2.0\"}]},{\"@type\":\"WebSite\",\"@id\":\"https:\\\/\\\/www.sportshine.eu\\\/#website\",\"url\":\"https:\\\/\\\/www.sportshine.eu\\\/\",\"name\":\"Sportshine\",\"description\":\"Top spletna trgovina kolesarskih in naglavnih svetilk ter opreme\",\"publisher\":{\"@id\":\"https:\\\/\\\/www.sportshine.eu\\\/#organization\"},\"potentialAction\":[{\"@type\":\"SearchAction\",\"target\":{\"@type\":\"EntryPoint\",\"urlTemplate\":\"https:\\\/\\\/www.sportshine.eu\\\/?s={search_term_string}\"},\"query-input\":{\"@type\":\"PropertyValueSpecification\",\"valueRequired\":true,\"valueName\":\"search_term_string\"}}],\"inLanguage\":\"en-GB\"},{\"@type\":\"Organization\",\"@id\":\"https:\\\/\\\/www.sportshine.eu\\\/#organization\",\"name\":\"Sportshine\",\"url\":\"https:\\\/\\\/www.sportshine.eu\\\/\",\"logo\":{\"@type\":\"ImageObject\",\"inLanguage\":\"en-GB\",\"@id\":\"https:\\\/\\\/www.sportshine.eu\\\/#\\\/schema\\\/logo\\\/image\\\/\",\"url\":\"https:\\\/\\\/www.sportshine.eu\\\/wp-content\\\/uploads\\\/2026\\\/01\\\/cropped-Sportshine.webp\",\"contentUrl\":\"https:\\\/\\\/www.sportshine.eu\\\/wp-content\\\/uploads\\\/2026\\\/01\\\/cropped-Sportshine.webp\",\"width\":295,\"height\":128,\"caption\":\"Sportshine\"},\"image\":{\"@id\":\"https:\\\/\\\/www.sportshine.eu\\\/#\\\/schema\\\/logo\\\/image\\\/\"},\"sameAs\":[\"https:\\\/\\\/www.facebook.com\\\/sportshine.eu\\\/\"]}]}<\/script>\n<!-- \/ Yoast SEO plugin. -->","yoast_head_json":{"title":"Magicshine MONTEER 6500S ZEUS V2.0 front light","description":"Discover nighttime adventures and chase away the darkness with the incredible Monteer ZEUS 6500S bicycle light. Recommended for cycling, skiing and sports activities.","robots":{"index":"index","follow":"follow","max-snippet":"max-snippet:-1","max-image-preview":"max-image-preview:large","max-video-preview":"max-video-preview:-1"},"canonical":"https:\/\/www.sportshine.eu\/en\/shop\/front-light-magicshine-monteer-6500s-zeus-v2-0\/","og_locale":"en_GB","og_type":"article","og_title":"Sprednja lu\u010d Magicshine MONTEER 6500S ZEUS V2.0","og_description":"Odkrij no\u010dne pustolov\u0161\u010dine in pre\u017eeni temo z neverjetno kolesarsko svetilko Monteer ZEUS 6500S. Priporo\u010damo za kolesarjenje, smu\u010danje in \u0161portne aktivnosti.","og_url":"https:\/\/www.sportshine.eu\/en\/shop\/front-light-magicshine-monteer-6500s-zeus-v2-0\/","og_site_name":"Sportshine","article_publisher":"https:\/\/www.facebook.com\/sportshine.eu\/","article_modified_time":"2025-08-09T22:50:41+00:00","og_image":[{"width":800,"height":800,"url":"https:\/\/www.sportshine.eu\/wp-content\/uploads\/2025\/07\/Magicshine-Monteer-6500S-.webp","type":"image\/webp"}],"twitter_card":"summary_large_image","twitter_misc":{"Estimated reading time":"2 minutes"},"schema":{"@context":"https:\/\/schema.org","@graph":[{"@type":"WebPage","@id":"https:\/\/www.sportshine.eu\/trgovina\/sprednja-luc-magicshine-monteer-6500s-zeus-v2-0\/","url":"https:\/\/www.sportshine.eu\/trgovina\/sprednja-luc-magicshine-monteer-6500s-zeus-v2-0\/","name":"Magicshine MONTEER 6500S ZEUS V2.0 front light","isPartOf":{"@id":"https:\/\/www.sportshine.eu\/#website"},"primaryImageOfPage":{"@id":"https:\/\/www.sportshine.eu\/trgovina\/sprednja-luc-magicshine-monteer-6500s-zeus-v2-0\/#primaryimage"},"image":{"@id":"https:\/\/www.sportshine.eu\/trgovina\/sprednja-luc-magicshine-monteer-6500s-zeus-v2-0\/#primaryimage"},"thumbnailUrl":"https:\/\/www.sportshine.eu\/wp-content\/uploads\/2025\/07\/Magicshine-Monteer-6500S-.webp","datePublished":"2025-07-05T19:57:28+00:00","dateModified":"2025-08-09T22:50:41+00:00","description":"Discover nighttime adventures and chase away the darkness with the incredible Monteer ZEUS 6500S bicycle light. Recommended for cycling, skiing and sports activities.","breadcrumb":{"@id":"https:\/\/www.sportshine.eu\/trgovina\/sprednja-luc-magicshine-monteer-6500s-zeus-v2-0\/#breadcrumb"},"inLanguage":"en-GB","potentialAction":[{"@type":"ReadAction","target":["https:\/\/www.sportshine.eu\/trgovina\/sprednja-luc-magicshine-monteer-6500s-zeus-v2-0\/"]}]},{"@type":"ImageObject","inLanguage":"en-GB","@id":"https:\/\/www.sportshine.eu\/trgovina\/sprednja-luc-magicshine-monteer-6500s-zeus-v2-0\/#primaryimage","url":"https:\/\/www.sportshine.eu\/wp-content\/uploads\/2025\/07\/Magicshine-Monteer-6500S-.webp","contentUrl":"https:\/\/www.sportshine.eu\/wp-content\/uploads\/2025\/07\/Magicshine-Monteer-6500S-.webp","width":800,"height":800},{"@type":"BreadcrumbList","@id":"https:\/\/www.sportshine.eu\/trgovina\/sprednja-luc-magicshine-monteer-6500s-zeus-v2-0\/#breadcrumb","itemListElement":[{"@type":"ListItem","position":1,"name":"Home","item":"https:\/\/www.sportshine.eu\/"},{"@type":"ListItem","position":2,"name":"Trgovina","item":"https:\/\/www.sportshine.eu\/trgovina\/"},{"@type":"ListItem","position":3,"name":"Sprednja lu\u010d Magicshine MONTEER 6500S ZEUS V2.0"}]},{"@type":"WebSite","@id":"https:\/\/www.sportshine.eu\/#website","url":"https:\/\/www.sportshine.eu\/","name":"Sportshine","description":"Top online store for cycling and head lamps and equipment","publisher":{"@id":"https:\/\/www.sportshine.eu\/#organization"},"potentialAction":[{"@type":"SearchAction","target":{"@type":"EntryPoint","urlTemplate":"https:\/\/www.sportshine.eu\/?s={search_term_string}"},"query-input":{"@type":"PropertyValueSpecification","valueRequired":true,"valueName":"search_term_string"}}],"inLanguage":"en-GB"},{"@type":"Organization","@id":"https:\/\/www.sportshine.eu\/#organization","name":"Sportshine","url":"https:\/\/www.sportshine.eu\/","logo":{"@type":"ImageObject","inLanguage":"en-GB","@id":"https:\/\/www.sportshine.eu\/#\/schema\/logo\/image\/","url":"https:\/\/www.sportshine.eu\/wp-content\/uploads\/2026\/01\/cropped-Sportshine.webp","contentUrl":"https:\/\/www.sportshine.eu\/wp-content\/uploads\/2026\/01\/cropped-Sportshine.webp","width":295,"height":128,"caption":"Sportshine"},"image":{"@id":"https:\/\/www.sportshine.eu\/#\/schema\/logo\/image\/"},"sameAs":["https:\/\/www.facebook.com\/sportshine.eu\/"]}]}},"_links":{"self":[{"href":"https:\/\/www.sportshine.eu\/en\/wp-json\/wp\/v2\/product\/6469","targetHints":{"allow":["GET"]}}],"collection":[{"href":"https:\/\/www.sportshine.eu\/en\/wp-json\/wp\/v2\/product"}],"about":[{"href":"https:\/\/www.sportshine.eu\/en\/wp-json\/wp\/v2\/types\/product"}],"replies":[{"embeddable":true,"href":"https:\/\/www.sportshine.eu\/en\/wp-json\/wp\/v2\/comments?post=6469"}],"version-history":[{"count":0,"href":"https:\/\/www.sportshine.eu\/en\/wp-json\/wp\/v2\/product\/6469\/revisions"}],"wp:featuredmedia":[{"embeddable":true,"href":"https:\/\/www.sportshine.eu\/en\/wp-json\/wp\/v2\/media\/6054"}],"wp:attachment":[{"href":"https:\/\/www.sportshine.eu\/en\/wp-json\/wp\/v2\/media?parent=6469"}],"wp:term":[{"taxonomy":"product_brand","embeddable":true,"href":"https:\/\/www.sportshine.eu\/en\/wp-json\/wp\/v2\/product_brand?post=6469"},{"taxonomy":"product_cat","embeddable":true,"href":"https:\/\/www.sportshine.eu\/en\/wp-json\/wp\/v2\/product_cat?post=6469"},{"taxonomy":"product_tag","embeddable":true,"href":"https:\/\/www.sportshine.eu\/en\/wp-json\/wp\/v2\/product_tag?post=6469"}],"curies":[{"name":"wp","href":"https:\/\/api.w.org\/{rel}","templated":true}]}}