{"id":6468,"date":"2025-07-05T19:57:27","date_gmt":"2025-07-05T19:57:27","guid":{"rendered":"https:\/\/www.sportshine.eu\/?post_type=product&#038;p=6468"},"modified":"2026-04-19T09:15:42","modified_gmt":"2026-04-19T09:15:42","slug":"magicshine-ray-2600b-bicycle-light","status":"publish","type":"product","link":"https:\/\/www.sportshine.eu\/en\/shop\/magicshine-ray-2600b-bicycle-light\/","title":{"rendered":"Magicshine RAY 2600B bicycle light"},"content":{"rendered":"<p><img decoding=\"async\" class=\"wp-image-7195 size-full aligncenter\" src=\"https:\/\/www.sportshine.eu\/wp-content\/uploads\/2025\/07\/magicshine_bike_light_ray_2600.webp\" alt=\"\" width=\"1024\" height=\"439\" srcset=\"https:\/\/www.sportshine.eu\/wp-content\/uploads\/2025\/07\/magicshine_bike_light_ray_2600.webp 1024w, https:\/\/www.sportshine.eu\/wp-content\/uploads\/2025\/07\/magicshine_bike_light_ray_2600-768x329.webp 768w, https:\/\/www.sportshine.eu\/wp-content\/uploads\/2025\/07\/magicshine_bike_light_ray_2600-600x257.webp 600w\" sizes=\"(max-width: 1024px) 100vw, 1024px\" \/><\/p>\n<h3 style=\"text-align: center;\">VIDEO PRESENTATION OF MAGICSHINE RAY 2600B<\/h3>\n<p><iframe loading=\"lazy\" title=\"MAGICSHINE RAY 1600B &amp; RAY 2600B Bike Front Light (Wireless Remote Version)\" width=\"500\" height=\"281\" src=\"https:\/\/www.youtube.com\/embed\/PZxC-ykV2Lw?feature=oembed\" frameborder=\"0\" allow=\"accelerometer; autoplay; clipboard-write; encrypted-media; gyroscope; picture-in-picture; web-share\" referrerpolicy=\"strict-origin-when-cross-origin\" allowfullscreen><\/iframe><\/p>\n<h3 style=\"text-align: center;\">LIGHT YOUR PATH<\/h3>\n<p style=\"text-align: center;\">With two LED headlights emitting up to 2600 lumens, the RAY 2600B helps you safely through any situation.<\/p>\n<p><img decoding=\"async\" class=\"aligncenter wp-image-7196 size-full\" src=\"https:\/\/www.sportshine.eu\/wp-content\/uploads\/2025\/07\/2600B2-1.webp\" alt=\"\" width=\"800\" height=\"800\" srcset=\"https:\/\/www.sportshine.eu\/wp-content\/uploads\/2025\/07\/2600B2-1.webp 800w, https:\/\/www.sportshine.eu\/wp-content\/uploads\/2025\/07\/2600B2-1-768x768.webp 768w, https:\/\/www.sportshine.eu\/wp-content\/uploads\/2025\/07\/2600B2-1-600x600.webp 600w\" sizes=\"(max-width: 800px) 100vw, 800px\" \/><\/p>\n<h3 style=\"text-align: center;\">COMBINED OPERATION OF SPOTLIGHT AND HYBRID MODE<\/h3>\n<p style=\"text-align: center;\">The short-range spotlight and long-range hybrid provide excellent trail coverage. More than enough to tackle city streets and challenging terrain.<\/p>\n<p><img decoding=\"async\" class=\"aligncenter wp-image-7197\" src=\"https:\/\/www.sportshine.eu\/wp-content\/uploads\/2025\/07\/RAY_2600B_1.webp\" alt=\"\" width=\"800\" height=\"600\" \/><\/p>\n<h3 style=\"text-align: center;\">INSTALL THE APP<\/h3>\n<p style=\"text-align: center;\">Connect the RAY 2600B bike light to the Magicshine app, add new modes or adjust the brightness to your liking.<\/p>\n<p><img decoding=\"async\" class=\"aligncenter wp-image-7198 size-full\" src=\"https:\/\/www.sportshine.eu\/wp-content\/uploads\/2025\/07\/RAY_2600B_3-1.webp\" alt=\"\" width=\"800\" height=\"800\" srcset=\"https:\/\/www.sportshine.eu\/wp-content\/uploads\/2025\/07\/RAY_2600B_3-1.webp 800w, https:\/\/www.sportshine.eu\/wp-content\/uploads\/2025\/07\/RAY_2600B_3-1-768x768.webp 768w, https:\/\/www.sportshine.eu\/wp-content\/uploads\/2025\/07\/RAY_2600B_3-1-600x600.webp 600w\" sizes=\"(max-width: 800px) 100vw, 800px\" \/><\/p>\n<h3 style=\"text-align: center;\">BUILT-IN SMART SENSOR<\/h3>\n<p style=\"text-align: center;\">With a built-in smart sensor, the light will automatically switch to a brighter beam when entering a tunnel or switch to sleep mode during a stop to conserve energy.<\/p>\n<p><img decoding=\"async\" class=\"aligncenter wp-image-7199\" src=\"https:\/\/www.sportshine.eu\/wp-content\/uploads\/2025\/07\/RAY_2600B_3-1-1.webp\" alt=\"\" width=\"800\" height=\"600\" \/><\/p>\n<h3 style=\"text-align: center;\">WIRELESS REMOTE CONTROL<\/h3>\n<p style=\"text-align: center;\">Use the wireless remote to adjust brightness modes or instantly switch to full output mode with the push of a button, keeping your hands where they belong \u2013 on the handlebars!<\/p>\n<p><img decoding=\"async\" class=\"aligncenter wp-image-7200 size-full\" src=\"https:\/\/www.sportshine.eu\/wp-content\/uploads\/2025\/07\/Ray-luc-1.webp\" alt=\"\" width=\"800\" height=\"800\" srcset=\"https:\/\/www.sportshine.eu\/wp-content\/uploads\/2025\/07\/Ray-luc-1.webp 800w, https:\/\/www.sportshine.eu\/wp-content\/uploads\/2025\/07\/Ray-luc-1-768x768.webp 768w, https:\/\/www.sportshine.eu\/wp-content\/uploads\/2025\/07\/Ray-luc-1-600x600.webp 600w\" sizes=\"(max-width: 800px) 100vw, 800px\" \/><\/p>\n<h3 style=\"text-align: center;\">LONG-LASTING BATTERY WITH USB-C CHARGING<\/h3>\n<p style=\"text-align: center;\">With a built-in 6700 mAh battery, the RAY 2600B boasts an impressive 14.5 hours of battery life. With the USB-C charging port, you can recharge the battery or charge external devices such as bike computers or smartphones while you&#039;re on the go.<\/p>\n<p><img decoding=\"async\" class=\"aligncenter wp-image-7201\" src=\"https:\/\/www.sportshine.eu\/wp-content\/uploads\/2025\/07\/RAY_2600B_5.webp\" alt=\"\" width=\"800\" height=\"600\" \/><\/p>\n<h3 style=\"text-align: center;\">A GREAT CHOICE FOR MOUNTING A HELMET LIGHT<\/h3>\n<p style=\"text-align: center;\">The RAY 2600B can also be used as a helmet light, making your night riding safer.<\/p>\n<p><img decoding=\"async\" class=\"aligncenter wp-image-7202 size-full\" src=\"https:\/\/www.sportshine.eu\/wp-content\/uploads\/2025\/07\/led-svetilka-1.webp\" alt=\"\" width=\"800\" height=\"800\" srcset=\"https:\/\/www.sportshine.eu\/wp-content\/uploads\/2025\/07\/led-svetilka-1.webp 800w, https:\/\/www.sportshine.eu\/wp-content\/uploads\/2025\/07\/led-svetilka-1-768x768.webp 768w, https:\/\/www.sportshine.eu\/wp-content\/uploads\/2025\/07\/led-svetilka-1-600x600.webp 600w\" sizes=\"(max-width: 800px) 100vw, 800px\" \/><\/p>\n<h3 style=\"text-align: center;\">WATER RESISTANCE IPX6<\/h3>\n<p style=\"text-align: center;\">The aluminum housing effectively dissipates heat, resists weather influences, and protects the light even in heavy rain or wet conditions.<\/p>\n<p><img decoding=\"async\" class=\"aligncenter wp-image-7203 size-full\" src=\"https:\/\/www.sportshine.eu\/wp-content\/uploads\/2025\/07\/kolesarska-luc-9.webp\" alt=\"\" width=\"800\" height=\"800\" srcset=\"https:\/\/www.sportshine.eu\/wp-content\/uploads\/2025\/07\/kolesarska-luc-9.webp 800w, https:\/\/www.sportshine.eu\/wp-content\/uploads\/2025\/07\/kolesarska-luc-9-768x768.webp 768w, https:\/\/www.sportshine.eu\/wp-content\/uploads\/2025\/07\/kolesarska-luc-9-600x600.webp 600w\" sizes=\"(max-width: 800px) 100vw, 800px\" \/><\/p>\n<h3 style=\"text-align: center;\">UP AND DOWN BRIGHTNESS CONTROL BUTTON WITH CLEARLY READABLE INDICATORS<\/h3>\n<p style=\"text-align: center;\">Adjust the brightness to your desired level using the brightness control knob on the lamp itself. Precise indicators on the light unit and remote control show you the remaining battery capacity. The mode memory function allows you to quickly immerse yourself in your next cycling experience.<\/p>\n<p><img decoding=\"async\" class=\"aligncenter wp-image-7204\" src=\"https:\/\/www.sportshine.eu\/wp-content\/uploads\/2025\/07\/kolesarska-luc-Magicshine.webp\" alt=\"\" width=\"800\" height=\"600\" \/><\/p>\n<h3 style=\"text-align: center;\">YOU WILL RECEIVE IN THE PACKAGE<\/h3>\n<p style=\"text-align: center;\">RAY 2600B bicycle light *1<br \/>\nGoPro adapter *1<br \/>\nRemote control MJ-6508 (including strap) *1<br \/>\nCompatible tapes *4<br \/>\n3 mm hexagon wrench *1<br \/>\nUSB-C cable *1<\/p>\n<p><img decoding=\"async\" class=\"aligncenter wp-image-7205\" src=\"https:\/\/www.sportshine.eu\/wp-content\/uploads\/2025\/07\/RAY_2600B_pl.webp\" alt=\"\" width=\"800\" height=\"600\" \/><\/p>","protected":false},"excerpt":{"rendered":"<p>\u2714 Maximum lumens: 2600 LM<br \/>\n\u2714 Maximum operating time: 14.5 hours<br \/>\n\u2714 Charger: USB-C<br \/>\n\u2714 Water resistance: IPX6<br \/>\n\u2714 Applications: Yes, supported use<br \/>\n\u2714 Wireless remote control: YES<\/p>\n<p>The Magicshine RAY 2600B is a powerful bike light with a dual LED system that delivers 2600 lumens of power. It is suitable for mountain biking, road cycling, and daily commuting.<\/p>","protected":false},"featured_media":6052,"comment_status":"open","ping_status":"closed","template":"","meta":[],"product_brand":[131],"product_cat":[82,150],"product_tag":[],"class_list":{"0":"post-6468","1":"product","2":"type-product","3":"status-publish","4":"has-post-thumbnail","6":"product_brand-magicshine","7":"product_cat-kolesarske-luci","8":"product_cat-sprednje-kolesarske-luci","10":"first","11":"instock","12":"sale","13":"taxable","14":"shipping-taxable","15":"purchasable","16":"product-type-simple"},"yoast_head":"<!-- This site is optimized with the Yoast SEO plugin v27.3 - https:\/\/yoast.com\/product\/yoast-seo-wordpress\/ -->\n<title>Magicshine RAY 2600B kolesarska lu\u010d<\/title>\n<meta name=\"description\" content=\"Magicshine RAY 2600B kolesarska lu\u010d je zmogljiva lu\u010d z dvojnim LED-sistemom. Primerna za gorsko kolesarjenje, cestno kolesarjenje in vsakodnevno vo\u017enjo.\" \/>\n<meta name=\"robots\" content=\"index, follow, max-snippet:-1, max-image-preview:large, max-video-preview:-1\" \/>\n<link rel=\"canonical\" href=\"https:\/\/www.sportshine.eu\/en\/shop\/magicshine-ray-2600b-bicycle-light\/\" \/>\n<meta property=\"og:locale\" content=\"en_GB\" \/>\n<meta property=\"og:type\" content=\"article\" \/>\n<meta property=\"og:title\" content=\"Magicshine RAY 2600B kolesarska lu\u010d\" \/>\n<meta property=\"og:description\" content=\"Magicshine RAY 2600B kolesarska lu\u010d je zmogljiva lu\u010d z dvojnim LED-sistemom. Primerna za gorsko kolesarjenje, cestno kolesarjenje in vsakodnevno vo\u017enjo.\" \/>\n<meta property=\"og:url\" content=\"https:\/\/www.sportshine.eu\/en\/shop\/magicshine-ray-2600b-bicycle-light\/\" \/>\n<meta property=\"og:site_name\" content=\"Sportshine\" \/>\n<meta property=\"article:publisher\" content=\"https:\/\/www.facebook.com\/sportshine.eu\/\" \/>\n<meta property=\"article:modified_time\" content=\"2026-04-19T09:15:42+00:00\" \/>\n<meta property=\"og:image\" content=\"https:\/\/www.sportshine.eu\/wp-content\/uploads\/2025\/07\/Magicshine-RAY2600B-kolesarska-luc.webp\" \/>\n\t<meta property=\"og:image:width\" content=\"800\" \/>\n\t<meta property=\"og:image:height\" content=\"800\" \/>\n\t<meta property=\"og:image:type\" content=\"image\/webp\" \/>\n<meta name=\"twitter:card\" content=\"summary_large_image\" \/>\n<meta name=\"twitter:label1\" content=\"Estimated reading time\" \/>\n\t<meta name=\"twitter:data1\" content=\"5 minutes\" \/>\n<script type=\"application\/ld+json\" class=\"yoast-schema-graph\">{\"@context\":\"https:\\\/\\\/schema.org\",\"@graph\":[{\"@type\":\"WebPage\",\"@id\":\"https:\\\/\\\/www.sportshine.eu\\\/trgovina\\\/magicshine-ray-2600b-kolesarska-luc\\\/\",\"url\":\"https:\\\/\\\/www.sportshine.eu\\\/trgovina\\\/magicshine-ray-2600b-kolesarska-luc\\\/\",\"name\":\"Magicshine RAY 2600B kolesarska lu\u010d\",\"isPartOf\":{\"@id\":\"https:\\\/\\\/www.sportshine.eu\\\/#website\"},\"primaryImageOfPage\":{\"@id\":\"https:\\\/\\\/www.sportshine.eu\\\/trgovina\\\/magicshine-ray-2600b-kolesarska-luc\\\/#primaryimage\"},\"image\":{\"@id\":\"https:\\\/\\\/www.sportshine.eu\\\/trgovina\\\/magicshine-ray-2600b-kolesarska-luc\\\/#primaryimage\"},\"thumbnailUrl\":\"https:\\\/\\\/www.sportshine.eu\\\/wp-content\\\/uploads\\\/2025\\\/07\\\/Magicshine-RAY2600B-kolesarska-luc.webp\",\"datePublished\":\"2025-07-05T19:57:27+00:00\",\"dateModified\":\"2026-04-19T09:15:42+00:00\",\"description\":\"Magicshine RAY 2600B kolesarska lu\u010d je zmogljiva lu\u010d z dvojnim LED-sistemom. Primerna za gorsko kolesarjenje, cestno kolesarjenje in vsakodnevno vo\u017enjo.\",\"breadcrumb\":{\"@id\":\"https:\\\/\\\/www.sportshine.eu\\\/trgovina\\\/magicshine-ray-2600b-kolesarska-luc\\\/#breadcrumb\"},\"inLanguage\":\"en-GB\",\"potentialAction\":[{\"@type\":\"ReadAction\",\"target\":[\"https:\\\/\\\/www.sportshine.eu\\\/trgovina\\\/magicshine-ray-2600b-kolesarska-luc\\\/\"]}]},{\"@type\":\"ImageObject\",\"inLanguage\":\"en-GB\",\"@id\":\"https:\\\/\\\/www.sportshine.eu\\\/trgovina\\\/magicshine-ray-2600b-kolesarska-luc\\\/#primaryimage\",\"url\":\"https:\\\/\\\/www.sportshine.eu\\\/wp-content\\\/uploads\\\/2025\\\/07\\\/Magicshine-RAY2600B-kolesarska-luc.webp\",\"contentUrl\":\"https:\\\/\\\/www.sportshine.eu\\\/wp-content\\\/uploads\\\/2025\\\/07\\\/Magicshine-RAY2600B-kolesarska-luc.webp\",\"width\":800,\"height\":800},{\"@type\":\"BreadcrumbList\",\"@id\":\"https:\\\/\\\/www.sportshine.eu\\\/trgovina\\\/magicshine-ray-2600b-kolesarska-luc\\\/#breadcrumb\",\"itemListElement\":[{\"@type\":\"ListItem\",\"position\":1,\"name\":\"Home\",\"item\":\"https:\\\/\\\/www.sportshine.eu\\\/\"},{\"@type\":\"ListItem\",\"position\":2,\"name\":\"Trgovina\",\"item\":\"https:\\\/\\\/www.sportshine.eu\\\/trgovina\\\/\"},{\"@type\":\"ListItem\",\"position\":3,\"name\":\"Magicshine RAY 2600B kolesarska lu\u010d\"}]},{\"@type\":\"WebSite\",\"@id\":\"https:\\\/\\\/www.sportshine.eu\\\/#website\",\"url\":\"https:\\\/\\\/www.sportshine.eu\\\/\",\"name\":\"Sportshine\",\"description\":\"Top spletna trgovina kolesarskih in naglavnih svetilk ter opreme\",\"publisher\":{\"@id\":\"https:\\\/\\\/www.sportshine.eu\\\/#organization\"},\"potentialAction\":[{\"@type\":\"SearchAction\",\"target\":{\"@type\":\"EntryPoint\",\"urlTemplate\":\"https:\\\/\\\/www.sportshine.eu\\\/?s={search_term_string}\"},\"query-input\":{\"@type\":\"PropertyValueSpecification\",\"valueRequired\":true,\"valueName\":\"search_term_string\"}}],\"inLanguage\":\"en-GB\"},{\"@type\":\"Organization\",\"@id\":\"https:\\\/\\\/www.sportshine.eu\\\/#organization\",\"name\":\"Sportshine\",\"url\":\"https:\\\/\\\/www.sportshine.eu\\\/\",\"logo\":{\"@type\":\"ImageObject\",\"inLanguage\":\"en-GB\",\"@id\":\"https:\\\/\\\/www.sportshine.eu\\\/#\\\/schema\\\/logo\\\/image\\\/\",\"url\":\"https:\\\/\\\/www.sportshine.eu\\\/wp-content\\\/uploads\\\/2026\\\/01\\\/cropped-Sportshine.webp\",\"contentUrl\":\"https:\\\/\\\/www.sportshine.eu\\\/wp-content\\\/uploads\\\/2026\\\/01\\\/cropped-Sportshine.webp\",\"width\":295,\"height\":128,\"caption\":\"Sportshine\"},\"image\":{\"@id\":\"https:\\\/\\\/www.sportshine.eu\\\/#\\\/schema\\\/logo\\\/image\\\/\"},\"sameAs\":[\"https:\\\/\\\/www.facebook.com\\\/sportshine.eu\\\/\"]}]}<\/script>\n<!-- \/ Yoast SEO plugin. -->","yoast_head_json":{"title":"Magicshine RAY 2600B bicycle light","description":"The Magicshine RAY 2600B bike light is a powerful light with a dual LED system. Suitable for mountain biking, road cycling and everyday riding.","robots":{"index":"index","follow":"follow","max-snippet":"max-snippet:-1","max-image-preview":"max-image-preview:large","max-video-preview":"max-video-preview:-1"},"canonical":"https:\/\/www.sportshine.eu\/en\/shop\/magicshine-ray-2600b-bicycle-light\/","og_locale":"en_GB","og_type":"article","og_title":"Magicshine RAY 2600B kolesarska lu\u010d","og_description":"Magicshine RAY 2600B kolesarska lu\u010d je zmogljiva lu\u010d z dvojnim LED-sistemom. Primerna za gorsko kolesarjenje, cestno kolesarjenje in vsakodnevno vo\u017enjo.","og_url":"https:\/\/www.sportshine.eu\/en\/shop\/magicshine-ray-2600b-bicycle-light\/","og_site_name":"Sportshine","article_publisher":"https:\/\/www.facebook.com\/sportshine.eu\/","article_modified_time":"2026-04-19T09:15:42+00:00","og_image":[{"width":800,"height":800,"url":"https:\/\/www.sportshine.eu\/wp-content\/uploads\/2025\/07\/Magicshine-RAY2600B-kolesarska-luc.webp","type":"image\/webp"}],"twitter_card":"summary_large_image","twitter_misc":{"Estimated reading time":"5 minutes"},"schema":{"@context":"https:\/\/schema.org","@graph":[{"@type":"WebPage","@id":"https:\/\/www.sportshine.eu\/trgovina\/magicshine-ray-2600b-kolesarska-luc\/","url":"https:\/\/www.sportshine.eu\/trgovina\/magicshine-ray-2600b-kolesarska-luc\/","name":"Magicshine RAY 2600B bicycle light","isPartOf":{"@id":"https:\/\/www.sportshine.eu\/#website"},"primaryImageOfPage":{"@id":"https:\/\/www.sportshine.eu\/trgovina\/magicshine-ray-2600b-kolesarska-luc\/#primaryimage"},"image":{"@id":"https:\/\/www.sportshine.eu\/trgovina\/magicshine-ray-2600b-kolesarska-luc\/#primaryimage"},"thumbnailUrl":"https:\/\/www.sportshine.eu\/wp-content\/uploads\/2025\/07\/Magicshine-RAY2600B-kolesarska-luc.webp","datePublished":"2025-07-05T19:57:27+00:00","dateModified":"2026-04-19T09:15:42+00:00","description":"The Magicshine RAY 2600B bike light is a powerful light with a dual LED system. Suitable for mountain biking, road cycling and everyday riding.","breadcrumb":{"@id":"https:\/\/www.sportshine.eu\/trgovina\/magicshine-ray-2600b-kolesarska-luc\/#breadcrumb"},"inLanguage":"en-GB","potentialAction":[{"@type":"ReadAction","target":["https:\/\/www.sportshine.eu\/trgovina\/magicshine-ray-2600b-kolesarska-luc\/"]}]},{"@type":"ImageObject","inLanguage":"en-GB","@id":"https:\/\/www.sportshine.eu\/trgovina\/magicshine-ray-2600b-kolesarska-luc\/#primaryimage","url":"https:\/\/www.sportshine.eu\/wp-content\/uploads\/2025\/07\/Magicshine-RAY2600B-kolesarska-luc.webp","contentUrl":"https:\/\/www.sportshine.eu\/wp-content\/uploads\/2025\/07\/Magicshine-RAY2600B-kolesarska-luc.webp","width":800,"height":800},{"@type":"BreadcrumbList","@id":"https:\/\/www.sportshine.eu\/trgovina\/magicshine-ray-2600b-kolesarska-luc\/#breadcrumb","itemListElement":[{"@type":"ListItem","position":1,"name":"Home","item":"https:\/\/www.sportshine.eu\/"},{"@type":"ListItem","position":2,"name":"Trgovina","item":"https:\/\/www.sportshine.eu\/trgovina\/"},{"@type":"ListItem","position":3,"name":"Magicshine RAY 2600B kolesarska lu\u010d"}]},{"@type":"WebSite","@id":"https:\/\/www.sportshine.eu\/#website","url":"https:\/\/www.sportshine.eu\/","name":"Sportshine","description":"Top online store for cycling and head lamps and equipment","publisher":{"@id":"https:\/\/www.sportshine.eu\/#organization"},"potentialAction":[{"@type":"SearchAction","target":{"@type":"EntryPoint","urlTemplate":"https:\/\/www.sportshine.eu\/?s={search_term_string}"},"query-input":{"@type":"PropertyValueSpecification","valueRequired":true,"valueName":"search_term_string"}}],"inLanguage":"en-GB"},{"@type":"Organization","@id":"https:\/\/www.sportshine.eu\/#organization","name":"Sportshine","url":"https:\/\/www.sportshine.eu\/","logo":{"@type":"ImageObject","inLanguage":"en-GB","@id":"https:\/\/www.sportshine.eu\/#\/schema\/logo\/image\/","url":"https:\/\/www.sportshine.eu\/wp-content\/uploads\/2026\/01\/cropped-Sportshine.webp","contentUrl":"https:\/\/www.sportshine.eu\/wp-content\/uploads\/2026\/01\/cropped-Sportshine.webp","width":295,"height":128,"caption":"Sportshine"},"image":{"@id":"https:\/\/www.sportshine.eu\/#\/schema\/logo\/image\/"},"sameAs":["https:\/\/www.facebook.com\/sportshine.eu\/"]}]}},"_links":{"self":[{"href":"https:\/\/www.sportshine.eu\/en\/wp-json\/wp\/v2\/product\/6468","targetHints":{"allow":["GET"]}}],"collection":[{"href":"https:\/\/www.sportshine.eu\/en\/wp-json\/wp\/v2\/product"}],"about":[{"href":"https:\/\/www.sportshine.eu\/en\/wp-json\/wp\/v2\/types\/product"}],"replies":[{"embeddable":true,"href":"https:\/\/www.sportshine.eu\/en\/wp-json\/wp\/v2\/comments?post=6468"}],"version-history":[{"count":1,"href":"https:\/\/www.sportshine.eu\/en\/wp-json\/wp\/v2\/product\/6468\/revisions"}],"predecessor-version":[{"id":10397,"href":"https:\/\/www.sportshine.eu\/en\/wp-json\/wp\/v2\/product\/6468\/revisions\/10397"}],"wp:featuredmedia":[{"embeddable":true,"href":"https:\/\/www.sportshine.eu\/en\/wp-json\/wp\/v2\/media\/6052"}],"wp:attachment":[{"href":"https:\/\/www.sportshine.eu\/en\/wp-json\/wp\/v2\/media?parent=6468"}],"wp:term":[{"taxonomy":"product_brand","embeddable":true,"href":"https:\/\/www.sportshine.eu\/en\/wp-json\/wp\/v2\/product_brand?post=6468"},{"taxonomy":"product_cat","embeddable":true,"href":"https:\/\/www.sportshine.eu\/en\/wp-json\/wp\/v2\/product_cat?post=6468"},{"taxonomy":"product_tag","embeddable":true,"href":"https:\/\/www.sportshine.eu\/en\/wp-json\/wp\/v2\/product_tag?post=6468"}],"curies":[{"name":"wp","href":"https:\/\/api.w.org\/{rel}","templated":true}]}}