{"id":6466,"date":"2025-07-05T19:57:25","date_gmt":"2025-07-05T19:57:25","guid":{"rendered":"https:\/\/www.sportshine.eu\/?post_type=product&#038;p=6466"},"modified":"2025-08-09T22:35:58","modified_gmt":"2025-08-09T22:35:58","slug":"magicshine-monteer-8000s-galaxy-v2-0-bicycle-light","status":"publish","type":"product","link":"https:\/\/www.sportshine.eu\/en\/shop\/magicshine-monteer-8000s-galaxy-v2-0-bicycle-light\/","title":{"rendered":"Magicshine MONTEER 8000S GALAXY V2.0 bicycle light"},"content":{"rendered":"<h3 style=\"text-align: center;\">SUPERIOR LIGHTING<\/h3>\n<p style=\"text-align: center;\">Various mode settings to meet the demands of all cycling conditions \u2013 downhill, mountain biking, trail riding, enduro and off-road riding.<\/p>\n<p><img decoding=\"async\" class=\"wp-image-7812 size-full aligncenter\" src=\"https:\/\/www.sportshine.eu\/wp-content\/uploads\/2025\/07\/Magicshine-MONTEER-8000S-GALAXY.webp\" alt=\"Magicshine MONTEER 8000S GALAXY\" width=\"800\" height=\"800\" srcset=\"https:\/\/www.sportshine.eu\/wp-content\/uploads\/2025\/07\/Magicshine-MONTEER-8000S-GALAXY.webp 800w, https:\/\/www.sportshine.eu\/wp-content\/uploads\/2025\/07\/Magicshine-MONTEER-8000S-GALAXY-768x768.webp 768w, https:\/\/www.sportshine.eu\/wp-content\/uploads\/2025\/07\/Magicshine-MONTEER-8000S-GALAXY-600x600.webp 600w\" sizes=\"(max-width: 800px) 100vw, 800px\" \/><\/p>\n<h3 style=\"text-align: center;\">EASY-TO-READ INDICATOR<\/h3>\n<p style=\"text-align: center;\">The illuminated control button glows green when the battery charge is above 20 mAh, red when the remaining charge is between 6\u201320 mAh, and flashing red when the charge is less than 5 mAh.<\/p>\n<p><img decoding=\"async\" class=\"aligncenter wp-image-7813 size-full\" src=\"https:\/\/www.sportshine.eu\/wp-content\/uploads\/2025\/07\/Magicshine-MONTEER-8000S-GALAXY-2.webp\" alt=\"Magicshine MONTEER 8000S GALAXY (2)\" width=\"800\" height=\"800\" srcset=\"https:\/\/www.sportshine.eu\/wp-content\/uploads\/2025\/07\/Magicshine-MONTEER-8000S-GALAXY-2.webp 800w, https:\/\/www.sportshine.eu\/wp-content\/uploads\/2025\/07\/Magicshine-MONTEER-8000S-GALAXY-2-768x768.webp 768w, https:\/\/www.sportshine.eu\/wp-content\/uploads\/2025\/07\/Magicshine-MONTEER-8000S-GALAXY-2-600x600.webp 600w\" sizes=\"(max-width: 800px) 100vw, 800px\" \/><\/p>\n<h3 style=\"text-align: center;\">WIRELESS REMOTE CONTROL<\/h3>\n<p style=\"text-align: center;\">With 2.4G wireless transmission technology, the remote control provides reliable control within a range of up to 5 meters. Hands-free and easy to use, perfectly suited for mountain bikers and extreme skiers.<\/p>\n<p><img decoding=\"async\" class=\"aligncenter wp-image-7814 size-full\" src=\"https:\/\/www.sportshine.eu\/wp-content\/uploads\/2025\/07\/Magicshine-MONTEER-8000S-GALAXY-3.webp\" alt=\"Magicshine MONTEER 8000S GALAXY (3)\" width=\"800\" height=\"800\" srcset=\"https:\/\/www.sportshine.eu\/wp-content\/uploads\/2025\/07\/Magicshine-MONTEER-8000S-GALAXY-3.webp 800w, https:\/\/www.sportshine.eu\/wp-content\/uploads\/2025\/07\/Magicshine-MONTEER-8000S-GALAXY-3-768x768.webp 768w, https:\/\/www.sportshine.eu\/wp-content\/uploads\/2025\/07\/Magicshine-MONTEER-8000S-GALAXY-3-600x600.webp 600w\" sizes=\"(max-width: 800px) 100vw, 800px\" \/><\/p>\n<h3 style=\"text-align: center;\">ENDURANCE<\/h3>\n<p style=\"text-align: center;\">The 7.2 V \/ 10,000 mAh battery pack with the latest and highest quality 21700 cells, with built-in charging and discharging via USB-C, allows for long hours of riding and versatile use.<\/p>\n<p><img decoding=\"async\" class=\"aligncenter wp-image-7815 size-full\" src=\"https:\/\/www.sportshine.eu\/wp-content\/uploads\/2025\/07\/Magicshine-MONTEER-8000S-GALAXY-4.webp\" alt=\"Magicshine MONTEER 8000S GALAXY (4)\" width=\"800\" height=\"800\" srcset=\"https:\/\/www.sportshine.eu\/wp-content\/uploads\/2025\/07\/Magicshine-MONTEER-8000S-GALAXY-4.webp 800w, https:\/\/www.sportshine.eu\/wp-content\/uploads\/2025\/07\/Magicshine-MONTEER-8000S-GALAXY-4-768x768.webp 768w, https:\/\/www.sportshine.eu\/wp-content\/uploads\/2025\/07\/Magicshine-MONTEER-8000S-GALAXY-4-600x600.webp 600w\" sizes=\"(max-width: 800px) 100vw, 800px\" \/><\/p>\n<h3 style=\"text-align: center;\">WHAT&#039;S IN THE BOX?<\/h3>\n<p style=\"text-align: center;\">MONTEER 8000S GALAXY V2.0 lamp \u2013 1\u00d7<br \/>\nBattery pack MJ-6118 \u2013 1\u00d7<br \/>\nRemote control \u2013 1\u00d7<br \/>\nAluminum handlebar mount \u2013 1\u00d7<br \/>\nUSB-C cable \u2013 1\u00d7<br \/>\nHexagonal key 3 mm \u2013 1\u00d7<br \/>\nUser manual \u2013 1\u00d7<\/p>\n<p><img decoding=\"async\" class=\"aligncenter wp-image-7816 size-full\" src=\"https:\/\/www.sportshine.eu\/wp-content\/uploads\/2025\/07\/Magicshine-MONTEER-8000S-GALAXY-5-e1754778644458.webp\" alt=\"\" width=\"800\" height=\"627\" srcset=\"https:\/\/www.sportshine.eu\/wp-content\/uploads\/2025\/07\/Magicshine-MONTEER-8000S-GALAXY-5-e1754778644458.webp 800w, https:\/\/www.sportshine.eu\/wp-content\/uploads\/2025\/07\/Magicshine-MONTEER-8000S-GALAXY-5-e1754778644458-768x602.webp 768w, https:\/\/www.sportshine.eu\/wp-content\/uploads\/2025\/07\/Magicshine-MONTEER-8000S-GALAXY-5-e1754778644458-600x470.webp 600w\" sizes=\"(max-width: 800px) 100vw, 800px\" \/><\/p>","protected":false},"excerpt":{"rendered":"<ul>\n<li>Massive 8000 lumens of brightness for epic night cycling adventures.<\/li>\n<li>Highly efficient lens that provides a smooth transition from spot to diffuse beam.<\/li>\n<li>Smart temperature control system with unique cooling fin design for high cooling efficiency.<\/li>\n<li>High-quality 7.2V 10,000mAh rechargeable battery pack with support for fast charging and discharging via USB-C PD.<\/li>\n<li>Multiple lighting modes for comprehensive solutions in different cycling environments.<\/li>\n<li>Easy one-button operation and memory function for quick start.<\/li>\n<li>Various and secure mounting options on a helmet or bike for different lighting needs.<\/li>\n<li>Robust and compact design with IPX5 waterproof rating for resistance in challenging weather conditions.<\/li>\n<li>Easy-to-read battery indicator on the lamp head and on the battery pack.<\/li>\n<li>Secure Garmin-compatible mount, suitable for handlebars with a diameter of 31.8 mm and 35 mm.<\/li>\n<\/ul>","protected":false},"featured_media":6042,"comment_status":"closed","ping_status":"closed","template":"","meta":[],"product_brand":[131],"product_cat":[82,150],"product_tag":[],"class_list":{"0":"post-6466","1":"product","2":"type-product","3":"status-publish","4":"has-post-thumbnail","6":"product_brand-magicshine","7":"product_cat-kolesarske-luci","8":"product_cat-sprednje-kolesarske-luci","10":"first","11":"onbackorder","12":"taxable","13":"shipping-taxable","14":"purchasable","15":"product-type-simple"},"yoast_head":"<!-- This site is optimized with the Yoast SEO plugin v27.3 - https:\/\/yoast.com\/product\/yoast-seo-wordpress\/ -->\n<title>Magicshine MONTEER 8000S GALAXY V2.0 kolesarska lu\u010d<\/title>\n<meta name=\"description\" content=\"Daljinski upravljalnik MONTEER 8000S GALAXY V2.0 omogo\u010da zanesljiv nadzor v obmo\u010dju do 5 metrov, zahvaljujo\u010d svoji tehnologiji brez\u017ei\u010dnega prenosa 2,4G.\" \/>\n<meta name=\"robots\" content=\"index, follow, max-snippet:-1, max-image-preview:large, max-video-preview:-1\" \/>\n<link rel=\"canonical\" href=\"https:\/\/www.sportshine.eu\/en\/shop\/magicshine-monteer-8000s-galaxy-v2-0-bicycle-light\/\" \/>\n<meta property=\"og:locale\" content=\"en_GB\" \/>\n<meta property=\"og:type\" content=\"article\" \/>\n<meta property=\"og:title\" content=\"Magicshine MONTEER 8000S GALAXY V2.0 kolesarska lu\u010d\" \/>\n<meta property=\"og:description\" content=\"Daljinski upravljalnik MONTEER 8000S GALAXY V2.0 omogo\u010da zanesljiv nadzor v obmo\u010dju do 5 metrov, zahvaljujo\u010d svoji tehnologiji brez\u017ei\u010dnega prenosa 2,4G.\" \/>\n<meta property=\"og:url\" content=\"https:\/\/www.sportshine.eu\/en\/shop\/magicshine-monteer-8000s-galaxy-v2-0-bicycle-light\/\" \/>\n<meta property=\"og:site_name\" content=\"Sportshine\" \/>\n<meta property=\"article:publisher\" content=\"https:\/\/www.facebook.com\/sportshine.eu\/\" \/>\n<meta property=\"article:modified_time\" content=\"2025-08-09T22:35:58+00:00\" \/>\n<meta property=\"og:image\" content=\"https:\/\/www.sportshine.eu\/wp-content\/uploads\/2025\/07\/Magicshine-Monteer8000s-kolesarska-luc.webp\" \/>\n\t<meta property=\"og:image:width\" content=\"800\" \/>\n\t<meta property=\"og:image:height\" content=\"800\" \/>\n\t<meta property=\"og:image:type\" content=\"image\/webp\" \/>\n<meta name=\"twitter:card\" content=\"summary_large_image\" \/>\n<meta name=\"twitter:label1\" content=\"Estimated reading time\" \/>\n\t<meta name=\"twitter:data1\" content=\"2 minutes\" \/>\n<script type=\"application\/ld+json\" class=\"yoast-schema-graph\">{\"@context\":\"https:\\\/\\\/schema.org\",\"@graph\":[{\"@type\":\"WebPage\",\"@id\":\"https:\\\/\\\/www.sportshine.eu\\\/trgovina\\\/magicshine-monteer-8000s-galaxy-v2-0-kolesarska-luc\\\/\",\"url\":\"https:\\\/\\\/www.sportshine.eu\\\/trgovina\\\/magicshine-monteer-8000s-galaxy-v2-0-kolesarska-luc\\\/\",\"name\":\"Magicshine MONTEER 8000S GALAXY V2.0 kolesarska lu\u010d\",\"isPartOf\":{\"@id\":\"https:\\\/\\\/www.sportshine.eu\\\/#website\"},\"primaryImageOfPage\":{\"@id\":\"https:\\\/\\\/www.sportshine.eu\\\/trgovina\\\/magicshine-monteer-8000s-galaxy-v2-0-kolesarska-luc\\\/#primaryimage\"},\"image\":{\"@id\":\"https:\\\/\\\/www.sportshine.eu\\\/trgovina\\\/magicshine-monteer-8000s-galaxy-v2-0-kolesarska-luc\\\/#primaryimage\"},\"thumbnailUrl\":\"https:\\\/\\\/www.sportshine.eu\\\/wp-content\\\/uploads\\\/2025\\\/07\\\/Magicshine-Monteer8000s-kolesarska-luc.webp\",\"datePublished\":\"2025-07-05T19:57:25+00:00\",\"dateModified\":\"2025-08-09T22:35:58+00:00\",\"description\":\"Daljinski upravljalnik MONTEER 8000S GALAXY V2.0 omogo\u010da zanesljiv nadzor v obmo\u010dju do 5 metrov, zahvaljujo\u010d svoji tehnologiji brez\u017ei\u010dnega prenosa 2,4G.\",\"breadcrumb\":{\"@id\":\"https:\\\/\\\/www.sportshine.eu\\\/trgovina\\\/magicshine-monteer-8000s-galaxy-v2-0-kolesarska-luc\\\/#breadcrumb\"},\"inLanguage\":\"en-GB\",\"potentialAction\":[{\"@type\":\"ReadAction\",\"target\":[\"https:\\\/\\\/www.sportshine.eu\\\/trgovina\\\/magicshine-monteer-8000s-galaxy-v2-0-kolesarska-luc\\\/\"]}]},{\"@type\":\"ImageObject\",\"inLanguage\":\"en-GB\",\"@id\":\"https:\\\/\\\/www.sportshine.eu\\\/trgovina\\\/magicshine-monteer-8000s-galaxy-v2-0-kolesarska-luc\\\/#primaryimage\",\"url\":\"https:\\\/\\\/www.sportshine.eu\\\/wp-content\\\/uploads\\\/2025\\\/07\\\/Magicshine-Monteer8000s-kolesarska-luc.webp\",\"contentUrl\":\"https:\\\/\\\/www.sportshine.eu\\\/wp-content\\\/uploads\\\/2025\\\/07\\\/Magicshine-Monteer8000s-kolesarska-luc.webp\",\"width\":800,\"height\":800},{\"@type\":\"BreadcrumbList\",\"@id\":\"https:\\\/\\\/www.sportshine.eu\\\/trgovina\\\/magicshine-monteer-8000s-galaxy-v2-0-kolesarska-luc\\\/#breadcrumb\",\"itemListElement\":[{\"@type\":\"ListItem\",\"position\":1,\"name\":\"Home\",\"item\":\"https:\\\/\\\/www.sportshine.eu\\\/\"},{\"@type\":\"ListItem\",\"position\":2,\"name\":\"Trgovina\",\"item\":\"https:\\\/\\\/www.sportshine.eu\\\/trgovina\\\/\"},{\"@type\":\"ListItem\",\"position\":3,\"name\":\"Magicshine MONTEER 8000S GALAXY V2.0 kolesarska lu\u010d\"}]},{\"@type\":\"WebSite\",\"@id\":\"https:\\\/\\\/www.sportshine.eu\\\/#website\",\"url\":\"https:\\\/\\\/www.sportshine.eu\\\/\",\"name\":\"Sportshine\",\"description\":\"Top spletna trgovina kolesarskih in naglavnih svetilk ter opreme\",\"publisher\":{\"@id\":\"https:\\\/\\\/www.sportshine.eu\\\/#organization\"},\"potentialAction\":[{\"@type\":\"SearchAction\",\"target\":{\"@type\":\"EntryPoint\",\"urlTemplate\":\"https:\\\/\\\/www.sportshine.eu\\\/?s={search_term_string}\"},\"query-input\":{\"@type\":\"PropertyValueSpecification\",\"valueRequired\":true,\"valueName\":\"search_term_string\"}}],\"inLanguage\":\"en-GB\"},{\"@type\":\"Organization\",\"@id\":\"https:\\\/\\\/www.sportshine.eu\\\/#organization\",\"name\":\"Sportshine\",\"url\":\"https:\\\/\\\/www.sportshine.eu\\\/\",\"logo\":{\"@type\":\"ImageObject\",\"inLanguage\":\"en-GB\",\"@id\":\"https:\\\/\\\/www.sportshine.eu\\\/#\\\/schema\\\/logo\\\/image\\\/\",\"url\":\"https:\\\/\\\/www.sportshine.eu\\\/wp-content\\\/uploads\\\/2026\\\/01\\\/cropped-Sportshine.webp\",\"contentUrl\":\"https:\\\/\\\/www.sportshine.eu\\\/wp-content\\\/uploads\\\/2026\\\/01\\\/cropped-Sportshine.webp\",\"width\":295,\"height\":128,\"caption\":\"Sportshine\"},\"image\":{\"@id\":\"https:\\\/\\\/www.sportshine.eu\\\/#\\\/schema\\\/logo\\\/image\\\/\"},\"sameAs\":[\"https:\\\/\\\/www.facebook.com\\\/sportshine.eu\\\/\"]}]}<\/script>\n<!-- \/ Yoast SEO plugin. -->","yoast_head_json":{"title":"Magicshine MONTEER 8000S GALAXY V2.0 bicycle light","description":"The MONTEER 8000S GALAXY V2.0 remote control provides reliable control within a range of up to 5 meters, thanks to its 2.4G wireless transmission technology.","robots":{"index":"index","follow":"follow","max-snippet":"max-snippet:-1","max-image-preview":"max-image-preview:large","max-video-preview":"max-video-preview:-1"},"canonical":"https:\/\/www.sportshine.eu\/en\/shop\/magicshine-monteer-8000s-galaxy-v2-0-bicycle-light\/","og_locale":"en_GB","og_type":"article","og_title":"Magicshine MONTEER 8000S GALAXY V2.0 kolesarska lu\u010d","og_description":"Daljinski upravljalnik MONTEER 8000S GALAXY V2.0 omogo\u010da zanesljiv nadzor v obmo\u010dju do 5 metrov, zahvaljujo\u010d svoji tehnologiji brez\u017ei\u010dnega prenosa 2,4G.","og_url":"https:\/\/www.sportshine.eu\/en\/shop\/magicshine-monteer-8000s-galaxy-v2-0-bicycle-light\/","og_site_name":"Sportshine","article_publisher":"https:\/\/www.facebook.com\/sportshine.eu\/","article_modified_time":"2025-08-09T22:35:58+00:00","og_image":[{"width":800,"height":800,"url":"https:\/\/www.sportshine.eu\/wp-content\/uploads\/2025\/07\/Magicshine-Monteer8000s-kolesarska-luc.webp","type":"image\/webp"}],"twitter_card":"summary_large_image","twitter_misc":{"Estimated reading time":"2 minutes"},"schema":{"@context":"https:\/\/schema.org","@graph":[{"@type":"WebPage","@id":"https:\/\/www.sportshine.eu\/trgovina\/magicshine-monteer-8000s-galaxy-v2-0-kolesarska-luc\/","url":"https:\/\/www.sportshine.eu\/trgovina\/magicshine-monteer-8000s-galaxy-v2-0-kolesarska-luc\/","name":"Magicshine MONTEER 8000S GALAXY V2.0 bicycle light","isPartOf":{"@id":"https:\/\/www.sportshine.eu\/#website"},"primaryImageOfPage":{"@id":"https:\/\/www.sportshine.eu\/trgovina\/magicshine-monteer-8000s-galaxy-v2-0-kolesarska-luc\/#primaryimage"},"image":{"@id":"https:\/\/www.sportshine.eu\/trgovina\/magicshine-monteer-8000s-galaxy-v2-0-kolesarska-luc\/#primaryimage"},"thumbnailUrl":"https:\/\/www.sportshine.eu\/wp-content\/uploads\/2025\/07\/Magicshine-Monteer8000s-kolesarska-luc.webp","datePublished":"2025-07-05T19:57:25+00:00","dateModified":"2025-08-09T22:35:58+00:00","description":"The MONTEER 8000S GALAXY V2.0 remote control provides reliable control within a range of up to 5 meters, thanks to its 2.4G wireless transmission technology.","breadcrumb":{"@id":"https:\/\/www.sportshine.eu\/trgovina\/magicshine-monteer-8000s-galaxy-v2-0-kolesarska-luc\/#breadcrumb"},"inLanguage":"en-GB","potentialAction":[{"@type":"ReadAction","target":["https:\/\/www.sportshine.eu\/trgovina\/magicshine-monteer-8000s-galaxy-v2-0-kolesarska-luc\/"]}]},{"@type":"ImageObject","inLanguage":"en-GB","@id":"https:\/\/www.sportshine.eu\/trgovina\/magicshine-monteer-8000s-galaxy-v2-0-kolesarska-luc\/#primaryimage","url":"https:\/\/www.sportshine.eu\/wp-content\/uploads\/2025\/07\/Magicshine-Monteer8000s-kolesarska-luc.webp","contentUrl":"https:\/\/www.sportshine.eu\/wp-content\/uploads\/2025\/07\/Magicshine-Monteer8000s-kolesarska-luc.webp","width":800,"height":800},{"@type":"BreadcrumbList","@id":"https:\/\/www.sportshine.eu\/trgovina\/magicshine-monteer-8000s-galaxy-v2-0-kolesarska-luc\/#breadcrumb","itemListElement":[{"@type":"ListItem","position":1,"name":"Home","item":"https:\/\/www.sportshine.eu\/"},{"@type":"ListItem","position":2,"name":"Trgovina","item":"https:\/\/www.sportshine.eu\/trgovina\/"},{"@type":"ListItem","position":3,"name":"Magicshine MONTEER 8000S GALAXY V2.0 kolesarska lu\u010d"}]},{"@type":"WebSite","@id":"https:\/\/www.sportshine.eu\/#website","url":"https:\/\/www.sportshine.eu\/","name":"Sportshine","description":"Top online store for cycling and head lamps and equipment","publisher":{"@id":"https:\/\/www.sportshine.eu\/#organization"},"potentialAction":[{"@type":"SearchAction","target":{"@type":"EntryPoint","urlTemplate":"https:\/\/www.sportshine.eu\/?s={search_term_string}"},"query-input":{"@type":"PropertyValueSpecification","valueRequired":true,"valueName":"search_term_string"}}],"inLanguage":"en-GB"},{"@type":"Organization","@id":"https:\/\/www.sportshine.eu\/#organization","name":"Sportshine","url":"https:\/\/www.sportshine.eu\/","logo":{"@type":"ImageObject","inLanguage":"en-GB","@id":"https:\/\/www.sportshine.eu\/#\/schema\/logo\/image\/","url":"https:\/\/www.sportshine.eu\/wp-content\/uploads\/2026\/01\/cropped-Sportshine.webp","contentUrl":"https:\/\/www.sportshine.eu\/wp-content\/uploads\/2026\/01\/cropped-Sportshine.webp","width":295,"height":128,"caption":"Sportshine"},"image":{"@id":"https:\/\/www.sportshine.eu\/#\/schema\/logo\/image\/"},"sameAs":["https:\/\/www.facebook.com\/sportshine.eu\/"]}]}},"_links":{"self":[{"href":"https:\/\/www.sportshine.eu\/en\/wp-json\/wp\/v2\/product\/6466","targetHints":{"allow":["GET"]}}],"collection":[{"href":"https:\/\/www.sportshine.eu\/en\/wp-json\/wp\/v2\/product"}],"about":[{"href":"https:\/\/www.sportshine.eu\/en\/wp-json\/wp\/v2\/types\/product"}],"replies":[{"embeddable":true,"href":"https:\/\/www.sportshine.eu\/en\/wp-json\/wp\/v2\/comments?post=6466"}],"version-history":[{"count":0,"href":"https:\/\/www.sportshine.eu\/en\/wp-json\/wp\/v2\/product\/6466\/revisions"}],"wp:featuredmedia":[{"embeddable":true,"href":"https:\/\/www.sportshine.eu\/en\/wp-json\/wp\/v2\/media\/6042"}],"wp:attachment":[{"href":"https:\/\/www.sportshine.eu\/en\/wp-json\/wp\/v2\/media?parent=6466"}],"wp:term":[{"taxonomy":"product_brand","embeddable":true,"href":"https:\/\/www.sportshine.eu\/en\/wp-json\/wp\/v2\/product_brand?post=6466"},{"taxonomy":"product_cat","embeddable":true,"href":"https:\/\/www.sportshine.eu\/en\/wp-json\/wp\/v2\/product_cat?post=6466"},{"taxonomy":"product_tag","embeddable":true,"href":"https:\/\/www.sportshine.eu\/en\/wp-json\/wp\/v2\/product_tag?post=6466"}],"curies":[{"name":"wp","href":"https:\/\/api.w.org\/{rel}","templated":true}]}}