{"id":6465,"date":"2025-07-05T19:57:24","date_gmt":"2025-07-05T19:57:24","guid":{"rendered":"https:\/\/www.sportshine.eu\/?post_type=product&#038;p=6465"},"modified":"2025-11-14T22:26:56","modified_gmt":"2025-11-14T22:26:56","slug":"magicshine-allty-1500s-bicycle-light","status":"publish","type":"product","link":"https:\/\/www.sportshine.eu\/en\/shop\/magicshine-allty-1500s-bicycle-light\/","title":{"rendered":"Magicshine ALLTY 1500S bicycle light"},"content":{"rendered":"<h3 style=\"text-align: center;\">VIDEO<\/h3>\n<p><iframe loading=\"lazy\" title=\"MAGICSHINE ALLTY1500S Bicycle Light\" width=\"500\" height=\"281\" src=\"https:\/\/www.youtube.com\/embed\/9Nmtg-7bCJY?feature=oembed\" frameborder=\"0\" allow=\"accelerometer; autoplay; clipboard-write; encrypted-media; gyroscope; picture-in-picture; web-share\" referrerpolicy=\"strict-origin-when-cross-origin\" allowfullscreen><\/iframe><\/p>\n<h3 style=\"text-align: center;\">LIGHT YOUR PATH<\/h3>\n<p style=\"text-align: center;\">The main light projects a powerful beam of 1500 lumens and also has a permanently lit daytime running light, ensuring excellent visibility even during the day.<\/p>\n<p><img decoding=\"async\" class=\"aligncenter wp-image-7230\" src=\"https:\/\/www.sportshine.eu\/wp-content\/uploads\/2025\/07\/Kolesarska-luc-Magicshine-ALLTY-1500S-7.webp\" alt=\"\" width=\"800\" height=\"600\" \/><\/p>\n<h3 style=\"text-align: center;\">OLED DISPLAY<\/h3>\n<p style=\"text-align: center;\">It displays the remaining battery level, mode and available operating time with minute-by-minute accuracy, making your planning easier.<\/p>\n<p><img decoding=\"async\" class=\"aligncenter wp-image-7231\" src=\"https:\/\/www.sportshine.eu\/wp-content\/uploads\/2025\/07\/Kolesarska-luc-Magicshine-ALLTY-1500S-8.webp\" alt=\"\" width=\"800\" height=\"600\" \/><\/p>\n<h3 style=\"text-align: center;\">REMOVABLE LONG-LASTING BATTERY<\/h3>\n<p style=\"text-align: center;\">The battery can be easily removed or replaced without tools at the push of a button. It is powered by a replaceable 5000 mAh battery that charges via USB-C and offers up to 31 hours of maximum battery life.<\/p>\n<p><img decoding=\"async\" class=\"aligncenter wp-image-7232\" src=\"https:\/\/www.sportshine.eu\/wp-content\/uploads\/2025\/07\/Kolesarska-luc-Magicshine-ALLTY-1500S9.webp\" alt=\"\" width=\"800\" height=\"600\" \/><\/p>\n<h3 style=\"text-align: center;\">WIRELESS REMOTE CONTROL<\/h3>\n<p style=\"text-align: center;\">The wireless remote control allows for simple and precise control and switches to full power mode with the click of a button.<\/p>\n<p><img decoding=\"async\" class=\"aligncenter wp-image-7233\" src=\"https:\/\/www.sportshine.eu\/wp-content\/uploads\/2025\/07\/ALLTY_1500S_4.webp\" alt=\"\" width=\"800\" height=\"600\" \/><\/p>\n<h3 style=\"text-align: center;\">CUSTOMIZATION VIA THE APPLICATION<\/h3>\n<p style=\"text-align: center;\">Customize operating modes, activate the light\/vibration sensor, or set preferred SOS flashing patterns via the app.<br \/>\n*The app supports up to 20 custom modes.<\/p>\n<p><img decoding=\"async\" class=\"aligncenter wp-image-7234\" src=\"https:\/\/www.sportshine.eu\/wp-content\/uploads\/2025\/07\/ALLTY_1500S_5.webp\" alt=\"\" width=\"800\" height=\"600\" \/><\/p>\n<h3 style=\"text-align: center;\">GET HOME SAFELY<\/h3>\n<p style=\"text-align: center;\">When the battery runs low, low power mode is activated, keeping the light on and allowing you to arrive home safely.<\/p>\n<p><img decoding=\"async\" class=\"aligncenter wp-image-7235\" src=\"https:\/\/www.sportshine.eu\/wp-content\/uploads\/2025\/07\/ALLTY_1500S_7.webp\" alt=\"\" width=\"800\" height=\"600\" \/><\/p>","protected":false},"excerpt":{"rendered":"<p>The ALLTY 1500S bicycle light continues the classic, elegant design of the old ALLTY 1500 model and boasts a high-power headlamp with a maximum brightness of 1500 lumens and an always-on daytime running light, ensuring your safety during the day and at night.<\/p>\n<p><span style=\"color: #008000;\">\u2714<\/span> Maximum brightness: 1500 lumens<br \/>\n<span style=\"color: #008000;\">\u2714<\/span> Maximum duration: 31 hours<br \/>\n<span style=\"color: #008000;\">\u2714<\/span> Removable battery: 3.6V 5000 mAh<br \/>\n<span style=\"color: #008000;\">\u2714<\/span> OLED display: Yes<br \/>\n<span style=\"color: #008000;\">\u2714<\/span> Wireless remote control: Yes<br \/>\n<span style=\"color: #008000;\">\u2714<\/span> Customization via app: Yes<br \/>\n<span style=\"color: #008000;\">\u2714<\/span> Daytime running light: Yes<br \/>\n<span style=\"color: #008000;\">\u2714<\/span> Charger: USB-C<\/p>\n<p>&nbsp;<\/p>","protected":false},"featured_media":5999,"comment_status":"open","ping_status":"closed","template":"","meta":[],"product_brand":[131],"product_cat":[82,150],"product_tag":[],"class_list":{"0":"post-6465","1":"product","2":"type-product","3":"status-publish","4":"has-post-thumbnail","6":"product_brand-magicshine","7":"product_cat-kolesarske-luci","8":"product_cat-sprednje-kolesarske-luci","10":"first","11":"instock","12":"sale","13":"taxable","14":"shipping-taxable","15":"purchasable","16":"product-type-simple"},"yoast_head":"<!-- This site is optimized with the Yoast SEO plugin v27.3 - https:\/\/yoast.com\/product\/yoast-seo-wordpress\/ -->\n<title>Kolesarska lu\u010d Magicshine ALLTY 1500S<\/title>\n<meta name=\"description\" content=\"Kolesarska lu\u010d Magicshine ALLTY 1500S nadaljuje klasi\u010den, eleganten dizajn prej\u0161njega modela in se pona\u0161a z glavno lu\u010djo, ki uporablja visoko mo\u010d.\" \/>\n<meta name=\"robots\" content=\"index, follow, max-snippet:-1, max-image-preview:large, max-video-preview:-1\" \/>\n<link rel=\"canonical\" href=\"https:\/\/www.sportshine.eu\/en\/shop\/magicshine-allty-1500s-bicycle-light\/\" \/>\n<meta property=\"og:locale\" content=\"en_GB\" \/>\n<meta property=\"og:type\" content=\"article\" \/>\n<meta property=\"og:title\" content=\"Kolesarska lu\u010d Magicshine ALLTY 1500S\" \/>\n<meta property=\"og:description\" content=\"Kolesarska lu\u010d Magicshine ALLTY 1500S nadaljuje klasi\u010den, eleganten dizajn prej\u0161njega modela in se pona\u0161a z glavno lu\u010djo, ki uporablja visoko mo\u010d.\" \/>\n<meta property=\"og:url\" content=\"https:\/\/www.sportshine.eu\/en\/shop\/magicshine-allty-1500s-bicycle-light\/\" \/>\n<meta property=\"og:site_name\" content=\"Sportshine\" \/>\n<meta property=\"article:publisher\" content=\"https:\/\/www.facebook.com\/sportshine.eu\/\" \/>\n<meta property=\"article:modified_time\" content=\"2025-11-14T22:26:56+00:00\" \/>\n<meta property=\"og:image\" content=\"https:\/\/www.sportshine.eu\/wp-content\/uploads\/2025\/07\/Kolesarska-luc-Magicshine-ALLTY-1500S.webp\" \/>\n\t<meta property=\"og:image:width\" content=\"800\" \/>\n\t<meta property=\"og:image:height\" content=\"800\" \/>\n\t<meta property=\"og:image:type\" content=\"image\/webp\" \/>\n<meta name=\"twitter:card\" content=\"summary_large_image\" \/>\n<meta name=\"twitter:label1\" content=\"Estimated reading time\" \/>\n\t<meta name=\"twitter:data1\" content=\"3 minutes\" \/>\n<script type=\"application\/ld+json\" class=\"yoast-schema-graph\">{\"@context\":\"https:\\\/\\\/schema.org\",\"@graph\":[{\"@type\":\"WebPage\",\"@id\":\"https:\\\/\\\/www.sportshine.eu\\\/trgovina\\\/kolesarska-luc-magicshine-allty-1500s\\\/\",\"url\":\"https:\\\/\\\/www.sportshine.eu\\\/trgovina\\\/kolesarska-luc-magicshine-allty-1500s\\\/\",\"name\":\"Kolesarska lu\u010d Magicshine ALLTY 1500S\",\"isPartOf\":{\"@id\":\"https:\\\/\\\/www.sportshine.eu\\\/#website\"},\"primaryImageOfPage\":{\"@id\":\"https:\\\/\\\/www.sportshine.eu\\\/trgovina\\\/kolesarska-luc-magicshine-allty-1500s\\\/#primaryimage\"},\"image\":{\"@id\":\"https:\\\/\\\/www.sportshine.eu\\\/trgovina\\\/kolesarska-luc-magicshine-allty-1500s\\\/#primaryimage\"},\"thumbnailUrl\":\"https:\\\/\\\/www.sportshine.eu\\\/wp-content\\\/uploads\\\/2025\\\/07\\\/Kolesarska-luc-Magicshine-ALLTY-1500S.webp\",\"datePublished\":\"2025-07-05T19:57:24+00:00\",\"dateModified\":\"2025-11-14T22:26:56+00:00\",\"description\":\"Kolesarska lu\u010d Magicshine ALLTY 1500S nadaljuje klasi\u010den, eleganten dizajn prej\u0161njega modela in se pona\u0161a z glavno lu\u010djo, ki uporablja visoko mo\u010d.\",\"breadcrumb\":{\"@id\":\"https:\\\/\\\/www.sportshine.eu\\\/trgovina\\\/kolesarska-luc-magicshine-allty-1500s\\\/#breadcrumb\"},\"inLanguage\":\"en-GB\",\"potentialAction\":[{\"@type\":\"ReadAction\",\"target\":[\"https:\\\/\\\/www.sportshine.eu\\\/trgovina\\\/kolesarska-luc-magicshine-allty-1500s\\\/\"]}]},{\"@type\":\"ImageObject\",\"inLanguage\":\"en-GB\",\"@id\":\"https:\\\/\\\/www.sportshine.eu\\\/trgovina\\\/kolesarska-luc-magicshine-allty-1500s\\\/#primaryimage\",\"url\":\"https:\\\/\\\/www.sportshine.eu\\\/wp-content\\\/uploads\\\/2025\\\/07\\\/Kolesarska-luc-Magicshine-ALLTY-1500S.webp\",\"contentUrl\":\"https:\\\/\\\/www.sportshine.eu\\\/wp-content\\\/uploads\\\/2025\\\/07\\\/Kolesarska-luc-Magicshine-ALLTY-1500S.webp\",\"width\":800,\"height\":800},{\"@type\":\"BreadcrumbList\",\"@id\":\"https:\\\/\\\/www.sportshine.eu\\\/trgovina\\\/kolesarska-luc-magicshine-allty-1500s\\\/#breadcrumb\",\"itemListElement\":[{\"@type\":\"ListItem\",\"position\":1,\"name\":\"Home\",\"item\":\"https:\\\/\\\/www.sportshine.eu\\\/\"},{\"@type\":\"ListItem\",\"position\":2,\"name\":\"Trgovina\",\"item\":\"https:\\\/\\\/www.sportshine.eu\\\/trgovina\\\/\"},{\"@type\":\"ListItem\",\"position\":3,\"name\":\"Kolesarska lu\u010d Magicshine ALLTY 1500S\"}]},{\"@type\":\"WebSite\",\"@id\":\"https:\\\/\\\/www.sportshine.eu\\\/#website\",\"url\":\"https:\\\/\\\/www.sportshine.eu\\\/\",\"name\":\"Sportshine\",\"description\":\"Top spletna trgovina kolesarskih in naglavnih svetilk ter opreme\",\"publisher\":{\"@id\":\"https:\\\/\\\/www.sportshine.eu\\\/#organization\"},\"potentialAction\":[{\"@type\":\"SearchAction\",\"target\":{\"@type\":\"EntryPoint\",\"urlTemplate\":\"https:\\\/\\\/www.sportshine.eu\\\/?s={search_term_string}\"},\"query-input\":{\"@type\":\"PropertyValueSpecification\",\"valueRequired\":true,\"valueName\":\"search_term_string\"}}],\"inLanguage\":\"en-GB\"},{\"@type\":\"Organization\",\"@id\":\"https:\\\/\\\/www.sportshine.eu\\\/#organization\",\"name\":\"Sportshine\",\"url\":\"https:\\\/\\\/www.sportshine.eu\\\/\",\"logo\":{\"@type\":\"ImageObject\",\"inLanguage\":\"en-GB\",\"@id\":\"https:\\\/\\\/www.sportshine.eu\\\/#\\\/schema\\\/logo\\\/image\\\/\",\"url\":\"https:\\\/\\\/www.sportshine.eu\\\/wp-content\\\/uploads\\\/2026\\\/01\\\/cropped-Sportshine.webp\",\"contentUrl\":\"https:\\\/\\\/www.sportshine.eu\\\/wp-content\\\/uploads\\\/2026\\\/01\\\/cropped-Sportshine.webp\",\"width\":295,\"height\":128,\"caption\":\"Sportshine\"},\"image\":{\"@id\":\"https:\\\/\\\/www.sportshine.eu\\\/#\\\/schema\\\/logo\\\/image\\\/\"},\"sameAs\":[\"https:\\\/\\\/www.facebook.com\\\/sportshine.eu\\\/\"]}]}<\/script>\n<!-- \/ Yoast SEO plugin. -->","yoast_head_json":{"title":"Magicshine ALLTY 1500S bicycle light","description":"The Magicshine ALLTY 1500S bike light continues the classic, elegant design of the previous model and boasts a high-power headlamp.","robots":{"index":"index","follow":"follow","max-snippet":"max-snippet:-1","max-image-preview":"max-image-preview:large","max-video-preview":"max-video-preview:-1"},"canonical":"https:\/\/www.sportshine.eu\/en\/shop\/magicshine-allty-1500s-bicycle-light\/","og_locale":"en_GB","og_type":"article","og_title":"Kolesarska lu\u010d Magicshine ALLTY 1500S","og_description":"Kolesarska lu\u010d Magicshine ALLTY 1500S nadaljuje klasi\u010den, eleganten dizajn prej\u0161njega modela in se pona\u0161a z glavno lu\u010djo, ki uporablja visoko mo\u010d.","og_url":"https:\/\/www.sportshine.eu\/en\/shop\/magicshine-allty-1500s-bicycle-light\/","og_site_name":"Sportshine","article_publisher":"https:\/\/www.facebook.com\/sportshine.eu\/","article_modified_time":"2025-11-14T22:26:56+00:00","og_image":[{"width":800,"height":800,"url":"https:\/\/www.sportshine.eu\/wp-content\/uploads\/2025\/07\/Kolesarska-luc-Magicshine-ALLTY-1500S.webp","type":"image\/webp"}],"twitter_card":"summary_large_image","twitter_misc":{"Estimated reading time":"3 minutes"},"schema":{"@context":"https:\/\/schema.org","@graph":[{"@type":"WebPage","@id":"https:\/\/www.sportshine.eu\/trgovina\/kolesarska-luc-magicshine-allty-1500s\/","url":"https:\/\/www.sportshine.eu\/trgovina\/kolesarska-luc-magicshine-allty-1500s\/","name":"Magicshine ALLTY 1500S bicycle light","isPartOf":{"@id":"https:\/\/www.sportshine.eu\/#website"},"primaryImageOfPage":{"@id":"https:\/\/www.sportshine.eu\/trgovina\/kolesarska-luc-magicshine-allty-1500s\/#primaryimage"},"image":{"@id":"https:\/\/www.sportshine.eu\/trgovina\/kolesarska-luc-magicshine-allty-1500s\/#primaryimage"},"thumbnailUrl":"https:\/\/www.sportshine.eu\/wp-content\/uploads\/2025\/07\/Kolesarska-luc-Magicshine-ALLTY-1500S.webp","datePublished":"2025-07-05T19:57:24+00:00","dateModified":"2025-11-14T22:26:56+00:00","description":"The Magicshine ALLTY 1500S bike light continues the classic, elegant design of the previous model and boasts a high-power headlamp.","breadcrumb":{"@id":"https:\/\/www.sportshine.eu\/trgovina\/kolesarska-luc-magicshine-allty-1500s\/#breadcrumb"},"inLanguage":"en-GB","potentialAction":[{"@type":"ReadAction","target":["https:\/\/www.sportshine.eu\/trgovina\/kolesarska-luc-magicshine-allty-1500s\/"]}]},{"@type":"ImageObject","inLanguage":"en-GB","@id":"https:\/\/www.sportshine.eu\/trgovina\/kolesarska-luc-magicshine-allty-1500s\/#primaryimage","url":"https:\/\/www.sportshine.eu\/wp-content\/uploads\/2025\/07\/Kolesarska-luc-Magicshine-ALLTY-1500S.webp","contentUrl":"https:\/\/www.sportshine.eu\/wp-content\/uploads\/2025\/07\/Kolesarska-luc-Magicshine-ALLTY-1500S.webp","width":800,"height":800},{"@type":"BreadcrumbList","@id":"https:\/\/www.sportshine.eu\/trgovina\/kolesarska-luc-magicshine-allty-1500s\/#breadcrumb","itemListElement":[{"@type":"ListItem","position":1,"name":"Home","item":"https:\/\/www.sportshine.eu\/"},{"@type":"ListItem","position":2,"name":"Trgovina","item":"https:\/\/www.sportshine.eu\/trgovina\/"},{"@type":"ListItem","position":3,"name":"Kolesarska lu\u010d Magicshine ALLTY 1500S"}]},{"@type":"WebSite","@id":"https:\/\/www.sportshine.eu\/#website","url":"https:\/\/www.sportshine.eu\/","name":"Sportshine","description":"Top online store for cycling and head lamps and equipment","publisher":{"@id":"https:\/\/www.sportshine.eu\/#organization"},"potentialAction":[{"@type":"SearchAction","target":{"@type":"EntryPoint","urlTemplate":"https:\/\/www.sportshine.eu\/?s={search_term_string}"},"query-input":{"@type":"PropertyValueSpecification","valueRequired":true,"valueName":"search_term_string"}}],"inLanguage":"en-GB"},{"@type":"Organization","@id":"https:\/\/www.sportshine.eu\/#organization","name":"Sportshine","url":"https:\/\/www.sportshine.eu\/","logo":{"@type":"ImageObject","inLanguage":"en-GB","@id":"https:\/\/www.sportshine.eu\/#\/schema\/logo\/image\/","url":"https:\/\/www.sportshine.eu\/wp-content\/uploads\/2026\/01\/cropped-Sportshine.webp","contentUrl":"https:\/\/www.sportshine.eu\/wp-content\/uploads\/2026\/01\/cropped-Sportshine.webp","width":295,"height":128,"caption":"Sportshine"},"image":{"@id":"https:\/\/www.sportshine.eu\/#\/schema\/logo\/image\/"},"sameAs":["https:\/\/www.facebook.com\/sportshine.eu\/"]}]}},"_links":{"self":[{"href":"https:\/\/www.sportshine.eu\/en\/wp-json\/wp\/v2\/product\/6465","targetHints":{"allow":["GET"]}}],"collection":[{"href":"https:\/\/www.sportshine.eu\/en\/wp-json\/wp\/v2\/product"}],"about":[{"href":"https:\/\/www.sportshine.eu\/en\/wp-json\/wp\/v2\/types\/product"}],"replies":[{"embeddable":true,"href":"https:\/\/www.sportshine.eu\/en\/wp-json\/wp\/v2\/comments?post=6465"}],"version-history":[{"count":0,"href":"https:\/\/www.sportshine.eu\/en\/wp-json\/wp\/v2\/product\/6465\/revisions"}],"wp:featuredmedia":[{"embeddable":true,"href":"https:\/\/www.sportshine.eu\/en\/wp-json\/wp\/v2\/media\/5999"}],"wp:attachment":[{"href":"https:\/\/www.sportshine.eu\/en\/wp-json\/wp\/v2\/media?parent=6465"}],"wp:term":[{"taxonomy":"product_brand","embeddable":true,"href":"https:\/\/www.sportshine.eu\/en\/wp-json\/wp\/v2\/product_brand?post=6465"},{"taxonomy":"product_cat","embeddable":true,"href":"https:\/\/www.sportshine.eu\/en\/wp-json\/wp\/v2\/product_cat?post=6465"},{"taxonomy":"product_tag","embeddable":true,"href":"https:\/\/www.sportshine.eu\/en\/wp-json\/wp\/v2\/product_tag?post=6465"}],"curies":[{"name":"wp","href":"https:\/\/api.w.org\/{rel}","templated":true}]}}