{"id":6464,"date":"2025-07-05T19:57:23","date_gmt":"2025-07-05T19:57:23","guid":{"rendered":"https:\/\/www.sportshine.eu\/?post_type=product&#038;p=6464"},"modified":"2026-03-11T14:32:00","modified_gmt":"2026-03-11T14:32:00","slug":"rear-bicycle-light-magicshine-seemee-300","status":"publish","type":"product","link":"https:\/\/www.sportshine.eu\/en\/shop\/rear-bicycle-light-magicshine-seemee-300\/","title":{"rendered":"Rear bicycle light MAGICSHINE SEEMEE 300"},"content":{"rendered":"<p>&nbsp;<\/p>\n<p><img decoding=\"async\" class=\"aligncenter wp-image-7239 size-full\" src=\"https:\/\/www.sportshine.eu\/wp-content\/uploads\/2025\/07\/mocna-zadnja-luc-scaled-1.webp\" alt=\"\" width=\"2560\" height=\"728\" srcset=\"https:\/\/www.sportshine.eu\/wp-content\/uploads\/2025\/07\/mocna-zadnja-luc-scaled-1.webp 2560w, https:\/\/www.sportshine.eu\/wp-content\/uploads\/2025\/07\/mocna-zadnja-luc-scaled-1-768x218.webp 768w, https:\/\/www.sportshine.eu\/wp-content\/uploads\/2025\/07\/mocna-zadnja-luc-scaled-1-1536x437.webp 1536w, https:\/\/www.sportshine.eu\/wp-content\/uploads\/2025\/07\/mocna-zadnja-luc-scaled-1-2048x582.webp 2048w, https:\/\/www.sportshine.eu\/wp-content\/uploads\/2025\/07\/mocna-zadnja-luc-scaled-1-600x171.webp 600w\" sizes=\"(max-width: 2560px) 100vw, 2560px\" \/><\/p>\n<h3 style=\"text-align: center;\">VIDEO PRESENTATION OF MAGICSHINE SEEMEE 300<\/h3>\n<p><iframe loading=\"lazy\" title=\"MAGICSHINE SEEMEE 300 All-around Safety Tail Light\" width=\"500\" height=\"281\" src=\"https:\/\/www.youtube.com\/embed\/TJaVbScopi8?feature=oembed\" frameborder=\"0\" allow=\"accelerometer; autoplay; clipboard-write; encrypted-media; gyroscope; picture-in-picture; web-share\" referrerpolicy=\"strict-origin-when-cross-origin\" allowfullscreen><\/iframe><\/p>\n<h3 style=\"text-align: center;\">INCREDIBLE BRIGHTNESS<\/h3>\n<p style=\"text-align: center;\">The bike light uses two LEDs with a combined maximum brightness of 300 lumens and different lens angles for increased visibility. (Maximum visible distance 3000 meters).<\/p>\n<p><img decoding=\"async\" class=\"aligncenter wp-image-7240\" src=\"https:\/\/www.sportshine.eu\/wp-content\/uploads\/2025\/07\/zadnja-kolesarska-luc-2-1.webp\" alt=\"\" width=\"800\" height=\"600\" \/><\/p>\n<h3 style=\"text-align: center;\">360\u00b0 OPTICAL TRAVEL LIGHT<\/h3>\n<p style=\"text-align: center;\">It projects a 360\u00b0 red warning light to ensure all-round visibility and for greater safety on the road.<\/p>\n<p><img decoding=\"async\" class=\"aligncenter wp-image-7241 size-full\" src=\"https:\/\/www.sportshine.eu\/wp-content\/uploads\/2025\/07\/kolesarska-luc-3-1-1.webp\" alt=\"\" width=\"800\" height=\"800\" srcset=\"https:\/\/www.sportshine.eu\/wp-content\/uploads\/2025\/07\/kolesarska-luc-3-1-1.webp 800w, https:\/\/www.sportshine.eu\/wp-content\/uploads\/2025\/07\/kolesarska-luc-3-1-1-768x768.webp 768w, https:\/\/www.sportshine.eu\/wp-content\/uploads\/2025\/07\/kolesarska-luc-3-1-1-600x600.webp 600w\" sizes=\"(max-width: 800px) 100vw, 800px\" \/><\/p>\n<h3 style=\"text-align: center;\">VISIBLE LIGHT ANGLE 260\u00b0<\/h3>\n<p style=\"text-align: center;\">Take your safety to the next level with exceptional 260\u00b0 visibility, allowing other road users to see you from the side.<\/p>\n<p><img decoding=\"async\" class=\"aligncenter wp-image-7242 size-full\" src=\"https:\/\/www.sportshine.eu\/wp-content\/uploads\/2025\/07\/kolesarska-svetilka-2-1-1.webp\" alt=\"\" width=\"800\" height=\"800\" srcset=\"https:\/\/www.sportshine.eu\/wp-content\/uploads\/2025\/07\/kolesarska-svetilka-2-1-1.webp 800w, https:\/\/www.sportshine.eu\/wp-content\/uploads\/2025\/07\/kolesarska-svetilka-2-1-1-768x768.webp 768w, https:\/\/www.sportshine.eu\/wp-content\/uploads\/2025\/07\/kolesarska-svetilka-2-1-1-600x600.webp 600w\" sizes=\"(max-width: 800px) 100vw, 800px\" \/><\/p>\n<h3 style=\"text-align: center;\">SMART BRAKING SENSOR<\/h3>\n<p style=\"text-align: center;\">It reliably detects your movement and becomes brighter as soon as you brake.<\/p>\n<p><img decoding=\"async\" class=\"aligncenter wp-image-7243\" src=\"https:\/\/www.sportshine.eu\/wp-content\/uploads\/2025\/07\/300-lumnov-kolesarska-luc.webp\" alt=\"\" width=\"800\" height=\"600\" \/><\/p>\n<h3 style=\"text-align: center;\">AUTOMATICALLY ADJUSTS BRIGHTNESS<\/h3>\n<p style=\"text-align: center;\">Be visible both day and night. The light sensor detects ambient conditions in real time and automatically adjusts brightness. *The OptiTracing light is controlled by a light sensor and will turn off during the day.<\/p>\n<p><img decoding=\"async\" class=\"aligncenter wp-image-7244\" src=\"https:\/\/www.sportshine.eu\/wp-content\/uploads\/2025\/07\/zadnja-mocna-kolesarska-luc-Magicshine.webp\" alt=\"\" width=\"800\" height=\"600\" \/><\/p>\n<h3 style=\"text-align: center;\">SIMPLE BATTERY INDICATOR<\/h3>\n<p style=\"text-align: center;\">The three-level indicator accurately shows the remaining power of your flashlight. GREEN: 21%-100%, RED: 11%-20%, FLASHING RED: 1%-10%.<\/p>\n<p><img decoding=\"async\" class=\"aligncenter wp-image-7245 size-full\" src=\"https:\/\/www.sportshine.eu\/wp-content\/uploads\/2025\/07\/top-kolesarska-svetilka-1-1.webp\" alt=\"\" width=\"800\" height=\"800\" srcset=\"https:\/\/www.sportshine.eu\/wp-content\/uploads\/2025\/07\/top-kolesarska-svetilka-1-1.webp 800w, https:\/\/www.sportshine.eu\/wp-content\/uploads\/2025\/07\/top-kolesarska-svetilka-1-1-768x768.webp 768w, https:\/\/www.sportshine.eu\/wp-content\/uploads\/2025\/07\/top-kolesarska-svetilka-1-1-600x600.webp 600w\" sizes=\"(max-width: 800px) 100vw, 800px\" \/><\/p>\n<h3 style=\"text-align: center;\">COME HOME SAFELY<\/h3>\n<p style=\"text-align: center;\">If the battery runs out, ECO mode will be activated to keep the flashlight on and get you home safely. When the remaining battery power is 10% or less, it will automatically switch to ECO mode. *The braking function is disabled during this period.<\/p>\n<p><img decoding=\"async\" class=\"aligncenter wp-image-7246\" src=\"https:\/\/www.sportshine.eu\/wp-content\/uploads\/2025\/07\/KOLESARSKA-LUC-2.jpg\" alt=\"\" width=\"800\" height=\"600\" \/><\/p>\n<h3 style=\"text-align: center;\">YOU WILL RECEIVE IN THE PACKAGE<\/h3>\n<p style=\"text-align: center;\">1 * SEEMEE 300 bicycle light<br \/>\n1 * under-seat mounting bracket<br \/>\n1 * seatpost attachment<br \/>\n1 * USB C charging cable<\/p>\n<p><img decoding=\"async\" class=\"aligncenter wp-image-7247\" src=\"https:\/\/www.sportshine.eu\/wp-content\/uploads\/2025\/07\/luc-za-kolo-6.webp\" alt=\"\" width=\"800\" height=\"600\" \/><\/p>","protected":false},"excerpt":{"rendered":"<p>Magicshine SEEMEE 300 is a smart rear light with multiple operating modes that allow for different lighting options according to your needs. The main light provides a brightness of up to 300 lumens. With the help of two LEDs with different lighting angles, it improves visibility and can reach a lighting distance of up to 3000 meters.<\/p>","protected":false},"featured_media":5775,"comment_status":"open","ping_status":"closed","template":"","meta":[],"product_brand":[131],"product_cat":[82,86],"product_tag":[],"class_list":{"0":"post-6464","1":"product","2":"type-product","3":"status-publish","4":"has-post-thumbnail","6":"product_brand-magicshine","7":"product_cat-kolesarske-luci","8":"product_cat-zadnje-kolesarske-luci","10":"first","11":"onbackorder","12":"taxable","13":"shipping-taxable","14":"purchasable","15":"product-type-simple"},"yoast_head":"<!-- This site is optimized with the Yoast SEO plugin v27.3 - https:\/\/yoast.com\/product\/yoast-seo-wordpress\/ -->\n<title>Zadnja kolesarska lu\u010d MAGICSHINE SEEMEE 300<\/title>\n<meta name=\"description\" content=\"Zadnja kolesarska lu\u010d MAGICSHINE SEEMEE 300 ima neverjetno svetilnost 300-ih lumnov in max delovanje do 200 ur. Priporo\u010damo za vse kolesarje.\" \/>\n<meta name=\"robots\" content=\"index, follow, max-snippet:-1, max-image-preview:large, max-video-preview:-1\" \/>\n<link rel=\"canonical\" href=\"https:\/\/www.sportshine.eu\/en\/shop\/rear-bicycle-light-magicshine-seemee-300\/\" \/>\n<meta property=\"og:locale\" content=\"en_GB\" \/>\n<meta property=\"og:type\" content=\"article\" \/>\n<meta property=\"og:title\" content=\"Zadnja kolesarska lu\u010d MAGICSHINE SEEMEE 300\" \/>\n<meta property=\"og:description\" content=\"Zadnja kolesarska lu\u010d MAGICSHINE SEEMEE 300 ima neverjetno svetilnost 300-ih lumnov in max delovanje do 200 ur. Priporo\u010damo za vse kolesarje.\" \/>\n<meta property=\"og:url\" content=\"https:\/\/www.sportshine.eu\/en\/shop\/rear-bicycle-light-magicshine-seemee-300\/\" \/>\n<meta property=\"og:site_name\" content=\"Sportshine\" \/>\n<meta property=\"article:publisher\" content=\"https:\/\/www.facebook.com\/sportshine.eu\/\" \/>\n<meta property=\"article:modified_time\" content=\"2026-03-11T14:32:00+00:00\" \/>\n<meta property=\"og:image\" content=\"https:\/\/www.sportshine.eu\/wp-content\/uploads\/2025\/07\/mocna-zadnja-kolesarska-luc.webp\" \/>\n\t<meta property=\"og:image:width\" content=\"800\" \/>\n\t<meta property=\"og:image:height\" content=\"800\" \/>\n\t<meta property=\"og:image:type\" content=\"image\/webp\" \/>\n<meta name=\"twitter:card\" content=\"summary_large_image\" \/>\n<meta name=\"twitter:label1\" content=\"Estimated reading time\" \/>\n\t<meta name=\"twitter:data1\" content=\"4 minutes\" \/>\n<script type=\"application\/ld+json\" class=\"yoast-schema-graph\">{\"@context\":\"https:\\\/\\\/schema.org\",\"@graph\":[{\"@type\":\"WebPage\",\"@id\":\"https:\\\/\\\/www.sportshine.eu\\\/trgovina\\\/zadnja-kolesarska-luc-magicshine-seemee-300\\\/\",\"url\":\"https:\\\/\\\/www.sportshine.eu\\\/trgovina\\\/zadnja-kolesarska-luc-magicshine-seemee-300\\\/\",\"name\":\"Zadnja kolesarska lu\u010d MAGICSHINE SEEMEE 300\",\"isPartOf\":{\"@id\":\"https:\\\/\\\/www.sportshine.eu\\\/#website\"},\"primaryImageOfPage\":{\"@id\":\"https:\\\/\\\/www.sportshine.eu\\\/trgovina\\\/zadnja-kolesarska-luc-magicshine-seemee-300\\\/#primaryimage\"},\"image\":{\"@id\":\"https:\\\/\\\/www.sportshine.eu\\\/trgovina\\\/zadnja-kolesarska-luc-magicshine-seemee-300\\\/#primaryimage\"},\"thumbnailUrl\":\"https:\\\/\\\/www.sportshine.eu\\\/wp-content\\\/uploads\\\/2025\\\/07\\\/mocna-zadnja-kolesarska-luc.webp\",\"datePublished\":\"2025-07-05T19:57:23+00:00\",\"dateModified\":\"2026-03-11T14:32:00+00:00\",\"description\":\"Zadnja kolesarska lu\u010d MAGICSHINE SEEMEE 300 ima neverjetno svetilnost 300-ih lumnov in max delovanje do 200 ur. Priporo\u010damo za vse kolesarje.\",\"breadcrumb\":{\"@id\":\"https:\\\/\\\/www.sportshine.eu\\\/trgovina\\\/zadnja-kolesarska-luc-magicshine-seemee-300\\\/#breadcrumb\"},\"inLanguage\":\"en-GB\",\"potentialAction\":[{\"@type\":\"ReadAction\",\"target\":[\"https:\\\/\\\/www.sportshine.eu\\\/trgovina\\\/zadnja-kolesarska-luc-magicshine-seemee-300\\\/\"]}]},{\"@type\":\"ImageObject\",\"inLanguage\":\"en-GB\",\"@id\":\"https:\\\/\\\/www.sportshine.eu\\\/trgovina\\\/zadnja-kolesarska-luc-magicshine-seemee-300\\\/#primaryimage\",\"url\":\"https:\\\/\\\/www.sportshine.eu\\\/wp-content\\\/uploads\\\/2025\\\/07\\\/mocna-zadnja-kolesarska-luc.webp\",\"contentUrl\":\"https:\\\/\\\/www.sportshine.eu\\\/wp-content\\\/uploads\\\/2025\\\/07\\\/mocna-zadnja-kolesarska-luc.webp\",\"width\":800,\"height\":800},{\"@type\":\"BreadcrumbList\",\"@id\":\"https:\\\/\\\/www.sportshine.eu\\\/trgovina\\\/zadnja-kolesarska-luc-magicshine-seemee-300\\\/#breadcrumb\",\"itemListElement\":[{\"@type\":\"ListItem\",\"position\":1,\"name\":\"Home\",\"item\":\"https:\\\/\\\/www.sportshine.eu\\\/\"},{\"@type\":\"ListItem\",\"position\":2,\"name\":\"Trgovina\",\"item\":\"https:\\\/\\\/www.sportshine.eu\\\/trgovina\\\/\"},{\"@type\":\"ListItem\",\"position\":3,\"name\":\"Zadnja kolesarska lu\u010d MAGICSHINE SEEMEE 300\"}]},{\"@type\":\"WebSite\",\"@id\":\"https:\\\/\\\/www.sportshine.eu\\\/#website\",\"url\":\"https:\\\/\\\/www.sportshine.eu\\\/\",\"name\":\"Sportshine\",\"description\":\"Top spletna trgovina kolesarskih in naglavnih svetilk ter opreme\",\"publisher\":{\"@id\":\"https:\\\/\\\/www.sportshine.eu\\\/#organization\"},\"potentialAction\":[{\"@type\":\"SearchAction\",\"target\":{\"@type\":\"EntryPoint\",\"urlTemplate\":\"https:\\\/\\\/www.sportshine.eu\\\/?s={search_term_string}\"},\"query-input\":{\"@type\":\"PropertyValueSpecification\",\"valueRequired\":true,\"valueName\":\"search_term_string\"}}],\"inLanguage\":\"en-GB\"},{\"@type\":\"Organization\",\"@id\":\"https:\\\/\\\/www.sportshine.eu\\\/#organization\",\"name\":\"Sportshine\",\"url\":\"https:\\\/\\\/www.sportshine.eu\\\/\",\"logo\":{\"@type\":\"ImageObject\",\"inLanguage\":\"en-GB\",\"@id\":\"https:\\\/\\\/www.sportshine.eu\\\/#\\\/schema\\\/logo\\\/image\\\/\",\"url\":\"https:\\\/\\\/www.sportshine.eu\\\/wp-content\\\/uploads\\\/2026\\\/01\\\/cropped-Sportshine.webp\",\"contentUrl\":\"https:\\\/\\\/www.sportshine.eu\\\/wp-content\\\/uploads\\\/2026\\\/01\\\/cropped-Sportshine.webp\",\"width\":295,\"height\":128,\"caption\":\"Sportshine\"},\"image\":{\"@id\":\"https:\\\/\\\/www.sportshine.eu\\\/#\\\/schema\\\/logo\\\/image\\\/\"},\"sameAs\":[\"https:\\\/\\\/www.facebook.com\\\/sportshine.eu\\\/\"]}]}<\/script>\n<!-- \/ Yoast SEO plugin. -->","yoast_head_json":{"title":"Rear bicycle light MAGICSHINE SEEMEE 300","description":"The MAGICSHINE SEEMEE 300 rear bicycle light has an incredible brightness of 300 lumens and a maximum operating time of up to 200 hours. We recommend it for all cyclists.","robots":{"index":"index","follow":"follow","max-snippet":"max-snippet:-1","max-image-preview":"max-image-preview:large","max-video-preview":"max-video-preview:-1"},"canonical":"https:\/\/www.sportshine.eu\/en\/shop\/rear-bicycle-light-magicshine-seemee-300\/","og_locale":"en_GB","og_type":"article","og_title":"Zadnja kolesarska lu\u010d MAGICSHINE SEEMEE 300","og_description":"Zadnja kolesarska lu\u010d MAGICSHINE SEEMEE 300 ima neverjetno svetilnost 300-ih lumnov in max delovanje do 200 ur. Priporo\u010damo za vse kolesarje.","og_url":"https:\/\/www.sportshine.eu\/en\/shop\/rear-bicycle-light-magicshine-seemee-300\/","og_site_name":"Sportshine","article_publisher":"https:\/\/www.facebook.com\/sportshine.eu\/","article_modified_time":"2026-03-11T14:32:00+00:00","og_image":[{"width":800,"height":800,"url":"https:\/\/www.sportshine.eu\/wp-content\/uploads\/2025\/07\/mocna-zadnja-kolesarska-luc.webp","type":"image\/webp"}],"twitter_card":"summary_large_image","twitter_misc":{"Estimated reading time":"4 minutes"},"schema":{"@context":"https:\/\/schema.org","@graph":[{"@type":"WebPage","@id":"https:\/\/www.sportshine.eu\/trgovina\/zadnja-kolesarska-luc-magicshine-seemee-300\/","url":"https:\/\/www.sportshine.eu\/trgovina\/zadnja-kolesarska-luc-magicshine-seemee-300\/","name":"Rear bicycle light MAGICSHINE SEEMEE 300","isPartOf":{"@id":"https:\/\/www.sportshine.eu\/#website"},"primaryImageOfPage":{"@id":"https:\/\/www.sportshine.eu\/trgovina\/zadnja-kolesarska-luc-magicshine-seemee-300\/#primaryimage"},"image":{"@id":"https:\/\/www.sportshine.eu\/trgovina\/zadnja-kolesarska-luc-magicshine-seemee-300\/#primaryimage"},"thumbnailUrl":"https:\/\/www.sportshine.eu\/wp-content\/uploads\/2025\/07\/mocna-zadnja-kolesarska-luc.webp","datePublished":"2025-07-05T19:57:23+00:00","dateModified":"2026-03-11T14:32:00+00:00","description":"The MAGICSHINE SEEMEE 300 rear bicycle light has an incredible brightness of 300 lumens and a maximum operating time of up to 200 hours. We recommend it for all cyclists.","breadcrumb":{"@id":"https:\/\/www.sportshine.eu\/trgovina\/zadnja-kolesarska-luc-magicshine-seemee-300\/#breadcrumb"},"inLanguage":"en-GB","potentialAction":[{"@type":"ReadAction","target":["https:\/\/www.sportshine.eu\/trgovina\/zadnja-kolesarska-luc-magicshine-seemee-300\/"]}]},{"@type":"ImageObject","inLanguage":"en-GB","@id":"https:\/\/www.sportshine.eu\/trgovina\/zadnja-kolesarska-luc-magicshine-seemee-300\/#primaryimage","url":"https:\/\/www.sportshine.eu\/wp-content\/uploads\/2025\/07\/mocna-zadnja-kolesarska-luc.webp","contentUrl":"https:\/\/www.sportshine.eu\/wp-content\/uploads\/2025\/07\/mocna-zadnja-kolesarska-luc.webp","width":800,"height":800},{"@type":"BreadcrumbList","@id":"https:\/\/www.sportshine.eu\/trgovina\/zadnja-kolesarska-luc-magicshine-seemee-300\/#breadcrumb","itemListElement":[{"@type":"ListItem","position":1,"name":"Home","item":"https:\/\/www.sportshine.eu\/"},{"@type":"ListItem","position":2,"name":"Trgovina","item":"https:\/\/www.sportshine.eu\/trgovina\/"},{"@type":"ListItem","position":3,"name":"Zadnja kolesarska lu\u010d MAGICSHINE SEEMEE 300"}]},{"@type":"WebSite","@id":"https:\/\/www.sportshine.eu\/#website","url":"https:\/\/www.sportshine.eu\/","name":"Sportshine","description":"Top online store for cycling and head lamps and equipment","publisher":{"@id":"https:\/\/www.sportshine.eu\/#organization"},"potentialAction":[{"@type":"SearchAction","target":{"@type":"EntryPoint","urlTemplate":"https:\/\/www.sportshine.eu\/?s={search_term_string}"},"query-input":{"@type":"PropertyValueSpecification","valueRequired":true,"valueName":"search_term_string"}}],"inLanguage":"en-GB"},{"@type":"Organization","@id":"https:\/\/www.sportshine.eu\/#organization","name":"Sportshine","url":"https:\/\/www.sportshine.eu\/","logo":{"@type":"ImageObject","inLanguage":"en-GB","@id":"https:\/\/www.sportshine.eu\/#\/schema\/logo\/image\/","url":"https:\/\/www.sportshine.eu\/wp-content\/uploads\/2026\/01\/cropped-Sportshine.webp","contentUrl":"https:\/\/www.sportshine.eu\/wp-content\/uploads\/2026\/01\/cropped-Sportshine.webp","width":295,"height":128,"caption":"Sportshine"},"image":{"@id":"https:\/\/www.sportshine.eu\/#\/schema\/logo\/image\/"},"sameAs":["https:\/\/www.facebook.com\/sportshine.eu\/"]}]}},"_links":{"self":[{"href":"https:\/\/www.sportshine.eu\/en\/wp-json\/wp\/v2\/product\/6464","targetHints":{"allow":["GET"]}}],"collection":[{"href":"https:\/\/www.sportshine.eu\/en\/wp-json\/wp\/v2\/product"}],"about":[{"href":"https:\/\/www.sportshine.eu\/en\/wp-json\/wp\/v2\/types\/product"}],"replies":[{"embeddable":true,"href":"https:\/\/www.sportshine.eu\/en\/wp-json\/wp\/v2\/comments?post=6464"}],"version-history":[{"count":0,"href":"https:\/\/www.sportshine.eu\/en\/wp-json\/wp\/v2\/product\/6464\/revisions"}],"wp:featuredmedia":[{"embeddable":true,"href":"https:\/\/www.sportshine.eu\/en\/wp-json\/wp\/v2\/media\/5775"}],"wp:attachment":[{"href":"https:\/\/www.sportshine.eu\/en\/wp-json\/wp\/v2\/media?parent=6464"}],"wp:term":[{"taxonomy":"product_brand","embeddable":true,"href":"https:\/\/www.sportshine.eu\/en\/wp-json\/wp\/v2\/product_brand?post=6464"},{"taxonomy":"product_cat","embeddable":true,"href":"https:\/\/www.sportshine.eu\/en\/wp-json\/wp\/v2\/product_cat?post=6464"},{"taxonomy":"product_tag","embeddable":true,"href":"https:\/\/www.sportshine.eu\/en\/wp-json\/wp\/v2\/product_tag?post=6464"}],"curies":[{"name":"wp","href":"https:\/\/api.w.org\/{rel}","templated":true}]}}