{"id":6463,"date":"2025-07-05T19:57:22","date_gmt":"2025-07-05T19:57:22","guid":{"rendered":"https:\/\/www.sportshine.eu\/?post_type=product&#038;p=6463"},"modified":"2026-04-19T09:15:18","modified_gmt":"2026-04-19T09:15:18","slug":"rear-bicycle-light-with-camera-magicshine-seemee-dv","status":"publish","type":"product","link":"https:\/\/www.sportshine.eu\/en\/shop\/rear-bicycle-light-with-camera-magicshine-seemee-dv\/","title":{"rendered":"Rear bicycle light with camera MAGICSHINE SEEMEE DV"},"content":{"rendered":"<h3 style=\"text-align: center;\">ALWAYS RECORDING, EVEN IN CASE OF AN ACCIDENT<\/h3>\n<p style=\"text-align: center;\">Forget about running out of space on your SD card (included) as smart recording ensures you capture more of your ride. Seemee DV can also automatically lock accident footage, helping to identify responsibility when you need it most. You can adjust the sensor sensitivity via the app to prevent unexpected triggering.<\/p>\n<p><img decoding=\"async\" class=\"aligncenter wp-image-7345\" src=\"https:\/\/www.sportshine.eu\/wp-content\/uploads\/2025\/07\/Seemee-dv-Magicshine.webp\" alt=\"Seemee dv Magicshine\" width=\"800\" height=\"600\" \/><\/p>\n<h3 style=\"text-align: center;\">1080P RECORDING WITH WIDE-ANGLE LENS AND 146\u00b0 VIEWING ANGLE<\/h3>\n<p style=\"text-align: center;\">Don&#039;t miss any action on the road, as the SEEMEE DV&#039;s ultra-wide lens with a 146\u00b0 viewing angle captures every detail in stunning 1080p resolution at 30 frames per second.<\/p>\n<p><img decoding=\"async\" class=\"aligncenter wp-image-7346\" src=\"https:\/\/www.sportshine.eu\/wp-content\/uploads\/2025\/07\/Magicshine-SEEMEE-DV-luc.webp\" alt=\"\" width=\"1000\" height=\"563\" srcset=\"https:\/\/www.sportshine.eu\/wp-content\/uploads\/2025\/07\/Magicshine-SEEMEE-DV-luc-768x432.webp 768w, https:\/\/www.sportshine.eu\/wp-content\/uploads\/2025\/07\/Magicshine-SEEMEE-DV-luc-600x338.webp 600w\" sizes=\"(max-width: 1000px) 100vw, 1000px\" \/><\/p>\n<h3 style=\"text-align: center;\">VIDEO PRESENTATION OF MAGICSHINE SEEMEE DV<\/h3>\n<p><iframe loading=\"lazy\" title=\"MAGICHSINE SEEMEE DV Camera Taillight\" width=\"500\" height=\"281\" src=\"https:\/\/www.youtube.com\/embed\/Y81hEKbTRsw?feature=oembed\" frameborder=\"0\" allow=\"accelerometer; autoplay; clipboard-write; encrypted-media; gyroscope; picture-in-picture; web-share\" referrerpolicy=\"strict-origin-when-cross-origin\" allowfullscreen><\/iframe><\/p>\n<h3 style=\"text-align: center;\">WORKS WITH THE APP<\/h3>\n<p style=\"text-align: center;\">Easily access your footage, share videos, or adjust camera settings like sensor sensitivity via the app. Connect SEEMEE DV and your smartphone via Wi-Fi; refer to the included manual for connection instructions.<\/p>\n<p><img decoding=\"async\" class=\"aligncenter wp-image-7347 size-full\" src=\"https:\/\/www.sportshine.eu\/wp-content\/uploads\/2025\/07\/Seemee-dv-Magicshine-1.webp\" alt=\"\" width=\"800\" height=\"800\" srcset=\"https:\/\/www.sportshine.eu\/wp-content\/uploads\/2025\/07\/Seemee-dv-Magicshine-1.webp 800w, https:\/\/www.sportshine.eu\/wp-content\/uploads\/2025\/07\/Seemee-dv-Magicshine-1-768x768.webp 768w, https:\/\/www.sportshine.eu\/wp-content\/uploads\/2025\/07\/Seemee-dv-Magicshine-1-600x600.webp 600w\" sizes=\"(max-width: 800px) 100vw, 800px\" \/><\/p>\n<h3 style=\"text-align: center;\">DOUBLE ACTION<\/h3>\n<p style=\"text-align: center;\">There are two switches on the top. One is for the rear light and the other is for camera recording. When the light is off, press the power button for 3 seconds to display the remaining battery level. Different colors of the indicator indicate different power levels. When the remaining battery power is less than 10%, the lighting mode changes to ECO FLASH mode. During this period, the DV function is disabled.<\/p>\n<p style=\"text-align: center;\">GREEN: 21% \u2013 100%<br \/>\nRED: 11% \u2013 20%<br \/>\nFLASHING RED: 1% \u2013 10%<\/p>\n<p><img decoding=\"async\" class=\"aligncenter wp-image-7348\" src=\"https:\/\/www.sportshine.eu\/wp-content\/uploads\/2025\/07\/Seemee-dv-Magicshine-kolo.webp\" alt=\"\" width=\"800\" height=\"600\" \/><\/p>\n<h3 style=\"text-align: center;\">ALUMINUM HOUSING<\/h3>\n<p style=\"text-align: center;\">The aluminum housing with plastic parts contributes to a lightweight yet robust construction.<\/p>\n<p><img decoding=\"async\" class=\"aligncenter wp-image-7349 size-full\" src=\"https:\/\/www.sportshine.eu\/wp-content\/uploads\/2025\/07\/ZADNJA-KOLESARSKA-ZMOGLJIVA-LUC-1024x576-1.webp\" alt=\"\" width=\"1024\" height=\"576\" srcset=\"https:\/\/www.sportshine.eu\/wp-content\/uploads\/2025\/07\/ZADNJA-KOLESARSKA-ZMOGLJIVA-LUC-1024x576-1.webp 1024w, https:\/\/www.sportshine.eu\/wp-content\/uploads\/2025\/07\/ZADNJA-KOLESARSKA-ZMOGLJIVA-LUC-1024x576-1-768x432.webp 768w, https:\/\/www.sportshine.eu\/wp-content\/uploads\/2025\/07\/ZADNJA-KOLESARSKA-ZMOGLJIVA-LUC-1024x576-1-600x338.webp 600w\" sizes=\"(max-width: 1024px) 100vw, 1024px\" \/><\/p>\n<h3 style=\"text-align: center;\">WATERPROOF ACCORDING TO IPX6 STANDARD \u2013 FOR ALL WEATHER CONDITIONS<\/h3>\n<p><img decoding=\"async\" class=\"aligncenter wp-image-7350\" src=\"https:\/\/www.sportshine.eu\/wp-content\/uploads\/2025\/07\/Seemee-DV-Magicshine-kolo-luc.webp\" alt=\"\" width=\"800\" height=\"600\" \/><\/p>\n<h3 style=\"text-align: center;\">YOU WILL RECEIVE IN THE PACKAGE<\/h3>\n<p style=\"text-align: center;\">1 * SEEMEE DV tail light<br \/>\n1 * 16GB microSD card<br \/>\n1 * mounting bracket<br \/>\n1 * USB C charging cable<\/p>\n<p><img decoding=\"async\" class=\"aligncenter wp-image-7351\" src=\"https:\/\/www.sportshine.eu\/wp-content\/uploads\/2025\/07\/Zadnja-kolesarska-svetilka-Magicshine-SEEMEE-DV.webp\" alt=\"\" width=\"800\" height=\"600\" \/><\/p>\n<h3 style=\"text-align: center;\">VIDEO INSTRUCTIONS FOR USING MAGICSHINE SEEMEE DV<\/h3>\n<p><iframe loading=\"lazy\" title=\"MAGICSHINE SEEMEE DV Operation Tutorial\" width=\"500\" height=\"281\" src=\"https:\/\/www.youtube.com\/embed\/DNRsbgROYIQ?feature=oembed\" frameborder=\"0\" allow=\"accelerometer; autoplay; clipboard-write; encrypted-media; gyroscope; picture-in-picture; web-share\" referrerpolicy=\"strict-origin-when-cross-origin\" allowfullscreen><\/iframe><\/p>\n<h3><\/h3>\n<h3 style=\"text-align: center;\">VIDEO TEST OF THE MAGICSHINE SEEMEE DV CYCLE LIGHT<\/h3>\n<p><iframe loading=\"lazy\" title=\"The affordable camera + taillight combination - Magicshine Seemee DV Bike Camera Review\" width=\"500\" height=\"281\" src=\"https:\/\/www.youtube.com\/embed\/KRrzR6Xz-fE?feature=oembed\" frameborder=\"0\" allow=\"accelerometer; autoplay; clipboard-write; encrypted-media; gyroscope; picture-in-picture; web-share\" referrerpolicy=\"strict-origin-when-cross-origin\" allowfullscreen><\/iframe><\/p>","protected":false},"excerpt":{"rendered":"<p>The premium bike light from the renowned company Magicshine with a built-in HD camera keeps you visible and safer on the road, while also allowing you to record traffic behind you. It has a built-in 3400 mAh lithium-ion battery along with a 1080P HD camera and a 30 lumen rear light.<\/p>","protected":false},"featured_media":5986,"comment_status":"open","ping_status":"closed","template":"","meta":[],"product_brand":[131],"product_cat":[82,86],"product_tag":[],"class_list":{"0":"post-6463","1":"product","2":"type-product","3":"status-publish","4":"has-post-thumbnail","6":"product_brand-magicshine","7":"product_cat-kolesarske-luci","8":"product_cat-zadnje-kolesarske-luci","10":"first","11":"instock","12":"taxable","13":"shipping-taxable","14":"purchasable","15":"product-type-simple"},"yoast_head":"<!-- This site is optimized with the Yoast SEO plugin v27.3 - https:\/\/yoast.com\/product\/yoast-seo-wordpress\/ -->\n<title>Zadnja kolesarska lu\u010d s kamero MAGICSHINE SEEMEE DV<\/title>\n<meta name=\"description\" content=\"Zadnja kolesarska lu\u010d s kamero MAGICSHINE SEEMEE DV snema promet, ki se dogaja za vami. Vgrajeno ima HD kamero in svetilko z mo\u010djo 30 lumnov.\" \/>\n<meta name=\"robots\" content=\"index, follow, max-snippet:-1, max-image-preview:large, max-video-preview:-1\" \/>\n<link rel=\"canonical\" href=\"https:\/\/www.sportshine.eu\/en\/shop\/rear-bicycle-light-with-camera-magicshine-seemee-dv\/\" \/>\n<meta property=\"og:locale\" content=\"en_GB\" \/>\n<meta property=\"og:type\" content=\"article\" \/>\n<meta property=\"og:title\" content=\"Zadnja kolesarska lu\u010d s kamero MAGICSHINE SEEMEE DV\" \/>\n<meta property=\"og:description\" content=\"Zadnja kolesarska lu\u010d s kamero MAGICSHINE SEEMEE DV snema promet, ki se dogaja za vami. Vgrajeno ima HD kamero in svetilko z mo\u010djo 30 lumnov.\" \/>\n<meta property=\"og:url\" content=\"https:\/\/www.sportshine.eu\/en\/shop\/rear-bicycle-light-with-camera-magicshine-seemee-dv\/\" \/>\n<meta property=\"og:site_name\" content=\"Sportshine\" \/>\n<meta property=\"article:publisher\" content=\"https:\/\/www.facebook.com\/sportshine.eu\/\" \/>\n<meta property=\"article:modified_time\" content=\"2026-04-19T09:15:18+00:00\" \/>\n<meta property=\"og:image\" content=\"https:\/\/www.sportshine.eu\/wp-content\/uploads\/2025\/07\/kolesarska-luc-s-kamero.webp\" \/>\n\t<meta property=\"og:image:width\" content=\"720\" \/>\n\t<meta property=\"og:image:height\" content=\"720\" \/>\n\t<meta property=\"og:image:type\" content=\"image\/webp\" \/>\n<meta name=\"twitter:card\" content=\"summary_large_image\" \/>\n<meta name=\"twitter:label1\" content=\"Estimated reading time\" \/>\n\t<meta name=\"twitter:data1\" content=\"4 minutes\" \/>\n<script type=\"application\/ld+json\" class=\"yoast-schema-graph\">{\"@context\":\"https:\\\/\\\/schema.org\",\"@graph\":[{\"@type\":\"WebPage\",\"@id\":\"https:\\\/\\\/www.sportshine.eu\\\/trgovina\\\/zadnja-kolesarska-luc-s-kamero-magicshine-seemee-dv\\\/\",\"url\":\"https:\\\/\\\/www.sportshine.eu\\\/trgovina\\\/zadnja-kolesarska-luc-s-kamero-magicshine-seemee-dv\\\/\",\"name\":\"Zadnja kolesarska lu\u010d s kamero MAGICSHINE SEEMEE DV\",\"isPartOf\":{\"@id\":\"https:\\\/\\\/www.sportshine.eu\\\/#website\"},\"primaryImageOfPage\":{\"@id\":\"https:\\\/\\\/www.sportshine.eu\\\/trgovina\\\/zadnja-kolesarska-luc-s-kamero-magicshine-seemee-dv\\\/#primaryimage\"},\"image\":{\"@id\":\"https:\\\/\\\/www.sportshine.eu\\\/trgovina\\\/zadnja-kolesarska-luc-s-kamero-magicshine-seemee-dv\\\/#primaryimage\"},\"thumbnailUrl\":\"https:\\\/\\\/www.sportshine.eu\\\/wp-content\\\/uploads\\\/2025\\\/07\\\/kolesarska-luc-s-kamero.webp\",\"datePublished\":\"2025-07-05T19:57:22+00:00\",\"dateModified\":\"2026-04-19T09:15:18+00:00\",\"description\":\"Zadnja kolesarska lu\u010d s kamero MAGICSHINE SEEMEE DV snema promet, ki se dogaja za vami. Vgrajeno ima HD kamero in svetilko z mo\u010djo 30 lumnov.\",\"breadcrumb\":{\"@id\":\"https:\\\/\\\/www.sportshine.eu\\\/trgovina\\\/zadnja-kolesarska-luc-s-kamero-magicshine-seemee-dv\\\/#breadcrumb\"},\"inLanguage\":\"en-GB\",\"potentialAction\":[{\"@type\":\"ReadAction\",\"target\":[\"https:\\\/\\\/www.sportshine.eu\\\/trgovina\\\/zadnja-kolesarska-luc-s-kamero-magicshine-seemee-dv\\\/\"]}]},{\"@type\":\"ImageObject\",\"inLanguage\":\"en-GB\",\"@id\":\"https:\\\/\\\/www.sportshine.eu\\\/trgovina\\\/zadnja-kolesarska-luc-s-kamero-magicshine-seemee-dv\\\/#primaryimage\",\"url\":\"https:\\\/\\\/www.sportshine.eu\\\/wp-content\\\/uploads\\\/2025\\\/07\\\/kolesarska-luc-s-kamero.webp\",\"contentUrl\":\"https:\\\/\\\/www.sportshine.eu\\\/wp-content\\\/uploads\\\/2025\\\/07\\\/kolesarska-luc-s-kamero.webp\",\"width\":720,\"height\":720},{\"@type\":\"BreadcrumbList\",\"@id\":\"https:\\\/\\\/www.sportshine.eu\\\/trgovina\\\/zadnja-kolesarska-luc-s-kamero-magicshine-seemee-dv\\\/#breadcrumb\",\"itemListElement\":[{\"@type\":\"ListItem\",\"position\":1,\"name\":\"Home\",\"item\":\"https:\\\/\\\/www.sportshine.eu\\\/\"},{\"@type\":\"ListItem\",\"position\":2,\"name\":\"Trgovina\",\"item\":\"https:\\\/\\\/www.sportshine.eu\\\/trgovina\\\/\"},{\"@type\":\"ListItem\",\"position\":3,\"name\":\"Zadnja kolesarska lu\u010d s kamero MAGICSHINE SEEMEE DV\"}]},{\"@type\":\"WebSite\",\"@id\":\"https:\\\/\\\/www.sportshine.eu\\\/#website\",\"url\":\"https:\\\/\\\/www.sportshine.eu\\\/\",\"name\":\"Sportshine\",\"description\":\"Top spletna trgovina kolesarskih in naglavnih svetilk ter opreme\",\"publisher\":{\"@id\":\"https:\\\/\\\/www.sportshine.eu\\\/#organization\"},\"potentialAction\":[{\"@type\":\"SearchAction\",\"target\":{\"@type\":\"EntryPoint\",\"urlTemplate\":\"https:\\\/\\\/www.sportshine.eu\\\/?s={search_term_string}\"},\"query-input\":{\"@type\":\"PropertyValueSpecification\",\"valueRequired\":true,\"valueName\":\"search_term_string\"}}],\"inLanguage\":\"en-GB\"},{\"@type\":\"Organization\",\"@id\":\"https:\\\/\\\/www.sportshine.eu\\\/#organization\",\"name\":\"Sportshine\",\"url\":\"https:\\\/\\\/www.sportshine.eu\\\/\",\"logo\":{\"@type\":\"ImageObject\",\"inLanguage\":\"en-GB\",\"@id\":\"https:\\\/\\\/www.sportshine.eu\\\/#\\\/schema\\\/logo\\\/image\\\/\",\"url\":\"https:\\\/\\\/www.sportshine.eu\\\/wp-content\\\/uploads\\\/2026\\\/01\\\/cropped-Sportshine.webp\",\"contentUrl\":\"https:\\\/\\\/www.sportshine.eu\\\/wp-content\\\/uploads\\\/2026\\\/01\\\/cropped-Sportshine.webp\",\"width\":295,\"height\":128,\"caption\":\"Sportshine\"},\"image\":{\"@id\":\"https:\\\/\\\/www.sportshine.eu\\\/#\\\/schema\\\/logo\\\/image\\\/\"},\"sameAs\":[\"https:\\\/\\\/www.facebook.com\\\/sportshine.eu\\\/\"]}]}<\/script>\n<!-- \/ Yoast SEO plugin. -->","yoast_head_json":{"title":"Rear bicycle light with camera MAGICSHINE SEEMEE DV","description":"The MAGICSHINE SEEMEE DV rear camera bike light records the traffic behind you. It has a built-in HD camera and a 30 lumen flashlight.","robots":{"index":"index","follow":"follow","max-snippet":"max-snippet:-1","max-image-preview":"max-image-preview:large","max-video-preview":"max-video-preview:-1"},"canonical":"https:\/\/www.sportshine.eu\/en\/shop\/rear-bicycle-light-with-camera-magicshine-seemee-dv\/","og_locale":"en_GB","og_type":"article","og_title":"Zadnja kolesarska lu\u010d s kamero MAGICSHINE SEEMEE DV","og_description":"Zadnja kolesarska lu\u010d s kamero MAGICSHINE SEEMEE DV snema promet, ki se dogaja za vami. Vgrajeno ima HD kamero in svetilko z mo\u010djo 30 lumnov.","og_url":"https:\/\/www.sportshine.eu\/en\/shop\/rear-bicycle-light-with-camera-magicshine-seemee-dv\/","og_site_name":"Sportshine","article_publisher":"https:\/\/www.facebook.com\/sportshine.eu\/","article_modified_time":"2026-04-19T09:15:18+00:00","og_image":[{"width":720,"height":720,"url":"https:\/\/www.sportshine.eu\/wp-content\/uploads\/2025\/07\/kolesarska-luc-s-kamero.webp","type":"image\/webp"}],"twitter_card":"summary_large_image","twitter_misc":{"Estimated reading time":"4 minutes"},"schema":{"@context":"https:\/\/schema.org","@graph":[{"@type":"WebPage","@id":"https:\/\/www.sportshine.eu\/trgovina\/zadnja-kolesarska-luc-s-kamero-magicshine-seemee-dv\/","url":"https:\/\/www.sportshine.eu\/trgovina\/zadnja-kolesarska-luc-s-kamero-magicshine-seemee-dv\/","name":"Rear bicycle light with camera MAGICSHINE SEEMEE DV","isPartOf":{"@id":"https:\/\/www.sportshine.eu\/#website"},"primaryImageOfPage":{"@id":"https:\/\/www.sportshine.eu\/trgovina\/zadnja-kolesarska-luc-s-kamero-magicshine-seemee-dv\/#primaryimage"},"image":{"@id":"https:\/\/www.sportshine.eu\/trgovina\/zadnja-kolesarska-luc-s-kamero-magicshine-seemee-dv\/#primaryimage"},"thumbnailUrl":"https:\/\/www.sportshine.eu\/wp-content\/uploads\/2025\/07\/kolesarska-luc-s-kamero.webp","datePublished":"2025-07-05T19:57:22+00:00","dateModified":"2026-04-19T09:15:18+00:00","description":"The MAGICSHINE SEEMEE DV rear camera bike light records the traffic behind you. It has a built-in HD camera and a 30 lumen flashlight.","breadcrumb":{"@id":"https:\/\/www.sportshine.eu\/trgovina\/zadnja-kolesarska-luc-s-kamero-magicshine-seemee-dv\/#breadcrumb"},"inLanguage":"en-GB","potentialAction":[{"@type":"ReadAction","target":["https:\/\/www.sportshine.eu\/trgovina\/zadnja-kolesarska-luc-s-kamero-magicshine-seemee-dv\/"]}]},{"@type":"ImageObject","inLanguage":"en-GB","@id":"https:\/\/www.sportshine.eu\/trgovina\/zadnja-kolesarska-luc-s-kamero-magicshine-seemee-dv\/#primaryimage","url":"https:\/\/www.sportshine.eu\/wp-content\/uploads\/2025\/07\/kolesarska-luc-s-kamero.webp","contentUrl":"https:\/\/www.sportshine.eu\/wp-content\/uploads\/2025\/07\/kolesarska-luc-s-kamero.webp","width":720,"height":720},{"@type":"BreadcrumbList","@id":"https:\/\/www.sportshine.eu\/trgovina\/zadnja-kolesarska-luc-s-kamero-magicshine-seemee-dv\/#breadcrumb","itemListElement":[{"@type":"ListItem","position":1,"name":"Home","item":"https:\/\/www.sportshine.eu\/"},{"@type":"ListItem","position":2,"name":"Trgovina","item":"https:\/\/www.sportshine.eu\/trgovina\/"},{"@type":"ListItem","position":3,"name":"Zadnja kolesarska lu\u010d s kamero MAGICSHINE SEEMEE DV"}]},{"@type":"WebSite","@id":"https:\/\/www.sportshine.eu\/#website","url":"https:\/\/www.sportshine.eu\/","name":"Sportshine","description":"Top online store for cycling and head lamps and equipment","publisher":{"@id":"https:\/\/www.sportshine.eu\/#organization"},"potentialAction":[{"@type":"SearchAction","target":{"@type":"EntryPoint","urlTemplate":"https:\/\/www.sportshine.eu\/?s={search_term_string}"},"query-input":{"@type":"PropertyValueSpecification","valueRequired":true,"valueName":"search_term_string"}}],"inLanguage":"en-GB"},{"@type":"Organization","@id":"https:\/\/www.sportshine.eu\/#organization","name":"Sportshine","url":"https:\/\/www.sportshine.eu\/","logo":{"@type":"ImageObject","inLanguage":"en-GB","@id":"https:\/\/www.sportshine.eu\/#\/schema\/logo\/image\/","url":"https:\/\/www.sportshine.eu\/wp-content\/uploads\/2026\/01\/cropped-Sportshine.webp","contentUrl":"https:\/\/www.sportshine.eu\/wp-content\/uploads\/2026\/01\/cropped-Sportshine.webp","width":295,"height":128,"caption":"Sportshine"},"image":{"@id":"https:\/\/www.sportshine.eu\/#\/schema\/logo\/image\/"},"sameAs":["https:\/\/www.facebook.com\/sportshine.eu\/"]}]}},"_links":{"self":[{"href":"https:\/\/www.sportshine.eu\/en\/wp-json\/wp\/v2\/product\/6463","targetHints":{"allow":["GET"]}}],"collection":[{"href":"https:\/\/www.sportshine.eu\/en\/wp-json\/wp\/v2\/product"}],"about":[{"href":"https:\/\/www.sportshine.eu\/en\/wp-json\/wp\/v2\/types\/product"}],"replies":[{"embeddable":true,"href":"https:\/\/www.sportshine.eu\/en\/wp-json\/wp\/v2\/comments?post=6463"}],"version-history":[{"count":2,"href":"https:\/\/www.sportshine.eu\/en\/wp-json\/wp\/v2\/product\/6463\/revisions"}],"predecessor-version":[{"id":10396,"href":"https:\/\/www.sportshine.eu\/en\/wp-json\/wp\/v2\/product\/6463\/revisions\/10396"}],"wp:featuredmedia":[{"embeddable":true,"href":"https:\/\/www.sportshine.eu\/en\/wp-json\/wp\/v2\/media\/5986"}],"wp:attachment":[{"href":"https:\/\/www.sportshine.eu\/en\/wp-json\/wp\/v2\/media?parent=6463"}],"wp:term":[{"taxonomy":"product_brand","embeddable":true,"href":"https:\/\/www.sportshine.eu\/en\/wp-json\/wp\/v2\/product_brand?post=6463"},{"taxonomy":"product_cat","embeddable":true,"href":"https:\/\/www.sportshine.eu\/en\/wp-json\/wp\/v2\/product_cat?post=6463"},{"taxonomy":"product_tag","embeddable":true,"href":"https:\/\/www.sportshine.eu\/en\/wp-json\/wp\/v2\/product_tag?post=6463"}],"curies":[{"name":"wp","href":"https:\/\/api.w.org\/{rel}","templated":true}]}}