{"id":6453,"date":"2025-07-05T19:45:16","date_gmt":"2025-07-05T19:45:16","guid":{"rendered":"https:\/\/www.sportshine.eu\/?post_type=product&#038;p=6453"},"modified":"2025-11-25T11:02:07","modified_gmt":"2025-11-25T11:02:07","slug":"magicshine-seemee-50-mag-bicycle-light","status":"publish","type":"product","link":"https:\/\/www.sportshine.eu\/en\/shop\/magicshine-seemee-50-mag-bicycle-light\/","title":{"rendered":"Magicshine SEEMEE 50 MAG bicycle light"},"content":{"rendered":"<h3 style=\"text-align: center;\">PRESENTATION OF THE MAGICSHINE SEEMEE 50MAG CYCLE LIGHT<\/h3>\n<p><iframe loading=\"lazy\" title=\"MAGICSHINE SEEMEE 50 MAG Smart Magnetic Taillight\" width=\"500\" height=\"281\" src=\"https:\/\/www.youtube.com\/embed\/3OLk8T18VUY?feature=oembed\" frameborder=\"0\" allow=\"accelerometer; autoplay; clipboard-write; encrypted-media; gyroscope; picture-in-picture; web-share\" referrerpolicy=\"strict-origin-when-cross-origin\" allowfullscreen><\/iframe><\/p>\n<h3><\/h3>\n<h3 style=\"text-align: center;\">PELETON FLASHING SYNCHRONIZATION<\/h3>\n<p style=\"text-align: center;\">PelotonSync technology, built into the SEEMEE 50MAG bike light, brings a new level of safety to cyclists. When two or more lights approach each other, their flashing is synchronized, creating an impressive visual effect. These synchronized lights then emit a single red signal that is more visible to other road users, increasing cyclist safety.<\/p>\n<p><img decoding=\"async\" class=\"aligncenter wp-image-7373\" src=\"https:\/\/www.sportshine.eu\/wp-content\/uploads\/2025\/07\/Magicshine-SEEMEE-50MAG-kolesarska-luc.webp\" alt=\"Magicshine SEEMEE 50MAG bicycle light\" width=\"800\" height=\"600\" srcset=\"https:\/\/www.sportshine.eu\/wp-content\/uploads\/2025\/07\/Magicshine-SEEMEE-50MAG-kolesarska-luc-768x576.webp 768w, https:\/\/www.sportshine.eu\/wp-content\/uploads\/2025\/07\/Magicshine-SEEMEE-50MAG-kolesarska-luc-600x450.webp 600w\" sizes=\"(max-width: 800px) 100vw, 800px\" \/><\/p>\n<p>&nbsp;<\/p>\n<h3 style=\"text-align: center;\">INNOVATIVE MAGNETIC ATTACHMENT<\/h3>\n<p style=\"text-align: center;\">Suitable for LUMOS Ultra Fly\/Aero helmets, magnetic attachment. Garmin quick release mount allows for easy mounting on saddles or seatposts.<\/p>\n<p><img decoding=\"async\" class=\"aligncenter wp-image-7375\" src=\"https:\/\/www.sportshine.eu\/wp-content\/uploads\/2025\/07\/Magicshine-SEEMEE-50MAG-kolesarska-luc-1.webp\" alt=\"\" width=\"800\" height=\"600\" srcset=\"https:\/\/www.sportshine.eu\/wp-content\/uploads\/2025\/07\/Magicshine-SEEMEE-50MAG-kolesarska-luc-1-768x576.webp 768w, https:\/\/www.sportshine.eu\/wp-content\/uploads\/2025\/07\/Magicshine-SEEMEE-50MAG-kolesarska-luc-1-600x450.webp 600w\" sizes=\"(max-width: 800px) 100vw, 800px\" \/><\/p>\n<p>&nbsp;<\/p>\n<h3 style=\"text-align: center;\">DUAL LIGHT SOURCE<\/h3>\n<p style=\"text-align: center;\">Equipped with red and white light at 50 lumens, the SEEMEE 50MAG functions as a daytime running light (DRL) and tail light, ensuring safety at all times.<\/p>\n<p><img decoding=\"async\" class=\"aligncenter wp-image-7376\" src=\"https:\/\/www.sportshine.eu\/wp-content\/uploads\/2025\/07\/Magicshine-SEEMEE-50MAG-kolesarska-luc-2.webp\" alt=\"Magicshine SEEMEE 50MAG bicycle light\" width=\"800\" height=\"600\" srcset=\"https:\/\/www.sportshine.eu\/wp-content\/uploads\/2025\/07\/Magicshine-SEEMEE-50MAG-kolesarska-luc-2-768x576.webp 768w, https:\/\/www.sportshine.eu\/wp-content\/uploads\/2025\/07\/Magicshine-SEEMEE-50MAG-kolesarska-luc-2-600x450.webp 600w\" sizes=\"(max-width: 800px) 100vw, 800px\" \/><\/p>\n<p>&nbsp;<\/p>\n<h3 style=\"text-align: center;\">EASY-TO-READ INDICATOR<\/h3>\n<p style=\"text-align: center;\">Simply click the switch to show how much capacity you have left. When the light is off, click the button for 3 seconds and the remaining battery level will be displayed.<\/p>\n<p><img decoding=\"async\" class=\"aligncenter wp-image-7377\" src=\"https:\/\/www.sportshine.eu\/wp-content\/uploads\/2025\/07\/Magicshine-SEEMEE-50MAG-kolesarska-luc-3.webp\" alt=\"Magicshine SEEMEE 50MAG bicycle light\" width=\"800\" height=\"600\" srcset=\"https:\/\/www.sportshine.eu\/wp-content\/uploads\/2025\/07\/Magicshine-SEEMEE-50MAG-kolesarska-luc-3-768x576.webp 768w, https:\/\/www.sportshine.eu\/wp-content\/uploads\/2025\/07\/Magicshine-SEEMEE-50MAG-kolesarska-luc-3-600x450.webp 600w\" sizes=\"(max-width: 800px) 100vw, 800px\" \/><\/p>\n<p>&nbsp;<\/p>\n<h3 style=\"text-align: center;\">SMART PROTECTION WITH LOCKING<\/h3>\n<p style=\"text-align: center;\">An innovative locking system prevents accidental activation, ensuring worry-free carrying or storage while preserving battery life.<\/p>\n<p><img decoding=\"async\" class=\"aligncenter wp-image-7378\" src=\"https:\/\/www.sportshine.eu\/wp-content\/uploads\/2025\/07\/Magicshine-SEEMEE-50MAG-kolesarska-luc-4.webp\" alt=\"Magicshine SEEMEE 50MAG bicycle light\" width=\"800\" height=\"600\" srcset=\"https:\/\/www.sportshine.eu\/wp-content\/uploads\/2025\/07\/Magicshine-SEEMEE-50MAG-kolesarska-luc-4-768x576.webp 768w, https:\/\/www.sportshine.eu\/wp-content\/uploads\/2025\/07\/Magicshine-SEEMEE-50MAG-kolesarska-luc-4-600x450.webp 600w\" sizes=\"(max-width: 800px) 100vw, 800px\" \/><\/p>\n<p>&nbsp;<\/p>\n<h3 style=\"text-align: center;\">LONG-LASTING BATTERY<\/h3>\n<p style=\"text-align: center;\">Powered by a 350 mAh battery, it provides up to 28.5 hours of playtime and can be fully charged in just 1.5 hours via USB-C.<\/p>\n<p><img decoding=\"async\" class=\"aligncenter wp-image-7379\" src=\"https:\/\/www.sportshine.eu\/wp-content\/uploads\/2025\/07\/Magicshine-SEEMEE-50MAG-kolesarska-luc-5.webp\" alt=\"Magicshine SEEMEE 50MAG bicycle light\" width=\"800\" height=\"600\" srcset=\"https:\/\/www.sportshine.eu\/wp-content\/uploads\/2025\/07\/Magicshine-SEEMEE-50MAG-kolesarska-luc-5-768x576.webp 768w, https:\/\/www.sportshine.eu\/wp-content\/uploads\/2025\/07\/Magicshine-SEEMEE-50MAG-kolesarska-luc-5-600x450.webp 600w\" sizes=\"(max-width: 800px) 100vw, 800px\" \/><\/p>\n<h3 style=\"text-align: center;\"><\/h3>\n<h3 style=\"text-align: center;\">WATERPROOF ACCORDING TO IPX6 STANDARD<\/h3>\n<p style=\"text-align: center;\">With IPX6 certification, the SEEMEE 50MAG is resistant to rain and adverse weather conditions, ensuring reliable operation.<\/p>\n<p><img decoding=\"async\" class=\"aligncenter wp-image-7380\" src=\"https:\/\/www.sportshine.eu\/wp-content\/uploads\/2025\/07\/Magicshine-SEEMEE-50MAG-kolesarska-luc-6.webp\" alt=\"Magicshine SEEMEE 50MAG bicycle light\" width=\"800\" height=\"600\" srcset=\"https:\/\/www.sportshine.eu\/wp-content\/uploads\/2025\/07\/Magicshine-SEEMEE-50MAG-kolesarska-luc-6-768x576.webp 768w, https:\/\/www.sportshine.eu\/wp-content\/uploads\/2025\/07\/Magicshine-SEEMEE-50MAG-kolesarska-luc-6-600x450.webp 600w\" sizes=\"(max-width: 800px) 100vw, 800px\" \/><\/p>\n<p>&nbsp;<\/p>\n<h3 style=\"text-align: center;\">WHAT DO YOU GET IN THE PACKAGE?<\/h3>\n<p><img decoding=\"async\" class=\"aligncenter wp-image-7381\" src=\"https:\/\/www.sportshine.eu\/wp-content\/uploads\/2025\/07\/Magicshine-SEEMEE-50MAG-kolesarska-luc-7.webp\" alt=\"Magicshine SEEMEE 50MAG bicycle light\" width=\"800\" height=\"600\" \/><\/p>\n<p>&nbsp;<\/p>\n<p style=\"text-align: center;\">SEEMEE 50MAG bicycle light * 1<br \/>\nQuick release adapter * 1<br \/>\nSeat bracket (includes strap) * 1<br \/>\nSeatpost bracket * 1<br \/>\nUSB-C charging cable * 1<br \/>\nUser manual * 1<\/p>","protected":false},"excerpt":{"rendered":"<p>Magicshine SEEMEE 50MAG bike light is a brand new product from Magicshine. The innovative bike light with a built-in function can be used as a white front light or a red rear light.<\/p>\n<p><span style=\"color: #99cc00;\">\u2714<\/span> The highly efficient LED bulb provides a maximum output of 50 lumens.<br \/>\n<span style=\"color: #99cc00;\">\u2714 <\/span>The red and white dual light source can be used as a daytime running light (DRL) or tail light.<br \/>\n<span style=\"color: #99cc00;\">\u2714<\/span> PelotonSync Flash technology, compatible with rear lights of the same model or SEEMEE 50 V2.0 for increased safety and team spirit.<br \/>\n<span style=\"color: #99cc00;\">\u2714<\/span> FTR LightSync Control technology, compatible with ALLTY 800 V2.0\/1200\/1200U\/3000 front lights and MJ-6558 remote for intelligent one-finger control.<br \/>\n<span style=\"color: #99cc00;\">\u2714<\/span> Magnetic mount and Garmin style quick release.<br \/>\n<span style=\"color: #99cc00;\">\u2714 <\/span>Compatible with LUMOS Ultra Fly and Ultra Aero series helmets.<br \/>\n<span style=\"color: #99cc00;\">\u2714<\/span> The lock function prevents accidental activation.<br \/>\n<span style=\"color: #99cc00;\">\u2714<\/span> Memory function, easy-to-read battery indicator and charging via USB-C.<br \/>\n<span style=\"color: #99cc00;\">\u2714<\/span> IPX6 resistant to heavy rain.<\/p>","protected":false},"featured_media":6006,"comment_status":"open","ping_status":"closed","template":"","meta":[],"product_brand":[131],"product_cat":[86],"product_tag":[],"class_list":{"0":"post-6453","1":"product","2":"type-product","3":"status-publish","4":"has-post-thumbnail","6":"product_brand-magicshine","7":"product_cat-zadnje-kolesarske-luci","9":"first","10":"instock","11":"taxable","12":"shipping-taxable","13":"purchasable","14":"product-type-simple"},"yoast_head":"<!-- This site is optimized with the Yoast SEO plugin v27.3 - https:\/\/yoast.com\/product\/yoast-seo-wordpress\/ -->\n<title>Magicshine SEEMEE 50 MAG kolesarska lu\u010d<\/title>\n<meta name=\"description\" content=\"Magicshine SEEMEE 50MAG kolesarska lu\u010d z magnetnim zapenjajem, mo\u017enost namestitve pod sede\u017e in sinhronizacije svetlobe z drugo lu\u010djo.\" \/>\n<meta name=\"robots\" content=\"index, follow, max-snippet:-1, max-image-preview:large, max-video-preview:-1\" \/>\n<link rel=\"canonical\" href=\"https:\/\/www.sportshine.eu\/en\/shop\/magicshine-seemee-50-mag-bicycle-light\/\" \/>\n<meta property=\"og:locale\" content=\"en_GB\" \/>\n<meta property=\"og:type\" content=\"article\" \/>\n<meta property=\"og:title\" content=\"Magicshine SEEMEE 50 MAG kolesarska lu\u010d\" \/>\n<meta property=\"og:description\" content=\"Magicshine SEEMEE 50MAG kolesarska lu\u010d z magnetnim zapenjajem, mo\u017enost namestitve pod sede\u017e in sinhronizacije svetlobe z drugo lu\u010djo.\" \/>\n<meta property=\"og:url\" content=\"https:\/\/www.sportshine.eu\/en\/shop\/magicshine-seemee-50-mag-bicycle-light\/\" \/>\n<meta property=\"og:site_name\" content=\"Sportshine\" \/>\n<meta property=\"article:publisher\" content=\"https:\/\/www.facebook.com\/sportshine.eu\/\" \/>\n<meta property=\"article:modified_time\" content=\"2025-11-25T11:02:07+00:00\" \/>\n<meta property=\"og:image\" content=\"https:\/\/www.sportshine.eu\/wp-content\/uploads\/2025\/07\/Magicshine-SEEMEE-50-MAG-kolesarska-luc.webp\" \/>\n\t<meta property=\"og:image:width\" content=\"800\" \/>\n\t<meta property=\"og:image:height\" content=\"800\" \/>\n\t<meta property=\"og:image:type\" content=\"image\/webp\" \/>\n<meta name=\"twitter:card\" content=\"summary_large_image\" \/>\n<meta name=\"twitter:label1\" content=\"Estimated reading time\" \/>\n\t<meta name=\"twitter:data1\" content=\"3 minutes\" \/>\n<script type=\"application\/ld+json\" class=\"yoast-schema-graph\">{\"@context\":\"https:\\\/\\\/schema.org\",\"@graph\":[{\"@type\":\"WebPage\",\"@id\":\"https:\\\/\\\/www.sportshine.eu\\\/trgovina\\\/magicshine-seemee-50-mag-kolesarska-luc\\\/\",\"url\":\"https:\\\/\\\/www.sportshine.eu\\\/trgovina\\\/magicshine-seemee-50-mag-kolesarska-luc\\\/\",\"name\":\"Magicshine SEEMEE 50 MAG kolesarska lu\u010d\",\"isPartOf\":{\"@id\":\"https:\\\/\\\/www.sportshine.eu\\\/#website\"},\"primaryImageOfPage\":{\"@id\":\"https:\\\/\\\/www.sportshine.eu\\\/trgovina\\\/magicshine-seemee-50-mag-kolesarska-luc\\\/#primaryimage\"},\"image\":{\"@id\":\"https:\\\/\\\/www.sportshine.eu\\\/trgovina\\\/magicshine-seemee-50-mag-kolesarska-luc\\\/#primaryimage\"},\"thumbnailUrl\":\"https:\\\/\\\/www.sportshine.eu\\\/wp-content\\\/uploads\\\/2025\\\/07\\\/Magicshine-SEEMEE-50-MAG-kolesarska-luc.webp\",\"datePublished\":\"2025-07-05T19:45:16+00:00\",\"dateModified\":\"2025-11-25T11:02:07+00:00\",\"description\":\"Magicshine SEEMEE 50MAG kolesarska lu\u010d z magnetnim zapenjajem, mo\u017enost namestitve pod sede\u017e in sinhronizacije svetlobe z drugo lu\u010djo.\",\"breadcrumb\":{\"@id\":\"https:\\\/\\\/www.sportshine.eu\\\/trgovina\\\/magicshine-seemee-50-mag-kolesarska-luc\\\/#breadcrumb\"},\"inLanguage\":\"en-GB\",\"potentialAction\":[{\"@type\":\"ReadAction\",\"target\":[\"https:\\\/\\\/www.sportshine.eu\\\/trgovina\\\/magicshine-seemee-50-mag-kolesarska-luc\\\/\"]}]},{\"@type\":\"ImageObject\",\"inLanguage\":\"en-GB\",\"@id\":\"https:\\\/\\\/www.sportshine.eu\\\/trgovina\\\/magicshine-seemee-50-mag-kolesarska-luc\\\/#primaryimage\",\"url\":\"https:\\\/\\\/www.sportshine.eu\\\/wp-content\\\/uploads\\\/2025\\\/07\\\/Magicshine-SEEMEE-50-MAG-kolesarska-luc.webp\",\"contentUrl\":\"https:\\\/\\\/www.sportshine.eu\\\/wp-content\\\/uploads\\\/2025\\\/07\\\/Magicshine-SEEMEE-50-MAG-kolesarska-luc.webp\",\"width\":800,\"height\":800},{\"@type\":\"BreadcrumbList\",\"@id\":\"https:\\\/\\\/www.sportshine.eu\\\/trgovina\\\/magicshine-seemee-50-mag-kolesarska-luc\\\/#breadcrumb\",\"itemListElement\":[{\"@type\":\"ListItem\",\"position\":1,\"name\":\"Home\",\"item\":\"https:\\\/\\\/www.sportshine.eu\\\/\"},{\"@type\":\"ListItem\",\"position\":2,\"name\":\"Trgovina\",\"item\":\"https:\\\/\\\/www.sportshine.eu\\\/trgovina\\\/\"},{\"@type\":\"ListItem\",\"position\":3,\"name\":\"Magicshine SEEMEE 50 MAG kolesarska lu\u010d\"}]},{\"@type\":\"WebSite\",\"@id\":\"https:\\\/\\\/www.sportshine.eu\\\/#website\",\"url\":\"https:\\\/\\\/www.sportshine.eu\\\/\",\"name\":\"Sportshine\",\"description\":\"Top spletna trgovina kolesarskih in naglavnih svetilk ter opreme\",\"publisher\":{\"@id\":\"https:\\\/\\\/www.sportshine.eu\\\/#organization\"},\"potentialAction\":[{\"@type\":\"SearchAction\",\"target\":{\"@type\":\"EntryPoint\",\"urlTemplate\":\"https:\\\/\\\/www.sportshine.eu\\\/?s={search_term_string}\"},\"query-input\":{\"@type\":\"PropertyValueSpecification\",\"valueRequired\":true,\"valueName\":\"search_term_string\"}}],\"inLanguage\":\"en-GB\"},{\"@type\":\"Organization\",\"@id\":\"https:\\\/\\\/www.sportshine.eu\\\/#organization\",\"name\":\"Sportshine\",\"url\":\"https:\\\/\\\/www.sportshine.eu\\\/\",\"logo\":{\"@type\":\"ImageObject\",\"inLanguage\":\"en-GB\",\"@id\":\"https:\\\/\\\/www.sportshine.eu\\\/#\\\/schema\\\/logo\\\/image\\\/\",\"url\":\"https:\\\/\\\/www.sportshine.eu\\\/wp-content\\\/uploads\\\/2026\\\/01\\\/cropped-Sportshine.webp\",\"contentUrl\":\"https:\\\/\\\/www.sportshine.eu\\\/wp-content\\\/uploads\\\/2026\\\/01\\\/cropped-Sportshine.webp\",\"width\":295,\"height\":128,\"caption\":\"Sportshine\"},\"image\":{\"@id\":\"https:\\\/\\\/www.sportshine.eu\\\/#\\\/schema\\\/logo\\\/image\\\/\"},\"sameAs\":[\"https:\\\/\\\/www.facebook.com\\\/sportshine.eu\\\/\"]}]}<\/script>\n<!-- \/ Yoast SEO plugin. -->","yoast_head_json":{"title":"Magicshine SEEMEE 50 MAG bicycle light","description":"Magicshine SEEMEE 50MAG bicycle light with magnetic fastening, possibility of installation under the seat and synchronization of light with another light.","robots":{"index":"index","follow":"follow","max-snippet":"max-snippet:-1","max-image-preview":"max-image-preview:large","max-video-preview":"max-video-preview:-1"},"canonical":"https:\/\/www.sportshine.eu\/en\/shop\/magicshine-seemee-50-mag-bicycle-light\/","og_locale":"en_GB","og_type":"article","og_title":"Magicshine SEEMEE 50 MAG kolesarska lu\u010d","og_description":"Magicshine SEEMEE 50MAG kolesarska lu\u010d z magnetnim zapenjajem, mo\u017enost namestitve pod sede\u017e in sinhronizacije svetlobe z drugo lu\u010djo.","og_url":"https:\/\/www.sportshine.eu\/en\/shop\/magicshine-seemee-50-mag-bicycle-light\/","og_site_name":"Sportshine","article_publisher":"https:\/\/www.facebook.com\/sportshine.eu\/","article_modified_time":"2025-11-25T11:02:07+00:00","og_image":[{"width":800,"height":800,"url":"https:\/\/www.sportshine.eu\/wp-content\/uploads\/2025\/07\/Magicshine-SEEMEE-50-MAG-kolesarska-luc.webp","type":"image\/webp"}],"twitter_card":"summary_large_image","twitter_misc":{"Estimated reading time":"3 minutes"},"schema":{"@context":"https:\/\/schema.org","@graph":[{"@type":"WebPage","@id":"https:\/\/www.sportshine.eu\/trgovina\/magicshine-seemee-50-mag-kolesarska-luc\/","url":"https:\/\/www.sportshine.eu\/trgovina\/magicshine-seemee-50-mag-kolesarska-luc\/","name":"Magicshine SEEMEE 50 MAG bicycle light","isPartOf":{"@id":"https:\/\/www.sportshine.eu\/#website"},"primaryImageOfPage":{"@id":"https:\/\/www.sportshine.eu\/trgovina\/magicshine-seemee-50-mag-kolesarska-luc\/#primaryimage"},"image":{"@id":"https:\/\/www.sportshine.eu\/trgovina\/magicshine-seemee-50-mag-kolesarska-luc\/#primaryimage"},"thumbnailUrl":"https:\/\/www.sportshine.eu\/wp-content\/uploads\/2025\/07\/Magicshine-SEEMEE-50-MAG-kolesarska-luc.webp","datePublished":"2025-07-05T19:45:16+00:00","dateModified":"2025-11-25T11:02:07+00:00","description":"Magicshine SEEMEE 50MAG bicycle light with magnetic fastening, possibility of installation under the seat and synchronization of light with another light.","breadcrumb":{"@id":"https:\/\/www.sportshine.eu\/trgovina\/magicshine-seemee-50-mag-kolesarska-luc\/#breadcrumb"},"inLanguage":"en-GB","potentialAction":[{"@type":"ReadAction","target":["https:\/\/www.sportshine.eu\/trgovina\/magicshine-seemee-50-mag-kolesarska-luc\/"]}]},{"@type":"ImageObject","inLanguage":"en-GB","@id":"https:\/\/www.sportshine.eu\/trgovina\/magicshine-seemee-50-mag-kolesarska-luc\/#primaryimage","url":"https:\/\/www.sportshine.eu\/wp-content\/uploads\/2025\/07\/Magicshine-SEEMEE-50-MAG-kolesarska-luc.webp","contentUrl":"https:\/\/www.sportshine.eu\/wp-content\/uploads\/2025\/07\/Magicshine-SEEMEE-50-MAG-kolesarska-luc.webp","width":800,"height":800},{"@type":"BreadcrumbList","@id":"https:\/\/www.sportshine.eu\/trgovina\/magicshine-seemee-50-mag-kolesarska-luc\/#breadcrumb","itemListElement":[{"@type":"ListItem","position":1,"name":"Home","item":"https:\/\/www.sportshine.eu\/"},{"@type":"ListItem","position":2,"name":"Trgovina","item":"https:\/\/www.sportshine.eu\/trgovina\/"},{"@type":"ListItem","position":3,"name":"Magicshine SEEMEE 50 MAG kolesarska lu\u010d"}]},{"@type":"WebSite","@id":"https:\/\/www.sportshine.eu\/#website","url":"https:\/\/www.sportshine.eu\/","name":"Sportshine","description":"Top online store for cycling and head lamps and equipment","publisher":{"@id":"https:\/\/www.sportshine.eu\/#organization"},"potentialAction":[{"@type":"SearchAction","target":{"@type":"EntryPoint","urlTemplate":"https:\/\/www.sportshine.eu\/?s={search_term_string}"},"query-input":{"@type":"PropertyValueSpecification","valueRequired":true,"valueName":"search_term_string"}}],"inLanguage":"en-GB"},{"@type":"Organization","@id":"https:\/\/www.sportshine.eu\/#organization","name":"Sportshine","url":"https:\/\/www.sportshine.eu\/","logo":{"@type":"ImageObject","inLanguage":"en-GB","@id":"https:\/\/www.sportshine.eu\/#\/schema\/logo\/image\/","url":"https:\/\/www.sportshine.eu\/wp-content\/uploads\/2026\/01\/cropped-Sportshine.webp","contentUrl":"https:\/\/www.sportshine.eu\/wp-content\/uploads\/2026\/01\/cropped-Sportshine.webp","width":295,"height":128,"caption":"Sportshine"},"image":{"@id":"https:\/\/www.sportshine.eu\/#\/schema\/logo\/image\/"},"sameAs":["https:\/\/www.facebook.com\/sportshine.eu\/"]}]}},"_links":{"self":[{"href":"https:\/\/www.sportshine.eu\/en\/wp-json\/wp\/v2\/product\/6453","targetHints":{"allow":["GET"]}}],"collection":[{"href":"https:\/\/www.sportshine.eu\/en\/wp-json\/wp\/v2\/product"}],"about":[{"href":"https:\/\/www.sportshine.eu\/en\/wp-json\/wp\/v2\/types\/product"}],"replies":[{"embeddable":true,"href":"https:\/\/www.sportshine.eu\/en\/wp-json\/wp\/v2\/comments?post=6453"}],"version-history":[{"count":0,"href":"https:\/\/www.sportshine.eu\/en\/wp-json\/wp\/v2\/product\/6453\/revisions"}],"wp:featuredmedia":[{"embeddable":true,"href":"https:\/\/www.sportshine.eu\/en\/wp-json\/wp\/v2\/media\/6006"}],"wp:attachment":[{"href":"https:\/\/www.sportshine.eu\/en\/wp-json\/wp\/v2\/media?parent=6453"}],"wp:term":[{"taxonomy":"product_brand","embeddable":true,"href":"https:\/\/www.sportshine.eu\/en\/wp-json\/wp\/v2\/product_brand?post=6453"},{"taxonomy":"product_cat","embeddable":true,"href":"https:\/\/www.sportshine.eu\/en\/wp-json\/wp\/v2\/product_cat?post=6453"},{"taxonomy":"product_tag","embeddable":true,"href":"https:\/\/www.sportshine.eu\/en\/wp-json\/wp\/v2\/product_tag?post=6453"}],"curies":[{"name":"wp","href":"https:\/\/api.w.org\/{rel}","templated":true}]}}