{"id":6452,"date":"2025-07-05T19:45:15","date_gmt":"2025-07-05T19:45:15","guid":{"rendered":"https:\/\/www.sportshine.eu\/?post_type=product&#038;p=6452"},"modified":"2025-11-25T23:15:55","modified_gmt":"2025-11-25T23:15:55","slug":"magicshine-evo-1700sd-shimano-di2-bicycle-light","status":"publish","type":"product","link":"https:\/\/www.sportshine.eu\/en\/shop\/magicshine-evo-1700sd-shimano-di2-bicycle-light\/","title":{"rendered":"Magicshine EVO 1700SD SHIMANO Di2 bicycle light"},"content":{"rendered":"<h3 style=\"text-align: center;\">INTRODUCING THE MAGICSHINE EVO 1700SD SHIMANO Di2 CYCLE LIGHT<\/h3>\n<p><iframe loading=\"lazy\" title=\"Magicshine EVO 1700SD Shimano Di2\" width=\"500\" height=\"281\" src=\"https:\/\/www.youtube.com\/embed\/ulkRGIFUv-E?feature=oembed\" frameborder=\"0\" allow=\"accelerometer; autoplay; clipboard-write; encrypted-media; gyroscope; picture-in-picture; web-share\" referrerpolicy=\"strict-origin-when-cross-origin\" allowfullscreen><\/iframe><\/p>\n<h3 style=\"text-align: center;\">LIGHT YOUR PATH<\/h3>\n<p style=\"text-align: center;\">With an impressive 1700 lumen output in an incredibly compact package, the EVO 1700SD is designed specifically for everyday riding in urban environments.<\/p>\n<p><img decoding=\"async\" class=\"aligncenter wp-image-7387 size-full\" src=\"https:\/\/www.sportshine.eu\/wp-content\/uploads\/2025\/07\/Magicshine-EVO-1700SD-SHIMANO-Di2-kolesarska-luc-1.webp\" alt=\"Magicshine EVO 1700SD SHIMANO Di2 \" width=\"800\" height=\"800\" srcset=\"https:\/\/www.sportshine.eu\/wp-content\/uploads\/2025\/07\/Magicshine-EVO-1700SD-SHIMANO-Di2-kolesarska-luc-1.webp 800w, https:\/\/www.sportshine.eu\/wp-content\/uploads\/2025\/07\/Magicshine-EVO-1700SD-SHIMANO-Di2-kolesarska-luc-1-768x768.webp 768w, https:\/\/www.sportshine.eu\/wp-content\/uploads\/2025\/07\/Magicshine-EVO-1700SD-SHIMANO-Di2-kolesarska-luc-1-600x600.webp 600w\" sizes=\"(max-width: 800px) 100vw, 800px\" \/><\/p>\n<h3 style=\"text-align: center;\">MAGICSHINE EVO 1700SD BIKE LIGHT MOUNTS UNDER THE BRACKET<\/h3>\n<p style=\"text-align: center;\">With the power of Shimano Di2, the EVO 1700SD can be easily controlled with your Di2 shifters. Turn the light on and off, adjust brightness, switch modes, or unleash the full power of 1700 lumens with a touch of the shifter buttons, without ever having to take your hands off the handlebars.<\/p>\n<p><img decoding=\"async\" class=\"aligncenter wp-image-7389 size-full\" src=\"https:\/\/www.sportshine.eu\/wp-content\/uploads\/2025\/07\/Magicshine-EVO-1700SD-SHIMANO-Di2.webp\" alt=\"Magicshine EVO 1700SD SHIMANO Di2 \" width=\"800\" height=\"800\" srcset=\"https:\/\/www.sportshine.eu\/wp-content\/uploads\/2025\/07\/Magicshine-EVO-1700SD-SHIMANO-Di2.webp 800w, https:\/\/www.sportshine.eu\/wp-content\/uploads\/2025\/07\/Magicshine-EVO-1700SD-SHIMANO-Di2-768x768.webp 768w, https:\/\/www.sportshine.eu\/wp-content\/uploads\/2025\/07\/Magicshine-EVO-1700SD-SHIMANO-Di2-600x600.webp 600w\" sizes=\"(max-width: 800px) 100vw, 800px\" \/><\/p>\n<h3 style=\"text-align: center;\">LOW AND HIGH BEAM FUNCTION<\/h3>\n<p style=\"text-align: center;\">Simply press the button twice to change between low and high beam. The unique combination of low and distant high beam allows you to see in a variety of conditions.<\/p>\n<p><img decoding=\"async\" class=\"aligncenter wp-image-7390\" src=\"https:\/\/www.sportshine.eu\/wp-content\/uploads\/2025\/07\/Magicshine-EVO-1700SD-SHIMANO-Di2-1.webp\" alt=\"Magicshine EVO 1700SD SHIMANO Di2 \" width=\"800\" height=\"600\" \/><\/p>\n<h3 style=\"text-align: center;\">LOW BEAM WITHOUT GLARE FOR ONWARD TRAFFIC<\/h3>\n<p style=\"text-align: center;\">The precisely adjusted low beam emits a clear line of light that directs the light directly onto the road ahead and prevents dazzling oncoming traffic.<\/p>\n<p><img decoding=\"async\" class=\"aligncenter wp-image-7391\" src=\"https:\/\/www.sportshine.eu\/wp-content\/uploads\/2025\/07\/Magicshine-EVO-1700SD-SHIMANO-Di2.jpg\" alt=\"Magicshine EVO 1700SD SHIMANO Di2 \" width=\"800\" height=\"600\" \/><\/p>\n<h3 style=\"text-align: center;\">POWERFUL BATTERY WITH USB-C CONNECTOR<\/h3>\n<p style=\"text-align: center;\">The EVO 1700 headlamp features a durable 4000 mAh battery that provides a reliable 11 hours of operation. The battery can be easily charged via the USB-C port.<\/p>\n<p><img decoding=\"async\" class=\"aligncenter wp-image-7392 size-full\" src=\"https:\/\/www.sportshine.eu\/wp-content\/uploads\/2025\/07\/Magicshine-EVO-1700SD-SHIMANO-Di2-2.webp\" alt=\"Magicshine EVO 1700SD SHIMANO Di2 \" width=\"800\" height=\"800\" srcset=\"https:\/\/www.sportshine.eu\/wp-content\/uploads\/2025\/07\/Magicshine-EVO-1700SD-SHIMANO-Di2-2.webp 800w, https:\/\/www.sportshine.eu\/wp-content\/uploads\/2025\/07\/Magicshine-EVO-1700SD-SHIMANO-Di2-2-768x768.webp 768w, https:\/\/www.sportshine.eu\/wp-content\/uploads\/2025\/07\/Magicshine-EVO-1700SD-SHIMANO-Di2-2-600x600.webp 600w\" sizes=\"(max-width: 800px) 100vw, 800px\" \/><\/p>\n<h3 style=\"text-align: center;\">WATERPROOF ACCORDING TO IPX6 STANDARD<\/h3>\n<p style=\"text-align: center;\">An IPX7 waterproof rating means the light can withstand tough conditions and illuminate the path even in heavy rain.<\/p>\n<p><img decoding=\"async\" class=\"aligncenter wp-image-7393 size-full\" src=\"https:\/\/www.sportshine.eu\/wp-content\/uploads\/2025\/07\/Magicshine-EVO-1700SD-SHIMANO-Di2-3.webp\" alt=\"Magicshine EVO 1700SD SHIMANO Di2 \" width=\"800\" height=\"800\" srcset=\"https:\/\/www.sportshine.eu\/wp-content\/uploads\/2025\/07\/Magicshine-EVO-1700SD-SHIMANO-Di2-3.webp 800w, https:\/\/www.sportshine.eu\/wp-content\/uploads\/2025\/07\/Magicshine-EVO-1700SD-SHIMANO-Di2-3-768x768.webp 768w, https:\/\/www.sportshine.eu\/wp-content\/uploads\/2025\/07\/Magicshine-EVO-1700SD-SHIMANO-Di2-3-600x600.webp 600w\" sizes=\"(max-width: 800px) 100vw, 800px\" \/><\/p>\n<h3 style=\"text-align: center;\">SHIMANO DI2 INTEGRATION<\/h3>\n<p style=\"text-align: center;\">Effortlessly adjust light settings via Shimano Di2 buttons, as easy as shifting gears.<\/p>\n<p style=\"text-align: center;\">Pairing Guide: Initial pairing: Click any button on the shifter once to activate the SHIMANO Di2 system, then long press the light button for 1 second until the indicator flashes blue to enter pairing mode. Place the light near the rear derailleur within 30cm. The indicator will light up in blue continuously for 3 seconds to confirm successful pairing.<\/p>\n<p><img decoding=\"async\" class=\"aligncenter wp-image-7394 size-full\" src=\"https:\/\/www.sportshine.eu\/wp-content\/uploads\/2025\/07\/Magicshine-EVO-1700SD-SHIMANO-Di2-4.webp\" alt=\"Magicshine EVO 1700SD SHIMANO Di2 \" width=\"800\" height=\"800\" srcset=\"https:\/\/www.sportshine.eu\/wp-content\/uploads\/2025\/07\/Magicshine-EVO-1700SD-SHIMANO-Di2-4.webp 800w, https:\/\/www.sportshine.eu\/wp-content\/uploads\/2025\/07\/Magicshine-EVO-1700SD-SHIMANO-Di2-4-768x768.webp 768w, https:\/\/www.sportshine.eu\/wp-content\/uploads\/2025\/07\/Magicshine-EVO-1700SD-SHIMANO-Di2-4-600x600.webp 600w\" sizes=\"(max-width: 800px) 100vw, 800px\" \/><\/p>\n<h3 style=\"text-align: center;\">WHAT DO YOU GET IN THE PACKAGE?<\/h3>\n<p><img decoding=\"async\" class=\"aligncenter wp-image-7395\" src=\"https:\/\/www.sportshine.eu\/wp-content\/uploads\/2025\/07\/Magicshine-EVO-1700SD-SHIMANO-Di2-5.webp\" alt=\"Magicshine EVO 1700SD SHIMANO Di2 \" width=\"800\" height=\"600\" \/><\/p>\n<p>&nbsp;<\/p>","protected":false},"excerpt":{"rendered":"<p>The Magicshine Evo 1700SD bike light is the ultimate lighting solution for cyclists who demand high performance and seamless integration with their bike&#039;s components. The Magicshine EVO 1700SD retains the ultra-compact body of the EVO 1700 and delivers 1700 lumens to light your way. The difference is in its simplified integration. Without the need for a remote control, the EVO 1700SD connects directly to your bike&#039;s Shimano Di2 system (wireless unit).<\/p>","protected":false},"featured_media":5991,"comment_status":"open","ping_status":"closed","template":"","meta":[],"product_brand":[131],"product_cat":[82,150],"product_tag":[],"class_list":{"0":"post-6452","1":"product","2":"type-product","3":"status-publish","4":"has-post-thumbnail","6":"product_brand-magicshine","7":"product_cat-kolesarske-luci","8":"product_cat-sprednje-kolesarske-luci","10":"first","11":"instock","12":"sale","13":"taxable","14":"shipping-taxable","15":"purchasable","16":"product-type-simple"},"yoast_head":"<!-- This site is optimized with the Yoast SEO plugin v27.3 - https:\/\/yoast.com\/product\/yoast-seo-wordpress\/ -->\n<title>Magicshine EVO 1700SD SHIMANO Di2 kolesarska lu\u010d<\/title>\n<meta name=\"description\" content=\"Magicshine EVO 1700SD SHIMANO Di2 je prva kolesarska lu\u010d, ki omogo\u010da povezavo z Di2 menjalnikom. Vgrajenih 1700 lumnov mo\u010di.\" \/>\n<meta name=\"robots\" content=\"index, follow, max-snippet:-1, max-image-preview:large, max-video-preview:-1\" \/>\n<link rel=\"canonical\" href=\"https:\/\/www.sportshine.eu\/en\/shop\/magicshine-evo-1700sd-shimano-di2-bicycle-light\/\" \/>\n<meta property=\"og:locale\" content=\"en_GB\" \/>\n<meta property=\"og:type\" content=\"article\" \/>\n<meta property=\"og:title\" content=\"Magicshine EVO 1700SD SHIMANO Di2 kolesarska lu\u010d\" \/>\n<meta property=\"og:description\" content=\"Magicshine EVO 1700SD SHIMANO Di2 je prva kolesarska lu\u010d, ki omogo\u010da povezavo z Di2 menjalnikom. Vgrajenih 1700 lumnov mo\u010di.\" \/>\n<meta property=\"og:url\" content=\"https:\/\/www.sportshine.eu\/en\/shop\/magicshine-evo-1700sd-shimano-di2-bicycle-light\/\" \/>\n<meta property=\"og:site_name\" content=\"Sportshine\" \/>\n<meta property=\"article:publisher\" content=\"https:\/\/www.facebook.com\/sportshine.eu\/\" \/>\n<meta property=\"article:modified_time\" content=\"2025-11-25T23:15:55+00:00\" \/>\n<meta property=\"og:image\" content=\"https:\/\/www.sportshine.eu\/wp-content\/uploads\/2025\/07\/Magicshine-EVO-1700SD-SHIMANO-Di2-kolesarska-luc.webp\" \/>\n\t<meta property=\"og:image:width\" content=\"800\" \/>\n\t<meta property=\"og:image:height\" content=\"800\" \/>\n\t<meta property=\"og:image:type\" content=\"image\/webp\" \/>\n<meta name=\"twitter:card\" content=\"summary_large_image\" \/>\n<meta name=\"twitter:label1\" content=\"Estimated reading time\" \/>\n\t<meta name=\"twitter:data1\" content=\"4 minutes\" \/>\n<script type=\"application\/ld+json\" class=\"yoast-schema-graph\">{\"@context\":\"https:\\\/\\\/schema.org\",\"@graph\":[{\"@type\":\"WebPage\",\"@id\":\"https:\\\/\\\/www.sportshine.eu\\\/trgovina\\\/magicshine-evo-1700sd-shimano-di2-kolesarska-luc\\\/\",\"url\":\"https:\\\/\\\/www.sportshine.eu\\\/trgovina\\\/magicshine-evo-1700sd-shimano-di2-kolesarska-luc\\\/\",\"name\":\"Magicshine EVO 1700SD SHIMANO Di2 kolesarska lu\u010d\",\"isPartOf\":{\"@id\":\"https:\\\/\\\/www.sportshine.eu\\\/#website\"},\"primaryImageOfPage\":{\"@id\":\"https:\\\/\\\/www.sportshine.eu\\\/trgovina\\\/magicshine-evo-1700sd-shimano-di2-kolesarska-luc\\\/#primaryimage\"},\"image\":{\"@id\":\"https:\\\/\\\/www.sportshine.eu\\\/trgovina\\\/magicshine-evo-1700sd-shimano-di2-kolesarska-luc\\\/#primaryimage\"},\"thumbnailUrl\":\"https:\\\/\\\/www.sportshine.eu\\\/wp-content\\\/uploads\\\/2025\\\/07\\\/Magicshine-EVO-1700SD-SHIMANO-Di2-kolesarska-luc.webp\",\"datePublished\":\"2025-07-05T19:45:15+00:00\",\"dateModified\":\"2025-11-25T23:15:55+00:00\",\"description\":\"Magicshine EVO 1700SD SHIMANO Di2 je prva kolesarska lu\u010d, ki omogo\u010da povezavo z Di2 menjalnikom. Vgrajenih 1700 lumnov mo\u010di.\",\"breadcrumb\":{\"@id\":\"https:\\\/\\\/www.sportshine.eu\\\/trgovina\\\/magicshine-evo-1700sd-shimano-di2-kolesarska-luc\\\/#breadcrumb\"},\"inLanguage\":\"en-GB\",\"potentialAction\":[{\"@type\":\"ReadAction\",\"target\":[\"https:\\\/\\\/www.sportshine.eu\\\/trgovina\\\/magicshine-evo-1700sd-shimano-di2-kolesarska-luc\\\/\"]}]},{\"@type\":\"ImageObject\",\"inLanguage\":\"en-GB\",\"@id\":\"https:\\\/\\\/www.sportshine.eu\\\/trgovina\\\/magicshine-evo-1700sd-shimano-di2-kolesarska-luc\\\/#primaryimage\",\"url\":\"https:\\\/\\\/www.sportshine.eu\\\/wp-content\\\/uploads\\\/2025\\\/07\\\/Magicshine-EVO-1700SD-SHIMANO-Di2-kolesarska-luc.webp\",\"contentUrl\":\"https:\\\/\\\/www.sportshine.eu\\\/wp-content\\\/uploads\\\/2025\\\/07\\\/Magicshine-EVO-1700SD-SHIMANO-Di2-kolesarska-luc.webp\",\"width\":800,\"height\":800},{\"@type\":\"BreadcrumbList\",\"@id\":\"https:\\\/\\\/www.sportshine.eu\\\/trgovina\\\/magicshine-evo-1700sd-shimano-di2-kolesarska-luc\\\/#breadcrumb\",\"itemListElement\":[{\"@type\":\"ListItem\",\"position\":1,\"name\":\"Home\",\"item\":\"https:\\\/\\\/www.sportshine.eu\\\/\"},{\"@type\":\"ListItem\",\"position\":2,\"name\":\"Trgovina\",\"item\":\"https:\\\/\\\/www.sportshine.eu\\\/trgovina\\\/\"},{\"@type\":\"ListItem\",\"position\":3,\"name\":\"Magicshine EVO 1700SD SHIMANO Di2 kolesarska lu\u010d\"}]},{\"@type\":\"WebSite\",\"@id\":\"https:\\\/\\\/www.sportshine.eu\\\/#website\",\"url\":\"https:\\\/\\\/www.sportshine.eu\\\/\",\"name\":\"Sportshine\",\"description\":\"Top spletna trgovina kolesarskih in naglavnih svetilk ter opreme\",\"publisher\":{\"@id\":\"https:\\\/\\\/www.sportshine.eu\\\/#organization\"},\"potentialAction\":[{\"@type\":\"SearchAction\",\"target\":{\"@type\":\"EntryPoint\",\"urlTemplate\":\"https:\\\/\\\/www.sportshine.eu\\\/?s={search_term_string}\"},\"query-input\":{\"@type\":\"PropertyValueSpecification\",\"valueRequired\":true,\"valueName\":\"search_term_string\"}}],\"inLanguage\":\"en-GB\"},{\"@type\":\"Organization\",\"@id\":\"https:\\\/\\\/www.sportshine.eu\\\/#organization\",\"name\":\"Sportshine\",\"url\":\"https:\\\/\\\/www.sportshine.eu\\\/\",\"logo\":{\"@type\":\"ImageObject\",\"inLanguage\":\"en-GB\",\"@id\":\"https:\\\/\\\/www.sportshine.eu\\\/#\\\/schema\\\/logo\\\/image\\\/\",\"url\":\"https:\\\/\\\/www.sportshine.eu\\\/wp-content\\\/uploads\\\/2026\\\/01\\\/cropped-Sportshine.webp\",\"contentUrl\":\"https:\\\/\\\/www.sportshine.eu\\\/wp-content\\\/uploads\\\/2026\\\/01\\\/cropped-Sportshine.webp\",\"width\":295,\"height\":128,\"caption\":\"Sportshine\"},\"image\":{\"@id\":\"https:\\\/\\\/www.sportshine.eu\\\/#\\\/schema\\\/logo\\\/image\\\/\"},\"sameAs\":[\"https:\\\/\\\/www.facebook.com\\\/sportshine.eu\\\/\"]}]}<\/script>\n<!-- \/ Yoast SEO plugin. -->","yoast_head_json":{"title":"Magicshine EVO 1700SD SHIMANO Di2 bicycle light","description":"Magicshine EVO 1700SD SHIMANO Di2 is the first bike light that allows connection to a Di2 derailleur. Built-in 1700 lumens of power.","robots":{"index":"index","follow":"follow","max-snippet":"max-snippet:-1","max-image-preview":"max-image-preview:large","max-video-preview":"max-video-preview:-1"},"canonical":"https:\/\/www.sportshine.eu\/en\/shop\/magicshine-evo-1700sd-shimano-di2-bicycle-light\/","og_locale":"en_GB","og_type":"article","og_title":"Magicshine EVO 1700SD SHIMANO Di2 kolesarska lu\u010d","og_description":"Magicshine EVO 1700SD SHIMANO Di2 je prva kolesarska lu\u010d, ki omogo\u010da povezavo z Di2 menjalnikom. Vgrajenih 1700 lumnov mo\u010di.","og_url":"https:\/\/www.sportshine.eu\/en\/shop\/magicshine-evo-1700sd-shimano-di2-bicycle-light\/","og_site_name":"Sportshine","article_publisher":"https:\/\/www.facebook.com\/sportshine.eu\/","article_modified_time":"2025-11-25T23:15:55+00:00","og_image":[{"width":800,"height":800,"url":"https:\/\/www.sportshine.eu\/wp-content\/uploads\/2025\/07\/Magicshine-EVO-1700SD-SHIMANO-Di2-kolesarska-luc.webp","type":"image\/webp"}],"twitter_card":"summary_large_image","twitter_misc":{"Estimated reading time":"4 minutes"},"schema":{"@context":"https:\/\/schema.org","@graph":[{"@type":"WebPage","@id":"https:\/\/www.sportshine.eu\/trgovina\/magicshine-evo-1700sd-shimano-di2-kolesarska-luc\/","url":"https:\/\/www.sportshine.eu\/trgovina\/magicshine-evo-1700sd-shimano-di2-kolesarska-luc\/","name":"Magicshine EVO 1700SD SHIMANO Di2 bicycle light","isPartOf":{"@id":"https:\/\/www.sportshine.eu\/#website"},"primaryImageOfPage":{"@id":"https:\/\/www.sportshine.eu\/trgovina\/magicshine-evo-1700sd-shimano-di2-kolesarska-luc\/#primaryimage"},"image":{"@id":"https:\/\/www.sportshine.eu\/trgovina\/magicshine-evo-1700sd-shimano-di2-kolesarska-luc\/#primaryimage"},"thumbnailUrl":"https:\/\/www.sportshine.eu\/wp-content\/uploads\/2025\/07\/Magicshine-EVO-1700SD-SHIMANO-Di2-kolesarska-luc.webp","datePublished":"2025-07-05T19:45:15+00:00","dateModified":"2025-11-25T23:15:55+00:00","description":"Magicshine EVO 1700SD SHIMANO Di2 is the first bike light that allows connection to a Di2 derailleur. Built-in 1700 lumens of power.","breadcrumb":{"@id":"https:\/\/www.sportshine.eu\/trgovina\/magicshine-evo-1700sd-shimano-di2-kolesarska-luc\/#breadcrumb"},"inLanguage":"en-GB","potentialAction":[{"@type":"ReadAction","target":["https:\/\/www.sportshine.eu\/trgovina\/magicshine-evo-1700sd-shimano-di2-kolesarska-luc\/"]}]},{"@type":"ImageObject","inLanguage":"en-GB","@id":"https:\/\/www.sportshine.eu\/trgovina\/magicshine-evo-1700sd-shimano-di2-kolesarska-luc\/#primaryimage","url":"https:\/\/www.sportshine.eu\/wp-content\/uploads\/2025\/07\/Magicshine-EVO-1700SD-SHIMANO-Di2-kolesarska-luc.webp","contentUrl":"https:\/\/www.sportshine.eu\/wp-content\/uploads\/2025\/07\/Magicshine-EVO-1700SD-SHIMANO-Di2-kolesarska-luc.webp","width":800,"height":800},{"@type":"BreadcrumbList","@id":"https:\/\/www.sportshine.eu\/trgovina\/magicshine-evo-1700sd-shimano-di2-kolesarska-luc\/#breadcrumb","itemListElement":[{"@type":"ListItem","position":1,"name":"Home","item":"https:\/\/www.sportshine.eu\/"},{"@type":"ListItem","position":2,"name":"Trgovina","item":"https:\/\/www.sportshine.eu\/trgovina\/"},{"@type":"ListItem","position":3,"name":"Magicshine EVO 1700SD SHIMANO Di2 kolesarska lu\u010d"}]},{"@type":"WebSite","@id":"https:\/\/www.sportshine.eu\/#website","url":"https:\/\/www.sportshine.eu\/","name":"Sportshine","description":"Top online store for cycling and head lamps and equipment","publisher":{"@id":"https:\/\/www.sportshine.eu\/#organization"},"potentialAction":[{"@type":"SearchAction","target":{"@type":"EntryPoint","urlTemplate":"https:\/\/www.sportshine.eu\/?s={search_term_string}"},"query-input":{"@type":"PropertyValueSpecification","valueRequired":true,"valueName":"search_term_string"}}],"inLanguage":"en-GB"},{"@type":"Organization","@id":"https:\/\/www.sportshine.eu\/#organization","name":"Sportshine","url":"https:\/\/www.sportshine.eu\/","logo":{"@type":"ImageObject","inLanguage":"en-GB","@id":"https:\/\/www.sportshine.eu\/#\/schema\/logo\/image\/","url":"https:\/\/www.sportshine.eu\/wp-content\/uploads\/2026\/01\/cropped-Sportshine.webp","contentUrl":"https:\/\/www.sportshine.eu\/wp-content\/uploads\/2026\/01\/cropped-Sportshine.webp","width":295,"height":128,"caption":"Sportshine"},"image":{"@id":"https:\/\/www.sportshine.eu\/#\/schema\/logo\/image\/"},"sameAs":["https:\/\/www.facebook.com\/sportshine.eu\/"]}]}},"_links":{"self":[{"href":"https:\/\/www.sportshine.eu\/en\/wp-json\/wp\/v2\/product\/6452","targetHints":{"allow":["GET"]}}],"collection":[{"href":"https:\/\/www.sportshine.eu\/en\/wp-json\/wp\/v2\/product"}],"about":[{"href":"https:\/\/www.sportshine.eu\/en\/wp-json\/wp\/v2\/types\/product"}],"replies":[{"embeddable":true,"href":"https:\/\/www.sportshine.eu\/en\/wp-json\/wp\/v2\/comments?post=6452"}],"version-history":[{"count":0,"href":"https:\/\/www.sportshine.eu\/en\/wp-json\/wp\/v2\/product\/6452\/revisions"}],"wp:featuredmedia":[{"embeddable":true,"href":"https:\/\/www.sportshine.eu\/en\/wp-json\/wp\/v2\/media\/5991"}],"wp:attachment":[{"href":"https:\/\/www.sportshine.eu\/en\/wp-json\/wp\/v2\/media?parent=6452"}],"wp:term":[{"taxonomy":"product_brand","embeddable":true,"href":"https:\/\/www.sportshine.eu\/en\/wp-json\/wp\/v2\/product_brand?post=6452"},{"taxonomy":"product_cat","embeddable":true,"href":"https:\/\/www.sportshine.eu\/en\/wp-json\/wp\/v2\/product_cat?post=6452"},{"taxonomy":"product_tag","embeddable":true,"href":"https:\/\/www.sportshine.eu\/en\/wp-json\/wp\/v2\/product_tag?post=6452"}],"curies":[{"name":"wp","href":"https:\/\/api.w.org\/{rel}","templated":true}]}}