{"id":6439,"date":"2025-07-09T19:44:59","date_gmt":"2025-07-09T19:44:59","guid":{"rendered":"https:\/\/www.sportshine.eu\/?post_type=product&#038;p=6439"},"modified":"2026-03-11T14:54:27","modified_gmt":"2026-03-11T14:54:27","slug":"glasses-magicshine-windbreaker-light-gray-black","status":"publish","type":"product","link":"https:\/\/www.sportshine.eu\/en\/shop\/glasses-magicshine-windbreaker-light-gray-black\/","title":{"rendered":"Glasses Magicshine Windbreaker light grey\/black"},"content":{"rendered":"<div id=\"elementor-tab-content-1293\" class=\"elementor-tab-content elementor-clearfix elementor-active\" role=\"region\" data-tab=\"3\" aria-labelledby=\"elementor-tab-title-1293\">\n<p>We proudly present the photochromic model of Windbreaker cycling glasses - the most flexible model of glasses in our series. The lenses automatically adapt to light conditions from category 1 to category 3, which means that the intensity of the tint changes depending on the ambient brightness. This provides complete protection for your eyes in different weather conditions. The photochromic models have an ergonomically designed frame made of TR-90 + TPR material.<\/p>\n<p>Cycling glasses have a sporty and attractive design, suitable for both men and women. The frames are ergonomically shaped, ensuring comfortable wearing even during intense cycling activity. Excellent ventilation prevents the lenses from fogging up, even during demanding cycling adventures.<\/p>\n<p>UV400 protection is provided on all models, which is essential for protecting your eyes from the sun&#039;s harmful rays. Additional features such as rubber grips on the nose and anti-slip rubber tips on the sides ensure that the glasses fit securely on your face, even during the most demanding bike rides.<\/p>\n<\/div>\n<p><strong>Features:<\/strong><\/p>\n<p>\u2714 Polycarbonate lens: Provides complete eye protection.<br \/>\n\u2714 100% UV protection.<br \/>\n\u2714 TR90 frame: Extremely light and elastic frames made of TR90 and TPR materials.<br \/>\n\u2714 Ventilation design: Quickly improves air circulation, prevents fogging and reduces air resistance.<br \/>\n\u2714 Anti-slip finishes on the handles<br \/>\n\u2714 Adjustable nose piece<br \/>\n\u2714 Photochromic lenses: They change between three levels depending on the light conditions, effectively protecting your eyes from strong sunlight, UV rays and glare, and are suitable for all weather conditions.<\/p>\n<p><iframe loading=\"lazy\" title=\"Magicshine WINDBREAKER\" width=\"500\" height=\"281\" src=\"https:\/\/www.youtube.com\/embed\/aeMY_kcMBAE?feature=oembed\" frameborder=\"0\" allow=\"accelerometer; autoplay; clipboard-write; encrypted-media; gyroscope; picture-in-picture; web-share\" referrerpolicy=\"strict-origin-when-cross-origin\" allowfullscreen><\/iframe><\/p>\n<div id=\"elementor-tab-content-1293\" class=\"elementor-tab-content elementor-clearfix elementor-active\" role=\"region\" data-tab=\"3\" aria-labelledby=\"elementor-tab-title-1293\">\n<p>&nbsp;<\/p>\n<\/div>","protected":false},"excerpt":{"rendered":"<p>The Magicshine Windbreaker photochromic model uses a lens where the color shade changes depending on the light, from category 1 to category 3. It effectively protects your eyes from strong sunlight, UV rays and glare, and is also suitable for use in all weather conditions.<\/p>","protected":false},"featured_media":5880,"comment_status":"open","ping_status":"closed","template":"","meta":[],"product_brand":[131],"product_cat":[106,103],"product_tag":[174],"class_list":{"0":"post-6439","1":"product","2":"type-product","3":"status-publish","4":"has-post-thumbnail","6":"product_brand-magicshine","7":"product_cat-fotokromatska-ocala","8":"product_cat-kolesarska-ocala","9":"product_tag-magicshine-ocala","11":"first","12":"instock","13":"sale","14":"taxable","15":"shipping-taxable","16":"purchasable","17":"product-type-simple"},"yoast_head":"<!-- This site is optimized with the Yoast SEO plugin v27.3 - https:\/\/yoast.com\/product\/yoast-seo-wordpress\/ -->\n<title>O\u010dala Magicshine Windbreaker light grey\/black<\/title>\n<meta name=\"robots\" content=\"index, follow, max-snippet:-1, max-image-preview:large, max-video-preview:-1\" \/>\n<link rel=\"canonical\" href=\"https:\/\/www.sportshine.eu\/en\/shop\/glasses-magicshine-windbreaker-light-gray-black\/\" \/>\n<meta property=\"og:locale\" content=\"en_GB\" \/>\n<meta property=\"og:type\" content=\"article\" \/>\n<meta property=\"og:title\" content=\"O\u010dala Magicshine Windbreaker light grey\/black\" \/>\n<meta property=\"og:description\" content=\"Fotokromatski model Magicshine Windbreaker uporablja le\u010do, kjer se barvni odtenek spreminja glede na svetlobo, od kategorije 1 do kategorije 3. U\u010dinkovito \u0161\u010diti va\u0161e o\u010di pred mo\u010dno son\u010dno svetlobo, UV-\u017earki in ble\u0161\u010danjem, poleg tega pa je primeren za uporabo v vseh vremenskih pogojih.\" \/>\n<meta property=\"og:url\" content=\"https:\/\/www.sportshine.eu\/en\/shop\/glasses-magicshine-windbreaker-light-gray-black\/\" \/>\n<meta property=\"og:site_name\" content=\"Sportshine\" \/>\n<meta property=\"article:publisher\" content=\"https:\/\/www.facebook.com\/sportshine.eu\/\" \/>\n<meta property=\"article:modified_time\" content=\"2026-03-11T14:54:27+00:00\" \/>\n<meta property=\"og:image\" content=\"https:\/\/www.sportshine.eu\/wp-content\/uploads\/2025\/07\/fotokromatska-ocala.webp\" \/>\n\t<meta property=\"og:image:width\" content=\"800\" \/>\n\t<meta property=\"og:image:height\" content=\"800\" \/>\n\t<meta property=\"og:image:type\" content=\"image\/webp\" \/>\n<meta name=\"twitter:card\" content=\"summary_large_image\" \/>\n<meta name=\"twitter:label1\" content=\"Estimated reading time\" \/>\n\t<meta name=\"twitter:data1\" content=\"2 minutes\" \/>\n<script type=\"application\/ld+json\" class=\"yoast-schema-graph\">{\"@context\":\"https:\\\/\\\/schema.org\",\"@graph\":[{\"@type\":\"WebPage\",\"@id\":\"https:\\\/\\\/www.sportshine.eu\\\/trgovina\\\/ocala-magicshine-windbreaker-light-grey-black\\\/\",\"url\":\"https:\\\/\\\/www.sportshine.eu\\\/trgovina\\\/ocala-magicshine-windbreaker-light-grey-black\\\/\",\"name\":\"O\u010dala Magicshine Windbreaker light grey\\\/black\",\"isPartOf\":{\"@id\":\"https:\\\/\\\/www.sportshine.eu\\\/#website\"},\"primaryImageOfPage\":{\"@id\":\"https:\\\/\\\/www.sportshine.eu\\\/trgovina\\\/ocala-magicshine-windbreaker-light-grey-black\\\/#primaryimage\"},\"image\":{\"@id\":\"https:\\\/\\\/www.sportshine.eu\\\/trgovina\\\/ocala-magicshine-windbreaker-light-grey-black\\\/#primaryimage\"},\"thumbnailUrl\":\"https:\\\/\\\/www.sportshine.eu\\\/wp-content\\\/uploads\\\/2025\\\/07\\\/fotokromatska-ocala.webp\",\"datePublished\":\"2025-07-09T19:44:59+00:00\",\"dateModified\":\"2026-03-11T14:54:27+00:00\",\"breadcrumb\":{\"@id\":\"https:\\\/\\\/www.sportshine.eu\\\/trgovina\\\/ocala-magicshine-windbreaker-light-grey-black\\\/#breadcrumb\"},\"inLanguage\":\"en-GB\",\"potentialAction\":[{\"@type\":\"ReadAction\",\"target\":[\"https:\\\/\\\/www.sportshine.eu\\\/trgovina\\\/ocala-magicshine-windbreaker-light-grey-black\\\/\"]}]},{\"@type\":\"ImageObject\",\"inLanguage\":\"en-GB\",\"@id\":\"https:\\\/\\\/www.sportshine.eu\\\/trgovina\\\/ocala-magicshine-windbreaker-light-grey-black\\\/#primaryimage\",\"url\":\"https:\\\/\\\/www.sportshine.eu\\\/wp-content\\\/uploads\\\/2025\\\/07\\\/fotokromatska-ocala.webp\",\"contentUrl\":\"https:\\\/\\\/www.sportshine.eu\\\/wp-content\\\/uploads\\\/2025\\\/07\\\/fotokromatska-ocala.webp\",\"width\":800,\"height\":800},{\"@type\":\"BreadcrumbList\",\"@id\":\"https:\\\/\\\/www.sportshine.eu\\\/trgovina\\\/ocala-magicshine-windbreaker-light-grey-black\\\/#breadcrumb\",\"itemListElement\":[{\"@type\":\"ListItem\",\"position\":1,\"name\":\"Home\",\"item\":\"https:\\\/\\\/www.sportshine.eu\\\/\"},{\"@type\":\"ListItem\",\"position\":2,\"name\":\"Trgovina\",\"item\":\"https:\\\/\\\/www.sportshine.eu\\\/trgovina\\\/\"},{\"@type\":\"ListItem\",\"position\":3,\"name\":\"O\u010dala Magicshine Windbreaker light grey\\\/black\"}]},{\"@type\":\"WebSite\",\"@id\":\"https:\\\/\\\/www.sportshine.eu\\\/#website\",\"url\":\"https:\\\/\\\/www.sportshine.eu\\\/\",\"name\":\"Sportshine\",\"description\":\"Top spletna trgovina kolesarskih in naglavnih svetilk ter opreme\",\"publisher\":{\"@id\":\"https:\\\/\\\/www.sportshine.eu\\\/#organization\"},\"potentialAction\":[{\"@type\":\"SearchAction\",\"target\":{\"@type\":\"EntryPoint\",\"urlTemplate\":\"https:\\\/\\\/www.sportshine.eu\\\/?s={search_term_string}\"},\"query-input\":{\"@type\":\"PropertyValueSpecification\",\"valueRequired\":true,\"valueName\":\"search_term_string\"}}],\"inLanguage\":\"en-GB\"},{\"@type\":\"Organization\",\"@id\":\"https:\\\/\\\/www.sportshine.eu\\\/#organization\",\"name\":\"Sportshine\",\"url\":\"https:\\\/\\\/www.sportshine.eu\\\/\",\"logo\":{\"@type\":\"ImageObject\",\"inLanguage\":\"en-GB\",\"@id\":\"https:\\\/\\\/www.sportshine.eu\\\/#\\\/schema\\\/logo\\\/image\\\/\",\"url\":\"https:\\\/\\\/www.sportshine.eu\\\/wp-content\\\/uploads\\\/2026\\\/01\\\/cropped-Sportshine.webp\",\"contentUrl\":\"https:\\\/\\\/www.sportshine.eu\\\/wp-content\\\/uploads\\\/2026\\\/01\\\/cropped-Sportshine.webp\",\"width\":295,\"height\":128,\"caption\":\"Sportshine\"},\"image\":{\"@id\":\"https:\\\/\\\/www.sportshine.eu\\\/#\\\/schema\\\/logo\\\/image\\\/\"},\"sameAs\":[\"https:\\\/\\\/www.facebook.com\\\/sportshine.eu\\\/\"]}]}<\/script>\n<!-- \/ Yoast SEO plugin. -->","yoast_head_json":{"title":"Glasses Magicshine Windbreaker light grey\/black","robots":{"index":"index","follow":"follow","max-snippet":"max-snippet:-1","max-image-preview":"max-image-preview:large","max-video-preview":"max-video-preview:-1"},"canonical":"https:\/\/www.sportshine.eu\/en\/shop\/glasses-magicshine-windbreaker-light-gray-black\/","og_locale":"en_GB","og_type":"article","og_title":"O\u010dala Magicshine Windbreaker light grey\/black","og_description":"Fotokromatski model Magicshine Windbreaker uporablja le\u010do, kjer se barvni odtenek spreminja glede na svetlobo, od kategorije 1 do kategorije 3. U\u010dinkovito \u0161\u010diti va\u0161e o\u010di pred mo\u010dno son\u010dno svetlobo, UV-\u017earki in ble\u0161\u010danjem, poleg tega pa je primeren za uporabo v vseh vremenskih pogojih.","og_url":"https:\/\/www.sportshine.eu\/en\/shop\/glasses-magicshine-windbreaker-light-gray-black\/","og_site_name":"Sportshine","article_publisher":"https:\/\/www.facebook.com\/sportshine.eu\/","article_modified_time":"2026-03-11T14:54:27+00:00","og_image":[{"width":800,"height":800,"url":"https:\/\/www.sportshine.eu\/wp-content\/uploads\/2025\/07\/fotokromatska-ocala.webp","type":"image\/webp"}],"twitter_card":"summary_large_image","twitter_misc":{"Estimated reading time":"2 minutes"},"schema":{"@context":"https:\/\/schema.org","@graph":[{"@type":"WebPage","@id":"https:\/\/www.sportshine.eu\/trgovina\/ocala-magicshine-windbreaker-light-grey-black\/","url":"https:\/\/www.sportshine.eu\/trgovina\/ocala-magicshine-windbreaker-light-grey-black\/","name":"Glasses Magicshine Windbreaker light grey\/black","isPartOf":{"@id":"https:\/\/www.sportshine.eu\/#website"},"primaryImageOfPage":{"@id":"https:\/\/www.sportshine.eu\/trgovina\/ocala-magicshine-windbreaker-light-grey-black\/#primaryimage"},"image":{"@id":"https:\/\/www.sportshine.eu\/trgovina\/ocala-magicshine-windbreaker-light-grey-black\/#primaryimage"},"thumbnailUrl":"https:\/\/www.sportshine.eu\/wp-content\/uploads\/2025\/07\/fotokromatska-ocala.webp","datePublished":"2025-07-09T19:44:59+00:00","dateModified":"2026-03-11T14:54:27+00:00","breadcrumb":{"@id":"https:\/\/www.sportshine.eu\/trgovina\/ocala-magicshine-windbreaker-light-grey-black\/#breadcrumb"},"inLanguage":"en-GB","potentialAction":[{"@type":"ReadAction","target":["https:\/\/www.sportshine.eu\/trgovina\/ocala-magicshine-windbreaker-light-grey-black\/"]}]},{"@type":"ImageObject","inLanguage":"en-GB","@id":"https:\/\/www.sportshine.eu\/trgovina\/ocala-magicshine-windbreaker-light-grey-black\/#primaryimage","url":"https:\/\/www.sportshine.eu\/wp-content\/uploads\/2025\/07\/fotokromatska-ocala.webp","contentUrl":"https:\/\/www.sportshine.eu\/wp-content\/uploads\/2025\/07\/fotokromatska-ocala.webp","width":800,"height":800},{"@type":"BreadcrumbList","@id":"https:\/\/www.sportshine.eu\/trgovina\/ocala-magicshine-windbreaker-light-grey-black\/#breadcrumb","itemListElement":[{"@type":"ListItem","position":1,"name":"Home","item":"https:\/\/www.sportshine.eu\/"},{"@type":"ListItem","position":2,"name":"Trgovina","item":"https:\/\/www.sportshine.eu\/trgovina\/"},{"@type":"ListItem","position":3,"name":"O\u010dala Magicshine Windbreaker light grey\/black"}]},{"@type":"WebSite","@id":"https:\/\/www.sportshine.eu\/#website","url":"https:\/\/www.sportshine.eu\/","name":"Sportshine","description":"Top online store for cycling and head lamps and equipment","publisher":{"@id":"https:\/\/www.sportshine.eu\/#organization"},"potentialAction":[{"@type":"SearchAction","target":{"@type":"EntryPoint","urlTemplate":"https:\/\/www.sportshine.eu\/?s={search_term_string}"},"query-input":{"@type":"PropertyValueSpecification","valueRequired":true,"valueName":"search_term_string"}}],"inLanguage":"en-GB"},{"@type":"Organization","@id":"https:\/\/www.sportshine.eu\/#organization","name":"Sportshine","url":"https:\/\/www.sportshine.eu\/","logo":{"@type":"ImageObject","inLanguage":"en-GB","@id":"https:\/\/www.sportshine.eu\/#\/schema\/logo\/image\/","url":"https:\/\/www.sportshine.eu\/wp-content\/uploads\/2026\/01\/cropped-Sportshine.webp","contentUrl":"https:\/\/www.sportshine.eu\/wp-content\/uploads\/2026\/01\/cropped-Sportshine.webp","width":295,"height":128,"caption":"Sportshine"},"image":{"@id":"https:\/\/www.sportshine.eu\/#\/schema\/logo\/image\/"},"sameAs":["https:\/\/www.facebook.com\/sportshine.eu\/"]}]}},"_links":{"self":[{"href":"https:\/\/www.sportshine.eu\/en\/wp-json\/wp\/v2\/product\/6439","targetHints":{"allow":["GET"]}}],"collection":[{"href":"https:\/\/www.sportshine.eu\/en\/wp-json\/wp\/v2\/product"}],"about":[{"href":"https:\/\/www.sportshine.eu\/en\/wp-json\/wp\/v2\/types\/product"}],"replies":[{"embeddable":true,"href":"https:\/\/www.sportshine.eu\/en\/wp-json\/wp\/v2\/comments?post=6439"}],"version-history":[{"count":0,"href":"https:\/\/www.sportshine.eu\/en\/wp-json\/wp\/v2\/product\/6439\/revisions"}],"wp:featuredmedia":[{"embeddable":true,"href":"https:\/\/www.sportshine.eu\/en\/wp-json\/wp\/v2\/media\/5880"}],"wp:attachment":[{"href":"https:\/\/www.sportshine.eu\/en\/wp-json\/wp\/v2\/media?parent=6439"}],"wp:term":[{"taxonomy":"product_brand","embeddable":true,"href":"https:\/\/www.sportshine.eu\/en\/wp-json\/wp\/v2\/product_brand?post=6439"},{"taxonomy":"product_cat","embeddable":true,"href":"https:\/\/www.sportshine.eu\/en\/wp-json\/wp\/v2\/product_cat?post=6439"},{"taxonomy":"product_tag","embeddable":true,"href":"https:\/\/www.sportshine.eu\/en\/wp-json\/wp\/v2\/product_tag?post=6439"}],"curies":[{"name":"wp","href":"https:\/\/api.w.org\/{rel}","templated":true}]}}