{"id":6438,"date":"2025-07-09T19:44:58","date_gmt":"2025-07-09T19:44:58","guid":{"rendered":"https:\/\/www.sportshine.eu\/?post_type=product&#038;p=6438"},"modified":"2026-03-11T14:50:51","modified_gmt":"2026-03-11T14:50:51","slug":"magicshine-versatiler-gold-glasses","status":"publish","type":"product","link":"https:\/\/www.sportshine.eu\/en\/shop\/magicshine-versatiler-gold-glasses\/","title":{"rendered":"Magicshine Versatiler gold glasses"},"content":{"rendered":"<p style=\"text-align: left;\">Magicshine Versatiler sports glasses offer superior protection and comfort. They are suitable for cycling, running, cross-country skiing, water sports and other leisure activities.<\/p>\n<p><strong>Features:<\/strong><\/p>\n<ul>\n<li style=\"text-align: left;\"><strong>Polycarbonate lens<\/strong>: The entire series is equipped with a polycarbonate lens, which provides exceptional protection from the sun&#039;s rays and expands your field of vision.<\/li>\n<li><strong>Removable attachments<\/strong>: For added safety, removable attachments are available to prevent contact between the lens and the face during intense rides.<\/li>\n<li><strong>Improved ventilation<\/strong>: A ventilation system that includes holes on the lower frame attachments prevents fogging and reduces wind resistance, keeping your vision clear even in challenging conditions.<\/li>\n<li><strong>Durable frame<\/strong>: Made from TR90 and TPR materials, the frame provides resistance to stress and maintains its shape over time, regardless of your activities.<\/li>\n<li style=\"text-align: left;\"><strong>Ultra grip nose pads<\/strong>: They ensure a secure fit even during intense activity, without worrying about slipping.<\/li>\n<li style=\"text-align: left;\"><strong>100% UV protection<\/strong>: The impact-resistant lens provides complete protection from harmful UV rays, while the front REVO coating restores colors and enhances contrast, and the rear OAR coating reduces glare.<\/li>\n<li style=\"text-align: left;\"><strong>Anti-stain coating<\/strong>: Keeps lenses clean and free of dirt, allowing for easy maintenance and long-lasting use.<\/li>\n<\/ul>\n<p><img decoding=\"async\" class=\"aligncenter wp-image-7424 size-full\" src=\"https:\/\/www.sportshine.eu\/wp-content\/uploads\/2025\/07\/Ocala-Magicshine-Versatiler-2.webp\" alt=\"Magicshine Versatiler glasses \" width=\"800\" height=\"800\" srcset=\"https:\/\/www.sportshine.eu\/wp-content\/uploads\/2025\/07\/Ocala-Magicshine-Versatiler-2.webp 800w, https:\/\/www.sportshine.eu\/wp-content\/uploads\/2025\/07\/Ocala-Magicshine-Versatiler-2-768x768.webp 768w, https:\/\/www.sportshine.eu\/wp-content\/uploads\/2025\/07\/Ocala-Magicshine-Versatiler-2-600x600.webp 600w\" sizes=\"(max-width: 800px) 100vw, 800px\" \/><\/p>\n<p>&nbsp;<\/p>\n<p>&nbsp;<\/p>","protected":false},"excerpt":{"rendered":"<p>Magichsine Versatiler sunglasses combine safety, performance, style and comfort. They feature a removable frame attachment (top and bottom can be removed), polycarbonate lens for a wider viewing angle, ultra-grip rubber pads for a comfortable fit, advanced ventilation system, anti-smudge coating, REVO and OAR coating.<\/p>\n<p>What is REVO coating? Click\u00a0<span style=\"color: #339966;\"><a style=\"color: #339966;\" href=\"https:\/\/www.sportshine.eu\/en\/originalstran\/revo-cover\/\">here<\/a><\/span><\/p>","protected":false},"featured_media":5873,"comment_status":"closed","ping_status":"closed","template":"","meta":[],"product_brand":[131],"product_cat":[104,103],"product_tag":[174],"class_list":{"0":"post-6438","1":"product","2":"type-product","3":"status-publish","4":"has-post-thumbnail","6":"product_brand-magicshine","7":"product_cat-klasicna-kolesarska-ocala","8":"product_cat-kolesarska-ocala","9":"product_tag-magicshine-ocala","11":"first","12":"instock","13":"sale","14":"taxable","15":"shipping-taxable","16":"purchasable","17":"product-type-simple"},"yoast_head":"<!-- This site is optimized with the Yoast SEO plugin v27.3 - https:\/\/yoast.com\/product\/yoast-seo-wordpress\/ -->\n<title>O\u010dala Magicshine Versatiler gold<\/title>\n<meta name=\"description\" content=\"O\u010dala Magicshine Versatiler so izdelana iz trpe\u017enih materialov in nudijo za\u0161\u010dito za vse vrste aktivnosti. Zaradi nizke te\u017ee, so odli\u010dne za kolesarjenje in tek.\" \/>\n<meta name=\"robots\" content=\"index, follow, max-snippet:-1, max-image-preview:large, max-video-preview:-1\" \/>\n<link rel=\"canonical\" href=\"https:\/\/www.sportshine.eu\/en\/shop\/magicshine-versatiler-gold-glasses\/\" \/>\n<meta property=\"og:locale\" content=\"en_GB\" \/>\n<meta property=\"og:type\" content=\"article\" \/>\n<meta property=\"og:title\" content=\"O\u010dala Magicshine Versatiler gold\" \/>\n<meta property=\"og:description\" content=\"O\u010dala Magicshine Versatiler so izdelana iz trpe\u017enih materialov in nudijo za\u0161\u010dito za vse vrste aktivnosti. Zaradi nizke te\u017ee, so odli\u010dne za kolesarjenje in tek.\" \/>\n<meta property=\"og:url\" content=\"https:\/\/www.sportshine.eu\/en\/shop\/magicshine-versatiler-gold-glasses\/\" \/>\n<meta property=\"og:site_name\" content=\"Sportshine\" \/>\n<meta property=\"article:publisher\" content=\"https:\/\/www.facebook.com\/sportshine.eu\/\" \/>\n<meta property=\"article:modified_time\" content=\"2026-03-11T14:50:51+00:00\" \/>\n<meta property=\"og:image\" content=\"https:\/\/www.sportshine.eu\/wp-content\/uploads\/2025\/07\/ocala-1.webp\" \/>\n\t<meta property=\"og:image:width\" content=\"800\" \/>\n\t<meta property=\"og:image:height\" content=\"800\" \/>\n\t<meta property=\"og:image:type\" content=\"image\/webp\" \/>\n<meta name=\"twitter:card\" content=\"summary_large_image\" \/>\n<meta name=\"twitter:label1\" content=\"Estimated reading time\" \/>\n\t<meta name=\"twitter:data1\" content=\"2 minutes\" \/>\n<script type=\"application\/ld+json\" class=\"yoast-schema-graph\">{\"@context\":\"https:\\\/\\\/schema.org\",\"@graph\":[{\"@type\":\"WebPage\",\"@id\":\"https:\\\/\\\/www.sportshine.eu\\\/trgovina\\\/ocala-magicshine-versatiler-gold\\\/\",\"url\":\"https:\\\/\\\/www.sportshine.eu\\\/trgovina\\\/ocala-magicshine-versatiler-gold\\\/\",\"name\":\"O\u010dala Magicshine Versatiler gold\",\"isPartOf\":{\"@id\":\"https:\\\/\\\/www.sportshine.eu\\\/#website\"},\"primaryImageOfPage\":{\"@id\":\"https:\\\/\\\/www.sportshine.eu\\\/trgovina\\\/ocala-magicshine-versatiler-gold\\\/#primaryimage\"},\"image\":{\"@id\":\"https:\\\/\\\/www.sportshine.eu\\\/trgovina\\\/ocala-magicshine-versatiler-gold\\\/#primaryimage\"},\"thumbnailUrl\":\"https:\\\/\\\/www.sportshine.eu\\\/wp-content\\\/uploads\\\/2025\\\/07\\\/ocala-1.webp\",\"datePublished\":\"2025-07-09T19:44:58+00:00\",\"dateModified\":\"2026-03-11T14:50:51+00:00\",\"description\":\"O\u010dala Magicshine Versatiler so izdelana iz trpe\u017enih materialov in nudijo za\u0161\u010dito za vse vrste aktivnosti. Zaradi nizke te\u017ee, so odli\u010dne za kolesarjenje in tek.\",\"breadcrumb\":{\"@id\":\"https:\\\/\\\/www.sportshine.eu\\\/trgovina\\\/ocala-magicshine-versatiler-gold\\\/#breadcrumb\"},\"inLanguage\":\"en-GB\",\"potentialAction\":[{\"@type\":\"ReadAction\",\"target\":[\"https:\\\/\\\/www.sportshine.eu\\\/trgovina\\\/ocala-magicshine-versatiler-gold\\\/\"]}]},{\"@type\":\"ImageObject\",\"inLanguage\":\"en-GB\",\"@id\":\"https:\\\/\\\/www.sportshine.eu\\\/trgovina\\\/ocala-magicshine-versatiler-gold\\\/#primaryimage\",\"url\":\"https:\\\/\\\/www.sportshine.eu\\\/wp-content\\\/uploads\\\/2025\\\/07\\\/ocala-1.webp\",\"contentUrl\":\"https:\\\/\\\/www.sportshine.eu\\\/wp-content\\\/uploads\\\/2025\\\/07\\\/ocala-1.webp\",\"width\":800,\"height\":800},{\"@type\":\"BreadcrumbList\",\"@id\":\"https:\\\/\\\/www.sportshine.eu\\\/trgovina\\\/ocala-magicshine-versatiler-gold\\\/#breadcrumb\",\"itemListElement\":[{\"@type\":\"ListItem\",\"position\":1,\"name\":\"Home\",\"item\":\"https:\\\/\\\/www.sportshine.eu\\\/\"},{\"@type\":\"ListItem\",\"position\":2,\"name\":\"Trgovina\",\"item\":\"https:\\\/\\\/www.sportshine.eu\\\/trgovina\\\/\"},{\"@type\":\"ListItem\",\"position\":3,\"name\":\"O\u010dala Magicshine Versatiler gold\"}]},{\"@type\":\"WebSite\",\"@id\":\"https:\\\/\\\/www.sportshine.eu\\\/#website\",\"url\":\"https:\\\/\\\/www.sportshine.eu\\\/\",\"name\":\"Sportshine\",\"description\":\"Top spletna trgovina kolesarskih in naglavnih svetilk ter opreme\",\"publisher\":{\"@id\":\"https:\\\/\\\/www.sportshine.eu\\\/#organization\"},\"potentialAction\":[{\"@type\":\"SearchAction\",\"target\":{\"@type\":\"EntryPoint\",\"urlTemplate\":\"https:\\\/\\\/www.sportshine.eu\\\/?s={search_term_string}\"},\"query-input\":{\"@type\":\"PropertyValueSpecification\",\"valueRequired\":true,\"valueName\":\"search_term_string\"}}],\"inLanguage\":\"en-GB\"},{\"@type\":\"Organization\",\"@id\":\"https:\\\/\\\/www.sportshine.eu\\\/#organization\",\"name\":\"Sportshine\",\"url\":\"https:\\\/\\\/www.sportshine.eu\\\/\",\"logo\":{\"@type\":\"ImageObject\",\"inLanguage\":\"en-GB\",\"@id\":\"https:\\\/\\\/www.sportshine.eu\\\/#\\\/schema\\\/logo\\\/image\\\/\",\"url\":\"https:\\\/\\\/www.sportshine.eu\\\/wp-content\\\/uploads\\\/2026\\\/01\\\/cropped-Sportshine.webp\",\"contentUrl\":\"https:\\\/\\\/www.sportshine.eu\\\/wp-content\\\/uploads\\\/2026\\\/01\\\/cropped-Sportshine.webp\",\"width\":295,\"height\":128,\"caption\":\"Sportshine\"},\"image\":{\"@id\":\"https:\\\/\\\/www.sportshine.eu\\\/#\\\/schema\\\/logo\\\/image\\\/\"},\"sameAs\":[\"https:\\\/\\\/www.facebook.com\\\/sportshine.eu\\\/\"]}]}<\/script>\n<!-- \/ Yoast SEO plugin. -->","yoast_head_json":{"title":"Magicshine Versatiler gold glasses","description":"The Magicshine Versatiler glasses are made of durable materials and offer protection for all types of activities. Due to their low weight, they are great for cycling and running.","robots":{"index":"index","follow":"follow","max-snippet":"max-snippet:-1","max-image-preview":"max-image-preview:large","max-video-preview":"max-video-preview:-1"},"canonical":"https:\/\/www.sportshine.eu\/en\/shop\/magicshine-versatiler-gold-glasses\/","og_locale":"en_GB","og_type":"article","og_title":"O\u010dala Magicshine Versatiler gold","og_description":"O\u010dala Magicshine Versatiler so izdelana iz trpe\u017enih materialov in nudijo za\u0161\u010dito za vse vrste aktivnosti. Zaradi nizke te\u017ee, so odli\u010dne za kolesarjenje in tek.","og_url":"https:\/\/www.sportshine.eu\/en\/shop\/magicshine-versatiler-gold-glasses\/","og_site_name":"Sportshine","article_publisher":"https:\/\/www.facebook.com\/sportshine.eu\/","article_modified_time":"2026-03-11T14:50:51+00:00","og_image":[{"width":800,"height":800,"url":"https:\/\/www.sportshine.eu\/wp-content\/uploads\/2025\/07\/ocala-1.webp","type":"image\/webp"}],"twitter_card":"summary_large_image","twitter_misc":{"Estimated reading time":"2 minutes"},"schema":{"@context":"https:\/\/schema.org","@graph":[{"@type":"WebPage","@id":"https:\/\/www.sportshine.eu\/trgovina\/ocala-magicshine-versatiler-gold\/","url":"https:\/\/www.sportshine.eu\/trgovina\/ocala-magicshine-versatiler-gold\/","name":"Magicshine Versatiler gold glasses","isPartOf":{"@id":"https:\/\/www.sportshine.eu\/#website"},"primaryImageOfPage":{"@id":"https:\/\/www.sportshine.eu\/trgovina\/ocala-magicshine-versatiler-gold\/#primaryimage"},"image":{"@id":"https:\/\/www.sportshine.eu\/trgovina\/ocala-magicshine-versatiler-gold\/#primaryimage"},"thumbnailUrl":"https:\/\/www.sportshine.eu\/wp-content\/uploads\/2025\/07\/ocala-1.webp","datePublished":"2025-07-09T19:44:58+00:00","dateModified":"2026-03-11T14:50:51+00:00","description":"The Magicshine Versatiler glasses are made of durable materials and offer protection for all types of activities. Due to their low weight, they are great for cycling and running.","breadcrumb":{"@id":"https:\/\/www.sportshine.eu\/trgovina\/ocala-magicshine-versatiler-gold\/#breadcrumb"},"inLanguage":"en-GB","potentialAction":[{"@type":"ReadAction","target":["https:\/\/www.sportshine.eu\/trgovina\/ocala-magicshine-versatiler-gold\/"]}]},{"@type":"ImageObject","inLanguage":"en-GB","@id":"https:\/\/www.sportshine.eu\/trgovina\/ocala-magicshine-versatiler-gold\/#primaryimage","url":"https:\/\/www.sportshine.eu\/wp-content\/uploads\/2025\/07\/ocala-1.webp","contentUrl":"https:\/\/www.sportshine.eu\/wp-content\/uploads\/2025\/07\/ocala-1.webp","width":800,"height":800},{"@type":"BreadcrumbList","@id":"https:\/\/www.sportshine.eu\/trgovina\/ocala-magicshine-versatiler-gold\/#breadcrumb","itemListElement":[{"@type":"ListItem","position":1,"name":"Home","item":"https:\/\/www.sportshine.eu\/"},{"@type":"ListItem","position":2,"name":"Trgovina","item":"https:\/\/www.sportshine.eu\/trgovina\/"},{"@type":"ListItem","position":3,"name":"O\u010dala Magicshine Versatiler gold"}]},{"@type":"WebSite","@id":"https:\/\/www.sportshine.eu\/#website","url":"https:\/\/www.sportshine.eu\/","name":"Sportshine","description":"Top online store for cycling and head lamps and equipment","publisher":{"@id":"https:\/\/www.sportshine.eu\/#organization"},"potentialAction":[{"@type":"SearchAction","target":{"@type":"EntryPoint","urlTemplate":"https:\/\/www.sportshine.eu\/?s={search_term_string}"},"query-input":{"@type":"PropertyValueSpecification","valueRequired":true,"valueName":"search_term_string"}}],"inLanguage":"en-GB"},{"@type":"Organization","@id":"https:\/\/www.sportshine.eu\/#organization","name":"Sportshine","url":"https:\/\/www.sportshine.eu\/","logo":{"@type":"ImageObject","inLanguage":"en-GB","@id":"https:\/\/www.sportshine.eu\/#\/schema\/logo\/image\/","url":"https:\/\/www.sportshine.eu\/wp-content\/uploads\/2026\/01\/cropped-Sportshine.webp","contentUrl":"https:\/\/www.sportshine.eu\/wp-content\/uploads\/2026\/01\/cropped-Sportshine.webp","width":295,"height":128,"caption":"Sportshine"},"image":{"@id":"https:\/\/www.sportshine.eu\/#\/schema\/logo\/image\/"},"sameAs":["https:\/\/www.facebook.com\/sportshine.eu\/"]}]}},"_links":{"self":[{"href":"https:\/\/www.sportshine.eu\/en\/wp-json\/wp\/v2\/product\/6438","targetHints":{"allow":["GET"]}}],"collection":[{"href":"https:\/\/www.sportshine.eu\/en\/wp-json\/wp\/v2\/product"}],"about":[{"href":"https:\/\/www.sportshine.eu\/en\/wp-json\/wp\/v2\/types\/product"}],"replies":[{"embeddable":true,"href":"https:\/\/www.sportshine.eu\/en\/wp-json\/wp\/v2\/comments?post=6438"}],"version-history":[{"count":0,"href":"https:\/\/www.sportshine.eu\/en\/wp-json\/wp\/v2\/product\/6438\/revisions"}],"wp:featuredmedia":[{"embeddable":true,"href":"https:\/\/www.sportshine.eu\/en\/wp-json\/wp\/v2\/media\/5873"}],"wp:attachment":[{"href":"https:\/\/www.sportshine.eu\/en\/wp-json\/wp\/v2\/media?parent=6438"}],"wp:term":[{"taxonomy":"product_brand","embeddable":true,"href":"https:\/\/www.sportshine.eu\/en\/wp-json\/wp\/v2\/product_brand?post=6438"},{"taxonomy":"product_cat","embeddable":true,"href":"https:\/\/www.sportshine.eu\/en\/wp-json\/wp\/v2\/product_cat?post=6438"},{"taxonomy":"product_tag","embeddable":true,"href":"https:\/\/www.sportshine.eu\/en\/wp-json\/wp\/v2\/product_tag?post=6438"}],"curies":[{"name":"wp","href":"https:\/\/api.w.org\/{rel}","templated":true}]}}