{"id":6426,"date":"2025-07-05T19:40:21","date_gmt":"2025-07-05T19:40:21","guid":{"rendered":"https:\/\/www.sportshine.eu\/?post_type=product&#038;p=6426"},"modified":"2026-03-11T14:36:10","modified_gmt":"2026-03-11T14:36:10","slug":"magic-bike-light-package","status":"publish","type":"product","link":"https:\/\/www.sportshine.eu\/en\/shop\/magic-bike-light-package\/","title":{"rendered":"Bicycle light package \u2013 MAGIC"},"content":{"rendered":"<p>&nbsp;<\/p>\n<h3><img decoding=\"async\" class=\"aligncenter wp-image-7500\" src=\"https:\/\/www.sportshine.eu\/wp-content\/uploads\/2025\/07\/magicshine_bike_light_ray_2600_171-1024x439-1.webp\" alt=\"\" width=\"1024\" height=\"439\" srcset=\"https:\/\/www.sportshine.eu\/wp-content\/uploads\/2025\/07\/magicshine_bike_light_ray_2600_171-1024x439-1.webp 1024w, https:\/\/www.sportshine.eu\/wp-content\/uploads\/2025\/07\/magicshine_bike_light_ray_2600_171-1024x439-1-768x329.webp 768w, https:\/\/www.sportshine.eu\/wp-content\/uploads\/2025\/07\/magicshine_bike_light_ray_2600_171-1024x439-1-600x257.webp 600w\" sizes=\"(max-width: 1024px) 100vw, 1024px\" \/><\/h3>\n<h3 style=\"text-align: center;\">VIDEO PRESENTATION OF MAGICSHINE RAY 2600B<\/h3>\n<p><iframe loading=\"lazy\" title=\"MAGICSHINE RAY 1600B &amp; RAY 2600B Bike Front Light (Wireless Remote Version)\" width=\"500\" height=\"281\" src=\"https:\/\/www.youtube.com\/embed\/PZxC-ykV2Lw?feature=oembed\" frameborder=\"0\" allow=\"accelerometer; autoplay; clipboard-write; encrypted-media; gyroscope; picture-in-picture; web-share\" referrerpolicy=\"strict-origin-when-cross-origin\" allowfullscreen><\/iframe><\/p>\n<h3 style=\"text-align: center;\">LIGHT YOUR PATH<\/h3>\n<p style=\"text-align: center;\">With two LED headlights emitting up to 2600 lumens, the RAY 2600B helps you safely through any situation.<\/p>\n<p><img decoding=\"async\" class=\"aligncenter wp-image-7502 size-full\" src=\"https:\/\/www.sportshine.eu\/wp-content\/uploads\/2025\/07\/2600B2-2.webp\" alt=\"\" width=\"800\" height=\"800\" srcset=\"https:\/\/www.sportshine.eu\/wp-content\/uploads\/2025\/07\/2600B2-2.webp 800w, https:\/\/www.sportshine.eu\/wp-content\/uploads\/2025\/07\/2600B2-2-768x768.webp 768w, https:\/\/www.sportshine.eu\/wp-content\/uploads\/2025\/07\/2600B2-2-600x600.webp 600w\" sizes=\"(max-width: 800px) 100vw, 800px\" \/><\/p>\n<h3 style=\"text-align: center;\">COMBINED OPERATION OF SPOTLIGHT AND HYBRID MODE<\/h3>\n<p style=\"text-align: center;\">The short-range spotlight and long-range hybrid provide excellent trail coverage. More than enough to tackle city streets and challenging terrain.<\/p>\n<p><img decoding=\"async\" class=\"aligncenter wp-image-7503\" src=\"https:\/\/www.sportshine.eu\/wp-content\/uploads\/2025\/07\/RAY_2600B_1-1.webp\" alt=\"\" width=\"800\" height=\"600\" \/><\/p>\n<h3 style=\"text-align: center;\">INSTALL THE APP<\/h3>\n<p style=\"text-align: center;\">Connect the RAY 2600B bike light to the Magicshine app, add new modes or adjust the brightness to your liking.<\/p>\n<p><img decoding=\"async\" class=\"aligncenter wp-image-7504 size-full\" src=\"https:\/\/www.sportshine.eu\/wp-content\/uploads\/2025\/07\/RAY_2600B_3-2.webp\" alt=\"\" width=\"800\" height=\"800\" srcset=\"https:\/\/www.sportshine.eu\/wp-content\/uploads\/2025\/07\/RAY_2600B_3-2.webp 800w, https:\/\/www.sportshine.eu\/wp-content\/uploads\/2025\/07\/RAY_2600B_3-2-768x768.webp 768w, https:\/\/www.sportshine.eu\/wp-content\/uploads\/2025\/07\/RAY_2600B_3-2-600x600.webp 600w\" sizes=\"(max-width: 800px) 100vw, 800px\" \/><\/p>\n<h3 style=\"text-align: center;\">BUILT-IN SMART SENSOR<\/h3>\n<p style=\"text-align: center;\">With a built-in smart sensor, the light will automatically switch to a brighter beam when entering a tunnel or switch to sleep mode during a stop to conserve energy.<\/p>\n<p><img decoding=\"async\" class=\"aligncenter wp-image-7505\" src=\"https:\/\/www.sportshine.eu\/wp-content\/uploads\/2025\/07\/RAY_2600B_3-1-2.webp\" alt=\"\" width=\"800\" height=\"600\" \/><\/p>\n<h3 style=\"text-align: center;\">WIRELESS REMOTE CONTROL<\/h3>\n<p style=\"text-align: center;\">Use the wireless remote to adjust brightness modes or instantly switch to full output mode with the push of a button, keeping your hands where they belong \u2013 on the handlebars!<\/p>\n<p><img decoding=\"async\" class=\"aligncenter wp-image-7506 size-full\" src=\"https:\/\/www.sportshine.eu\/wp-content\/uploads\/2025\/07\/Ray-luc-2.webp\" alt=\"\" width=\"800\" height=\"800\" srcset=\"https:\/\/www.sportshine.eu\/wp-content\/uploads\/2025\/07\/Ray-luc-2.webp 800w, https:\/\/www.sportshine.eu\/wp-content\/uploads\/2025\/07\/Ray-luc-2-768x768.webp 768w, https:\/\/www.sportshine.eu\/wp-content\/uploads\/2025\/07\/Ray-luc-2-600x600.webp 600w\" sizes=\"(max-width: 800px) 100vw, 800px\" \/><\/p>\n<h3 style=\"text-align: center;\">LONG-LASTING BATTERY WITH USB-C CHARGING<\/h3>\n<p style=\"text-align: center;\">With a built-in 6700 mAh battery, the RAY 2600B boasts an impressive 14.5 hours of battery life. With the USB-C charging port, you can recharge the battery or charge external devices such as bike computers or smartphones while you&#039;re on the go.<\/p>\n<p><img decoding=\"async\" class=\"aligncenter wp-image-7507\" src=\"https:\/\/www.sportshine.eu\/wp-content\/uploads\/2025\/07\/RAY_2600B_5-1.webp\" alt=\"\" width=\"800\" height=\"600\" \/><\/p>\n<h3 style=\"text-align: center;\">A GREAT CHOICE FOR MOUNTING A HELMET LIGHT<\/h3>\n<p style=\"text-align: center;\">The RAY 2600B can also be used as a helmet light, making your night riding safer.<\/p>\n<p><img decoding=\"async\" class=\"aligncenter wp-image-7508 size-full\" src=\"https:\/\/www.sportshine.eu\/wp-content\/uploads\/2025\/07\/led-svetilka-2.webp\" alt=\"\" width=\"800\" height=\"800\" srcset=\"https:\/\/www.sportshine.eu\/wp-content\/uploads\/2025\/07\/led-svetilka-2.webp 800w, https:\/\/www.sportshine.eu\/wp-content\/uploads\/2025\/07\/led-svetilka-2-768x768.webp 768w, https:\/\/www.sportshine.eu\/wp-content\/uploads\/2025\/07\/led-svetilka-2-600x600.webp 600w\" sizes=\"(max-width: 800px) 100vw, 800px\" \/><\/p>\n<h3 style=\"text-align: center;\">WATER RESISTANCE IPX6<\/h3>\n<p style=\"text-align: center;\">The aluminum housing effectively dissipates heat, resists weather influences, and protects the light even in heavy rain or wet conditions.<\/p>\n<p><img decoding=\"async\" class=\"aligncenter wp-image-7512 size-full\" src=\"https:\/\/www.sportshine.eu\/wp-content\/uploads\/2025\/07\/Ray2600-Seemee-3000.webp\" alt=\"\" width=\"800\" height=\"800\" srcset=\"https:\/\/www.sportshine.eu\/wp-content\/uploads\/2025\/07\/Ray2600-Seemee-3000.webp 800w, https:\/\/www.sportshine.eu\/wp-content\/uploads\/2025\/07\/Ray2600-Seemee-3000-768x768.webp 768w, https:\/\/www.sportshine.eu\/wp-content\/uploads\/2025\/07\/Ray2600-Seemee-3000-600x600.webp 600w\" sizes=\"(max-width: 800px) 100vw, 800px\" \/><\/p>\n<h3 style=\"text-align: center;\">UP AND DOWN BRIGHTNESS CONTROL BUTTON WITH CLEARLY READABLE INDICATORS<\/h3>\n<p style=\"text-align: center;\">Adjust the brightness to your desired level using the brightness control knob on the lamp itself. Precise indicators on the light unit and remote control show you the remaining battery capacity. The mode memory function allows you to quickly immerse yourself in your next cycling experience.<\/p>\n<p><img decoding=\"async\" class=\"aligncenter wp-image-7513\" src=\"https:\/\/www.sportshine.eu\/wp-content\/uploads\/2025\/07\/kolesarska-luc-Magicshine-1.webp\" alt=\"\" width=\"800\" height=\"600\" \/><\/p>\n<h3 style=\"text-align: center;\">YOU WILL RECEIVE IN THE PACKAGE<\/h3>\n<p style=\"text-align: center;\">RAY 2600B bicycle light *1<br \/>\nGoPro adapter *1<br \/>\nRemote control MJ-6508 (including strap) *1<br \/>\nCompatible tapes *4<br \/>\n3 mm hexagon wrench *1<br \/>\nUSB-C cable *1<\/p>\n<p><img decoding=\"async\" class=\"aligncenter wp-image-7514\" src=\"https:\/\/www.sportshine.eu\/wp-content\/uploads\/2025\/07\/RAY_2600B_pl-1.webp\" alt=\"\" width=\"800\" height=\"600\" \/><\/p>\n<p>&nbsp;<\/p>\n<h3 style=\"text-align: center;\">VIDEO PRESENTATION OF MAGICSHINE SEEMEE 300<\/h3>\n<p><iframe loading=\"lazy\" title=\"MAGICSHINE SEEMEE 300 All-around Safety Tail Light\" width=\"500\" height=\"281\" src=\"https:\/\/www.youtube.com\/embed\/TJaVbScopi8?feature=oembed\" frameborder=\"0\" allow=\"accelerometer; autoplay; clipboard-write; encrypted-media; gyroscope; picture-in-picture; web-share\" referrerpolicy=\"strict-origin-when-cross-origin\" allowfullscreen><\/iframe><\/p>\n<h3 style=\"text-align: center;\">INCREDIBLE BRIGHTNESS<\/h3>\n<p style=\"text-align: center;\">The bike light uses two LEDs with a combined maximum brightness of 300 lumens and different lens angles for increased visibility. (Maximum visible distance 3000 meters)<\/p>\n<p><img decoding=\"async\" class=\"aligncenter wp-image-7515\" src=\"https:\/\/www.sportshine.eu\/wp-content\/uploads\/2025\/07\/Magicshine-SEEMEE-300.webp\" alt=\"\" width=\"800\" height=\"600\" \/><\/p>\n<h3 style=\"text-align: center;\">360\u00b0 OPTICAL TRAVEL LIGHT<\/h3>\n<p style=\"text-align: center;\">It projects a 360\u00b0 red warning light to ensure all-round visibility and for greater safety on the road.<\/p>\n<p><img decoding=\"async\" class=\"aligncenter wp-image-7516 size-full\" src=\"https:\/\/www.sportshine.eu\/wp-content\/uploads\/2025\/07\/kolesarska-luc-3-1-2.webp\" alt=\"\" width=\"800\" height=\"800\" srcset=\"https:\/\/www.sportshine.eu\/wp-content\/uploads\/2025\/07\/kolesarska-luc-3-1-2.webp 800w, https:\/\/www.sportshine.eu\/wp-content\/uploads\/2025\/07\/kolesarska-luc-3-1-2-768x768.webp 768w, https:\/\/www.sportshine.eu\/wp-content\/uploads\/2025\/07\/kolesarska-luc-3-1-2-600x600.webp 600w\" sizes=\"(max-width: 800px) 100vw, 800px\" \/><\/p>\n<h3 style=\"text-align: center;\">VISIBLE LIGHT ANGLE 260\u00b0<\/h3>\n<p style=\"text-align: center;\">Take your safety to the next level with exceptional 260\u00b0 visibility, allowing other road users to see you from the side.<\/p>\n<p><img decoding=\"async\" class=\"aligncenter wp-image-7517 size-full\" src=\"https:\/\/www.sportshine.eu\/wp-content\/uploads\/2025\/07\/Magicshine-SEEMEE-300-1.webp\" alt=\"\" width=\"800\" height=\"800\" srcset=\"https:\/\/www.sportshine.eu\/wp-content\/uploads\/2025\/07\/Magicshine-SEEMEE-300-1.webp 800w, https:\/\/www.sportshine.eu\/wp-content\/uploads\/2025\/07\/Magicshine-SEEMEE-300-1-768x768.webp 768w, https:\/\/www.sportshine.eu\/wp-content\/uploads\/2025\/07\/Magicshine-SEEMEE-300-1-600x600.webp 600w\" sizes=\"(max-width: 800px) 100vw, 800px\" \/><\/p>\n<h3 style=\"text-align: center;\">SMART BRAKING SENSOR<\/h3>\n<p style=\"text-align: center;\">It reliably detects your movement and becomes brighter as soon as you brake.<\/p>\n<p><img decoding=\"async\" class=\"aligncenter wp-image-7518\" src=\"https:\/\/www.sportshine.eu\/wp-content\/uploads\/2025\/07\/Magicshine-SEEMEE-300-2.webp\" alt=\"Magicshine SEEMEE 300\" width=\"800\" height=\"600\" \/><\/p>\n<h3 style=\"text-align: center;\">AUTOMATICALLY ADJUSTS BRIGHTNESS<\/h3>\n<p style=\"text-align: center;\">Be visible both day and night. The light sensor detects ambient conditions in real time and automatically adjusts brightness. *The OptiTracing light is controlled by a light sensor and will turn off during the day.<\/p>\n<p><img decoding=\"async\" class=\"aligncenter wp-image-7519\" src=\"https:\/\/www.sportshine.eu\/wp-content\/uploads\/2025\/07\/Magicshine-SEEMEE-300-3.webp\" alt=\"Magicshine SEEMEE 300\" width=\"800\" height=\"600\" \/><\/p>\n<h3 style=\"text-align: center;\">SIMPLE BATTERY INDICATOR<\/h3>\n<p style=\"text-align: center;\">The three-level indicator accurately shows the remaining power of your flashlight. GREEN: 21%-100%, RED: 11%-20%, FLASHING RED: 1%-10%.<\/p>\n<p><img decoding=\"async\" class=\"aligncenter wp-image-7520 size-full\" src=\"https:\/\/www.sportshine.eu\/wp-content\/uploads\/2025\/07\/Magicshine-SEEMEE-300-4.webp\" alt=\"\" width=\"800\" height=\"800\" srcset=\"https:\/\/www.sportshine.eu\/wp-content\/uploads\/2025\/07\/Magicshine-SEEMEE-300-4.webp 800w, https:\/\/www.sportshine.eu\/wp-content\/uploads\/2025\/07\/Magicshine-SEEMEE-300-4-768x768.webp 768w, https:\/\/www.sportshine.eu\/wp-content\/uploads\/2025\/07\/Magicshine-SEEMEE-300-4-600x600.webp 600w\" sizes=\"(max-width: 800px) 100vw, 800px\" \/><\/p>\n<h3 style=\"text-align: center;\">COME HOME SAFELY<\/h3>\n<p style=\"text-align: center;\">If the battery runs out, ECO mode will be activated to keep the flashlight on and get you home safely. When the remaining battery power is 10% or less, it will automatically switch to ECO mode. *The braking function is disabled during this period.<\/p>\n<p><img decoding=\"async\" class=\"aligncenter wp-image-7521\" src=\"https:\/\/www.sportshine.eu\/wp-content\/uploads\/2025\/07\/Magicshine-SEEMEE-300.jpg\" alt=\"\" width=\"800\" height=\"600\" \/><\/p>\n<h3 style=\"text-align: center;\">YOU WILL RECEIVE IN THE PACKAGE<\/h3>\n<p style=\"text-align: center;\">1 * SEEMEE 300 bicycle light<br \/>\n1 * under-seat mounting bracket<br \/>\n1 * seatpost attachment<br \/>\n1 * USB C charging cable<\/p>\n<p><img decoding=\"async\" class=\"aligncenter wp-image-7522\" src=\"https:\/\/www.sportshine.eu\/wp-content\/uploads\/2025\/07\/Magicshine-SEEMEE-300-5.webp\" alt=\"Magicshine SEEMEE 300\" width=\"800\" height=\"600\" \/><\/p>","protected":false},"excerpt":{"rendered":"<p>We have put together a Magic bike light package. Our two best-selling lights will impress you with their quality workmanship and lighting. The Magicshine RAY 2600B front light is a completely new model and the most powerful light in the Ray series. It illuminates with a power of 2600 lumens, and its main advantage is its powerful battery. You can adjust the brightness via the app, and with the included adapter you can change the levels without letting go of the handlebars. The Magicshine SEEMEE 300 rear light is the most powerful rear light in our range. It features a built-in 300 lumens of power, a built-in braking sensor (can be turned off) and an additional Optitracing lower light, which additionally illuminates the bike and ensures better visibility for the cyclist.<\/p>","protected":false},"featured_media":5773,"comment_status":"open","ping_status":"closed","template":"","meta":[],"product_brand":[131],"product_cat":[82,93],"product_tag":[],"class_list":{"0":"post-6426","1":"product","2":"type-product","3":"status-publish","4":"has-post-thumbnail","6":"product_brand-magicshine","7":"product_cat-kolesarske-luci","8":"product_cat-kolesarske-svetilke-paketi","10":"first","11":"outofstock","12":"taxable","13":"shipping-taxable","14":"purchasable","15":"product-type-simple"},"yoast_head":"<!-- This site is optimized with the Yoast SEO plugin v27.3 - https:\/\/yoast.com\/product\/yoast-seo-wordpress\/ -->\n<title>Paket kolesarskih lu\u010di - MAGIC<\/title>\n<meta name=\"description\" content=\"V setu kolesarskih lu\u010di Magic prejmete zmogljive kolesarske lu\u010di. Zadnjo lu\u010d SEEMEE 300 z neverjetno svetilnostjo in senzorjem svetlobe in sprednjo 2600 lumnov mo\u010dno lu\u010d.\" \/>\n<meta name=\"robots\" content=\"index, follow, max-snippet:-1, max-image-preview:large, max-video-preview:-1\" \/>\n<link rel=\"canonical\" href=\"https:\/\/www.sportshine.eu\/en\/shop\/magic-bike-light-package\/\" \/>\n<meta property=\"og:locale\" content=\"en_GB\" \/>\n<meta property=\"og:type\" content=\"article\" \/>\n<meta property=\"og:title\" content=\"Paket kolesarskih lu\u010di - MAGIC\" \/>\n<meta property=\"og:description\" content=\"V setu kolesarskih lu\u010di Magic prejmete zmogljive kolesarske lu\u010di. Zadnjo lu\u010d SEEMEE 300 z neverjetno svetilnostjo in senzorjem svetlobe in sprednjo 2600 lumnov mo\u010dno lu\u010d.\" \/>\n<meta property=\"og:url\" content=\"https:\/\/www.sportshine.eu\/en\/shop\/magic-bike-light-package\/\" \/>\n<meta property=\"og:site_name\" content=\"Sportshine\" \/>\n<meta property=\"article:publisher\" content=\"https:\/\/www.facebook.com\/sportshine.eu\/\" \/>\n<meta property=\"article:modified_time\" content=\"2026-03-11T14:36:10+00:00\" \/>\n<meta property=\"og:image\" content=\"https:\/\/www.sportshine.eu\/wp-content\/uploads\/2025\/07\/Paket-kolesarskih-luci-Magic.webp\" \/>\n\t<meta property=\"og:image:width\" content=\"800\" \/>\n\t<meta property=\"og:image:height\" content=\"800\" \/>\n\t<meta property=\"og:image:type\" content=\"image\/webp\" \/>\n<meta name=\"twitter:card\" content=\"summary_large_image\" \/>\n<meta name=\"twitter:label1\" content=\"Estimated reading time\" \/>\n\t<meta name=\"twitter:data1\" content=\"7 minutes\" \/>\n<script type=\"application\/ld+json\" class=\"yoast-schema-graph\">{\"@context\":\"https:\\\/\\\/schema.org\",\"@graph\":[{\"@type\":\"WebPage\",\"@id\":\"https:\\\/\\\/www.sportshine.eu\\\/trgovina\\\/paket-kolesarskih-luci-magic\\\/\",\"url\":\"https:\\\/\\\/www.sportshine.eu\\\/trgovina\\\/paket-kolesarskih-luci-magic\\\/\",\"name\":\"Paket kolesarskih lu\u010di - MAGIC\",\"isPartOf\":{\"@id\":\"https:\\\/\\\/www.sportshine.eu\\\/#website\"},\"primaryImageOfPage\":{\"@id\":\"https:\\\/\\\/www.sportshine.eu\\\/trgovina\\\/paket-kolesarskih-luci-magic\\\/#primaryimage\"},\"image\":{\"@id\":\"https:\\\/\\\/www.sportshine.eu\\\/trgovina\\\/paket-kolesarskih-luci-magic\\\/#primaryimage\"},\"thumbnailUrl\":\"https:\\\/\\\/www.sportshine.eu\\\/wp-content\\\/uploads\\\/2025\\\/07\\\/Paket-kolesarskih-luci-Magic.webp\",\"datePublished\":\"2025-07-05T19:40:21+00:00\",\"dateModified\":\"2026-03-11T14:36:10+00:00\",\"description\":\"V setu kolesarskih lu\u010di Magic prejmete zmogljive kolesarske lu\u010di. Zadnjo lu\u010d SEEMEE 300 z neverjetno svetilnostjo in senzorjem svetlobe in sprednjo 2600 lumnov mo\u010dno lu\u010d.\",\"breadcrumb\":{\"@id\":\"https:\\\/\\\/www.sportshine.eu\\\/trgovina\\\/paket-kolesarskih-luci-magic\\\/#breadcrumb\"},\"inLanguage\":\"en-GB\",\"potentialAction\":[{\"@type\":\"ReadAction\",\"target\":[\"https:\\\/\\\/www.sportshine.eu\\\/trgovina\\\/paket-kolesarskih-luci-magic\\\/\"]}]},{\"@type\":\"ImageObject\",\"inLanguage\":\"en-GB\",\"@id\":\"https:\\\/\\\/www.sportshine.eu\\\/trgovina\\\/paket-kolesarskih-luci-magic\\\/#primaryimage\",\"url\":\"https:\\\/\\\/www.sportshine.eu\\\/wp-content\\\/uploads\\\/2025\\\/07\\\/Paket-kolesarskih-luci-Magic.webp\",\"contentUrl\":\"https:\\\/\\\/www.sportshine.eu\\\/wp-content\\\/uploads\\\/2025\\\/07\\\/Paket-kolesarskih-luci-Magic.webp\",\"width\":800,\"height\":800},{\"@type\":\"BreadcrumbList\",\"@id\":\"https:\\\/\\\/www.sportshine.eu\\\/trgovina\\\/paket-kolesarskih-luci-magic\\\/#breadcrumb\",\"itemListElement\":[{\"@type\":\"ListItem\",\"position\":1,\"name\":\"Home\",\"item\":\"https:\\\/\\\/www.sportshine.eu\\\/\"},{\"@type\":\"ListItem\",\"position\":2,\"name\":\"Trgovina\",\"item\":\"https:\\\/\\\/www.sportshine.eu\\\/trgovina\\\/\"},{\"@type\":\"ListItem\",\"position\":3,\"name\":\"Paket kolesarskih lu\u010di &#8211; MAGIC\"}]},{\"@type\":\"WebSite\",\"@id\":\"https:\\\/\\\/www.sportshine.eu\\\/#website\",\"url\":\"https:\\\/\\\/www.sportshine.eu\\\/\",\"name\":\"Sportshine\",\"description\":\"Top spletna trgovina kolesarskih in naglavnih svetilk ter opreme\",\"publisher\":{\"@id\":\"https:\\\/\\\/www.sportshine.eu\\\/#organization\"},\"potentialAction\":[{\"@type\":\"SearchAction\",\"target\":{\"@type\":\"EntryPoint\",\"urlTemplate\":\"https:\\\/\\\/www.sportshine.eu\\\/?s={search_term_string}\"},\"query-input\":{\"@type\":\"PropertyValueSpecification\",\"valueRequired\":true,\"valueName\":\"search_term_string\"}}],\"inLanguage\":\"en-GB\"},{\"@type\":\"Organization\",\"@id\":\"https:\\\/\\\/www.sportshine.eu\\\/#organization\",\"name\":\"Sportshine\",\"url\":\"https:\\\/\\\/www.sportshine.eu\\\/\",\"logo\":{\"@type\":\"ImageObject\",\"inLanguage\":\"en-GB\",\"@id\":\"https:\\\/\\\/www.sportshine.eu\\\/#\\\/schema\\\/logo\\\/image\\\/\",\"url\":\"https:\\\/\\\/www.sportshine.eu\\\/wp-content\\\/uploads\\\/2026\\\/01\\\/cropped-Sportshine.webp\",\"contentUrl\":\"https:\\\/\\\/www.sportshine.eu\\\/wp-content\\\/uploads\\\/2026\\\/01\\\/cropped-Sportshine.webp\",\"width\":295,\"height\":128,\"caption\":\"Sportshine\"},\"image\":{\"@id\":\"https:\\\/\\\/www.sportshine.eu\\\/#\\\/schema\\\/logo\\\/image\\\/\"},\"sameAs\":[\"https:\\\/\\\/www.facebook.com\\\/sportshine.eu\\\/\"]}]}<\/script>\n<!-- \/ Yoast SEO plugin. -->","yoast_head_json":{"title":"Bicycle light package - MAGIC","description":"The Magic bike light set includes powerful bike lights. The SEEMEE 300 rear light with incredible brightness and a light sensor, and a powerful 2600 lumen front light.","robots":{"index":"index","follow":"follow","max-snippet":"max-snippet:-1","max-image-preview":"max-image-preview:large","max-video-preview":"max-video-preview:-1"},"canonical":"https:\/\/www.sportshine.eu\/en\/shop\/magic-bike-light-package\/","og_locale":"en_GB","og_type":"article","og_title":"Paket kolesarskih lu\u010di - MAGIC","og_description":"V setu kolesarskih lu\u010di Magic prejmete zmogljive kolesarske lu\u010di. Zadnjo lu\u010d SEEMEE 300 z neverjetno svetilnostjo in senzorjem svetlobe in sprednjo 2600 lumnov mo\u010dno lu\u010d.","og_url":"https:\/\/www.sportshine.eu\/en\/shop\/magic-bike-light-package\/","og_site_name":"Sportshine","article_publisher":"https:\/\/www.facebook.com\/sportshine.eu\/","article_modified_time":"2026-03-11T14:36:10+00:00","og_image":[{"width":800,"height":800,"url":"https:\/\/www.sportshine.eu\/wp-content\/uploads\/2025\/07\/Paket-kolesarskih-luci-Magic.webp","type":"image\/webp"}],"twitter_card":"summary_large_image","twitter_misc":{"Estimated reading time":"7 minutes"},"schema":{"@context":"https:\/\/schema.org","@graph":[{"@type":"WebPage","@id":"https:\/\/www.sportshine.eu\/trgovina\/paket-kolesarskih-luci-magic\/","url":"https:\/\/www.sportshine.eu\/trgovina\/paket-kolesarskih-luci-magic\/","name":"Bicycle light package - MAGIC","isPartOf":{"@id":"https:\/\/www.sportshine.eu\/#website"},"primaryImageOfPage":{"@id":"https:\/\/www.sportshine.eu\/trgovina\/paket-kolesarskih-luci-magic\/#primaryimage"},"image":{"@id":"https:\/\/www.sportshine.eu\/trgovina\/paket-kolesarskih-luci-magic\/#primaryimage"},"thumbnailUrl":"https:\/\/www.sportshine.eu\/wp-content\/uploads\/2025\/07\/Paket-kolesarskih-luci-Magic.webp","datePublished":"2025-07-05T19:40:21+00:00","dateModified":"2026-03-11T14:36:10+00:00","description":"The Magic bike light set includes powerful bike lights. The SEEMEE 300 rear light with incredible brightness and a light sensor, and a powerful 2600 lumen front light.","breadcrumb":{"@id":"https:\/\/www.sportshine.eu\/trgovina\/paket-kolesarskih-luci-magic\/#breadcrumb"},"inLanguage":"en-GB","potentialAction":[{"@type":"ReadAction","target":["https:\/\/www.sportshine.eu\/trgovina\/paket-kolesarskih-luci-magic\/"]}]},{"@type":"ImageObject","inLanguage":"en-GB","@id":"https:\/\/www.sportshine.eu\/trgovina\/paket-kolesarskih-luci-magic\/#primaryimage","url":"https:\/\/www.sportshine.eu\/wp-content\/uploads\/2025\/07\/Paket-kolesarskih-luci-Magic.webp","contentUrl":"https:\/\/www.sportshine.eu\/wp-content\/uploads\/2025\/07\/Paket-kolesarskih-luci-Magic.webp","width":800,"height":800},{"@type":"BreadcrumbList","@id":"https:\/\/www.sportshine.eu\/trgovina\/paket-kolesarskih-luci-magic\/#breadcrumb","itemListElement":[{"@type":"ListItem","position":1,"name":"Home","item":"https:\/\/www.sportshine.eu\/"},{"@type":"ListItem","position":2,"name":"Trgovina","item":"https:\/\/www.sportshine.eu\/trgovina\/"},{"@type":"ListItem","position":3,"name":"Paket kolesarskih lu\u010di &#8211; MAGIC"}]},{"@type":"WebSite","@id":"https:\/\/www.sportshine.eu\/#website","url":"https:\/\/www.sportshine.eu\/","name":"Sportshine","description":"Top online store for cycling and head lamps and equipment","publisher":{"@id":"https:\/\/www.sportshine.eu\/#organization"},"potentialAction":[{"@type":"SearchAction","target":{"@type":"EntryPoint","urlTemplate":"https:\/\/www.sportshine.eu\/?s={search_term_string}"},"query-input":{"@type":"PropertyValueSpecification","valueRequired":true,"valueName":"search_term_string"}}],"inLanguage":"en-GB"},{"@type":"Organization","@id":"https:\/\/www.sportshine.eu\/#organization","name":"Sportshine","url":"https:\/\/www.sportshine.eu\/","logo":{"@type":"ImageObject","inLanguage":"en-GB","@id":"https:\/\/www.sportshine.eu\/#\/schema\/logo\/image\/","url":"https:\/\/www.sportshine.eu\/wp-content\/uploads\/2026\/01\/cropped-Sportshine.webp","contentUrl":"https:\/\/www.sportshine.eu\/wp-content\/uploads\/2026\/01\/cropped-Sportshine.webp","width":295,"height":128,"caption":"Sportshine"},"image":{"@id":"https:\/\/www.sportshine.eu\/#\/schema\/logo\/image\/"},"sameAs":["https:\/\/www.facebook.com\/sportshine.eu\/"]}]}},"_links":{"self":[{"href":"https:\/\/www.sportshine.eu\/en\/wp-json\/wp\/v2\/product\/6426","targetHints":{"allow":["GET"]}}],"collection":[{"href":"https:\/\/www.sportshine.eu\/en\/wp-json\/wp\/v2\/product"}],"about":[{"href":"https:\/\/www.sportshine.eu\/en\/wp-json\/wp\/v2\/types\/product"}],"replies":[{"embeddable":true,"href":"https:\/\/www.sportshine.eu\/en\/wp-json\/wp\/v2\/comments?post=6426"}],"version-history":[{"count":0,"href":"https:\/\/www.sportshine.eu\/en\/wp-json\/wp\/v2\/product\/6426\/revisions"}],"wp:featuredmedia":[{"embeddable":true,"href":"https:\/\/www.sportshine.eu\/en\/wp-json\/wp\/v2\/media\/5773"}],"wp:attachment":[{"href":"https:\/\/www.sportshine.eu\/en\/wp-json\/wp\/v2\/media?parent=6426"}],"wp:term":[{"taxonomy":"product_brand","embeddable":true,"href":"https:\/\/www.sportshine.eu\/en\/wp-json\/wp\/v2\/product_brand?post=6426"},{"taxonomy":"product_cat","embeddable":true,"href":"https:\/\/www.sportshine.eu\/en\/wp-json\/wp\/v2\/product_cat?post=6426"},{"taxonomy":"product_tag","embeddable":true,"href":"https:\/\/www.sportshine.eu\/en\/wp-json\/wp\/v2\/product_tag?post=6426"}],"curies":[{"name":"wp","href":"https:\/\/api.w.org\/{rel}","templated":true}]}}