{"id":6425,"date":"2026-01-28T19:40:19","date_gmt":"2026-01-28T19:40:19","guid":{"rendered":"https:\/\/www.sportshine.eu\/?post_type=product&#038;p=6425"},"modified":"2026-04-20T07:37:49","modified_gmt":"2026-04-20T07:37:49","slug":"glasses-magicshine-rouleur-gray-pink","status":"publish","type":"product","link":"https:\/\/www.sportshine.eu\/en\/shop\/glasses-magicshine-rouleur-gray-pink\/","title":{"rendered":"Glasses Magicshine Rouleur grey\/pink"},"content":{"rendered":"<p>Magicshine Rouleur photochromic glasses feature lenses designed to be impact resistant and provide 100% UV protection. Each lens is enhanced with a front REVO coating, which is precisely engineered to restore true colors, enhance contrast, and provide unparalleled visual clarity. The back is equipped with a proprietary Magicshine OAR coating, which ensures an optimal glare-free experience. The smudge-resistant coating on both sides of the lenses repels dirt, fingerprints, and oils, providing superior protection and making it easy to clean the lenses.<\/p>\n<p><img decoding=\"async\" class=\"aligncenter wp-image-7525 size-full\" src=\"https:\/\/www.sportshine.eu\/wp-content\/uploads\/2025\/07\/Ocala-Magicshine-Rouleur-greypink-2-1.webp\" alt=\"Ocala-Magicshine-Rouleur-greypink-2\" width=\"800\" height=\"800\" srcset=\"https:\/\/www.sportshine.eu\/wp-content\/uploads\/2025\/07\/Ocala-Magicshine-Rouleur-greypink-2-1.webp 800w, https:\/\/www.sportshine.eu\/wp-content\/uploads\/2025\/07\/Ocala-Magicshine-Rouleur-greypink-2-1-768x768.webp 768w, https:\/\/www.sportshine.eu\/wp-content\/uploads\/2025\/07\/Ocala-Magicshine-Rouleur-greypink-2-1-600x600.webp 600w\" sizes=\"(max-width: 800px) 100vw, 800px\" \/><\/p>\n<p>&nbsp;<\/p>\n<p>Large ventilation holes around the lenses and temple tips prevent fogging and ensure clear vision. The frame is made of TR90 and TPR materials, along with non-slip nose pads and temple tips, ensuring a comfortable fit for all levels of activity.<\/p>\n<p>&nbsp;<\/p>\n<p>What is REVO coating? Click <span style=\"color: #339966;\"><a style=\"color: #339966;\" href=\"https:\/\/www.sportshine.eu\/en\/revo-cover\/\">here<\/a><\/span><\/p>\n<p><iframe loading=\"lazy\" title=\"MAGICSHINE ROLLER CYCLING SPORTS SUNGLASSES\" width=\"500\" height=\"281\" src=\"https:\/\/www.youtube.com\/embed\/UCXbHHS1K_Q?feature=oembed\" frameborder=\"0\" allow=\"accelerometer; autoplay; clipboard-write; encrypted-media; gyroscope; picture-in-picture; web-share\" referrerpolicy=\"strict-origin-when-cross-origin\" allowfullscreen><\/iframe><\/p>","protected":false},"excerpt":{"rendered":"<p>Magicshine Rouleur Photochromic Glasses are the only photochromic glasses in this series that have REVO and OAR lens coatings. Designed for all athletes who need quality protection for their eyes. With their elegant half-frame design and large polycarbonate lenses, the glasses combine style and safety. They are characterized by exceptional optical clarity.<\/p>","protected":false},"featured_media":5767,"comment_status":"open","ping_status":"closed","template":"","meta":[],"product_brand":[131],"product_cat":[106,103],"product_tag":[174],"class_list":{"0":"post-6425","1":"product","2":"type-product","3":"status-publish","4":"has-post-thumbnail","6":"product_brand-magicshine","7":"product_cat-fotokromatska-ocala","8":"product_cat-kolesarska-ocala","9":"product_tag-magicshine-ocala","11":"first","12":"outofstock","13":"taxable","14":"shipping-taxable","15":"purchasable","16":"product-type-simple"},"yoast_head":"<!-- This site is optimized with the Yoast SEO plugin v27.3 - https:\/\/yoast.com\/product\/yoast-seo-wordpress\/ -->\n<title>O\u010dala Magicshine Rouleur grey\/pink<\/title>\n<meta name=\"description\" content=\"Izjemna \u0161portna o\u010dala priznane znamke Magicshine. Z REVO in OAR prevleko le\u010d in te\u017eo le 29 gramov. Priporo\u010damo za vse \u0161portne aktivnosti.\" \/>\n<meta name=\"robots\" content=\"index, follow, max-snippet:-1, max-image-preview:large, max-video-preview:-1\" \/>\n<link rel=\"canonical\" href=\"https:\/\/www.sportshine.eu\/en\/shop\/glasses-magicshine-rouleur-gray-pink\/\" \/>\n<meta property=\"og:locale\" content=\"en_GB\" \/>\n<meta property=\"og:type\" content=\"article\" \/>\n<meta property=\"og:title\" content=\"O\u010dala Magicshine Rouleur grey\/pink\" \/>\n<meta property=\"og:description\" content=\"Izjemna \u0161portna o\u010dala priznane znamke Magicshine. Z REVO in OAR prevleko le\u010d in te\u017eo le 29 gramov. Priporo\u010damo za vse \u0161portne aktivnosti.\" \/>\n<meta property=\"og:url\" content=\"https:\/\/www.sportshine.eu\/en\/shop\/glasses-magicshine-rouleur-gray-pink\/\" \/>\n<meta property=\"og:site_name\" content=\"Sportshine\" \/>\n<meta property=\"article:publisher\" content=\"https:\/\/www.facebook.com\/sportshine.eu\/\" \/>\n<meta property=\"article:modified_time\" content=\"2026-04-20T07:37:49+00:00\" \/>\n<meta property=\"og:image\" content=\"https:\/\/www.sportshine.eu\/wp-content\/uploads\/2025\/07\/Ocala-Magicshine-Rouleur-greypink.webp\" \/>\n\t<meta property=\"og:image:width\" content=\"800\" \/>\n\t<meta property=\"og:image:height\" content=\"800\" \/>\n\t<meta property=\"og:image:type\" content=\"image\/webp\" \/>\n<meta name=\"twitter:card\" content=\"summary_large_image\" \/>\n<meta name=\"twitter:label1\" content=\"Estimated reading time\" \/>\n\t<meta name=\"twitter:data1\" content=\"2 minutes\" \/>\n<script type=\"application\/ld+json\" class=\"yoast-schema-graph\">{\"@context\":\"https:\\\/\\\/schema.org\",\"@graph\":[{\"@type\":\"WebPage\",\"@id\":\"https:\\\/\\\/www.sportshine.eu\\\/trgovina\\\/ocala-magicshine-rouleur-grey-pink\\\/\",\"url\":\"https:\\\/\\\/www.sportshine.eu\\\/trgovina\\\/ocala-magicshine-rouleur-grey-pink\\\/\",\"name\":\"O\u010dala Magicshine Rouleur grey\\\/pink\",\"isPartOf\":{\"@id\":\"https:\\\/\\\/www.sportshine.eu\\\/#website\"},\"primaryImageOfPage\":{\"@id\":\"https:\\\/\\\/www.sportshine.eu\\\/trgovina\\\/ocala-magicshine-rouleur-grey-pink\\\/#primaryimage\"},\"image\":{\"@id\":\"https:\\\/\\\/www.sportshine.eu\\\/trgovina\\\/ocala-magicshine-rouleur-grey-pink\\\/#primaryimage\"},\"thumbnailUrl\":\"https:\\\/\\\/www.sportshine.eu\\\/wp-content\\\/uploads\\\/2025\\\/07\\\/Ocala-Magicshine-Rouleur-greypink.webp\",\"datePublished\":\"2026-01-28T19:40:19+00:00\",\"dateModified\":\"2026-04-20T07:37:49+00:00\",\"description\":\"Izjemna \u0161portna o\u010dala priznane znamke Magicshine. Z REVO in OAR prevleko le\u010d in te\u017eo le 29 gramov. Priporo\u010damo za vse \u0161portne aktivnosti.\",\"breadcrumb\":{\"@id\":\"https:\\\/\\\/www.sportshine.eu\\\/trgovina\\\/ocala-magicshine-rouleur-grey-pink\\\/#breadcrumb\"},\"inLanguage\":\"en-GB\",\"potentialAction\":[{\"@type\":\"ReadAction\",\"target\":[\"https:\\\/\\\/www.sportshine.eu\\\/trgovina\\\/ocala-magicshine-rouleur-grey-pink\\\/\"]}]},{\"@type\":\"ImageObject\",\"inLanguage\":\"en-GB\",\"@id\":\"https:\\\/\\\/www.sportshine.eu\\\/trgovina\\\/ocala-magicshine-rouleur-grey-pink\\\/#primaryimage\",\"url\":\"https:\\\/\\\/www.sportshine.eu\\\/wp-content\\\/uploads\\\/2025\\\/07\\\/Ocala-Magicshine-Rouleur-greypink.webp\",\"contentUrl\":\"https:\\\/\\\/www.sportshine.eu\\\/wp-content\\\/uploads\\\/2025\\\/07\\\/Ocala-Magicshine-Rouleur-greypink.webp\",\"width\":800,\"height\":800},{\"@type\":\"BreadcrumbList\",\"@id\":\"https:\\\/\\\/www.sportshine.eu\\\/trgovina\\\/ocala-magicshine-rouleur-grey-pink\\\/#breadcrumb\",\"itemListElement\":[{\"@type\":\"ListItem\",\"position\":1,\"name\":\"Home\",\"item\":\"https:\\\/\\\/www.sportshine.eu\\\/\"},{\"@type\":\"ListItem\",\"position\":2,\"name\":\"Trgovina\",\"item\":\"https:\\\/\\\/www.sportshine.eu\\\/trgovina\\\/\"},{\"@type\":\"ListItem\",\"position\":3,\"name\":\"O\u010dala Magicshine Rouleur grey\\\/pink\"}]},{\"@type\":\"WebSite\",\"@id\":\"https:\\\/\\\/www.sportshine.eu\\\/#website\",\"url\":\"https:\\\/\\\/www.sportshine.eu\\\/\",\"name\":\"Sportshine\",\"description\":\"Top spletna trgovina kolesarskih in naglavnih svetilk ter opreme\",\"publisher\":{\"@id\":\"https:\\\/\\\/www.sportshine.eu\\\/#organization\"},\"potentialAction\":[{\"@type\":\"SearchAction\",\"target\":{\"@type\":\"EntryPoint\",\"urlTemplate\":\"https:\\\/\\\/www.sportshine.eu\\\/?s={search_term_string}\"},\"query-input\":{\"@type\":\"PropertyValueSpecification\",\"valueRequired\":true,\"valueName\":\"search_term_string\"}}],\"inLanguage\":\"en-GB\"},{\"@type\":\"Organization\",\"@id\":\"https:\\\/\\\/www.sportshine.eu\\\/#organization\",\"name\":\"Sportshine\",\"url\":\"https:\\\/\\\/www.sportshine.eu\\\/\",\"logo\":{\"@type\":\"ImageObject\",\"inLanguage\":\"en-GB\",\"@id\":\"https:\\\/\\\/www.sportshine.eu\\\/#\\\/schema\\\/logo\\\/image\\\/\",\"url\":\"https:\\\/\\\/www.sportshine.eu\\\/wp-content\\\/uploads\\\/2026\\\/01\\\/cropped-Sportshine.webp\",\"contentUrl\":\"https:\\\/\\\/www.sportshine.eu\\\/wp-content\\\/uploads\\\/2026\\\/01\\\/cropped-Sportshine.webp\",\"width\":295,\"height\":128,\"caption\":\"Sportshine\"},\"image\":{\"@id\":\"https:\\\/\\\/www.sportshine.eu\\\/#\\\/schema\\\/logo\\\/image\\\/\"},\"sameAs\":[\"https:\\\/\\\/www.facebook.com\\\/sportshine.eu\\\/\"]}]}<\/script>\n<!-- \/ Yoast SEO plugin. -->","yoast_head_json":{"title":"Glasses Magicshine Rouleur grey\/pink","description":"Exceptional sports glasses from the renowned brand Magicshine. With REVO and OAR lens coating and weighing only 29 grams. Recommended for all sports activities.","robots":{"index":"index","follow":"follow","max-snippet":"max-snippet:-1","max-image-preview":"max-image-preview:large","max-video-preview":"max-video-preview:-1"},"canonical":"https:\/\/www.sportshine.eu\/en\/shop\/glasses-magicshine-rouleur-gray-pink\/","og_locale":"en_GB","og_type":"article","og_title":"O\u010dala Magicshine Rouleur grey\/pink","og_description":"Izjemna \u0161portna o\u010dala priznane znamke Magicshine. Z REVO in OAR prevleko le\u010d in te\u017eo le 29 gramov. Priporo\u010damo za vse \u0161portne aktivnosti.","og_url":"https:\/\/www.sportshine.eu\/en\/shop\/glasses-magicshine-rouleur-gray-pink\/","og_site_name":"Sportshine","article_publisher":"https:\/\/www.facebook.com\/sportshine.eu\/","article_modified_time":"2026-04-20T07:37:49+00:00","og_image":[{"width":800,"height":800,"url":"https:\/\/www.sportshine.eu\/wp-content\/uploads\/2025\/07\/Ocala-Magicshine-Rouleur-greypink.webp","type":"image\/webp"}],"twitter_card":"summary_large_image","twitter_misc":{"Estimated reading time":"2 minutes"},"schema":{"@context":"https:\/\/schema.org","@graph":[{"@type":"WebPage","@id":"https:\/\/www.sportshine.eu\/trgovina\/ocala-magicshine-rouleur-grey-pink\/","url":"https:\/\/www.sportshine.eu\/trgovina\/ocala-magicshine-rouleur-grey-pink\/","name":"Glasses Magicshine Rouleur grey\/pink","isPartOf":{"@id":"https:\/\/www.sportshine.eu\/#website"},"primaryImageOfPage":{"@id":"https:\/\/www.sportshine.eu\/trgovina\/ocala-magicshine-rouleur-grey-pink\/#primaryimage"},"image":{"@id":"https:\/\/www.sportshine.eu\/trgovina\/ocala-magicshine-rouleur-grey-pink\/#primaryimage"},"thumbnailUrl":"https:\/\/www.sportshine.eu\/wp-content\/uploads\/2025\/07\/Ocala-Magicshine-Rouleur-greypink.webp","datePublished":"2026-01-28T19:40:19+00:00","dateModified":"2026-04-20T07:37:49+00:00","description":"Exceptional sports glasses from the renowned brand Magicshine. With REVO and OAR lens coating and weighing only 29 grams. Recommended for all sports activities.","breadcrumb":{"@id":"https:\/\/www.sportshine.eu\/trgovina\/ocala-magicshine-rouleur-grey-pink\/#breadcrumb"},"inLanguage":"en-GB","potentialAction":[{"@type":"ReadAction","target":["https:\/\/www.sportshine.eu\/trgovina\/ocala-magicshine-rouleur-grey-pink\/"]}]},{"@type":"ImageObject","inLanguage":"en-GB","@id":"https:\/\/www.sportshine.eu\/trgovina\/ocala-magicshine-rouleur-grey-pink\/#primaryimage","url":"https:\/\/www.sportshine.eu\/wp-content\/uploads\/2025\/07\/Ocala-Magicshine-Rouleur-greypink.webp","contentUrl":"https:\/\/www.sportshine.eu\/wp-content\/uploads\/2025\/07\/Ocala-Magicshine-Rouleur-greypink.webp","width":800,"height":800},{"@type":"BreadcrumbList","@id":"https:\/\/www.sportshine.eu\/trgovina\/ocala-magicshine-rouleur-grey-pink\/#breadcrumb","itemListElement":[{"@type":"ListItem","position":1,"name":"Home","item":"https:\/\/www.sportshine.eu\/"},{"@type":"ListItem","position":2,"name":"Trgovina","item":"https:\/\/www.sportshine.eu\/trgovina\/"},{"@type":"ListItem","position":3,"name":"O\u010dala Magicshine Rouleur grey\/pink"}]},{"@type":"WebSite","@id":"https:\/\/www.sportshine.eu\/#website","url":"https:\/\/www.sportshine.eu\/","name":"Sportshine","description":"Top online store for cycling and head lamps and equipment","publisher":{"@id":"https:\/\/www.sportshine.eu\/#organization"},"potentialAction":[{"@type":"SearchAction","target":{"@type":"EntryPoint","urlTemplate":"https:\/\/www.sportshine.eu\/?s={search_term_string}"},"query-input":{"@type":"PropertyValueSpecification","valueRequired":true,"valueName":"search_term_string"}}],"inLanguage":"en-GB"},{"@type":"Organization","@id":"https:\/\/www.sportshine.eu\/#organization","name":"Sportshine","url":"https:\/\/www.sportshine.eu\/","logo":{"@type":"ImageObject","inLanguage":"en-GB","@id":"https:\/\/www.sportshine.eu\/#\/schema\/logo\/image\/","url":"https:\/\/www.sportshine.eu\/wp-content\/uploads\/2026\/01\/cropped-Sportshine.webp","contentUrl":"https:\/\/www.sportshine.eu\/wp-content\/uploads\/2026\/01\/cropped-Sportshine.webp","width":295,"height":128,"caption":"Sportshine"},"image":{"@id":"https:\/\/www.sportshine.eu\/#\/schema\/logo\/image\/"},"sameAs":["https:\/\/www.facebook.com\/sportshine.eu\/"]}]}},"_links":{"self":[{"href":"https:\/\/www.sportshine.eu\/en\/wp-json\/wp\/v2\/product\/6425","targetHints":{"allow":["GET"]}}],"collection":[{"href":"https:\/\/www.sportshine.eu\/en\/wp-json\/wp\/v2\/product"}],"about":[{"href":"https:\/\/www.sportshine.eu\/en\/wp-json\/wp\/v2\/types\/product"}],"replies":[{"embeddable":true,"href":"https:\/\/www.sportshine.eu\/en\/wp-json\/wp\/v2\/comments?post=6425"}],"version-history":[{"count":1,"href":"https:\/\/www.sportshine.eu\/en\/wp-json\/wp\/v2\/product\/6425\/revisions"}],"predecessor-version":[{"id":10401,"href":"https:\/\/www.sportshine.eu\/en\/wp-json\/wp\/v2\/product\/6425\/revisions\/10401"}],"wp:featuredmedia":[{"embeddable":true,"href":"https:\/\/www.sportshine.eu\/en\/wp-json\/wp\/v2\/media\/5767"}],"wp:attachment":[{"href":"https:\/\/www.sportshine.eu\/en\/wp-json\/wp\/v2\/media?parent=6425"}],"wp:term":[{"taxonomy":"product_brand","embeddable":true,"href":"https:\/\/www.sportshine.eu\/en\/wp-json\/wp\/v2\/product_brand?post=6425"},{"taxonomy":"product_cat","embeddable":true,"href":"https:\/\/www.sportshine.eu\/en\/wp-json\/wp\/v2\/product_cat?post=6425"},{"taxonomy":"product_tag","embeddable":true,"href":"https:\/\/www.sportshine.eu\/en\/wp-json\/wp\/v2\/product_tag?post=6425"}],"curies":[{"name":"wp","href":"https:\/\/api.w.org\/{rel}","templated":true}]}}