{"id":6424,"date":"2026-01-28T19:40:18","date_gmt":"2026-01-28T19:40:18","guid":{"rendered":"https:\/\/www.sportshine.eu\/?post_type=product&#038;p=6424"},"modified":"2026-03-27T19:13:11","modified_gmt":"2026-03-27T19:13:11","slug":"glasses-magicshine-rouleur-gray-gold","status":"publish","type":"product","link":"https:\/\/www.sportshine.eu\/en\/shop\/glasses-magicshine-rouleur-gray-gold\/","title":{"rendered":"Glasses Magicshine Rouleur grey\/gold"},"content":{"rendered":"<h3 style=\"text-align: center;\">PERFECT VISIBILITY IN ALL CONDITIONS<\/h3>\n<p style=\"text-align: center;\">Sports glasses <b data-path-to-node=\"2\" data-index-in-node=\"14\">Photochromic roller<\/b> they adapt seamlessly to dimming levels from <b data-path-to-node=\"2\" data-index-in-node=\"83\">cat. 1 to cat. 3<\/b> depending on the lighting conditions and offer comprehensive protection against strong sunlight, UV rays and glare. This adaptability ensures superior eye safety on your cycling adventures, both day and night.<\/p>\n<p><iframe loading=\"lazy\" title=\"MAGICSHINE ROLLER CYCLING SPORTS SUNGLASSES\" width=\"500\" height=\"281\" src=\"https:\/\/www.youtube.com\/embed\/UCXbHHS1K_Q?feature=oembed\" frameborder=\"0\" allow=\"accelerometer; autoplay; clipboard-write; encrypted-media; gyroscope; picture-in-picture; web-share\" referrerpolicy=\"strict-origin-when-cross-origin\" allowfullscreen><\/iframe><\/p>\n<h3 style=\"text-align: center;\">DIMMING LEVELS<\/h3>\n<p style=\"text-align: center;\"><b data-path-to-node=\"3\" data-index-in-node=\"0\">1. Indoor\/Night view<\/b><\/p>\n<p style=\"text-align: center;\" data-path-to-node=\"4,1,0\">\u00a0This level ensures optimal visibility and safety indoors, at dusk or when cycling at night. The eyes are protected from wind and insects without reducing visibility.<\/p>\n<p style=\"text-align: center;\" data-path-to-node=\"5\"><b data-path-to-node=\"5\" data-index-in-node=\"0\">2. Cloudy weather (Overcast)<\/b><\/p>\n<p style=\"text-align: center;\" data-path-to-node=\"6,1,0\">\u00a0The glasses automatically adjust to diffuse light and reduce the unpleasant glare that occurs when the sun hides behind clouds. Vision is sharp and contrasts are more emphasized, allowing for better perception of the terrain.<\/p>\n<p style=\"text-align: center;\" data-path-to-node=\"7\"><b data-path-to-node=\"7\" data-index-in-node=\"0\">3. Clear day<\/b><\/p>\n<p style=\"text-align: center;\" data-path-to-node=\"8,1,0\">\u00a0The glasses offer maximum protection against strong sunlight and UV radiation. This degree of darkening (Cat. 3) prevents eye fatigue and ensures relaxed vision even in the strongest sun, so you can fully concentrate on your performance.<\/p>\n<p data-path-to-node=\"8,1,0\"><img decoding=\"async\" class=\"aligncenter wp-image-10330 size-full\" src=\"https:\/\/www.sportshine.eu\/wp-content\/uploads\/2026\/01\/fotokromatska-ocala.webp\" alt=\"photochromic glasses\" width=\"1980\" height=\"800\" srcset=\"https:\/\/www.sportshine.eu\/wp-content\/uploads\/2026\/01\/fotokromatska-ocala.webp 1980w, https:\/\/www.sportshine.eu\/wp-content\/uploads\/2026\/01\/fotokromatska-ocala-768x310.webp 768w, https:\/\/www.sportshine.eu\/wp-content\/uploads\/2026\/01\/fotokromatska-ocala-1536x621.webp 1536w, https:\/\/www.sportshine.eu\/wp-content\/uploads\/2026\/01\/fotokromatska-ocala-600x242.webp 600w\" sizes=\"(max-width: 1980px) 100vw, 1980px\" \/><\/p>\n<h3 style=\"text-align: center;\">PHOTOCHROMIC LENSES<\/h3>\n<p style=\"text-align: center;\">Magicshine Rouleur photochromic glasses feature lenses designed to be impact resistant and provide 100% UV protection. Each lens is enhanced with a front REVO coating, which is precisely engineered to restore true colors, enhance contrast, and provide unparalleled visual clarity. The back is equipped with a proprietary Magicshine OAR coating, which ensures an optimal glare-free experience. The smudge-resistant coating on both sides of the lenses repels dirt, fingerprints, and oils, providing superior protection and making it easy to clean the lenses.<\/p>\n<p><img decoding=\"async\" class=\"aligncenter wp-image-7530 size-full\" src=\"https:\/\/www.sportshine.eu\/wp-content\/uploads\/2025\/07\/Ocala-Magicshine-Rouleur-9.webp\" alt=\"\" width=\"800\" height=\"800\" srcset=\"https:\/\/www.sportshine.eu\/wp-content\/uploads\/2025\/07\/Ocala-Magicshine-Rouleur-9.webp 800w, https:\/\/www.sportshine.eu\/wp-content\/uploads\/2025\/07\/Ocala-Magicshine-Rouleur-9-768x768.webp 768w, https:\/\/www.sportshine.eu\/wp-content\/uploads\/2025\/07\/Ocala-Magicshine-Rouleur-9-600x600.webp 600w\" sizes=\"(max-width: 800px) 100vw, 800px\" \/><\/p>\n<h3 style=\"text-align: center;\">IMPROVED VENTILATION SYSTEM<\/h3>\n<p style=\"text-align: center;\">Large ventilation holes around the lenses and temple tips prevent fogging and ensure clear vision. The frame is made of TR90 and TPR materials, along with non-slip nose pads and temple tips, ensuring a comfortable fit for all levels of activity.<\/p>\n<p>&nbsp;<\/p>\n<p style=\"text-align: center;\">What is REVO coating? Click <span style=\"color: #339966;\"><a style=\"color: #339966;\" href=\"https:\/\/www.sportshine.eu\/en\/revo-cover\/\">here<\/a><\/span><\/p>\n<p><img decoding=\"async\" class=\"aligncenter wp-image-10334 size-full\" src=\"https:\/\/www.sportshine.eu\/wp-content\/uploads\/2026\/01\/Magicshine-ocala.webp\" alt=\"\" width=\"800\" height=\"800\" srcset=\"https:\/\/www.sportshine.eu\/wp-content\/uploads\/2026\/01\/Magicshine-ocala.webp 800w, https:\/\/www.sportshine.eu\/wp-content\/uploads\/2026\/01\/Magicshine-ocala-768x768.webp 768w, https:\/\/www.sportshine.eu\/wp-content\/uploads\/2026\/01\/Magicshine-ocala-600x600.webp 600w\" sizes=\"(max-width: 800px) 100vw, 800px\" \/><\/p>","protected":false},"excerpt":{"rendered":"<p>Magicshine Rouleur Photochromic Glasses are the only photochromic glasses in this series that have REVO and OAR lens coatings. Designed for all athletes who need quality protection for their eyes. With their elegant half-frame design and large polycarbonate lenses, the glasses combine style and safety. They are characterized by exceptional optical clarity.<\/p>","protected":false},"featured_media":5762,"comment_status":"open","ping_status":"closed","template":"","meta":[],"product_brand":[131],"product_cat":[106,103],"product_tag":[174],"class_list":{"0":"post-6424","1":"product","2":"type-product","3":"status-publish","4":"has-post-thumbnail","6":"product_brand-magicshine","7":"product_cat-fotokromatska-ocala","8":"product_cat-kolesarska-ocala","9":"product_tag-magicshine-ocala","11":"first","12":"instock","13":"sale","14":"taxable","15":"shipping-taxable","16":"purchasable","17":"product-type-simple"},"yoast_head":"<!-- This site is optimized with the Yoast SEO plugin v27.3 - https:\/\/yoast.com\/product\/yoast-seo-wordpress\/ -->\n<title>O\u010dala Magicshine Rouleur grey\/gold<\/title>\n<meta name=\"description\" content=\"Izjemna \u0161portna o\u010dala priznane znamke Magicshine. Z REVO in OAR prevleko le\u010d in te\u017eo le 29 gramov. Priporo\u010damo za vse \u0161portne aktivnosti.\" \/>\n<meta name=\"robots\" content=\"index, follow, max-snippet:-1, max-image-preview:large, max-video-preview:-1\" \/>\n<link rel=\"canonical\" href=\"https:\/\/www.sportshine.eu\/en\/shop\/glasses-magicshine-rouleur-gray-gold\/\" \/>\n<meta property=\"og:locale\" content=\"en_GB\" \/>\n<meta property=\"og:type\" content=\"article\" \/>\n<meta property=\"og:title\" content=\"O\u010dala Magicshine Rouleur grey\/gold\" \/>\n<meta property=\"og:description\" content=\"Izjemna \u0161portna o\u010dala priznane znamke Magicshine. Z REVO in OAR prevleko le\u010d in te\u017eo le 29 gramov. Priporo\u010damo za vse \u0161portne aktivnosti.\" \/>\n<meta property=\"og:url\" content=\"https:\/\/www.sportshine.eu\/en\/shop\/glasses-magicshine-rouleur-gray-gold\/\" \/>\n<meta property=\"og:site_name\" content=\"Sportshine\" \/>\n<meta property=\"article:publisher\" content=\"https:\/\/www.facebook.com\/sportshine.eu\/\" \/>\n<meta property=\"article:modified_time\" content=\"2026-03-27T19:13:11+00:00\" \/>\n<meta property=\"og:image\" content=\"https:\/\/www.sportshine.eu\/wp-content\/uploads\/2025\/07\/Untitleddesign-ezgif.com-jpg-to-webp-converter-1.webp\" \/>\n\t<meta property=\"og:image:width\" content=\"800\" \/>\n\t<meta property=\"og:image:height\" content=\"800\" \/>\n\t<meta property=\"og:image:type\" content=\"image\/webp\" \/>\n<meta name=\"twitter:card\" content=\"summary_large_image\" \/>\n<meta name=\"twitter:label1\" content=\"Estimated reading time\" \/>\n\t<meta name=\"twitter:data1\" content=\"3 minutes\" \/>\n<script type=\"application\/ld+json\" class=\"yoast-schema-graph\">{\"@context\":\"https:\\\/\\\/schema.org\",\"@graph\":[{\"@type\":\"WebPage\",\"@id\":\"https:\\\/\\\/www.sportshine.eu\\\/trgovina\\\/ocala-magicshine-rouleur-grey-gold\\\/\",\"url\":\"https:\\\/\\\/www.sportshine.eu\\\/trgovina\\\/ocala-magicshine-rouleur-grey-gold\\\/\",\"name\":\"O\u010dala Magicshine Rouleur grey\\\/gold\",\"isPartOf\":{\"@id\":\"https:\\\/\\\/www.sportshine.eu\\\/#website\"},\"primaryImageOfPage\":{\"@id\":\"https:\\\/\\\/www.sportshine.eu\\\/trgovina\\\/ocala-magicshine-rouleur-grey-gold\\\/#primaryimage\"},\"image\":{\"@id\":\"https:\\\/\\\/www.sportshine.eu\\\/trgovina\\\/ocala-magicshine-rouleur-grey-gold\\\/#primaryimage\"},\"thumbnailUrl\":\"https:\\\/\\\/www.sportshine.eu\\\/wp-content\\\/uploads\\\/2025\\\/07\\\/Untitleddesign-ezgif.com-jpg-to-webp-converter-1.webp\",\"datePublished\":\"2026-01-28T19:40:18+00:00\",\"dateModified\":\"2026-03-27T19:13:11+00:00\",\"description\":\"Izjemna \u0161portna o\u010dala priznane znamke Magicshine. Z REVO in OAR prevleko le\u010d in te\u017eo le 29 gramov. Priporo\u010damo za vse \u0161portne aktivnosti.\",\"breadcrumb\":{\"@id\":\"https:\\\/\\\/www.sportshine.eu\\\/trgovina\\\/ocala-magicshine-rouleur-grey-gold\\\/#breadcrumb\"},\"inLanguage\":\"en-GB\",\"potentialAction\":[{\"@type\":\"ReadAction\",\"target\":[\"https:\\\/\\\/www.sportshine.eu\\\/trgovina\\\/ocala-magicshine-rouleur-grey-gold\\\/\"]}]},{\"@type\":\"ImageObject\",\"inLanguage\":\"en-GB\",\"@id\":\"https:\\\/\\\/www.sportshine.eu\\\/trgovina\\\/ocala-magicshine-rouleur-grey-gold\\\/#primaryimage\",\"url\":\"https:\\\/\\\/www.sportshine.eu\\\/wp-content\\\/uploads\\\/2025\\\/07\\\/Untitleddesign-ezgif.com-jpg-to-webp-converter-1.webp\",\"contentUrl\":\"https:\\\/\\\/www.sportshine.eu\\\/wp-content\\\/uploads\\\/2025\\\/07\\\/Untitleddesign-ezgif.com-jpg-to-webp-converter-1.webp\",\"width\":800,\"height\":800},{\"@type\":\"BreadcrumbList\",\"@id\":\"https:\\\/\\\/www.sportshine.eu\\\/trgovina\\\/ocala-magicshine-rouleur-grey-gold\\\/#breadcrumb\",\"itemListElement\":[{\"@type\":\"ListItem\",\"position\":1,\"name\":\"Home\",\"item\":\"https:\\\/\\\/www.sportshine.eu\\\/\"},{\"@type\":\"ListItem\",\"position\":2,\"name\":\"Trgovina\",\"item\":\"https:\\\/\\\/www.sportshine.eu\\\/trgovina\\\/\"},{\"@type\":\"ListItem\",\"position\":3,\"name\":\"O\u010dala Magicshine Rouleur grey\\\/gold\"}]},{\"@type\":\"WebSite\",\"@id\":\"https:\\\/\\\/www.sportshine.eu\\\/#website\",\"url\":\"https:\\\/\\\/www.sportshine.eu\\\/\",\"name\":\"Sportshine\",\"description\":\"Top spletna trgovina kolesarskih in naglavnih svetilk ter opreme\",\"publisher\":{\"@id\":\"https:\\\/\\\/www.sportshine.eu\\\/#organization\"},\"potentialAction\":[{\"@type\":\"SearchAction\",\"target\":{\"@type\":\"EntryPoint\",\"urlTemplate\":\"https:\\\/\\\/www.sportshine.eu\\\/?s={search_term_string}\"},\"query-input\":{\"@type\":\"PropertyValueSpecification\",\"valueRequired\":true,\"valueName\":\"search_term_string\"}}],\"inLanguage\":\"en-GB\"},{\"@type\":\"Organization\",\"@id\":\"https:\\\/\\\/www.sportshine.eu\\\/#organization\",\"name\":\"Sportshine\",\"url\":\"https:\\\/\\\/www.sportshine.eu\\\/\",\"logo\":{\"@type\":\"ImageObject\",\"inLanguage\":\"en-GB\",\"@id\":\"https:\\\/\\\/www.sportshine.eu\\\/#\\\/schema\\\/logo\\\/image\\\/\",\"url\":\"https:\\\/\\\/www.sportshine.eu\\\/wp-content\\\/uploads\\\/2026\\\/01\\\/cropped-Sportshine.webp\",\"contentUrl\":\"https:\\\/\\\/www.sportshine.eu\\\/wp-content\\\/uploads\\\/2026\\\/01\\\/cropped-Sportshine.webp\",\"width\":295,\"height\":128,\"caption\":\"Sportshine\"},\"image\":{\"@id\":\"https:\\\/\\\/www.sportshine.eu\\\/#\\\/schema\\\/logo\\\/image\\\/\"},\"sameAs\":[\"https:\\\/\\\/www.facebook.com\\\/sportshine.eu\\\/\"]}]}<\/script>\n<!-- \/ Yoast SEO plugin. -->","yoast_head_json":{"title":"Glasses Magicshine Rouleur grey\/gold","description":"Exceptional sports glasses from the renowned brand Magicshine. With REVO and OAR lens coating and weighing only 29 grams. Recommended for all sports activities.","robots":{"index":"index","follow":"follow","max-snippet":"max-snippet:-1","max-image-preview":"max-image-preview:large","max-video-preview":"max-video-preview:-1"},"canonical":"https:\/\/www.sportshine.eu\/en\/shop\/glasses-magicshine-rouleur-gray-gold\/","og_locale":"en_GB","og_type":"article","og_title":"O\u010dala Magicshine Rouleur grey\/gold","og_description":"Izjemna \u0161portna o\u010dala priznane znamke Magicshine. Z REVO in OAR prevleko le\u010d in te\u017eo le 29 gramov. Priporo\u010damo za vse \u0161portne aktivnosti.","og_url":"https:\/\/www.sportshine.eu\/en\/shop\/glasses-magicshine-rouleur-gray-gold\/","og_site_name":"Sportshine","article_publisher":"https:\/\/www.facebook.com\/sportshine.eu\/","article_modified_time":"2026-03-27T19:13:11+00:00","og_image":[{"width":800,"height":800,"url":"https:\/\/www.sportshine.eu\/wp-content\/uploads\/2025\/07\/Untitleddesign-ezgif.com-jpg-to-webp-converter-1.webp","type":"image\/webp"}],"twitter_card":"summary_large_image","twitter_misc":{"Estimated reading time":"3 minutes"},"schema":{"@context":"https:\/\/schema.org","@graph":[{"@type":"WebPage","@id":"https:\/\/www.sportshine.eu\/trgovina\/ocala-magicshine-rouleur-grey-gold\/","url":"https:\/\/www.sportshine.eu\/trgovina\/ocala-magicshine-rouleur-grey-gold\/","name":"Glasses Magicshine Rouleur grey\/gold","isPartOf":{"@id":"https:\/\/www.sportshine.eu\/#website"},"primaryImageOfPage":{"@id":"https:\/\/www.sportshine.eu\/trgovina\/ocala-magicshine-rouleur-grey-gold\/#primaryimage"},"image":{"@id":"https:\/\/www.sportshine.eu\/trgovina\/ocala-magicshine-rouleur-grey-gold\/#primaryimage"},"thumbnailUrl":"https:\/\/www.sportshine.eu\/wp-content\/uploads\/2025\/07\/Untitleddesign-ezgif.com-jpg-to-webp-converter-1.webp","datePublished":"2026-01-28T19:40:18+00:00","dateModified":"2026-03-27T19:13:11+00:00","description":"Exceptional sports glasses from the renowned brand Magicshine. With REVO and OAR lens coating and weighing only 29 grams. Recommended for all sports activities.","breadcrumb":{"@id":"https:\/\/www.sportshine.eu\/trgovina\/ocala-magicshine-rouleur-grey-gold\/#breadcrumb"},"inLanguage":"en-GB","potentialAction":[{"@type":"ReadAction","target":["https:\/\/www.sportshine.eu\/trgovina\/ocala-magicshine-rouleur-grey-gold\/"]}]},{"@type":"ImageObject","inLanguage":"en-GB","@id":"https:\/\/www.sportshine.eu\/trgovina\/ocala-magicshine-rouleur-grey-gold\/#primaryimage","url":"https:\/\/www.sportshine.eu\/wp-content\/uploads\/2025\/07\/Untitleddesign-ezgif.com-jpg-to-webp-converter-1.webp","contentUrl":"https:\/\/www.sportshine.eu\/wp-content\/uploads\/2025\/07\/Untitleddesign-ezgif.com-jpg-to-webp-converter-1.webp","width":800,"height":800},{"@type":"BreadcrumbList","@id":"https:\/\/www.sportshine.eu\/trgovina\/ocala-magicshine-rouleur-grey-gold\/#breadcrumb","itemListElement":[{"@type":"ListItem","position":1,"name":"Home","item":"https:\/\/www.sportshine.eu\/"},{"@type":"ListItem","position":2,"name":"Trgovina","item":"https:\/\/www.sportshine.eu\/trgovina\/"},{"@type":"ListItem","position":3,"name":"O\u010dala Magicshine Rouleur grey\/gold"}]},{"@type":"WebSite","@id":"https:\/\/www.sportshine.eu\/#website","url":"https:\/\/www.sportshine.eu\/","name":"Sportshine","description":"Top online store for cycling and head lamps and equipment","publisher":{"@id":"https:\/\/www.sportshine.eu\/#organization"},"potentialAction":[{"@type":"SearchAction","target":{"@type":"EntryPoint","urlTemplate":"https:\/\/www.sportshine.eu\/?s={search_term_string}"},"query-input":{"@type":"PropertyValueSpecification","valueRequired":true,"valueName":"search_term_string"}}],"inLanguage":"en-GB"},{"@type":"Organization","@id":"https:\/\/www.sportshine.eu\/#organization","name":"Sportshine","url":"https:\/\/www.sportshine.eu\/","logo":{"@type":"ImageObject","inLanguage":"en-GB","@id":"https:\/\/www.sportshine.eu\/#\/schema\/logo\/image\/","url":"https:\/\/www.sportshine.eu\/wp-content\/uploads\/2026\/01\/cropped-Sportshine.webp","contentUrl":"https:\/\/www.sportshine.eu\/wp-content\/uploads\/2026\/01\/cropped-Sportshine.webp","width":295,"height":128,"caption":"Sportshine"},"image":{"@id":"https:\/\/www.sportshine.eu\/#\/schema\/logo\/image\/"},"sameAs":["https:\/\/www.facebook.com\/sportshine.eu\/"]}]}},"_links":{"self":[{"href":"https:\/\/www.sportshine.eu\/en\/wp-json\/wp\/v2\/product\/6424","targetHints":{"allow":["GET"]}}],"collection":[{"href":"https:\/\/www.sportshine.eu\/en\/wp-json\/wp\/v2\/product"}],"about":[{"href":"https:\/\/www.sportshine.eu\/en\/wp-json\/wp\/v2\/types\/product"}],"replies":[{"embeddable":true,"href":"https:\/\/www.sportshine.eu\/en\/wp-json\/wp\/v2\/comments?post=6424"}],"version-history":[{"count":6,"href":"https:\/\/www.sportshine.eu\/en\/wp-json\/wp\/v2\/product\/6424\/revisions"}],"predecessor-version":[{"id":10336,"href":"https:\/\/www.sportshine.eu\/en\/wp-json\/wp\/v2\/product\/6424\/revisions\/10336"}],"wp:featuredmedia":[{"embeddable":true,"href":"https:\/\/www.sportshine.eu\/en\/wp-json\/wp\/v2\/media\/5762"}],"wp:attachment":[{"href":"https:\/\/www.sportshine.eu\/en\/wp-json\/wp\/v2\/media?parent=6424"}],"wp:term":[{"taxonomy":"product_brand","embeddable":true,"href":"https:\/\/www.sportshine.eu\/en\/wp-json\/wp\/v2\/product_brand?post=6424"},{"taxonomy":"product_cat","embeddable":true,"href":"https:\/\/www.sportshine.eu\/en\/wp-json\/wp\/v2\/product_cat?post=6424"},{"taxonomy":"product_tag","embeddable":true,"href":"https:\/\/www.sportshine.eu\/en\/wp-json\/wp\/v2\/product_tag?post=6424"}],"curies":[{"name":"wp","href":"https:\/\/api.w.org\/{rel}","templated":true}]}}