{"id":6412,"date":"2025-07-05T19:40:04","date_gmt":"2025-07-05T19:40:04","guid":{"rendered":"https:\/\/www.sportshine.eu\/?post_type=product&#038;p=6412"},"modified":"2026-03-11T14:36:43","modified_gmt":"2026-03-11T14:36:43","slug":"cycling-package-luci-magicshine-allty-800-seemee-50","status":"publish","type":"product","link":"https:\/\/www.sportshine.eu\/en\/shop\/cycling-package-luci-magicshine-allty-800-seemee-50\/","title":{"rendered":"Magicshine Allty 800 + SEEMEE 50 bike light package"},"content":{"rendered":"<h3 style=\"text-align: center;\">VIDEO HEADLIGHT ALLTY 800<\/h3>\n<p><iframe loading=\"lazy\" title=\"MAGICSHINE ALLTY 800 OPERATION INSTRUCTION\" width=\"500\" height=\"281\" src=\"https:\/\/www.youtube.com\/embed\/FkGIK-Vw-Uk?feature=oembed\" frameborder=\"0\" allow=\"accelerometer; autoplay; clipboard-write; encrypted-media; gyroscope; picture-in-picture; web-share\" referrerpolicy=\"strict-origin-when-cross-origin\" allowfullscreen><\/iframe><\/p>\n<h3 style=\"text-align: center;\">VIDEO TAILLIGHT SEEMEE 50<\/h3>\n<p><iframe loading=\"lazy\" title=\"MAGICHSINE SEEMEE 50 Operation Instructions\" width=\"500\" height=\"281\" src=\"https:\/\/www.youtube.com\/embed\/weqjgAF7ZZc?feature=oembed\" frameborder=\"0\" allow=\"accelerometer; autoplay; clipboard-write; encrypted-media; gyroscope; picture-in-picture; web-share\" referrerpolicy=\"strict-origin-when-cross-origin\" allowfullscreen><\/iframe><\/p>\n<h3 style=\"text-align: center;\">HIGH-PERFORMANCE OPTICAL LENS<\/h3>\n<p style=\"text-align: center;\">The ALLTY 800 uses a high-efficiency optical lens to provide a maximum output of 800 lumens. The thoughtful design of the side lighting ensures drivers are more attentive.<\/p>\n<p><img decoding=\"async\" class=\"aligncenter wp-image-7173\" src=\"https:\/\/www.sportshine.eu\/wp-content\/uploads\/2025\/07\/luc-za-kolo-1-3.webp\" alt=\"\" width=\"800\" height=\"600\" \/><\/p>\n<h3 style=\"text-align: center;\">POWER EXCEEDS THE SIZE OF THE LAMP<\/h3>\n<p style=\"text-align: center;\">The Allty 800 bicycle light is equipped with a high-performance battery (4000 mAh) and ensures long operating time and reliable lighting.<\/p>\n<p><img decoding=\"async\" class=\"aligncenter wp-image-7156\" src=\"https:\/\/www.sportshine.eu\/wp-content\/uploads\/2025\/07\/allty-800-kolesarska-luc-1.webp\" alt=\"\" width=\"800\" height=\"600\" \/><\/p>\n<h3 style=\"text-align: center;\">CHARGED VIA USB C INPUT<\/h3>\n<p style=\"text-align: center;\">Thanks to the USB-C fast charging port, the ALLTY 800 allows for fast charging. The special feature of this lamp is that it also functions as a charging station, so you can charge your phone or meter on the go.<\/p>\n<p><img decoding=\"async\" class=\"aligncenter wp-image-7157\" src=\"https:\/\/www.sportshine.eu\/wp-content\/uploads\/2025\/07\/luc-allty-800.webp\" alt=\"\" width=\"800\" height=\"600\" \/><\/p>\n<h3 style=\"text-align: center;\">EASY-TO-READ POWER INDICATOR<\/h3>\n<p style=\"text-align: center;\">When the device is on, the light on the power button will indicate the battery level. When the device is off, briefly press the power button to activate the indicator light (it will automatically turn off after 3 seconds).<\/p>\n<p style=\"text-align: center;\">GREEN: 21%-100%<br \/>\nRED: 11%-20%<br \/>\nFLASHING RED: 0%-10%<\/p>\n<p><img decoding=\"async\" class=\"aligncenter wp-image-7158\" src=\"https:\/\/www.sportshine.eu\/wp-content\/uploads\/2025\/07\/allty-800-luc-za-kolo.webp\" alt=\"\" width=\"800\" height=\"600\" \/><\/p>\n<h3 style=\"text-align: center;\">WATERPROOF ACCORDING TO IPX7 STANDARD<\/h3>\n<p style=\"text-align: center;\">The waterproof performance of the ALLTY 800 bicycle light is rated IPX7 according to IEC 60529, which means that the ALLTY 800 can remain in water up to a depth of 1 m for 30 minutes without affecting the product&#039;s performance.<\/p>\n<p><img decoding=\"async\" class=\"aligncenter wp-image-7159\" src=\"https:\/\/www.sportshine.eu\/wp-content\/uploads\/2025\/07\/allty-800-kolesarska-luc-2.webp\" alt=\"\" width=\"800\" height=\"600\" \/><\/p>\n<h3 style=\"text-align: center;\">METAL CASE AND DURABLE QUALITY<\/h3>\n<p style=\"text-align: center;\">The entire aluminum alloy body ensures long-lasting durability.<\/p>\n<p><img decoding=\"async\" class=\"aligncenter wp-image-7180\" src=\"https:\/\/www.sportshine.eu\/wp-content\/uploads\/2025\/07\/Allty-luc-za-kolo.webp\" alt=\"\" width=\"800\" height=\"600\" \/><\/p>\n<h3 style=\"text-align: center;\">EXCEPTIONAL LENS<\/h3>\n<p style=\"text-align: center;\">It offers an impressive warning light of up to 50 lumens, making you extremely visible from the side.<\/p>\n<p><img decoding=\"async\" class=\"aligncenter wp-image-7541\" src=\"https:\/\/www.sportshine.eu\/wp-content\/uploads\/2025\/07\/SEEMEE_50_1.webp\" alt=\"\" width=\"800\" height=\"600\" \/><\/p>\n<h3 style=\"text-align: center;\">AUTO GROUP SYNCHRONIZATION<\/h3>\n<p style=\"text-align: center;\">GROUP RIDE mode includes an innovative auto-sync feature that allows you to set all SEEMEE 50 devices in your group to the same flashing pattern without complicated settings \u2014 increasing visibility on the road and strengthening team spirit. *Keep the distance between taillights within 10 meters for a stable connection and optimal warning effect.<\/p>\n<p><img decoding=\"async\" class=\"aligncenter wp-image-7542\" src=\"https:\/\/www.sportshine.eu\/wp-content\/uploads\/2025\/07\/SEEMEE_50_2_gif.webp\" alt=\"\" width=\"800\" height=\"600\" \/><\/p>\n<h3 style=\"text-align: center;\">EASY-TO-READ INDICATOR<\/h3>\n<p style=\"text-align: center;\">Simply press the switch to show how much capacity you have left.<\/p>\n<p><img decoding=\"async\" class=\"aligncenter wp-image-7543\" src=\"https:\/\/www.sportshine.eu\/wp-content\/uploads\/2025\/07\/SEEMEE_50_3.webp\" alt=\"\" width=\"800\" height=\"600\" \/><\/p>\n<h3 style=\"text-align: center;\">EASY INSTALLATION<\/h3>\n<p style=\"text-align: center;\">The universal silicone strap allows for quick, easy and secure attachment to most seatposts.<\/p>\n<p><img decoding=\"async\" class=\"aligncenter wp-image-7544\" src=\"https:\/\/www.sportshine.eu\/wp-content\/uploads\/2025\/07\/SEEMEE_50_5.webp\" alt=\"\" width=\"800\" height=\"600\" \/><\/p>","protected":false},"excerpt":{"rendered":"<p>The Magicshine Allty 800 front light and Seemee 50 rear light pack are charged via USB-C port. With its 800 lumens of brightness, range of up to 141 meters and long operating time (up to 11 hours), the front light is an ideal companion for safe and comfortable cycling in all weather conditions. In addition, it is waterproof with a high IPX7 rating, which ensures reliability even in the rain. The rear light allows up to 21 hours of operation in SMART mode. With a max brightness of up to 50 lumens, it will ensure that you are well visible on the road.<\/p>","protected":false},"featured_media":5676,"comment_status":"open","ping_status":"closed","template":"","meta":[],"product_brand":[131],"product_cat":[82,93],"product_tag":[],"class_list":{"0":"post-6412","1":"product","2":"type-product","3":"status-publish","4":"has-post-thumbnail","6":"product_brand-magicshine","7":"product_cat-kolesarske-luci","8":"product_cat-kolesarske-svetilke-paketi","10":"first","11":"instock","12":"sale","13":"taxable","14":"shipping-taxable","15":"purchasable","16":"product-type-simple"},"yoast_head":"<!-- This site is optimized with the Yoast SEO plugin v27.3 - https:\/\/yoast.com\/product\/yoast-seo-wordpress\/ -->\n<title>Kolesarski paket lu\u010di Magicshine Allty 800 + SEEMEE 50<\/title>\n<meta name=\"robots\" content=\"index, follow, max-snippet:-1, max-image-preview:large, max-video-preview:-1\" \/>\n<link rel=\"canonical\" href=\"https:\/\/www.sportshine.eu\/en\/shop\/cycling-package-luci-magicshine-allty-800-seemee-50\/\" \/>\n<meta property=\"og:locale\" content=\"en_GB\" \/>\n<meta property=\"og:type\" content=\"article\" \/>\n<meta property=\"og:title\" content=\"Kolesarski paket lu\u010di Magicshine Allty 800 + SEEMEE 50\" \/>\n<meta property=\"og:description\" content=\"Kolesarski paket sprednje lu\u010di Magicshine Allty 800 in zadnje Seemee 50 se polni preko USB-C vhoda. Sprednja lu\u010d je s svojimi 800 lumnov svetilnosti, dosegom do 141 metrov in dolgim \u010dasom delovanja ( do 11 ur) idealna sopotnica za varno in udobno kolesarjenje v vseh vremenskih razmerah. Poleg tega je vodoodporna z visoko oceno IPX7, kar zagotavlja zanesljivost tudi v de\u017eju. Zadnja lu\u010d omogo\u010da do 21 ur delovanja v SMART na\u010dinu. Z max svetilnostjo do 50 lumnov bo poskrbela, da boste na cesti dobro vidni.\" \/>\n<meta property=\"og:url\" content=\"https:\/\/www.sportshine.eu\/en\/shop\/cycling-package-luci-magicshine-allty-800-seemee-50\/\" \/>\n<meta property=\"og:site_name\" content=\"Sportshine\" \/>\n<meta property=\"article:publisher\" content=\"https:\/\/www.facebook.com\/sportshine.eu\/\" \/>\n<meta property=\"article:modified_time\" content=\"2026-03-11T14:36:43+00:00\" \/>\n<meta property=\"og:image\" content=\"https:\/\/www.sportshine.eu\/wp-content\/uploads\/2025\/07\/Kolesarski-paket-luci-Magicshine-Allty-800-SEEMEE-50.webp\" \/>\n\t<meta property=\"og:image:width\" content=\"800\" \/>\n\t<meta property=\"og:image:height\" content=\"800\" \/>\n\t<meta property=\"og:image:type\" content=\"image\/webp\" \/>\n<meta name=\"twitter:card\" content=\"summary_large_image\" \/>\n<meta name=\"twitter:label1\" content=\"Estimated reading time\" \/>\n\t<meta name=\"twitter:data1\" content=\"4 minutes\" \/>\n<script type=\"application\/ld+json\" class=\"yoast-schema-graph\">{\"@context\":\"https:\\\/\\\/schema.org\",\"@graph\":[{\"@type\":\"WebPage\",\"@id\":\"https:\\\/\\\/www.sportshine.eu\\\/trgovina\\\/kolesarski-paket-luci-magicshine-allty-800-seemee-50\\\/\",\"url\":\"https:\\\/\\\/www.sportshine.eu\\\/trgovina\\\/kolesarski-paket-luci-magicshine-allty-800-seemee-50\\\/\",\"name\":\"Kolesarski paket lu\u010di Magicshine Allty 800 + SEEMEE 50\",\"isPartOf\":{\"@id\":\"https:\\\/\\\/www.sportshine.eu\\\/#website\"},\"primaryImageOfPage\":{\"@id\":\"https:\\\/\\\/www.sportshine.eu\\\/trgovina\\\/kolesarski-paket-luci-magicshine-allty-800-seemee-50\\\/#primaryimage\"},\"image\":{\"@id\":\"https:\\\/\\\/www.sportshine.eu\\\/trgovina\\\/kolesarski-paket-luci-magicshine-allty-800-seemee-50\\\/#primaryimage\"},\"thumbnailUrl\":\"https:\\\/\\\/www.sportshine.eu\\\/wp-content\\\/uploads\\\/2025\\\/07\\\/Kolesarski-paket-luci-Magicshine-Allty-800-SEEMEE-50.webp\",\"datePublished\":\"2025-07-05T19:40:04+00:00\",\"dateModified\":\"2026-03-11T14:36:43+00:00\",\"breadcrumb\":{\"@id\":\"https:\\\/\\\/www.sportshine.eu\\\/trgovina\\\/kolesarski-paket-luci-magicshine-allty-800-seemee-50\\\/#breadcrumb\"},\"inLanguage\":\"en-GB\",\"potentialAction\":[{\"@type\":\"ReadAction\",\"target\":[\"https:\\\/\\\/www.sportshine.eu\\\/trgovina\\\/kolesarski-paket-luci-magicshine-allty-800-seemee-50\\\/\"]}]},{\"@type\":\"ImageObject\",\"inLanguage\":\"en-GB\",\"@id\":\"https:\\\/\\\/www.sportshine.eu\\\/trgovina\\\/kolesarski-paket-luci-magicshine-allty-800-seemee-50\\\/#primaryimage\",\"url\":\"https:\\\/\\\/www.sportshine.eu\\\/wp-content\\\/uploads\\\/2025\\\/07\\\/Kolesarski-paket-luci-Magicshine-Allty-800-SEEMEE-50.webp\",\"contentUrl\":\"https:\\\/\\\/www.sportshine.eu\\\/wp-content\\\/uploads\\\/2025\\\/07\\\/Kolesarski-paket-luci-Magicshine-Allty-800-SEEMEE-50.webp\",\"width\":800,\"height\":800},{\"@type\":\"BreadcrumbList\",\"@id\":\"https:\\\/\\\/www.sportshine.eu\\\/trgovina\\\/kolesarski-paket-luci-magicshine-allty-800-seemee-50\\\/#breadcrumb\",\"itemListElement\":[{\"@type\":\"ListItem\",\"position\":1,\"name\":\"Home\",\"item\":\"https:\\\/\\\/www.sportshine.eu\\\/\"},{\"@type\":\"ListItem\",\"position\":2,\"name\":\"Trgovina\",\"item\":\"https:\\\/\\\/www.sportshine.eu\\\/trgovina\\\/\"},{\"@type\":\"ListItem\",\"position\":3,\"name\":\"Kolesarski paket lu\u010di Magicshine Allty 800 + SEEMEE 50\"}]},{\"@type\":\"WebSite\",\"@id\":\"https:\\\/\\\/www.sportshine.eu\\\/#website\",\"url\":\"https:\\\/\\\/www.sportshine.eu\\\/\",\"name\":\"Sportshine\",\"description\":\"Top spletna trgovina kolesarskih in naglavnih svetilk ter opreme\",\"publisher\":{\"@id\":\"https:\\\/\\\/www.sportshine.eu\\\/#organization\"},\"potentialAction\":[{\"@type\":\"SearchAction\",\"target\":{\"@type\":\"EntryPoint\",\"urlTemplate\":\"https:\\\/\\\/www.sportshine.eu\\\/?s={search_term_string}\"},\"query-input\":{\"@type\":\"PropertyValueSpecification\",\"valueRequired\":true,\"valueName\":\"search_term_string\"}}],\"inLanguage\":\"en-GB\"},{\"@type\":\"Organization\",\"@id\":\"https:\\\/\\\/www.sportshine.eu\\\/#organization\",\"name\":\"Sportshine\",\"url\":\"https:\\\/\\\/www.sportshine.eu\\\/\",\"logo\":{\"@type\":\"ImageObject\",\"inLanguage\":\"en-GB\",\"@id\":\"https:\\\/\\\/www.sportshine.eu\\\/#\\\/schema\\\/logo\\\/image\\\/\",\"url\":\"https:\\\/\\\/www.sportshine.eu\\\/wp-content\\\/uploads\\\/2026\\\/01\\\/cropped-Sportshine.webp\",\"contentUrl\":\"https:\\\/\\\/www.sportshine.eu\\\/wp-content\\\/uploads\\\/2026\\\/01\\\/cropped-Sportshine.webp\",\"width\":295,\"height\":128,\"caption\":\"Sportshine\"},\"image\":{\"@id\":\"https:\\\/\\\/www.sportshine.eu\\\/#\\\/schema\\\/logo\\\/image\\\/\"},\"sameAs\":[\"https:\\\/\\\/www.facebook.com\\\/sportshine.eu\\\/\"]}]}<\/script>\n<!-- \/ Yoast SEO plugin. -->","yoast_head_json":{"title":"Magicshine Allty 800 + SEEMEE 50 bike light package","robots":{"index":"index","follow":"follow","max-snippet":"max-snippet:-1","max-image-preview":"max-image-preview:large","max-video-preview":"max-video-preview:-1"},"canonical":"https:\/\/www.sportshine.eu\/en\/shop\/cycling-package-luci-magicshine-allty-800-seemee-50\/","og_locale":"en_GB","og_type":"article","og_title":"Kolesarski paket lu\u010di Magicshine Allty 800 + SEEMEE 50","og_description":"Kolesarski paket sprednje lu\u010di Magicshine Allty 800 in zadnje Seemee 50 se polni preko USB-C vhoda. Sprednja lu\u010d je s svojimi 800 lumnov svetilnosti, dosegom do 141 metrov in dolgim \u010dasom delovanja ( do 11 ur) idealna sopotnica za varno in udobno kolesarjenje v vseh vremenskih razmerah. Poleg tega je vodoodporna z visoko oceno IPX7, kar zagotavlja zanesljivost tudi v de\u017eju. Zadnja lu\u010d omogo\u010da do 21 ur delovanja v SMART na\u010dinu. Z max svetilnostjo do 50 lumnov bo poskrbela, da boste na cesti dobro vidni.","og_url":"https:\/\/www.sportshine.eu\/en\/shop\/cycling-package-luci-magicshine-allty-800-seemee-50\/","og_site_name":"Sportshine","article_publisher":"https:\/\/www.facebook.com\/sportshine.eu\/","article_modified_time":"2026-03-11T14:36:43+00:00","og_image":[{"width":800,"height":800,"url":"https:\/\/www.sportshine.eu\/wp-content\/uploads\/2025\/07\/Kolesarski-paket-luci-Magicshine-Allty-800-SEEMEE-50.webp","type":"image\/webp"}],"twitter_card":"summary_large_image","twitter_misc":{"Estimated reading time":"4 minutes"},"schema":{"@context":"https:\/\/schema.org","@graph":[{"@type":"WebPage","@id":"https:\/\/www.sportshine.eu\/trgovina\/kolesarski-paket-luci-magicshine-allty-800-seemee-50\/","url":"https:\/\/www.sportshine.eu\/trgovina\/kolesarski-paket-luci-magicshine-allty-800-seemee-50\/","name":"Magicshine Allty 800 + SEEMEE 50 bike light package","isPartOf":{"@id":"https:\/\/www.sportshine.eu\/#website"},"primaryImageOfPage":{"@id":"https:\/\/www.sportshine.eu\/trgovina\/kolesarski-paket-luci-magicshine-allty-800-seemee-50\/#primaryimage"},"image":{"@id":"https:\/\/www.sportshine.eu\/trgovina\/kolesarski-paket-luci-magicshine-allty-800-seemee-50\/#primaryimage"},"thumbnailUrl":"https:\/\/www.sportshine.eu\/wp-content\/uploads\/2025\/07\/Kolesarski-paket-luci-Magicshine-Allty-800-SEEMEE-50.webp","datePublished":"2025-07-05T19:40:04+00:00","dateModified":"2026-03-11T14:36:43+00:00","breadcrumb":{"@id":"https:\/\/www.sportshine.eu\/trgovina\/kolesarski-paket-luci-magicshine-allty-800-seemee-50\/#breadcrumb"},"inLanguage":"en-GB","potentialAction":[{"@type":"ReadAction","target":["https:\/\/www.sportshine.eu\/trgovina\/kolesarski-paket-luci-magicshine-allty-800-seemee-50\/"]}]},{"@type":"ImageObject","inLanguage":"en-GB","@id":"https:\/\/www.sportshine.eu\/trgovina\/kolesarski-paket-luci-magicshine-allty-800-seemee-50\/#primaryimage","url":"https:\/\/www.sportshine.eu\/wp-content\/uploads\/2025\/07\/Kolesarski-paket-luci-Magicshine-Allty-800-SEEMEE-50.webp","contentUrl":"https:\/\/www.sportshine.eu\/wp-content\/uploads\/2025\/07\/Kolesarski-paket-luci-Magicshine-Allty-800-SEEMEE-50.webp","width":800,"height":800},{"@type":"BreadcrumbList","@id":"https:\/\/www.sportshine.eu\/trgovina\/kolesarski-paket-luci-magicshine-allty-800-seemee-50\/#breadcrumb","itemListElement":[{"@type":"ListItem","position":1,"name":"Home","item":"https:\/\/www.sportshine.eu\/"},{"@type":"ListItem","position":2,"name":"Trgovina","item":"https:\/\/www.sportshine.eu\/trgovina\/"},{"@type":"ListItem","position":3,"name":"Kolesarski paket lu\u010di Magicshine Allty 800 + SEEMEE 50"}]},{"@type":"WebSite","@id":"https:\/\/www.sportshine.eu\/#website","url":"https:\/\/www.sportshine.eu\/","name":"Sportshine","description":"Top online store for cycling and head lamps and equipment","publisher":{"@id":"https:\/\/www.sportshine.eu\/#organization"},"potentialAction":[{"@type":"SearchAction","target":{"@type":"EntryPoint","urlTemplate":"https:\/\/www.sportshine.eu\/?s={search_term_string}"},"query-input":{"@type":"PropertyValueSpecification","valueRequired":true,"valueName":"search_term_string"}}],"inLanguage":"en-GB"},{"@type":"Organization","@id":"https:\/\/www.sportshine.eu\/#organization","name":"Sportshine","url":"https:\/\/www.sportshine.eu\/","logo":{"@type":"ImageObject","inLanguage":"en-GB","@id":"https:\/\/www.sportshine.eu\/#\/schema\/logo\/image\/","url":"https:\/\/www.sportshine.eu\/wp-content\/uploads\/2026\/01\/cropped-Sportshine.webp","contentUrl":"https:\/\/www.sportshine.eu\/wp-content\/uploads\/2026\/01\/cropped-Sportshine.webp","width":295,"height":128,"caption":"Sportshine"},"image":{"@id":"https:\/\/www.sportshine.eu\/#\/schema\/logo\/image\/"},"sameAs":["https:\/\/www.facebook.com\/sportshine.eu\/"]}]}},"_links":{"self":[{"href":"https:\/\/www.sportshine.eu\/en\/wp-json\/wp\/v2\/product\/6412","targetHints":{"allow":["GET"]}}],"collection":[{"href":"https:\/\/www.sportshine.eu\/en\/wp-json\/wp\/v2\/product"}],"about":[{"href":"https:\/\/www.sportshine.eu\/en\/wp-json\/wp\/v2\/types\/product"}],"replies":[{"embeddable":true,"href":"https:\/\/www.sportshine.eu\/en\/wp-json\/wp\/v2\/comments?post=6412"}],"version-history":[{"count":0,"href":"https:\/\/www.sportshine.eu\/en\/wp-json\/wp\/v2\/product\/6412\/revisions"}],"wp:featuredmedia":[{"embeddable":true,"href":"https:\/\/www.sportshine.eu\/en\/wp-json\/wp\/v2\/media\/5676"}],"wp:attachment":[{"href":"https:\/\/www.sportshine.eu\/en\/wp-json\/wp\/v2\/media?parent=6412"}],"wp:term":[{"taxonomy":"product_brand","embeddable":true,"href":"https:\/\/www.sportshine.eu\/en\/wp-json\/wp\/v2\/product_brand?post=6412"},{"taxonomy":"product_cat","embeddable":true,"href":"https:\/\/www.sportshine.eu\/en\/wp-json\/wp\/v2\/product_cat?post=6412"},{"taxonomy":"product_tag","embeddable":true,"href":"https:\/\/www.sportshine.eu\/en\/wp-json\/wp\/v2\/product_tag?post=6412"}],"curies":[{"name":"wp","href":"https:\/\/api.w.org\/{rel}","templated":true}]}}