{"id":6405,"date":"2025-07-05T19:32:27","date_gmt":"2025-07-05T19:32:27","guid":{"rendered":"https:\/\/www.sportshine.eu\/?post_type=product&#038;p=6405"},"modified":"2026-04-01T06:34:08","modified_gmt":"2026-04-01T06:34:08","slug":"bryton-rider-s810-e-cycling-computer","status":"publish","type":"product","link":"https:\/\/www.sportshine.eu\/en\/shop\/bryton-rider-s810-e-cycling-computer\/","title":{"rendered":"Bryton Rider S810 cycling computer"},"content":{"rendered":"<h3 style=\"text-align: center;\">BRYTON RIDER S810 VIDEO PRESENTATION<\/h3>\n<p><iframe loading=\"lazy\" title=\"Bryton Rider S810 \uff5cPower Made Simple\" width=\"500\" height=\"281\" src=\"https:\/\/www.youtube.com\/embed\/apLoD1vYq-o?feature=oembed\" frameborder=\"0\" allow=\"accelerometer; autoplay; clipboard-write; encrypted-media; gyroscope; picture-in-picture; web-share\" referrerpolicy=\"strict-origin-when-cross-origin\" allowfullscreen><\/iframe><\/p>\n<h3 style=\"text-align: center;\">COLOR TOUCH SCREEN<\/h3>\n<p style=\"text-align: center;\">The Rider S810 E is equipped with a 8.6 cm color touchscreen display, which features an intuitive graphical interface with clear icons. It contains an ambient light sensor that adjusts the screen brightness according to the ambient light level. The display uses MIP (Memory in Pixel) technology, which, combined with an anti-glare layer, ensures an excellent view of the displayed content in all weather conditions.<\/p>\n<p>\u00a0\u00a0 <img decoding=\"async\" class=\"aligncenter wp-image-5641 size-full\" src=\"https:\/\/www.sportshine.eu\/wp-content\/uploads\/2025\/07\/Kolesarski-stevec-Brytom-10-1.webp\" alt=\"\" width=\"800\" height=\"600\" srcset=\"https:\/\/www.sportshine.eu\/wp-content\/uploads\/2025\/07\/Kolesarski-stevec-Brytom-10-1.webp 800w, https:\/\/www.sportshine.eu\/wp-content\/uploads\/2025\/07\/Kolesarski-stevec-Brytom-10-1-768x576.webp 768w, https:\/\/www.sportshine.eu\/wp-content\/uploads\/2025\/07\/Kolesarski-stevec-Brytom-10-1-600x450.webp 600w\" sizes=\"(max-width: 800px) 100vw, 800px\" \/><\/p>\n<h3 style=\"text-align: center;\">NAVIGATION WITH MAPS<\/h3>\n<p style=\"text-align: center;\">The Rider S810 cycling computer provides worry-free turn-by-turn navigation, featuring street names, POIs, peak names, distances and much more on maps that come preloaded on the device. Maps can also be changed or updated.<\/p>\n<p><img decoding=\"async\" class=\"aligncenter wp-image-7710 size-full\" src=\"https:\/\/www.sportshine.eu\/wp-content\/uploads\/2025\/07\/Kolesarski-stevec-Brytom-7.webp\" alt=\"\" width=\"800\" height=\"600\" srcset=\"https:\/\/www.sportshine.eu\/wp-content\/uploads\/2025\/07\/Kolesarski-stevec-Brytom-7.webp 800w, https:\/\/www.sportshine.eu\/wp-content\/uploads\/2025\/07\/Kolesarski-stevec-Brytom-7-768x576.webp 768w, https:\/\/www.sportshine.eu\/wp-content\/uploads\/2025\/07\/Kolesarski-stevec-Brytom-7-600x450.webp 600w\" sizes=\"(max-width: 800px) 100vw, 800px\" \/><\/p>\n<h3 style=\"text-align: center;\">SMART WORKOUTS<\/h3>\n<div>\n<div>\n<p style=\"text-align: center;\">The computer allows advanced training programs, intensity adjustment and supports TrainingPeaks. It is compatible with smart trainers with ANT+ FE-C to simulate virtual track riding and smart training. Workouts are easily managed using the Bryton Active app.<\/p>\n<p><img decoding=\"async\" class=\"aligncenter wp-image-7711\" src=\"https:\/\/www.sportshine.eu\/wp-content\/uploads\/2025\/07\/Stevec-za-kolo.webp\" alt=\"\" width=\"800\" height=\"600\" srcset=\"https:\/\/www.sportshine.eu\/wp-content\/uploads\/2025\/07\/Stevec-za-kolo-768x576.webp 768w, https:\/\/www.sportshine.eu\/wp-content\/uploads\/2025\/07\/Stevec-za-kolo-600x450.webp 600w\" sizes=\"(max-width: 800px) 100vw, 800px\" \/><\/p>\n<\/div>\n<\/div>\n<h3 style=\"text-align: center;\">EVERY CLIMB IS ACHIEVABLE<\/h3>\n<div>\n<div>\n<p style=\"text-align: center;\">As you approach a climb, a graph of the climb difficulty appears on the screen in vivid colors. As the cyclist approaches a climb on the route, a counter displays the elevation, climb time, remaining distance and difficulty. When importing courses, the Bryton Active app will automatically generate climb data that can be imported to your Bryton computer and apps such as Strava or Komoot.<\/p>\n<p><img decoding=\"async\" class=\"aligncenter wp-image-7712\" src=\"https:\/\/www.sportshine.eu\/wp-content\/uploads\/2025\/07\/stevec-za-kolo-Bryton.webp\" alt=\"\" width=\"800\" height=\"600\" srcset=\"https:\/\/www.sportshine.eu\/wp-content\/uploads\/2025\/07\/stevec-za-kolo-Bryton-768x576.webp 768w, https:\/\/www.sportshine.eu\/wp-content\/uploads\/2025\/07\/stevec-za-kolo-Bryton-600x450.webp 600w\" sizes=\"(max-width: 800px) 100vw, 800px\" \/><\/p>\n<h3 style=\"text-align: center;\">ADVANCED SECURITY FEATURES<\/h3>\n<p style=\"text-align: center;\">The S810 E allows you to share your live location with relatives or friends by simply sharing the connection. It is compatible with ANT+ radars (e.g. Bryton Gardia R300L), which makes driving on busy roads safer and easier. When connected to a smartphone, it can also display notifications for incoming calls and messages.<\/p>\n<p><img decoding=\"async\" class=\"aligncenter wp-image-7713\" src=\"https:\/\/www.sportshine.eu\/wp-content\/uploads\/2025\/07\/stevci-za-kolo.webp\" alt=\"\" width=\"800\" height=\"600\" srcset=\"https:\/\/www.sportshine.eu\/wp-content\/uploads\/2025\/07\/stevci-za-kolo-768x576.webp 768w, https:\/\/www.sportshine.eu\/wp-content\/uploads\/2025\/07\/stevci-za-kolo-600x450.webp 600w\" sizes=\"(max-width: 800px) 100vw, 800px\" \/><\/p>\n<\/div>\n<\/div>","protected":false},"excerpt":{"rendered":"<p>Cycling computer with 8.6 cm color TFT MIP touchscreen, preloaded maps, navigation, ascent and training display and advanced workouts. Suitable for all types of bikes and for connection to smart trainers and electric bikes. Compatible with ESS and ANT+ sensors and radars. Battery provides up to 36 hours of operation. Charging with USB-C cable.<\/p>","protected":false},"featured_media":7721,"comment_status":"open","ping_status":"closed","template":"","meta":[],"product_brand":[],"product_cat":[94],"product_tag":[],"class_list":{"0":"post-6405","1":"product","2":"type-product","3":"status-publish","4":"has-post-thumbnail","6":"product_cat-kolesarski-stevci","8":"first","9":"instock","10":"taxable","11":"shipping-taxable","12":"purchasable","13":"product-type-simple"},"yoast_head":"<!-- This site is optimized with the Yoast SEO plugin v27.3 - https:\/\/yoast.com\/product\/yoast-seo-wordpress\/ -->\n<title>Bryton Rider S810 E kolesarski \u0161tevec<\/title>\n<meta name=\"description\" content=\"Bryton Rider S810 je najve\u010dji Brytonov kolesarski ra\u010dunalnik s preglednim zaslonom. Je preprost za uporabo in podpira ogromno funkcij.\" \/>\n<meta name=\"robots\" content=\"index, follow, max-snippet:-1, max-image-preview:large, max-video-preview:-1\" \/>\n<link rel=\"canonical\" href=\"https:\/\/www.sportshine.eu\/en\/shop\/bryton-rider-s810-e-cycling-computer\/\" \/>\n<meta property=\"og:locale\" content=\"en_GB\" \/>\n<meta property=\"og:type\" content=\"article\" \/>\n<meta property=\"og:title\" content=\"Bryton Rider S810 E kolesarski \u0161tevec\" \/>\n<meta property=\"og:description\" content=\"Bryton Rider S810 je najve\u010dji Brytonov kolesarski ra\u010dunalnik s preglednim zaslonom. Je preprost za uporabo in podpira ogromno funkcij.\" \/>\n<meta property=\"og:url\" content=\"https:\/\/www.sportshine.eu\/en\/shop\/bryton-rider-s810-e-cycling-computer\/\" \/>\n<meta property=\"og:site_name\" content=\"Sportshine\" \/>\n<meta property=\"article:publisher\" content=\"https:\/\/www.facebook.com\/sportshine.eu\/\" \/>\n<meta property=\"article:modified_time\" content=\"2026-04-01T06:34:08+00:00\" \/>\n<meta property=\"og:image\" content=\"https:\/\/www.sportshine.eu\/wp-content\/uploads\/2025\/07\/Bryton-S510.webp\" \/>\n\t<meta property=\"og:image:width\" content=\"800\" \/>\n\t<meta property=\"og:image:height\" content=\"800\" \/>\n\t<meta property=\"og:image:type\" content=\"image\/webp\" \/>\n<meta name=\"twitter:card\" content=\"summary_large_image\" \/>\n<meta name=\"twitter:label1\" content=\"Estimated reading time\" \/>\n\t<meta name=\"twitter:data1\" content=\"3 minutes\" \/>\n<script type=\"application\/ld+json\" class=\"yoast-schema-graph\">{\"@context\":\"https:\\\/\\\/schema.org\",\"@graph\":[{\"@type\":\"WebPage\",\"@id\":\"https:\\\/\\\/www.sportshine.eu\\\/trgovina\\\/bryton-rider-s810-e-kolesarski-stevec\\\/\",\"url\":\"https:\\\/\\\/www.sportshine.eu\\\/trgovina\\\/bryton-rider-s810-e-kolesarski-stevec\\\/\",\"name\":\"Bryton Rider S810 E kolesarski \u0161tevec\",\"isPartOf\":{\"@id\":\"https:\\\/\\\/www.sportshine.eu\\\/#website\"},\"primaryImageOfPage\":{\"@id\":\"https:\\\/\\\/www.sportshine.eu\\\/trgovina\\\/bryton-rider-s810-e-kolesarski-stevec\\\/#primaryimage\"},\"image\":{\"@id\":\"https:\\\/\\\/www.sportshine.eu\\\/trgovina\\\/bryton-rider-s810-e-kolesarski-stevec\\\/#primaryimage\"},\"thumbnailUrl\":\"https:\\\/\\\/www.sportshine.eu\\\/wp-content\\\/uploads\\\/2025\\\/07\\\/Bryton-S510.webp\",\"datePublished\":\"2025-07-05T19:32:27+00:00\",\"dateModified\":\"2026-04-01T06:34:08+00:00\",\"description\":\"Bryton Rider S810 je najve\u010dji Brytonov kolesarski ra\u010dunalnik s preglednim zaslonom. Je preprost za uporabo in podpira ogromno funkcij.\",\"breadcrumb\":{\"@id\":\"https:\\\/\\\/www.sportshine.eu\\\/trgovina\\\/bryton-rider-s810-e-kolesarski-stevec\\\/#breadcrumb\"},\"inLanguage\":\"en-GB\",\"potentialAction\":[{\"@type\":\"ReadAction\",\"target\":[\"https:\\\/\\\/www.sportshine.eu\\\/trgovina\\\/bryton-rider-s810-e-kolesarski-stevec\\\/\"]}]},{\"@type\":\"ImageObject\",\"inLanguage\":\"en-GB\",\"@id\":\"https:\\\/\\\/www.sportshine.eu\\\/trgovina\\\/bryton-rider-s810-e-kolesarski-stevec\\\/#primaryimage\",\"url\":\"https:\\\/\\\/www.sportshine.eu\\\/wp-content\\\/uploads\\\/2025\\\/07\\\/Bryton-S510.webp\",\"contentUrl\":\"https:\\\/\\\/www.sportshine.eu\\\/wp-content\\\/uploads\\\/2025\\\/07\\\/Bryton-S510.webp\",\"width\":800,\"height\":800},{\"@type\":\"BreadcrumbList\",\"@id\":\"https:\\\/\\\/www.sportshine.eu\\\/trgovina\\\/bryton-rider-s810-e-kolesarski-stevec\\\/#breadcrumb\",\"itemListElement\":[{\"@type\":\"ListItem\",\"position\":1,\"name\":\"Home\",\"item\":\"https:\\\/\\\/www.sportshine.eu\\\/\"},{\"@type\":\"ListItem\",\"position\":2,\"name\":\"Trgovina\",\"item\":\"https:\\\/\\\/www.sportshine.eu\\\/trgovina\\\/\"},{\"@type\":\"ListItem\",\"position\":3,\"name\":\"Bryton Rider S810 kolesarski \u0161tevec\"}]},{\"@type\":\"WebSite\",\"@id\":\"https:\\\/\\\/www.sportshine.eu\\\/#website\",\"url\":\"https:\\\/\\\/www.sportshine.eu\\\/\",\"name\":\"Sportshine\",\"description\":\"Top spletna trgovina kolesarskih in naglavnih svetilk ter opreme\",\"publisher\":{\"@id\":\"https:\\\/\\\/www.sportshine.eu\\\/#organization\"},\"potentialAction\":[{\"@type\":\"SearchAction\",\"target\":{\"@type\":\"EntryPoint\",\"urlTemplate\":\"https:\\\/\\\/www.sportshine.eu\\\/?s={search_term_string}\"},\"query-input\":{\"@type\":\"PropertyValueSpecification\",\"valueRequired\":true,\"valueName\":\"search_term_string\"}}],\"inLanguage\":\"en-GB\"},{\"@type\":\"Organization\",\"@id\":\"https:\\\/\\\/www.sportshine.eu\\\/#organization\",\"name\":\"Sportshine\",\"url\":\"https:\\\/\\\/www.sportshine.eu\\\/\",\"logo\":{\"@type\":\"ImageObject\",\"inLanguage\":\"en-GB\",\"@id\":\"https:\\\/\\\/www.sportshine.eu\\\/#\\\/schema\\\/logo\\\/image\\\/\",\"url\":\"https:\\\/\\\/www.sportshine.eu\\\/wp-content\\\/uploads\\\/2026\\\/01\\\/cropped-Sportshine.webp\",\"contentUrl\":\"https:\\\/\\\/www.sportshine.eu\\\/wp-content\\\/uploads\\\/2026\\\/01\\\/cropped-Sportshine.webp\",\"width\":295,\"height\":128,\"caption\":\"Sportshine\"},\"image\":{\"@id\":\"https:\\\/\\\/www.sportshine.eu\\\/#\\\/schema\\\/logo\\\/image\\\/\"},\"sameAs\":[\"https:\\\/\\\/www.facebook.com\\\/sportshine.eu\\\/\"]}]}<\/script>\n<!-- \/ Yoast SEO plugin. -->","yoast_head_json":{"title":"Bryton Rider S810 E cycling computer","description":"Bryton Rider S810 is Bryton&#039;s largest cycling computer with a clear display. It is easy to use and supports a wide range of functions.","robots":{"index":"index","follow":"follow","max-snippet":"max-snippet:-1","max-image-preview":"max-image-preview:large","max-video-preview":"max-video-preview:-1"},"canonical":"https:\/\/www.sportshine.eu\/en\/shop\/bryton-rider-s810-e-cycling-computer\/","og_locale":"en_GB","og_type":"article","og_title":"Bryton Rider S810 E kolesarski \u0161tevec","og_description":"Bryton Rider S810 je najve\u010dji Brytonov kolesarski ra\u010dunalnik s preglednim zaslonom. Je preprost za uporabo in podpira ogromno funkcij.","og_url":"https:\/\/www.sportshine.eu\/en\/shop\/bryton-rider-s810-e-cycling-computer\/","og_site_name":"Sportshine","article_publisher":"https:\/\/www.facebook.com\/sportshine.eu\/","article_modified_time":"2026-04-01T06:34:08+00:00","og_image":[{"width":800,"height":800,"url":"https:\/\/www.sportshine.eu\/wp-content\/uploads\/2025\/07\/Bryton-S510.webp","type":"image\/webp"}],"twitter_card":"summary_large_image","twitter_misc":{"Estimated reading time":"3 minutes"},"schema":{"@context":"https:\/\/schema.org","@graph":[{"@type":"WebPage","@id":"https:\/\/www.sportshine.eu\/trgovina\/bryton-rider-s810-e-kolesarski-stevec\/","url":"https:\/\/www.sportshine.eu\/trgovina\/bryton-rider-s810-e-kolesarski-stevec\/","name":"Bryton Rider S810 E cycling computer","isPartOf":{"@id":"https:\/\/www.sportshine.eu\/#website"},"primaryImageOfPage":{"@id":"https:\/\/www.sportshine.eu\/trgovina\/bryton-rider-s810-e-kolesarski-stevec\/#primaryimage"},"image":{"@id":"https:\/\/www.sportshine.eu\/trgovina\/bryton-rider-s810-e-kolesarski-stevec\/#primaryimage"},"thumbnailUrl":"https:\/\/www.sportshine.eu\/wp-content\/uploads\/2025\/07\/Bryton-S510.webp","datePublished":"2025-07-05T19:32:27+00:00","dateModified":"2026-04-01T06:34:08+00:00","description":"Bryton Rider S810 is Bryton&#039;s largest cycling computer with a clear display. It is easy to use and supports a wide range of functions.","breadcrumb":{"@id":"https:\/\/www.sportshine.eu\/trgovina\/bryton-rider-s810-e-kolesarski-stevec\/#breadcrumb"},"inLanguage":"en-GB","potentialAction":[{"@type":"ReadAction","target":["https:\/\/www.sportshine.eu\/trgovina\/bryton-rider-s810-e-kolesarski-stevec\/"]}]},{"@type":"ImageObject","inLanguage":"en-GB","@id":"https:\/\/www.sportshine.eu\/trgovina\/bryton-rider-s810-e-kolesarski-stevec\/#primaryimage","url":"https:\/\/www.sportshine.eu\/wp-content\/uploads\/2025\/07\/Bryton-S510.webp","contentUrl":"https:\/\/www.sportshine.eu\/wp-content\/uploads\/2025\/07\/Bryton-S510.webp","width":800,"height":800},{"@type":"BreadcrumbList","@id":"https:\/\/www.sportshine.eu\/trgovina\/bryton-rider-s810-e-kolesarski-stevec\/#breadcrumb","itemListElement":[{"@type":"ListItem","position":1,"name":"Home","item":"https:\/\/www.sportshine.eu\/"},{"@type":"ListItem","position":2,"name":"Trgovina","item":"https:\/\/www.sportshine.eu\/trgovina\/"},{"@type":"ListItem","position":3,"name":"Bryton Rider S810 kolesarski \u0161tevec"}]},{"@type":"WebSite","@id":"https:\/\/www.sportshine.eu\/#website","url":"https:\/\/www.sportshine.eu\/","name":"Sportshine","description":"Top online store for cycling and head lamps and equipment","publisher":{"@id":"https:\/\/www.sportshine.eu\/#organization"},"potentialAction":[{"@type":"SearchAction","target":{"@type":"EntryPoint","urlTemplate":"https:\/\/www.sportshine.eu\/?s={search_term_string}"},"query-input":{"@type":"PropertyValueSpecification","valueRequired":true,"valueName":"search_term_string"}}],"inLanguage":"en-GB"},{"@type":"Organization","@id":"https:\/\/www.sportshine.eu\/#organization","name":"Sportshine","url":"https:\/\/www.sportshine.eu\/","logo":{"@type":"ImageObject","inLanguage":"en-GB","@id":"https:\/\/www.sportshine.eu\/#\/schema\/logo\/image\/","url":"https:\/\/www.sportshine.eu\/wp-content\/uploads\/2026\/01\/cropped-Sportshine.webp","contentUrl":"https:\/\/www.sportshine.eu\/wp-content\/uploads\/2026\/01\/cropped-Sportshine.webp","width":295,"height":128,"caption":"Sportshine"},"image":{"@id":"https:\/\/www.sportshine.eu\/#\/schema\/logo\/image\/"},"sameAs":["https:\/\/www.facebook.com\/sportshine.eu\/"]}]}},"_links":{"self":[{"href":"https:\/\/www.sportshine.eu\/en\/wp-json\/wp\/v2\/product\/6405","targetHints":{"allow":["GET"]}}],"collection":[{"href":"https:\/\/www.sportshine.eu\/en\/wp-json\/wp\/v2\/product"}],"about":[{"href":"https:\/\/www.sportshine.eu\/en\/wp-json\/wp\/v2\/types\/product"}],"replies":[{"embeddable":true,"href":"https:\/\/www.sportshine.eu\/en\/wp-json\/wp\/v2\/comments?post=6405"}],"version-history":[{"count":1,"href":"https:\/\/www.sportshine.eu\/en\/wp-json\/wp\/v2\/product\/6405\/revisions"}],"predecessor-version":[{"id":10340,"href":"https:\/\/www.sportshine.eu\/en\/wp-json\/wp\/v2\/product\/6405\/revisions\/10340"}],"wp:featuredmedia":[{"embeddable":true,"href":"https:\/\/www.sportshine.eu\/en\/wp-json\/wp\/v2\/media\/7721"}],"wp:attachment":[{"href":"https:\/\/www.sportshine.eu\/en\/wp-json\/wp\/v2\/media?parent=6405"}],"wp:term":[{"taxonomy":"product_brand","embeddable":true,"href":"https:\/\/www.sportshine.eu\/en\/wp-json\/wp\/v2\/product_brand?post=6405"},{"taxonomy":"product_cat","embeddable":true,"href":"https:\/\/www.sportshine.eu\/en\/wp-json\/wp\/v2\/product_cat?post=6405"},{"taxonomy":"product_tag","embeddable":true,"href":"https:\/\/www.sportshine.eu\/en\/wp-json\/wp\/v2\/product_tag?post=6405"}],"curies":[{"name":"wp","href":"https:\/\/api.w.org\/{rel}","templated":true}]}}