{"id":6357,"date":"2025-07-04T21:22:40","date_gmt":"2025-07-04T21:22:40","guid":{"rendered":"https:\/\/www.sportshine.eu\/?post_type=product&#038;p=6357"},"modified":"2025-11-06T07:35:35","modified_gmt":"2025-11-06T07:35:35","slug":"bicycle-carrier-h07p","status":"publish","type":"product","link":"https:\/\/www.sportshine.eu\/en\/shop\/bicycle-carrier-h07p\/","title":{"rendered":"Bicycle rack H07P"},"content":{"rendered":"<p>The Gaciron H07P bicycle holder is a great holder for all our Gaciron bicycle lights. It is suitable for all cyclists who have multiple bicycles at home. When you purchase a Gaciron light, you will receive a holder included in the package. However, if you have multiple bicycles, there is no need to purchase an additional bicycle light. By purchasing the Gaciron H07P holder, you can easily install the holder on another bicycle, and easily replace the bicycle light on the selected bicycle.<\/p>\n<p>&nbsp;<\/p>\n<p>&nbsp;<\/p>\n<p>&nbsp;<\/p>\n<p>&nbsp;<\/p>\n<p>&nbsp;<\/p>","protected":false},"excerpt":{"rendered":"<p>Brand: Gaciron<br \/>\nModel: H07P<br \/>\nWeight: 26g<br \/>\nDimension: 167.5*24*35mm<br \/>\nRotation angle: 360 degrees<\/p>","protected":false},"featured_media":5269,"comment_status":"closed","ping_status":"closed","template":"","meta":[],"product_brand":[132],"product_cat":[87],"product_tag":[],"class_list":{"0":"post-6357","1":"product","2":"type-product","3":"status-publish","4":"has-post-thumbnail","6":"product_brand-gaciron","7":"product_cat-kolesarski-nosilci","9":"first","10":"instock","11":"taxable","12":"shipping-taxable","13":"purchasable","14":"product-type-simple"},"yoast_head":"<!-- This site is optimized with the Yoast SEO plugin v27.3 - https:\/\/yoast.com\/product\/yoast-seo-wordpress\/ -->\n<title>Kolesarski nosilec Gaciron H07P<\/title>\n<meta name=\"description\" content=\"Kolesarski nosilec za namestitev kolesarskih lu\u010di znamke Gaciron. Zaradi navoja omogo\u010da zanesljivo namestitev lu\u010di na krmilo.\" \/>\n<meta name=\"robots\" content=\"index, follow, max-snippet:-1, max-image-preview:large, max-video-preview:-1\" \/>\n<link rel=\"canonical\" href=\"https:\/\/www.sportshine.eu\/en\/shop\/bicycle-carrier-h07p\/\" \/>\n<meta property=\"og:locale\" content=\"en_GB\" \/>\n<meta property=\"og:type\" content=\"article\" \/>\n<meta property=\"og:title\" content=\"Kolesarski nosilec Gaciron H07P\" \/>\n<meta property=\"og:description\" content=\"Kolesarski nosilec za namestitev kolesarskih lu\u010di znamke Gaciron. Zaradi navoja omogo\u010da zanesljivo namestitev lu\u010di na krmilo.\" \/>\n<meta property=\"og:url\" content=\"https:\/\/www.sportshine.eu\/en\/shop\/bicycle-carrier-h07p\/\" \/>\n<meta property=\"og:site_name\" content=\"Sportshine\" \/>\n<meta property=\"article:publisher\" content=\"https:\/\/www.facebook.com\/sportshine.eu\/\" \/>\n<meta property=\"article:modified_time\" content=\"2025-11-06T07:35:35+00:00\" \/>\n<meta property=\"og:image\" content=\"https:\/\/www.sportshine.eu\/wp-content\/uploads\/2025\/07\/c8864291b6d4bb21b938.jpg\" \/>\n\t<meta property=\"og:image:width\" content=\"800\" \/>\n\t<meta property=\"og:image:height\" content=\"800\" \/>\n\t<meta property=\"og:image:type\" content=\"image\/jpeg\" \/>\n<meta name=\"twitter:card\" content=\"summary_large_image\" \/>\n<meta name=\"twitter:label1\" content=\"Estimated reading time\" \/>\n\t<meta name=\"twitter:data1\" content=\"1 minute\" \/>\n<script type=\"application\/ld+json\" class=\"yoast-schema-graph\">{\"@context\":\"https:\\\/\\\/schema.org\",\"@graph\":[{\"@type\":\"WebPage\",\"@id\":\"https:\\\/\\\/www.sportshine.eu\\\/trgovina\\\/kolesarski-nosilec-h07p\\\/\",\"url\":\"https:\\\/\\\/www.sportshine.eu\\\/trgovina\\\/kolesarski-nosilec-h07p\\\/\",\"name\":\"Kolesarski nosilec Gaciron H07P\",\"isPartOf\":{\"@id\":\"https:\\\/\\\/www.sportshine.eu\\\/#website\"},\"primaryImageOfPage\":{\"@id\":\"https:\\\/\\\/www.sportshine.eu\\\/trgovina\\\/kolesarski-nosilec-h07p\\\/#primaryimage\"},\"image\":{\"@id\":\"https:\\\/\\\/www.sportshine.eu\\\/trgovina\\\/kolesarski-nosilec-h07p\\\/#primaryimage\"},\"thumbnailUrl\":\"https:\\\/\\\/www.sportshine.eu\\\/wp-content\\\/uploads\\\/2025\\\/07\\\/c8864291b6d4bb21b938.jpg\",\"datePublished\":\"2025-07-04T21:22:40+00:00\",\"dateModified\":\"2025-11-06T07:35:35+00:00\",\"description\":\"Kolesarski nosilec za namestitev kolesarskih lu\u010di znamke Gaciron. Zaradi navoja omogo\u010da zanesljivo namestitev lu\u010di na krmilo.\",\"breadcrumb\":{\"@id\":\"https:\\\/\\\/www.sportshine.eu\\\/trgovina\\\/kolesarski-nosilec-h07p\\\/#breadcrumb\"},\"inLanguage\":\"en-GB\",\"potentialAction\":[{\"@type\":\"ReadAction\",\"target\":[\"https:\\\/\\\/www.sportshine.eu\\\/trgovina\\\/kolesarski-nosilec-h07p\\\/\"]}]},{\"@type\":\"ImageObject\",\"inLanguage\":\"en-GB\",\"@id\":\"https:\\\/\\\/www.sportshine.eu\\\/trgovina\\\/kolesarski-nosilec-h07p\\\/#primaryimage\",\"url\":\"https:\\\/\\\/www.sportshine.eu\\\/wp-content\\\/uploads\\\/2025\\\/07\\\/c8864291b6d4bb21b938.jpg\",\"contentUrl\":\"https:\\\/\\\/www.sportshine.eu\\\/wp-content\\\/uploads\\\/2025\\\/07\\\/c8864291b6d4bb21b938.jpg\",\"width\":800,\"height\":800},{\"@type\":\"BreadcrumbList\",\"@id\":\"https:\\\/\\\/www.sportshine.eu\\\/trgovina\\\/kolesarski-nosilec-h07p\\\/#breadcrumb\",\"itemListElement\":[{\"@type\":\"ListItem\",\"position\":1,\"name\":\"Home\",\"item\":\"https:\\\/\\\/www.sportshine.eu\\\/\"},{\"@type\":\"ListItem\",\"position\":2,\"name\":\"Trgovina\",\"item\":\"https:\\\/\\\/www.sportshine.eu\\\/trgovina\\\/\"},{\"@type\":\"ListItem\",\"position\":3,\"name\":\"Kolesarski nosilec H07P\"}]},{\"@type\":\"WebSite\",\"@id\":\"https:\\\/\\\/www.sportshine.eu\\\/#website\",\"url\":\"https:\\\/\\\/www.sportshine.eu\\\/\",\"name\":\"Sportshine\",\"description\":\"Top spletna trgovina kolesarskih in naglavnih svetilk ter opreme\",\"publisher\":{\"@id\":\"https:\\\/\\\/www.sportshine.eu\\\/#organization\"},\"potentialAction\":[{\"@type\":\"SearchAction\",\"target\":{\"@type\":\"EntryPoint\",\"urlTemplate\":\"https:\\\/\\\/www.sportshine.eu\\\/?s={search_term_string}\"},\"query-input\":{\"@type\":\"PropertyValueSpecification\",\"valueRequired\":true,\"valueName\":\"search_term_string\"}}],\"inLanguage\":\"en-GB\"},{\"@type\":\"Organization\",\"@id\":\"https:\\\/\\\/www.sportshine.eu\\\/#organization\",\"name\":\"Sportshine\",\"url\":\"https:\\\/\\\/www.sportshine.eu\\\/\",\"logo\":{\"@type\":\"ImageObject\",\"inLanguage\":\"en-GB\",\"@id\":\"https:\\\/\\\/www.sportshine.eu\\\/#\\\/schema\\\/logo\\\/image\\\/\",\"url\":\"https:\\\/\\\/www.sportshine.eu\\\/wp-content\\\/uploads\\\/2026\\\/01\\\/cropped-Sportshine.webp\",\"contentUrl\":\"https:\\\/\\\/www.sportshine.eu\\\/wp-content\\\/uploads\\\/2026\\\/01\\\/cropped-Sportshine.webp\",\"width\":295,\"height\":128,\"caption\":\"Sportshine\"},\"image\":{\"@id\":\"https:\\\/\\\/www.sportshine.eu\\\/#\\\/schema\\\/logo\\\/image\\\/\"},\"sameAs\":[\"https:\\\/\\\/www.facebook.com\\\/sportshine.eu\\\/\"]}]}<\/script>\n<!-- \/ Yoast SEO plugin. -->","yoast_head_json":{"title":"Gaciron H07P bike carrier","description":"Bicycle mount for mounting bicycle lights from the Gaciron brand. Thanks to the thread, it allows reliable mounting of the lights on the handlebars.","robots":{"index":"index","follow":"follow","max-snippet":"max-snippet:-1","max-image-preview":"max-image-preview:large","max-video-preview":"max-video-preview:-1"},"canonical":"https:\/\/www.sportshine.eu\/en\/shop\/bicycle-carrier-h07p\/","og_locale":"en_GB","og_type":"article","og_title":"Kolesarski nosilec Gaciron H07P","og_description":"Kolesarski nosilec za namestitev kolesarskih lu\u010di znamke Gaciron. Zaradi navoja omogo\u010da zanesljivo namestitev lu\u010di na krmilo.","og_url":"https:\/\/www.sportshine.eu\/en\/shop\/bicycle-carrier-h07p\/","og_site_name":"Sportshine","article_publisher":"https:\/\/www.facebook.com\/sportshine.eu\/","article_modified_time":"2025-11-06T07:35:35+00:00","og_image":[{"width":800,"height":800,"url":"https:\/\/www.sportshine.eu\/wp-content\/uploads\/2025\/07\/c8864291b6d4bb21b938.jpg","type":"image\/jpeg"}],"twitter_card":"summary_large_image","twitter_misc":{"Estimated reading time":"1 minute"},"schema":{"@context":"https:\/\/schema.org","@graph":[{"@type":"WebPage","@id":"https:\/\/www.sportshine.eu\/trgovina\/kolesarski-nosilec-h07p\/","url":"https:\/\/www.sportshine.eu\/trgovina\/kolesarski-nosilec-h07p\/","name":"Gaciron H07P bike carrier","isPartOf":{"@id":"https:\/\/www.sportshine.eu\/#website"},"primaryImageOfPage":{"@id":"https:\/\/www.sportshine.eu\/trgovina\/kolesarski-nosilec-h07p\/#primaryimage"},"image":{"@id":"https:\/\/www.sportshine.eu\/trgovina\/kolesarski-nosilec-h07p\/#primaryimage"},"thumbnailUrl":"https:\/\/www.sportshine.eu\/wp-content\/uploads\/2025\/07\/c8864291b6d4bb21b938.jpg","datePublished":"2025-07-04T21:22:40+00:00","dateModified":"2025-11-06T07:35:35+00:00","description":"Bicycle mount for mounting bicycle lights from the Gaciron brand. Thanks to the thread, it allows reliable mounting of the lights on the handlebars.","breadcrumb":{"@id":"https:\/\/www.sportshine.eu\/trgovina\/kolesarski-nosilec-h07p\/#breadcrumb"},"inLanguage":"en-GB","potentialAction":[{"@type":"ReadAction","target":["https:\/\/www.sportshine.eu\/trgovina\/kolesarski-nosilec-h07p\/"]}]},{"@type":"ImageObject","inLanguage":"en-GB","@id":"https:\/\/www.sportshine.eu\/trgovina\/kolesarski-nosilec-h07p\/#primaryimage","url":"https:\/\/www.sportshine.eu\/wp-content\/uploads\/2025\/07\/c8864291b6d4bb21b938.jpg","contentUrl":"https:\/\/www.sportshine.eu\/wp-content\/uploads\/2025\/07\/c8864291b6d4bb21b938.jpg","width":800,"height":800},{"@type":"BreadcrumbList","@id":"https:\/\/www.sportshine.eu\/trgovina\/kolesarski-nosilec-h07p\/#breadcrumb","itemListElement":[{"@type":"ListItem","position":1,"name":"Home","item":"https:\/\/www.sportshine.eu\/"},{"@type":"ListItem","position":2,"name":"Trgovina","item":"https:\/\/www.sportshine.eu\/trgovina\/"},{"@type":"ListItem","position":3,"name":"Kolesarski nosilec H07P"}]},{"@type":"WebSite","@id":"https:\/\/www.sportshine.eu\/#website","url":"https:\/\/www.sportshine.eu\/","name":"Sportshine","description":"Top online store for cycling and head lamps and equipment","publisher":{"@id":"https:\/\/www.sportshine.eu\/#organization"},"potentialAction":[{"@type":"SearchAction","target":{"@type":"EntryPoint","urlTemplate":"https:\/\/www.sportshine.eu\/?s={search_term_string}"},"query-input":{"@type":"PropertyValueSpecification","valueRequired":true,"valueName":"search_term_string"}}],"inLanguage":"en-GB"},{"@type":"Organization","@id":"https:\/\/www.sportshine.eu\/#organization","name":"Sportshine","url":"https:\/\/www.sportshine.eu\/","logo":{"@type":"ImageObject","inLanguage":"en-GB","@id":"https:\/\/www.sportshine.eu\/#\/schema\/logo\/image\/","url":"https:\/\/www.sportshine.eu\/wp-content\/uploads\/2026\/01\/cropped-Sportshine.webp","contentUrl":"https:\/\/www.sportshine.eu\/wp-content\/uploads\/2026\/01\/cropped-Sportshine.webp","width":295,"height":128,"caption":"Sportshine"},"image":{"@id":"https:\/\/www.sportshine.eu\/#\/schema\/logo\/image\/"},"sameAs":["https:\/\/www.facebook.com\/sportshine.eu\/"]}]}},"_links":{"self":[{"href":"https:\/\/www.sportshine.eu\/en\/wp-json\/wp\/v2\/product\/6357","targetHints":{"allow":["GET"]}}],"collection":[{"href":"https:\/\/www.sportshine.eu\/en\/wp-json\/wp\/v2\/product"}],"about":[{"href":"https:\/\/www.sportshine.eu\/en\/wp-json\/wp\/v2\/types\/product"}],"replies":[{"embeddable":true,"href":"https:\/\/www.sportshine.eu\/en\/wp-json\/wp\/v2\/comments?post=6357"}],"version-history":[{"count":0,"href":"https:\/\/www.sportshine.eu\/en\/wp-json\/wp\/v2\/product\/6357\/revisions"}],"wp:featuredmedia":[{"embeddable":true,"href":"https:\/\/www.sportshine.eu\/en\/wp-json\/wp\/v2\/media\/5269"}],"wp:attachment":[{"href":"https:\/\/www.sportshine.eu\/en\/wp-json\/wp\/v2\/media?parent=6357"}],"wp:term":[{"taxonomy":"product_brand","embeddable":true,"href":"https:\/\/www.sportshine.eu\/en\/wp-json\/wp\/v2\/product_brand?post=6357"},{"taxonomy":"product_cat","embeddable":true,"href":"https:\/\/www.sportshine.eu\/en\/wp-json\/wp\/v2\/product_cat?post=6357"},{"taxonomy":"product_tag","embeddable":true,"href":"https:\/\/www.sportshine.eu\/en\/wp-json\/wp\/v2\/product_tag?post=6357"}],"curies":[{"name":"wp","href":"https:\/\/api.w.org\/{rel}","templated":true}]}}