{"id":6332,"date":"2026-04-09T21:09:27","date_gmt":"2026-04-09T21:09:27","guid":{"rendered":"https:\/\/www.sportshine.eu\/?post_type=product&#038;p=6332"},"modified":"2026-04-17T19:32:27","modified_gmt":"2026-04-17T19:32:27","slug":"package-of-bicycle-lights-cyclist","status":"publish","type":"product","link":"https:\/\/www.sportshine.eu\/en\/shop\/package-of-bicycle-lights-cyclist\/","title":{"rendered":"Bike light package \u2013 BICYCLER"},"content":{"rendered":"<h3 style=\"text-align: center;\">POWERFUL 800 LUMENS AND BUILT-IN 2500 mAh LITHIUM-ION BATTERY<\/h3>\n<p style=\"text-align: center;\">It allows 5 brightness settings and operation for up to 24 hours.<\/p>\n<p><img decoding=\"async\" class=\"aligncenter wp-image-7599 size-full\" src=\"https:\/\/www.sportshine.eu\/wp-content\/uploads\/2025\/07\/Gaciron-Kiwi-800-1.webp\" alt=\"Gaciron Kiwi 800\" width=\"800\" height=\"800\" srcset=\"https:\/\/www.sportshine.eu\/wp-content\/uploads\/2025\/07\/Gaciron-Kiwi-800-1.webp 800w, https:\/\/www.sportshine.eu\/wp-content\/uploads\/2025\/07\/Gaciron-Kiwi-800-1-768x768.webp 768w, https:\/\/www.sportshine.eu\/wp-content\/uploads\/2025\/07\/Gaciron-Kiwi-800-1-600x600.webp 600w\" sizes=\"(max-width: 800px) 100vw, 800px\" \/><\/p>\n<h3 style=\"text-align: center;\">CYCLE LIGHT WITH ANTI-GLARE EFFECT<\/h3>\n<p style=\"text-align: center;\">Bike lights with a &#039;Cut-off Line&#039; feature are designed to project light in a specific way. Instead of a diffuse or uncontrolled beam, the light is shaped to form a sharp horizontal band on the road. This is especially important for bicycle headlights, as they prevent dazzling oncoming vehicles, pedestrians and cyclists&#039; passengers.<\/p>\n<p><img decoding=\"async\" class=\"aligncenter wp-image-7600\" src=\"https:\/\/www.sportshine.eu\/wp-content\/uploads\/2025\/07\/Gaciron-KIWI-800-3.webp\" alt=\"\" width=\"800\" height=\"494\" srcset=\"https:\/\/www.sportshine.eu\/wp-content\/uploads\/2025\/07\/Gaciron-KIWI-800-3.webp 693w, https:\/\/www.sportshine.eu\/wp-content\/uploads\/2025\/07\/Gaciron-KIWI-800-3-600x371.webp 600w\" sizes=\"(max-width: 800px) 100vw, 800px\" \/><\/p>\n<h3 style=\"text-align: center;\">ALLOWS LIGHT TO BE MOUNTED ON BOTH SIDES OF THE HANDLEBAR (ADJUSTMENT TOOL INCLUDED)<\/h3>\n<p style=\"text-align: center;\">Do you want to mount your light on top of your handlebars or below? The KIWI 1200 bike light offers a solution for both.<\/p>\n<p><img decoding=\"async\" class=\"aligncenter wp-image-7601\" src=\"https:\/\/www.sportshine.eu\/wp-content\/uploads\/2025\/07\/Gaciron-Kiwi-800-2.webp\" alt=\"\" width=\"800\" height=\"581\" srcset=\"https:\/\/www.sportshine.eu\/wp-content\/uploads\/2025\/07\/Gaciron-Kiwi-800-2.webp 705w, https:\/\/www.sportshine.eu\/wp-content\/uploads\/2025\/07\/Gaciron-Kiwi-800-2-600x436.webp 600w\" sizes=\"(max-width: 800px) 100vw, 800px\" \/><\/p>\n<h3 style=\"text-align: center;\">WATERPROOF ACCORDING TO IPX6 STANDARD \u2013 FOR ALL WEATHER CONDITIONS<\/h3>\n<p><img decoding=\"async\" class=\"aligncenter wp-image-7602\" src=\"https:\/\/www.sportshine.eu\/wp-content\/uploads\/2025\/07\/Gaciron-Kiwi-800-4.webp\" alt=\"\" width=\"800\" height=\"809\" srcset=\"https:\/\/www.sportshine.eu\/wp-content\/uploads\/2025\/07\/Gaciron-Kiwi-800-4.webp 767w, https:\/\/www.sportshine.eu\/wp-content\/uploads\/2025\/07\/Gaciron-Kiwi-800-4-600x607.webp 600w\" sizes=\"(max-width: 800px) 100vw, 800px\" \/><\/p>\n<h3 style=\"text-align: center;\">VIDEO PRESENTATION OF THE KIWI-800 CYCLING LIGHT<\/h3>\n<p><iframe loading=\"lazy\" title=\"Gaciron KIWI 800\" width=\"500\" height=\"281\" src=\"https:\/\/www.youtube.com\/embed\/mCjOVn8peP0?feature=oembed\" frameborder=\"0\" allow=\"accelerometer; autoplay; clipboard-write; encrypted-media; gyroscope; picture-in-picture; web-share\" referrerpolicy=\"strict-origin-when-cross-origin\" allowfullscreen><\/iframe><\/p>\n<h3 style=\"text-align: center;\">COMPACT ALL-ALUMINUM HOUSING<\/h3>\n<p><img decoding=\"async\" class=\"aligncenter wp-image-7603\" src=\"https:\/\/www.sportshine.eu\/wp-content\/uploads\/2025\/07\/Gaciron-KIWI-800-luc.webp\" alt=\"\" width=\"800\" height=\"586\" srcset=\"https:\/\/www.sportshine.eu\/wp-content\/uploads\/2025\/07\/Gaciron-KIWI-800-luc.webp 713w, https:\/\/www.sportshine.eu\/wp-content\/uploads\/2025\/07\/Gaciron-KIWI-800-luc-600x439.webp 600w\" sizes=\"(max-width: 800px) 100vw, 800px\" \/><\/p>\n<h3 style=\"text-align: center;\">QUALITY BUILD AND LIGHTWEIGHT CASE<\/h3>\n<p style=\"text-align: center;\">The KIWI-800 bike light is designed to be small and lightweight, making it easy to carry and not adding significant weight or bulk to your bike.<\/p>\n<p><img decoding=\"async\" class=\"aligncenter wp-image-7604 size-full\" src=\"https:\/\/www.sportshine.eu\/wp-content\/uploads\/2025\/07\/Gaciron-Kiwi-800-kolesarska-luc-2.webp\" alt=\"\" width=\"790\" height=\"893\" srcset=\"https:\/\/www.sportshine.eu\/wp-content\/uploads\/2025\/07\/Gaciron-Kiwi-800-kolesarska-luc-2.webp 790w, https:\/\/www.sportshine.eu\/wp-content\/uploads\/2025\/07\/Gaciron-Kiwi-800-kolesarska-luc-2-768x868.webp 768w, https:\/\/www.sportshine.eu\/wp-content\/uploads\/2025\/07\/Gaciron-Kiwi-800-kolesarska-luc-2-600x678.webp 600w\" sizes=\"(max-width: 790px) 100vw, 790px\" \/><\/p>\n<h3 style=\"text-align: center;\">100 LUMENS OF BRIGHTNESS WITH BUILT-IN BRAKE SENSOR AND MAGNETIC MOUNTING ATTACHMENT<\/h3>\n<p><img decoding=\"async\" class=\"aligncenter wp-image-7591 size-full\" src=\"https:\/\/www.sportshine.eu\/wp-content\/uploads\/2025\/07\/Gaciron-W15A-100-6.webp\" alt=\"\" width=\"800\" height=\"600\" srcset=\"https:\/\/www.sportshine.eu\/wp-content\/uploads\/2025\/07\/Gaciron-W15A-100-6.webp 800w, https:\/\/www.sportshine.eu\/wp-content\/uploads\/2025\/07\/Gaciron-W15A-100-6-768x576.webp 768w, https:\/\/www.sportshine.eu\/wp-content\/uploads\/2025\/07\/Gaciron-W15A-100-6-600x450.webp 600w\" sizes=\"(max-width: 800px) 100vw, 800px\" \/><\/p>\n<h3 style=\"text-align: center;\">THE BRAKING SENSOR WORKS WITH INCREDIBLE PRECISION<\/h3>\n<p style=\"text-align: center;\">When the light detects braking, a warning light with a brightness of 100 lumens lights up for 3 seconds. On the power button itself, a long press for 3 seconds turns the braking function on or off.<\/p>\n<p><img decoding=\"async\" class=\"aligncenter wp-image-7585 size-full\" src=\"https:\/\/www.sportshine.eu\/wp-content\/uploads\/2025\/07\/Gaciron-W15A-100-1.webp\" alt=\"\" width=\"800\" height=\"600\" srcset=\"https:\/\/www.sportshine.eu\/wp-content\/uploads\/2025\/07\/Gaciron-W15A-100-1.webp 800w, https:\/\/www.sportshine.eu\/wp-content\/uploads\/2025\/07\/Gaciron-W15A-100-1-768x576.webp 768w, https:\/\/www.sportshine.eu\/wp-content\/uploads\/2025\/07\/Gaciron-W15A-100-1-600x450.webp 600w\" sizes=\"(max-width: 800px) 100vw, 800px\" \/><\/p>\n<h3 style=\"text-align: center;\">VIDEO PRESENTATION OF THE GACIRON W15A-100 CYCLING LIGHT<\/h3>\n<p><iframe loading=\"lazy\" title=\"GACIRON W15A-100\" width=\"500\" height=\"281\" src=\"https:\/\/www.youtube.com\/embed\/YEcB6oaU11Y?feature=oembed\" frameborder=\"0\" allow=\"accelerometer; autoplay; clipboard-write; encrypted-media; gyroscope; picture-in-picture; web-share\" referrerpolicy=\"strict-origin-when-cross-origin\" allowfullscreen><\/iframe><\/p>\n<h3 style=\"text-align: center;\">INNOVATIVE MAGNETIC MOUNTING OF THE CYCLE LIGHT<\/h3>\n<p style=\"text-align: center;\">The magnetic mount makes installing and removing the rear light very quick. The magnetic mount locks the light onto the mount and ensures a secure and firm hold in place.<\/p>\n<p><img decoding=\"async\" class=\"aligncenter wp-image-7588 size-full\" src=\"https:\/\/www.sportshine.eu\/wp-content\/uploads\/2025\/07\/Gaciron-W15A-100-3.webp\" alt=\"\" width=\"800\" height=\"600\" srcset=\"https:\/\/www.sportshine.eu\/wp-content\/uploads\/2025\/07\/Gaciron-W15A-100-3.webp 800w, https:\/\/www.sportshine.eu\/wp-content\/uploads\/2025\/07\/Gaciron-W15A-100-3-768x576.webp 768w, https:\/\/www.sportshine.eu\/wp-content\/uploads\/2025\/07\/Gaciron-W15A-100-3-600x450.webp 600w\" sizes=\"(max-width: 800px) 100vw, 800px\" \/><\/p>","protected":false},"excerpt":{"rendered":"<p>The package includes two quality lights, the front Gaciron KIWI-800 and the rear Gaciron W15A. They are suitable for everyday cycling. Both lights are made of durable aluminum and have an IPX6 water resistance standard. We recommend them to all cyclists who need reliable lighting.<\/p>","protected":false},"featured_media":5105,"comment_status":"open","ping_status":"closed","template":"","meta":[],"product_brand":[132],"product_cat":[93],"product_tag":[],"class_list":{"0":"post-6332","1":"product","2":"type-product","3":"status-publish","4":"has-post-thumbnail","6":"product_brand-gaciron","7":"product_cat-kolesarske-svetilke-paketi","9":"first","10":"instock","11":"sale","12":"taxable","13":"shipping-taxable","14":"purchasable","15":"product-type-simple"},"yoast_head":"<!-- This site is optimized with the Yoast SEO plugin v27.3 - https:\/\/yoast.com\/product\/yoast-seo-wordpress\/ -->\n<title>Paket kolesarskih lu\u010di KOLESAR<\/title>\n<meta name=\"description\" content=\"Paket kolesarskih lu\u010di KOLESAR - v paketu prejmete odli\u010dne lu\u010di za bolj\u0161o vidnost na cesti. Priporo\u010damo za kolesarje, ki potrebujete zanesljivo osvetlitev.\" \/>\n<meta name=\"robots\" content=\"index, follow, max-snippet:-1, max-image-preview:large, max-video-preview:-1\" \/>\n<link rel=\"canonical\" href=\"https:\/\/www.sportshine.eu\/en\/shop\/package-of-bicycle-lights-cyclist\/\" \/>\n<meta property=\"og:locale\" content=\"en_GB\" \/>\n<meta property=\"og:type\" content=\"article\" \/>\n<meta property=\"og:title\" content=\"Paket kolesarskih lu\u010di KOLESAR\" \/>\n<meta property=\"og:description\" content=\"Paket kolesarskih lu\u010di KOLESAR - v paketu prejmete odli\u010dne lu\u010di za bolj\u0161o vidnost na cesti. Priporo\u010damo za kolesarje, ki potrebujete zanesljivo osvetlitev.\" \/>\n<meta property=\"og:url\" content=\"https:\/\/www.sportshine.eu\/en\/shop\/package-of-bicycle-lights-cyclist\/\" \/>\n<meta property=\"og:site_name\" content=\"Sportshine\" \/>\n<meta property=\"article:publisher\" content=\"https:\/\/www.facebook.com\/sportshine.eu\/\" \/>\n<meta property=\"article:modified_time\" content=\"2026-04-17T19:32:27+00:00\" \/>\n<meta property=\"og:image\" content=\"https:\/\/www.sportshine.eu\/wp-content\/uploads\/2025\/07\/Paket-kolesar.webp\" \/>\n\t<meta property=\"og:image:width\" content=\"800\" \/>\n\t<meta property=\"og:image:height\" content=\"800\" \/>\n\t<meta property=\"og:image:type\" content=\"image\/webp\" \/>\n<meta name=\"twitter:card\" content=\"summary_large_image\" \/>\n<meta name=\"twitter:label1\" content=\"Estimated reading time\" \/>\n\t<meta name=\"twitter:data1\" content=\"4 minutes\" \/>\n<script type=\"application\/ld+json\" class=\"yoast-schema-graph\">{\"@context\":\"https:\\\/\\\/schema.org\",\"@graph\":[{\"@type\":\"WebPage\",\"@id\":\"https:\\\/\\\/www.sportshine.eu\\\/trgovina\\\/paket-kolesarskih-luci-kolesar\\\/\",\"url\":\"https:\\\/\\\/www.sportshine.eu\\\/trgovina\\\/paket-kolesarskih-luci-kolesar\\\/\",\"name\":\"Paket kolesarskih lu\u010di KOLESAR\",\"isPartOf\":{\"@id\":\"https:\\\/\\\/www.sportshine.eu\\\/#website\"},\"primaryImageOfPage\":{\"@id\":\"https:\\\/\\\/www.sportshine.eu\\\/trgovina\\\/paket-kolesarskih-luci-kolesar\\\/#primaryimage\"},\"image\":{\"@id\":\"https:\\\/\\\/www.sportshine.eu\\\/trgovina\\\/paket-kolesarskih-luci-kolesar\\\/#primaryimage\"},\"thumbnailUrl\":\"https:\\\/\\\/www.sportshine.eu\\\/wp-content\\\/uploads\\\/2025\\\/07\\\/Paket-kolesar.webp\",\"datePublished\":\"2026-04-09T21:09:27+00:00\",\"dateModified\":\"2026-04-17T19:32:27+00:00\",\"description\":\"Paket kolesarskih lu\u010di KOLESAR - v paketu prejmete odli\u010dne lu\u010di za bolj\u0161o vidnost na cesti. Priporo\u010damo za kolesarje, ki potrebujete zanesljivo osvetlitev.\",\"breadcrumb\":{\"@id\":\"https:\\\/\\\/www.sportshine.eu\\\/trgovina\\\/paket-kolesarskih-luci-kolesar\\\/#breadcrumb\"},\"inLanguage\":\"en-GB\",\"potentialAction\":[{\"@type\":\"ReadAction\",\"target\":[\"https:\\\/\\\/www.sportshine.eu\\\/trgovina\\\/paket-kolesarskih-luci-kolesar\\\/\"]}]},{\"@type\":\"ImageObject\",\"inLanguage\":\"en-GB\",\"@id\":\"https:\\\/\\\/www.sportshine.eu\\\/trgovina\\\/paket-kolesarskih-luci-kolesar\\\/#primaryimage\",\"url\":\"https:\\\/\\\/www.sportshine.eu\\\/wp-content\\\/uploads\\\/2025\\\/07\\\/Paket-kolesar.webp\",\"contentUrl\":\"https:\\\/\\\/www.sportshine.eu\\\/wp-content\\\/uploads\\\/2025\\\/07\\\/Paket-kolesar.webp\",\"width\":800,\"height\":800},{\"@type\":\"BreadcrumbList\",\"@id\":\"https:\\\/\\\/www.sportshine.eu\\\/trgovina\\\/paket-kolesarskih-luci-kolesar\\\/#breadcrumb\",\"itemListElement\":[{\"@type\":\"ListItem\",\"position\":1,\"name\":\"Home\",\"item\":\"https:\\\/\\\/www.sportshine.eu\\\/\"},{\"@type\":\"ListItem\",\"position\":2,\"name\":\"Trgovina\",\"item\":\"https:\\\/\\\/www.sportshine.eu\\\/trgovina\\\/\"},{\"@type\":\"ListItem\",\"position\":3,\"name\":\"Paket kolesarskih lu\u010di &#8211; KOLESAR\"}]},{\"@type\":\"WebSite\",\"@id\":\"https:\\\/\\\/www.sportshine.eu\\\/#website\",\"url\":\"https:\\\/\\\/www.sportshine.eu\\\/\",\"name\":\"Sportshine\",\"description\":\"Top spletna trgovina kolesarskih in naglavnih svetilk ter opreme\",\"publisher\":{\"@id\":\"https:\\\/\\\/www.sportshine.eu\\\/#organization\"},\"potentialAction\":[{\"@type\":\"SearchAction\",\"target\":{\"@type\":\"EntryPoint\",\"urlTemplate\":\"https:\\\/\\\/www.sportshine.eu\\\/?s={search_term_string}\"},\"query-input\":{\"@type\":\"PropertyValueSpecification\",\"valueRequired\":true,\"valueName\":\"search_term_string\"}}],\"inLanguage\":\"en-GB\"},{\"@type\":\"Organization\",\"@id\":\"https:\\\/\\\/www.sportshine.eu\\\/#organization\",\"name\":\"Sportshine\",\"url\":\"https:\\\/\\\/www.sportshine.eu\\\/\",\"logo\":{\"@type\":\"ImageObject\",\"inLanguage\":\"en-GB\",\"@id\":\"https:\\\/\\\/www.sportshine.eu\\\/#\\\/schema\\\/logo\\\/image\\\/\",\"url\":\"https:\\\/\\\/www.sportshine.eu\\\/wp-content\\\/uploads\\\/2026\\\/01\\\/cropped-Sportshine.webp\",\"contentUrl\":\"https:\\\/\\\/www.sportshine.eu\\\/wp-content\\\/uploads\\\/2026\\\/01\\\/cropped-Sportshine.webp\",\"width\":295,\"height\":128,\"caption\":\"Sportshine\"},\"image\":{\"@id\":\"https:\\\/\\\/www.sportshine.eu\\\/#\\\/schema\\\/logo\\\/image\\\/\"},\"sameAs\":[\"https:\\\/\\\/www.facebook.com\\\/sportshine.eu\\\/\"]}]}<\/script>\n<!-- \/ Yoast SEO plugin. -->","yoast_head_json":{"title":"Bike light package BICYCLER","description":"KOLESAR bicycle light package - the package includes excellent lights for better visibility on the road. Recommended for cyclists who need reliable lighting.","robots":{"index":"index","follow":"follow","max-snippet":"max-snippet:-1","max-image-preview":"max-image-preview:large","max-video-preview":"max-video-preview:-1"},"canonical":"https:\/\/www.sportshine.eu\/en\/shop\/package-of-bicycle-lights-cyclist\/","og_locale":"en_GB","og_type":"article","og_title":"Paket kolesarskih lu\u010di KOLESAR","og_description":"Paket kolesarskih lu\u010di KOLESAR - v paketu prejmete odli\u010dne lu\u010di za bolj\u0161o vidnost na cesti. Priporo\u010damo za kolesarje, ki potrebujete zanesljivo osvetlitev.","og_url":"https:\/\/www.sportshine.eu\/en\/shop\/package-of-bicycle-lights-cyclist\/","og_site_name":"Sportshine","article_publisher":"https:\/\/www.facebook.com\/sportshine.eu\/","article_modified_time":"2026-04-17T19:32:27+00:00","og_image":[{"width":800,"height":800,"url":"https:\/\/www.sportshine.eu\/wp-content\/uploads\/2025\/07\/Paket-kolesar.webp","type":"image\/webp"}],"twitter_card":"summary_large_image","twitter_misc":{"Estimated reading time":"4 minutes"},"schema":{"@context":"https:\/\/schema.org","@graph":[{"@type":"WebPage","@id":"https:\/\/www.sportshine.eu\/trgovina\/paket-kolesarskih-luci-kolesar\/","url":"https:\/\/www.sportshine.eu\/trgovina\/paket-kolesarskih-luci-kolesar\/","name":"Bike light package BICYCLER","isPartOf":{"@id":"https:\/\/www.sportshine.eu\/#website"},"primaryImageOfPage":{"@id":"https:\/\/www.sportshine.eu\/trgovina\/paket-kolesarskih-luci-kolesar\/#primaryimage"},"image":{"@id":"https:\/\/www.sportshine.eu\/trgovina\/paket-kolesarskih-luci-kolesar\/#primaryimage"},"thumbnailUrl":"https:\/\/www.sportshine.eu\/wp-content\/uploads\/2025\/07\/Paket-kolesar.webp","datePublished":"2026-04-09T21:09:27+00:00","dateModified":"2026-04-17T19:32:27+00:00","description":"KOLESAR bicycle light package - the package includes excellent lights for better visibility on the road. Recommended for cyclists who need reliable lighting.","breadcrumb":{"@id":"https:\/\/www.sportshine.eu\/trgovina\/paket-kolesarskih-luci-kolesar\/#breadcrumb"},"inLanguage":"en-GB","potentialAction":[{"@type":"ReadAction","target":["https:\/\/www.sportshine.eu\/trgovina\/paket-kolesarskih-luci-kolesar\/"]}]},{"@type":"ImageObject","inLanguage":"en-GB","@id":"https:\/\/www.sportshine.eu\/trgovina\/paket-kolesarskih-luci-kolesar\/#primaryimage","url":"https:\/\/www.sportshine.eu\/wp-content\/uploads\/2025\/07\/Paket-kolesar.webp","contentUrl":"https:\/\/www.sportshine.eu\/wp-content\/uploads\/2025\/07\/Paket-kolesar.webp","width":800,"height":800},{"@type":"BreadcrumbList","@id":"https:\/\/www.sportshine.eu\/trgovina\/paket-kolesarskih-luci-kolesar\/#breadcrumb","itemListElement":[{"@type":"ListItem","position":1,"name":"Home","item":"https:\/\/www.sportshine.eu\/"},{"@type":"ListItem","position":2,"name":"Trgovina","item":"https:\/\/www.sportshine.eu\/trgovina\/"},{"@type":"ListItem","position":3,"name":"Paket kolesarskih lu\u010di &#8211; KOLESAR"}]},{"@type":"WebSite","@id":"https:\/\/www.sportshine.eu\/#website","url":"https:\/\/www.sportshine.eu\/","name":"Sportshine","description":"Top online store for cycling and head lamps and equipment","publisher":{"@id":"https:\/\/www.sportshine.eu\/#organization"},"potentialAction":[{"@type":"SearchAction","target":{"@type":"EntryPoint","urlTemplate":"https:\/\/www.sportshine.eu\/?s={search_term_string}"},"query-input":{"@type":"PropertyValueSpecification","valueRequired":true,"valueName":"search_term_string"}}],"inLanguage":"en-GB"},{"@type":"Organization","@id":"https:\/\/www.sportshine.eu\/#organization","name":"Sportshine","url":"https:\/\/www.sportshine.eu\/","logo":{"@type":"ImageObject","inLanguage":"en-GB","@id":"https:\/\/www.sportshine.eu\/#\/schema\/logo\/image\/","url":"https:\/\/www.sportshine.eu\/wp-content\/uploads\/2026\/01\/cropped-Sportshine.webp","contentUrl":"https:\/\/www.sportshine.eu\/wp-content\/uploads\/2026\/01\/cropped-Sportshine.webp","width":295,"height":128,"caption":"Sportshine"},"image":{"@id":"https:\/\/www.sportshine.eu\/#\/schema\/logo\/image\/"},"sameAs":["https:\/\/www.facebook.com\/sportshine.eu\/"]}]}},"_links":{"self":[{"href":"https:\/\/www.sportshine.eu\/en\/wp-json\/wp\/v2\/product\/6332","targetHints":{"allow":["GET"]}}],"collection":[{"href":"https:\/\/www.sportshine.eu\/en\/wp-json\/wp\/v2\/product"}],"about":[{"href":"https:\/\/www.sportshine.eu\/en\/wp-json\/wp\/v2\/types\/product"}],"replies":[{"embeddable":true,"href":"https:\/\/www.sportshine.eu\/en\/wp-json\/wp\/v2\/comments?post=6332"}],"version-history":[{"count":2,"href":"https:\/\/www.sportshine.eu\/en\/wp-json\/wp\/v2\/product\/6332\/revisions"}],"predecessor-version":[{"id":10382,"href":"https:\/\/www.sportshine.eu\/en\/wp-json\/wp\/v2\/product\/6332\/revisions\/10382"}],"wp:featuredmedia":[{"embeddable":true,"href":"https:\/\/www.sportshine.eu\/en\/wp-json\/wp\/v2\/media\/5105"}],"wp:attachment":[{"href":"https:\/\/www.sportshine.eu\/en\/wp-json\/wp\/v2\/media?parent=6332"}],"wp:term":[{"taxonomy":"product_brand","embeddable":true,"href":"https:\/\/www.sportshine.eu\/en\/wp-json\/wp\/v2\/product_brand?post=6332"},{"taxonomy":"product_cat","embeddable":true,"href":"https:\/\/www.sportshine.eu\/en\/wp-json\/wp\/v2\/product_cat?post=6332"},{"taxonomy":"product_tag","embeddable":true,"href":"https:\/\/www.sportshine.eu\/en\/wp-json\/wp\/v2\/product_tag?post=6332"}],"curies":[{"name":"wp","href":"https:\/\/api.w.org\/{rel}","templated":true}]}}