{"id":6328,"date":"2026-01-29T21:09:22","date_gmt":"2026-01-29T21:09:22","guid":{"rendered":"https:\/\/www.sportshine.eu\/?post_type=product&#038;p=6328"},"modified":"2026-03-06T12:25:45","modified_gmt":"2026-03-06T12:25:45","slug":"gaciron-raptor-3000-bicycle-light","status":"publish","type":"product","link":"https:\/\/www.sportshine.eu\/en\/shop\/gaciron-raptor-3000-bicycle-light\/","title":{"rendered":"Gaciron Raptor 3000 bicycle light"},"content":{"rendered":"<h3 style=\"text-align: center;\">HIGH BRIGHTNESS WITH 3000 LUMENS<\/h3>\n<p style=\"text-align: center;\">The Gaciron Raptor 3000 bicycle light provides exceptional brightness, making it ideal for mountain biking and forest riding. It has three built-in LED lights from the renowned Luminos brand.<\/p>\n<p><img decoding=\"async\" class=\"aligncenter wp-image-7635 size-full\" src=\"https:\/\/www.sportshine.eu\/wp-content\/uploads\/2025\/07\/Gaciron-Raptor-3000.webp\" alt=\"\" width=\"800\" height=\"600\" srcset=\"https:\/\/www.sportshine.eu\/wp-content\/uploads\/2025\/07\/Gaciron-Raptor-3000.webp 800w, https:\/\/www.sportshine.eu\/wp-content\/uploads\/2025\/07\/Gaciron-Raptor-3000-768x576.webp 768w, https:\/\/www.sportshine.eu\/wp-content\/uploads\/2025\/07\/Gaciron-Raptor-3000-600x450.webp 600w\" sizes=\"(max-width: 800px) 100vw, 800px\" \/><\/p>\n<h3 style=\"text-align: center;\">BRIGHTNESS COMPARISON<\/h3>\n<p><img decoding=\"async\" class=\"aligncenter wp-image-7636 size-full\" src=\"https:\/\/www.sportshine.eu\/wp-content\/uploads\/2025\/07\/Gaciron-Raptor-3000-1.webp\" alt=\"\" width=\"800\" height=\"453\" srcset=\"https:\/\/www.sportshine.eu\/wp-content\/uploads\/2025\/07\/Gaciron-Raptor-3000-1.webp 800w, https:\/\/www.sportshine.eu\/wp-content\/uploads\/2025\/07\/Gaciron-Raptor-3000-1-768x435.webp 768w, https:\/\/www.sportshine.eu\/wp-content\/uploads\/2025\/07\/Gaciron-Raptor-3000-1-600x340.webp 600w\" sizes=\"(max-width: 800px) 100vw, 800px\" \/><\/p>\n<h3 style=\"text-align: center;\">POSSIBLE INSTALLATION ON THE HANDLEBAR OR UNDER THE COUNTER<\/h3>\n<p style=\"text-align: center;\">The bicycle light is easy to install on the included bracket. If you want to have the light under the bicycle computer, you can install it on the computer bracket with the included adapter (Gopro).<\/p>\n<p style=\"text-align: center;\">(** Meter holder not included in package)<\/p>\n<p><img decoding=\"async\" class=\"aligncenter wp-image-7637\" src=\"https:\/\/www.sportshine.eu\/wp-content\/uploads\/2025\/07\/Gaciron-Raptor-3000-2.webp\" alt=\"\" width=\"800\" height=\"495\" srcset=\"https:\/\/www.sportshine.eu\/wp-content\/uploads\/2025\/07\/Gaciron-Raptor-3000-2-768x475.webp 768w, https:\/\/www.sportshine.eu\/wp-content\/uploads\/2025\/07\/Gaciron-Raptor-3000-2-600x371.webp 600w\" sizes=\"(max-width: 800px) 100vw, 800px\" \/><\/p>\n<h3 style=\"text-align: center;\">WATERPROOF ACCORDING TO IPX6 STANDARD<\/h3>\n<p style=\"text-align: center;\">Thanks to its waterproof protection, you can operate the flashlight without worry in rainy weather.<\/p>\n<p><img decoding=\"async\" class=\"aligncenter wp-image-7638 size-full\" src=\"https:\/\/www.sportshine.eu\/wp-content\/uploads\/2025\/07\/Gaciron-Raptor-3000-3.webp\" alt=\"\" width=\"800\" height=\"600\" srcset=\"https:\/\/www.sportshine.eu\/wp-content\/uploads\/2025\/07\/Gaciron-Raptor-3000-3.webp 800w, https:\/\/www.sportshine.eu\/wp-content\/uploads\/2025\/07\/Gaciron-Raptor-3000-3-768x576.webp 768w, https:\/\/www.sportshine.eu\/wp-content\/uploads\/2025\/07\/Gaciron-Raptor-3000-3-600x450.webp 600w\" sizes=\"(max-width: 800px) 100vw, 800px\" \/><\/p>\n<h3 style=\"text-align: center;\">RECHARGEABLE BATTERY FUNCTION<\/h3>\n<p style=\"text-align: center;\">The light has a built-in 10,000 mAh battery with which you can charge your phone, meter, or other electronic device.<\/p>\n<p><img decoding=\"async\" class=\"aligncenter wp-image-7639 size-full\" src=\"https:\/\/www.sportshine.eu\/wp-content\/uploads\/2025\/07\/Gaciron-Raptor-3000-4.webp\" alt=\"\" width=\"800\" height=\"453\" srcset=\"https:\/\/www.sportshine.eu\/wp-content\/uploads\/2025\/07\/Gaciron-Raptor-3000-4.webp 800w, https:\/\/www.sportshine.eu\/wp-content\/uploads\/2025\/07\/Gaciron-Raptor-3000-4-768x435.webp 768w, https:\/\/www.sportshine.eu\/wp-content\/uploads\/2025\/07\/Gaciron-Raptor-3000-4-600x340.webp 600w\" sizes=\"(max-width: 800px) 100vw, 800px\" \/><\/p>\n<h3 style=\"text-align: center;\">VIDEO PRESENTATION GACIRON RAPTOR 3000<\/h3>\n<p><iframe loading=\"lazy\" title=\"Gaciron Raptor 3000\" width=\"500\" height=\"281\" src=\"https:\/\/www.youtube.com\/embed\/zXWPq8BUDjw?feature=oembed\" frameborder=\"0\" allow=\"accelerometer; autoplay; clipboard-write; encrypted-media; gyroscope; picture-in-picture; web-share\" referrerpolicy=\"strict-origin-when-cross-origin\" allowfullscreen><\/iframe><\/p>\n<h3 style=\"text-align: center;\">WIRELESS REMOTE CONTROL<\/h3>\n<p style=\"text-align: center;\">This is a wireless remote control with a luminescent design. It absorbs enough sunlight during the day and emits green at night. When cycling at night, you can easily find the button positions on the remote control. In case of emergency, you can quickly react, turn on and adjust the light to ensure safety during cycling.<\/p>\n<p style=\"text-align: center;\">It contains a long-lasting battery that has a lifespan of over 8,000 presses.<\/p>\n<p><img decoding=\"async\" class=\"aligncenter wp-image-7628 size-full\" src=\"https:\/\/www.sportshine.eu\/wp-content\/uploads\/2025\/07\/Kolesarska-luc-Gaciron-Raptor-1800-4.webp\" alt=\"\" width=\"800\" height=\"453\" srcset=\"https:\/\/www.sportshine.eu\/wp-content\/uploads\/2025\/07\/Kolesarska-luc-Gaciron-Raptor-1800-4.webp 800w, https:\/\/www.sportshine.eu\/wp-content\/uploads\/2025\/07\/Kolesarska-luc-Gaciron-Raptor-1800-4-768x435.webp 768w, https:\/\/www.sportshine.eu\/wp-content\/uploads\/2025\/07\/Kolesarska-luc-Gaciron-Raptor-1800-4-600x340.webp 600w\" sizes=\"(max-width: 800px) 100vw, 800px\" \/><\/p>\n<h3 style=\"text-align: center;\">IN THE CYCLE LIGHT PACKAGE YOU WILL RECEIVE<\/h3>\n<p style=\"text-align: center;\">Gaciron Raptor 3000 flashlight<br \/>\nBicycle carrier<br \/>\nLamp reassembly tool<br \/>\nUSB C charging cable<br \/>\nLight control adapter and Gopro adapter<\/p>\n<p><img decoding=\"async\" class=\"aligncenter wp-image-7631 size-full\" src=\"https:\/\/www.sportshine.eu\/wp-content\/uploads\/2025\/07\/Kolesarska-luc-Gaciron-Raptor-1800-7.webp\" alt=\"\" width=\"800\" height=\"600\" srcset=\"https:\/\/www.sportshine.eu\/wp-content\/uploads\/2025\/07\/Kolesarska-luc-Gaciron-Raptor-1800-7.webp 800w, https:\/\/www.sportshine.eu\/wp-content\/uploads\/2025\/07\/Kolesarska-luc-Gaciron-Raptor-1800-7-768x576.webp 768w, https:\/\/www.sportshine.eu\/wp-content\/uploads\/2025\/07\/Kolesarska-luc-Gaciron-Raptor-1800-7-600x450.webp 600w\" sizes=\"(max-width: 800px) 100vw, 800px\" \/><\/p>","protected":false},"excerpt":{"rendered":"<p>Gaciron&#039;s premium Raptor 3000 bike light is one of the most powerful lights on the market, boasting an actual output of 3,000 lumens, high and low beam headlights, an integrated battery that charges via USB-C with a capacity of 10,000 mAh, and even a powerful portable battery function.<\/p>","protected":false},"featured_media":5179,"comment_status":"open","ping_status":"closed","template":"","meta":[],"product_brand":[132],"product_cat":[82,150],"product_tag":[],"class_list":{"0":"post-6328","1":"product","2":"type-product","3":"status-publish","4":"has-post-thumbnail","6":"product_brand-gaciron","7":"product_cat-kolesarske-luci","8":"product_cat-sprednje-kolesarske-luci","10":"first","11":"instock","12":"sale","13":"taxable","14":"shipping-taxable","15":"purchasable","16":"product-type-simple"},"yoast_head":"<!-- This site is optimized with the Yoast SEO plugin v27.4 - https:\/\/yoast.com\/product\/yoast-seo-wordpress\/ -->\n<title>Kolesarska lu\u010d Gaciron Raptor 3000<\/title>\n<meta name=\"description\" content=\"Kolesarska lu\u010d Gaciron Raptor 3000 z neverjetno mo\u010djo 3000 lumnov. Za svojo mo\u010d uporablja 10.000 mAh litij-ionsko baterijo. Vodoodporna po standardu IPX6.\" \/>\n<meta name=\"robots\" content=\"index, follow, max-snippet:-1, max-image-preview:large, max-video-preview:-1\" \/>\n<link rel=\"canonical\" href=\"https:\/\/www.sportshine.eu\/en\/shop\/gaciron-raptor-3000-bicycle-light\/\" \/>\n<meta property=\"og:locale\" content=\"en_GB\" \/>\n<meta property=\"og:type\" content=\"article\" \/>\n<meta property=\"og:title\" content=\"Kolesarska lu\u010d Gaciron Raptor 3000\" \/>\n<meta property=\"og:description\" content=\"Kolesarska lu\u010d Gaciron Raptor 3000 z neverjetno mo\u010djo 3000 lumnov. Za svojo mo\u010d uporablja 10.000 mAh litij-ionsko baterijo. Vodoodporna po standardu IPX6.\" \/>\n<meta property=\"og:url\" content=\"https:\/\/www.sportshine.eu\/en\/shop\/gaciron-raptor-3000-bicycle-light\/\" \/>\n<meta property=\"og:site_name\" content=\"Sportshine\" \/>\n<meta property=\"article:publisher\" content=\"https:\/\/www.facebook.com\/sportshine.eu\/\" \/>\n<meta property=\"article:modified_time\" content=\"2026-03-06T12:25:45+00:00\" \/>\n<meta property=\"og:image\" content=\"https:\/\/www.sportshine.eu\/wp-content\/uploads\/2025\/07\/Kolesarska-luc-Gaciron-Raptor-3000.webp\" \/>\n\t<meta property=\"og:image:width\" content=\"800\" \/>\n\t<meta property=\"og:image:height\" content=\"800\" \/>\n\t<meta property=\"og:image:type\" content=\"image\/webp\" \/>\n<meta name=\"twitter:card\" content=\"summary_large_image\" \/>\n<meta name=\"twitter:label1\" content=\"Estimated reading time\" \/>\n\t<meta name=\"twitter:data1\" content=\"3 minutes\" \/>\n<script type=\"application\/ld+json\" class=\"yoast-schema-graph\">{\"@context\":\"https:\\\/\\\/schema.org\",\"@graph\":[{\"@type\":\"WebPage\",\"@id\":\"https:\\\/\\\/www.sportshine.eu\\\/trgovina\\\/kolesarska-luc-gaciron-raptor-3000\\\/\",\"url\":\"https:\\\/\\\/www.sportshine.eu\\\/trgovina\\\/kolesarska-luc-gaciron-raptor-3000\\\/\",\"name\":\"Kolesarska lu\u010d Gaciron Raptor 3000\",\"isPartOf\":{\"@id\":\"https:\\\/\\\/www.sportshine.eu\\\/#website\"},\"primaryImageOfPage\":{\"@id\":\"https:\\\/\\\/www.sportshine.eu\\\/trgovina\\\/kolesarska-luc-gaciron-raptor-3000\\\/#primaryimage\"},\"image\":{\"@id\":\"https:\\\/\\\/www.sportshine.eu\\\/trgovina\\\/kolesarska-luc-gaciron-raptor-3000\\\/#primaryimage\"},\"thumbnailUrl\":\"https:\\\/\\\/www.sportshine.eu\\\/wp-content\\\/uploads\\\/2025\\\/07\\\/Kolesarska-luc-Gaciron-Raptor-3000.webp\",\"datePublished\":\"2026-01-29T21:09:22+00:00\",\"dateModified\":\"2026-03-06T12:25:45+00:00\",\"description\":\"Kolesarska lu\u010d Gaciron Raptor 3000 z neverjetno mo\u010djo 3000 lumnov. Za svojo mo\u010d uporablja 10.000 mAh litij-ionsko baterijo. Vodoodporna po standardu IPX6.\",\"breadcrumb\":{\"@id\":\"https:\\\/\\\/www.sportshine.eu\\\/trgovina\\\/kolesarska-luc-gaciron-raptor-3000\\\/#breadcrumb\"},\"inLanguage\":\"en-GB\",\"potentialAction\":[{\"@type\":\"ReadAction\",\"target\":[\"https:\\\/\\\/www.sportshine.eu\\\/trgovina\\\/kolesarska-luc-gaciron-raptor-3000\\\/\"]}]},{\"@type\":\"ImageObject\",\"inLanguage\":\"en-GB\",\"@id\":\"https:\\\/\\\/www.sportshine.eu\\\/trgovina\\\/kolesarska-luc-gaciron-raptor-3000\\\/#primaryimage\",\"url\":\"https:\\\/\\\/www.sportshine.eu\\\/wp-content\\\/uploads\\\/2025\\\/07\\\/Kolesarska-luc-Gaciron-Raptor-3000.webp\",\"contentUrl\":\"https:\\\/\\\/www.sportshine.eu\\\/wp-content\\\/uploads\\\/2025\\\/07\\\/Kolesarska-luc-Gaciron-Raptor-3000.webp\",\"width\":800,\"height\":800},{\"@type\":\"BreadcrumbList\",\"@id\":\"https:\\\/\\\/www.sportshine.eu\\\/trgovina\\\/kolesarska-luc-gaciron-raptor-3000\\\/#breadcrumb\",\"itemListElement\":[{\"@type\":\"ListItem\",\"position\":1,\"name\":\"Home\",\"item\":\"https:\\\/\\\/www.sportshine.eu\\\/\"},{\"@type\":\"ListItem\",\"position\":2,\"name\":\"Trgovina\",\"item\":\"https:\\\/\\\/www.sportshine.eu\\\/trgovina\\\/\"},{\"@type\":\"ListItem\",\"position\":3,\"name\":\"Kolesarska lu\u010d Gaciron Raptor 3000\"}]},{\"@type\":\"WebSite\",\"@id\":\"https:\\\/\\\/www.sportshine.eu\\\/#website\",\"url\":\"https:\\\/\\\/www.sportshine.eu\\\/\",\"name\":\"Sportshine\",\"description\":\"Top spletna trgovina kolesarskih in naglavnih svetilk ter opreme\",\"publisher\":{\"@id\":\"https:\\\/\\\/www.sportshine.eu\\\/#organization\"},\"potentialAction\":[{\"@type\":\"SearchAction\",\"target\":{\"@type\":\"EntryPoint\",\"urlTemplate\":\"https:\\\/\\\/www.sportshine.eu\\\/?s={search_term_string}\"},\"query-input\":{\"@type\":\"PropertyValueSpecification\",\"valueRequired\":true,\"valueName\":\"search_term_string\"}}],\"inLanguage\":\"en-GB\"},{\"@type\":\"Organization\",\"@id\":\"https:\\\/\\\/www.sportshine.eu\\\/#organization\",\"name\":\"Sportshine\",\"url\":\"https:\\\/\\\/www.sportshine.eu\\\/\",\"logo\":{\"@type\":\"ImageObject\",\"inLanguage\":\"en-GB\",\"@id\":\"https:\\\/\\\/www.sportshine.eu\\\/#\\\/schema\\\/logo\\\/image\\\/\",\"url\":\"https:\\\/\\\/www.sportshine.eu\\\/wp-content\\\/uploads\\\/2026\\\/01\\\/cropped-Sportshine.webp\",\"contentUrl\":\"https:\\\/\\\/www.sportshine.eu\\\/wp-content\\\/uploads\\\/2026\\\/01\\\/cropped-Sportshine.webp\",\"width\":295,\"height\":128,\"caption\":\"Sportshine\"},\"image\":{\"@id\":\"https:\\\/\\\/www.sportshine.eu\\\/#\\\/schema\\\/logo\\\/image\\\/\"},\"sameAs\":[\"https:\\\/\\\/www.facebook.com\\\/sportshine.eu\\\/\"]}]}<\/script>\n<!-- \/ Yoast SEO plugin. -->","yoast_head_json":{"title":"Gaciron Raptor 3000 bicycle light","description":"Gaciron Raptor 3000 bike light with an incredible 3000 lumens. Powered by a 10,000 mAh lithium-ion battery. Waterproof to IPX6 standard.","robots":{"index":"index","follow":"follow","max-snippet":"max-snippet:-1","max-image-preview":"max-image-preview:large","max-video-preview":"max-video-preview:-1"},"canonical":"https:\/\/www.sportshine.eu\/en\/shop\/gaciron-raptor-3000-bicycle-light\/","og_locale":"en_GB","og_type":"article","og_title":"Kolesarska lu\u010d Gaciron Raptor 3000","og_description":"Kolesarska lu\u010d Gaciron Raptor 3000 z neverjetno mo\u010djo 3000 lumnov. Za svojo mo\u010d uporablja 10.000 mAh litij-ionsko baterijo. Vodoodporna po standardu IPX6.","og_url":"https:\/\/www.sportshine.eu\/en\/shop\/gaciron-raptor-3000-bicycle-light\/","og_site_name":"Sportshine","article_publisher":"https:\/\/www.facebook.com\/sportshine.eu\/","article_modified_time":"2026-03-06T12:25:45+00:00","og_image":[{"width":800,"height":800,"url":"https:\/\/www.sportshine.eu\/wp-content\/uploads\/2025\/07\/Kolesarska-luc-Gaciron-Raptor-3000.webp","type":"image\/webp"}],"twitter_card":"summary_large_image","twitter_misc":{"Estimated reading time":"3 minutes"},"schema":{"@context":"https:\/\/schema.org","@graph":[{"@type":"WebPage","@id":"https:\/\/www.sportshine.eu\/trgovina\/kolesarska-luc-gaciron-raptor-3000\/","url":"https:\/\/www.sportshine.eu\/trgovina\/kolesarska-luc-gaciron-raptor-3000\/","name":"Gaciron Raptor 3000 bicycle light","isPartOf":{"@id":"https:\/\/www.sportshine.eu\/#website"},"primaryImageOfPage":{"@id":"https:\/\/www.sportshine.eu\/trgovina\/kolesarska-luc-gaciron-raptor-3000\/#primaryimage"},"image":{"@id":"https:\/\/www.sportshine.eu\/trgovina\/kolesarska-luc-gaciron-raptor-3000\/#primaryimage"},"thumbnailUrl":"https:\/\/www.sportshine.eu\/wp-content\/uploads\/2025\/07\/Kolesarska-luc-Gaciron-Raptor-3000.webp","datePublished":"2026-01-29T21:09:22+00:00","dateModified":"2026-03-06T12:25:45+00:00","description":"Gaciron Raptor 3000 bike light with an incredible 3000 lumens. Powered by a 10,000 mAh lithium-ion battery. Waterproof to IPX6 standard.","breadcrumb":{"@id":"https:\/\/www.sportshine.eu\/trgovina\/kolesarska-luc-gaciron-raptor-3000\/#breadcrumb"},"inLanguage":"en-GB","potentialAction":[{"@type":"ReadAction","target":["https:\/\/www.sportshine.eu\/trgovina\/kolesarska-luc-gaciron-raptor-3000\/"]}]},{"@type":"ImageObject","inLanguage":"en-GB","@id":"https:\/\/www.sportshine.eu\/trgovina\/kolesarska-luc-gaciron-raptor-3000\/#primaryimage","url":"https:\/\/www.sportshine.eu\/wp-content\/uploads\/2025\/07\/Kolesarska-luc-Gaciron-Raptor-3000.webp","contentUrl":"https:\/\/www.sportshine.eu\/wp-content\/uploads\/2025\/07\/Kolesarska-luc-Gaciron-Raptor-3000.webp","width":800,"height":800},{"@type":"BreadcrumbList","@id":"https:\/\/www.sportshine.eu\/trgovina\/kolesarska-luc-gaciron-raptor-3000\/#breadcrumb","itemListElement":[{"@type":"ListItem","position":1,"name":"Home","item":"https:\/\/www.sportshine.eu\/"},{"@type":"ListItem","position":2,"name":"Trgovina","item":"https:\/\/www.sportshine.eu\/trgovina\/"},{"@type":"ListItem","position":3,"name":"Kolesarska lu\u010d Gaciron Raptor 3000"}]},{"@type":"WebSite","@id":"https:\/\/www.sportshine.eu\/#website","url":"https:\/\/www.sportshine.eu\/","name":"Sportshine","description":"Top online store for cycling and head lamps and equipment","publisher":{"@id":"https:\/\/www.sportshine.eu\/#organization"},"potentialAction":[{"@type":"SearchAction","target":{"@type":"EntryPoint","urlTemplate":"https:\/\/www.sportshine.eu\/?s={search_term_string}"},"query-input":{"@type":"PropertyValueSpecification","valueRequired":true,"valueName":"search_term_string"}}],"inLanguage":"en-GB"},{"@type":"Organization","@id":"https:\/\/www.sportshine.eu\/#organization","name":"Sportshine","url":"https:\/\/www.sportshine.eu\/","logo":{"@type":"ImageObject","inLanguage":"en-GB","@id":"https:\/\/www.sportshine.eu\/#\/schema\/logo\/image\/","url":"https:\/\/www.sportshine.eu\/wp-content\/uploads\/2026\/01\/cropped-Sportshine.webp","contentUrl":"https:\/\/www.sportshine.eu\/wp-content\/uploads\/2026\/01\/cropped-Sportshine.webp","width":295,"height":128,"caption":"Sportshine"},"image":{"@id":"https:\/\/www.sportshine.eu\/#\/schema\/logo\/image\/"},"sameAs":["https:\/\/www.facebook.com\/sportshine.eu\/"]}]}},"_links":{"self":[{"href":"https:\/\/www.sportshine.eu\/en\/wp-json\/wp\/v2\/product\/6328","targetHints":{"allow":["GET"]}}],"collection":[{"href":"https:\/\/www.sportshine.eu\/en\/wp-json\/wp\/v2\/product"}],"about":[{"href":"https:\/\/www.sportshine.eu\/en\/wp-json\/wp\/v2\/types\/product"}],"replies":[{"embeddable":true,"href":"https:\/\/www.sportshine.eu\/en\/wp-json\/wp\/v2\/comments?post=6328"}],"version-history":[{"count":0,"href":"https:\/\/www.sportshine.eu\/en\/wp-json\/wp\/v2\/product\/6328\/revisions"}],"wp:featuredmedia":[{"embeddable":true,"href":"https:\/\/www.sportshine.eu\/en\/wp-json\/wp\/v2\/media\/5179"}],"wp:attachment":[{"href":"https:\/\/www.sportshine.eu\/en\/wp-json\/wp\/v2\/media?parent=6328"}],"wp:term":[{"taxonomy":"product_brand","embeddable":true,"href":"https:\/\/www.sportshine.eu\/en\/wp-json\/wp\/v2\/product_brand?post=6328"},{"taxonomy":"product_cat","embeddable":true,"href":"https:\/\/www.sportshine.eu\/en\/wp-json\/wp\/v2\/product_cat?post=6328"},{"taxonomy":"product_tag","embeddable":true,"href":"https:\/\/www.sportshine.eu\/en\/wp-json\/wp\/v2\/product_tag?post=6328"}],"curies":[{"name":"wp","href":"https:\/\/api.w.org\/{rel}","templated":true}]}}