{"id":6324,"date":"2026-01-28T21:09:17","date_gmt":"2026-01-28T21:09:17","guid":{"rendered":"https:\/\/www.sportshine.eu\/?post_type=product&#038;p=6324"},"modified":"2026-01-30T19:31:04","modified_gmt":"2026-01-30T19:31:04","slug":"mountain-bike-light-package","status":"publish","type":"product","link":"https:\/\/www.sportshine.eu\/en\/shop\/mountain-bike-light-package\/","title":{"rendered":"GORC bicycle light package"},"content":{"rendered":"<h3 style=\"text-align: center;\">TEST OF THE GACIRON V9DP-1800 CYCLE LIGHT IN COMPLETE DARKNESS.<\/h3>\n<p><iframe loading=\"lazy\" title=\"Gaciron V9DP - 1800\" width=\"500\" height=\"281\" src=\"https:\/\/www.youtube.com\/embed\/IGHceLSRfKk?feature=oembed\" frameborder=\"0\" allow=\"accelerometer; autoplay; clipboard-write; encrypted-media; gyroscope; picture-in-picture; web-share\" referrerpolicy=\"strict-origin-when-cross-origin\" allowfullscreen><\/iframe><\/p>\n<h3 style=\"text-align: center;\">BUILT-IN TWO 5000 mAh LITHIUM-ION BATTERIES<\/h3>\n<p><img decoding=\"async\" class=\"aligncenter wp-image-7551 size-full\" src=\"https:\/\/www.sportshine.eu\/wp-content\/uploads\/2025\/07\/Kolesarska-luc-LED-Gaciron-V9DP-1800.webp\" alt=\"\" width=\"800\" height=\"800\" srcset=\"https:\/\/www.sportshine.eu\/wp-content\/uploads\/2025\/07\/Kolesarska-luc-LED-Gaciron-V9DP-1800.webp 800w, https:\/\/www.sportshine.eu\/wp-content\/uploads\/2025\/07\/Kolesarska-luc-LED-Gaciron-V9DP-1800-768x768.webp 768w, https:\/\/www.sportshine.eu\/wp-content\/uploads\/2025\/07\/Kolesarska-luc-LED-Gaciron-V9DP-1800-600x600.webp 600w\" sizes=\"(max-width: 800px) 100vw, 800px\" \/><\/p>\n<p>&nbsp;<\/p>\n<h3 style=\"text-align: center;\">IT CHARGES IN 3.5 HOURS AND WORKS FOR MORE THAN 9 HOURS ON LOW BRIGHTNESS.<\/h3>\n<p><img decoding=\"async\" class=\"aligncenter wp-image-7552 size-full\" src=\"https:\/\/www.sportshine.eu\/wp-content\/uploads\/2025\/07\/Kolesarska-luc-LED-Gaciron-V9DP-1800-1.webp\" alt=\"\" width=\"800\" height=\"800\" srcset=\"https:\/\/www.sportshine.eu\/wp-content\/uploads\/2025\/07\/Kolesarska-luc-LED-Gaciron-V9DP-1800-1.webp 800w, https:\/\/www.sportshine.eu\/wp-content\/uploads\/2025\/07\/Kolesarska-luc-LED-Gaciron-V9DP-1800-1-768x768.webp 768w, https:\/\/www.sportshine.eu\/wp-content\/uploads\/2025\/07\/Kolesarska-luc-LED-Gaciron-V9DP-1800-1-600x600.webp 600w\" sizes=\"(max-width: 800px) 100vw, 800px\" \/><\/p>\n<h3 style=\"text-align: center;\">IN THE CYCLE LIGHT PACKAGE YOU WILL RECEIVE<\/h3>\n<p style=\"text-align: center;\">Gaciron V9DP-1600 flashlight<br \/>\nBicycle carrier<br \/>\nUSB C charging cable<br \/>\nLight control adapter<\/p>\n<p><img decoding=\"async\" class=\"aligncenter wp-image-7554 size-full\" src=\"https:\/\/www.sportshine.eu\/wp-content\/uploads\/2025\/07\/Kolesarska-luc-LED-Gaciron-V9DP-1800-2.webp\" alt=\"\" width=\"800\" height=\"800\" srcset=\"https:\/\/www.sportshine.eu\/wp-content\/uploads\/2025\/07\/Kolesarska-luc-LED-Gaciron-V9DP-1800-2.webp 800w, https:\/\/www.sportshine.eu\/wp-content\/uploads\/2025\/07\/Kolesarska-luc-LED-Gaciron-V9DP-1800-2-768x768.webp 768w, https:\/\/www.sportshine.eu\/wp-content\/uploads\/2025\/07\/Kolesarska-luc-LED-Gaciron-V9DP-1800-2-600x600.webp 600w\" sizes=\"(max-width: 800px) 100vw, 800px\" \/><\/p>\n<h3 style=\"text-align: center;\">SUPPORTED USE OF ADAPTER FOR LIGHT CONTROL<\/h3>\n<p style=\"text-align: center;\">The adapter can be mounted on the handlebars of the bicycle, which allows for safer cycling, as you can move the operating levels without having to let go of the handlebars.<\/p>\n<p><img decoding=\"async\" class=\"aligncenter wp-image-7555 size-full\" src=\"https:\/\/www.sportshine.eu\/wp-content\/uploads\/2025\/07\/Kolesarska-luc-LED-Gaciron-V9DP-1800-3.webp\" alt=\"\" width=\"800\" height=\"800\" srcset=\"https:\/\/www.sportshine.eu\/wp-content\/uploads\/2025\/07\/Kolesarska-luc-LED-Gaciron-V9DP-1800-3.webp 800w, https:\/\/www.sportshine.eu\/wp-content\/uploads\/2025\/07\/Kolesarska-luc-LED-Gaciron-V9DP-1800-3-768x768.webp 768w, https:\/\/www.sportshine.eu\/wp-content\/uploads\/2025\/07\/Kolesarska-luc-LED-Gaciron-V9DP-1800-3-600x600.webp 600w\" sizes=\"(max-width: 800px) 100vw, 800px\" \/><\/p>\n<h3 style=\"text-align: center;\">WIDE AND LONG REFLECTOR ANGLE -125 DEGREES<\/h3>\n<p style=\"text-align: center;\">The 125 degree angle allows you to illuminate your path without a blind spot, ensuring greater safety.<\/p>\n<p><img decoding=\"async\" class=\"aligncenter wp-image-7556 size-full\" src=\"https:\/\/www.sportshine.eu\/wp-content\/uploads\/2025\/07\/Kolesarska-luc-LED-Gaciron-V9DP-1800-4.webp\" alt=\"\" width=\"800\" height=\"800\" srcset=\"https:\/\/www.sportshine.eu\/wp-content\/uploads\/2025\/07\/Kolesarska-luc-LED-Gaciron-V9DP-1800-4.webp 800w, https:\/\/www.sportshine.eu\/wp-content\/uploads\/2025\/07\/Kolesarska-luc-LED-Gaciron-V9DP-1800-4-768x768.webp 768w, https:\/\/www.sportshine.eu\/wp-content\/uploads\/2025\/07\/Kolesarska-luc-LED-Gaciron-V9DP-1800-4-600x600.webp 600w\" sizes=\"(max-width: 800px) 100vw, 800px\" \/><\/p>\n<h3 style=\"text-align: center;\">WATERPROOF ACCORDING TO IPX6 STANDARD<\/h3>\n<p style=\"text-align: center;\">Thanks to its waterproof protection, you can operate the flashlight without worry in rainy weather.<\/p>\n<p><img decoding=\"async\" class=\"aligncenter wp-image-7557\" src=\"https:\/\/www.sportshine.eu\/wp-content\/uploads\/2025\/07\/Kolesarska-luc-LED-Gaciron-V9DP-1800-5.webp\" alt=\"Gaciron V9DP-1800 LED bicycle light\" width=\"800\" height=\"800\" srcset=\"https:\/\/www.sportshine.eu\/wp-content\/uploads\/2025\/07\/Kolesarska-luc-LED-Gaciron-V9DP-1800-5-768x768.webp 768w, https:\/\/www.sportshine.eu\/wp-content\/uploads\/2025\/07\/Kolesarska-luc-LED-Gaciron-V9DP-1800-5-600x600.webp 600w\" sizes=\"(max-width: 800px) 100vw, 800px\" \/><\/p>\n<h3 style=\"text-align: center;\">GACIRON W16C REAR BICYCLE LIGHT WITH MAGNETIC MOUNT AND BRIGHTNESS UP TO 30 LUMENS.<\/h3>\n<p><img decoding=\"async\" class=\"aligncenter wp-image-7642\" src=\"https:\/\/www.sportshine.eu\/wp-content\/uploads\/2025\/07\/Gaciron-W16C.webp\" alt=\"\" width=\"800\" height=\"996\" srcset=\"https:\/\/www.sportshine.eu\/wp-content\/uploads\/2025\/07\/Gaciron-W16C.webp 750w, https:\/\/www.sportshine.eu\/wp-content\/uploads\/2025\/07\/Gaciron-W16C-600x747.webp 600w\" sizes=\"(max-width: 800px) 100vw, 800px\" \/><\/p>\n<h3 style=\"text-align: center;\">5 LEVELS OF OPERATION AND CHARGING VIA USB C INPUT<\/h3>\n<p style=\"text-align: center;\">With a built-in 200 mAh lithium-ion battery, it provides cyclists with long-lasting light. The light indicator flashes red when charging and stays on continuously when fully charged.<\/p>\n<p><img decoding=\"async\" class=\"aligncenter wp-image-7645\" src=\"https:\/\/www.sportshine.eu\/wp-content\/uploads\/2025\/07\/zadnja-luc-za-kolo-Gaciron.webp\" alt=\"\" width=\"800\" height=\"1207\" srcset=\"https:\/\/www.sportshine.eu\/wp-content\/uploads\/2025\/07\/zadnja-luc-za-kolo-Gaciron.webp 750w, https:\/\/www.sportshine.eu\/wp-content\/uploads\/2025\/07\/zadnja-luc-za-kolo-Gaciron-600x906.webp 600w\" sizes=\"(max-width: 800px) 100vw, 800px\" \/><\/p>\n<h3 style=\"text-align: center;\">VIDEO PRESENTATION OF THE GACIRON W16C REAR CYCLE LIGHT<\/h3>\n<p><iframe loading=\"lazy\" title=\"Gaciron W16C\" width=\"500\" height=\"281\" src=\"https:\/\/www.youtube.com\/embed\/cflxZQ1148s?feature=oembed\" frameborder=\"0\" allow=\"accelerometer; autoplay; clipboard-write; encrypted-media; gyroscope; picture-in-picture; web-share\" referrerpolicy=\"strict-origin-when-cross-origin\" allowfullscreen><\/iframe><\/p>","protected":false},"excerpt":{"rendered":"<p>In the Gorc package you receive an extremely high-quality LED bicycle light Gaciron V9DP-1600 with a power of 1600 lumens and a rear bicycle light Gaciron W16C with a power of 30 lumens. Easy installation and proven quality of the light. We recommend it for all cyclists who need reliable lighting.<\/p>","protected":false},"featured_media":5166,"comment_status":"open","ping_status":"closed","template":"","meta":[],"product_brand":[132],"product_cat":[93],"product_tag":[],"class_list":{"0":"post-6324","1":"product","2":"type-product","3":"status-publish","4":"has-post-thumbnail","6":"product_brand-gaciron","7":"product_cat-kolesarske-svetilke-paketi","9":"first","10":"instock","11":"taxable","12":"shipping-taxable","13":"purchasable","14":"product-type-simple"},"yoast_head":"<!-- This site is optimized with the Yoast SEO plugin v27.3 - https:\/\/yoast.com\/product\/yoast-seo-wordpress\/ -->\n<title>Paket kolesarskih lu\u010di Gorc<\/title>\n<meta name=\"description\" content=\"Zmogljiva sprednja lu\u010d za kolo in zadnja LED lu\u010d z vgrajeno litij-ionsko baterijo in vrhunsko svetilnostjo. Dolga \u017eivljenska doba kolesarski svetilk.\" \/>\n<meta name=\"robots\" content=\"index, follow, max-snippet:-1, max-image-preview:large, max-video-preview:-1\" \/>\n<link rel=\"canonical\" href=\"https:\/\/www.sportshine.eu\/en\/shop\/mountain-bike-light-package\/\" \/>\n<meta property=\"og:locale\" content=\"en_GB\" \/>\n<meta property=\"og:type\" content=\"article\" \/>\n<meta property=\"og:title\" content=\"Paket kolesarskih lu\u010di Gorc\" \/>\n<meta property=\"og:description\" content=\"Zmogljiva sprednja lu\u010d za kolo in zadnja LED lu\u010d z vgrajeno litij-ionsko baterijo in vrhunsko svetilnostjo. Dolga \u017eivljenska doba kolesarski svetilk.\" \/>\n<meta property=\"og:url\" content=\"https:\/\/www.sportshine.eu\/en\/shop\/mountain-bike-light-package\/\" \/>\n<meta property=\"og:site_name\" content=\"Sportshine\" \/>\n<meta property=\"article:publisher\" content=\"https:\/\/www.facebook.com\/sportshine.eu\/\" \/>\n<meta property=\"article:modified_time\" content=\"2026-01-30T19:31:04+00:00\" \/>\n<meta property=\"og:image\" content=\"https:\/\/www.sportshine.eu\/wp-content\/uploads\/2025\/07\/PAKET-KOLESARSKIH-LUCI-gorc.webp\" \/>\n\t<meta property=\"og:image:width\" content=\"800\" \/>\n\t<meta property=\"og:image:height\" content=\"800\" \/>\n\t<meta property=\"og:image:type\" content=\"image\/webp\" \/>\n<meta name=\"twitter:card\" content=\"summary_large_image\" \/>\n<meta name=\"twitter:label1\" content=\"Estimated reading time\" \/>\n\t<meta name=\"twitter:data1\" content=\"3 minutes\" \/>\n<script type=\"application\/ld+json\" class=\"yoast-schema-graph\">{\"@context\":\"https:\\\/\\\/schema.org\",\"@graph\":[{\"@type\":\"WebPage\",\"@id\":\"https:\\\/\\\/www.sportshine.eu\\\/trgovina\\\/paket-kolesarskih-svetilk-gorc\\\/\",\"url\":\"https:\\\/\\\/www.sportshine.eu\\\/trgovina\\\/paket-kolesarskih-svetilk-gorc\\\/\",\"name\":\"Paket kolesarskih lu\u010di Gorc\",\"isPartOf\":{\"@id\":\"https:\\\/\\\/www.sportshine.eu\\\/#website\"},\"primaryImageOfPage\":{\"@id\":\"https:\\\/\\\/www.sportshine.eu\\\/trgovina\\\/paket-kolesarskih-svetilk-gorc\\\/#primaryimage\"},\"image\":{\"@id\":\"https:\\\/\\\/www.sportshine.eu\\\/trgovina\\\/paket-kolesarskih-svetilk-gorc\\\/#primaryimage\"},\"thumbnailUrl\":\"https:\\\/\\\/www.sportshine.eu\\\/wp-content\\\/uploads\\\/2025\\\/07\\\/PAKET-KOLESARSKIH-LUCI-gorc.webp\",\"datePublished\":\"2026-01-28T21:09:17+00:00\",\"dateModified\":\"2026-01-30T19:31:04+00:00\",\"description\":\"Zmogljiva sprednja lu\u010d za kolo in zadnja LED lu\u010d z vgrajeno litij-ionsko baterijo in vrhunsko svetilnostjo. Dolga \u017eivljenska doba kolesarski svetilk.\",\"breadcrumb\":{\"@id\":\"https:\\\/\\\/www.sportshine.eu\\\/trgovina\\\/paket-kolesarskih-svetilk-gorc\\\/#breadcrumb\"},\"inLanguage\":\"en-GB\",\"potentialAction\":[{\"@type\":\"ReadAction\",\"target\":[\"https:\\\/\\\/www.sportshine.eu\\\/trgovina\\\/paket-kolesarskih-svetilk-gorc\\\/\"]}]},{\"@type\":\"ImageObject\",\"inLanguage\":\"en-GB\",\"@id\":\"https:\\\/\\\/www.sportshine.eu\\\/trgovina\\\/paket-kolesarskih-svetilk-gorc\\\/#primaryimage\",\"url\":\"https:\\\/\\\/www.sportshine.eu\\\/wp-content\\\/uploads\\\/2025\\\/07\\\/PAKET-KOLESARSKIH-LUCI-gorc.webp\",\"contentUrl\":\"https:\\\/\\\/www.sportshine.eu\\\/wp-content\\\/uploads\\\/2025\\\/07\\\/PAKET-KOLESARSKIH-LUCI-gorc.webp\",\"width\":800,\"height\":800},{\"@type\":\"BreadcrumbList\",\"@id\":\"https:\\\/\\\/www.sportshine.eu\\\/trgovina\\\/paket-kolesarskih-svetilk-gorc\\\/#breadcrumb\",\"itemListElement\":[{\"@type\":\"ListItem\",\"position\":1,\"name\":\"Home\",\"item\":\"https:\\\/\\\/www.sportshine.eu\\\/\"},{\"@type\":\"ListItem\",\"position\":2,\"name\":\"Trgovina\",\"item\":\"https:\\\/\\\/www.sportshine.eu\\\/trgovina\\\/\"},{\"@type\":\"ListItem\",\"position\":3,\"name\":\"Paket kolesarskih svetilk GORC\"}]},{\"@type\":\"WebSite\",\"@id\":\"https:\\\/\\\/www.sportshine.eu\\\/#website\",\"url\":\"https:\\\/\\\/www.sportshine.eu\\\/\",\"name\":\"Sportshine\",\"description\":\"Top spletna trgovina kolesarskih in naglavnih svetilk ter opreme\",\"publisher\":{\"@id\":\"https:\\\/\\\/www.sportshine.eu\\\/#organization\"},\"potentialAction\":[{\"@type\":\"SearchAction\",\"target\":{\"@type\":\"EntryPoint\",\"urlTemplate\":\"https:\\\/\\\/www.sportshine.eu\\\/?s={search_term_string}\"},\"query-input\":{\"@type\":\"PropertyValueSpecification\",\"valueRequired\":true,\"valueName\":\"search_term_string\"}}],\"inLanguage\":\"en-GB\"},{\"@type\":\"Organization\",\"@id\":\"https:\\\/\\\/www.sportshine.eu\\\/#organization\",\"name\":\"Sportshine\",\"url\":\"https:\\\/\\\/www.sportshine.eu\\\/\",\"logo\":{\"@type\":\"ImageObject\",\"inLanguage\":\"en-GB\",\"@id\":\"https:\\\/\\\/www.sportshine.eu\\\/#\\\/schema\\\/logo\\\/image\\\/\",\"url\":\"https:\\\/\\\/www.sportshine.eu\\\/wp-content\\\/uploads\\\/2026\\\/01\\\/cropped-Sportshine.webp\",\"contentUrl\":\"https:\\\/\\\/www.sportshine.eu\\\/wp-content\\\/uploads\\\/2026\\\/01\\\/cropped-Sportshine.webp\",\"width\":295,\"height\":128,\"caption\":\"Sportshine\"},\"image\":{\"@id\":\"https:\\\/\\\/www.sportshine.eu\\\/#\\\/schema\\\/logo\\\/image\\\/\"},\"sameAs\":[\"https:\\\/\\\/www.facebook.com\\\/sportshine.eu\\\/\"]}]}<\/script>\n<!-- \/ Yoast SEO plugin. -->","yoast_head_json":{"title":"Gorc bicycle light package","description":"Powerful front bike light and rear LED light with built-in lithium-ion battery and superior brightness. Long lifespan of the bike light.","robots":{"index":"index","follow":"follow","max-snippet":"max-snippet:-1","max-image-preview":"max-image-preview:large","max-video-preview":"max-video-preview:-1"},"canonical":"https:\/\/www.sportshine.eu\/en\/shop\/mountain-bike-light-package\/","og_locale":"en_GB","og_type":"article","og_title":"Paket kolesarskih lu\u010di Gorc","og_description":"Zmogljiva sprednja lu\u010d za kolo in zadnja LED lu\u010d z vgrajeno litij-ionsko baterijo in vrhunsko svetilnostjo. Dolga \u017eivljenska doba kolesarski svetilk.","og_url":"https:\/\/www.sportshine.eu\/en\/shop\/mountain-bike-light-package\/","og_site_name":"Sportshine","article_publisher":"https:\/\/www.facebook.com\/sportshine.eu\/","article_modified_time":"2026-01-30T19:31:04+00:00","og_image":[{"width":800,"height":800,"url":"https:\/\/www.sportshine.eu\/wp-content\/uploads\/2025\/07\/PAKET-KOLESARSKIH-LUCI-gorc.webp","type":"image\/webp"}],"twitter_card":"summary_large_image","twitter_misc":{"Estimated reading time":"3 minutes"},"schema":{"@context":"https:\/\/schema.org","@graph":[{"@type":"WebPage","@id":"https:\/\/www.sportshine.eu\/trgovina\/paket-kolesarskih-svetilk-gorc\/","url":"https:\/\/www.sportshine.eu\/trgovina\/paket-kolesarskih-svetilk-gorc\/","name":"Gorc bicycle light package","isPartOf":{"@id":"https:\/\/www.sportshine.eu\/#website"},"primaryImageOfPage":{"@id":"https:\/\/www.sportshine.eu\/trgovina\/paket-kolesarskih-svetilk-gorc\/#primaryimage"},"image":{"@id":"https:\/\/www.sportshine.eu\/trgovina\/paket-kolesarskih-svetilk-gorc\/#primaryimage"},"thumbnailUrl":"https:\/\/www.sportshine.eu\/wp-content\/uploads\/2025\/07\/PAKET-KOLESARSKIH-LUCI-gorc.webp","datePublished":"2026-01-28T21:09:17+00:00","dateModified":"2026-01-30T19:31:04+00:00","description":"Powerful front bike light and rear LED light with built-in lithium-ion battery and superior brightness. Long lifespan of the bike light.","breadcrumb":{"@id":"https:\/\/www.sportshine.eu\/trgovina\/paket-kolesarskih-svetilk-gorc\/#breadcrumb"},"inLanguage":"en-GB","potentialAction":[{"@type":"ReadAction","target":["https:\/\/www.sportshine.eu\/trgovina\/paket-kolesarskih-svetilk-gorc\/"]}]},{"@type":"ImageObject","inLanguage":"en-GB","@id":"https:\/\/www.sportshine.eu\/trgovina\/paket-kolesarskih-svetilk-gorc\/#primaryimage","url":"https:\/\/www.sportshine.eu\/wp-content\/uploads\/2025\/07\/PAKET-KOLESARSKIH-LUCI-gorc.webp","contentUrl":"https:\/\/www.sportshine.eu\/wp-content\/uploads\/2025\/07\/PAKET-KOLESARSKIH-LUCI-gorc.webp","width":800,"height":800},{"@type":"BreadcrumbList","@id":"https:\/\/www.sportshine.eu\/trgovina\/paket-kolesarskih-svetilk-gorc\/#breadcrumb","itemListElement":[{"@type":"ListItem","position":1,"name":"Home","item":"https:\/\/www.sportshine.eu\/"},{"@type":"ListItem","position":2,"name":"Trgovina","item":"https:\/\/www.sportshine.eu\/trgovina\/"},{"@type":"ListItem","position":3,"name":"Paket kolesarskih svetilk GORC"}]},{"@type":"WebSite","@id":"https:\/\/www.sportshine.eu\/#website","url":"https:\/\/www.sportshine.eu\/","name":"Sportshine","description":"Top online store for cycling and head lamps and equipment","publisher":{"@id":"https:\/\/www.sportshine.eu\/#organization"},"potentialAction":[{"@type":"SearchAction","target":{"@type":"EntryPoint","urlTemplate":"https:\/\/www.sportshine.eu\/?s={search_term_string}"},"query-input":{"@type":"PropertyValueSpecification","valueRequired":true,"valueName":"search_term_string"}}],"inLanguage":"en-GB"},{"@type":"Organization","@id":"https:\/\/www.sportshine.eu\/#organization","name":"Sportshine","url":"https:\/\/www.sportshine.eu\/","logo":{"@type":"ImageObject","inLanguage":"en-GB","@id":"https:\/\/www.sportshine.eu\/#\/schema\/logo\/image\/","url":"https:\/\/www.sportshine.eu\/wp-content\/uploads\/2026\/01\/cropped-Sportshine.webp","contentUrl":"https:\/\/www.sportshine.eu\/wp-content\/uploads\/2026\/01\/cropped-Sportshine.webp","width":295,"height":128,"caption":"Sportshine"},"image":{"@id":"https:\/\/www.sportshine.eu\/#\/schema\/logo\/image\/"},"sameAs":["https:\/\/www.facebook.com\/sportshine.eu\/"]}]}},"_links":{"self":[{"href":"https:\/\/www.sportshine.eu\/en\/wp-json\/wp\/v2\/product\/6324","targetHints":{"allow":["GET"]}}],"collection":[{"href":"https:\/\/www.sportshine.eu\/en\/wp-json\/wp\/v2\/product"}],"about":[{"href":"https:\/\/www.sportshine.eu\/en\/wp-json\/wp\/v2\/types\/product"}],"replies":[{"embeddable":true,"href":"https:\/\/www.sportshine.eu\/en\/wp-json\/wp\/v2\/comments?post=6324"}],"version-history":[{"count":0,"href":"https:\/\/www.sportshine.eu\/en\/wp-json\/wp\/v2\/product\/6324\/revisions"}],"wp:featuredmedia":[{"embeddable":true,"href":"https:\/\/www.sportshine.eu\/en\/wp-json\/wp\/v2\/media\/5166"}],"wp:attachment":[{"href":"https:\/\/www.sportshine.eu\/en\/wp-json\/wp\/v2\/media?parent=6324"}],"wp:term":[{"taxonomy":"product_brand","embeddable":true,"href":"https:\/\/www.sportshine.eu\/en\/wp-json\/wp\/v2\/product_brand?post=6324"},{"taxonomy":"product_cat","embeddable":true,"href":"https:\/\/www.sportshine.eu\/en\/wp-json\/wp\/v2\/product_cat?post=6324"},{"taxonomy":"product_tag","embeddable":true,"href":"https:\/\/www.sportshine.eu\/en\/wp-json\/wp\/v2\/product_tag?post=6324"}],"curies":[{"name":"wp","href":"https:\/\/api.w.org\/{rel}","templated":true}]}}