{"id":6321,"date":"2026-01-28T21:09:14","date_gmt":"2026-01-28T21:09:14","guid":{"rendered":"https:\/\/www.sportshine.eu\/?post_type=product&#038;p=6321"},"modified":"2026-01-30T19:30:48","modified_gmt":"2026-01-30T19:30:48","slug":"rear-bicycle-light-led-gaciron-w03","status":"publish","type":"product","link":"https:\/\/www.sportshine.eu\/en\/shop\/rear-bicycle-light-led-gaciron-w03\/","title":{"rendered":"Gaciron W03 LED rear bicycle light"},"content":{"rendered":"<p style=\"text-align: center;\"><strong>Brand new<\/strong> rear bicycle light <strong>Gaciron W03<\/strong> will impress you with its built-in braking sensor and additional green laser light for even better visibility of the cyclist. The rear bicycle light has a built-in high-quality <strong>accelerometer<\/strong>, which allows it to detect braking very well and automatically illuminate for 3 seconds at full power.<\/p>\n<p>&nbsp;<\/p>\n<p><iframe loading=\"lazy\" title=\"Gaciron W03\" width=\"500\" height=\"281\" src=\"https:\/\/www.youtube.com\/embed\/QYwUbQCSm2A?feature=oembed\" frameborder=\"0\" allow=\"accelerometer; autoplay; clipboard-write; encrypted-media; gyroscope; picture-in-picture; web-share\" referrerpolicy=\"strict-origin-when-cross-origin\" allowfullscreen><\/iframe><\/p>\n<p>&nbsp;<\/p>\n<p style=\"text-align: center;\"><strong> Braking function<\/strong> and the laser beam can be additionally switched on or off. Extremely compact design, the built-in magnet additionally ensures that the lamp is firmly in place. The bracket is also adapted for aero seats. The bicycle light has the option of manual or <strong>smart operation<\/strong>, which can be set on the lamp. In smart mode, it adjusts the light intensity based on the ambient light and turns off automatically if the cyclist is standing still. It has six operating modes and is charged via <strong>USB-C<\/strong> charging cable that comes with the lamp. Charging time is 4 hours. It is waterproof according to <strong>IPX6 standard.<\/strong><\/p>","protected":false},"excerpt":{"rendered":"<p>Powerful rear bicycle light with magnetic fastening, built-in powerful lithium-ion battery and light output of up to 30 lumens.<\/p>\n<ul>\n<li>USB-C charging<\/li>\n<li>IPX6 standard<\/li>\n<li>visibility 1000 meters<\/li>\n<\/ul>\n<p>&nbsp;<\/p>","protected":false},"featured_media":5149,"comment_status":"closed","ping_status":"closed","template":"","meta":[],"product_brand":[132],"product_cat":[86],"product_tag":[],"class_list":{"0":"post-6321","1":"product","2":"type-product","3":"status-publish","4":"has-post-thumbnail","6":"product_brand-gaciron","7":"product_cat-zadnje-kolesarske-luci","8":"product_shipping_class-stroski-dostave","10":"first","11":"instock","12":"taxable","13":"shipping-taxable","14":"purchasable","15":"product-type-simple"},"yoast_head":"<!-- This site is optimized with the Yoast SEO plugin v27.3 - https:\/\/yoast.com\/product\/yoast-seo-wordpress\/ -->\n<title>Zadnja kolesarska svetilka Gaciron W03<\/title>\n<meta name=\"description\" content=\"Zadnja kolesarska svetilka, 6 stopenj delovanja, vklju\u010den senzor zaviranja in laserski \u017earek za ve\u010djo vidljivost. Vgrajena zmogljiva baterija.\" \/>\n<meta name=\"robots\" content=\"index, follow, max-snippet:-1, max-image-preview:large, max-video-preview:-1\" \/>\n<link rel=\"canonical\" href=\"https:\/\/www.sportshine.eu\/en\/shop\/rear-bicycle-light-led-gaciron-w03\/\" \/>\n<meta property=\"og:locale\" content=\"en_GB\" \/>\n<meta property=\"og:type\" content=\"article\" \/>\n<meta property=\"og:title\" content=\"Zadnja kolesarska svetilka Gaciron W03\" \/>\n<meta property=\"og:description\" content=\"Zadnja kolesarska svetilka, 6 stopenj delovanja, vklju\u010den senzor zaviranja in laserski \u017earek za ve\u010djo vidljivost. Vgrajena zmogljiva baterija.\" \/>\n<meta property=\"og:url\" content=\"https:\/\/www.sportshine.eu\/en\/shop\/rear-bicycle-light-led-gaciron-w03\/\" \/>\n<meta property=\"og:site_name\" content=\"Sportshine\" \/>\n<meta property=\"article:publisher\" content=\"https:\/\/www.facebook.com\/sportshine.eu\/\" \/>\n<meta property=\"article:modified_time\" content=\"2026-01-30T19:30:48+00:00\" \/>\n<meta property=\"og:image\" content=\"https:\/\/www.sportshine.eu\/wp-content\/uploads\/2025\/07\/Gaciron-w03.webp\" \/>\n\t<meta property=\"og:image:width\" content=\"800\" \/>\n\t<meta property=\"og:image:height\" content=\"800\" \/>\n\t<meta property=\"og:image:type\" content=\"image\/webp\" \/>\n<meta name=\"twitter:card\" content=\"summary_large_image\" \/>\n<meta name=\"twitter:label1\" content=\"Estimated reading time\" \/>\n\t<meta name=\"twitter:data1\" content=\"2 minutes\" \/>\n<script type=\"application\/ld+json\" class=\"yoast-schema-graph\">{\"@context\":\"https:\\\/\\\/schema.org\",\"@graph\":[{\"@type\":\"WebPage\",\"@id\":\"https:\\\/\\\/www.sportshine.eu\\\/trgovina\\\/zadnja-kolesarska-svetilka-led-gaciron-w03\\\/\",\"url\":\"https:\\\/\\\/www.sportshine.eu\\\/trgovina\\\/zadnja-kolesarska-svetilka-led-gaciron-w03\\\/\",\"name\":\"Zadnja kolesarska svetilka Gaciron W03\",\"isPartOf\":{\"@id\":\"https:\\\/\\\/www.sportshine.eu\\\/#website\"},\"primaryImageOfPage\":{\"@id\":\"https:\\\/\\\/www.sportshine.eu\\\/trgovina\\\/zadnja-kolesarska-svetilka-led-gaciron-w03\\\/#primaryimage\"},\"image\":{\"@id\":\"https:\\\/\\\/www.sportshine.eu\\\/trgovina\\\/zadnja-kolesarska-svetilka-led-gaciron-w03\\\/#primaryimage\"},\"thumbnailUrl\":\"https:\\\/\\\/www.sportshine.eu\\\/wp-content\\\/uploads\\\/2025\\\/07\\\/Gaciron-w03.webp\",\"datePublished\":\"2026-01-28T21:09:14+00:00\",\"dateModified\":\"2026-01-30T19:30:48+00:00\",\"description\":\"Zadnja kolesarska svetilka, 6 stopenj delovanja, vklju\u010den senzor zaviranja in laserski \u017earek za ve\u010djo vidljivost. Vgrajena zmogljiva baterija.\",\"breadcrumb\":{\"@id\":\"https:\\\/\\\/www.sportshine.eu\\\/trgovina\\\/zadnja-kolesarska-svetilka-led-gaciron-w03\\\/#breadcrumb\"},\"inLanguage\":\"en-GB\",\"potentialAction\":[{\"@type\":\"ReadAction\",\"target\":[\"https:\\\/\\\/www.sportshine.eu\\\/trgovina\\\/zadnja-kolesarska-svetilka-led-gaciron-w03\\\/\"]}]},{\"@type\":\"ImageObject\",\"inLanguage\":\"en-GB\",\"@id\":\"https:\\\/\\\/www.sportshine.eu\\\/trgovina\\\/zadnja-kolesarska-svetilka-led-gaciron-w03\\\/#primaryimage\",\"url\":\"https:\\\/\\\/www.sportshine.eu\\\/wp-content\\\/uploads\\\/2025\\\/07\\\/Gaciron-w03.webp\",\"contentUrl\":\"https:\\\/\\\/www.sportshine.eu\\\/wp-content\\\/uploads\\\/2025\\\/07\\\/Gaciron-w03.webp\",\"width\":800,\"height\":800},{\"@type\":\"BreadcrumbList\",\"@id\":\"https:\\\/\\\/www.sportshine.eu\\\/trgovina\\\/zadnja-kolesarska-svetilka-led-gaciron-w03\\\/#breadcrumb\",\"itemListElement\":[{\"@type\":\"ListItem\",\"position\":1,\"name\":\"Home\",\"item\":\"https:\\\/\\\/www.sportshine.eu\\\/\"},{\"@type\":\"ListItem\",\"position\":2,\"name\":\"Trgovina\",\"item\":\"https:\\\/\\\/www.sportshine.eu\\\/trgovina\\\/\"},{\"@type\":\"ListItem\",\"position\":3,\"name\":\"Zadnja kolesarska svetilka LED Gaciron W03\"}]},{\"@type\":\"WebSite\",\"@id\":\"https:\\\/\\\/www.sportshine.eu\\\/#website\",\"url\":\"https:\\\/\\\/www.sportshine.eu\\\/\",\"name\":\"Sportshine\",\"description\":\"Top spletna trgovina kolesarskih in naglavnih svetilk ter opreme\",\"publisher\":{\"@id\":\"https:\\\/\\\/www.sportshine.eu\\\/#organization\"},\"potentialAction\":[{\"@type\":\"SearchAction\",\"target\":{\"@type\":\"EntryPoint\",\"urlTemplate\":\"https:\\\/\\\/www.sportshine.eu\\\/?s={search_term_string}\"},\"query-input\":{\"@type\":\"PropertyValueSpecification\",\"valueRequired\":true,\"valueName\":\"search_term_string\"}}],\"inLanguage\":\"en-GB\"},{\"@type\":\"Organization\",\"@id\":\"https:\\\/\\\/www.sportshine.eu\\\/#organization\",\"name\":\"Sportshine\",\"url\":\"https:\\\/\\\/www.sportshine.eu\\\/\",\"logo\":{\"@type\":\"ImageObject\",\"inLanguage\":\"en-GB\",\"@id\":\"https:\\\/\\\/www.sportshine.eu\\\/#\\\/schema\\\/logo\\\/image\\\/\",\"url\":\"https:\\\/\\\/www.sportshine.eu\\\/wp-content\\\/uploads\\\/2026\\\/01\\\/cropped-Sportshine.webp\",\"contentUrl\":\"https:\\\/\\\/www.sportshine.eu\\\/wp-content\\\/uploads\\\/2026\\\/01\\\/cropped-Sportshine.webp\",\"width\":295,\"height\":128,\"caption\":\"Sportshine\"},\"image\":{\"@id\":\"https:\\\/\\\/www.sportshine.eu\\\/#\\\/schema\\\/logo\\\/image\\\/\"},\"sameAs\":[\"https:\\\/\\\/www.facebook.com\\\/sportshine.eu\\\/\"]}]}<\/script>\n<!-- \/ Yoast SEO plugin. -->","yoast_head_json":{"title":"Gaciron W03 rear bicycle light","description":"Rear bicycle light, 6 operating levels, integrated braking sensor and laser beam for increased visibility. Built-in powerful battery.","robots":{"index":"index","follow":"follow","max-snippet":"max-snippet:-1","max-image-preview":"max-image-preview:large","max-video-preview":"max-video-preview:-1"},"canonical":"https:\/\/www.sportshine.eu\/en\/shop\/rear-bicycle-light-led-gaciron-w03\/","og_locale":"en_GB","og_type":"article","og_title":"Zadnja kolesarska svetilka Gaciron W03","og_description":"Zadnja kolesarska svetilka, 6 stopenj delovanja, vklju\u010den senzor zaviranja in laserski \u017earek za ve\u010djo vidljivost. Vgrajena zmogljiva baterija.","og_url":"https:\/\/www.sportshine.eu\/en\/shop\/rear-bicycle-light-led-gaciron-w03\/","og_site_name":"Sportshine","article_publisher":"https:\/\/www.facebook.com\/sportshine.eu\/","article_modified_time":"2026-01-30T19:30:48+00:00","og_image":[{"width":800,"height":800,"url":"https:\/\/www.sportshine.eu\/wp-content\/uploads\/2025\/07\/Gaciron-w03.webp","type":"image\/webp"}],"twitter_card":"summary_large_image","twitter_misc":{"Estimated reading time":"2 minutes"},"schema":{"@context":"https:\/\/schema.org","@graph":[{"@type":"WebPage","@id":"https:\/\/www.sportshine.eu\/trgovina\/zadnja-kolesarska-svetilka-led-gaciron-w03\/","url":"https:\/\/www.sportshine.eu\/trgovina\/zadnja-kolesarska-svetilka-led-gaciron-w03\/","name":"Gaciron W03 rear bicycle light","isPartOf":{"@id":"https:\/\/www.sportshine.eu\/#website"},"primaryImageOfPage":{"@id":"https:\/\/www.sportshine.eu\/trgovina\/zadnja-kolesarska-svetilka-led-gaciron-w03\/#primaryimage"},"image":{"@id":"https:\/\/www.sportshine.eu\/trgovina\/zadnja-kolesarska-svetilka-led-gaciron-w03\/#primaryimage"},"thumbnailUrl":"https:\/\/www.sportshine.eu\/wp-content\/uploads\/2025\/07\/Gaciron-w03.webp","datePublished":"2026-01-28T21:09:14+00:00","dateModified":"2026-01-30T19:30:48+00:00","description":"Rear bicycle light, 6 operating levels, integrated braking sensor and laser beam for increased visibility. Built-in powerful battery.","breadcrumb":{"@id":"https:\/\/www.sportshine.eu\/trgovina\/zadnja-kolesarska-svetilka-led-gaciron-w03\/#breadcrumb"},"inLanguage":"en-GB","potentialAction":[{"@type":"ReadAction","target":["https:\/\/www.sportshine.eu\/trgovina\/zadnja-kolesarska-svetilka-led-gaciron-w03\/"]}]},{"@type":"ImageObject","inLanguage":"en-GB","@id":"https:\/\/www.sportshine.eu\/trgovina\/zadnja-kolesarska-svetilka-led-gaciron-w03\/#primaryimage","url":"https:\/\/www.sportshine.eu\/wp-content\/uploads\/2025\/07\/Gaciron-w03.webp","contentUrl":"https:\/\/www.sportshine.eu\/wp-content\/uploads\/2025\/07\/Gaciron-w03.webp","width":800,"height":800},{"@type":"BreadcrumbList","@id":"https:\/\/www.sportshine.eu\/trgovina\/zadnja-kolesarska-svetilka-led-gaciron-w03\/#breadcrumb","itemListElement":[{"@type":"ListItem","position":1,"name":"Home","item":"https:\/\/www.sportshine.eu\/"},{"@type":"ListItem","position":2,"name":"Trgovina","item":"https:\/\/www.sportshine.eu\/trgovina\/"},{"@type":"ListItem","position":3,"name":"Zadnja kolesarska svetilka LED Gaciron W03"}]},{"@type":"WebSite","@id":"https:\/\/www.sportshine.eu\/#website","url":"https:\/\/www.sportshine.eu\/","name":"Sportshine","description":"Top online store for cycling and head lamps and equipment","publisher":{"@id":"https:\/\/www.sportshine.eu\/#organization"},"potentialAction":[{"@type":"SearchAction","target":{"@type":"EntryPoint","urlTemplate":"https:\/\/www.sportshine.eu\/?s={search_term_string}"},"query-input":{"@type":"PropertyValueSpecification","valueRequired":true,"valueName":"search_term_string"}}],"inLanguage":"en-GB"},{"@type":"Organization","@id":"https:\/\/www.sportshine.eu\/#organization","name":"Sportshine","url":"https:\/\/www.sportshine.eu\/","logo":{"@type":"ImageObject","inLanguage":"en-GB","@id":"https:\/\/www.sportshine.eu\/#\/schema\/logo\/image\/","url":"https:\/\/www.sportshine.eu\/wp-content\/uploads\/2026\/01\/cropped-Sportshine.webp","contentUrl":"https:\/\/www.sportshine.eu\/wp-content\/uploads\/2026\/01\/cropped-Sportshine.webp","width":295,"height":128,"caption":"Sportshine"},"image":{"@id":"https:\/\/www.sportshine.eu\/#\/schema\/logo\/image\/"},"sameAs":["https:\/\/www.facebook.com\/sportshine.eu\/"]}]}},"_links":{"self":[{"href":"https:\/\/www.sportshine.eu\/en\/wp-json\/wp\/v2\/product\/6321","targetHints":{"allow":["GET"]}}],"collection":[{"href":"https:\/\/www.sportshine.eu\/en\/wp-json\/wp\/v2\/product"}],"about":[{"href":"https:\/\/www.sportshine.eu\/en\/wp-json\/wp\/v2\/types\/product"}],"replies":[{"embeddable":true,"href":"https:\/\/www.sportshine.eu\/en\/wp-json\/wp\/v2\/comments?post=6321"}],"version-history":[{"count":0,"href":"https:\/\/www.sportshine.eu\/en\/wp-json\/wp\/v2\/product\/6321\/revisions"}],"wp:featuredmedia":[{"embeddable":true,"href":"https:\/\/www.sportshine.eu\/en\/wp-json\/wp\/v2\/media\/5149"}],"wp:attachment":[{"href":"https:\/\/www.sportshine.eu\/en\/wp-json\/wp\/v2\/media?parent=6321"}],"wp:term":[{"taxonomy":"product_brand","embeddable":true,"href":"https:\/\/www.sportshine.eu\/en\/wp-json\/wp\/v2\/product_brand?post=6321"},{"taxonomy":"product_cat","embeddable":true,"href":"https:\/\/www.sportshine.eu\/en\/wp-json\/wp\/v2\/product_cat?post=6321"},{"taxonomy":"product_tag","embeddable":true,"href":"https:\/\/www.sportshine.eu\/en\/wp-json\/wp\/v2\/product_tag?post=6321"}],"curies":[{"name":"wp","href":"https:\/\/api.w.org\/{rel}","templated":true}]}}