{"id":6319,"date":"2026-01-28T21:09:12","date_gmt":"2026-01-28T21:09:12","guid":{"rendered":"https:\/\/www.sportshine.eu\/?post_type=product&#038;p=6319"},"modified":"2026-01-30T19:30:33","modified_gmt":"2026-01-30T19:30:33","slug":"bicycle-light-with-horn-gaciron-v18","status":"publish","type":"product","link":"https:\/\/www.sportshine.eu\/en\/shop\/bicycle-light-with-horn-gaciron-v18\/","title":{"rendered":"Bicycle light with horn Gaciron V18"},"content":{"rendered":"<h3 style=\"text-align: center;\">GREAT CITY CYCLE LIGHT WITH HORN<\/h3>\n<p style=\"text-align: center;\">The 200 lumen bike light is ideal for use in city centers. It is powerful enough to illuminate the path without blinding other people.<\/p>\n<p>&nbsp;<\/p>\n<p><img decoding=\"async\" class=\"aligncenter wp-image-5144\" src=\"https:\/\/www.sportshine.eu\/wp-content\/uploads\/2025\/07\/218e9b8d60e5af1c06e1ebeb3134e7aa.jpg\" alt=\"\" width=\"800\" height=\"800\" srcset=\"https:\/\/www.sportshine.eu\/wp-content\/uploads\/2025\/07\/218e9b8d60e5af1c06e1ebeb3134e7aa-768x768.jpg 768w, https:\/\/www.sportshine.eu\/wp-content\/uploads\/2025\/07\/218e9b8d60e5af1c06e1ebeb3134e7aa-600x600.jpg 600w\" sizes=\"(max-width: 800px) 100vw, 800px\" \/><\/p>\n<h3 style=\"text-align: center;\">BUILT-IN 120 dB CYCLE HORN<\/h3>\n<p style=\"text-align: center;\">Despite its small size, the Gaciron V18 bicycle light reaches 120 dB. The sound can be adjusted with five different intensity modes.<\/p>\n<p><img decoding=\"async\" class=\"aligncenter wp-image-5145 size-full\" src=\"https:\/\/www.sportshine.eu\/wp-content\/uploads\/2025\/07\/Gaciron-V18.webp\" alt=\"\" width=\"800\" height=\"800\" srcset=\"https:\/\/www.sportshine.eu\/wp-content\/uploads\/2025\/07\/Gaciron-V18.webp 800w, https:\/\/www.sportshine.eu\/wp-content\/uploads\/2025\/07\/Gaciron-V18-768x768.webp 768w, https:\/\/www.sportshine.eu\/wp-content\/uploads\/2025\/07\/Gaciron-V18-600x600.webp 600w\" sizes=\"(max-width: 800px) 100vw, 800px\" \/><\/p>\n<h3 style=\"text-align: center;\">4 MODES OF OPERATION<\/h3>\n<p style=\"text-align: center;\">A long press on the switch turns the light on and off, while a short press toggles between 4 modes. At the highest setting, the lamp stays on continuously for 2 hours and 30 minutes.<\/p>\n<p><img decoding=\"async\" class=\"aligncenter wp-image-5142 size-full\" src=\"https:\/\/www.sportshine.eu\/wp-content\/uploads\/2025\/07\/Luc-za-kolo.jpg\" alt=\"\" width=\"800\" height=\"800\" srcset=\"https:\/\/www.sportshine.eu\/wp-content\/uploads\/2025\/07\/Luc-za-kolo.jpg 800w, https:\/\/www.sportshine.eu\/wp-content\/uploads\/2025\/07\/Luc-za-kolo-768x768.jpg 768w, https:\/\/www.sportshine.eu\/wp-content\/uploads\/2025\/07\/Luc-za-kolo-600x600.jpg 600w\" sizes=\"(max-width: 800px) 100vw, 800px\" \/><\/p>\n<h3 style=\"text-align: center;\">CHOOSE YOUR HORN MODE<\/h3>\n<p style=\"text-align: center;\">The Gaciron V18 is equipped with 4 horn modes. With a simple button on the flashlight, you can choose your favorite sound. It is also possible to adjust the horn volume.<\/p>\n<p><img decoding=\"async\" class=\"aligncenter wp-image-7698\" src=\"https:\/\/www.sportshine.eu\/wp-content\/uploads\/2025\/07\/varno-na-cesti.webp\" alt=\"\" width=\"800\" height=\"903\" \/><\/p>\n<h3 style=\"text-align: center;\">INCLUDED ADAPTER FOR LIGHT CONTROL<\/h3>\n<p style=\"text-align: center;\">The package includes an adapter for controlling the lamp, so you can change the operating levels completely safely.<\/p>\n<p><img decoding=\"async\" class=\"aligncenter wp-image-7697\" src=\"https:\/\/www.sportshine.eu\/wp-content\/uploads\/2025\/07\/Gaciron-v18-1.webp\" alt=\"\" width=\"800\" height=\"1435\" srcset=\"https:\/\/www.sportshine.eu\/wp-content\/uploads\/2025\/07\/Gaciron-v18-1.webp 790w, https:\/\/www.sportshine.eu\/wp-content\/uploads\/2025\/07\/Gaciron-v18-1-768x1378.webp 768w, https:\/\/www.sportshine.eu\/wp-content\/uploads\/2025\/07\/Gaciron-v18-1-600x1076.webp 600w\" sizes=\"(max-width: 800px) 100vw, 800px\" \/><\/p>\n<h3 style=\"text-align: center;\">YOU WILL RECEIVE IN THE PACKAGE<\/h3>\n<p><img decoding=\"async\" class=\"aligncenter wp-image-7696\" src=\"https:\/\/www.sportshine.eu\/wp-content\/uploads\/2025\/07\/Kolesarska-luc-Gaciron-V18.webp\" alt=\"\" width=\"800\" height=\"1161\" \/><\/p>\n<h3 style=\"text-align: center;\">WATERPROOF ACCORDING TO IPX6 STANDARD<\/h3>\n<p><img decoding=\"async\" class=\"aligncenter wp-image-5143 size-full\" src=\"https:\/\/www.sportshine.eu\/wp-content\/uploads\/2025\/07\/44170cf5d8713a13f9a444fb87030e18.jpg\" alt=\"\" width=\"800\" height=\"800\" srcset=\"https:\/\/www.sportshine.eu\/wp-content\/uploads\/2025\/07\/44170cf5d8713a13f9a444fb87030e18.jpg 800w, https:\/\/www.sportshine.eu\/wp-content\/uploads\/2025\/07\/44170cf5d8713a13f9a444fb87030e18-768x768.jpg 768w, https:\/\/www.sportshine.eu\/wp-content\/uploads\/2025\/07\/44170cf5d8713a13f9a444fb87030e18-600x600.jpg 600w\" sizes=\"(max-width: 800px) 100vw, 800px\" \/><\/p>","protected":false},"excerpt":{"rendered":"<p>We offer you an exceptional bicycle light that will definitely attract your attention - the Gaciron V18 front bicycle light with horn! This light is simply ideal for urban environments and is especially popular among the youngest cyclists. We guarantee that with this light you will easily warn other passers-by when riding around the city, as just one press of the button activates a loud horn that will immediately warn them to move to safety. This increases your safety and avoids potential dangers on the road.<\/p>","protected":false},"featured_media":5142,"comment_status":"open","ping_status":"closed","template":"","meta":[],"product_brand":[132],"product_cat":[82,150],"product_tag":[],"class_list":{"0":"post-6319","1":"product","2":"type-product","3":"status-publish","4":"has-post-thumbnail","6":"product_brand-gaciron","7":"product_cat-kolesarske-luci","8":"product_cat-sprednje-kolesarske-luci","10":"first","11":"onbackorder","12":"taxable","13":"shipping-taxable","14":"purchasable","15":"product-type-simple"},"yoast_head":"<!-- This site is optimized with the Yoast SEO plugin v27.3 - https:\/\/yoast.com\/product\/yoast-seo-wordpress\/ -->\n<title>Kolesarska lu\u010d s hupo Gaciron V18 - Hey Monkey<\/title>\n<meta name=\"description\" content=\"Kolesarska lu\u010d s hupo z mo\u010djo 200 lumnov in delovanjem do 15 ur. Vodoodporna po standardu IPX6. Kvalitetno izdelana in z ve\u010d stopnjami delovanja.\" \/>\n<meta name=\"robots\" content=\"index, follow, max-snippet:-1, max-image-preview:large, max-video-preview:-1\" \/>\n<link rel=\"canonical\" href=\"https:\/\/www.sportshine.eu\/en\/shop\/bicycle-light-with-horn-gaciron-v18\/\" \/>\n<meta property=\"og:locale\" content=\"en_GB\" \/>\n<meta property=\"og:type\" content=\"article\" \/>\n<meta property=\"og:title\" content=\"Kolesarska lu\u010d s hupo Gaciron V18 - Hey Monkey\" \/>\n<meta property=\"og:description\" content=\"Kolesarska lu\u010d s hupo z mo\u010djo 200 lumnov in delovanjem do 15 ur. Vodoodporna po standardu IPX6. Kvalitetno izdelana in z ve\u010d stopnjami delovanja.\" \/>\n<meta property=\"og:url\" content=\"https:\/\/www.sportshine.eu\/en\/shop\/bicycle-light-with-horn-gaciron-v18\/\" \/>\n<meta property=\"og:site_name\" content=\"Sportshine\" \/>\n<meta property=\"article:publisher\" content=\"https:\/\/www.facebook.com\/sportshine.eu\/\" \/>\n<meta property=\"article:modified_time\" content=\"2026-01-30T19:30:33+00:00\" \/>\n<meta property=\"og:image\" content=\"https:\/\/www.sportshine.eu\/wp-content\/uploads\/2025\/07\/Luc-za-kolo.jpg\" \/>\n\t<meta property=\"og:image:width\" content=\"800\" \/>\n\t<meta property=\"og:image:height\" content=\"800\" \/>\n\t<meta property=\"og:image:type\" content=\"image\/jpeg\" \/>\n<meta name=\"twitter:card\" content=\"summary_large_image\" \/>\n<meta name=\"twitter:label1\" content=\"Estimated reading time\" \/>\n\t<meta name=\"twitter:data1\" content=\"3 minutes\" \/>\n<script type=\"application\/ld+json\" class=\"yoast-schema-graph\">{\"@context\":\"https:\\\/\\\/schema.org\",\"@graph\":[{\"@type\":\"WebPage\",\"@id\":\"https:\\\/\\\/www.sportshine.eu\\\/trgovina\\\/kolesarska-luc-s-hupo-gaciron-v18\\\/\",\"url\":\"https:\\\/\\\/www.sportshine.eu\\\/trgovina\\\/kolesarska-luc-s-hupo-gaciron-v18\\\/\",\"name\":\"Kolesarska lu\u010d s hupo Gaciron V18 - Hey Monkey\",\"isPartOf\":{\"@id\":\"https:\\\/\\\/www.sportshine.eu\\\/#website\"},\"primaryImageOfPage\":{\"@id\":\"https:\\\/\\\/www.sportshine.eu\\\/trgovina\\\/kolesarska-luc-s-hupo-gaciron-v18\\\/#primaryimage\"},\"image\":{\"@id\":\"https:\\\/\\\/www.sportshine.eu\\\/trgovina\\\/kolesarska-luc-s-hupo-gaciron-v18\\\/#primaryimage\"},\"thumbnailUrl\":\"https:\\\/\\\/www.sportshine.eu\\\/wp-content\\\/uploads\\\/2025\\\/07\\\/Luc-za-kolo.jpg\",\"datePublished\":\"2026-01-28T21:09:12+00:00\",\"dateModified\":\"2026-01-30T19:30:33+00:00\",\"description\":\"Kolesarska lu\u010d s hupo z mo\u010djo 200 lumnov in delovanjem do 15 ur. Vodoodporna po standardu IPX6. Kvalitetno izdelana in z ve\u010d stopnjami delovanja.\",\"breadcrumb\":{\"@id\":\"https:\\\/\\\/www.sportshine.eu\\\/trgovina\\\/kolesarska-luc-s-hupo-gaciron-v18\\\/#breadcrumb\"},\"inLanguage\":\"en-GB\",\"potentialAction\":[{\"@type\":\"ReadAction\",\"target\":[\"https:\\\/\\\/www.sportshine.eu\\\/trgovina\\\/kolesarska-luc-s-hupo-gaciron-v18\\\/\"]}]},{\"@type\":\"ImageObject\",\"inLanguage\":\"en-GB\",\"@id\":\"https:\\\/\\\/www.sportshine.eu\\\/trgovina\\\/kolesarska-luc-s-hupo-gaciron-v18\\\/#primaryimage\",\"url\":\"https:\\\/\\\/www.sportshine.eu\\\/wp-content\\\/uploads\\\/2025\\\/07\\\/Luc-za-kolo.jpg\",\"contentUrl\":\"https:\\\/\\\/www.sportshine.eu\\\/wp-content\\\/uploads\\\/2025\\\/07\\\/Luc-za-kolo.jpg\",\"width\":800,\"height\":800},{\"@type\":\"BreadcrumbList\",\"@id\":\"https:\\\/\\\/www.sportshine.eu\\\/trgovina\\\/kolesarska-luc-s-hupo-gaciron-v18\\\/#breadcrumb\",\"itemListElement\":[{\"@type\":\"ListItem\",\"position\":1,\"name\":\"Home\",\"item\":\"https:\\\/\\\/www.sportshine.eu\\\/\"},{\"@type\":\"ListItem\",\"position\":2,\"name\":\"Trgovina\",\"item\":\"https:\\\/\\\/www.sportshine.eu\\\/trgovina\\\/\"},{\"@type\":\"ListItem\",\"position\":3,\"name\":\"Kolesarska lu\u010d s hupo Gaciron V18\"}]},{\"@type\":\"WebSite\",\"@id\":\"https:\\\/\\\/www.sportshine.eu\\\/#website\",\"url\":\"https:\\\/\\\/www.sportshine.eu\\\/\",\"name\":\"Sportshine\",\"description\":\"Top spletna trgovina kolesarskih in naglavnih svetilk ter opreme\",\"publisher\":{\"@id\":\"https:\\\/\\\/www.sportshine.eu\\\/#organization\"},\"potentialAction\":[{\"@type\":\"SearchAction\",\"target\":{\"@type\":\"EntryPoint\",\"urlTemplate\":\"https:\\\/\\\/www.sportshine.eu\\\/?s={search_term_string}\"},\"query-input\":{\"@type\":\"PropertyValueSpecification\",\"valueRequired\":true,\"valueName\":\"search_term_string\"}}],\"inLanguage\":\"en-GB\"},{\"@type\":\"Organization\",\"@id\":\"https:\\\/\\\/www.sportshine.eu\\\/#organization\",\"name\":\"Sportshine\",\"url\":\"https:\\\/\\\/www.sportshine.eu\\\/\",\"logo\":{\"@type\":\"ImageObject\",\"inLanguage\":\"en-GB\",\"@id\":\"https:\\\/\\\/www.sportshine.eu\\\/#\\\/schema\\\/logo\\\/image\\\/\",\"url\":\"https:\\\/\\\/www.sportshine.eu\\\/wp-content\\\/uploads\\\/2026\\\/01\\\/cropped-Sportshine.webp\",\"contentUrl\":\"https:\\\/\\\/www.sportshine.eu\\\/wp-content\\\/uploads\\\/2026\\\/01\\\/cropped-Sportshine.webp\",\"width\":295,\"height\":128,\"caption\":\"Sportshine\"},\"image\":{\"@id\":\"https:\\\/\\\/www.sportshine.eu\\\/#\\\/schema\\\/logo\\\/image\\\/\"},\"sameAs\":[\"https:\\\/\\\/www.facebook.com\\\/sportshine.eu\\\/\"]}]}<\/script>\n<!-- \/ Yoast SEO plugin. -->","yoast_head_json":{"title":"Bicycle light with horn Gaciron V18 - Hey Monkey","description":"Bike light with horn with 200 lumens and up to 15 hours of operation. Waterproof to IPX6 standard. High-quality construction and multiple operating levels.","robots":{"index":"index","follow":"follow","max-snippet":"max-snippet:-1","max-image-preview":"max-image-preview:large","max-video-preview":"max-video-preview:-1"},"canonical":"https:\/\/www.sportshine.eu\/en\/shop\/bicycle-light-with-horn-gaciron-v18\/","og_locale":"en_GB","og_type":"article","og_title":"Kolesarska lu\u010d s hupo Gaciron V18 - Hey Monkey","og_description":"Kolesarska lu\u010d s hupo z mo\u010djo 200 lumnov in delovanjem do 15 ur. Vodoodporna po standardu IPX6. Kvalitetno izdelana in z ve\u010d stopnjami delovanja.","og_url":"https:\/\/www.sportshine.eu\/en\/shop\/bicycle-light-with-horn-gaciron-v18\/","og_site_name":"Sportshine","article_publisher":"https:\/\/www.facebook.com\/sportshine.eu\/","article_modified_time":"2026-01-30T19:30:33+00:00","og_image":[{"width":800,"height":800,"url":"https:\/\/www.sportshine.eu\/wp-content\/uploads\/2025\/07\/Luc-za-kolo.jpg","type":"image\/jpeg"}],"twitter_card":"summary_large_image","twitter_misc":{"Estimated reading time":"3 minutes"},"schema":{"@context":"https:\/\/schema.org","@graph":[{"@type":"WebPage","@id":"https:\/\/www.sportshine.eu\/trgovina\/kolesarska-luc-s-hupo-gaciron-v18\/","url":"https:\/\/www.sportshine.eu\/trgovina\/kolesarska-luc-s-hupo-gaciron-v18\/","name":"Bicycle light with horn Gaciron V18 - Hey Monkey","isPartOf":{"@id":"https:\/\/www.sportshine.eu\/#website"},"primaryImageOfPage":{"@id":"https:\/\/www.sportshine.eu\/trgovina\/kolesarska-luc-s-hupo-gaciron-v18\/#primaryimage"},"image":{"@id":"https:\/\/www.sportshine.eu\/trgovina\/kolesarska-luc-s-hupo-gaciron-v18\/#primaryimage"},"thumbnailUrl":"https:\/\/www.sportshine.eu\/wp-content\/uploads\/2025\/07\/Luc-za-kolo.jpg","datePublished":"2026-01-28T21:09:12+00:00","dateModified":"2026-01-30T19:30:33+00:00","description":"Bike light with horn with 200 lumens and up to 15 hours of operation. Waterproof to IPX6 standard. High-quality construction and multiple operating levels.","breadcrumb":{"@id":"https:\/\/www.sportshine.eu\/trgovina\/kolesarska-luc-s-hupo-gaciron-v18\/#breadcrumb"},"inLanguage":"en-GB","potentialAction":[{"@type":"ReadAction","target":["https:\/\/www.sportshine.eu\/trgovina\/kolesarska-luc-s-hupo-gaciron-v18\/"]}]},{"@type":"ImageObject","inLanguage":"en-GB","@id":"https:\/\/www.sportshine.eu\/trgovina\/kolesarska-luc-s-hupo-gaciron-v18\/#primaryimage","url":"https:\/\/www.sportshine.eu\/wp-content\/uploads\/2025\/07\/Luc-za-kolo.jpg","contentUrl":"https:\/\/www.sportshine.eu\/wp-content\/uploads\/2025\/07\/Luc-za-kolo.jpg","width":800,"height":800},{"@type":"BreadcrumbList","@id":"https:\/\/www.sportshine.eu\/trgovina\/kolesarska-luc-s-hupo-gaciron-v18\/#breadcrumb","itemListElement":[{"@type":"ListItem","position":1,"name":"Home","item":"https:\/\/www.sportshine.eu\/"},{"@type":"ListItem","position":2,"name":"Trgovina","item":"https:\/\/www.sportshine.eu\/trgovina\/"},{"@type":"ListItem","position":3,"name":"Kolesarska lu\u010d s hupo Gaciron V18"}]},{"@type":"WebSite","@id":"https:\/\/www.sportshine.eu\/#website","url":"https:\/\/www.sportshine.eu\/","name":"Sportshine","description":"Top online store for cycling and head lamps and equipment","publisher":{"@id":"https:\/\/www.sportshine.eu\/#organization"},"potentialAction":[{"@type":"SearchAction","target":{"@type":"EntryPoint","urlTemplate":"https:\/\/www.sportshine.eu\/?s={search_term_string}"},"query-input":{"@type":"PropertyValueSpecification","valueRequired":true,"valueName":"search_term_string"}}],"inLanguage":"en-GB"},{"@type":"Organization","@id":"https:\/\/www.sportshine.eu\/#organization","name":"Sportshine","url":"https:\/\/www.sportshine.eu\/","logo":{"@type":"ImageObject","inLanguage":"en-GB","@id":"https:\/\/www.sportshine.eu\/#\/schema\/logo\/image\/","url":"https:\/\/www.sportshine.eu\/wp-content\/uploads\/2026\/01\/cropped-Sportshine.webp","contentUrl":"https:\/\/www.sportshine.eu\/wp-content\/uploads\/2026\/01\/cropped-Sportshine.webp","width":295,"height":128,"caption":"Sportshine"},"image":{"@id":"https:\/\/www.sportshine.eu\/#\/schema\/logo\/image\/"},"sameAs":["https:\/\/www.facebook.com\/sportshine.eu\/"]}]}},"_links":{"self":[{"href":"https:\/\/www.sportshine.eu\/en\/wp-json\/wp\/v2\/product\/6319","targetHints":{"allow":["GET"]}}],"collection":[{"href":"https:\/\/www.sportshine.eu\/en\/wp-json\/wp\/v2\/product"}],"about":[{"href":"https:\/\/www.sportshine.eu\/en\/wp-json\/wp\/v2\/types\/product"}],"replies":[{"embeddable":true,"href":"https:\/\/www.sportshine.eu\/en\/wp-json\/wp\/v2\/comments?post=6319"}],"version-history":[{"count":0,"href":"https:\/\/www.sportshine.eu\/en\/wp-json\/wp\/v2\/product\/6319\/revisions"}],"wp:featuredmedia":[{"embeddable":true,"href":"https:\/\/www.sportshine.eu\/en\/wp-json\/wp\/v2\/media\/5142"}],"wp:attachment":[{"href":"https:\/\/www.sportshine.eu\/en\/wp-json\/wp\/v2\/media?parent=6319"}],"wp:term":[{"taxonomy":"product_brand","embeddable":true,"href":"https:\/\/www.sportshine.eu\/en\/wp-json\/wp\/v2\/product_brand?post=6319"},{"taxonomy":"product_cat","embeddable":true,"href":"https:\/\/www.sportshine.eu\/en\/wp-json\/wp\/v2\/product_cat?post=6319"},{"taxonomy":"product_tag","embeddable":true,"href":"https:\/\/www.sportshine.eu\/en\/wp-json\/wp\/v2\/product_tag?post=6319"}],"curies":[{"name":"wp","href":"https:\/\/api.w.org\/{rel}","templated":true}]}}