{"id":6318,"date":"2026-02-25T21:09:11","date_gmt":"2026-02-25T21:09:11","guid":{"rendered":"https:\/\/www.sportshine.eu\/?post_type=product&#038;p=6318"},"modified":"2026-03-11T16:16:34","modified_gmt":"2026-03-11T16:16:34","slug":"gaciron-kiwi-1200-led-bicycle-light","status":"publish","type":"product","link":"https:\/\/www.sportshine.eu\/en\/shop\/gaciron-kiwi-1200-led-bicycle-light\/","title":{"rendered":"Gaciron KIWI-1200 LED bicycle light"},"content":{"rendered":"<h3 style=\"text-align: center;\">CYCLE LIGHT WITH ANTI-GLARE EFFECT<\/h3>\n<p style=\"text-align: center;\">Bike lights with a &#039;Cut-off Line&#039; feature are designed to project light in a specific way. Instead of a diffuse or uncontrolled beam, the light is shaped to form a sharp horizontal band on the road. This is especially important for bicycle headlights, as they prevent dazzling oncoming vehicles, pedestrians and cyclists&#039; passengers.<\/p>\n<p><img decoding=\"async\" class=\"aligncenter wp-image-5138 size-full\" src=\"https:\/\/www.sportshine.eu\/wp-content\/uploads\/2025\/07\/Gaciron-KIWI-1200-luc.webp\" alt=\"\" width=\"800\" height=\"800\" srcset=\"https:\/\/www.sportshine.eu\/wp-content\/uploads\/2025\/07\/Gaciron-KIWI-1200-luc.webp 800w, https:\/\/www.sportshine.eu\/wp-content\/uploads\/2025\/07\/Gaciron-KIWI-1200-luc-768x768.webp 768w, https:\/\/www.sportshine.eu\/wp-content\/uploads\/2025\/07\/Gaciron-KIWI-1200-luc-600x600.webp 600w\" sizes=\"(max-width: 800px) 100vw, 800px\" \/><\/p>\n<h3 style=\"text-align: center;\">POWERFUL 1200 LUMENS AND BUILT-IN 4400 mAh LITHIUM-ION BATTERY<\/h3>\n<p style=\"text-align: center;\">It allows 5 brightness settings and operation for up to 24 hours.<\/p>\n<p><img decoding=\"async\" class=\"aligncenter wp-image-7687 size-full\" src=\"https:\/\/www.sportshine.eu\/wp-content\/uploads\/2025\/07\/Gaciron-KIWI-1200.webp\" alt=\"\" width=\"800\" height=\"600\" srcset=\"https:\/\/www.sportshine.eu\/wp-content\/uploads\/2025\/07\/Gaciron-KIWI-1200.webp 800w, https:\/\/www.sportshine.eu\/wp-content\/uploads\/2025\/07\/Gaciron-KIWI-1200-768x576.webp 768w, https:\/\/www.sportshine.eu\/wp-content\/uploads\/2025\/07\/Gaciron-KIWI-1200-600x450.webp 600w\" sizes=\"(max-width: 800px) 100vw, 800px\" \/><\/p>\n<h3 style=\"text-align: center;\">ALLOWS LIGHT TO BE MOUNTED ON BOTH SIDES OF THE HANDLEBAR (ADJUSTMENT TOOL INCLUDED)<\/h3>\n<p style=\"text-align: center;\">Do you want to mount your light on top of your handlebars or below? The KIWI 1200 bike light offers a solution for both.<\/p>\n<p><img decoding=\"async\" class=\"aligncenter wp-image-5100\" src=\"https:\/\/www.sportshine.eu\/wp-content\/uploads\/2025\/07\/ezgif.com-gif-maker-20-e1725136875613.webp\" alt=\"\" width=\"800\" height=\"601\" srcset=\"https:\/\/www.sportshine.eu\/wp-content\/uploads\/2025\/07\/ezgif.com-gif-maker-20-e1725136875613.webp 700w, https:\/\/www.sportshine.eu\/wp-content\/uploads\/2025\/07\/ezgif.com-gif-maker-20-e1725136875613-600x451.webp 600w\" sizes=\"(max-width: 800px) 100vw, 800px\" \/><\/p>\n<h3 style=\"text-align: center;\">WATERPROOF ACCORDING TO IPX6 STANDARD \u2013 FOR ALL WEATHER CONDITIONS<\/h3>\n<p><img decoding=\"async\" class=\"aligncenter wp-image-7688 size-full\" src=\"https:\/\/www.sportshine.eu\/wp-content\/uploads\/2025\/07\/Gaciron-KIWI-1200-1.webp\" alt=\"\" width=\"800\" height=\"800\" srcset=\"https:\/\/www.sportshine.eu\/wp-content\/uploads\/2025\/07\/Gaciron-KIWI-1200-1.webp 800w, https:\/\/www.sportshine.eu\/wp-content\/uploads\/2025\/07\/Gaciron-KIWI-1200-1-768x768.webp 768w, https:\/\/www.sportshine.eu\/wp-content\/uploads\/2025\/07\/Gaciron-KIWI-1200-1-600x600.webp 600w\" sizes=\"(max-width: 800px) 100vw, 800px\" \/><\/p>\n<h3 style=\"text-align: center;\">VIDEO PRESENTATION OF THE KIWI-1200 CYCLING LIGHT<\/h3>\n<p><iframe loading=\"lazy\" title=\"Gaciron KIWI-1200 bicycle light\" width=\"500\" height=\"281\" src=\"https:\/\/www.youtube.com\/embed\/1pqa67TCT1k?feature=oembed\" frameborder=\"0\" allow=\"accelerometer; autoplay; clipboard-write; encrypted-media; gyroscope; picture-in-picture; web-share\" referrerpolicy=\"strict-origin-when-cross-origin\" allowfullscreen><\/iframe><\/p>\n<h3 style=\"text-align: center;\">BATTERY CHARGER FUNCTION FOR YOUR DEVICES<\/h3>\n<p style=\"text-align: center;\">The KIWI 1200 bicycle light can also be used as a charging station for your mobile phone, meter or other device via a USB C charging unit.<\/p>\n<p><img decoding=\"async\" class=\"aligncenter wp-image-7689 size-full\" src=\"https:\/\/www.sportshine.eu\/wp-content\/uploads\/2025\/07\/Gaciron-KIWI-1200-2.webp\" alt=\"\" width=\"800\" height=\"600\" srcset=\"https:\/\/www.sportshine.eu\/wp-content\/uploads\/2025\/07\/Gaciron-KIWI-1200-2.webp 800w, https:\/\/www.sportshine.eu\/wp-content\/uploads\/2025\/07\/Gaciron-KIWI-1200-2-768x576.webp 768w, https:\/\/www.sportshine.eu\/wp-content\/uploads\/2025\/07\/Gaciron-KIWI-1200-2-600x450.webp 600w\" sizes=\"(max-width: 800px) 100vw, 800px\" \/><\/p>\n<h3 style=\"text-align: center;\">COMPACT ALL-ALUMINUM HOUSING<\/h3>\n<p style=\"text-align: center;\">The Kiwi features a sleek and compact CNC machined housing that not only looks great, but also provides durability and efficient heat dissipation. Designed to withstand the rigors of cycling, it&#039;s the perfect combination of style and durability to complement the aesthetics of your bike.<\/p>\n<p><img decoding=\"async\" class=\"aligncenter wp-image-7690 size-full\" src=\"https:\/\/www.sportshine.eu\/wp-content\/uploads\/2025\/07\/Gaciron-KIWI-1200-3.webp\" alt=\"\" width=\"800\" height=\"600\" srcset=\"https:\/\/www.sportshine.eu\/wp-content\/uploads\/2025\/07\/Gaciron-KIWI-1200-3.webp 800w, https:\/\/www.sportshine.eu\/wp-content\/uploads\/2025\/07\/Gaciron-KIWI-1200-3-768x576.webp 768w, https:\/\/www.sportshine.eu\/wp-content\/uploads\/2025\/07\/Gaciron-KIWI-1200-3-600x450.webp 600w\" sizes=\"(max-width: 800px) 100vw, 800px\" \/><\/p>\n<h3 style=\"text-align: center;\">YOU WILL RECEIVE IN THE PACKAGE<\/h3>\n<p><img decoding=\"async\" class=\"aligncenter wp-image-7691\" src=\"https:\/\/www.sportshine.eu\/wp-content\/uploads\/2025\/07\/Gaciron-KIWI-1200-4.webp\" alt=\"\" width=\"800\" height=\"800\" srcset=\"https:\/\/www.sportshine.eu\/wp-content\/uploads\/2025\/07\/Gaciron-KIWI-1200-4-768x768.webp 768w, https:\/\/www.sportshine.eu\/wp-content\/uploads\/2025\/07\/Gaciron-KIWI-1200-4-600x600.webp 600w\" sizes=\"(max-width: 800px) 100vw, 800px\" \/><\/p>","protected":false},"excerpt":{"rendered":"<p>The Gaciron KIWI 1200 bicycle light with &#039;Cut-off Line&#039; technology brings an advanced lighting solution for cyclists. This technology shapes the light beam in the form of a sharp horizontal strip, which provides clear illumination of the road without dazzling other road users. The installation method is also crucial, which must allow the correct orientation of the light beam. The KIWI-1200 model combines this technology with flexible mounting above or below the handlebars, which brings a safe and effective solution for night cycling.<\/p>","protected":false},"featured_media":5098,"comment_status":"open","ping_status":"closed","template":"","meta":[],"product_brand":[132],"product_cat":[82,150],"product_tag":[],"class_list":{"0":"post-6318","1":"product","2":"type-product","3":"status-publish","4":"has-post-thumbnail","6":"product_brand-gaciron","7":"product_cat-kolesarske-luci","8":"product_cat-sprednje-kolesarske-luci","10":"first","11":"instock","12":"sale","13":"taxable","14":"shipping-taxable","15":"purchasable","16":"product-type-simple"},"yoast_head":"<!-- This site is optimized with the Yoast SEO plugin v27.3 - https:\/\/yoast.com\/product\/yoast-seo-wordpress\/ -->\n<title>Kolesarska lu\u010d LED Gaciron KIWI-1200<\/title>\n<meta name=\"description\" content=\"Kolesarska lu\u010d LED z mo\u010djo 1200 lumnov. Za svojo mo\u010d uporablja 4400 mAh litij-ionsko baterijo - Vodoodporna po standardu IPX6\" \/>\n<meta name=\"robots\" content=\"index, follow, max-snippet:-1, max-image-preview:large, max-video-preview:-1\" \/>\n<link rel=\"canonical\" href=\"https:\/\/www.sportshine.eu\/en\/originalstran\/shop\/gaciron-kiwi-1200-kolesarska-luc\/\" \/>\n<meta property=\"og:locale\" content=\"en_GB\" \/>\n<meta property=\"og:type\" content=\"article\" \/>\n<meta property=\"og:title\" content=\"Kolesarska lu\u010d LED Gaciron KIWI-1200\" \/>\n<meta property=\"og:description\" content=\"Kolesarska lu\u010d LED z mo\u010djo 1200 lumnov. Za svojo mo\u010d uporablja 4400 mAh litij-ionsko baterijo - Vodoodporna po standardu IPX6\" \/>\n<meta property=\"og:url\" content=\"https:\/\/www.sportshine.eu\/en\/originalstran\/shop\/gaciron-kiwi-1200-kolesarska-luc\/\" \/>\n<meta property=\"og:site_name\" content=\"Sportshine\" \/>\n<meta property=\"article:publisher\" content=\"https:\/\/www.facebook.com\/sportshine.eu\/\" \/>\n<meta property=\"article:modified_time\" content=\"2026-03-11T16:16:34+00:00\" \/>\n<meta property=\"og:image\" content=\"https:\/\/www.sportshine.eu\/wp-content\/uploads\/2025\/07\/Gaciron-KIWI-800.webp\" \/>\n\t<meta property=\"og:image:width\" content=\"800\" \/>\n\t<meta property=\"og:image:height\" content=\"800\" \/>\n\t<meta property=\"og:image:type\" content=\"image\/webp\" \/>\n<meta name=\"twitter:card\" content=\"summary_large_image\" \/>\n<meta name=\"twitter:label1\" content=\"Estimated reading time\" \/>\n\t<meta name=\"twitter:data1\" content=\"3 minutes\" \/>\n<script type=\"application\/ld+json\" class=\"yoast-schema-graph\">{\"@context\":\"https:\\\/\\\/schema.org\",\"@graph\":[{\"@type\":\"WebPage\",\"@id\":\"https:\\\/\\\/www.sportshine.eu\\\/trgovina\\\/kolesarska-luc-led-gaciron-kiwi-1200\\\/\",\"url\":\"https:\\\/\\\/www.sportshine.eu\\\/originalstran\\\/trgovina\\\/gaciron-kiwi-1200-kolesarska-luc\\\/\",\"name\":\"Kolesarska lu\u010d LED Gaciron KIWI-1200\",\"isPartOf\":{\"@id\":\"https:\\\/\\\/www.sportshine.eu\\\/#website\"},\"primaryImageOfPage\":{\"@id\":\"https:\\\/\\\/www.sportshine.eu\\\/originalstran\\\/trgovina\\\/gaciron-kiwi-1200-kolesarska-luc\\\/#primaryimage\"},\"image\":{\"@id\":\"https:\\\/\\\/www.sportshine.eu\\\/originalstran\\\/trgovina\\\/gaciron-kiwi-1200-kolesarska-luc\\\/#primaryimage\"},\"thumbnailUrl\":\"https:\\\/\\\/www.sportshine.eu\\\/wp-content\\\/uploads\\\/2025\\\/07\\\/Gaciron-KIWI-800.webp\",\"datePublished\":\"2026-02-25T21:09:11+00:00\",\"dateModified\":\"2026-03-11T16:16:34+00:00\",\"description\":\"Kolesarska lu\u010d LED z mo\u010djo 1200 lumnov. Za svojo mo\u010d uporablja 4400 mAh litij-ionsko baterijo - Vodoodporna po standardu IPX6\",\"breadcrumb\":{\"@id\":\"https:\\\/\\\/www.sportshine.eu\\\/originalstran\\\/trgovina\\\/gaciron-kiwi-1200-kolesarska-luc\\\/#breadcrumb\"},\"inLanguage\":\"en-GB\",\"potentialAction\":[{\"@type\":\"ReadAction\",\"target\":[\"https:\\\/\\\/www.sportshine.eu\\\/originalstran\\\/trgovina\\\/gaciron-kiwi-1200-kolesarska-luc\\\/\"]}]},{\"@type\":\"ImageObject\",\"inLanguage\":\"en-GB\",\"@id\":\"https:\\\/\\\/www.sportshine.eu\\\/originalstran\\\/trgovina\\\/gaciron-kiwi-1200-kolesarska-luc\\\/#primaryimage\",\"url\":\"https:\\\/\\\/www.sportshine.eu\\\/wp-content\\\/uploads\\\/2025\\\/07\\\/Gaciron-KIWI-800.webp\",\"contentUrl\":\"https:\\\/\\\/www.sportshine.eu\\\/wp-content\\\/uploads\\\/2025\\\/07\\\/Gaciron-KIWI-800.webp\",\"width\":800,\"height\":800},{\"@type\":\"BreadcrumbList\",\"@id\":\"https:\\\/\\\/www.sportshine.eu\\\/originalstran\\\/trgovina\\\/gaciron-kiwi-1200-kolesarska-luc\\\/#breadcrumb\",\"itemListElement\":[{\"@type\":\"ListItem\",\"position\":1,\"name\":\"Home\",\"item\":\"https:\\\/\\\/www.sportshine.eu\\\/\"},{\"@type\":\"ListItem\",\"position\":2,\"name\":\"Trgovina\",\"item\":\"https:\\\/\\\/www.sportshine.eu\\\/trgovina\\\/\"},{\"@type\":\"ListItem\",\"position\":3,\"name\":\"Kolesarska lu\u010d LED Gaciron KIWI-1200\"}]},{\"@type\":\"WebSite\",\"@id\":\"https:\\\/\\\/www.sportshine.eu\\\/#website\",\"url\":\"https:\\\/\\\/www.sportshine.eu\\\/\",\"name\":\"Sportshine\",\"description\":\"Top spletna trgovina kolesarskih in naglavnih svetilk ter opreme\",\"publisher\":{\"@id\":\"https:\\\/\\\/www.sportshine.eu\\\/#organization\"},\"potentialAction\":[{\"@type\":\"SearchAction\",\"target\":{\"@type\":\"EntryPoint\",\"urlTemplate\":\"https:\\\/\\\/www.sportshine.eu\\\/?s={search_term_string}\"},\"query-input\":{\"@type\":\"PropertyValueSpecification\",\"valueRequired\":true,\"valueName\":\"search_term_string\"}}],\"inLanguage\":\"en-GB\"},{\"@type\":\"Organization\",\"@id\":\"https:\\\/\\\/www.sportshine.eu\\\/#organization\",\"name\":\"Sportshine\",\"url\":\"https:\\\/\\\/www.sportshine.eu\\\/\",\"logo\":{\"@type\":\"ImageObject\",\"inLanguage\":\"en-GB\",\"@id\":\"https:\\\/\\\/www.sportshine.eu\\\/#\\\/schema\\\/logo\\\/image\\\/\",\"url\":\"https:\\\/\\\/www.sportshine.eu\\\/wp-content\\\/uploads\\\/2026\\\/01\\\/cropped-Sportshine.webp\",\"contentUrl\":\"https:\\\/\\\/www.sportshine.eu\\\/wp-content\\\/uploads\\\/2026\\\/01\\\/cropped-Sportshine.webp\",\"width\":295,\"height\":128,\"caption\":\"Sportshine\"},\"image\":{\"@id\":\"https:\\\/\\\/www.sportshine.eu\\\/#\\\/schema\\\/logo\\\/image\\\/\"},\"sameAs\":[\"https:\\\/\\\/www.facebook.com\\\/sportshine.eu\\\/\"]}]}<\/script>\n<!-- \/ Yoast SEO plugin. -->","yoast_head_json":{"title":"Gaciron KIWI-1200 LED bicycle light","description":"LED bicycle light with a power of 1200 lumens. It uses a 4400 mAh lithium-ion battery for its power - Waterproof according to IPX6 standard","robots":{"index":"index","follow":"follow","max-snippet":"max-snippet:-1","max-image-preview":"max-image-preview:large","max-video-preview":"max-video-preview:-1"},"canonical":"https:\/\/www.sportshine.eu\/en\/originalstran\/shop\/gaciron-kiwi-1200-kolesarska-luc\/","og_locale":"en_GB","og_type":"article","og_title":"Kolesarska lu\u010d LED Gaciron KIWI-1200","og_description":"Kolesarska lu\u010d LED z mo\u010djo 1200 lumnov. Za svojo mo\u010d uporablja 4400 mAh litij-ionsko baterijo - Vodoodporna po standardu IPX6","og_url":"https:\/\/www.sportshine.eu\/en\/originalstran\/shop\/gaciron-kiwi-1200-kolesarska-luc\/","og_site_name":"Sportshine","article_publisher":"https:\/\/www.facebook.com\/sportshine.eu\/","article_modified_time":"2026-03-11T16:16:34+00:00","og_image":[{"width":800,"height":800,"url":"https:\/\/www.sportshine.eu\/wp-content\/uploads\/2025\/07\/Gaciron-KIWI-800.webp","type":"image\/webp"}],"twitter_card":"summary_large_image","twitter_misc":{"Estimated reading time":"3 minutes"},"schema":{"@context":"https:\/\/schema.org","@graph":[{"@type":"WebPage","@id":"https:\/\/www.sportshine.eu\/trgovina\/kolesarska-luc-led-gaciron-kiwi-1200\/","url":"https:\/\/www.sportshine.eu\/originalstran\/trgovina\/gaciron-kiwi-1200-kolesarska-luc\/","name":"Gaciron KIWI-1200 LED bicycle light","isPartOf":{"@id":"https:\/\/www.sportshine.eu\/#website"},"primaryImageOfPage":{"@id":"https:\/\/www.sportshine.eu\/originalstran\/trgovina\/gaciron-kiwi-1200-kolesarska-luc\/#primaryimage"},"image":{"@id":"https:\/\/www.sportshine.eu\/originalstran\/trgovina\/gaciron-kiwi-1200-kolesarska-luc\/#primaryimage"},"thumbnailUrl":"https:\/\/www.sportshine.eu\/wp-content\/uploads\/2025\/07\/Gaciron-KIWI-800.webp","datePublished":"2026-02-25T21:09:11+00:00","dateModified":"2026-03-11T16:16:34+00:00","description":"LED bicycle light with a power of 1200 lumens. It uses a 4400 mAh lithium-ion battery for its power - Waterproof according to IPX6 standard","breadcrumb":{"@id":"https:\/\/www.sportshine.eu\/originalstran\/trgovina\/gaciron-kiwi-1200-kolesarska-luc\/#breadcrumb"},"inLanguage":"en-GB","potentialAction":[{"@type":"ReadAction","target":["https:\/\/www.sportshine.eu\/originalstran\/trgovina\/gaciron-kiwi-1200-kolesarska-luc\/"]}]},{"@type":"ImageObject","inLanguage":"en-GB","@id":"https:\/\/www.sportshine.eu\/originalstran\/trgovina\/gaciron-kiwi-1200-kolesarska-luc\/#primaryimage","url":"https:\/\/www.sportshine.eu\/wp-content\/uploads\/2025\/07\/Gaciron-KIWI-800.webp","contentUrl":"https:\/\/www.sportshine.eu\/wp-content\/uploads\/2025\/07\/Gaciron-KIWI-800.webp","width":800,"height":800},{"@type":"BreadcrumbList","@id":"https:\/\/www.sportshine.eu\/originalstran\/trgovina\/gaciron-kiwi-1200-kolesarska-luc\/#breadcrumb","itemListElement":[{"@type":"ListItem","position":1,"name":"Home","item":"https:\/\/www.sportshine.eu\/"},{"@type":"ListItem","position":2,"name":"Trgovina","item":"https:\/\/www.sportshine.eu\/trgovina\/"},{"@type":"ListItem","position":3,"name":"Kolesarska lu\u010d LED Gaciron KIWI-1200"}]},{"@type":"WebSite","@id":"https:\/\/www.sportshine.eu\/#website","url":"https:\/\/www.sportshine.eu\/","name":"Sportshine","description":"Top online store for cycling and head lamps and equipment","publisher":{"@id":"https:\/\/www.sportshine.eu\/#organization"},"potentialAction":[{"@type":"SearchAction","target":{"@type":"EntryPoint","urlTemplate":"https:\/\/www.sportshine.eu\/?s={search_term_string}"},"query-input":{"@type":"PropertyValueSpecification","valueRequired":true,"valueName":"search_term_string"}}],"inLanguage":"en-GB"},{"@type":"Organization","@id":"https:\/\/www.sportshine.eu\/#organization","name":"Sportshine","url":"https:\/\/www.sportshine.eu\/","logo":{"@type":"ImageObject","inLanguage":"en-GB","@id":"https:\/\/www.sportshine.eu\/#\/schema\/logo\/image\/","url":"https:\/\/www.sportshine.eu\/wp-content\/uploads\/2026\/01\/cropped-Sportshine.webp","contentUrl":"https:\/\/www.sportshine.eu\/wp-content\/uploads\/2026\/01\/cropped-Sportshine.webp","width":295,"height":128,"caption":"Sportshine"},"image":{"@id":"https:\/\/www.sportshine.eu\/#\/schema\/logo\/image\/"},"sameAs":["https:\/\/www.facebook.com\/sportshine.eu\/"]}]}},"_links":{"self":[{"href":"https:\/\/www.sportshine.eu\/en\/wp-json\/wp\/v2\/product\/6318","targetHints":{"allow":["GET"]}}],"collection":[{"href":"https:\/\/www.sportshine.eu\/en\/wp-json\/wp\/v2\/product"}],"about":[{"href":"https:\/\/www.sportshine.eu\/en\/wp-json\/wp\/v2\/types\/product"}],"replies":[{"embeddable":true,"href":"https:\/\/www.sportshine.eu\/en\/wp-json\/wp\/v2\/comments?post=6318"}],"version-history":[{"count":0,"href":"https:\/\/www.sportshine.eu\/en\/wp-json\/wp\/v2\/product\/6318\/revisions"}],"wp:featuredmedia":[{"embeddable":true,"href":"https:\/\/www.sportshine.eu\/en\/wp-json\/wp\/v2\/media\/5098"}],"wp:attachment":[{"href":"https:\/\/www.sportshine.eu\/en\/wp-json\/wp\/v2\/media?parent=6318"}],"wp:term":[{"taxonomy":"product_brand","embeddable":true,"href":"https:\/\/www.sportshine.eu\/en\/wp-json\/wp\/v2\/product_brand?post=6318"},{"taxonomy":"product_cat","embeddable":true,"href":"https:\/\/www.sportshine.eu\/en\/wp-json\/wp\/v2\/product_cat?post=6318"},{"taxonomy":"product_tag","embeddable":true,"href":"https:\/\/www.sportshine.eu\/en\/wp-json\/wp\/v2\/product_tag?post=6318"}],"curies":[{"name":"wp","href":"https:\/\/api.w.org\/{rel}","templated":true}]}}