{"id":7460,"date":"2025-08-02T21:25:05","date_gmt":"2025-08-02T21:25:05","guid":{"rendered":"https:\/\/www.sportshine.eu\/?page_id=7460"},"modified":"2025-08-02T21:25:08","modified_gmt":"2025-08-02T21:25:08","slug":"ftr-technology","status":"publish","type":"page","link":"https:\/\/www.sportshine.eu\/en\/ftr-technology\/","title":{"rendered":"ftr-technology"},"content":{"rendered":"<h6 class=\"wp-block-heading\">FTR (front light, tail light, remote)<\/h6>\n\n\n\n<p>Front light, rear light, remote\u2014it symbolizes a holistic approach to bike lighting. Using advanced wireless connectivity, FTR LightSync Control orchestrates perfect synchronization between front lights, rear lights, and a dedicated remote, creating a harmonious ecosystem. With a single, intuitive push\u2014either via the wireless remote or the button on the front light\u2014riders can seamlessly synchronize the front and rear lights on or off.<\/p>\n\n\n\n<p><strong>Smooth one-touch control<\/strong><br>A key advantage of the FTR LightSync Control system is its focus on user experience. Riders can now activate or deactivate both the front and rear lights with a single touch, eliminating the need for separate operations and allowing for full focus on the road\u2014crucial for increased safety.<\/p>\n\n\n\n<p><strong>Superior synchronized lighting<\/strong><br>The system provides even illumination on both sides of the bike, which is essential for safe navigation in low-light conditions. This synchronization is key to maintaining clear visibility among other road users and creating a safer shared space.<\/p>\n\n\n\n<p><strong>Wireless freedom<\/strong><br>The FTR LightSync Control system&#039;s wireless architecture simplifies operation and keeps your hands firmly on the handlebars at all times. This wireless capability provides seamless control and enhances the overall riding experience.<\/p>\n\n\n\n<p><\/p>","protected":false},"excerpt":{"rendered":"<p>FTR (front light, tail light, remote ) Sprednja lu\u010d, zadnja lu\u010d, daljinski upravljalnik\u2014simbolizira celovit pristop k osvetlitvi kolesa. Z uporabo naprednega brez\u017ei\u010dnega povezovanja FTR LightSync Control orkestrira popolno sinhronizacijo med sprednjimi lu\u010dmi, zadnjimi lu\u010dmi in namenskim daljinskim upravljalnikom, s \u010dimer ustvarja harmoni\u010den ekosistem. Z enim samim, intuitivnim pritiskom\u2014bodisi preko brez\u017ei\u010dnega daljinskega upravljalnika ali gumba na [&hellip;]<\/p>\n","protected":false},"author":1,"featured_media":0,"parent":0,"menu_order":0,"comment_status":"closed","ping_status":"closed","template":"","meta":{"footnotes":""},"class_list":["post-7460","page","type-page","status-publish","hentry"],"yoast_head":"<!-- This site is optimized with the Yoast SEO plugin v27.4 - https:\/\/yoast.com\/product\/yoast-seo-wordpress\/ -->\n<title>ftr-tehnologija - Sportshine<\/title>\n<meta name=\"robots\" content=\"index, follow, max-snippet:-1, max-image-preview:large, max-video-preview:-1\" \/>\n<link rel=\"canonical\" href=\"https:\/\/www.sportshine.eu\/en\/ftr-technology\/\" \/>\n<meta property=\"og:locale\" content=\"en_GB\" \/>\n<meta property=\"og:type\" content=\"article\" \/>\n<meta property=\"og:title\" content=\"ftr-tehnologija - Sportshine\" \/>\n<meta property=\"og:description\" content=\"FTR (front light, tail light, remote ) Sprednja lu\u010d, zadnja lu\u010d, daljinski upravljalnik\u2014simbolizira celovit pristop k osvetlitvi kolesa. Z uporabo naprednega brez\u017ei\u010dnega povezovanja FTR LightSync Control orkestrira popolno sinhronizacijo med sprednjimi lu\u010dmi, zadnjimi lu\u010dmi in namenskim daljinskim upravljalnikom, s \u010dimer ustvarja harmoni\u010den ekosistem. Z enim samim, intuitivnim pritiskom\u2014bodisi preko brez\u017ei\u010dnega daljinskega upravljalnika ali gumba na [&hellip;]\" \/>\n<meta property=\"og:url\" content=\"https:\/\/www.sportshine.eu\/en\/ftr-technology\/\" \/>\n<meta property=\"og:site_name\" content=\"Sportshine\" \/>\n<meta property=\"article:publisher\" content=\"https:\/\/www.facebook.com\/sportshine.eu\/\" \/>\n<meta property=\"article:modified_time\" content=\"2025-08-02T21:25:08+00:00\" \/>\n<meta name=\"twitter:card\" content=\"summary_large_image\" \/>\n<meta name=\"twitter:label1\" content=\"Estimated reading time\" \/>\n\t<meta name=\"twitter:data1\" content=\"1 minute\" \/>\n<script type=\"application\/ld+json\" class=\"yoast-schema-graph\">{\"@context\":\"https:\\\/\\\/schema.org\",\"@graph\":[{\"@type\":\"WebPage\",\"@id\":\"https:\\\/\\\/www.sportshine.eu\\\/ftr-tehnologija\\\/\",\"url\":\"https:\\\/\\\/www.sportshine.eu\\\/ftr-tehnologija\\\/\",\"name\":\"ftr-tehnologija - Sportshine\",\"isPartOf\":{\"@id\":\"https:\\\/\\\/www.sportshine.eu\\\/#website\"},\"datePublished\":\"2025-08-02T21:25:05+00:00\",\"dateModified\":\"2025-08-02T21:25:08+00:00\",\"breadcrumb\":{\"@id\":\"https:\\\/\\\/www.sportshine.eu\\\/ftr-tehnologija\\\/#breadcrumb\"},\"inLanguage\":\"en-GB\",\"potentialAction\":[{\"@type\":\"ReadAction\",\"target\":[\"https:\\\/\\\/www.sportshine.eu\\\/ftr-tehnologija\\\/\"]}]},{\"@type\":\"BreadcrumbList\",\"@id\":\"https:\\\/\\\/www.sportshine.eu\\\/ftr-tehnologija\\\/#breadcrumb\",\"itemListElement\":[{\"@type\":\"ListItem\",\"position\":1,\"name\":\"Home\",\"item\":\"https:\\\/\\\/www.sportshine.eu\\\/\"},{\"@type\":\"ListItem\",\"position\":2,\"name\":\"ftr-tehnologija\"}]},{\"@type\":\"WebSite\",\"@id\":\"https:\\\/\\\/www.sportshine.eu\\\/#website\",\"url\":\"https:\\\/\\\/www.sportshine.eu\\\/\",\"name\":\"Sportshine\",\"description\":\"Top spletna trgovina kolesarskih in naglavnih svetilk ter opreme\",\"publisher\":{\"@id\":\"https:\\\/\\\/www.sportshine.eu\\\/#organization\"},\"potentialAction\":[{\"@type\":\"SearchAction\",\"target\":{\"@type\":\"EntryPoint\",\"urlTemplate\":\"https:\\\/\\\/www.sportshine.eu\\\/?s={search_term_string}\"},\"query-input\":{\"@type\":\"PropertyValueSpecification\",\"valueRequired\":true,\"valueName\":\"search_term_string\"}}],\"inLanguage\":\"en-GB\"},{\"@type\":\"Organization\",\"@id\":\"https:\\\/\\\/www.sportshine.eu\\\/#organization\",\"name\":\"Sportshine\",\"url\":\"https:\\\/\\\/www.sportshine.eu\\\/\",\"logo\":{\"@type\":\"ImageObject\",\"inLanguage\":\"en-GB\",\"@id\":\"https:\\\/\\\/www.sportshine.eu\\\/#\\\/schema\\\/logo\\\/image\\\/\",\"url\":\"https:\\\/\\\/www.sportshine.eu\\\/wp-content\\\/uploads\\\/2026\\\/01\\\/cropped-Sportshine.webp\",\"contentUrl\":\"https:\\\/\\\/www.sportshine.eu\\\/wp-content\\\/uploads\\\/2026\\\/01\\\/cropped-Sportshine.webp\",\"width\":295,\"height\":128,\"caption\":\"Sportshine\"},\"image\":{\"@id\":\"https:\\\/\\\/www.sportshine.eu\\\/#\\\/schema\\\/logo\\\/image\\\/\"},\"sameAs\":[\"https:\\\/\\\/www.facebook.com\\\/sportshine.eu\\\/\"]}]}<\/script>\n<!-- \/ Yoast SEO plugin. -->","yoast_head_json":{"title":"ftr-technology - Sportshine","robots":{"index":"index","follow":"follow","max-snippet":"max-snippet:-1","max-image-preview":"max-image-preview:large","max-video-preview":"max-video-preview:-1"},"canonical":"https:\/\/www.sportshine.eu\/en\/ftr-technology\/","og_locale":"en_GB","og_type":"article","og_title":"ftr-tehnologija - Sportshine","og_description":"FTR (front light, tail light, remote ) Sprednja lu\u010d, zadnja lu\u010d, daljinski upravljalnik\u2014simbolizira celovit pristop k osvetlitvi kolesa. Z uporabo naprednega brez\u017ei\u010dnega povezovanja FTR LightSync Control orkestrira popolno sinhronizacijo med sprednjimi lu\u010dmi, zadnjimi lu\u010dmi in namenskim daljinskim upravljalnikom, s \u010dimer ustvarja harmoni\u010den ekosistem. Z enim samim, intuitivnim pritiskom\u2014bodisi preko brez\u017ei\u010dnega daljinskega upravljalnika ali gumba na [&hellip;]","og_url":"https:\/\/www.sportshine.eu\/en\/ftr-technology\/","og_site_name":"Sportshine","article_publisher":"https:\/\/www.facebook.com\/sportshine.eu\/","article_modified_time":"2025-08-02T21:25:08+00:00","twitter_card":"summary_large_image","twitter_misc":{"Estimated reading time":"1 minute"},"schema":{"@context":"https:\/\/schema.org","@graph":[{"@type":"WebPage","@id":"https:\/\/www.sportshine.eu\/ftr-tehnologija\/","url":"https:\/\/www.sportshine.eu\/ftr-tehnologija\/","name":"ftr-technology - Sportshine","isPartOf":{"@id":"https:\/\/www.sportshine.eu\/#website"},"datePublished":"2025-08-02T21:25:05+00:00","dateModified":"2025-08-02T21:25:08+00:00","breadcrumb":{"@id":"https:\/\/www.sportshine.eu\/ftr-tehnologija\/#breadcrumb"},"inLanguage":"en-GB","potentialAction":[{"@type":"ReadAction","target":["https:\/\/www.sportshine.eu\/ftr-tehnologija\/"]}]},{"@type":"BreadcrumbList","@id":"https:\/\/www.sportshine.eu\/ftr-tehnologija\/#breadcrumb","itemListElement":[{"@type":"ListItem","position":1,"name":"Home","item":"https:\/\/www.sportshine.eu\/"},{"@type":"ListItem","position":2,"name":"ftr-tehnologija"}]},{"@type":"WebSite","@id":"https:\/\/www.sportshine.eu\/#website","url":"https:\/\/www.sportshine.eu\/","name":"Sportshine","description":"Top online store for cycling and head lamps and equipment","publisher":{"@id":"https:\/\/www.sportshine.eu\/#organization"},"potentialAction":[{"@type":"SearchAction","target":{"@type":"EntryPoint","urlTemplate":"https:\/\/www.sportshine.eu\/?s={search_term_string}"},"query-input":{"@type":"PropertyValueSpecification","valueRequired":true,"valueName":"search_term_string"}}],"inLanguage":"en-GB"},{"@type":"Organization","@id":"https:\/\/www.sportshine.eu\/#organization","name":"Sportshine","url":"https:\/\/www.sportshine.eu\/","logo":{"@type":"ImageObject","inLanguage":"en-GB","@id":"https:\/\/www.sportshine.eu\/#\/schema\/logo\/image\/","url":"https:\/\/www.sportshine.eu\/wp-content\/uploads\/2026\/01\/cropped-Sportshine.webp","contentUrl":"https:\/\/www.sportshine.eu\/wp-content\/uploads\/2026\/01\/cropped-Sportshine.webp","width":295,"height":128,"caption":"Sportshine"},"image":{"@id":"https:\/\/www.sportshine.eu\/#\/schema\/logo\/image\/"},"sameAs":["https:\/\/www.facebook.com\/sportshine.eu\/"]}]}},"_links":{"self":[{"href":"https:\/\/www.sportshine.eu\/en\/wp-json\/wp\/v2\/pages\/7460","targetHints":{"allow":["GET"]}}],"collection":[{"href":"https:\/\/www.sportshine.eu\/en\/wp-json\/wp\/v2\/pages"}],"about":[{"href":"https:\/\/www.sportshine.eu\/en\/wp-json\/wp\/v2\/types\/page"}],"author":[{"embeddable":true,"href":"https:\/\/www.sportshine.eu\/en\/wp-json\/wp\/v2\/users\/1"}],"replies":[{"embeddable":true,"href":"https:\/\/www.sportshine.eu\/en\/wp-json\/wp\/v2\/comments?post=7460"}],"version-history":[{"count":0,"href":"https:\/\/www.sportshine.eu\/en\/wp-json\/wp\/v2\/pages\/7460\/revisions"}],"wp:attachment":[{"href":"https:\/\/www.sportshine.eu\/en\/wp-json\/wp\/v2\/media?parent=7460"}],"curies":[{"name":"wp","href":"https:\/\/api.w.org\/{rel}","templated":true}]}}