{"id":4936,"date":"2025-06-23T21:09:45","date_gmt":"2025-06-23T21:09:45","guid":{"rendered":"https:\/\/www.sportshine.eu\/?page_id=4936"},"modified":"2025-11-01T23:57:06","modified_gmt":"2025-11-01T23:57:06","slug":"product-return-and-return-conditions-2","status":"publish","type":"page","link":"https:\/\/www.sportshine.eu\/en\/product-return-and-return-conditions-2\/","title":{"rendered":"Delivery terms and price list"},"content":{"rendered":"<p><\/p>\n\n\n\n<p><strong>Delivery time:<br><\/strong>The goods will be shipped as soon as possible. In-stock orders placed by 1:00 PM on a business day will be shipped the same day. You will receive a notification in your email inbox on the day your package is shipped.<\/p>\n\n\n\n<p>All orders received by 4:00 PM on weekdays will be processed the same day. Slovenian Post guarantees delivery throughout Slovenia within 3 business days, depending on the location of your post office. If you believe that the delivery of your order is delayed, please inform us immediately at info@sportshine.eu or call us at 041 798 307. We will do our best to ensure that you receive your ordered goods as soon as possible. For shipping to EU countries, we use the Packeta delivery service.<\/p>\n\n\n\n<p><strong>Shipping costs<\/strong> <strong>to Slovenia<\/strong> <strong>\u2013<\/strong>\u00a04.40 euros.<\/p>\n\n\n\n<p><strong>Shipping costs to Croatia \u2013<\/strong> 4.40 euros.<\/p>\n\n\n\n<p><strong>Shipping costs to other EU countries \u2013<\/strong> 5 euros.<\/p>\n\n\n\n<p>If the total order amount is more than 80 EUR,&nbsp;<strong>free shipping<\/strong>(also applies to other countries)<\/p>\n\n\n\n<p>If you urgently need the product by a certain date (birthdays, holidays, etc.), we advise you to place your order early enough and add in the comment that it is an urgent delivery, as this way we can contact you immediately in the event of any complications.<\/p>","protected":false},"excerpt":{"rendered":"<p>\u010cas\u00a0dostave:Blago bo odposlano v najkraj\u0161em mo\u017enem \u010dasu. Naro\u010dila na zalogi, naro\u010dena do 13.00 ure delovnega dne, bodo odpremljena \u0161e isti dan. Na dan, ko vam bomo paket poslali, boste v svoj e-po\u0161tni nabiralnik prejeli obvestilo o zaklju\u010dku naro\u010dila. Vsa naro\u010dila, ki jih med delovniki prejmemo do 16.00 ure, bodo obdelana \u0161e isti dan. Po\u0161ta Slovenije. [&hellip;]<\/p>\n","protected":false},"author":1,"featured_media":0,"parent":0,"menu_order":0,"comment_status":"closed","ping_status":"closed","template":"","meta":{"footnotes":""},"class_list":["post-4936","page","type-page","status-publish","hentry"],"yoast_head":"<!-- This site is optimized with the Yoast SEO plugin v27.3 - https:\/\/yoast.com\/product\/yoast-seo-wordpress\/ -->\n<title>Pogoji in cenik dostave<\/title>\n<meta name=\"robots\" content=\"noindex, nofollow\" \/>\n<meta property=\"og:locale\" content=\"en_GB\" \/>\n<meta property=\"og:type\" content=\"article\" \/>\n<meta property=\"og:title\" content=\"Pogoji in cenik dostave\" \/>\n<meta property=\"og:description\" content=\"\u010cas\u00a0dostave:Blago bo odposlano v najkraj\u0161em mo\u017enem \u010dasu. Naro\u010dila na zalogi, naro\u010dena do 13.00 ure delovnega dne, bodo odpremljena \u0161e isti dan. Na dan, ko vam bomo paket poslali, boste v svoj e-po\u0161tni nabiralnik prejeli obvestilo o zaklju\u010dku naro\u010dila. Vsa naro\u010dila, ki jih med delovniki prejmemo do 16.00 ure, bodo obdelana \u0161e isti dan. Po\u0161ta Slovenije. [&hellip;]\" \/>\n<meta property=\"og:url\" content=\"https:\/\/www.sportshine.eu\/en\/product-return-and-return-conditions-2\/\" \/>\n<meta property=\"og:site_name\" content=\"Sportshine\" \/>\n<meta property=\"article:publisher\" content=\"https:\/\/www.facebook.com\/sportshine.eu\/\" \/>\n<meta property=\"article:modified_time\" content=\"2025-11-01T23:57:06+00:00\" \/>\n<meta name=\"twitter:card\" content=\"summary_large_image\" \/>\n<meta name=\"twitter:label1\" content=\"Estimated reading time\" \/>\n\t<meta name=\"twitter:data1\" content=\"1 minute\" \/>\n<script type=\"application\/ld+json\" class=\"yoast-schema-graph\">{\"@context\":\"https:\\\/\\\/schema.org\",\"@graph\":[{\"@type\":\"WebPage\",\"@id\":\"https:\\\/\\\/www.sportshine.eu\\\/vracilo-izdelka-in-pogoji-za-vracilo-2\\\/\",\"url\":\"https:\\\/\\\/www.sportshine.eu\\\/vracilo-izdelka-in-pogoji-za-vracilo-2\\\/\",\"name\":\"Pogoji in cenik dostave\",\"isPartOf\":{\"@id\":\"https:\\\/\\\/www.sportshine.eu\\\/#website\"},\"datePublished\":\"2025-06-23T21:09:45+00:00\",\"dateModified\":\"2025-11-01T23:57:06+00:00\",\"breadcrumb\":{\"@id\":\"https:\\\/\\\/www.sportshine.eu\\\/vracilo-izdelka-in-pogoji-za-vracilo-2\\\/#breadcrumb\"},\"inLanguage\":\"en-GB\",\"potentialAction\":[{\"@type\":\"ReadAction\",\"target\":[\"https:\\\/\\\/www.sportshine.eu\\\/vracilo-izdelka-in-pogoji-za-vracilo-2\\\/\"]}]},{\"@type\":\"BreadcrumbList\",\"@id\":\"https:\\\/\\\/www.sportshine.eu\\\/vracilo-izdelka-in-pogoji-za-vracilo-2\\\/#breadcrumb\",\"itemListElement\":[{\"@type\":\"ListItem\",\"position\":1,\"name\":\"Home\",\"item\":\"https:\\\/\\\/www.sportshine.eu\\\/\"},{\"@type\":\"ListItem\",\"position\":2,\"name\":\"Pogoji in cenik dostave\"}]},{\"@type\":\"WebSite\",\"@id\":\"https:\\\/\\\/www.sportshine.eu\\\/#website\",\"url\":\"https:\\\/\\\/www.sportshine.eu\\\/\",\"name\":\"Sportshine\",\"description\":\"Top spletna trgovina kolesarskih in naglavnih svetilk ter opreme\",\"publisher\":{\"@id\":\"https:\\\/\\\/www.sportshine.eu\\\/#organization\"},\"potentialAction\":[{\"@type\":\"SearchAction\",\"target\":{\"@type\":\"EntryPoint\",\"urlTemplate\":\"https:\\\/\\\/www.sportshine.eu\\\/?s={search_term_string}\"},\"query-input\":{\"@type\":\"PropertyValueSpecification\",\"valueRequired\":true,\"valueName\":\"search_term_string\"}}],\"inLanguage\":\"en-GB\"},{\"@type\":\"Organization\",\"@id\":\"https:\\\/\\\/www.sportshine.eu\\\/#organization\",\"name\":\"Sportshine\",\"url\":\"https:\\\/\\\/www.sportshine.eu\\\/\",\"logo\":{\"@type\":\"ImageObject\",\"inLanguage\":\"en-GB\",\"@id\":\"https:\\\/\\\/www.sportshine.eu\\\/#\\\/schema\\\/logo\\\/image\\\/\",\"url\":\"https:\\\/\\\/www.sportshine.eu\\\/wp-content\\\/uploads\\\/2026\\\/01\\\/cropped-Sportshine.webp\",\"contentUrl\":\"https:\\\/\\\/www.sportshine.eu\\\/wp-content\\\/uploads\\\/2026\\\/01\\\/cropped-Sportshine.webp\",\"width\":295,\"height\":128,\"caption\":\"Sportshine\"},\"image\":{\"@id\":\"https:\\\/\\\/www.sportshine.eu\\\/#\\\/schema\\\/logo\\\/image\\\/\"},\"sameAs\":[\"https:\\\/\\\/www.facebook.com\\\/sportshine.eu\\\/\"]}]}<\/script>\n<!-- \/ Yoast SEO plugin. -->","yoast_head_json":{"title":"Delivery terms and price list","robots":{"index":"noindex","follow":"nofollow"},"og_locale":"en_GB","og_type":"article","og_title":"Pogoji in cenik dostave","og_description":"\u010cas\u00a0dostave:Blago bo odposlano v najkraj\u0161em mo\u017enem \u010dasu. Naro\u010dila na zalogi, naro\u010dena do 13.00 ure delovnega dne, bodo odpremljena \u0161e isti dan. Na dan, ko vam bomo paket poslali, boste v svoj e-po\u0161tni nabiralnik prejeli obvestilo o zaklju\u010dku naro\u010dila. Vsa naro\u010dila, ki jih med delovniki prejmemo do 16.00 ure, bodo obdelana \u0161e isti dan. Po\u0161ta Slovenije. [&hellip;]","og_url":"https:\/\/www.sportshine.eu\/en\/product-return-and-return-conditions-2\/","og_site_name":"Sportshine","article_publisher":"https:\/\/www.facebook.com\/sportshine.eu\/","article_modified_time":"2025-11-01T23:57:06+00:00","twitter_card":"summary_large_image","twitter_misc":{"Estimated reading time":"1 minute"},"schema":{"@context":"https:\/\/schema.org","@graph":[{"@type":"WebPage","@id":"https:\/\/www.sportshine.eu\/vracilo-izdelka-in-pogoji-za-vracilo-2\/","url":"https:\/\/www.sportshine.eu\/vracilo-izdelka-in-pogoji-za-vracilo-2\/","name":"Delivery terms and price list","isPartOf":{"@id":"https:\/\/www.sportshine.eu\/#website"},"datePublished":"2025-06-23T21:09:45+00:00","dateModified":"2025-11-01T23:57:06+00:00","breadcrumb":{"@id":"https:\/\/www.sportshine.eu\/vracilo-izdelka-in-pogoji-za-vracilo-2\/#breadcrumb"},"inLanguage":"en-GB","potentialAction":[{"@type":"ReadAction","target":["https:\/\/www.sportshine.eu\/vracilo-izdelka-in-pogoji-za-vracilo-2\/"]}]},{"@type":"BreadcrumbList","@id":"https:\/\/www.sportshine.eu\/vracilo-izdelka-in-pogoji-za-vracilo-2\/#breadcrumb","itemListElement":[{"@type":"ListItem","position":1,"name":"Home","item":"https:\/\/www.sportshine.eu\/"},{"@type":"ListItem","position":2,"name":"Pogoji in cenik dostave"}]},{"@type":"WebSite","@id":"https:\/\/www.sportshine.eu\/#website","url":"https:\/\/www.sportshine.eu\/","name":"Sportshine","description":"Top online store for cycling and head lamps and equipment","publisher":{"@id":"https:\/\/www.sportshine.eu\/#organization"},"potentialAction":[{"@type":"SearchAction","target":{"@type":"EntryPoint","urlTemplate":"https:\/\/www.sportshine.eu\/?s={search_term_string}"},"query-input":{"@type":"PropertyValueSpecification","valueRequired":true,"valueName":"search_term_string"}}],"inLanguage":"en-GB"},{"@type":"Organization","@id":"https:\/\/www.sportshine.eu\/#organization","name":"Sportshine","url":"https:\/\/www.sportshine.eu\/","logo":{"@type":"ImageObject","inLanguage":"en-GB","@id":"https:\/\/www.sportshine.eu\/#\/schema\/logo\/image\/","url":"https:\/\/www.sportshine.eu\/wp-content\/uploads\/2026\/01\/cropped-Sportshine.webp","contentUrl":"https:\/\/www.sportshine.eu\/wp-content\/uploads\/2026\/01\/cropped-Sportshine.webp","width":295,"height":128,"caption":"Sportshine"},"image":{"@id":"https:\/\/www.sportshine.eu\/#\/schema\/logo\/image\/"},"sameAs":["https:\/\/www.facebook.com\/sportshine.eu\/"]}]}},"_links":{"self":[{"href":"https:\/\/www.sportshine.eu\/en\/wp-json\/wp\/v2\/pages\/4936","targetHints":{"allow":["GET"]}}],"collection":[{"href":"https:\/\/www.sportshine.eu\/en\/wp-json\/wp\/v2\/pages"}],"about":[{"href":"https:\/\/www.sportshine.eu\/en\/wp-json\/wp\/v2\/types\/page"}],"author":[{"embeddable":true,"href":"https:\/\/www.sportshine.eu\/en\/wp-json\/wp\/v2\/users\/1"}],"replies":[{"embeddable":true,"href":"https:\/\/www.sportshine.eu\/en\/wp-json\/wp\/v2\/comments?post=4936"}],"version-history":[{"count":0,"href":"https:\/\/www.sportshine.eu\/en\/wp-json\/wp\/v2\/pages\/4936\/revisions"}],"wp:attachment":[{"href":"https:\/\/www.sportshine.eu\/en\/wp-json\/wp\/v2\/media?parent=4936"}],"curies":[{"name":"wp","href":"https:\/\/api.w.org\/{rel}","templated":true}]}}