{"id":8165,"date":"2025-10-05T17:47:06","date_gmt":"2025-10-05T17:47:06","guid":{"rendered":"https:\/\/www.sportshine.eu\/?post_type=product&#038;p=8165"},"modified":"2025-10-05T18:23:12","modified_gmt":"2025-10-05T18:23:12","slug":"tracker-magicshine-netfy-carrier","status":"publish","type":"product","link":"https:\/\/www.sportshine.eu\/de\/geschaft\/tracker-magicshine-netfy-carrier\/","title":{"rendered":"Magicshine NETFY Tracker-Lichthalterung"},"content":{"rendered":"<h3 style=\"text-align: center;\">FOLGEN. SUCHEN. FINDEN.<\/h3>\n<p style=\"text-align: center;\">Mit dem zunehmenden Radfahren in St\u00e4dten steigt auch der Bedarf an intelligenteren und diskreteren Fahrradsicherungen. Netfy bietet eine praktische Diebstahlschutzl\u00f6sung, indem ein Tracker direkt in die Sattelst\u00fctze integriert wird. So k\u00f6nnen Radfahrer ihr Fahrrad sch\u00fctzen, ohne ihre bestehende Ausr\u00fcstung ver\u00e4ndern zu m\u00fcssen.<\/p>\n<p><iframe loading=\"lazy\" title=\"Fahrrad verloren? Probieren Sie den Magicshine NETFY Sattelhalterungs-Tracker.\" width=\"500\" height=\"281\" src=\"https:\/\/www.youtube.com\/embed\/V0yZEgxRfhg?feature=oembed\" frameborder=\"0\" allow=\"accelerometer; autoplay; clipboard-write; encrypted-media; gyroscope; picture-in-picture; web-share\" referrerpolicy=\"strict-origin-when-cross-origin\" allowfullscreen><\/iframe><\/p>\n<h3 style=\"text-align: center;\">BEREIT F\u00dcR APPLE FIND MY<\/h3>\n<p style=\"text-align: center;\">Ortung, Alarmierung (Ping) oder Aktivierung des \u00bbVerloren-Modus\u00ab \u2013 im gesamten Netzwerk <b>Apple \u201eMeine Suche\u201c<\/b>.<\/p>\n<p><img decoding=\"async\" class=\"aligncenter wp-image-8169 size-full\" src=\"https:\/\/www.sportshine.eu\/wp-content\/uploads\/2025\/10\/Magicshine-Netfy-sledilnik-za-kolo-2.webp\" alt=\"Magicshine Netfy Fahrrad-Tracker \" width=\"814\" height=\"814\" srcset=\"https:\/\/www.sportshine.eu\/wp-content\/uploads\/2025\/10\/Magicshine-Netfy-sledilnik-za-kolo-2.webp 814w, https:\/\/www.sportshine.eu\/wp-content\/uploads\/2025\/10\/Magicshine-Netfy-sledilnik-za-kolo-2-768x768.webp 768w, https:\/\/www.sportshine.eu\/wp-content\/uploads\/2025\/10\/Magicshine-Netfy-sledilnik-za-kolo-2-600x600.webp 600w\" sizes=\"(max-width: 814px) 100vw, 814px\" \/><\/p>\n<h3 style=\"text-align: center;\">GOPRO-ADAPTERKOMPATIBILIT\u00c4T<\/h3>\n<p style=\"text-align: center;\">Die SEEMEE-R\u00fcckleuchten lassen sich dank der Viertelkreis-Halterung einfach befestigen \u2013 zus\u00e4tzliche Adapter sind nicht erforderlich. Kompatibel mit Garmin-Adaptern und allen GoPro-kompatiblen Halterungen.<\/p>\n<p><img decoding=\"async\" class=\"aligncenter wp-image-8170 size-full\" src=\"https:\/\/www.sportshine.eu\/wp-content\/uploads\/2025\/10\/Magicshine-Netfy-sledilnik-za-kolo-3.webp\" alt=\"Magicshine Netfy Fahrrad-Tracker \" width=\"814\" height=\"814\" srcset=\"https:\/\/www.sportshine.eu\/wp-content\/uploads\/2025\/10\/Magicshine-Netfy-sledilnik-za-kolo-3.webp 814w, https:\/\/www.sportshine.eu\/wp-content\/uploads\/2025\/10\/Magicshine-Netfy-sledilnik-za-kolo-3-768x768.webp 768w, https:\/\/www.sportshine.eu\/wp-content\/uploads\/2025\/10\/Magicshine-Netfy-sledilnik-za-kolo-3-600x600.webp 600w\" sizes=\"(max-width: 814px) 100vw, 814px\" \/><\/p>\n<h3 style=\"text-align: center;\">AKKULAUFZEIT BIS ZU 6 MONATE<\/h3>\n<p style=\"text-align: center;\">Die CR2032-Batterie erm\u00f6glicht einen kontinuierlichen Betrieb von bis zu 6 Monaten, sodass h\u00e4ufige Batteriewechsel der Vergangenheit angeh\u00f6ren.<\/p>\n<p><img decoding=\"async\" class=\"aligncenter wp-image-8171 size-full\" src=\"https:\/\/www.sportshine.eu\/wp-content\/uploads\/2025\/10\/Magicshine-Netfy-sledilnik-za-kolo-4.webp\" alt=\"Magicshine Netfy Fahrrad-Tracker \" width=\"814\" height=\"814\" srcset=\"https:\/\/www.sportshine.eu\/wp-content\/uploads\/2025\/10\/Magicshine-Netfy-sledilnik-za-kolo-4.webp 814w, https:\/\/www.sportshine.eu\/wp-content\/uploads\/2025\/10\/Magicshine-Netfy-sledilnik-za-kolo-4-768x768.webp 768w, https:\/\/www.sportshine.eu\/wp-content\/uploads\/2025\/10\/Magicshine-Netfy-sledilnik-za-kolo-4-600x600.webp 600w\" sizes=\"(max-width: 814px) 100vw, 814px\" \/><\/p>\n<h3 style=\"text-align: center;\">DISKRETE DIEBSTAHLSCHUTZL\u00d6SUNG<\/h3>\n<p style=\"text-align: center;\">Im Inneren der Sattelst\u00fctze verborgen und mit Sicherheitsschrauben versehen, gew\u00e4hrleistet es eine sichere und unauff\u00e4llige Spurf\u00fchrung.<\/p>\n<p><img decoding=\"async\" class=\"aligncenter wp-image-8172 size-full\" src=\"https:\/\/www.sportshine.eu\/wp-content\/uploads\/2025\/10\/Magicshine-Netfy-sledilnik-za-kolo-5.webp\" alt=\"Magicshine Netfy Fahrrad-Tracker \" width=\"814\" height=\"814\" srcset=\"https:\/\/www.sportshine.eu\/wp-content\/uploads\/2025\/10\/Magicshine-Netfy-sledilnik-za-kolo-5.webp 814w, https:\/\/www.sportshine.eu\/wp-content\/uploads\/2025\/10\/Magicshine-Netfy-sledilnik-za-kolo-5-768x768.webp 768w, https:\/\/www.sportshine.eu\/wp-content\/uploads\/2025\/10\/Magicshine-Netfy-sledilnik-za-kolo-5-600x600.webp 600w\" sizes=\"(max-width: 814px) 100vw, 814px\" \/><\/p>\n<h3 style=\"text-align: center;\">Zuverl\u00e4ssigkeit bei allen Wetterbedingungen<\/h3>\n<p style=\"text-align: center;\">Die IPX6-Wasserbest\u00e4ndigkeit erm\u00f6glicht ein reibungsloses Tracking auch bei Fahrten im Regen und Schlamm.<\/p>\n<p><img decoding=\"async\" class=\"aligncenter wp-image-8173 size-full\" src=\"https:\/\/www.sportshine.eu\/wp-content\/uploads\/2025\/10\/Magicshine-Netfy-sledilnik-za-kolo-6.webp\" alt=\"Magicshine Netfy Fahrrad-Tracker\" width=\"814\" height=\"814\" srcset=\"https:\/\/www.sportshine.eu\/wp-content\/uploads\/2025\/10\/Magicshine-Netfy-sledilnik-za-kolo-6.webp 814w, https:\/\/www.sportshine.eu\/wp-content\/uploads\/2025\/10\/Magicshine-Netfy-sledilnik-za-kolo-6-768x768.webp 768w, https:\/\/www.sportshine.eu\/wp-content\/uploads\/2025\/10\/Magicshine-Netfy-sledilnik-za-kolo-6-600x600.webp 600w\" sizes=\"(max-width: 814px) 100vw, 814px\" \/><\/p>\n<h3 style=\"text-align: center;\">WAS IST IM PAKET?<\/h3>\n<p><img decoding=\"async\" class=\"aligncenter wp-image-8175 size-full\" src=\"https:\/\/www.sportshine.eu\/wp-content\/uploads\/2025\/10\/Magicshine-Netfy-sledilnik-za-kolo-7-scaled.webp\" alt=\"Magicshine Netfy Fahrrad-Tracker \" width=\"2560\" height=\"1152\" srcset=\"https:\/\/www.sportshine.eu\/wp-content\/uploads\/2025\/10\/Magicshine-Netfy-sledilnik-za-kolo-7-scaled.webp 2560w, https:\/\/www.sportshine.eu\/wp-content\/uploads\/2025\/10\/Magicshine-Netfy-sledilnik-za-kolo-7-768x346.webp 768w, https:\/\/www.sportshine.eu\/wp-content\/uploads\/2025\/10\/Magicshine-Netfy-sledilnik-za-kolo-7-1536x691.webp 1536w, https:\/\/www.sportshine.eu\/wp-content\/uploads\/2025\/10\/Magicshine-Netfy-sledilnik-za-kolo-7-2048x922.webp 2048w, https:\/\/www.sportshine.eu\/wp-content\/uploads\/2025\/10\/Magicshine-Netfy-sledilnik-za-kolo-7-600x270.webp 600w\" sizes=\"(max-width: 2560px) 100vw, 2560px\" \/><\/p>","protected":false},"excerpt":{"rendered":"<p>Intelligente Ortung f\u00fcr vollst\u00e4ndige Kontrolle<\/p>\n<p>Apples \u201eWo ist?\u201c-Netzwerk mit Millionen von Ger\u00e4ten bietet Folgendes:<\/p>\n<ul>\n<li>Unsichtbarer Schutz, maximale Sicherheit. Verfolgen Sie Ihre Artikel weltweit.<\/li>\n<li>6 Monate Akkulaufzeit \u2013 einmal einstellen und vergessen. Sorgenfreie Nutzung ohne h\u00e4ufiges Aufladen.<\/li>\n<li>Wasserdicht nach IPX6 \u2013 F\u00fcr jedes Wetter geeignet. Zuverl\u00e4ssige Leistung bei Regen und N\u00e4sse.<\/li>\n<\/ul>","protected":false},"featured_media":8167,"comment_status":"open","ping_status":"closed","template":"","meta":[],"product_brand":[131],"product_cat":[87],"product_tag":[],"class_list":{"0":"post-8165","1":"product","2":"type-product","3":"status-publish","4":"has-post-thumbnail","6":"product_brand-magicshine","7":"product_cat-kolesarski-nosilci","9":"first","10":"instock","11":"sale","12":"taxable","13":"shipping-taxable","14":"purchasable","15":"product-type-simple"},"yoast_head":"<!-- This site is optimized with the Yoast SEO plugin v27.3 - https:\/\/yoast.com\/product\/yoast-seo-wordpress\/ -->\n<title>Sledilnik Magicshine NETFY nosilec za lu\u010d<\/title>\n<meta name=\"robots\" content=\"index, follow, max-snippet:-1, max-image-preview:large, max-video-preview:-1\" \/>\n<link rel=\"canonical\" href=\"https:\/\/www.sportshine.eu\/de\/geschaft\/tracker-magicshine-netfy-carrier\/\" \/>\n<meta property=\"og:locale\" content=\"de_DE\" \/>\n<meta property=\"og:type\" content=\"article\" \/>\n<meta property=\"og:title\" content=\"Sledilnik Magicshine NETFY nosilec za lu\u010d\" \/>\n<meta property=\"og:description\" content=\"Pametno sledenje za popoln nadzor  Omre\u017eje Apple Find My z milijoni napravami zagotavlja:   Nevidna za\u0161\u010dita, maksimalna varnost. Sledite svojim predmetom po vsem svetu.  6-mese\u010dna \u017eivljenjska doba baterije \u2013 nastavi in pozabi. Brezskrbna uporaba brez pogostega polnjenja.  IPX6 Vodoodpornost \u2013 pripravljen na vse vreme. Zanesljivo delovanje v de\u017eju in vla\u017enih razmerah.\" \/>\n<meta property=\"og:url\" content=\"https:\/\/www.sportshine.eu\/de\/geschaft\/tracker-magicshine-netfy-carrier\/\" \/>\n<meta property=\"og:site_name\" content=\"Sportshine\" \/>\n<meta property=\"article:publisher\" content=\"https:\/\/www.facebook.com\/sportshine.eu\/\" \/>\n<meta property=\"article:modified_time\" content=\"2025-10-05T18:23:12+00:00\" \/>\n<meta property=\"og:image\" content=\"https:\/\/www.sportshine.eu\/wp-content\/uploads\/2025\/10\/Magicshine-Netfy-sledilnik-za-kolo.webp\" \/>\n\t<meta property=\"og:image:width\" content=\"800\" \/>\n\t<meta property=\"og:image:height\" content=\"800\" \/>\n\t<meta property=\"og:image:type\" content=\"image\/webp\" \/>\n<meta name=\"twitter:card\" content=\"summary_large_image\" \/>\n<meta name=\"twitter:label1\" content=\"Gesch\u00e4tzte Lesezeit\" \/>\n\t<meta name=\"twitter:data1\" content=\"3 Minuten\" \/>\n<script type=\"application\/ld+json\" class=\"yoast-schema-graph\">{\"@context\":\"https:\\\/\\\/schema.org\",\"@graph\":[{\"@type\":\"WebPage\",\"@id\":\"https:\\\/\\\/www.sportshine.eu\\\/trgovina\\\/sledilnik-magicshine-netfy-nosilec\\\/\",\"url\":\"https:\\\/\\\/www.sportshine.eu\\\/trgovina\\\/sledilnik-magicshine-netfy-nosilec\\\/\",\"name\":\"Sledilnik Magicshine NETFY nosilec za lu\u010d\",\"isPartOf\":{\"@id\":\"https:\\\/\\\/www.sportshine.eu\\\/#website\"},\"primaryImageOfPage\":{\"@id\":\"https:\\\/\\\/www.sportshine.eu\\\/trgovina\\\/sledilnik-magicshine-netfy-nosilec\\\/#primaryimage\"},\"image\":{\"@id\":\"https:\\\/\\\/www.sportshine.eu\\\/trgovina\\\/sledilnik-magicshine-netfy-nosilec\\\/#primaryimage\"},\"thumbnailUrl\":\"https:\\\/\\\/www.sportshine.eu\\\/wp-content\\\/uploads\\\/2025\\\/10\\\/Magicshine-Netfy-sledilnik-za-kolo.webp\",\"datePublished\":\"2025-10-05T17:47:06+00:00\",\"dateModified\":\"2025-10-05T18:23:12+00:00\",\"breadcrumb\":{\"@id\":\"https:\\\/\\\/www.sportshine.eu\\\/trgovina\\\/sledilnik-magicshine-netfy-nosilec\\\/#breadcrumb\"},\"inLanguage\":\"de-AT\",\"potentialAction\":[{\"@type\":\"ReadAction\",\"target\":[\"https:\\\/\\\/www.sportshine.eu\\\/trgovina\\\/sledilnik-magicshine-netfy-nosilec\\\/\"]}]},{\"@type\":\"ImageObject\",\"inLanguage\":\"de-AT\",\"@id\":\"https:\\\/\\\/www.sportshine.eu\\\/trgovina\\\/sledilnik-magicshine-netfy-nosilec\\\/#primaryimage\",\"url\":\"https:\\\/\\\/www.sportshine.eu\\\/wp-content\\\/uploads\\\/2025\\\/10\\\/Magicshine-Netfy-sledilnik-za-kolo.webp\",\"contentUrl\":\"https:\\\/\\\/www.sportshine.eu\\\/wp-content\\\/uploads\\\/2025\\\/10\\\/Magicshine-Netfy-sledilnik-za-kolo.webp\",\"width\":800,\"height\":800,\"caption\":\"Magicshine Netfy sledilnik za kolo\"},{\"@type\":\"BreadcrumbList\",\"@id\":\"https:\\\/\\\/www.sportshine.eu\\\/trgovina\\\/sledilnik-magicshine-netfy-nosilec\\\/#breadcrumb\",\"itemListElement\":[{\"@type\":\"ListItem\",\"position\":1,\"name\":\"Home\",\"item\":\"https:\\\/\\\/www.sportshine.eu\\\/\"},{\"@type\":\"ListItem\",\"position\":2,\"name\":\"Trgovina\",\"item\":\"https:\\\/\\\/www.sportshine.eu\\\/trgovina\\\/\"},{\"@type\":\"ListItem\",\"position\":3,\"name\":\"Sledilnik Magicshine NETFY nosilec za lu\u010d\"}]},{\"@type\":\"WebSite\",\"@id\":\"https:\\\/\\\/www.sportshine.eu\\\/#website\",\"url\":\"https:\\\/\\\/www.sportshine.eu\\\/\",\"name\":\"Sportshine\",\"description\":\"Top spletna trgovina kolesarskih in naglavnih svetilk ter opreme\",\"publisher\":{\"@id\":\"https:\\\/\\\/www.sportshine.eu\\\/#organization\"},\"potentialAction\":[{\"@type\":\"SearchAction\",\"target\":{\"@type\":\"EntryPoint\",\"urlTemplate\":\"https:\\\/\\\/www.sportshine.eu\\\/?s={search_term_string}\"},\"query-input\":{\"@type\":\"PropertyValueSpecification\",\"valueRequired\":true,\"valueName\":\"search_term_string\"}}],\"inLanguage\":\"de-AT\"},{\"@type\":\"Organization\",\"@id\":\"https:\\\/\\\/www.sportshine.eu\\\/#organization\",\"name\":\"Sportshine\",\"url\":\"https:\\\/\\\/www.sportshine.eu\\\/\",\"logo\":{\"@type\":\"ImageObject\",\"inLanguage\":\"de-AT\",\"@id\":\"https:\\\/\\\/www.sportshine.eu\\\/#\\\/schema\\\/logo\\\/image\\\/\",\"url\":\"https:\\\/\\\/www.sportshine.eu\\\/wp-content\\\/uploads\\\/2026\\\/01\\\/cropped-Sportshine.webp\",\"contentUrl\":\"https:\\\/\\\/www.sportshine.eu\\\/wp-content\\\/uploads\\\/2026\\\/01\\\/cropped-Sportshine.webp\",\"width\":295,\"height\":128,\"caption\":\"Sportshine\"},\"image\":{\"@id\":\"https:\\\/\\\/www.sportshine.eu\\\/#\\\/schema\\\/logo\\\/image\\\/\"},\"sameAs\":[\"https:\\\/\\\/www.facebook.com\\\/sportshine.eu\\\/\"]}]}<\/script>\n<!-- \/ Yoast SEO plugin. -->","yoast_head_json":{"title":"Magicshine NETFY Tracker-Lichthalterung","robots":{"index":"index","follow":"follow","max-snippet":"max-snippet:-1","max-image-preview":"max-image-preview:large","max-video-preview":"max-video-preview:-1"},"canonical":"https:\/\/www.sportshine.eu\/de\/geschaft\/tracker-magicshine-netfy-carrier\/","og_locale":"de_DE","og_type":"article","og_title":"Sledilnik Magicshine NETFY nosilec za lu\u010d","og_description":"Pametno sledenje za popoln nadzor  Omre\u017eje Apple Find My z milijoni napravami zagotavlja:   Nevidna za\u0161\u010dita, maksimalna varnost. Sledite svojim predmetom po vsem svetu.  6-mese\u010dna \u017eivljenjska doba baterije \u2013 nastavi in pozabi. Brezskrbna uporaba brez pogostega polnjenja.  IPX6 Vodoodpornost \u2013 pripravljen na vse vreme. Zanesljivo delovanje v de\u017eju in vla\u017enih razmerah.","og_url":"https:\/\/www.sportshine.eu\/de\/geschaft\/tracker-magicshine-netfy-carrier\/","og_site_name":"Sportshine","article_publisher":"https:\/\/www.facebook.com\/sportshine.eu\/","article_modified_time":"2025-10-05T18:23:12+00:00","og_image":[{"width":800,"height":800,"url":"https:\/\/www.sportshine.eu\/wp-content\/uploads\/2025\/10\/Magicshine-Netfy-sledilnik-za-kolo.webp","type":"image\/webp"}],"twitter_card":"summary_large_image","twitter_misc":{"Gesch\u00e4tzte Lesezeit":"3 Minuten"},"schema":{"@context":"https:\/\/schema.org","@graph":[{"@type":"WebPage","@id":"https:\/\/www.sportshine.eu\/trgovina\/sledilnik-magicshine-netfy-nosilec\/","url":"https:\/\/www.sportshine.eu\/trgovina\/sledilnik-magicshine-netfy-nosilec\/","name":"Magicshine NETFY Tracker-Lichthalterung","isPartOf":{"@id":"https:\/\/www.sportshine.eu\/#website"},"primaryImageOfPage":{"@id":"https:\/\/www.sportshine.eu\/trgovina\/sledilnik-magicshine-netfy-nosilec\/#primaryimage"},"image":{"@id":"https:\/\/www.sportshine.eu\/trgovina\/sledilnik-magicshine-netfy-nosilec\/#primaryimage"},"thumbnailUrl":"https:\/\/www.sportshine.eu\/wp-content\/uploads\/2025\/10\/Magicshine-Netfy-sledilnik-za-kolo.webp","datePublished":"2025-10-05T17:47:06+00:00","dateModified":"2025-10-05T18:23:12+00:00","breadcrumb":{"@id":"https:\/\/www.sportshine.eu\/trgovina\/sledilnik-magicshine-netfy-nosilec\/#breadcrumb"},"inLanguage":"de-AT","potentialAction":[{"@type":"ReadAction","target":["https:\/\/www.sportshine.eu\/trgovina\/sledilnik-magicshine-netfy-nosilec\/"]}]},{"@type":"ImageObject","inLanguage":"de-AT","@id":"https:\/\/www.sportshine.eu\/trgovina\/sledilnik-magicshine-netfy-nosilec\/#primaryimage","url":"https:\/\/www.sportshine.eu\/wp-content\/uploads\/2025\/10\/Magicshine-Netfy-sledilnik-za-kolo.webp","contentUrl":"https:\/\/www.sportshine.eu\/wp-content\/uploads\/2025\/10\/Magicshine-Netfy-sledilnik-za-kolo.webp","width":800,"height":800,"caption":"Magicshine Netfy sledilnik za kolo"},{"@type":"BreadcrumbList","@id":"https:\/\/www.sportshine.eu\/trgovina\/sledilnik-magicshine-netfy-nosilec\/#breadcrumb","itemListElement":[{"@type":"ListItem","position":1,"name":"Home","item":"https:\/\/www.sportshine.eu\/"},{"@type":"ListItem","position":2,"name":"Trgovina","item":"https:\/\/www.sportshine.eu\/trgovina\/"},{"@type":"ListItem","position":3,"name":"Sledilnik Magicshine NETFY nosilec za lu\u010d"}]},{"@type":"WebSite","@id":"https:\/\/www.sportshine.eu\/#website","url":"https:\/\/www.sportshine.eu\/","name":"Sportshine","description":"Top Online-Shop f\u00fcr Fahrrad- und Stirnlampen sowie Zubeh\u00f6r","publisher":{"@id":"https:\/\/www.sportshine.eu\/#organization"},"potentialAction":[{"@type":"SearchAction","target":{"@type":"EntryPoint","urlTemplate":"https:\/\/www.sportshine.eu\/?s={search_term_string}"},"query-input":{"@type":"PropertyValueSpecification","valueRequired":true,"valueName":"search_term_string"}}],"inLanguage":"de-AT"},{"@type":"Organization","@id":"https:\/\/www.sportshine.eu\/#organization","name":"Sportshine","url":"https:\/\/www.sportshine.eu\/","logo":{"@type":"ImageObject","inLanguage":"de-AT","@id":"https:\/\/www.sportshine.eu\/#\/schema\/logo\/image\/","url":"https:\/\/www.sportshine.eu\/wp-content\/uploads\/2026\/01\/cropped-Sportshine.webp","contentUrl":"https:\/\/www.sportshine.eu\/wp-content\/uploads\/2026\/01\/cropped-Sportshine.webp","width":295,"height":128,"caption":"Sportshine"},"image":{"@id":"https:\/\/www.sportshine.eu\/#\/schema\/logo\/image\/"},"sameAs":["https:\/\/www.facebook.com\/sportshine.eu\/"]}]}},"_links":{"self":[{"href":"https:\/\/www.sportshine.eu\/de\/wp-json\/wp\/v2\/product\/8165","targetHints":{"allow":["GET"]}}],"collection":[{"href":"https:\/\/www.sportshine.eu\/de\/wp-json\/wp\/v2\/product"}],"about":[{"href":"https:\/\/www.sportshine.eu\/de\/wp-json\/wp\/v2\/types\/product"}],"replies":[{"embeddable":true,"href":"https:\/\/www.sportshine.eu\/de\/wp-json\/wp\/v2\/comments?post=8165"}],"version-history":[{"count":0,"href":"https:\/\/www.sportshine.eu\/de\/wp-json\/wp\/v2\/product\/8165\/revisions"}],"wp:featuredmedia":[{"embeddable":true,"href":"https:\/\/www.sportshine.eu\/de\/wp-json\/wp\/v2\/media\/8167"}],"wp:attachment":[{"href":"https:\/\/www.sportshine.eu\/de\/wp-json\/wp\/v2\/media?parent=8165"}],"wp:term":[{"taxonomy":"product_brand","embeddable":true,"href":"https:\/\/www.sportshine.eu\/de\/wp-json\/wp\/v2\/product_brand?post=8165"},{"taxonomy":"product_cat","embeddable":true,"href":"https:\/\/www.sportshine.eu\/de\/wp-json\/wp\/v2\/product_cat?post=8165"},{"taxonomy":"product_tag","embeddable":true,"href":"https:\/\/www.sportshine.eu\/de\/wp-json\/wp\/v2\/product_tag?post=8165"}],"curies":[{"name":"wp","href":"https:\/\/api.w.org\/{rel}","templated":true}]}}