{"id":8093,"date":"2026-03-01T08:14:28","date_gmt":"2026-03-01T08:14:28","guid":{"rendered":"https:\/\/www.sportshine.eu\/?post_type=product&#038;p=8093"},"modified":"2026-04-07T19:56:06","modified_gmt":"2026-04-07T19:56:06","slug":"magicshine-hori-900-fahrradlichter","status":"publish","type":"product","link":"https:\/\/www.sportshine.eu\/de\/geschaft\/magicshine-hori-900-fahrradlichter\/","title":{"rendered":"Magicshine HORI 900 Fahrradlicht"},"content":{"rendered":"<h3 style=\"text-align: center;\">VIDEOPR\u00c4SENTATION DES MAGICSHINE HORI 900 CYCLE LIGHT<\/h3>\n<p><iframe loading=\"lazy\" title=\"Magicshine | Hori-Serie, gebaut f\u00fcr Stra\u00dfenradfahrer in der Stadt\" width=\"500\" height=\"281\" src=\"https:\/\/www.youtube.com\/embed\/pR_mXHN7vKI?feature=oembed\" frameborder=\"0\" allow=\"accelerometer; autoplay; clipboard-write; encrypted-media; gyroscope; picture-in-picture; web-share\" referrerpolicy=\"strict-origin-when-cross-origin\" allowfullscreen><\/iframe><\/p>\n<h3 style=\"text-align: center;\">INTEGRIERTE THEKENMONTAGEHALTERUNG<\/h3>\n<p style=\"text-align: center;\">Montieren Sie Ihren Garmin- oder Wahoo-Computer direkt auf der Leuchte \u2013 kompakt, lenkerfreundlich und rennbereit.<\/p>\n<p><img decoding=\"async\" class=\"aligncenter wp-image-8098\" src=\"https:\/\/www.sportshine.eu\/wp-content\/uploads\/2025\/10\/HORI_900_10.webp\" alt=\"Magicshine Hori 900\" width=\"800\" height=\"800\" srcset=\"https:\/\/www.sportshine.eu\/wp-content\/uploads\/2025\/10\/HORI_900_10.webp 690w, https:\/\/www.sportshine.eu\/wp-content\/uploads\/2025\/10\/HORI_900_10-600x600.webp 600w\" sizes=\"(max-width: 800px) 100vw, 800px\" \/><\/p>\n<p>&nbsp;<\/p>\n<h3 style=\"text-align: center;\">ERLEBEN SIE DIE LEISTUNG VON 900 LUMEN<\/h3>\n<p style=\"text-align: center;\">Die Hochleistungs-LED sorgt f\u00fcr eine maximale Helligkeit von 900 Lumen.<\/p>\n<p><img decoding=\"async\" class=\"aligncenter wp-image-8099 size-full\" src=\"https:\/\/www.sportshine.eu\/wp-content\/uploads\/2025\/10\/26.webp\" alt=\"Hori 900\" width=\"800\" height=\"800\" srcset=\"https:\/\/www.sportshine.eu\/wp-content\/uploads\/2025\/10\/26.webp 800w, https:\/\/www.sportshine.eu\/wp-content\/uploads\/2025\/10\/26-768x768.webp 768w, https:\/\/www.sportshine.eu\/wp-content\/uploads\/2025\/10\/26-600x600.webp 600w\" sizes=\"(max-width: 800px) 100vw, 800px\" \/><\/p>\n<h3 style=\"text-align: center;\">WETTERBEST\u00c4NDIG<\/h3>\n<p style=\"text-align: center;\">Regen, Nieselregen oder Sturm \u2013 mit der Wasserdichtigkeitsklasse IPX6 sorgt der HORI 900 immer f\u00fcr eine helle und sichere Fahrt.<\/p>\n<p><img decoding=\"async\" class=\"aligncenter wp-image-8102 size-full\" src=\"https:\/\/www.sportshine.eu\/wp-content\/uploads\/2025\/10\/magicshine-HORI-900-bike-light-sell-point-3.webp\" alt=\"Magicshine Hori 900\" width=\"800\" height=\"800\" srcset=\"https:\/\/www.sportshine.eu\/wp-content\/uploads\/2025\/10\/magicshine-HORI-900-bike-light-sell-point-3.webp 800w, https:\/\/www.sportshine.eu\/wp-content\/uploads\/2025\/10\/magicshine-HORI-900-bike-light-sell-point-3-768x768.webp 768w, https:\/\/www.sportshine.eu\/wp-content\/uploads\/2025\/10\/magicshine-HORI-900-bike-light-sell-point-3-600x600.webp 600w\" sizes=\"(max-width: 800px) 100vw, 800px\" \/><\/p>\n<h3 style=\"text-align: center;\">FALLE AUCH TAGS\u00dcBER HERVOR<\/h3>\n<p style=\"text-align: center;\">Die DRL-Technologie (Daytime Running Light) erh\u00f6ht Ihre Sichtbarkeit bei hellen Bedingungen mit einem starken Blink- und Dauerlichtmodus, der die Aufmerksamkeit aller auf sich zieht.<\/p>\n<p><img decoding=\"async\" class=\"aligncenter wp-image-8103 size-full\" src=\"https:\/\/www.sportshine.eu\/wp-content\/uploads\/2025\/10\/magicshine-HORI-900-bike-light-sell-point-9.webp\" alt=\"Magicshine HORI 900 Licht\" width=\"814\" height=\"812\" srcset=\"https:\/\/www.sportshine.eu\/wp-content\/uploads\/2025\/10\/magicshine-HORI-900-bike-light-sell-point-9.webp 814w, https:\/\/www.sportshine.eu\/wp-content\/uploads\/2025\/10\/magicshine-HORI-900-bike-light-sell-point-9-768x766.webp 768w, https:\/\/www.sportshine.eu\/wp-content\/uploads\/2025\/10\/magicshine-HORI-900-bike-light-sell-point-9-600x599.webp 600w\" sizes=\"(max-width: 814px) 100vw, 814px\" \/><\/p>\n<h3 style=\"text-align: center;\">PR\u00c4ZISE STRAHLABSCHNITTSOPTION<\/h3>\n<p style=\"text-align: center;\">Das blendfreie optische Design lenkt das Licht pr\u00e4zise auf die Stra\u00dfe und sch\u00fctzt so sowohl entgegenkommende Radfahrer als auch Autofahrer.<\/p>\n<p><img decoding=\"async\" class=\"aligncenter wp-image-8105 size-full\" src=\"https:\/\/www.sportshine.eu\/wp-content\/uploads\/2025\/10\/Magicshine-HORI-900-2.webp\" alt=\"Magicshine HORI 900 \" width=\"814\" height=\"814\" srcset=\"https:\/\/www.sportshine.eu\/wp-content\/uploads\/2025\/10\/Magicshine-HORI-900-2.webp 814w, https:\/\/www.sportshine.eu\/wp-content\/uploads\/2025\/10\/Magicshine-HORI-900-2-768x768.webp 768w, https:\/\/www.sportshine.eu\/wp-content\/uploads\/2025\/10\/Magicshine-HORI-900-2-600x600.webp 600w\" sizes=\"(max-width: 814px) 100vw, 814px\" \/><\/p>\n<h3 style=\"text-align: center;\">BENUTZERDEFINIERTE MODI \u00dcBER DIE APP<\/h3>\n<p style=\"text-align: center;\">Mit der Magicshine-App k\u00f6nnen Sie die Helligkeit und Funktionsweise der Lichter an die jeweilige Stra\u00dfensituation anpassen.<\/p>\n<p><img decoding=\"async\" class=\"aligncenter wp-image-8106 size-full\" src=\"https:\/\/www.sportshine.eu\/wp-content\/uploads\/2025\/10\/Magicshine-Hori-900-luc-za-kolo.webp\" alt=\"Magicshine Hori 900 Fahrradlicht\" width=\"814\" height=\"814\" srcset=\"https:\/\/www.sportshine.eu\/wp-content\/uploads\/2025\/10\/Magicshine-Hori-900-luc-za-kolo.webp 814w, https:\/\/www.sportshine.eu\/wp-content\/uploads\/2025\/10\/Magicshine-Hori-900-luc-za-kolo-768x768.webp 768w, https:\/\/www.sportshine.eu\/wp-content\/uploads\/2025\/10\/Magicshine-Hori-900-luc-za-kolo-600x600.webp 600w\" sizes=\"(max-width: 814px) 100vw, 814px\" \/><\/p>\n<h3 style=\"text-align: center;\">SCHNELLES LADEN \u00dcBER USB-C<\/h3>\n<p style=\"text-align: center;\">Mit der Schnellladung \u00fcber USB-C ist der Akku in etwa 2,5 Stunden vollst\u00e4ndig geladen.<\/p>\n<p><img decoding=\"async\" class=\"aligncenter wp-image-8107 size-full\" src=\"https:\/\/www.sportshine.eu\/wp-content\/uploads\/2025\/10\/Luc-za-kolo-Hori-900.webp\" alt=\"Hori 900 Fahrradlicht\" width=\"814\" height=\"814\" srcset=\"https:\/\/www.sportshine.eu\/wp-content\/uploads\/2025\/10\/Luc-za-kolo-Hori-900.webp 814w, https:\/\/www.sportshine.eu\/wp-content\/uploads\/2025\/10\/Luc-za-kolo-Hori-900-768x768.webp 768w, https:\/\/www.sportshine.eu\/wp-content\/uploads\/2025\/10\/Luc-za-kolo-Hori-900-600x600.webp 600w\" sizes=\"(max-width: 814px) 100vw, 814px\" \/><\/p>\n<h3 style=\"text-align: center;\">ZUVERL\u00c4SSIGE BETRIEBSZEIT<\/h3>\n<p style=\"text-align: center;\">Der eingebaute 2000 mAh Akku bietet zuverl\u00e4ssige Laufzeit f\u00fcr Ihre t\u00e4glichen Fahrten.<\/p>\n<p><img decoding=\"async\" class=\"aligncenter wp-image-8108 size-full\" src=\"https:\/\/www.sportshine.eu\/wp-content\/uploads\/2025\/10\/Hori-900-Magicshine.webp\" alt=\"Hori 900 Magicshine\" width=\"800\" height=\"800\" srcset=\"https:\/\/www.sportshine.eu\/wp-content\/uploads\/2025\/10\/Hori-900-Magicshine.webp 800w, https:\/\/www.sportshine.eu\/wp-content\/uploads\/2025\/10\/Hori-900-Magicshine-768x768.webp 768w, https:\/\/www.sportshine.eu\/wp-content\/uploads\/2025\/10\/Hori-900-Magicshine-600x600.webp 600w\" sizes=\"(max-width: 800px) 100vw, 800px\" \/><\/p>\n<h3 style=\"text-align: center;\">WAS IST IM PAKET ENTHALTEN?<\/h3>\n<p><img decoding=\"async\" class=\"aligncenter wp-image-8109 size-full\" src=\"https:\/\/www.sportshine.eu\/wp-content\/uploads\/2025\/10\/magicshine-HORI-900-bike-light-in-the-box-pc.webp\" alt=\"Magicshine Hori 900 Fahrradlicht\" width=\"2000\" height=\"900\" srcset=\"https:\/\/www.sportshine.eu\/wp-content\/uploads\/2025\/10\/magicshine-HORI-900-bike-light-in-the-box-pc.webp 2000w, https:\/\/www.sportshine.eu\/wp-content\/uploads\/2025\/10\/magicshine-HORI-900-bike-light-in-the-box-pc-768x346.webp 768w, https:\/\/www.sportshine.eu\/wp-content\/uploads\/2025\/10\/magicshine-HORI-900-bike-light-in-the-box-pc-1536x691.webp 1536w, https:\/\/www.sportshine.eu\/wp-content\/uploads\/2025\/10\/magicshine-HORI-900-bike-light-in-the-box-pc-600x270.webp 600w\" sizes=\"(max-width: 2000px) 100vw, 2000px\" \/><\/p>","protected":false},"excerpt":{"rendered":"<p>Der Magicshine HORI 900 ist Ihre perfekte L\u00f6sung f\u00fcr Sicherheit und Sichtbarkeit auf Ihrem Fahrrad. Dieses leistungsstarke Licht bietet eine starke Beleuchtung (bis zu <b>900 lm<\/b>), die jeden Weg erhellt. Mit erweiterten Blitzmodi, einschlie\u00dflich eines speziellen Tag- und Nachtblitzes, sind Sie Tag und Nacht hervorragend sichtbar. Das Licht hat ein kompaktes Geh\u00e4use mit der M\u00f6glichkeit zur oberen oder unteren Montage f\u00fcr eine perfekte Integration mit Ihrem Fahrradcomputer. Die Steuerung erfolgt einfach \u00fcber eine Taste am Licht selbst, mit der Sie zwischen den Modi wechseln und den Sperrmodus w\u00e4hrend des Transports aktivieren k\u00f6nnen. Dar\u00fcber hinaus kann das Licht mit der Magicshine-App verbunden werden und unterst\u00fctzt die FTR LightSync Control-Funktion zur Synchronisierung mit dem R\u00fccklicht.<\/p>\n<hr \/>\n<p><b>Hauptmerkmale:<\/b><\/p>\n<ul>\n<li>900 LM volle Leistung, um jeden Weg zu beleuchten.<\/li>\n<li>Tag- und Nachtblinken f\u00fcr maximale Sicherheit.<\/li>\n<li>Unterst\u00fctzt die Installation unter und \u00fcber der Fahrradcomputerhalterung<\/li>\n<li>Konnektivit\u00e4t mit der Magicshine-App und FTR LightSync Control.<\/li>\n<\/ul>","protected":false},"featured_media":8095,"comment_status":"open","ping_status":"closed","template":"","meta":[],"product_brand":[131],"product_cat":[82,150],"product_tag":[],"class_list":{"0":"post-8093","1":"product","2":"type-product","3":"status-publish","4":"has-post-thumbnail","6":"product_brand-magicshine","7":"product_cat-kolesarske-luci","8":"product_cat-sprednje-kolesarske-luci","10":"first","11":"instock","12":"sale","13":"taxable","14":"shipping-taxable","15":"purchasable","16":"product-type-simple"},"yoast_head":"<!-- This site is optimized with the Yoast SEO plugin v27.3 - https:\/\/yoast.com\/product\/yoast-seo-wordpress\/ -->\n<title>Magicshine HORI 900 lu\u010d za kolo<\/title>\n<meta name=\"description\" content=\"Vrhunska kolesarska lu\u010d z mo\u017enostjo namestitve pod kolesarski \u0161tevec. Z mo\u010djo 900 lumnov odli\u010dno razsvetli okolico in poskrbi, da ste na cesti vidni.\" \/>\n<meta name=\"robots\" content=\"index, follow, max-snippet:-1, max-image-preview:large, max-video-preview:-1\" \/>\n<link rel=\"canonical\" href=\"https:\/\/www.sportshine.eu\/de\/geschaft\/magicshine-hori-900-fahrradlichter\/\" \/>\n<meta property=\"og:locale\" content=\"de_DE\" \/>\n<meta property=\"og:type\" content=\"article\" \/>\n<meta property=\"og:title\" content=\"Magicshine HORI 900 lu\u010d za kolo\" \/>\n<meta property=\"og:description\" content=\"Vrhunska kolesarska lu\u010d z mo\u017enostjo namestitve pod kolesarski \u0161tevec. Z mo\u010djo 900 lumnov odli\u010dno razsvetli okolico in poskrbi, da ste na cesti vidni.\" \/>\n<meta property=\"og:url\" content=\"https:\/\/www.sportshine.eu\/de\/geschaft\/magicshine-hori-900-fahrradlichter\/\" \/>\n<meta property=\"og:site_name\" content=\"Sportshine\" \/>\n<meta property=\"article:publisher\" content=\"https:\/\/www.facebook.com\/sportshine.eu\/\" \/>\n<meta property=\"article:modified_time\" content=\"2026-04-07T19:56:06+00:00\" \/>\n<meta property=\"og:image\" content=\"https:\/\/www.sportshine.eu\/wp-content\/uploads\/2025\/10\/Magicshine-Hori-900.webp\" \/>\n\t<meta property=\"og:image:width\" content=\"800\" \/>\n\t<meta property=\"og:image:height\" content=\"800\" \/>\n\t<meta property=\"og:image:type\" content=\"image\/webp\" \/>\n<meta name=\"twitter:card\" content=\"summary_large_image\" \/>\n<meta name=\"twitter:label1\" content=\"Gesch\u00e4tzte Lesezeit\" \/>\n\t<meta name=\"twitter:data1\" content=\"3 Minuten\" \/>\n<script type=\"application\/ld+json\" class=\"yoast-schema-graph\">{\"@context\":\"https:\\\/\\\/schema.org\",\"@graph\":[{\"@type\":\"WebPage\",\"@id\":\"https:\\\/\\\/www.sportshine.eu\\\/trgovina\\\/magicshine-hori-900-luc-za-kolo\\\/\",\"url\":\"https:\\\/\\\/www.sportshine.eu\\\/trgovina\\\/magicshine-hori-900-luc-za-kolo\\\/\",\"name\":\"Magicshine HORI 900 lu\u010d za kolo\",\"isPartOf\":{\"@id\":\"https:\\\/\\\/www.sportshine.eu\\\/#website\"},\"primaryImageOfPage\":{\"@id\":\"https:\\\/\\\/www.sportshine.eu\\\/trgovina\\\/magicshine-hori-900-luc-za-kolo\\\/#primaryimage\"},\"image\":{\"@id\":\"https:\\\/\\\/www.sportshine.eu\\\/trgovina\\\/magicshine-hori-900-luc-za-kolo\\\/#primaryimage\"},\"thumbnailUrl\":\"https:\\\/\\\/www.sportshine.eu\\\/wp-content\\\/uploads\\\/2025\\\/10\\\/Magicshine-Hori-900.webp\",\"datePublished\":\"2026-03-01T08:14:28+00:00\",\"dateModified\":\"2026-04-07T19:56:06+00:00\",\"description\":\"Vrhunska kolesarska lu\u010d z mo\u017enostjo namestitve pod kolesarski \u0161tevec. Z mo\u010djo 900 lumnov odli\u010dno razsvetli okolico in poskrbi, da ste na cesti vidni.\",\"breadcrumb\":{\"@id\":\"https:\\\/\\\/www.sportshine.eu\\\/trgovina\\\/magicshine-hori-900-luc-za-kolo\\\/#breadcrumb\"},\"inLanguage\":\"de-AT\",\"potentialAction\":[{\"@type\":\"ReadAction\",\"target\":[\"https:\\\/\\\/www.sportshine.eu\\\/trgovina\\\/magicshine-hori-900-luc-za-kolo\\\/\"]}]},{\"@type\":\"ImageObject\",\"inLanguage\":\"de-AT\",\"@id\":\"https:\\\/\\\/www.sportshine.eu\\\/trgovina\\\/magicshine-hori-900-luc-za-kolo\\\/#primaryimage\",\"url\":\"https:\\\/\\\/www.sportshine.eu\\\/wp-content\\\/uploads\\\/2025\\\/10\\\/Magicshine-Hori-900.webp\",\"contentUrl\":\"https:\\\/\\\/www.sportshine.eu\\\/wp-content\\\/uploads\\\/2025\\\/10\\\/Magicshine-Hori-900.webp\",\"width\":800,\"height\":800,\"caption\":\"Magicshine Hori 900\"},{\"@type\":\"BreadcrumbList\",\"@id\":\"https:\\\/\\\/www.sportshine.eu\\\/trgovina\\\/magicshine-hori-900-luc-za-kolo\\\/#breadcrumb\",\"itemListElement\":[{\"@type\":\"ListItem\",\"position\":1,\"name\":\"Home\",\"item\":\"https:\\\/\\\/www.sportshine.eu\\\/\"},{\"@type\":\"ListItem\",\"position\":2,\"name\":\"Trgovina\",\"item\":\"https:\\\/\\\/www.sportshine.eu\\\/trgovina\\\/\"},{\"@type\":\"ListItem\",\"position\":3,\"name\":\"Magicshine HORI 900 lu\u010d za kolo\"}]},{\"@type\":\"WebSite\",\"@id\":\"https:\\\/\\\/www.sportshine.eu\\\/#website\",\"url\":\"https:\\\/\\\/www.sportshine.eu\\\/\",\"name\":\"Sportshine\",\"description\":\"Top spletna trgovina kolesarskih in naglavnih svetilk ter opreme\",\"publisher\":{\"@id\":\"https:\\\/\\\/www.sportshine.eu\\\/#organization\"},\"potentialAction\":[{\"@type\":\"SearchAction\",\"target\":{\"@type\":\"EntryPoint\",\"urlTemplate\":\"https:\\\/\\\/www.sportshine.eu\\\/?s={search_term_string}\"},\"query-input\":{\"@type\":\"PropertyValueSpecification\",\"valueRequired\":true,\"valueName\":\"search_term_string\"}}],\"inLanguage\":\"de-AT\"},{\"@type\":\"Organization\",\"@id\":\"https:\\\/\\\/www.sportshine.eu\\\/#organization\",\"name\":\"Sportshine\",\"url\":\"https:\\\/\\\/www.sportshine.eu\\\/\",\"logo\":{\"@type\":\"ImageObject\",\"inLanguage\":\"de-AT\",\"@id\":\"https:\\\/\\\/www.sportshine.eu\\\/#\\\/schema\\\/logo\\\/image\\\/\",\"url\":\"https:\\\/\\\/www.sportshine.eu\\\/wp-content\\\/uploads\\\/2026\\\/01\\\/cropped-Sportshine.webp\",\"contentUrl\":\"https:\\\/\\\/www.sportshine.eu\\\/wp-content\\\/uploads\\\/2026\\\/01\\\/cropped-Sportshine.webp\",\"width\":295,\"height\":128,\"caption\":\"Sportshine\"},\"image\":{\"@id\":\"https:\\\/\\\/www.sportshine.eu\\\/#\\\/schema\\\/logo\\\/image\\\/\"},\"sameAs\":[\"https:\\\/\\\/www.facebook.com\\\/sportshine.eu\\\/\"]}]}<\/script>\n<!-- \/ Yoast SEO plugin. -->","yoast_head_json":{"title":"Magicshine HORI 900 Fahrradlicht","description":"Ein Premium-Fahrradlicht, das unter dem Fahrradcomputer montiert werden kann. Mit einer Leistung von 900 Lumen leuchtet es die Umgebung perfekt aus und sorgt daf\u00fcr, dass Sie auf der Stra\u00dfe sichtbar sind.","robots":{"index":"index","follow":"follow","max-snippet":"max-snippet:-1","max-image-preview":"max-image-preview:large","max-video-preview":"max-video-preview:-1"},"canonical":"https:\/\/www.sportshine.eu\/de\/geschaft\/magicshine-hori-900-fahrradlichter\/","og_locale":"de_DE","og_type":"article","og_title":"Magicshine HORI 900 lu\u010d za kolo","og_description":"Vrhunska kolesarska lu\u010d z mo\u017enostjo namestitve pod kolesarski \u0161tevec. Z mo\u010djo 900 lumnov odli\u010dno razsvetli okolico in poskrbi, da ste na cesti vidni.","og_url":"https:\/\/www.sportshine.eu\/de\/geschaft\/magicshine-hori-900-fahrradlichter\/","og_site_name":"Sportshine","article_publisher":"https:\/\/www.facebook.com\/sportshine.eu\/","article_modified_time":"2026-04-07T19:56:06+00:00","og_image":[{"width":800,"height":800,"url":"https:\/\/www.sportshine.eu\/wp-content\/uploads\/2025\/10\/Magicshine-Hori-900.webp","type":"image\/webp"}],"twitter_card":"summary_large_image","twitter_misc":{"Gesch\u00e4tzte Lesezeit":"3 Minuten"},"schema":{"@context":"https:\/\/schema.org","@graph":[{"@type":"WebPage","@id":"https:\/\/www.sportshine.eu\/trgovina\/magicshine-hori-900-luc-za-kolo\/","url":"https:\/\/www.sportshine.eu\/trgovina\/magicshine-hori-900-luc-za-kolo\/","name":"Magicshine HORI 900 Fahrradlicht","isPartOf":{"@id":"https:\/\/www.sportshine.eu\/#website"},"primaryImageOfPage":{"@id":"https:\/\/www.sportshine.eu\/trgovina\/magicshine-hori-900-luc-za-kolo\/#primaryimage"},"image":{"@id":"https:\/\/www.sportshine.eu\/trgovina\/magicshine-hori-900-luc-za-kolo\/#primaryimage"},"thumbnailUrl":"https:\/\/www.sportshine.eu\/wp-content\/uploads\/2025\/10\/Magicshine-Hori-900.webp","datePublished":"2026-03-01T08:14:28+00:00","dateModified":"2026-04-07T19:56:06+00:00","description":"Ein Premium-Fahrradlicht, das unter dem Fahrradcomputer montiert werden kann. Mit einer Leistung von 900 Lumen leuchtet es die Umgebung perfekt aus und sorgt daf\u00fcr, dass Sie auf der Stra\u00dfe sichtbar sind.","breadcrumb":{"@id":"https:\/\/www.sportshine.eu\/trgovina\/magicshine-hori-900-luc-za-kolo\/#breadcrumb"},"inLanguage":"de-AT","potentialAction":[{"@type":"ReadAction","target":["https:\/\/www.sportshine.eu\/trgovina\/magicshine-hori-900-luc-za-kolo\/"]}]},{"@type":"ImageObject","inLanguage":"de-AT","@id":"https:\/\/www.sportshine.eu\/trgovina\/magicshine-hori-900-luc-za-kolo\/#primaryimage","url":"https:\/\/www.sportshine.eu\/wp-content\/uploads\/2025\/10\/Magicshine-Hori-900.webp","contentUrl":"https:\/\/www.sportshine.eu\/wp-content\/uploads\/2025\/10\/Magicshine-Hori-900.webp","width":800,"height":800,"caption":"Magicshine Hori 900"},{"@type":"BreadcrumbList","@id":"https:\/\/www.sportshine.eu\/trgovina\/magicshine-hori-900-luc-za-kolo\/#breadcrumb","itemListElement":[{"@type":"ListItem","position":1,"name":"Home","item":"https:\/\/www.sportshine.eu\/"},{"@type":"ListItem","position":2,"name":"Trgovina","item":"https:\/\/www.sportshine.eu\/trgovina\/"},{"@type":"ListItem","position":3,"name":"Magicshine HORI 900 lu\u010d za kolo"}]},{"@type":"WebSite","@id":"https:\/\/www.sportshine.eu\/#website","url":"https:\/\/www.sportshine.eu\/","name":"Sportshine","description":"Top Online-Shop f\u00fcr Fahrrad- und Stirnlampen sowie Zubeh\u00f6r","publisher":{"@id":"https:\/\/www.sportshine.eu\/#organization"},"potentialAction":[{"@type":"SearchAction","target":{"@type":"EntryPoint","urlTemplate":"https:\/\/www.sportshine.eu\/?s={search_term_string}"},"query-input":{"@type":"PropertyValueSpecification","valueRequired":true,"valueName":"search_term_string"}}],"inLanguage":"de-AT"},{"@type":"Organization","@id":"https:\/\/www.sportshine.eu\/#organization","name":"Sportshine","url":"https:\/\/www.sportshine.eu\/","logo":{"@type":"ImageObject","inLanguage":"de-AT","@id":"https:\/\/www.sportshine.eu\/#\/schema\/logo\/image\/","url":"https:\/\/www.sportshine.eu\/wp-content\/uploads\/2026\/01\/cropped-Sportshine.webp","contentUrl":"https:\/\/www.sportshine.eu\/wp-content\/uploads\/2026\/01\/cropped-Sportshine.webp","width":295,"height":128,"caption":"Sportshine"},"image":{"@id":"https:\/\/www.sportshine.eu\/#\/schema\/logo\/image\/"},"sameAs":["https:\/\/www.facebook.com\/sportshine.eu\/"]}]}},"_links":{"self":[{"href":"https:\/\/www.sportshine.eu\/de\/wp-json\/wp\/v2\/product\/8093","targetHints":{"allow":["GET"]}}],"collection":[{"href":"https:\/\/www.sportshine.eu\/de\/wp-json\/wp\/v2\/product"}],"about":[{"href":"https:\/\/www.sportshine.eu\/de\/wp-json\/wp\/v2\/types\/product"}],"replies":[{"embeddable":true,"href":"https:\/\/www.sportshine.eu\/de\/wp-json\/wp\/v2\/comments?post=8093"}],"version-history":[{"count":1,"href":"https:\/\/www.sportshine.eu\/de\/wp-json\/wp\/v2\/product\/8093\/revisions"}],"predecessor-version":[{"id":10344,"href":"https:\/\/www.sportshine.eu\/de\/wp-json\/wp\/v2\/product\/8093\/revisions\/10344"}],"wp:featuredmedia":[{"embeddable":true,"href":"https:\/\/www.sportshine.eu\/de\/wp-json\/wp\/v2\/media\/8095"}],"wp:attachment":[{"href":"https:\/\/www.sportshine.eu\/de\/wp-json\/wp\/v2\/media?parent=8093"}],"wp:term":[{"taxonomy":"product_brand","embeddable":true,"href":"https:\/\/www.sportshine.eu\/de\/wp-json\/wp\/v2\/product_brand?post=8093"},{"taxonomy":"product_cat","embeddable":true,"href":"https:\/\/www.sportshine.eu\/de\/wp-json\/wp\/v2\/product_cat?post=8093"},{"taxonomy":"product_tag","embeddable":true,"href":"https:\/\/www.sportshine.eu\/de\/wp-json\/wp\/v2\/product_tag?post=8093"}],"curies":[{"name":"wp","href":"https:\/\/api.w.org\/{rel}","templated":true}]}}