{"id":8021,"date":"2025-09-28T20:30:42","date_gmt":"2025-09-28T20:30:42","guid":{"rendered":"https:\/\/www.sportshine.eu\/?post_type=product&#038;p=8021"},"modified":"2026-04-17T20:29:43","modified_gmt":"2026-04-17T20:29:43","slug":"magicshine-mj-6556-seemee-halter","status":"publish","type":"product","link":"https:\/\/www.sportshine.eu\/de\/geschaft\/magicshine-mj-6556-seemee-halter\/","title":{"rendered":"Magicshine MJ-6556 SEEMEE-Halterung"},"content":{"rendered":"<p data-start=\"399\" data-end=\"700\">Die MJ-6556 SEEMEE GoPro Untersitzhalterung besteht aus CNC-gefr\u00e4stem Aluminium und bietet die perfekte Kombination aus Leichtigkeit, Haltbarkeit und Sicherheit. Dank der universellen GoPro-Schnittstelle kann sie auch als eigenst\u00e4ndige Halterung f\u00fcr GoPro-Actionkameras oder DV-Kameras verwendet werden.<\/p>\n<p data-start=\"702\" data-end=\"965\">Es ist mit Fahrradsitzen mit einem Montageabstand von 53\u201358 mm kompatibel und erm\u00f6glicht so eine pr\u00e4zise Einstellung und optimale Positionierung. Es l\u00e4sst sich einfach installieren und entfernen und gew\u00e4hrleistet gleichzeitig Stabilit\u00e4t auch in schwierigem Gel\u00e4nde.<\/p>\n<p data-start=\"967\" data-end=\"1220\">Hauptmerkmale:<br data-start=\"989\" data-end=\"992\" \/>\u2714 CNC-gefr\u00e4stes Aluminium \u2013 leicht und langlebig<br data-start=\"1033\" data-end=\"1036\" \/>\u2714 Universelle GoPro-Schnittstelle<br data-start=\"1063\" data-end=\"1066\" \/>\u2714 Kompatibilit\u00e4t mit Magicshine SEEMEE R\u00fccklichtern<br data-start=\"1115\" data-end=\"1118\" \/>\u2714 Geeignet f\u00fcr GoPro- und DV-Kameras<br data-start=\"1150\" data-end=\"1153\" \/>\u2714 Einfache und schnelle Installation<br data-start=\"1181\" data-end=\"1184\" \/>\u2714 Stabilit\u00e4t und Fahrsicherheit<\/p>\n<p data-start=\"1222\" data-end=\"1241\">Kompatibilit\u00e4t:<\/p>\n<ul data-start=\"1242\" data-end=\"1323\">\n<li data-start=\"1242\" data-end=\"1283\">\n<p data-start=\"1244\" data-end=\"1283\">R\u00fccklichter der Magicshine SEEMEE-Serie<\/p>\n<\/li>\n<li data-start=\"1284\" data-end=\"1309\">\n<p data-start=\"1286\" data-end=\"1309\">GoPro Action-Kameras<\/p>\n<\/li>\n<li data-start=\"1310\" data-end=\"1323\">\n<p data-start=\"1312\" data-end=\"1323\">DV-Kameras<\/p>\n<\/li>\n<\/ul>","protected":false},"excerpt":{"rendered":"<p data-start=\"114\" data-end=\"374\">Robuste Fahrradsitzhalterung aus Aluminium, kompatibel mit Magicshine SEEMEE-R\u00fccklichtern, GoPro-Kameras und DV-Kameras. Leicht, einfach zu installieren und bietet eine sichere und stabile Halterung.<\/p>","protected":false},"featured_media":8022,"comment_status":"open","ping_status":"closed","template":"","meta":[],"product_brand":[131],"product_cat":[87],"product_tag":[],"class_list":{"0":"post-8021","1":"product","2":"type-product","3":"status-publish","4":"has-post-thumbnail","6":"product_brand-magicshine","7":"product_cat-kolesarski-nosilci","9":"first","10":"outofstock","11":"taxable","12":"shipping-taxable","13":"purchasable","14":"product-type-simple"},"yoast_head":"<!-- This site is optimized with the Yoast SEO plugin v27.3 - https:\/\/yoast.com\/product\/yoast-seo-wordpress\/ -->\n<title>Magicshine MJ-6556 SEEMEE nosilec<\/title>\n<meta name=\"robots\" content=\"index, follow, max-snippet:-1, max-image-preview:large, max-video-preview:-1\" \/>\n<link rel=\"canonical\" href=\"https:\/\/www.sportshine.eu\/de\/geschaft\/magicshine-mj-6556-seemee-halter\/\" \/>\n<meta property=\"og:locale\" content=\"de_DE\" \/>\n<meta property=\"og:type\" content=\"article\" \/>\n<meta property=\"og:title\" content=\"Magicshine MJ-6556 SEEMEE nosilec\" \/>\n<meta property=\"og:description\" content=\"Trpe\u017een aluminijast nosilec za kolesarski sede\u017e, zdru\u017eljiv z zadnjimi lu\u010dmi Magicshine SEEMEE, GoPro kamerami in DV kamerami. Lahek, enostaven za namestitev in zagotavlja varno ter stabilno pritrditev.\" \/>\n<meta property=\"og:url\" content=\"https:\/\/www.sportshine.eu\/de\/geschaft\/magicshine-mj-6556-seemee-halter\/\" \/>\n<meta property=\"og:site_name\" content=\"Sportshine\" \/>\n<meta property=\"article:publisher\" content=\"https:\/\/www.facebook.com\/sportshine.eu\/\" \/>\n<meta property=\"article:modified_time\" content=\"2026-04-17T20:29:43+00:00\" \/>\n<meta property=\"og:image\" content=\"https:\/\/www.sportshine.eu\/wp-content\/uploads\/2025\/09\/MJ-6556.webp\" \/>\n\t<meta property=\"og:image:width\" content=\"800\" \/>\n\t<meta property=\"og:image:height\" content=\"800\" \/>\n\t<meta property=\"og:image:type\" content=\"image\/webp\" \/>\n<meta name=\"twitter:card\" content=\"summary_large_image\" \/>\n<meta name=\"twitter:label1\" content=\"Gesch\u00e4tzte Lesezeit\" \/>\n\t<meta name=\"twitter:data1\" content=\"1 Minute\" \/>\n<script type=\"application\/ld+json\" class=\"yoast-schema-graph\">{\"@context\":\"https:\\\/\\\/schema.org\",\"@graph\":[{\"@type\":\"WebPage\",\"@id\":\"https:\\\/\\\/www.sportshine.eu\\\/trgovina\\\/magicshine-mj-6556-seemee-nosilec\\\/\",\"url\":\"https:\\\/\\\/www.sportshine.eu\\\/trgovina\\\/magicshine-mj-6556-seemee-nosilec\\\/\",\"name\":\"Magicshine MJ-6556 SEEMEE nosilec\",\"isPartOf\":{\"@id\":\"https:\\\/\\\/www.sportshine.eu\\\/#website\"},\"primaryImageOfPage\":{\"@id\":\"https:\\\/\\\/www.sportshine.eu\\\/trgovina\\\/magicshine-mj-6556-seemee-nosilec\\\/#primaryimage\"},\"image\":{\"@id\":\"https:\\\/\\\/www.sportshine.eu\\\/trgovina\\\/magicshine-mj-6556-seemee-nosilec\\\/#primaryimage\"},\"thumbnailUrl\":\"https:\\\/\\\/www.sportshine.eu\\\/wp-content\\\/uploads\\\/2025\\\/09\\\/MJ-6556.webp\",\"datePublished\":\"2025-09-28T20:30:42+00:00\",\"dateModified\":\"2026-04-17T20:29:43+00:00\",\"breadcrumb\":{\"@id\":\"https:\\\/\\\/www.sportshine.eu\\\/trgovina\\\/magicshine-mj-6556-seemee-nosilec\\\/#breadcrumb\"},\"inLanguage\":\"de-AT\",\"potentialAction\":[{\"@type\":\"ReadAction\",\"target\":[\"https:\\\/\\\/www.sportshine.eu\\\/trgovina\\\/magicshine-mj-6556-seemee-nosilec\\\/\"]}]},{\"@type\":\"ImageObject\",\"inLanguage\":\"de-AT\",\"@id\":\"https:\\\/\\\/www.sportshine.eu\\\/trgovina\\\/magicshine-mj-6556-seemee-nosilec\\\/#primaryimage\",\"url\":\"https:\\\/\\\/www.sportshine.eu\\\/wp-content\\\/uploads\\\/2025\\\/09\\\/MJ-6556.webp\",\"contentUrl\":\"https:\\\/\\\/www.sportshine.eu\\\/wp-content\\\/uploads\\\/2025\\\/09\\\/MJ-6556.webp\",\"width\":800,\"height\":800,\"caption\":\"MJ-6556\"},{\"@type\":\"BreadcrumbList\",\"@id\":\"https:\\\/\\\/www.sportshine.eu\\\/trgovina\\\/magicshine-mj-6556-seemee-nosilec\\\/#breadcrumb\",\"itemListElement\":[{\"@type\":\"ListItem\",\"position\":1,\"name\":\"Home\",\"item\":\"https:\\\/\\\/www.sportshine.eu\\\/\"},{\"@type\":\"ListItem\",\"position\":2,\"name\":\"Trgovina\",\"item\":\"https:\\\/\\\/www.sportshine.eu\\\/trgovina\\\/\"},{\"@type\":\"ListItem\",\"position\":3,\"name\":\"Magicshine MJ-6556 SEEMEE nosilec\"}]},{\"@type\":\"WebSite\",\"@id\":\"https:\\\/\\\/www.sportshine.eu\\\/#website\",\"url\":\"https:\\\/\\\/www.sportshine.eu\\\/\",\"name\":\"Sportshine\",\"description\":\"Top spletna trgovina kolesarskih in naglavnih svetilk ter opreme\",\"publisher\":{\"@id\":\"https:\\\/\\\/www.sportshine.eu\\\/#organization\"},\"potentialAction\":[{\"@type\":\"SearchAction\",\"target\":{\"@type\":\"EntryPoint\",\"urlTemplate\":\"https:\\\/\\\/www.sportshine.eu\\\/?s={search_term_string}\"},\"query-input\":{\"@type\":\"PropertyValueSpecification\",\"valueRequired\":true,\"valueName\":\"search_term_string\"}}],\"inLanguage\":\"de-AT\"},{\"@type\":\"Organization\",\"@id\":\"https:\\\/\\\/www.sportshine.eu\\\/#organization\",\"name\":\"Sportshine\",\"url\":\"https:\\\/\\\/www.sportshine.eu\\\/\",\"logo\":{\"@type\":\"ImageObject\",\"inLanguage\":\"de-AT\",\"@id\":\"https:\\\/\\\/www.sportshine.eu\\\/#\\\/schema\\\/logo\\\/image\\\/\",\"url\":\"https:\\\/\\\/www.sportshine.eu\\\/wp-content\\\/uploads\\\/2026\\\/01\\\/cropped-Sportshine.webp\",\"contentUrl\":\"https:\\\/\\\/www.sportshine.eu\\\/wp-content\\\/uploads\\\/2026\\\/01\\\/cropped-Sportshine.webp\",\"width\":295,\"height\":128,\"caption\":\"Sportshine\"},\"image\":{\"@id\":\"https:\\\/\\\/www.sportshine.eu\\\/#\\\/schema\\\/logo\\\/image\\\/\"},\"sameAs\":[\"https:\\\/\\\/www.facebook.com\\\/sportshine.eu\\\/\"]}]}<\/script>\n<!-- \/ Yoast SEO plugin. -->","yoast_head_json":{"title":"Magicshine MJ-6556 SEEMEE-Halterung","robots":{"index":"index","follow":"follow","max-snippet":"max-snippet:-1","max-image-preview":"max-image-preview:large","max-video-preview":"max-video-preview:-1"},"canonical":"https:\/\/www.sportshine.eu\/de\/geschaft\/magicshine-mj-6556-seemee-halter\/","og_locale":"de_DE","og_type":"article","og_title":"Magicshine MJ-6556 SEEMEE nosilec","og_description":"Trpe\u017een aluminijast nosilec za kolesarski sede\u017e, zdru\u017eljiv z zadnjimi lu\u010dmi Magicshine SEEMEE, GoPro kamerami in DV kamerami. Lahek, enostaven za namestitev in zagotavlja varno ter stabilno pritrditev.","og_url":"https:\/\/www.sportshine.eu\/de\/geschaft\/magicshine-mj-6556-seemee-halter\/","og_site_name":"Sportshine","article_publisher":"https:\/\/www.facebook.com\/sportshine.eu\/","article_modified_time":"2026-04-17T20:29:43+00:00","og_image":[{"width":800,"height":800,"url":"https:\/\/www.sportshine.eu\/wp-content\/uploads\/2025\/09\/MJ-6556.webp","type":"image\/webp"}],"twitter_card":"summary_large_image","twitter_misc":{"Gesch\u00e4tzte Lesezeit":"1 Minute"},"schema":{"@context":"https:\/\/schema.org","@graph":[{"@type":"WebPage","@id":"https:\/\/www.sportshine.eu\/trgovina\/magicshine-mj-6556-seemee-nosilec\/","url":"https:\/\/www.sportshine.eu\/trgovina\/magicshine-mj-6556-seemee-nosilec\/","name":"Magicshine MJ-6556 SEEMEE-Halterung","isPartOf":{"@id":"https:\/\/www.sportshine.eu\/#website"},"primaryImageOfPage":{"@id":"https:\/\/www.sportshine.eu\/trgovina\/magicshine-mj-6556-seemee-nosilec\/#primaryimage"},"image":{"@id":"https:\/\/www.sportshine.eu\/trgovina\/magicshine-mj-6556-seemee-nosilec\/#primaryimage"},"thumbnailUrl":"https:\/\/www.sportshine.eu\/wp-content\/uploads\/2025\/09\/MJ-6556.webp","datePublished":"2025-09-28T20:30:42+00:00","dateModified":"2026-04-17T20:29:43+00:00","breadcrumb":{"@id":"https:\/\/www.sportshine.eu\/trgovina\/magicshine-mj-6556-seemee-nosilec\/#breadcrumb"},"inLanguage":"de-AT","potentialAction":[{"@type":"ReadAction","target":["https:\/\/www.sportshine.eu\/trgovina\/magicshine-mj-6556-seemee-nosilec\/"]}]},{"@type":"ImageObject","inLanguage":"de-AT","@id":"https:\/\/www.sportshine.eu\/trgovina\/magicshine-mj-6556-seemee-nosilec\/#primaryimage","url":"https:\/\/www.sportshine.eu\/wp-content\/uploads\/2025\/09\/MJ-6556.webp","contentUrl":"https:\/\/www.sportshine.eu\/wp-content\/uploads\/2025\/09\/MJ-6556.webp","width":800,"height":800,"caption":"MJ-6556"},{"@type":"BreadcrumbList","@id":"https:\/\/www.sportshine.eu\/trgovina\/magicshine-mj-6556-seemee-nosilec\/#breadcrumb","itemListElement":[{"@type":"ListItem","position":1,"name":"Home","item":"https:\/\/www.sportshine.eu\/"},{"@type":"ListItem","position":2,"name":"Trgovina","item":"https:\/\/www.sportshine.eu\/trgovina\/"},{"@type":"ListItem","position":3,"name":"Magicshine MJ-6556 SEEMEE nosilec"}]},{"@type":"WebSite","@id":"https:\/\/www.sportshine.eu\/#website","url":"https:\/\/www.sportshine.eu\/","name":"Sportshine","description":"Top Online-Shop f\u00fcr Fahrrad- und Stirnlampen sowie Zubeh\u00f6r","publisher":{"@id":"https:\/\/www.sportshine.eu\/#organization"},"potentialAction":[{"@type":"SearchAction","target":{"@type":"EntryPoint","urlTemplate":"https:\/\/www.sportshine.eu\/?s={search_term_string}"},"query-input":{"@type":"PropertyValueSpecification","valueRequired":true,"valueName":"search_term_string"}}],"inLanguage":"de-AT"},{"@type":"Organization","@id":"https:\/\/www.sportshine.eu\/#organization","name":"Sportshine","url":"https:\/\/www.sportshine.eu\/","logo":{"@type":"ImageObject","inLanguage":"de-AT","@id":"https:\/\/www.sportshine.eu\/#\/schema\/logo\/image\/","url":"https:\/\/www.sportshine.eu\/wp-content\/uploads\/2026\/01\/cropped-Sportshine.webp","contentUrl":"https:\/\/www.sportshine.eu\/wp-content\/uploads\/2026\/01\/cropped-Sportshine.webp","width":295,"height":128,"caption":"Sportshine"},"image":{"@id":"https:\/\/www.sportshine.eu\/#\/schema\/logo\/image\/"},"sameAs":["https:\/\/www.facebook.com\/sportshine.eu\/"]}]}},"_links":{"self":[{"href":"https:\/\/www.sportshine.eu\/de\/wp-json\/wp\/v2\/product\/8021","targetHints":{"allow":["GET"]}}],"collection":[{"href":"https:\/\/www.sportshine.eu\/de\/wp-json\/wp\/v2\/product"}],"about":[{"href":"https:\/\/www.sportshine.eu\/de\/wp-json\/wp\/v2\/types\/product"}],"replies":[{"embeddable":true,"href":"https:\/\/www.sportshine.eu\/de\/wp-json\/wp\/v2\/comments?post=8021"}],"version-history":[{"count":0,"href":"https:\/\/www.sportshine.eu\/de\/wp-json\/wp\/v2\/product\/8021\/revisions"}],"wp:featuredmedia":[{"embeddable":true,"href":"https:\/\/www.sportshine.eu\/de\/wp-json\/wp\/v2\/media\/8022"}],"wp:attachment":[{"href":"https:\/\/www.sportshine.eu\/de\/wp-json\/wp\/v2\/media?parent=8021"}],"wp:term":[{"taxonomy":"product_brand","embeddable":true,"href":"https:\/\/www.sportshine.eu\/de\/wp-json\/wp\/v2\/product_brand?post=8021"},{"taxonomy":"product_cat","embeddable":true,"href":"https:\/\/www.sportshine.eu\/de\/wp-json\/wp\/v2\/product_cat?post=8021"},{"taxonomy":"product_tag","embeddable":true,"href":"https:\/\/www.sportshine.eu\/de\/wp-json\/wp\/v2\/product_tag?post=8021"}],"curies":[{"name":"wp","href":"https:\/\/api.w.org\/{rel}","templated":true}]}}