{"id":7997,"date":"2025-09-25T12:49:44","date_gmt":"2025-09-25T12:49:44","guid":{"rendered":"https:\/\/www.sportshine.eu\/?post_type=product&#038;p=7997"},"modified":"2025-09-25T12:59:35","modified_gmt":"2025-09-25T12:59:35","slug":"magicshine-tta-c-integrierte-carbon-lichthalterung","status":"publish","type":"product","link":"https:\/\/www.sportshine.eu\/de\/geschaft\/magicshine-tta-c-integrierte-carbon-lichthalterung\/","title":{"rendered":"Magicshine TTA-C Integrierte Carbon-Lichthalterung"},"content":{"rendered":"<p>Der TTA-C-Gep\u00e4cktr\u00e4ger aus Kohlefaser ist f\u00fcr Rennr\u00e4der und Triathlonr\u00e4der mit integriertem Lenkersystem konzipiert. Sein Hauptvorteil ist die M\u00f6glichkeit, zwei Ger\u00e4te gleichzeitig zu montieren \u2013 zum Beispiel einen Fahrradcomputer oben und eine Lampe oder Action-Kamera unten. Die Montage erfolgt unter dem Lenker, was eine saubere, aerodynamische Optik und eine optimale Platzierung des Zubeh\u00f6rs erm\u00f6glicht.<\/p>","protected":false},"excerpt":{"rendered":"<p>Der TTA-C-Gep\u00e4cktr\u00e4ger aus Kohlefaser ist f\u00fcr Rennr\u00e4der und Triathlonr\u00e4der mit integriertem Lenkersystem konzipiert. Sein Hauptvorteil ist die M\u00f6glichkeit, zwei Ger\u00e4te gleichzeitig zu montieren \u2013 zum Beispiel einen Fahrradcomputer oben und eine Lampe oder Action-Kamera unten. Die Montage erfolgt unter dem Lenker, was eine saubere, aerodynamische Optik und eine optimale Platzierung des Zubeh\u00f6rs erm\u00f6glicht.<\/p>","protected":false},"featured_media":7998,"comment_status":"open","ping_status":"closed","template":"","meta":[],"product_brand":[131],"product_cat":[87],"product_tag":[],"class_list":{"0":"post-7997","1":"product","2":"type-product","3":"status-publish","4":"has-post-thumbnail","6":"product_brand-magicshine","7":"product_cat-kolesarski-nosilci","9":"first","10":"instock","11":"taxable","12":"shipping-taxable","13":"purchasable","14":"product-type-simple"},"yoast_head":"<!-- This site is optimized with the Yoast SEO plugin v27.3 - https:\/\/yoast.com\/product\/yoast-seo-wordpress\/ -->\n<title>Magicshine TTA-C Integrated Carbon nosilec za lu\u010d - Sportshine<\/title>\n<meta name=\"robots\" content=\"index, follow, max-snippet:-1, max-image-preview:large, max-video-preview:-1\" \/>\n<link rel=\"canonical\" href=\"https:\/\/www.sportshine.eu\/de\/geschaft\/magicshine-tta-c-integrierte-carbon-lichthalterung\/\" \/>\n<meta property=\"og:locale\" content=\"de_DE\" \/>\n<meta property=\"og:type\" content=\"article\" \/>\n<meta property=\"og:title\" content=\"Magicshine TTA-C Integrated Carbon nosilec za lu\u010d - Sportshine\" \/>\n<meta property=\"og:description\" content=\"Nosilec TTA-C iz ogljikovih vlaken je zasnovan za cestna in triatlonska kolesa z enodelnim integriranim krmilnim sistemom. Njegova glavna prednost je mo\u017enost hkratne namestitve dveh naprav \u2013 zgoraj na primer kolesarski ra\u010dunalnik, spodaj pa lu\u010d ali akcijsko kamero. Namestitev poteka pod krmilom, kar omogo\u010da \u010dist, aerodinami\u010den videz in optimalno razporeditev dodatkov.\" \/>\n<meta property=\"og:url\" content=\"https:\/\/www.sportshine.eu\/de\/geschaft\/magicshine-tta-c-integrierte-carbon-lichthalterung\/\" \/>\n<meta property=\"og:site_name\" content=\"Sportshine\" \/>\n<meta property=\"article:publisher\" content=\"https:\/\/www.facebook.com\/sportshine.eu\/\" \/>\n<meta property=\"article:modified_time\" content=\"2025-09-25T12:59:35+00:00\" \/>\n<meta property=\"og:image\" content=\"https:\/\/www.sportshine.eu\/wp-content\/uploads\/2025\/09\/Magicshine-TTA-C-Integrated-Carbon-nosilec-za-luc.webp\" \/>\n\t<meta property=\"og:image:width\" content=\"800\" \/>\n\t<meta property=\"og:image:height\" content=\"800\" \/>\n\t<meta property=\"og:image:type\" content=\"image\/webp\" \/>\n<meta name=\"twitter:card\" content=\"summary_large_image\" \/>\n<meta name=\"twitter:label1\" content=\"Gesch\u00e4tzte Lesezeit\" \/>\n\t<meta name=\"twitter:data1\" content=\"1 Minute\" \/>\n<script type=\"application\/ld+json\" class=\"yoast-schema-graph\">{\"@context\":\"https:\\\/\\\/schema.org\",\"@graph\":[{\"@type\":\"WebPage\",\"@id\":\"https:\\\/\\\/www.sportshine.eu\\\/trgovina\\\/magicshine-tta-c-integrated-carbon-nosilec-za-luc\\\/\",\"url\":\"https:\\\/\\\/www.sportshine.eu\\\/trgovina\\\/magicshine-tta-c-integrated-carbon-nosilec-za-luc\\\/\",\"name\":\"Magicshine TTA-C Integrated Carbon nosilec za lu\u010d - Sportshine\",\"isPartOf\":{\"@id\":\"https:\\\/\\\/www.sportshine.eu\\\/#website\"},\"primaryImageOfPage\":{\"@id\":\"https:\\\/\\\/www.sportshine.eu\\\/trgovina\\\/magicshine-tta-c-integrated-carbon-nosilec-za-luc\\\/#primaryimage\"},\"image\":{\"@id\":\"https:\\\/\\\/www.sportshine.eu\\\/trgovina\\\/magicshine-tta-c-integrated-carbon-nosilec-za-luc\\\/#primaryimage\"},\"thumbnailUrl\":\"https:\\\/\\\/www.sportshine.eu\\\/wp-content\\\/uploads\\\/2025\\\/09\\\/Magicshine-TTA-C-Integrated-Carbon-nosilec-za-luc.webp\",\"datePublished\":\"2025-09-25T12:49:44+00:00\",\"dateModified\":\"2025-09-25T12:59:35+00:00\",\"breadcrumb\":{\"@id\":\"https:\\\/\\\/www.sportshine.eu\\\/trgovina\\\/magicshine-tta-c-integrated-carbon-nosilec-za-luc\\\/#breadcrumb\"},\"inLanguage\":\"de-AT\",\"potentialAction\":[{\"@type\":\"ReadAction\",\"target\":[\"https:\\\/\\\/www.sportshine.eu\\\/trgovina\\\/magicshine-tta-c-integrated-carbon-nosilec-za-luc\\\/\"]}]},{\"@type\":\"ImageObject\",\"inLanguage\":\"de-AT\",\"@id\":\"https:\\\/\\\/www.sportshine.eu\\\/trgovina\\\/magicshine-tta-c-integrated-carbon-nosilec-za-luc\\\/#primaryimage\",\"url\":\"https:\\\/\\\/www.sportshine.eu\\\/wp-content\\\/uploads\\\/2025\\\/09\\\/Magicshine-TTA-C-Integrated-Carbon-nosilec-za-luc.webp\",\"contentUrl\":\"https:\\\/\\\/www.sportshine.eu\\\/wp-content\\\/uploads\\\/2025\\\/09\\\/Magicshine-TTA-C-Integrated-Carbon-nosilec-za-luc.webp\",\"width\":800,\"height\":800,\"caption\":\"Magicshine TTA-C Integrated Carbon nosilec za lu\u010d\"},{\"@type\":\"BreadcrumbList\",\"@id\":\"https:\\\/\\\/www.sportshine.eu\\\/trgovina\\\/magicshine-tta-c-integrated-carbon-nosilec-za-luc\\\/#breadcrumb\",\"itemListElement\":[{\"@type\":\"ListItem\",\"position\":1,\"name\":\"Home\",\"item\":\"https:\\\/\\\/www.sportshine.eu\\\/\"},{\"@type\":\"ListItem\",\"position\":2,\"name\":\"Trgovina\",\"item\":\"https:\\\/\\\/www.sportshine.eu\\\/trgovina\\\/\"},{\"@type\":\"ListItem\",\"position\":3,\"name\":\"Magicshine TTA-C Integrated Carbon nosilec za lu\u010d\"}]},{\"@type\":\"WebSite\",\"@id\":\"https:\\\/\\\/www.sportshine.eu\\\/#website\",\"url\":\"https:\\\/\\\/www.sportshine.eu\\\/\",\"name\":\"Sportshine\",\"description\":\"Top spletna trgovina kolesarskih in naglavnih svetilk ter opreme\",\"publisher\":{\"@id\":\"https:\\\/\\\/www.sportshine.eu\\\/#organization\"},\"potentialAction\":[{\"@type\":\"SearchAction\",\"target\":{\"@type\":\"EntryPoint\",\"urlTemplate\":\"https:\\\/\\\/www.sportshine.eu\\\/?s={search_term_string}\"},\"query-input\":{\"@type\":\"PropertyValueSpecification\",\"valueRequired\":true,\"valueName\":\"search_term_string\"}}],\"inLanguage\":\"de-AT\"},{\"@type\":\"Organization\",\"@id\":\"https:\\\/\\\/www.sportshine.eu\\\/#organization\",\"name\":\"Sportshine\",\"url\":\"https:\\\/\\\/www.sportshine.eu\\\/\",\"logo\":{\"@type\":\"ImageObject\",\"inLanguage\":\"de-AT\",\"@id\":\"https:\\\/\\\/www.sportshine.eu\\\/#\\\/schema\\\/logo\\\/image\\\/\",\"url\":\"https:\\\/\\\/www.sportshine.eu\\\/wp-content\\\/uploads\\\/2026\\\/01\\\/cropped-Sportshine.webp\",\"contentUrl\":\"https:\\\/\\\/www.sportshine.eu\\\/wp-content\\\/uploads\\\/2026\\\/01\\\/cropped-Sportshine.webp\",\"width\":295,\"height\":128,\"caption\":\"Sportshine\"},\"image\":{\"@id\":\"https:\\\/\\\/www.sportshine.eu\\\/#\\\/schema\\\/logo\\\/image\\\/\"},\"sameAs\":[\"https:\\\/\\\/www.facebook.com\\\/sportshine.eu\\\/\"]}]}<\/script>\n<!-- \/ Yoast SEO plugin. -->","yoast_head_json":{"title":"Magicshine TTA-C Integrierte Carbon-Lichthalterung - Sportshine","robots":{"index":"index","follow":"follow","max-snippet":"max-snippet:-1","max-image-preview":"max-image-preview:large","max-video-preview":"max-video-preview:-1"},"canonical":"https:\/\/www.sportshine.eu\/de\/geschaft\/magicshine-tta-c-integrierte-carbon-lichthalterung\/","og_locale":"de_DE","og_type":"article","og_title":"Magicshine TTA-C Integrated Carbon nosilec za lu\u010d - Sportshine","og_description":"Nosilec TTA-C iz ogljikovih vlaken je zasnovan za cestna in triatlonska kolesa z enodelnim integriranim krmilnim sistemom. Njegova glavna prednost je mo\u017enost hkratne namestitve dveh naprav \u2013 zgoraj na primer kolesarski ra\u010dunalnik, spodaj pa lu\u010d ali akcijsko kamero. Namestitev poteka pod krmilom, kar omogo\u010da \u010dist, aerodinami\u010den videz in optimalno razporeditev dodatkov.","og_url":"https:\/\/www.sportshine.eu\/de\/geschaft\/magicshine-tta-c-integrierte-carbon-lichthalterung\/","og_site_name":"Sportshine","article_publisher":"https:\/\/www.facebook.com\/sportshine.eu\/","article_modified_time":"2025-09-25T12:59:35+00:00","og_image":[{"width":800,"height":800,"url":"https:\/\/www.sportshine.eu\/wp-content\/uploads\/2025\/09\/Magicshine-TTA-C-Integrated-Carbon-nosilec-za-luc.webp","type":"image\/webp"}],"twitter_card":"summary_large_image","twitter_misc":{"Gesch\u00e4tzte Lesezeit":"1 Minute"},"schema":{"@context":"https:\/\/schema.org","@graph":[{"@type":"WebPage","@id":"https:\/\/www.sportshine.eu\/trgovina\/magicshine-tta-c-integrated-carbon-nosilec-za-luc\/","url":"https:\/\/www.sportshine.eu\/trgovina\/magicshine-tta-c-integrated-carbon-nosilec-za-luc\/","name":"Magicshine TTA-C Integrierte Carbon-Lichthalterung - Sportshine","isPartOf":{"@id":"https:\/\/www.sportshine.eu\/#website"},"primaryImageOfPage":{"@id":"https:\/\/www.sportshine.eu\/trgovina\/magicshine-tta-c-integrated-carbon-nosilec-za-luc\/#primaryimage"},"image":{"@id":"https:\/\/www.sportshine.eu\/trgovina\/magicshine-tta-c-integrated-carbon-nosilec-za-luc\/#primaryimage"},"thumbnailUrl":"https:\/\/www.sportshine.eu\/wp-content\/uploads\/2025\/09\/Magicshine-TTA-C-Integrated-Carbon-nosilec-za-luc.webp","datePublished":"2025-09-25T12:49:44+00:00","dateModified":"2025-09-25T12:59:35+00:00","breadcrumb":{"@id":"https:\/\/www.sportshine.eu\/trgovina\/magicshine-tta-c-integrated-carbon-nosilec-za-luc\/#breadcrumb"},"inLanguage":"de-AT","potentialAction":[{"@type":"ReadAction","target":["https:\/\/www.sportshine.eu\/trgovina\/magicshine-tta-c-integrated-carbon-nosilec-za-luc\/"]}]},{"@type":"ImageObject","inLanguage":"de-AT","@id":"https:\/\/www.sportshine.eu\/trgovina\/magicshine-tta-c-integrated-carbon-nosilec-za-luc\/#primaryimage","url":"https:\/\/www.sportshine.eu\/wp-content\/uploads\/2025\/09\/Magicshine-TTA-C-Integrated-Carbon-nosilec-za-luc.webp","contentUrl":"https:\/\/www.sportshine.eu\/wp-content\/uploads\/2025\/09\/Magicshine-TTA-C-Integrated-Carbon-nosilec-za-luc.webp","width":800,"height":800,"caption":"Magicshine TTA-C Integrated Carbon nosilec za lu\u010d"},{"@type":"BreadcrumbList","@id":"https:\/\/www.sportshine.eu\/trgovina\/magicshine-tta-c-integrated-carbon-nosilec-za-luc\/#breadcrumb","itemListElement":[{"@type":"ListItem","position":1,"name":"Home","item":"https:\/\/www.sportshine.eu\/"},{"@type":"ListItem","position":2,"name":"Trgovina","item":"https:\/\/www.sportshine.eu\/trgovina\/"},{"@type":"ListItem","position":3,"name":"Magicshine TTA-C Integrated Carbon nosilec za lu\u010d"}]},{"@type":"WebSite","@id":"https:\/\/www.sportshine.eu\/#website","url":"https:\/\/www.sportshine.eu\/","name":"Sportshine","description":"Top Online-Shop f\u00fcr Fahrrad- und Stirnlampen sowie Zubeh\u00f6r","publisher":{"@id":"https:\/\/www.sportshine.eu\/#organization"},"potentialAction":[{"@type":"SearchAction","target":{"@type":"EntryPoint","urlTemplate":"https:\/\/www.sportshine.eu\/?s={search_term_string}"},"query-input":{"@type":"PropertyValueSpecification","valueRequired":true,"valueName":"search_term_string"}}],"inLanguage":"de-AT"},{"@type":"Organization","@id":"https:\/\/www.sportshine.eu\/#organization","name":"Sportshine","url":"https:\/\/www.sportshine.eu\/","logo":{"@type":"ImageObject","inLanguage":"de-AT","@id":"https:\/\/www.sportshine.eu\/#\/schema\/logo\/image\/","url":"https:\/\/www.sportshine.eu\/wp-content\/uploads\/2026\/01\/cropped-Sportshine.webp","contentUrl":"https:\/\/www.sportshine.eu\/wp-content\/uploads\/2026\/01\/cropped-Sportshine.webp","width":295,"height":128,"caption":"Sportshine"},"image":{"@id":"https:\/\/www.sportshine.eu\/#\/schema\/logo\/image\/"},"sameAs":["https:\/\/www.facebook.com\/sportshine.eu\/"]}]}},"_links":{"self":[{"href":"https:\/\/www.sportshine.eu\/de\/wp-json\/wp\/v2\/product\/7997","targetHints":{"allow":["GET"]}}],"collection":[{"href":"https:\/\/www.sportshine.eu\/de\/wp-json\/wp\/v2\/product"}],"about":[{"href":"https:\/\/www.sportshine.eu\/de\/wp-json\/wp\/v2\/types\/product"}],"replies":[{"embeddable":true,"href":"https:\/\/www.sportshine.eu\/de\/wp-json\/wp\/v2\/comments?post=7997"}],"version-history":[{"count":0,"href":"https:\/\/www.sportshine.eu\/de\/wp-json\/wp\/v2\/product\/7997\/revisions"}],"wp:featuredmedia":[{"embeddable":true,"href":"https:\/\/www.sportshine.eu\/de\/wp-json\/wp\/v2\/media\/7998"}],"wp:attachment":[{"href":"https:\/\/www.sportshine.eu\/de\/wp-json\/wp\/v2\/media?parent=7997"}],"wp:term":[{"taxonomy":"product_brand","embeddable":true,"href":"https:\/\/www.sportshine.eu\/de\/wp-json\/wp\/v2\/product_brand?post=7997"},{"taxonomy":"product_cat","embeddable":true,"href":"https:\/\/www.sportshine.eu\/de\/wp-json\/wp\/v2\/product_cat?post=7997"},{"taxonomy":"product_tag","embeddable":true,"href":"https:\/\/www.sportshine.eu\/de\/wp-json\/wp\/v2\/product_tag?post=7997"}],"curies":[{"name":"wp","href":"https:\/\/api.w.org\/{rel}","templated":true}]}}