{"id":7960,"date":"2026-02-24T21:29:26","date_gmt":"2026-02-24T21:29:26","guid":{"rendered":"https:\/\/www.sportshine.eu\/?post_type=product&#038;p=7960"},"modified":"2026-04-23T10:07:59","modified_gmt":"2026-04-23T10:07:59","slug":"fahrradlicht-gacilon-kiwi-1200-weis","status":"publish","type":"product","link":"https:\/\/www.sportshine.eu\/de\/geschaft\/fahrradlicht-gacilon-kiwi-1200-weis\/","title":{"rendered":"Fahrradlicht Gaciron KIWI-1200 wei\u00df"},"content":{"rendered":"<h3 style=\"text-align: center;\">Fahrradlicht mit Blendschutzeffekt<\/h3>\n<p style=\"text-align: center;\">Fahrradlichter mit Hell-Dunkel-Grenze projizieren das Licht gezielt. Statt eines diffusen oder unkontrollierten Lichtstrahls wird das Licht so geformt, dass es einen scharfen horizontalen Streifen auf der Stra\u00dfe bildet. Dies ist besonders wichtig f\u00fcr Fahrradscheinwerfer, da sie verhindern, dass entgegenkommende Fahrzeuge, Fu\u00dfg\u00e4nger und Radfahrer geblendet werden.<\/p>\n<p><img decoding=\"async\" class=\"aligncenter wp-image-7962 size-full\" src=\"https:\/\/www.sportshine.eu\/wp-content\/uploads\/2025\/09\/Kolesarska-luc-Gaciron-Kiwi-1200-bela-2.webp\" alt=\"Gaciron Kiwi 1200 Fahrradlicht wei\u00df\" width=\"800\" height=\"800\" srcset=\"https:\/\/www.sportshine.eu\/wp-content\/uploads\/2025\/09\/Kolesarska-luc-Gaciron-Kiwi-1200-bela-2.webp 800w, https:\/\/www.sportshine.eu\/wp-content\/uploads\/2025\/09\/Kolesarska-luc-Gaciron-Kiwi-1200-bela-2-768x768.webp 768w, https:\/\/www.sportshine.eu\/wp-content\/uploads\/2025\/09\/Kolesarska-luc-Gaciron-Kiwi-1200-bela-2-600x600.webp 600w\" sizes=\"(max-width: 800px) 100vw, 800px\" \/><\/p>\n<h3 style=\"text-align: center;\">LEISTUNGSSTARKE 1200 LUMEN UND EINGEBAUTER 4400 mAh LITHIUM-IONEN-AKKU<\/h3>\n<p style=\"text-align: center;\">Es erm\u00f6glicht 5 Helligkeitseinstellungen und einen Betrieb von bis zu 24 Stunden.<\/p>\n<p><img decoding=\"async\" class=\"aligncenter wp-image-7687 size-full\" src=\"https:\/\/www.sportshine.eu\/wp-content\/uploads\/2025\/07\/Gaciron-KIWI-1200.webp\" alt=\"\" width=\"800\" height=\"600\" srcset=\"https:\/\/www.sportshine.eu\/wp-content\/uploads\/2025\/07\/Gaciron-KIWI-1200.webp 800w, https:\/\/www.sportshine.eu\/wp-content\/uploads\/2025\/07\/Gaciron-KIWI-1200-768x576.webp 768w, https:\/\/www.sportshine.eu\/wp-content\/uploads\/2025\/07\/Gaciron-KIWI-1200-600x450.webp 600w\" sizes=\"(max-width: 800px) 100vw, 800px\" \/><\/p>\n<h3 style=\"text-align: center;\">ERM\u00d6GLICHT DIE MONTAGE DES LICHTS AUF BEIDEN SEITEN DES LENKERS (EINSTELLWERKZEUG INKLUSIVE)<\/h3>\n<p style=\"text-align: center;\">M\u00f6chten Sie Ihr Licht oben oder unten am Lenker montieren? Das KIWI 1200 Fahrradlicht bietet f\u00fcr beides eine L\u00f6sung.<\/p>\n<p><img decoding=\"async\" class=\"aligncenter wp-image-7965 size-full\" src=\"https:\/\/www.sportshine.eu\/wp-content\/uploads\/2025\/09\/Gaciron-KIWI-1200-bela-luc-za-kolo-e1758663734362.webp\" alt=\"Gaciron KIWI 1200 wei\u00dfes Fahrradlicht\" width=\"800\" height=\"445\" srcset=\"https:\/\/www.sportshine.eu\/wp-content\/uploads\/2025\/09\/Gaciron-KIWI-1200-bela-luc-za-kolo-e1758663734362.webp 800w, https:\/\/www.sportshine.eu\/wp-content\/uploads\/2025\/09\/Gaciron-KIWI-1200-bela-luc-za-kolo-e1758663734362-768x427.webp 768w, https:\/\/www.sportshine.eu\/wp-content\/uploads\/2025\/09\/Gaciron-KIWI-1200-bela-luc-za-kolo-e1758663734362-600x334.webp 600w\" sizes=\"(max-width: 800px) 100vw, 800px\" \/><\/p>\n<h3 style=\"text-align: center;\">WASSERDICHT NACH IPX6-STANDARD \u2013 F\u00dcR ALLE WETTERBEDINGUNGEN<\/h3>\n<p><img decoding=\"async\" class=\"aligncenter wp-image-7968 size-full\" src=\"https:\/\/www.sportshine.eu\/wp-content\/uploads\/2025\/09\/Luc-za-kolo-Gaciron-Kiwi-2.webp\" alt=\"Gaciron Kiwi Fahrradlicht \" width=\"800\" height=\"800\" srcset=\"https:\/\/www.sportshine.eu\/wp-content\/uploads\/2025\/09\/Luc-za-kolo-Gaciron-Kiwi-2.webp 800w, https:\/\/www.sportshine.eu\/wp-content\/uploads\/2025\/09\/Luc-za-kolo-Gaciron-Kiwi-2-768x768.webp 768w, https:\/\/www.sportshine.eu\/wp-content\/uploads\/2025\/09\/Luc-za-kolo-Gaciron-Kiwi-2-600x600.webp 600w\" sizes=\"(max-width: 800px) 100vw, 800px\" \/><\/p>\n<h3 style=\"text-align: center;\">VIDEOPR\u00c4SENTATION DES KIWI-1200 FAHRRADLICHTS<\/h3>\n<p><iframe loading=\"lazy\" title=\"Erhellen Sie Ihre Fahrt mit dem brandneuen, stylischen wei\u00dfen Gaciron KIWI-Scheinwerfer!\" width=\"500\" height=\"281\" src=\"https:\/\/www.youtube.com\/embed\/7vTL3mXPGiQ?feature=oembed\" frameborder=\"0\" allow=\"accelerometer; autoplay; clipboard-write; encrypted-media; gyroscope; picture-in-picture; web-share\" referrerpolicy=\"strict-origin-when-cross-origin\" allowfullscreen><\/iframe><\/p>\n<h3 style=\"text-align: center;\">Akku-Ladefunktion f\u00fcr Ihre Ger\u00e4te<\/h3>\n<p style=\"text-align: center;\">\u00dcber ein USB-C-Ladeger\u00e4t l\u00e4sst sich die Fahrradleuchte KIWI 1200 auch als Ladestation f\u00fcr Ihr Handy, Messger\u00e4t oder andere Ger\u00e4te nutzen.<\/p>\n<p><img decoding=\"async\" class=\"aligncenter wp-image-7969 size-full\" src=\"https:\/\/www.sportshine.eu\/wp-content\/uploads\/2025\/09\/Gaciron-Kiwi-1200-bela.webp\" alt=\"Gaciron Kiwi 1200 wei\u00df\" width=\"800\" height=\"800\" srcset=\"https:\/\/www.sportshine.eu\/wp-content\/uploads\/2025\/09\/Gaciron-Kiwi-1200-bela.webp 800w, https:\/\/www.sportshine.eu\/wp-content\/uploads\/2025\/09\/Gaciron-Kiwi-1200-bela-768x768.webp 768w, https:\/\/www.sportshine.eu\/wp-content\/uploads\/2025\/09\/Gaciron-Kiwi-1200-bela-600x600.webp 600w\" sizes=\"(max-width: 800px) 100vw, 800px\" \/><\/p>\n<h3 style=\"text-align: center;\">KOMPAKTES VOLL-ALUMINIUM-GEH\u00c4USE<\/h3>\n<p style=\"text-align: center;\">Der Kiwi verf\u00fcgt \u00fcber ein schlankes und kompaktes CNC-gefr\u00e4stes Geh\u00e4use, das nicht nur gut aussieht, sondern auch f\u00fcr Langlebigkeit und effiziente W\u00e4rmeableitung sorgt. Entwickelt, um den Strapazen des Radsports standzuhalten, ist es die perfekte Kombination aus Stil und Haltbarkeit und unterstreicht die \u00c4sthetik Ihres Fahrrads.<\/p>\n<p><img decoding=\"async\" class=\"aligncenter wp-image-7967 size-full\" src=\"https:\/\/www.sportshine.eu\/wp-content\/uploads\/2025\/09\/Luc-za-kolo-Gaciron-Kiwi.webp\" alt=\"Gaciron Kiwi Fahrradlicht\" width=\"800\" height=\"800\" srcset=\"https:\/\/www.sportshine.eu\/wp-content\/uploads\/2025\/09\/Luc-za-kolo-Gaciron-Kiwi.webp 800w, https:\/\/www.sportshine.eu\/wp-content\/uploads\/2025\/09\/Luc-za-kolo-Gaciron-Kiwi-768x768.webp 768w, https:\/\/www.sportshine.eu\/wp-content\/uploads\/2025\/09\/Luc-za-kolo-Gaciron-Kiwi-600x600.webp 600w\" sizes=\"(max-width: 800px) 100vw, 800px\" \/><\/p>\n<h3 style=\"text-align: center;\">SIE ERHALTEN IM PAKET<\/h3>\n<p><img decoding=\"async\" class=\"aligncenter wp-image-7964 size-full\" src=\"https:\/\/www.sportshine.eu\/wp-content\/uploads\/2025\/09\/Kolesarska-luc-Gaciron-Kiwi-1200-bela-3.webp\" alt=\"Gaciron Kiwi 1200 Fahrradlicht wei\u00df\" width=\"800\" height=\"800\" srcset=\"https:\/\/www.sportshine.eu\/wp-content\/uploads\/2025\/09\/Kolesarska-luc-Gaciron-Kiwi-1200-bela-3.webp 800w, https:\/\/www.sportshine.eu\/wp-content\/uploads\/2025\/09\/Kolesarska-luc-Gaciron-Kiwi-1200-bela-3-768x768.webp 768w, https:\/\/www.sportshine.eu\/wp-content\/uploads\/2025\/09\/Kolesarska-luc-Gaciron-Kiwi-1200-bela-3-600x600.webp 600w\" sizes=\"(max-width: 800px) 100vw, 800px\" \/><\/p>","protected":false},"excerpt":{"rendered":"<p>Das Gaciron KIWI 1200 Fahrradlicht mit \u201eCut-off Line\u201c-Technologie bietet eine fortschrittliche Beleuchtungsl\u00f6sung f\u00fcr Radfahrer. Diese Technologie formt den Lichtstrahl in Form eines scharfen horizontalen Streifens, der die Stra\u00dfe klar ausleuchtet, ohne andere Verkehrsteilnehmer zu blenden. Entscheidend ist auch die Montagemethode, die die korrekte Ausrichtung des Lichtstrahls erm\u00f6glicht. Das Modell KIWI-1200 kombiniert diese Technologie mit einer flexiblen Montage \u00fcber oder unter dem Lenker und bietet so eine sichere und effektive L\u00f6sung f\u00fcr Nachtfahrten.<\/p>","protected":false},"featured_media":7971,"comment_status":"open","ping_status":"closed","template":"","meta":[],"product_brand":[132],"product_cat":[82,150],"product_tag":[],"class_list":{"0":"post-7960","1":"product","2":"type-product","3":"status-publish","4":"has-post-thumbnail","6":"product_brand-gaciron","7":"product_cat-kolesarske-luci","8":"product_cat-sprednje-kolesarske-luci","10":"first","11":"instock","12":"sale","13":"taxable","14":"shipping-taxable","15":"purchasable","16":"product-type-simple"},"yoast_head":"<!-- This site is optimized with the Yoast SEO plugin v27.4 - https:\/\/yoast.com\/product\/yoast-seo-wordpress\/ -->\n<title>Lu\u010d za kolo Gaciron KIWI-1200 bela<\/title>\n<meta name=\"description\" content=\"Kolesarska lu\u010d za kolo s svetilnostjo do 1200 lumnov. Napajanje omogo\u010da 4400 mAh litij-ionska baterija. Vodoodporna po standardu IPX6.\" \/>\n<meta name=\"robots\" content=\"index, follow, max-snippet:-1, max-image-preview:large, max-video-preview:-1\" \/>\n<link rel=\"canonical\" href=\"https:\/\/www.sportshine.eu\/de\/originalstran\/geschaft\/gaciron-kiwi-1200-kolesarska-luc\/\" \/>\n<meta property=\"og:locale\" content=\"de_DE\" \/>\n<meta property=\"og:type\" content=\"article\" \/>\n<meta property=\"og:title\" content=\"Lu\u010d za kolo Gaciron KIWI-1200 bela\" \/>\n<meta property=\"og:description\" content=\"Kolesarska lu\u010d za kolo s svetilnostjo do 1200 lumnov. Napajanje omogo\u010da 4400 mAh litij-ionska baterija. Vodoodporna po standardu IPX6.\" \/>\n<meta property=\"og:url\" content=\"https:\/\/www.sportshine.eu\/de\/originalstran\/geschaft\/gaciron-kiwi-1200-kolesarska-luc\/\" \/>\n<meta property=\"og:site_name\" content=\"Sportshine\" \/>\n<meta property=\"article:publisher\" content=\"https:\/\/www.facebook.com\/sportshine.eu\/\" \/>\n<meta property=\"article:modified_time\" content=\"2026-04-23T10:07:59+00:00\" \/>\n<meta property=\"og:image\" content=\"https:\/\/www.sportshine.eu\/wp-content\/uploads\/2025\/09\/Gaciron-Kiwi-1200-bela-.webp\" \/>\n\t<meta property=\"og:image:width\" content=\"800\" \/>\n\t<meta property=\"og:image:height\" content=\"800\" \/>\n\t<meta property=\"og:image:type\" content=\"image\/webp\" \/>\n<meta name=\"twitter:card\" content=\"summary_large_image\" \/>\n<meta name=\"twitter:label1\" content=\"Gesch\u00e4tzte Lesezeit\" \/>\n\t<meta name=\"twitter:data1\" content=\"3 Minuten\" \/>\n<script type=\"application\/ld+json\" class=\"yoast-schema-graph\">{\"@context\":\"https:\\\/\\\/schema.org\",\"@graph\":[{\"@type\":\"WebPage\",\"@id\":\"https:\\\/\\\/www.sportshine.eu\\\/trgovina\\\/luc-za-kolo-gaciron-kiwi-1200-bela\\\/\",\"url\":\"https:\\\/\\\/www.sportshine.eu\\\/originalstran\\\/trgovina\\\/gaciron-kiwi-1200-kolesarska-luc\\\/\",\"name\":\"Lu\u010d za kolo Gaciron KIWI-1200 bela\",\"isPartOf\":{\"@id\":\"https:\\\/\\\/www.sportshine.eu\\\/#website\"},\"primaryImageOfPage\":{\"@id\":\"https:\\\/\\\/www.sportshine.eu\\\/originalstran\\\/trgovina\\\/gaciron-kiwi-1200-kolesarska-luc\\\/#primaryimage\"},\"image\":{\"@id\":\"https:\\\/\\\/www.sportshine.eu\\\/originalstran\\\/trgovina\\\/gaciron-kiwi-1200-kolesarska-luc\\\/#primaryimage\"},\"thumbnailUrl\":\"https:\\\/\\\/www.sportshine.eu\\\/wp-content\\\/uploads\\\/2025\\\/09\\\/Gaciron-Kiwi-1200-bela-.webp\",\"datePublished\":\"2026-02-24T21:29:26+00:00\",\"dateModified\":\"2026-04-23T10:07:59+00:00\",\"description\":\"Kolesarska lu\u010d za kolo s svetilnostjo do 1200 lumnov. Napajanje omogo\u010da 4400 mAh litij-ionska baterija. Vodoodporna po standardu IPX6.\",\"breadcrumb\":{\"@id\":\"https:\\\/\\\/www.sportshine.eu\\\/originalstran\\\/trgovina\\\/gaciron-kiwi-1200-kolesarska-luc\\\/#breadcrumb\"},\"inLanguage\":\"de-AT\",\"potentialAction\":[{\"@type\":\"ReadAction\",\"target\":[\"https:\\\/\\\/www.sportshine.eu\\\/originalstran\\\/trgovina\\\/gaciron-kiwi-1200-kolesarska-luc\\\/\"]}]},{\"@type\":\"ImageObject\",\"inLanguage\":\"de-AT\",\"@id\":\"https:\\\/\\\/www.sportshine.eu\\\/originalstran\\\/trgovina\\\/gaciron-kiwi-1200-kolesarska-luc\\\/#primaryimage\",\"url\":\"https:\\\/\\\/www.sportshine.eu\\\/wp-content\\\/uploads\\\/2025\\\/09\\\/Gaciron-Kiwi-1200-bela-.webp\",\"contentUrl\":\"https:\\\/\\\/www.sportshine.eu\\\/wp-content\\\/uploads\\\/2025\\\/09\\\/Gaciron-Kiwi-1200-bela-.webp\",\"width\":800,\"height\":800,\"caption\":\"Gaciron Kiwi 1200 bela\"},{\"@type\":\"BreadcrumbList\",\"@id\":\"https:\\\/\\\/www.sportshine.eu\\\/originalstran\\\/trgovina\\\/gaciron-kiwi-1200-kolesarska-luc\\\/#breadcrumb\",\"itemListElement\":[{\"@type\":\"ListItem\",\"position\":1,\"name\":\"Home\",\"item\":\"https:\\\/\\\/www.sportshine.eu\\\/\"},{\"@type\":\"ListItem\",\"position\":2,\"name\":\"Trgovina\",\"item\":\"https:\\\/\\\/www.sportshine.eu\\\/trgovina\\\/\"},{\"@type\":\"ListItem\",\"position\":3,\"name\":\"Lu\u010d za kolo Gaciron KIWI-1200 bela\"}]},{\"@type\":\"WebSite\",\"@id\":\"https:\\\/\\\/www.sportshine.eu\\\/#website\",\"url\":\"https:\\\/\\\/www.sportshine.eu\\\/\",\"name\":\"Sportshine\",\"description\":\"Top spletna trgovina kolesarskih in naglavnih svetilk ter opreme\",\"publisher\":{\"@id\":\"https:\\\/\\\/www.sportshine.eu\\\/#organization\"},\"potentialAction\":[{\"@type\":\"SearchAction\",\"target\":{\"@type\":\"EntryPoint\",\"urlTemplate\":\"https:\\\/\\\/www.sportshine.eu\\\/?s={search_term_string}\"},\"query-input\":{\"@type\":\"PropertyValueSpecification\",\"valueRequired\":true,\"valueName\":\"search_term_string\"}}],\"inLanguage\":\"de-AT\"},{\"@type\":\"Organization\",\"@id\":\"https:\\\/\\\/www.sportshine.eu\\\/#organization\",\"name\":\"Sportshine\",\"url\":\"https:\\\/\\\/www.sportshine.eu\\\/\",\"logo\":{\"@type\":\"ImageObject\",\"inLanguage\":\"de-AT\",\"@id\":\"https:\\\/\\\/www.sportshine.eu\\\/#\\\/schema\\\/logo\\\/image\\\/\",\"url\":\"https:\\\/\\\/www.sportshine.eu\\\/wp-content\\\/uploads\\\/2026\\\/01\\\/cropped-Sportshine.webp\",\"contentUrl\":\"https:\\\/\\\/www.sportshine.eu\\\/wp-content\\\/uploads\\\/2026\\\/01\\\/cropped-Sportshine.webp\",\"width\":295,\"height\":128,\"caption\":\"Sportshine\"},\"image\":{\"@id\":\"https:\\\/\\\/www.sportshine.eu\\\/#\\\/schema\\\/logo\\\/image\\\/\"},\"sameAs\":[\"https:\\\/\\\/www.facebook.com\\\/sportshine.eu\\\/\"]}]}<\/script>\n<!-- \/ Yoast SEO plugin. -->","yoast_head_json":{"title":"Fahrradlicht Gaciron KIWI-1200 wei\u00df","description":"Fahrradlicht mit einer Helligkeit von bis zu 1200 Lumen. Betrieben durch einen 4400 mAh Lithium-Ionen-Akku. Wasserdicht nach IPX6-Standard.","robots":{"index":"index","follow":"follow","max-snippet":"max-snippet:-1","max-image-preview":"max-image-preview:large","max-video-preview":"max-video-preview:-1"},"canonical":"https:\/\/www.sportshine.eu\/de\/originalstran\/geschaft\/gaciron-kiwi-1200-kolesarska-luc\/","og_locale":"de_DE","og_type":"article","og_title":"Lu\u010d za kolo Gaciron KIWI-1200 bela","og_description":"Kolesarska lu\u010d za kolo s svetilnostjo do 1200 lumnov. Napajanje omogo\u010da 4400 mAh litij-ionska baterija. Vodoodporna po standardu IPX6.","og_url":"https:\/\/www.sportshine.eu\/de\/originalstran\/geschaft\/gaciron-kiwi-1200-kolesarska-luc\/","og_site_name":"Sportshine","article_publisher":"https:\/\/www.facebook.com\/sportshine.eu\/","article_modified_time":"2026-04-23T10:07:59+00:00","og_image":[{"width":800,"height":800,"url":"https:\/\/www.sportshine.eu\/wp-content\/uploads\/2025\/09\/Gaciron-Kiwi-1200-bela-.webp","type":"image\/webp"}],"twitter_card":"summary_large_image","twitter_misc":{"Gesch\u00e4tzte Lesezeit":"3 Minuten"},"schema":{"@context":"https:\/\/schema.org","@graph":[{"@type":"WebPage","@id":"https:\/\/www.sportshine.eu\/trgovina\/luc-za-kolo-gaciron-kiwi-1200-bela\/","url":"https:\/\/www.sportshine.eu\/originalstran\/trgovina\/gaciron-kiwi-1200-kolesarska-luc\/","name":"Fahrradlicht Gaciron KIWI-1200 wei\u00df","isPartOf":{"@id":"https:\/\/www.sportshine.eu\/#website"},"primaryImageOfPage":{"@id":"https:\/\/www.sportshine.eu\/originalstran\/trgovina\/gaciron-kiwi-1200-kolesarska-luc\/#primaryimage"},"image":{"@id":"https:\/\/www.sportshine.eu\/originalstran\/trgovina\/gaciron-kiwi-1200-kolesarska-luc\/#primaryimage"},"thumbnailUrl":"https:\/\/www.sportshine.eu\/wp-content\/uploads\/2025\/09\/Gaciron-Kiwi-1200-bela-.webp","datePublished":"2026-02-24T21:29:26+00:00","dateModified":"2026-04-23T10:07:59+00:00","description":"Fahrradlicht mit einer Helligkeit von bis zu 1200 Lumen. Betrieben durch einen 4400 mAh Lithium-Ionen-Akku. Wasserdicht nach IPX6-Standard.","breadcrumb":{"@id":"https:\/\/www.sportshine.eu\/originalstran\/trgovina\/gaciron-kiwi-1200-kolesarska-luc\/#breadcrumb"},"inLanguage":"de-AT","potentialAction":[{"@type":"ReadAction","target":["https:\/\/www.sportshine.eu\/originalstran\/trgovina\/gaciron-kiwi-1200-kolesarska-luc\/"]}]},{"@type":"ImageObject","inLanguage":"de-AT","@id":"https:\/\/www.sportshine.eu\/originalstran\/trgovina\/gaciron-kiwi-1200-kolesarska-luc\/#primaryimage","url":"https:\/\/www.sportshine.eu\/wp-content\/uploads\/2025\/09\/Gaciron-Kiwi-1200-bela-.webp","contentUrl":"https:\/\/www.sportshine.eu\/wp-content\/uploads\/2025\/09\/Gaciron-Kiwi-1200-bela-.webp","width":800,"height":800,"caption":"Gaciron Kiwi 1200 bela"},{"@type":"BreadcrumbList","@id":"https:\/\/www.sportshine.eu\/originalstran\/trgovina\/gaciron-kiwi-1200-kolesarska-luc\/#breadcrumb","itemListElement":[{"@type":"ListItem","position":1,"name":"Home","item":"https:\/\/www.sportshine.eu\/"},{"@type":"ListItem","position":2,"name":"Trgovina","item":"https:\/\/www.sportshine.eu\/trgovina\/"},{"@type":"ListItem","position":3,"name":"Lu\u010d za kolo Gaciron KIWI-1200 bela"}]},{"@type":"WebSite","@id":"https:\/\/www.sportshine.eu\/#website","url":"https:\/\/www.sportshine.eu\/","name":"Sportshine","description":"Top Online-Shop f\u00fcr Fahrrad- und Stirnlampen sowie Zubeh\u00f6r","publisher":{"@id":"https:\/\/www.sportshine.eu\/#organization"},"potentialAction":[{"@type":"SearchAction","target":{"@type":"EntryPoint","urlTemplate":"https:\/\/www.sportshine.eu\/?s={search_term_string}"},"query-input":{"@type":"PropertyValueSpecification","valueRequired":true,"valueName":"search_term_string"}}],"inLanguage":"de-AT"},{"@type":"Organization","@id":"https:\/\/www.sportshine.eu\/#organization","name":"Sportshine","url":"https:\/\/www.sportshine.eu\/","logo":{"@type":"ImageObject","inLanguage":"de-AT","@id":"https:\/\/www.sportshine.eu\/#\/schema\/logo\/image\/","url":"https:\/\/www.sportshine.eu\/wp-content\/uploads\/2026\/01\/cropped-Sportshine.webp","contentUrl":"https:\/\/www.sportshine.eu\/wp-content\/uploads\/2026\/01\/cropped-Sportshine.webp","width":295,"height":128,"caption":"Sportshine"},"image":{"@id":"https:\/\/www.sportshine.eu\/#\/schema\/logo\/image\/"},"sameAs":["https:\/\/www.facebook.com\/sportshine.eu\/"]}]}},"_links":{"self":[{"href":"https:\/\/www.sportshine.eu\/de\/wp-json\/wp\/v2\/product\/7960","targetHints":{"allow":["GET"]}}],"collection":[{"href":"https:\/\/www.sportshine.eu\/de\/wp-json\/wp\/v2\/product"}],"about":[{"href":"https:\/\/www.sportshine.eu\/de\/wp-json\/wp\/v2\/types\/product"}],"replies":[{"embeddable":true,"href":"https:\/\/www.sportshine.eu\/de\/wp-json\/wp\/v2\/comments?post=7960"}],"version-history":[{"count":1,"href":"https:\/\/www.sportshine.eu\/de\/wp-json\/wp\/v2\/product\/7960\/revisions"}],"predecessor-version":[{"id":10412,"href":"https:\/\/www.sportshine.eu\/de\/wp-json\/wp\/v2\/product\/7960\/revisions\/10412"}],"wp:featuredmedia":[{"embeddable":true,"href":"https:\/\/www.sportshine.eu\/de\/wp-json\/wp\/v2\/media\/7971"}],"wp:attachment":[{"href":"https:\/\/www.sportshine.eu\/de\/wp-json\/wp\/v2\/media?parent=7960"}],"wp:term":[{"taxonomy":"product_brand","embeddable":true,"href":"https:\/\/www.sportshine.eu\/de\/wp-json\/wp\/v2\/product_brand?post=7960"},{"taxonomy":"product_cat","embeddable":true,"href":"https:\/\/www.sportshine.eu\/de\/wp-json\/wp\/v2\/product_cat?post=7960"},{"taxonomy":"product_tag","embeddable":true,"href":"https:\/\/www.sportshine.eu\/de\/wp-json\/wp\/v2\/product_tag?post=7960"}],"curies":[{"name":"wp","href":"https:\/\/api.w.org\/{rel}","templated":true}]}}