{"id":7731,"date":"2025-08-03T19:31:39","date_gmt":"2025-08-03T19:31:39","guid":{"rendered":"https:\/\/www.sportshine.eu\/?post_type=product&#038;p=7731"},"modified":"2025-08-03T20:05:45","modified_gmt":"2025-08-03T20:05:45","slug":"bryton-rider-650-fahrradcomputer","status":"publish","type":"product","link":"https:\/\/www.sportshine.eu\/de\/geschaft\/bryton-rider-650-fahrradcomputer\/","title":{"rendered":"Bryton Rider 650 Fahrradcomputer"},"content":{"rendered":"<h3 style=\"text-align: center;\">FUNKTIONSTASTE<\/h3>\n<p style=\"text-align: center;\">\u00dcbernehmen Sie die Kontrolle \u00fcber Ihre Fahrt mit der anpassbaren Funktionstaste. Weisen Sie ihr Ihre Lieblingsfunktion zu \u2013 sei es ein schneller Sprung zur Karte, die Anzeige der neuesten Benachrichtigung oder das Speichern einer Aktivit\u00e4t durch langes Dr\u00fccken.<\/p>\n<h3 style=\"text-align: center;\">UMGEBUNGSLICHTSENSOR<\/h3>\n<p style=\"text-align: center;\">Der Rider 650 verf\u00fcgt \u00fcber einen integrierten Umgebungslichtsensor, der die Bildschirmhelligkeit automatisch anpasst und so bei allen Lichtverh\u00e4ltnissen f\u00fcr klare Sicht sorgt. Dar\u00fcber hinaus bietet er voreingestellte Helligkeitsstufen f\u00fcr personalisierte Displayeinstellungen und sorgt so f\u00fcr gute Lesbarkeit und Energieeffizienz unter allen Bedingungen.<\/p>\n<p><iframe loading=\"lazy\" title=\"Bryton Rider 650 \uff5cInnovation zug\u00e4nglich gemacht\" width=\"500\" height=\"281\" src=\"https:\/\/www.youtube.com\/embed\/SnUl_EJft1k?feature=oembed\" frameborder=\"0\" allow=\"accelerometer; autoplay; clipboard-write; encrypted-media; gyroscope; picture-in-picture; web-share\" referrerpolicy=\"strict-origin-when-cross-origin\" allowfullscreen><\/iframe><\/p>\n<p style=\"text-align: center;\" data-start=\"408\" data-end=\"738\">\n<h3 style=\"text-align: center;\">CLIMB CHALLENGE ANSICHT<\/h3>\n<p style=\"text-align: center;\">Wenn Sie eine Route in die Bryton Active App importieren, werden automatisch Steigungsdaten generiert. Der Fahrradcomputer zeigt Details zum Anstieg an, darunter eine grafische Darstellung der Steigung, farbcodierte Gef\u00e4lle, Abschnittsl\u00e4nge, H\u00f6he, Gesamtanstieg und Startpunkte.<\/p>\n<h3 style=\"text-align: center;\">SCHNELLSTATUS<\/h3>\n<p style=\"text-align: center;\">Mit dem Rider 650 k\u00f6nnen Sie das Dashboard mit Benachrichtigungen, Rundendaten, Sensorinformationen, Lichtsteuerung und Leistungskalibrierung anpassen.<\/p>\n<h3 style=\"text-align: center;\">TURN-BY-TURN-NAVIGATION<\/h3>\n<p style=\"text-align: center;\">Egal, ob Sie neue Gebiete erkunden oder einer heruntergeladenen Route folgen, der Rider 650 ist Ihr idealer Begleiter. Er bietet Turn-by-Turn-Navigation, Stra\u00dfennamen, Gipfel, Entfernungen und Wegbeschreibungen auf vorinstallierten OSM-Karten.<\/p>\n<p><img decoding=\"async\" class=\"aligncenter wp-image-7735 size-full\" src=\"https:\/\/www.sportshine.eu\/wp-content\/uploads\/2025\/08\/Bryton-650-2.webp\" alt=\"\" width=\"800\" height=\"800\" srcset=\"https:\/\/www.sportshine.eu\/wp-content\/uploads\/2025\/08\/Bryton-650-2.webp 800w, https:\/\/www.sportshine.eu\/wp-content\/uploads\/2025\/08\/Bryton-650-2-768x768.webp 768w, https:\/\/www.sportshine.eu\/wp-content\/uploads\/2025\/08\/Bryton-650-2-600x600.webp 600w\" sizes=\"(max-width: 800px) 100vw, 800px\" \/><\/p>\n<h3 style=\"text-align: center;\">FORTGESCHRITTENE TRAININGSPROGRAMME<\/h3>\n<p style=\"text-align: center;\">Mit der Bryton Active App und dem Rider 650 k\u00f6nnen Sie schnell Trainingspl\u00e4ne erstellen oder importieren. W\u00e4hrend Ihres Trainings wird jeder Schritt visuell mit Fortschrittsbalken angezeigt, und das Ger\u00e4t erm\u00f6glicht Ihnen au\u00dferdem das Vergr\u00f6\u00dfern und Verkleinern.<\/p>\n<h3 style=\"text-align: center;\">INTERNE SCHULUNGEN<\/h3>\n<p style=\"text-align: center;\">Benutzer k\u00f6nnen Teile des Trainings \u00fcberspringen und die Intensit\u00e4t, Zielleistung oder den Widerstand nach ihren W\u00fcnschen anpassen. Trainingseinheiten k\u00f6nnen in der Bryton Active-App erstellt oder von TrainingPeaks synchronisiert werden.<\/p>\n<h3 style=\"text-align: center;\">UNTERST\u00dcTZUNG DER FAHRDYNAMIK<\/h3>\n<p style=\"text-align: center;\">Rider 650 bietet umfassende Unterst\u00fctzung f\u00fcr Krafttraining und Datenanalyse. In Kombination mit einem kompatiblen Leistungsmesser zeigt es dynamische Daten wie Fahrpositionen, Kraftverteilung, PCO (Kraftzentrumsposition) und Links-Rechts-Bein-Balance an.<\/p>\n<p><img decoding=\"async\" class=\"wp-image-7736 size-full aligncenter\" src=\"https:\/\/www.sportshine.eu\/wp-content\/uploads\/2025\/08\/bryton-650-kolesarski-racunalmik.webp\" alt=\"\" width=\"800\" height=\"800\" srcset=\"https:\/\/www.sportshine.eu\/wp-content\/uploads\/2025\/08\/bryton-650-kolesarski-racunalmik.webp 800w, https:\/\/www.sportshine.eu\/wp-content\/uploads\/2025\/08\/bryton-650-kolesarski-racunalmik-768x768.webp 768w, https:\/\/www.sportshine.eu\/wp-content\/uploads\/2025\/08\/bryton-650-kolesarski-racunalmik-600x600.webp 600w\" sizes=\"(max-width: 800px) 100vw, 800px\" \/><\/p>\n<h3 style=\"text-align: center;\">FAHRRADAR-UNTERST\u00dcTZUNG<\/h3>\n<p style=\"text-align: center;\">Mit dem ANT+ Heckradar-Erkennungssystem k\u00f6nnen Radfahrer Fahrzeuge bis zu 150 Meter hinter sich erkennen. Farbsignale und akustische Warnungen auf der rechten Seite jeder Datenseite warnen vor herannahendem Verkehr.<br \/>\nE-BIKES<br \/>\nRider 650 l\u00e4sst sich mit Shimano Steps- und ANT+ LEV-Systemen verbinden. \u00dcberwachen Sie Unterst\u00fctzungsstufe, Batteriestatus und Gangposition in Echtzeit f\u00fcr eine sichere und transparente Fahrt.<\/p>\n<h3 style=\"text-align: center;\">GRUPPENFAHRTEN UND CHAT<\/h3>\n<p style=\"text-align: center;\">\u00dcber die Bryton Active App k\u00f6nnen Sie Routen ausw\u00e4hlen, Freunde zu einer Gruppenfahrt einladen und vorab Nachrichten in der App einrichten und an Ihren Fahrradcomputer senden.<\/p>\n<h3 style=\"text-align: center;\">LIVE-TRACKING<\/h3>\n<p style=\"text-align: center;\">\u00dcber die Bryton Live Track-Funktion k\u00f6nnen Sie Ihren aktuellen Standort und Fahrstatus in Echtzeit mit Freunden und Familie teilen.<\/p>\n<p><img decoding=\"async\" class=\"aligncenter wp-image-7737 size-full\" src=\"https:\/\/www.sportshine.eu\/wp-content\/uploads\/2025\/08\/Bryton.webp\" alt=\"\" width=\"800\" height=\"800\" srcset=\"https:\/\/www.sportshine.eu\/wp-content\/uploads\/2025\/08\/Bryton.webp 800w, https:\/\/www.sportshine.eu\/wp-content\/uploads\/2025\/08\/Bryton-768x768.webp 768w, https:\/\/www.sportshine.eu\/wp-content\/uploads\/2025\/08\/Bryton-600x600.webp 600w\" sizes=\"(max-width: 800px) 100vw, 800px\" \/><\/p>","protected":false},"excerpt":{"rendered":"<p>Bryton 650 Fahrradcomputer mit 7,10 cm gro\u00dfem Farb-LCD-Touchscreen. Er erm\u00f6glicht die Verbindung mit Radarleuchten, GPS-Navigation mit vorinstallierten Karten, erweiterte Trainingseinheiten, Climb Challenge und die einfache Synchronisierung mit der Bryton Active App. Der Akku bietet eine Laufzeit von 33 Stunden und wird \u00fcber ein USB-C-Kabel aufgeladen. Das Set enth\u00e4lt au\u00dferdem eine einfache Lenkerhalterung, ein Ladekabel und eine Sicherheitsschlaufe.<\/p>","protected":false},"featured_media":7733,"comment_status":"open","ping_status":"closed","template":"","meta":[],"product_brand":[],"product_cat":[95,94],"product_tag":[],"class_list":{"0":"post-7731","1":"product","2":"type-product","3":"status-publish","4":"has-post-thumbnail","6":"product_cat-kolesarska-oprema","7":"product_cat-kolesarski-stevci","9":"first","10":"instock","11":"taxable","12":"shipping-taxable","13":"purchasable","14":"product-type-simple"},"yoast_head":"<!-- This site is optimized with the Yoast SEO plugin v27.3 - https:\/\/yoast.com\/product\/yoast-seo-wordpress\/ -->\n<title>Kolesarski ra\u010dunalnik Bryton Rider 650<\/title>\n<meta name=\"description\" content=\"Kolesarski ra\u010dunalnik Bryton Rider 650 je vrhunska naprava za vse, ki \u017eelijo ve\u010d od svoje vo\u017enje. Zdru\u017eljiv je z e-kolesi, radarji in senzorji.\" \/>\n<meta name=\"robots\" content=\"index, follow, max-snippet:-1, max-image-preview:large, max-video-preview:-1\" \/>\n<link rel=\"canonical\" href=\"https:\/\/www.sportshine.eu\/de\/geschaft\/bryton-rider-650-fahrradcomputer\/\" \/>\n<meta property=\"og:locale\" content=\"de_DE\" \/>\n<meta property=\"og:type\" content=\"article\" \/>\n<meta property=\"og:title\" content=\"Kolesarski ra\u010dunalnik Bryton Rider 650\" \/>\n<meta property=\"og:description\" content=\"Kolesarski ra\u010dunalnik Bryton Rider 650 je vrhunska naprava za vse, ki \u017eelijo ve\u010d od svoje vo\u017enje. Zdru\u017eljiv je z e-kolesi, radarji in senzorji.\" \/>\n<meta property=\"og:url\" content=\"https:\/\/www.sportshine.eu\/de\/geschaft\/bryton-rider-650-fahrradcomputer\/\" \/>\n<meta property=\"og:site_name\" content=\"Sportshine\" \/>\n<meta property=\"article:publisher\" content=\"https:\/\/www.facebook.com\/sportshine.eu\/\" \/>\n<meta property=\"article:modified_time\" content=\"2025-08-03T20:05:45+00:00\" \/>\n<meta property=\"og:image\" content=\"https:\/\/www.sportshine.eu\/wp-content\/uploads\/2025\/08\/Bryton-650-racunalnik.webp\" \/>\n\t<meta property=\"og:image:width\" content=\"800\" \/>\n\t<meta property=\"og:image:height\" content=\"800\" \/>\n\t<meta property=\"og:image:type\" content=\"image\/webp\" \/>\n<meta name=\"twitter:card\" content=\"summary_large_image\" \/>\n<meta name=\"twitter:label1\" content=\"Gesch\u00e4tzte Lesezeit\" \/>\n\t<meta name=\"twitter:data1\" content=\"3 Minuten\" \/>\n<script type=\"application\/ld+json\" class=\"yoast-schema-graph\">{\"@context\":\"https:\\\/\\\/schema.org\",\"@graph\":[{\"@type\":\"WebPage\",\"@id\":\"https:\\\/\\\/www.sportshine.eu\\\/trgovina\\\/kolesarski-racunalnik-bryton-rider-650\\\/\",\"url\":\"https:\\\/\\\/www.sportshine.eu\\\/trgovina\\\/kolesarski-racunalnik-bryton-rider-650\\\/\",\"name\":\"Kolesarski ra\u010dunalnik Bryton Rider 650\",\"isPartOf\":{\"@id\":\"https:\\\/\\\/www.sportshine.eu\\\/#website\"},\"primaryImageOfPage\":{\"@id\":\"https:\\\/\\\/www.sportshine.eu\\\/trgovina\\\/kolesarski-racunalnik-bryton-rider-650\\\/#primaryimage\"},\"image\":{\"@id\":\"https:\\\/\\\/www.sportshine.eu\\\/trgovina\\\/kolesarski-racunalnik-bryton-rider-650\\\/#primaryimage\"},\"thumbnailUrl\":\"https:\\\/\\\/www.sportshine.eu\\\/wp-content\\\/uploads\\\/2025\\\/08\\\/Bryton-650-racunalnik.webp\",\"datePublished\":\"2025-08-03T19:31:39+00:00\",\"dateModified\":\"2025-08-03T20:05:45+00:00\",\"description\":\"Kolesarski ra\u010dunalnik Bryton Rider 650 je vrhunska naprava za vse, ki \u017eelijo ve\u010d od svoje vo\u017enje. Zdru\u017eljiv je z e-kolesi, radarji in senzorji.\",\"breadcrumb\":{\"@id\":\"https:\\\/\\\/www.sportshine.eu\\\/trgovina\\\/kolesarski-racunalnik-bryton-rider-650\\\/#breadcrumb\"},\"inLanguage\":\"de-AT\",\"potentialAction\":[{\"@type\":\"ReadAction\",\"target\":[\"https:\\\/\\\/www.sportshine.eu\\\/trgovina\\\/kolesarski-racunalnik-bryton-rider-650\\\/\"]}]},{\"@type\":\"ImageObject\",\"inLanguage\":\"de-AT\",\"@id\":\"https:\\\/\\\/www.sportshine.eu\\\/trgovina\\\/kolesarski-racunalnik-bryton-rider-650\\\/#primaryimage\",\"url\":\"https:\\\/\\\/www.sportshine.eu\\\/wp-content\\\/uploads\\\/2025\\\/08\\\/Bryton-650-racunalnik.webp\",\"contentUrl\":\"https:\\\/\\\/www.sportshine.eu\\\/wp-content\\\/uploads\\\/2025\\\/08\\\/Bryton-650-racunalnik.webp\",\"width\":800,\"height\":800,\"caption\":\"Bryton 650 ra\u010dunalnik\"},{\"@type\":\"BreadcrumbList\",\"@id\":\"https:\\\/\\\/www.sportshine.eu\\\/trgovina\\\/kolesarski-racunalnik-bryton-rider-650\\\/#breadcrumb\",\"itemListElement\":[{\"@type\":\"ListItem\",\"position\":1,\"name\":\"Home\",\"item\":\"https:\\\/\\\/www.sportshine.eu\\\/\"},{\"@type\":\"ListItem\",\"position\":2,\"name\":\"Trgovina\",\"item\":\"https:\\\/\\\/www.sportshine.eu\\\/trgovina\\\/\"},{\"@type\":\"ListItem\",\"position\":3,\"name\":\"Kolesarski ra\u010dunalnik Bryton Rider 650\"}]},{\"@type\":\"WebSite\",\"@id\":\"https:\\\/\\\/www.sportshine.eu\\\/#website\",\"url\":\"https:\\\/\\\/www.sportshine.eu\\\/\",\"name\":\"Sportshine\",\"description\":\"Top spletna trgovina kolesarskih in naglavnih svetilk ter opreme\",\"publisher\":{\"@id\":\"https:\\\/\\\/www.sportshine.eu\\\/#organization\"},\"potentialAction\":[{\"@type\":\"SearchAction\",\"target\":{\"@type\":\"EntryPoint\",\"urlTemplate\":\"https:\\\/\\\/www.sportshine.eu\\\/?s={search_term_string}\"},\"query-input\":{\"@type\":\"PropertyValueSpecification\",\"valueRequired\":true,\"valueName\":\"search_term_string\"}}],\"inLanguage\":\"de-AT\"},{\"@type\":\"Organization\",\"@id\":\"https:\\\/\\\/www.sportshine.eu\\\/#organization\",\"name\":\"Sportshine\",\"url\":\"https:\\\/\\\/www.sportshine.eu\\\/\",\"logo\":{\"@type\":\"ImageObject\",\"inLanguage\":\"de-AT\",\"@id\":\"https:\\\/\\\/www.sportshine.eu\\\/#\\\/schema\\\/logo\\\/image\\\/\",\"url\":\"https:\\\/\\\/www.sportshine.eu\\\/wp-content\\\/uploads\\\/2026\\\/01\\\/cropped-Sportshine.webp\",\"contentUrl\":\"https:\\\/\\\/www.sportshine.eu\\\/wp-content\\\/uploads\\\/2026\\\/01\\\/cropped-Sportshine.webp\",\"width\":295,\"height\":128,\"caption\":\"Sportshine\"},\"image\":{\"@id\":\"https:\\\/\\\/www.sportshine.eu\\\/#\\\/schema\\\/logo\\\/image\\\/\"},\"sameAs\":[\"https:\\\/\\\/www.facebook.com\\\/sportshine.eu\\\/\"]}]}<\/script>\n<!-- \/ Yoast SEO plugin. -->","yoast_head_json":{"title":"Bryton Rider 650 Fahrradcomputer","description":"Der Fahrradcomputer Bryton Rider 650 ist ein Premium-Ger\u00e4t f\u00fcr alle, die mehr aus ihrer Fahrt herausholen m\u00f6chten. Er ist mit E-Bikes, Radarger\u00e4ten und Sensoren kompatibel.","robots":{"index":"index","follow":"follow","max-snippet":"max-snippet:-1","max-image-preview":"max-image-preview:large","max-video-preview":"max-video-preview:-1"},"canonical":"https:\/\/www.sportshine.eu\/de\/geschaft\/bryton-rider-650-fahrradcomputer\/","og_locale":"de_DE","og_type":"article","og_title":"Kolesarski ra\u010dunalnik Bryton Rider 650","og_description":"Kolesarski ra\u010dunalnik Bryton Rider 650 je vrhunska naprava za vse, ki \u017eelijo ve\u010d od svoje vo\u017enje. Zdru\u017eljiv je z e-kolesi, radarji in senzorji.","og_url":"https:\/\/www.sportshine.eu\/de\/geschaft\/bryton-rider-650-fahrradcomputer\/","og_site_name":"Sportshine","article_publisher":"https:\/\/www.facebook.com\/sportshine.eu\/","article_modified_time":"2025-08-03T20:05:45+00:00","og_image":[{"width":800,"height":800,"url":"https:\/\/www.sportshine.eu\/wp-content\/uploads\/2025\/08\/Bryton-650-racunalnik.webp","type":"image\/webp"}],"twitter_card":"summary_large_image","twitter_misc":{"Gesch\u00e4tzte Lesezeit":"3 Minuten"},"schema":{"@context":"https:\/\/schema.org","@graph":[{"@type":"WebPage","@id":"https:\/\/www.sportshine.eu\/trgovina\/kolesarski-racunalnik-bryton-rider-650\/","url":"https:\/\/www.sportshine.eu\/trgovina\/kolesarski-racunalnik-bryton-rider-650\/","name":"Bryton Rider 650 Fahrradcomputer","isPartOf":{"@id":"https:\/\/www.sportshine.eu\/#website"},"primaryImageOfPage":{"@id":"https:\/\/www.sportshine.eu\/trgovina\/kolesarski-racunalnik-bryton-rider-650\/#primaryimage"},"image":{"@id":"https:\/\/www.sportshine.eu\/trgovina\/kolesarski-racunalnik-bryton-rider-650\/#primaryimage"},"thumbnailUrl":"https:\/\/www.sportshine.eu\/wp-content\/uploads\/2025\/08\/Bryton-650-racunalnik.webp","datePublished":"2025-08-03T19:31:39+00:00","dateModified":"2025-08-03T20:05:45+00:00","description":"Der Fahrradcomputer Bryton Rider 650 ist ein Premium-Ger\u00e4t f\u00fcr alle, die mehr aus ihrer Fahrt herausholen m\u00f6chten. Er ist mit E-Bikes, Radarger\u00e4ten und Sensoren kompatibel.","breadcrumb":{"@id":"https:\/\/www.sportshine.eu\/trgovina\/kolesarski-racunalnik-bryton-rider-650\/#breadcrumb"},"inLanguage":"de-AT","potentialAction":[{"@type":"ReadAction","target":["https:\/\/www.sportshine.eu\/trgovina\/kolesarski-racunalnik-bryton-rider-650\/"]}]},{"@type":"ImageObject","inLanguage":"de-AT","@id":"https:\/\/www.sportshine.eu\/trgovina\/kolesarski-racunalnik-bryton-rider-650\/#primaryimage","url":"https:\/\/www.sportshine.eu\/wp-content\/uploads\/2025\/08\/Bryton-650-racunalnik.webp","contentUrl":"https:\/\/www.sportshine.eu\/wp-content\/uploads\/2025\/08\/Bryton-650-racunalnik.webp","width":800,"height":800,"caption":"Bryton 650 ra\u010dunalnik"},{"@type":"BreadcrumbList","@id":"https:\/\/www.sportshine.eu\/trgovina\/kolesarski-racunalnik-bryton-rider-650\/#breadcrumb","itemListElement":[{"@type":"ListItem","position":1,"name":"Home","item":"https:\/\/www.sportshine.eu\/"},{"@type":"ListItem","position":2,"name":"Trgovina","item":"https:\/\/www.sportshine.eu\/trgovina\/"},{"@type":"ListItem","position":3,"name":"Kolesarski ra\u010dunalnik Bryton Rider 650"}]},{"@type":"WebSite","@id":"https:\/\/www.sportshine.eu\/#website","url":"https:\/\/www.sportshine.eu\/","name":"Sportshine","description":"Top Online-Shop f\u00fcr Fahrrad- und Stirnlampen sowie Zubeh\u00f6r","publisher":{"@id":"https:\/\/www.sportshine.eu\/#organization"},"potentialAction":[{"@type":"SearchAction","target":{"@type":"EntryPoint","urlTemplate":"https:\/\/www.sportshine.eu\/?s={search_term_string}"},"query-input":{"@type":"PropertyValueSpecification","valueRequired":true,"valueName":"search_term_string"}}],"inLanguage":"de-AT"},{"@type":"Organization","@id":"https:\/\/www.sportshine.eu\/#organization","name":"Sportshine","url":"https:\/\/www.sportshine.eu\/","logo":{"@type":"ImageObject","inLanguage":"de-AT","@id":"https:\/\/www.sportshine.eu\/#\/schema\/logo\/image\/","url":"https:\/\/www.sportshine.eu\/wp-content\/uploads\/2026\/01\/cropped-Sportshine.webp","contentUrl":"https:\/\/www.sportshine.eu\/wp-content\/uploads\/2026\/01\/cropped-Sportshine.webp","width":295,"height":128,"caption":"Sportshine"},"image":{"@id":"https:\/\/www.sportshine.eu\/#\/schema\/logo\/image\/"},"sameAs":["https:\/\/www.facebook.com\/sportshine.eu\/"]}]}},"_links":{"self":[{"href":"https:\/\/www.sportshine.eu\/de\/wp-json\/wp\/v2\/product\/7731","targetHints":{"allow":["GET"]}}],"collection":[{"href":"https:\/\/www.sportshine.eu\/de\/wp-json\/wp\/v2\/product"}],"about":[{"href":"https:\/\/www.sportshine.eu\/de\/wp-json\/wp\/v2\/types\/product"}],"replies":[{"embeddable":true,"href":"https:\/\/www.sportshine.eu\/de\/wp-json\/wp\/v2\/comments?post=7731"}],"version-history":[{"count":0,"href":"https:\/\/www.sportshine.eu\/de\/wp-json\/wp\/v2\/product\/7731\/revisions"}],"wp:featuredmedia":[{"embeddable":true,"href":"https:\/\/www.sportshine.eu\/de\/wp-json\/wp\/v2\/media\/7733"}],"wp:attachment":[{"href":"https:\/\/www.sportshine.eu\/de\/wp-json\/wp\/v2\/media?parent=7731"}],"wp:term":[{"taxonomy":"product_brand","embeddable":true,"href":"https:\/\/www.sportshine.eu\/de\/wp-json\/wp\/v2\/product_brand?post=7731"},{"taxonomy":"product_cat","embeddable":true,"href":"https:\/\/www.sportshine.eu\/de\/wp-json\/wp\/v2\/product_cat?post=7731"},{"taxonomy":"product_tag","embeddable":true,"href":"https:\/\/www.sportshine.eu\/de\/wp-json\/wp\/v2\/product_tag?post=7731"}],"curies":[{"name":"wp","href":"https:\/\/api.w.org\/{rel}","templated":true}]}}