{"id":7084,"date":"2025-07-26T12:33:37","date_gmt":"2025-07-26T12:33:37","guid":{"rendered":"https:\/\/www.sportshine.eu\/?post_type=product&#038;p=7084"},"modified":"2025-12-13T16:27:51","modified_gmt":"2025-12-13T16:27:51","slug":"magicshine-airro-tragbare-fahrradpumpe","status":"publish","type":"product","link":"https:\/\/www.sportshine.eu\/de\/geschaft\/magicshine-airro-tragbare-fahrradpumpe\/","title":{"rendered":"Magicshine AIRRO tragbare Fahrradpumpe"},"content":{"rendered":"<h3 style=\"text-align: center;\">INTELLIGENT AUFPUMPEN, H\u00c4RTER FAHREN<\/h3>\n<p><iframe loading=\"lazy\" title=\"MAGICSHINE AIRRO Mini-Fahrradreifenf\u00fcller \u2013 Auspacken\" width=\"500\" height=\"281\" src=\"https:\/\/www.youtube.com\/embed\/6B_BLqyb-B8?feature=oembed\" frameborder=\"0\" allow=\"accelerometer; autoplay; clipboard-write; encrypted-media; gyroscope; picture-in-picture; web-share\" referrerpolicy=\"strict-origin-when-cross-origin\" allowfullscreen><\/iframe><\/p>\n<h3 style=\"text-align: center;\">PR\u00c4ZISE DRUCKREGELUNG<\/h3>\n<p style=\"text-align: center;\">Mit einer Genauigkeit von \u00b11,5 PSI sorgt es f\u00fcr ein gleichm\u00e4\u00dfiges und zuverl\u00e4ssiges Aufpumpen, ohne dass Sie den richtigen Druck erraten m\u00fcssen. Dies verhindert ein \u00dcberpumpen und gew\u00e4hrleistet eine optimale Reifenleistung.<\/p>\n<h3 style=\"text-align: center;\">EXTREM LEICHT<\/h3>\n<p style=\"text-align: center;\">Mit einem Gewicht von nur 145 g passt es problemlos in die Tasche Ihres Radtrikots oder in die Tasche unter dem Sattel \u2013 perfekt f\u00fcr das t\u00e4gliche Radfahren oder Reisen.<\/p>\n<p><iframe loading=\"lazy\" title=\"Magicshine AIRRO\" width=\"500\" height=\"281\" src=\"https:\/\/www.youtube.com\/embed\/7JjOcOOIdAw?feature=oembed\" frameborder=\"0\" allow=\"accelerometer; autoplay; clipboard-write; encrypted-media; gyroscope; picture-in-picture; web-share\" referrerpolicy=\"strict-origin-when-cross-origin\" allowfullscreen><\/iframe><\/p>\n<h3 style=\"text-align: center;\">BENUTZERFREUNDLICHE BEDIENUNG<\/h3>\n<p style=\"text-align: center;\">Einfache \u201e+\u201c- und \u201e\u2013\u201c-Tasten erm\u00f6glichen eine einfache Druckanpassung, w\u00e4hrend die LED-Anzeige Echtzeitdaten anzeigt, sodass Sie die volle Kontrolle behalten und informiert sind.<\/p>\n<p><img decoding=\"async\" class=\"aligncenter wp-image-7773 size-full\" src=\"https:\/\/www.sportshine.eu\/wp-content\/uploads\/2025\/07\/Magicshine-Aero-5-1-e1754387011560.webp\" alt=\"\" width=\"800\" height=\"505\" srcset=\"https:\/\/www.sportshine.eu\/wp-content\/uploads\/2025\/07\/Magicshine-Aero-5-1-e1754387011560.webp 800w, https:\/\/www.sportshine.eu\/wp-content\/uploads\/2025\/07\/Magicshine-Aero-5-1-e1754387011560-768x485.webp 768w, https:\/\/www.sportshine.eu\/wp-content\/uploads\/2025\/07\/Magicshine-Aero-5-1-e1754387011560-600x379.webp 600w\" sizes=\"(max-width: 800px) 100vw, 800px\" \/><\/p>\n<h3 style=\"text-align: center;\">MEHRZWECKKOMPATIBILIT\u00c4T<\/h3>\n<p style=\"text-align: center;\">Im Lieferumfang sind Adapter f\u00fcr Presta- und Schrader-Ventile, eine Ball-Aufblasnadel und eine Schlauchverl\u00e4ngerung enthalten, die den Einsatz in unterschiedlichsten Situationen erm\u00f6glichen.<\/p>\n<h3 style=\"text-align: center;\">LANGLEBIGER AKKU<\/h3>\n<p style=\"text-align: center;\">Mit einem 7,4-V-Akku mit 500 mAh erm\u00f6glicht es 3\u20134 Aufpumpvorg\u00e4nge auf bis zu 80 PSI mit einer einzigen Ladung und gew\u00e4hrleistet so eine zuverl\u00e4ssige Leistung.<\/p>\n<h3 style=\"text-align: center;\">SCHNELLES LADEN \u00dcBER TYP C<\/h3>\n<p style=\"text-align: center;\">Genie\u00dfen Sie schnelles und bequemes Aufladen in nur 45 Minuten \u00fcber den Typ-C-Anschluss.<\/p>\n<p><img decoding=\"async\" class=\"aligncenter wp-image-7775 size-full\" src=\"https:\/\/www.sportshine.eu\/wp-content\/uploads\/2025\/07\/Magicshine-Aero-6-e1754387363925.webp\" alt=\"\" width=\"800\" height=\"497\" srcset=\"https:\/\/www.sportshine.eu\/wp-content\/uploads\/2025\/07\/Magicshine-Aero-6-e1754387363925.webp 800w, https:\/\/www.sportshine.eu\/wp-content\/uploads\/2025\/07\/Magicshine-Aero-6-e1754387363925-768x477.webp 768w, https:\/\/www.sportshine.eu\/wp-content\/uploads\/2025\/07\/Magicshine-Aero-6-e1754387363925-600x373.webp 600w\" sizes=\"(max-width: 800px) 100vw, 800px\" \/><\/p>\n<h3 style=\"text-align: center;\">AUTO-STOP-TECHNOLOGIE<\/h3>\n<p style=\"text-align: center;\">Es stoppt automatisch, wenn der gew\u00fcnschte Druck erreicht ist, wodurch R\u00e4tselraten vermieden und ein genaues Aufpumpen gew\u00e4hrleistet wird.<\/p>\n<h3 style=\"text-align: center;\">\u00dcBERHITZUNGSSCHUTZ<\/h3>\n<p style=\"text-align: center;\">Die Silikonh\u00fclle bietet einen entscheidenden Schutz vor \u00dcberhitzung w\u00e4hrend der Nutzung und gew\u00e4hrleistet so einen sicheren Betrieb.<\/p>\n<h3 style=\"text-align: center;\">ELEGANTES DESIGN<\/h3>\n<p style=\"text-align: center;\">Bearbeitetes, schlagfestes Aluminiumgeh\u00e4use und transparente Echtzeitanzeige der mechanischen Teile \u2013 Langlebigkeit kombiniert mit Pr\u00e4zision in der Bewegung.<\/p>\n<p><img decoding=\"async\" class=\"aligncenter wp-image-7776 size-full\" src=\"https:\/\/www.sportshine.eu\/wp-content\/uploads\/2025\/07\/Magicshine-Aero-7-e1754387622280.webp\" alt=\"\" width=\"793\" height=\"516\" srcset=\"https:\/\/www.sportshine.eu\/wp-content\/uploads\/2025\/07\/Magicshine-Aero-7-e1754387622280.webp 793w, https:\/\/www.sportshine.eu\/wp-content\/uploads\/2025\/07\/Magicshine-Aero-7-e1754387622280-768x500.webp 768w, https:\/\/www.sportshine.eu\/wp-content\/uploads\/2025\/07\/Magicshine-Aero-7-e1754387622280-600x390.webp 600w\" sizes=\"(max-width: 793px) 100vw, 793px\" \/><\/p>\n<h3 style=\"text-align: center;\">WAS IST IM PAKET?<\/h3>\n<p style=\"text-align: center;\">Elektrische Pumpe<br \/>\nPresta-Adapter<br \/>\nSchrader-Adapter<br \/>\nBall-Inflatornadel<br \/>\nSchlauchverl\u00e4ngerung<br \/>\nLadekabel (Typ C)<br \/>\nSch\u00fctzende Silikonh\u00fclle<br \/>\nGebrauchsanweisung<\/p>\n<p><img decoding=\"async\" class=\"aligncenter wp-image-7766 size-full\" src=\"https:\/\/www.sportshine.eu\/wp-content\/uploads\/2025\/07\/Magicshine-Aero-4.webp\" alt=\"\" width=\"800\" height=\"800\" srcset=\"https:\/\/www.sportshine.eu\/wp-content\/uploads\/2025\/07\/Magicshine-Aero-4.webp 800w, https:\/\/www.sportshine.eu\/wp-content\/uploads\/2025\/07\/Magicshine-Aero-4-768x768.webp 768w, https:\/\/www.sportshine.eu\/wp-content\/uploads\/2025\/07\/Magicshine-Aero-4-600x600.webp 600w\" sizes=\"(max-width: 800px) 100vw, 800px\" \/><\/p>","protected":false},"excerpt":{"rendered":"<p>Kompakte und leichte Magicshine Elektropumpe (145 g) mit leistungsstarkem Motor bis 8,2 bar, pr\u00e4zisem Barometer, LED-Anzeige und automatischer Abschaltung. Inklusive Adapter f\u00fcr verschiedene Ventile, Schnellladung Typ C und \u00dcberhitzungsschutz \u2013 ideal f\u00fcr alle Radfahrer unterwegs.<\/p>","protected":false},"featured_media":7085,"comment_status":"open","ping_status":"closed","template":"","meta":[],"product_brand":[],"product_cat":[95],"product_tag":[],"class_list":{"0":"post-7084","1":"product","2":"type-product","3":"status-publish","4":"has-post-thumbnail","6":"product_cat-kolesarska-oprema","8":"first","9":"instock","10":"sale","11":"taxable","12":"shipping-taxable","13":"purchasable","14":"product-type-simple"},"yoast_head":"<!-- This site is optimized with the Yoast SEO plugin v27.3 - https:\/\/yoast.com\/product\/yoast-seo-wordpress\/ -->\n<title>Magicshine AIRRO prenosna kolesarska tla\u010dilka<\/title>\n<meta name=\"description\" content=\"Kompaktna in lahka elektri\u010dna tla\u010dilka Magicshine (145 g) z zmogljivim motorjem do 8,2 barov, natan\u010dnim barometrom, LED zaslonom in samodejnim izklopom.\" \/>\n<meta name=\"robots\" content=\"index, follow, max-snippet:-1, max-image-preview:large, max-video-preview:-1\" \/>\n<link rel=\"canonical\" href=\"https:\/\/www.sportshine.eu\/de\/geschaft\/magicshine-airro-tragbare-fahrradpumpe\/\" \/>\n<meta property=\"og:locale\" content=\"de_DE\" \/>\n<meta property=\"og:type\" content=\"article\" \/>\n<meta property=\"og:title\" content=\"Magicshine AIRRO prenosna kolesarska tla\u010dilka\" \/>\n<meta property=\"og:description\" content=\"Kompaktna in lahka elektri\u010dna tla\u010dilka Magicshine (145 g) z zmogljivim motorjem do 8,2 barov, natan\u010dnim barometrom, LED zaslonom in samodejnim izklopom.\" \/>\n<meta property=\"og:url\" content=\"https:\/\/www.sportshine.eu\/de\/geschaft\/magicshine-airro-tragbare-fahrradpumpe\/\" \/>\n<meta property=\"og:site_name\" content=\"Sportshine\" \/>\n<meta property=\"article:publisher\" content=\"https:\/\/www.facebook.com\/sportshine.eu\/\" \/>\n<meta property=\"article:modified_time\" content=\"2025-12-13T16:27:51+00:00\" \/>\n<meta property=\"og:image\" content=\"https:\/\/www.sportshine.eu\/wp-content\/uploads\/2025\/07\/Magicshine-AIRRO-elektricna-tlacilka.webp\" \/>\n\t<meta property=\"og:image:width\" content=\"800\" \/>\n\t<meta property=\"og:image:height\" content=\"800\" \/>\n\t<meta property=\"og:image:type\" content=\"image\/webp\" \/>\n<meta name=\"twitter:card\" content=\"summary_large_image\" \/>\n<meta name=\"twitter:label1\" content=\"Gesch\u00e4tzte Lesezeit\" \/>\n\t<meta name=\"twitter:data1\" content=\"2 Minuten\" \/>\n<script type=\"application\/ld+json\" class=\"yoast-schema-graph\">{\"@context\":\"https:\\\/\\\/schema.org\",\"@graph\":[{\"@type\":\"WebPage\",\"@id\":\"https:\\\/\\\/www.sportshine.eu\\\/trgovina\\\/magicshine-airro-prenosna-kolesarska-tlacilka\\\/\",\"url\":\"https:\\\/\\\/www.sportshine.eu\\\/trgovina\\\/magicshine-airro-prenosna-kolesarska-tlacilka\\\/\",\"name\":\"Magicshine AIRRO prenosna kolesarska tla\u010dilka\",\"isPartOf\":{\"@id\":\"https:\\\/\\\/www.sportshine.eu\\\/#website\"},\"primaryImageOfPage\":{\"@id\":\"https:\\\/\\\/www.sportshine.eu\\\/trgovina\\\/magicshine-airro-prenosna-kolesarska-tlacilka\\\/#primaryimage\"},\"image\":{\"@id\":\"https:\\\/\\\/www.sportshine.eu\\\/trgovina\\\/magicshine-airro-prenosna-kolesarska-tlacilka\\\/#primaryimage\"},\"thumbnailUrl\":\"https:\\\/\\\/www.sportshine.eu\\\/wp-content\\\/uploads\\\/2025\\\/07\\\/Magicshine-AIRRO-elektricna-tlacilka.webp\",\"datePublished\":\"2025-07-26T12:33:37+00:00\",\"dateModified\":\"2025-12-13T16:27:51+00:00\",\"description\":\"Kompaktna in lahka elektri\u010dna tla\u010dilka Magicshine (145 g) z zmogljivim motorjem do 8,2 barov, natan\u010dnim barometrom, LED zaslonom in samodejnim izklopom.\",\"breadcrumb\":{\"@id\":\"https:\\\/\\\/www.sportshine.eu\\\/trgovina\\\/magicshine-airro-prenosna-kolesarska-tlacilka\\\/#breadcrumb\"},\"inLanguage\":\"de-AT\",\"potentialAction\":[{\"@type\":\"ReadAction\",\"target\":[\"https:\\\/\\\/www.sportshine.eu\\\/trgovina\\\/magicshine-airro-prenosna-kolesarska-tlacilka\\\/\"]}]},{\"@type\":\"ImageObject\",\"inLanguage\":\"de-AT\",\"@id\":\"https:\\\/\\\/www.sportshine.eu\\\/trgovina\\\/magicshine-airro-prenosna-kolesarska-tlacilka\\\/#primaryimage\",\"url\":\"https:\\\/\\\/www.sportshine.eu\\\/wp-content\\\/uploads\\\/2025\\\/07\\\/Magicshine-AIRRO-elektricna-tlacilka.webp\",\"contentUrl\":\"https:\\\/\\\/www.sportshine.eu\\\/wp-content\\\/uploads\\\/2025\\\/07\\\/Magicshine-AIRRO-elektricna-tlacilka.webp\",\"width\":800,\"height\":800,\"caption\":\"Magicshine AIRRO elektri\u010dna tla\u010dilka\"},{\"@type\":\"BreadcrumbList\",\"@id\":\"https:\\\/\\\/www.sportshine.eu\\\/trgovina\\\/magicshine-airro-prenosna-kolesarska-tlacilka\\\/#breadcrumb\",\"itemListElement\":[{\"@type\":\"ListItem\",\"position\":1,\"name\":\"Home\",\"item\":\"https:\\\/\\\/www.sportshine.eu\\\/\"},{\"@type\":\"ListItem\",\"position\":2,\"name\":\"Trgovina\",\"item\":\"https:\\\/\\\/www.sportshine.eu\\\/trgovina\\\/\"},{\"@type\":\"ListItem\",\"position\":3,\"name\":\"Magicshine AIRRO prenosna kolesarska tla\u010dilka\"}]},{\"@type\":\"WebSite\",\"@id\":\"https:\\\/\\\/www.sportshine.eu\\\/#website\",\"url\":\"https:\\\/\\\/www.sportshine.eu\\\/\",\"name\":\"Sportshine\",\"description\":\"Top spletna trgovina kolesarskih in naglavnih svetilk ter opreme\",\"publisher\":{\"@id\":\"https:\\\/\\\/www.sportshine.eu\\\/#organization\"},\"potentialAction\":[{\"@type\":\"SearchAction\",\"target\":{\"@type\":\"EntryPoint\",\"urlTemplate\":\"https:\\\/\\\/www.sportshine.eu\\\/?s={search_term_string}\"},\"query-input\":{\"@type\":\"PropertyValueSpecification\",\"valueRequired\":true,\"valueName\":\"search_term_string\"}}],\"inLanguage\":\"de-AT\"},{\"@type\":\"Organization\",\"@id\":\"https:\\\/\\\/www.sportshine.eu\\\/#organization\",\"name\":\"Sportshine\",\"url\":\"https:\\\/\\\/www.sportshine.eu\\\/\",\"logo\":{\"@type\":\"ImageObject\",\"inLanguage\":\"de-AT\",\"@id\":\"https:\\\/\\\/www.sportshine.eu\\\/#\\\/schema\\\/logo\\\/image\\\/\",\"url\":\"https:\\\/\\\/www.sportshine.eu\\\/wp-content\\\/uploads\\\/2026\\\/01\\\/cropped-Sportshine.webp\",\"contentUrl\":\"https:\\\/\\\/www.sportshine.eu\\\/wp-content\\\/uploads\\\/2026\\\/01\\\/cropped-Sportshine.webp\",\"width\":295,\"height\":128,\"caption\":\"Sportshine\"},\"image\":{\"@id\":\"https:\\\/\\\/www.sportshine.eu\\\/#\\\/schema\\\/logo\\\/image\\\/\"},\"sameAs\":[\"https:\\\/\\\/www.facebook.com\\\/sportshine.eu\\\/\"]}]}<\/script>\n<!-- \/ Yoast SEO plugin. -->","yoast_head_json":{"title":"Magicshine AIRRO tragbare Fahrradpumpe","description":"Kompakte und leichte Magicshine-Elektropumpe (145 g) mit leistungsstarkem Motor bis 8,2 bar, pr\u00e4zisem Barometer, LED-Anzeige und automatischer Abschaltung.","robots":{"index":"index","follow":"follow","max-snippet":"max-snippet:-1","max-image-preview":"max-image-preview:large","max-video-preview":"max-video-preview:-1"},"canonical":"https:\/\/www.sportshine.eu\/de\/geschaft\/magicshine-airro-tragbare-fahrradpumpe\/","og_locale":"de_DE","og_type":"article","og_title":"Magicshine AIRRO prenosna kolesarska tla\u010dilka","og_description":"Kompaktna in lahka elektri\u010dna tla\u010dilka Magicshine (145 g) z zmogljivim motorjem do 8,2 barov, natan\u010dnim barometrom, LED zaslonom in samodejnim izklopom.","og_url":"https:\/\/www.sportshine.eu\/de\/geschaft\/magicshine-airro-tragbare-fahrradpumpe\/","og_site_name":"Sportshine","article_publisher":"https:\/\/www.facebook.com\/sportshine.eu\/","article_modified_time":"2025-12-13T16:27:51+00:00","og_image":[{"width":800,"height":800,"url":"https:\/\/www.sportshine.eu\/wp-content\/uploads\/2025\/07\/Magicshine-AIRRO-elektricna-tlacilka.webp","type":"image\/webp"}],"twitter_card":"summary_large_image","twitter_misc":{"Gesch\u00e4tzte Lesezeit":"2 Minuten"},"schema":{"@context":"https:\/\/schema.org","@graph":[{"@type":"WebPage","@id":"https:\/\/www.sportshine.eu\/trgovina\/magicshine-airro-prenosna-kolesarska-tlacilka\/","url":"https:\/\/www.sportshine.eu\/trgovina\/magicshine-airro-prenosna-kolesarska-tlacilka\/","name":"Magicshine AIRRO tragbare Fahrradpumpe","isPartOf":{"@id":"https:\/\/www.sportshine.eu\/#website"},"primaryImageOfPage":{"@id":"https:\/\/www.sportshine.eu\/trgovina\/magicshine-airro-prenosna-kolesarska-tlacilka\/#primaryimage"},"image":{"@id":"https:\/\/www.sportshine.eu\/trgovina\/magicshine-airro-prenosna-kolesarska-tlacilka\/#primaryimage"},"thumbnailUrl":"https:\/\/www.sportshine.eu\/wp-content\/uploads\/2025\/07\/Magicshine-AIRRO-elektricna-tlacilka.webp","datePublished":"2025-07-26T12:33:37+00:00","dateModified":"2025-12-13T16:27:51+00:00","description":"Kompakte und leichte Magicshine-Elektropumpe (145 g) mit leistungsstarkem Motor bis 8,2 bar, pr\u00e4zisem Barometer, LED-Anzeige und automatischer Abschaltung.","breadcrumb":{"@id":"https:\/\/www.sportshine.eu\/trgovina\/magicshine-airro-prenosna-kolesarska-tlacilka\/#breadcrumb"},"inLanguage":"de-AT","potentialAction":[{"@type":"ReadAction","target":["https:\/\/www.sportshine.eu\/trgovina\/magicshine-airro-prenosna-kolesarska-tlacilka\/"]}]},{"@type":"ImageObject","inLanguage":"de-AT","@id":"https:\/\/www.sportshine.eu\/trgovina\/magicshine-airro-prenosna-kolesarska-tlacilka\/#primaryimage","url":"https:\/\/www.sportshine.eu\/wp-content\/uploads\/2025\/07\/Magicshine-AIRRO-elektricna-tlacilka.webp","contentUrl":"https:\/\/www.sportshine.eu\/wp-content\/uploads\/2025\/07\/Magicshine-AIRRO-elektricna-tlacilka.webp","width":800,"height":800,"caption":"Magicshine AIRRO elektri\u010dna tla\u010dilka"},{"@type":"BreadcrumbList","@id":"https:\/\/www.sportshine.eu\/trgovina\/magicshine-airro-prenosna-kolesarska-tlacilka\/#breadcrumb","itemListElement":[{"@type":"ListItem","position":1,"name":"Home","item":"https:\/\/www.sportshine.eu\/"},{"@type":"ListItem","position":2,"name":"Trgovina","item":"https:\/\/www.sportshine.eu\/trgovina\/"},{"@type":"ListItem","position":3,"name":"Magicshine AIRRO prenosna kolesarska tla\u010dilka"}]},{"@type":"WebSite","@id":"https:\/\/www.sportshine.eu\/#website","url":"https:\/\/www.sportshine.eu\/","name":"Sportshine","description":"Top Online-Shop f\u00fcr Fahrrad- und Stirnlampen sowie Zubeh\u00f6r","publisher":{"@id":"https:\/\/www.sportshine.eu\/#organization"},"potentialAction":[{"@type":"SearchAction","target":{"@type":"EntryPoint","urlTemplate":"https:\/\/www.sportshine.eu\/?s={search_term_string}"},"query-input":{"@type":"PropertyValueSpecification","valueRequired":true,"valueName":"search_term_string"}}],"inLanguage":"de-AT"},{"@type":"Organization","@id":"https:\/\/www.sportshine.eu\/#organization","name":"Sportshine","url":"https:\/\/www.sportshine.eu\/","logo":{"@type":"ImageObject","inLanguage":"de-AT","@id":"https:\/\/www.sportshine.eu\/#\/schema\/logo\/image\/","url":"https:\/\/www.sportshine.eu\/wp-content\/uploads\/2026\/01\/cropped-Sportshine.webp","contentUrl":"https:\/\/www.sportshine.eu\/wp-content\/uploads\/2026\/01\/cropped-Sportshine.webp","width":295,"height":128,"caption":"Sportshine"},"image":{"@id":"https:\/\/www.sportshine.eu\/#\/schema\/logo\/image\/"},"sameAs":["https:\/\/www.facebook.com\/sportshine.eu\/"]}]}},"_links":{"self":[{"href":"https:\/\/www.sportshine.eu\/de\/wp-json\/wp\/v2\/product\/7084","targetHints":{"allow":["GET"]}}],"collection":[{"href":"https:\/\/www.sportshine.eu\/de\/wp-json\/wp\/v2\/product"}],"about":[{"href":"https:\/\/www.sportshine.eu\/de\/wp-json\/wp\/v2\/types\/product"}],"replies":[{"embeddable":true,"href":"https:\/\/www.sportshine.eu\/de\/wp-json\/wp\/v2\/comments?post=7084"}],"version-history":[{"count":0,"href":"https:\/\/www.sportshine.eu\/de\/wp-json\/wp\/v2\/product\/7084\/revisions"}],"wp:featuredmedia":[{"embeddable":true,"href":"https:\/\/www.sportshine.eu\/de\/wp-json\/wp\/v2\/media\/7085"}],"wp:attachment":[{"href":"https:\/\/www.sportshine.eu\/de\/wp-json\/wp\/v2\/media?parent=7084"}],"wp:term":[{"taxonomy":"product_brand","embeddable":true,"href":"https:\/\/www.sportshine.eu\/de\/wp-json\/wp\/v2\/product_brand?post=7084"},{"taxonomy":"product_cat","embeddable":true,"href":"https:\/\/www.sportshine.eu\/de\/wp-json\/wp\/v2\/product_cat?post=7084"},{"taxonomy":"product_tag","embeddable":true,"href":"https:\/\/www.sportshine.eu\/de\/wp-json\/wp\/v2\/product_tag?post=7084"}],"curies":[{"name":"wp","href":"https:\/\/api.w.org\/{rel}","templated":true}]}}