{"id":6696,"date":"2025-07-07T09:28:10","date_gmt":"2025-07-07T09:28:10","guid":{"rendered":"https:\/\/www.sportshine.eu\/?post_type=product&#038;p=6696"},"modified":"2025-08-02T16:36:46","modified_gmt":"2025-08-02T16:36:46","slug":"winter-fahrradjacke-brn-g04","status":"publish","type":"product","link":"https:\/\/www.sportshine.eu\/de\/geschaft\/winter-fahrradjacke-brn-g04\/","title":{"rendered":"Winter-Fahrradjacke BRN G04"},"content":{"rendered":"<ul>\n<li><strong>Ideal f\u00fcr Fahrten bei niedrigen Temperaturen<\/strong>: Das Trikot ist speziell daf\u00fcr konzipiert, Sie beim Fahren bei kaltem Wetter warm und gesch\u00fctzt zu halten, sodass Sie auch an den k\u00e4ltesten Tagen bequem Rad fahren k\u00f6nnen.<\/li>\n<li><strong>Weich und bequem<\/strong>: Sie genie\u00dfen Komfort beim Fahren dank des weichen Stoffes und angenehm <strong>Bienenwabe<\/strong> F\u00fcllung, die W\u00e4rme spendet, ohne schwer zu sein.<\/li>\n<li><strong>Robuster YKK-Rei\u00dfverschluss aus Harz<\/strong>: Das Trikot ist mit einem strapazierf\u00e4higen <strong>YKK-Rei\u00dfverschluss<\/strong>, das sich leicht bedienen l\u00e4sst und ein schnelles Schlie\u00dfen und \u00d6ffnen auch w\u00e4hrend der Fahrt gew\u00e4hrleistet.<\/li>\n<li><strong>Reflektierende Grafiken mit schillerndem Effekt<\/strong>: Die speziellen Grafiken des Trikots haben einen reflektierenden Effekt, der f\u00fcr hohe Sichtbarkeit bei hellem Licht sorgt. Die Farben leuchten in lebendigen, schillernden T\u00f6nen, wenn sie von einem Lichtstrahl getroffen werden, und erh\u00f6hen so Ihre Sicherheit im Stra\u00dfenverkehr.<\/li>\n<\/ul>","protected":false},"excerpt":{"rendered":"<p>F\u00fcr alle, die beim Radfahren an k\u00e4lteren Tagen erstklassigen Schutz suchen, ist unser Radtrikot die richtige Wahl! Dieses Trikot ist f\u00fcr optimalen Komfort und Leistung bei kalten Wetterbedingungen konzipiert, wenn die Temperaturen zwischen 0 und 7 Grad fallen.<\/p>","protected":false},"featured_media":5576,"comment_status":"open","ping_status":"closed","template":"","meta":[],"product_brand":[],"product_cat":[113,116,117],"product_tag":[],"class_list":{"0":"post-6696","1":"product","2":"type-product","3":"status-publish","4":"has-post-thumbnail","6":"product_cat-kolesarska-oblacila","7":"product_cat-zenska","8":"product_cat-zenske-kolesarske-jakne","10":"first","11":"instock","12":"taxable","13":"shipping-taxable","14":"purchasable","15":"product-type-variable"},"yoast_head":"<!-- This site is optimized with the Yoast SEO plugin v27.3 - https:\/\/yoast.com\/product\/yoast-seo-wordpress\/ -->\n<title>Zimska kolesarska jakna BRN G04<\/title>\n<meta name=\"robots\" content=\"index, follow, max-snippet:-1, max-image-preview:large, max-video-preview:-1\" \/>\n<link rel=\"canonical\" href=\"https:\/\/www.sportshine.eu\/de\/geschaft\/winter-fahrradjacke-brn-g04\/\" \/>\n<meta property=\"og:locale\" content=\"de_DE\" \/>\n<meta property=\"og:type\" content=\"article\" \/>\n<meta property=\"og:title\" content=\"Zimska kolesarska jakna BRN G04\" \/>\n<meta property=\"og:description\" content=\"Za vse, ki i\u0161\u010dete vrhunsko za\u0161\u010dito med kolesarjenjem v hladnej\u0161ih dneh, je na\u0161 kolesarski dres prava izbira! Ta dres je zasnovan za optimalno udobje in zmogljivost v hladnih vremenskih pogojih, ko temperature padejo med 0 in 7 stopinj.\" \/>\n<meta property=\"og:url\" content=\"https:\/\/www.sportshine.eu\/de\/geschaft\/winter-fahrradjacke-brn-g04\/\" \/>\n<meta property=\"og:site_name\" content=\"Sportshine\" \/>\n<meta property=\"article:publisher\" content=\"https:\/\/www.facebook.com\/sportshine.eu\/\" \/>\n<meta property=\"article:modified_time\" content=\"2025-08-02T16:36:46+00:00\" \/>\n<meta property=\"og:image\" content=\"https:\/\/www.sportshine.eu\/wp-content\/uploads\/2025\/07\/Zimska-kolesarska-jakna-BRN-G04.webp\" \/>\n\t<meta property=\"og:image:width\" content=\"800\" \/>\n\t<meta property=\"og:image:height\" content=\"800\" \/>\n\t<meta property=\"og:image:type\" content=\"image\/webp\" \/>\n<meta name=\"twitter:card\" content=\"summary_large_image\" \/>\n<meta name=\"twitter:label1\" content=\"Gesch\u00e4tzte Lesezeit\" \/>\n\t<meta name=\"twitter:data1\" content=\"1 Minute\" \/>\n<script type=\"application\/ld+json\" class=\"yoast-schema-graph\">{\"@context\":\"https:\\\/\\\/schema.org\",\"@graph\":[{\"@type\":\"WebPage\",\"@id\":\"https:\\\/\\\/www.sportshine.eu\\\/trgovina\\\/zimska-kolesarska-jakna-brn-g04\\\/\",\"url\":\"https:\\\/\\\/www.sportshine.eu\\\/trgovina\\\/zimska-kolesarska-jakna-brn-g04\\\/\",\"name\":\"Zimska kolesarska jakna BRN G04\",\"isPartOf\":{\"@id\":\"https:\\\/\\\/www.sportshine.eu\\\/#website\"},\"primaryImageOfPage\":{\"@id\":\"https:\\\/\\\/www.sportshine.eu\\\/trgovina\\\/zimska-kolesarska-jakna-brn-g04\\\/#primaryimage\"},\"image\":{\"@id\":\"https:\\\/\\\/www.sportshine.eu\\\/trgovina\\\/zimska-kolesarska-jakna-brn-g04\\\/#primaryimage\"},\"thumbnailUrl\":\"https:\\\/\\\/www.sportshine.eu\\\/wp-content\\\/uploads\\\/2025\\\/07\\\/Zimska-kolesarska-jakna-BRN-G04.webp\",\"datePublished\":\"2025-07-07T09:28:10+00:00\",\"dateModified\":\"2025-08-02T16:36:46+00:00\",\"breadcrumb\":{\"@id\":\"https:\\\/\\\/www.sportshine.eu\\\/trgovina\\\/zimska-kolesarska-jakna-brn-g04\\\/#breadcrumb\"},\"inLanguage\":\"de-AT\",\"potentialAction\":[{\"@type\":\"ReadAction\",\"target\":[\"https:\\\/\\\/www.sportshine.eu\\\/trgovina\\\/zimska-kolesarska-jakna-brn-g04\\\/\"]}]},{\"@type\":\"ImageObject\",\"inLanguage\":\"de-AT\",\"@id\":\"https:\\\/\\\/www.sportshine.eu\\\/trgovina\\\/zimska-kolesarska-jakna-brn-g04\\\/#primaryimage\",\"url\":\"https:\\\/\\\/www.sportshine.eu\\\/wp-content\\\/uploads\\\/2025\\\/07\\\/Zimska-kolesarska-jakna-BRN-G04.webp\",\"contentUrl\":\"https:\\\/\\\/www.sportshine.eu\\\/wp-content\\\/uploads\\\/2025\\\/07\\\/Zimska-kolesarska-jakna-BRN-G04.webp\",\"width\":800,\"height\":800},{\"@type\":\"BreadcrumbList\",\"@id\":\"https:\\\/\\\/www.sportshine.eu\\\/trgovina\\\/zimska-kolesarska-jakna-brn-g04\\\/#breadcrumb\",\"itemListElement\":[{\"@type\":\"ListItem\",\"position\":1,\"name\":\"Home\",\"item\":\"https:\\\/\\\/www.sportshine.eu\\\/\"},{\"@type\":\"ListItem\",\"position\":2,\"name\":\"Trgovina\",\"item\":\"https:\\\/\\\/www.sportshine.eu\\\/trgovina\\\/\"},{\"@type\":\"ListItem\",\"position\":3,\"name\":\"Zimska kolesarska jakna BRN G04\"}]},{\"@type\":\"WebSite\",\"@id\":\"https:\\\/\\\/www.sportshine.eu\\\/#website\",\"url\":\"https:\\\/\\\/www.sportshine.eu\\\/\",\"name\":\"Sportshine\",\"description\":\"Top spletna trgovina kolesarskih in naglavnih svetilk ter opreme\",\"publisher\":{\"@id\":\"https:\\\/\\\/www.sportshine.eu\\\/#organization\"},\"potentialAction\":[{\"@type\":\"SearchAction\",\"target\":{\"@type\":\"EntryPoint\",\"urlTemplate\":\"https:\\\/\\\/www.sportshine.eu\\\/?s={search_term_string}\"},\"query-input\":{\"@type\":\"PropertyValueSpecification\",\"valueRequired\":true,\"valueName\":\"search_term_string\"}}],\"inLanguage\":\"de-AT\"},{\"@type\":\"Organization\",\"@id\":\"https:\\\/\\\/www.sportshine.eu\\\/#organization\",\"name\":\"Sportshine\",\"url\":\"https:\\\/\\\/www.sportshine.eu\\\/\",\"logo\":{\"@type\":\"ImageObject\",\"inLanguage\":\"de-AT\",\"@id\":\"https:\\\/\\\/www.sportshine.eu\\\/#\\\/schema\\\/logo\\\/image\\\/\",\"url\":\"https:\\\/\\\/www.sportshine.eu\\\/wp-content\\\/uploads\\\/2026\\\/01\\\/cropped-Sportshine.webp\",\"contentUrl\":\"https:\\\/\\\/www.sportshine.eu\\\/wp-content\\\/uploads\\\/2026\\\/01\\\/cropped-Sportshine.webp\",\"width\":295,\"height\":128,\"caption\":\"Sportshine\"},\"image\":{\"@id\":\"https:\\\/\\\/www.sportshine.eu\\\/#\\\/schema\\\/logo\\\/image\\\/\"},\"sameAs\":[\"https:\\\/\\\/www.facebook.com\\\/sportshine.eu\\\/\"]}]}<\/script>\n<!-- \/ Yoast SEO plugin. -->","yoast_head_json":{"title":"Winter-Fahrradjacke BRN G04","robots":{"index":"index","follow":"follow","max-snippet":"max-snippet:-1","max-image-preview":"max-image-preview:large","max-video-preview":"max-video-preview:-1"},"canonical":"https:\/\/www.sportshine.eu\/de\/geschaft\/winter-fahrradjacke-brn-g04\/","og_locale":"de_DE","og_type":"article","og_title":"Zimska kolesarska jakna BRN G04","og_description":"Za vse, ki i\u0161\u010dete vrhunsko za\u0161\u010dito med kolesarjenjem v hladnej\u0161ih dneh, je na\u0161 kolesarski dres prava izbira! Ta dres je zasnovan za optimalno udobje in zmogljivost v hladnih vremenskih pogojih, ko temperature padejo med 0 in 7 stopinj.","og_url":"https:\/\/www.sportshine.eu\/de\/geschaft\/winter-fahrradjacke-brn-g04\/","og_site_name":"Sportshine","article_publisher":"https:\/\/www.facebook.com\/sportshine.eu\/","article_modified_time":"2025-08-02T16:36:46+00:00","og_image":[{"width":800,"height":800,"url":"https:\/\/www.sportshine.eu\/wp-content\/uploads\/2025\/07\/Zimska-kolesarska-jakna-BRN-G04.webp","type":"image\/webp"}],"twitter_card":"summary_large_image","twitter_misc":{"Gesch\u00e4tzte Lesezeit":"1 Minute"},"schema":{"@context":"https:\/\/schema.org","@graph":[{"@type":"WebPage","@id":"https:\/\/www.sportshine.eu\/trgovina\/zimska-kolesarska-jakna-brn-g04\/","url":"https:\/\/www.sportshine.eu\/trgovina\/zimska-kolesarska-jakna-brn-g04\/","name":"Winter-Fahrradjacke BRN G04","isPartOf":{"@id":"https:\/\/www.sportshine.eu\/#website"},"primaryImageOfPage":{"@id":"https:\/\/www.sportshine.eu\/trgovina\/zimska-kolesarska-jakna-brn-g04\/#primaryimage"},"image":{"@id":"https:\/\/www.sportshine.eu\/trgovina\/zimska-kolesarska-jakna-brn-g04\/#primaryimage"},"thumbnailUrl":"https:\/\/www.sportshine.eu\/wp-content\/uploads\/2025\/07\/Zimska-kolesarska-jakna-BRN-G04.webp","datePublished":"2025-07-07T09:28:10+00:00","dateModified":"2025-08-02T16:36:46+00:00","breadcrumb":{"@id":"https:\/\/www.sportshine.eu\/trgovina\/zimska-kolesarska-jakna-brn-g04\/#breadcrumb"},"inLanguage":"de-AT","potentialAction":[{"@type":"ReadAction","target":["https:\/\/www.sportshine.eu\/trgovina\/zimska-kolesarska-jakna-brn-g04\/"]}]},{"@type":"ImageObject","inLanguage":"de-AT","@id":"https:\/\/www.sportshine.eu\/trgovina\/zimska-kolesarska-jakna-brn-g04\/#primaryimage","url":"https:\/\/www.sportshine.eu\/wp-content\/uploads\/2025\/07\/Zimska-kolesarska-jakna-BRN-G04.webp","contentUrl":"https:\/\/www.sportshine.eu\/wp-content\/uploads\/2025\/07\/Zimska-kolesarska-jakna-BRN-G04.webp","width":800,"height":800},{"@type":"BreadcrumbList","@id":"https:\/\/www.sportshine.eu\/trgovina\/zimska-kolesarska-jakna-brn-g04\/#breadcrumb","itemListElement":[{"@type":"ListItem","position":1,"name":"Home","item":"https:\/\/www.sportshine.eu\/"},{"@type":"ListItem","position":2,"name":"Trgovina","item":"https:\/\/www.sportshine.eu\/trgovina\/"},{"@type":"ListItem","position":3,"name":"Zimska kolesarska jakna BRN G04"}]},{"@type":"WebSite","@id":"https:\/\/www.sportshine.eu\/#website","url":"https:\/\/www.sportshine.eu\/","name":"Sportshine","description":"Top Online-Shop f\u00fcr Fahrrad- und Stirnlampen sowie Zubeh\u00f6r","publisher":{"@id":"https:\/\/www.sportshine.eu\/#organization"},"potentialAction":[{"@type":"SearchAction","target":{"@type":"EntryPoint","urlTemplate":"https:\/\/www.sportshine.eu\/?s={search_term_string}"},"query-input":{"@type":"PropertyValueSpecification","valueRequired":true,"valueName":"search_term_string"}}],"inLanguage":"de-AT"},{"@type":"Organization","@id":"https:\/\/www.sportshine.eu\/#organization","name":"Sportshine","url":"https:\/\/www.sportshine.eu\/","logo":{"@type":"ImageObject","inLanguage":"de-AT","@id":"https:\/\/www.sportshine.eu\/#\/schema\/logo\/image\/","url":"https:\/\/www.sportshine.eu\/wp-content\/uploads\/2026\/01\/cropped-Sportshine.webp","contentUrl":"https:\/\/www.sportshine.eu\/wp-content\/uploads\/2026\/01\/cropped-Sportshine.webp","width":295,"height":128,"caption":"Sportshine"},"image":{"@id":"https:\/\/www.sportshine.eu\/#\/schema\/logo\/image\/"},"sameAs":["https:\/\/www.facebook.com\/sportshine.eu\/"]}]}},"_links":{"self":[{"href":"https:\/\/www.sportshine.eu\/de\/wp-json\/wp\/v2\/product\/6696","targetHints":{"allow":["GET"]}}],"collection":[{"href":"https:\/\/www.sportshine.eu\/de\/wp-json\/wp\/v2\/product"}],"about":[{"href":"https:\/\/www.sportshine.eu\/de\/wp-json\/wp\/v2\/types\/product"}],"replies":[{"embeddable":true,"href":"https:\/\/www.sportshine.eu\/de\/wp-json\/wp\/v2\/comments?post=6696"}],"version-history":[{"count":0,"href":"https:\/\/www.sportshine.eu\/de\/wp-json\/wp\/v2\/product\/6696\/revisions"}],"wp:featuredmedia":[{"embeddable":true,"href":"https:\/\/www.sportshine.eu\/de\/wp-json\/wp\/v2\/media\/5576"}],"wp:attachment":[{"href":"https:\/\/www.sportshine.eu\/de\/wp-json\/wp\/v2\/media?parent=6696"}],"wp:term":[{"taxonomy":"product_brand","embeddable":true,"href":"https:\/\/www.sportshine.eu\/de\/wp-json\/wp\/v2\/product_brand?post=6696"},{"taxonomy":"product_cat","embeddable":true,"href":"https:\/\/www.sportshine.eu\/de\/wp-json\/wp\/v2\/product_cat?post=6696"},{"taxonomy":"product_tag","embeddable":true,"href":"https:\/\/www.sportshine.eu\/de\/wp-json\/wp\/v2\/product_tag?post=6696"}],"curies":[{"name":"wp","href":"https:\/\/api.w.org\/{rel}","templated":true}]}}