{"id":6692,"date":"2025-07-07T09:28:06","date_gmt":"2025-07-07T09:28:06","guid":{"rendered":"https:\/\/www.sportshine.eu\/?post_type=product&#038;p=6692"},"modified":"2025-08-04T08:53:57","modified_gmt":"2025-08-04T08:53:57","slug":"winter-fahrradjacke-brn-gelb","status":"publish","type":"product","link":"https:\/\/www.sportshine.eu\/de\/geschaft\/winter-fahrradjacke-brn-gelb\/","title":{"rendered":"Winter-Fahrradjacke BRN gelb"},"content":{"rendered":"<ul>\n<li><strong>Ergonomisches Design und Atmungsaktivit\u00e4t<\/strong>: Die Jacke ist aus hochwertigen Materialien gefertigt, die eine perfekte Passform und hervorragende Atmungsaktivit\u00e4t gew\u00e4hrleisten, damit Sie auch \u00fcber l\u00e4ngere Strecken bequem fahren k\u00f6nnen.<\/li>\n<li><strong>Ideal f\u00fcr Temperaturen von 0\u00b0 bis 7\u00b0C<\/strong>: Perfekt f\u00fcr die \u00dcbergangszeit bei schwankenden Temperaturen, da es vor K\u00e4lte sch\u00fctzt, aber dennoch gen\u00fcgend Atmungsaktivit\u00e4t bietet, um einer \u00dcberhitzung vorzubeugen.<\/li>\n<li><strong>Schnell trocknendes Gewebe<\/strong>: Das Material erm\u00f6glicht eine schnelle Trocknung und sorgt daf\u00fcr, dass Sie trocken bleiben und kein unangenehmes Feuchtigkeitsgef\u00fchl auftritt.<\/li>\n<li><strong>Versteckter Rei\u00dfverschluss<\/strong>: Der lange Rei\u00dfverschluss ist diskret versteckt, sorgt f\u00fcr einen stilvollen Look und bietet zus\u00e4tzlichen Windschutz.<\/li>\n<li><strong>UV-Schutz<\/strong>: Der Stoff ist UV-best\u00e4ndig, sodass Sie w\u00e4hrend der Fahrt vor Sonnenstrahlen gesch\u00fctzt sind.<\/li>\n<li><strong>Lycra-Material<\/strong>: Lycra bietet perfekte Flexibilit\u00e4t und verhindert Hitzestau, wodurch beim Fahren eine angenehme K\u00f6rpertemperatur gew\u00e4hrleistet wird.<\/li>\n<li><strong>3 praktische Taschen<\/strong>: Die Jacke verf\u00fcgt \u00fcber drei ger\u00e4umige Taschen, in denen Sie wichtige Dinge wie Energieriegel oder Ihr Telefon verstauen k\u00f6nnen<\/li>\n<li><strong>Wasser- und winddicht<\/strong><\/li>\n<\/ul>","protected":false},"excerpt":{"rendered":"<p><img decoding=\"async\" class=\"alignnone wp-image-7764\" src=\"https:\/\/www.sportshine.eu\/wp-content\/uploads\/2025\/07\/00-italijanski-produkt.webp\" alt=\"\" width=\"190\" height=\"26\" \/><\/p>\n<p>Die BRN Premium-Winter-Fahrradjacke bietet Ihnen Komfort und optimale Leistung bei kalten Temperaturen. Die Jacke wird vollst\u00e4ndig in Italien entworfen und hergestellt. Entwickelt f\u00fcr Radsportbegeisterte, die keine Kompromisse bei Komfort und Funktionalit\u00e4t eingehen m\u00f6chten.<\/p>","protected":false},"featured_media":5561,"comment_status":"open","ping_status":"closed","template":"","meta":[],"product_brand":[],"product_cat":[113,114,115],"product_tag":[],"class_list":{"0":"post-6692","1":"product","2":"type-product","3":"status-publish","4":"has-post-thumbnail","6":"product_cat-kolesarska-oblacila","7":"product_cat-moska","8":"product_cat-moske-kolesarske-jakne","10":"first","11":"instock","12":"taxable","13":"shipping-taxable","14":"purchasable","15":"product-type-variable"},"yoast_head":"<!-- This site is optimized with the Yoast SEO plugin v27.3 - https:\/\/yoast.com\/product\/yoast-seo-wordpress\/ -->\n<title>Zimska kolesarska jakna BRN yellow<\/title>\n<meta name=\"description\" content=\"Vrhunska zimska kolesarska jakna BRN, vam bo zagotovila udobje in optimalno zmogljivost v hladnih temperaturah. Izdelana v Italiji z vrhunskimi materiali.\" \/>\n<meta name=\"robots\" content=\"index, follow, max-snippet:-1, max-image-preview:large, max-video-preview:-1\" \/>\n<link rel=\"canonical\" href=\"https:\/\/www.sportshine.eu\/de\/geschaft\/winter-fahrradjacke-brn-gelb\/\" \/>\n<meta property=\"og:locale\" content=\"de_DE\" \/>\n<meta property=\"og:type\" content=\"article\" \/>\n<meta property=\"og:title\" content=\"Zimska kolesarska jakna BRN yellow\" \/>\n<meta property=\"og:description\" content=\"Vrhunska zimska kolesarska jakna BRN, vam bo zagotovila udobje in optimalno zmogljivost v hladnih temperaturah. Izdelana v Italiji z vrhunskimi materiali.\" \/>\n<meta property=\"og:url\" content=\"https:\/\/www.sportshine.eu\/de\/geschaft\/winter-fahrradjacke-brn-gelb\/\" \/>\n<meta property=\"og:site_name\" content=\"Sportshine\" \/>\n<meta property=\"article:publisher\" content=\"https:\/\/www.facebook.com\/sportshine.eu\/\" \/>\n<meta property=\"article:modified_time\" content=\"2025-08-04T08:53:57+00:00\" \/>\n<meta property=\"og:image\" content=\"https:\/\/www.sportshine.eu\/wp-content\/uploads\/2025\/07\/Zimska-kolesarska-jakna-BRN.webp\" \/>\n\t<meta property=\"og:image:width\" content=\"800\" \/>\n\t<meta property=\"og:image:height\" content=\"800\" \/>\n\t<meta property=\"og:image:type\" content=\"image\/webp\" \/>\n<meta name=\"twitter:card\" content=\"summary_large_image\" \/>\n<meta name=\"twitter:label1\" content=\"Gesch\u00e4tzte Lesezeit\" \/>\n\t<meta name=\"twitter:data1\" content=\"1 Minute\" \/>\n<script type=\"application\/ld+json\" class=\"yoast-schema-graph\">{\"@context\":\"https:\\\/\\\/schema.org\",\"@graph\":[{\"@type\":\"WebPage\",\"@id\":\"https:\\\/\\\/www.sportshine.eu\\\/trgovina\\\/zimska-kolesarska-jakna-brn-yellow\\\/\",\"url\":\"https:\\\/\\\/www.sportshine.eu\\\/trgovina\\\/zimska-kolesarska-jakna-brn-yellow\\\/\",\"name\":\"Zimska kolesarska jakna BRN yellow\",\"isPartOf\":{\"@id\":\"https:\\\/\\\/www.sportshine.eu\\\/#website\"},\"primaryImageOfPage\":{\"@id\":\"https:\\\/\\\/www.sportshine.eu\\\/trgovina\\\/zimska-kolesarska-jakna-brn-yellow\\\/#primaryimage\"},\"image\":{\"@id\":\"https:\\\/\\\/www.sportshine.eu\\\/trgovina\\\/zimska-kolesarska-jakna-brn-yellow\\\/#primaryimage\"},\"thumbnailUrl\":\"https:\\\/\\\/www.sportshine.eu\\\/wp-content\\\/uploads\\\/2025\\\/07\\\/Zimska-kolesarska-jakna-BRN.webp\",\"datePublished\":\"2025-07-07T09:28:06+00:00\",\"dateModified\":\"2025-08-04T08:53:57+00:00\",\"description\":\"Vrhunska zimska kolesarska jakna BRN, vam bo zagotovila udobje in optimalno zmogljivost v hladnih temperaturah. Izdelana v Italiji z vrhunskimi materiali.\",\"breadcrumb\":{\"@id\":\"https:\\\/\\\/www.sportshine.eu\\\/trgovina\\\/zimska-kolesarska-jakna-brn-yellow\\\/#breadcrumb\"},\"inLanguage\":\"de-AT\",\"potentialAction\":[{\"@type\":\"ReadAction\",\"target\":[\"https:\\\/\\\/www.sportshine.eu\\\/trgovina\\\/zimska-kolesarska-jakna-brn-yellow\\\/\"]}]},{\"@type\":\"ImageObject\",\"inLanguage\":\"de-AT\",\"@id\":\"https:\\\/\\\/www.sportshine.eu\\\/trgovina\\\/zimska-kolesarska-jakna-brn-yellow\\\/#primaryimage\",\"url\":\"https:\\\/\\\/www.sportshine.eu\\\/wp-content\\\/uploads\\\/2025\\\/07\\\/Zimska-kolesarska-jakna-BRN.webp\",\"contentUrl\":\"https:\\\/\\\/www.sportshine.eu\\\/wp-content\\\/uploads\\\/2025\\\/07\\\/Zimska-kolesarska-jakna-BRN.webp\",\"width\":800,\"height\":800},{\"@type\":\"BreadcrumbList\",\"@id\":\"https:\\\/\\\/www.sportshine.eu\\\/trgovina\\\/zimska-kolesarska-jakna-brn-yellow\\\/#breadcrumb\",\"itemListElement\":[{\"@type\":\"ListItem\",\"position\":1,\"name\":\"Home\",\"item\":\"https:\\\/\\\/www.sportshine.eu\\\/\"},{\"@type\":\"ListItem\",\"position\":2,\"name\":\"Trgovina\",\"item\":\"https:\\\/\\\/www.sportshine.eu\\\/trgovina\\\/\"},{\"@type\":\"ListItem\",\"position\":3,\"name\":\"Zimska kolesarska jakna BRN yellow\"}]},{\"@type\":\"WebSite\",\"@id\":\"https:\\\/\\\/www.sportshine.eu\\\/#website\",\"url\":\"https:\\\/\\\/www.sportshine.eu\\\/\",\"name\":\"Sportshine\",\"description\":\"Top spletna trgovina kolesarskih in naglavnih svetilk ter opreme\",\"publisher\":{\"@id\":\"https:\\\/\\\/www.sportshine.eu\\\/#organization\"},\"potentialAction\":[{\"@type\":\"SearchAction\",\"target\":{\"@type\":\"EntryPoint\",\"urlTemplate\":\"https:\\\/\\\/www.sportshine.eu\\\/?s={search_term_string}\"},\"query-input\":{\"@type\":\"PropertyValueSpecification\",\"valueRequired\":true,\"valueName\":\"search_term_string\"}}],\"inLanguage\":\"de-AT\"},{\"@type\":\"Organization\",\"@id\":\"https:\\\/\\\/www.sportshine.eu\\\/#organization\",\"name\":\"Sportshine\",\"url\":\"https:\\\/\\\/www.sportshine.eu\\\/\",\"logo\":{\"@type\":\"ImageObject\",\"inLanguage\":\"de-AT\",\"@id\":\"https:\\\/\\\/www.sportshine.eu\\\/#\\\/schema\\\/logo\\\/image\\\/\",\"url\":\"https:\\\/\\\/www.sportshine.eu\\\/wp-content\\\/uploads\\\/2026\\\/01\\\/cropped-Sportshine.webp\",\"contentUrl\":\"https:\\\/\\\/www.sportshine.eu\\\/wp-content\\\/uploads\\\/2026\\\/01\\\/cropped-Sportshine.webp\",\"width\":295,\"height\":128,\"caption\":\"Sportshine\"},\"image\":{\"@id\":\"https:\\\/\\\/www.sportshine.eu\\\/#\\\/schema\\\/logo\\\/image\\\/\"},\"sameAs\":[\"https:\\\/\\\/www.facebook.com\\\/sportshine.eu\\\/\"]}]}<\/script>\n<!-- \/ Yoast SEO plugin. -->","yoast_head_json":{"title":"Winter-Fahrradjacke BRN gelb","description":"Die BRN Premium-Winter-Fahrradjacke bietet Ihnen Komfort und optimale Leistung bei kalten Temperaturen. Hergestellt in Italien aus hochwertigen Materialien.","robots":{"index":"index","follow":"follow","max-snippet":"max-snippet:-1","max-image-preview":"max-image-preview:large","max-video-preview":"max-video-preview:-1"},"canonical":"https:\/\/www.sportshine.eu\/de\/geschaft\/winter-fahrradjacke-brn-gelb\/","og_locale":"de_DE","og_type":"article","og_title":"Zimska kolesarska jakna BRN yellow","og_description":"Vrhunska zimska kolesarska jakna BRN, vam bo zagotovila udobje in optimalno zmogljivost v hladnih temperaturah. Izdelana v Italiji z vrhunskimi materiali.","og_url":"https:\/\/www.sportshine.eu\/de\/geschaft\/winter-fahrradjacke-brn-gelb\/","og_site_name":"Sportshine","article_publisher":"https:\/\/www.facebook.com\/sportshine.eu\/","article_modified_time":"2025-08-04T08:53:57+00:00","og_image":[{"width":800,"height":800,"url":"https:\/\/www.sportshine.eu\/wp-content\/uploads\/2025\/07\/Zimska-kolesarska-jakna-BRN.webp","type":"image\/webp"}],"twitter_card":"summary_large_image","twitter_misc":{"Gesch\u00e4tzte Lesezeit":"1 Minute"},"schema":{"@context":"https:\/\/schema.org","@graph":[{"@type":"WebPage","@id":"https:\/\/www.sportshine.eu\/trgovina\/zimska-kolesarska-jakna-brn-yellow\/","url":"https:\/\/www.sportshine.eu\/trgovina\/zimska-kolesarska-jakna-brn-yellow\/","name":"Winter-Fahrradjacke BRN gelb","isPartOf":{"@id":"https:\/\/www.sportshine.eu\/#website"},"primaryImageOfPage":{"@id":"https:\/\/www.sportshine.eu\/trgovina\/zimska-kolesarska-jakna-brn-yellow\/#primaryimage"},"image":{"@id":"https:\/\/www.sportshine.eu\/trgovina\/zimska-kolesarska-jakna-brn-yellow\/#primaryimage"},"thumbnailUrl":"https:\/\/www.sportshine.eu\/wp-content\/uploads\/2025\/07\/Zimska-kolesarska-jakna-BRN.webp","datePublished":"2025-07-07T09:28:06+00:00","dateModified":"2025-08-04T08:53:57+00:00","description":"Die BRN Premium-Winter-Fahrradjacke bietet Ihnen Komfort und optimale Leistung bei kalten Temperaturen. Hergestellt in Italien aus hochwertigen Materialien.","breadcrumb":{"@id":"https:\/\/www.sportshine.eu\/trgovina\/zimska-kolesarska-jakna-brn-yellow\/#breadcrumb"},"inLanguage":"de-AT","potentialAction":[{"@type":"ReadAction","target":["https:\/\/www.sportshine.eu\/trgovina\/zimska-kolesarska-jakna-brn-yellow\/"]}]},{"@type":"ImageObject","inLanguage":"de-AT","@id":"https:\/\/www.sportshine.eu\/trgovina\/zimska-kolesarska-jakna-brn-yellow\/#primaryimage","url":"https:\/\/www.sportshine.eu\/wp-content\/uploads\/2025\/07\/Zimska-kolesarska-jakna-BRN.webp","contentUrl":"https:\/\/www.sportshine.eu\/wp-content\/uploads\/2025\/07\/Zimska-kolesarska-jakna-BRN.webp","width":800,"height":800},{"@type":"BreadcrumbList","@id":"https:\/\/www.sportshine.eu\/trgovina\/zimska-kolesarska-jakna-brn-yellow\/#breadcrumb","itemListElement":[{"@type":"ListItem","position":1,"name":"Home","item":"https:\/\/www.sportshine.eu\/"},{"@type":"ListItem","position":2,"name":"Trgovina","item":"https:\/\/www.sportshine.eu\/trgovina\/"},{"@type":"ListItem","position":3,"name":"Zimska kolesarska jakna BRN yellow"}]},{"@type":"WebSite","@id":"https:\/\/www.sportshine.eu\/#website","url":"https:\/\/www.sportshine.eu\/","name":"Sportshine","description":"Top Online-Shop f\u00fcr Fahrrad- und Stirnlampen sowie Zubeh\u00f6r","publisher":{"@id":"https:\/\/www.sportshine.eu\/#organization"},"potentialAction":[{"@type":"SearchAction","target":{"@type":"EntryPoint","urlTemplate":"https:\/\/www.sportshine.eu\/?s={search_term_string}"},"query-input":{"@type":"PropertyValueSpecification","valueRequired":true,"valueName":"search_term_string"}}],"inLanguage":"de-AT"},{"@type":"Organization","@id":"https:\/\/www.sportshine.eu\/#organization","name":"Sportshine","url":"https:\/\/www.sportshine.eu\/","logo":{"@type":"ImageObject","inLanguage":"de-AT","@id":"https:\/\/www.sportshine.eu\/#\/schema\/logo\/image\/","url":"https:\/\/www.sportshine.eu\/wp-content\/uploads\/2026\/01\/cropped-Sportshine.webp","contentUrl":"https:\/\/www.sportshine.eu\/wp-content\/uploads\/2026\/01\/cropped-Sportshine.webp","width":295,"height":128,"caption":"Sportshine"},"image":{"@id":"https:\/\/www.sportshine.eu\/#\/schema\/logo\/image\/"},"sameAs":["https:\/\/www.facebook.com\/sportshine.eu\/"]}]}},"_links":{"self":[{"href":"https:\/\/www.sportshine.eu\/de\/wp-json\/wp\/v2\/product\/6692","targetHints":{"allow":["GET"]}}],"collection":[{"href":"https:\/\/www.sportshine.eu\/de\/wp-json\/wp\/v2\/product"}],"about":[{"href":"https:\/\/www.sportshine.eu\/de\/wp-json\/wp\/v2\/types\/product"}],"replies":[{"embeddable":true,"href":"https:\/\/www.sportshine.eu\/de\/wp-json\/wp\/v2\/comments?post=6692"}],"version-history":[{"count":0,"href":"https:\/\/www.sportshine.eu\/de\/wp-json\/wp\/v2\/product\/6692\/revisions"}],"wp:featuredmedia":[{"embeddable":true,"href":"https:\/\/www.sportshine.eu\/de\/wp-json\/wp\/v2\/media\/5561"}],"wp:attachment":[{"href":"https:\/\/www.sportshine.eu\/de\/wp-json\/wp\/v2\/media?parent=6692"}],"wp:term":[{"taxonomy":"product_brand","embeddable":true,"href":"https:\/\/www.sportshine.eu\/de\/wp-json\/wp\/v2\/product_brand?post=6692"},{"taxonomy":"product_cat","embeddable":true,"href":"https:\/\/www.sportshine.eu\/de\/wp-json\/wp\/v2\/product_cat?post=6692"},{"taxonomy":"product_tag","embeddable":true,"href":"https:\/\/www.sportshine.eu\/de\/wp-json\/wp\/v2\/product_tag?post=6692"}],"curies":[{"name":"wp","href":"https:\/\/api.w.org\/{rel}","templated":true}]}}