{"id":6686,"date":"2025-07-07T09:27:59","date_gmt":"2025-07-07T09:27:59","guid":{"rendered":"https:\/\/www.sportshine.eu\/?post_type=product&#038;p=6686"},"modified":"2025-08-09T22:09:08","modified_gmt":"2025-08-09T22:09:08","slug":"kinder-celada-brn-vola-50-orange","status":"publish","type":"product","link":"https:\/\/www.sportshine.eu\/de\/geschaft\/kinder-celada-brn-vola-50-orange\/","title":{"rendered":"Kinderhelm BRN Vola 50 orange"},"content":{"rendered":"<p>Der BRN Vola 50 Kinderhelm besticht durch sein elegantes Design im Retro-Stil. Der Sicherheitsaspekt steht bei dieser Serie im Vordergrund, denn die ergonomische Form bietet maximalen Schutz f\u00fcr die Seite und den Hinterkopf. F\u00fcr eine optimale Anpassung stehen Verstellm\u00f6glichkeiten zur Verf\u00fcgung. Gleich 8 Bel\u00fcftungsl\u00f6cher sorgen f\u00fcr eine hervorragende Bel\u00fcftung Ihrer Kleinen.<\/p>\n<p>Die Vola 50-Modelle verf\u00fcgen \u00fcber die \u201eIn-Mold\u201c-Technologie \u2013 Schale und Innenleben des Helms sind mit EPS-Schaum zu einem untrennbaren Einzelst\u00fcck geformt und gew\u00e4hrleisten so ein H\u00f6chstma\u00df an Kopfsicherheit.<\/p>\n<p><img decoding=\"async\" class=\"aligncenter wp-image-7805 size-full\" src=\"https:\/\/www.sportshine.eu\/wp-content\/uploads\/2025\/07\/Otroske-celade-e1754777227756.webp\" alt=\"\" width=\"800\" height=\"461\" srcset=\"https:\/\/www.sportshine.eu\/wp-content\/uploads\/2025\/07\/Otroske-celade-e1754777227756.webp 800w, https:\/\/www.sportshine.eu\/wp-content\/uploads\/2025\/07\/Otroske-celade-e1754777227756-768x443.webp 768w, https:\/\/www.sportshine.eu\/wp-content\/uploads\/2025\/07\/Otroske-celade-e1754777227756-600x346.webp 600w\" sizes=\"(max-width: 800px) 100vw, 800px\" \/><\/p>\n<p><strong>Merkmale:\u00a0<\/strong><\/p>\n<ul>\n<li><strong>Einfach einstellbar:<\/strong> Das Verstellsystem erm\u00f6glicht eine optimale Passform, die f\u00fcr das Kind leicht zu handhaben ist.<\/li>\n<li><strong>Leichtigkeit:<\/strong> Mit seinem Gewicht von nur 165 g erm\u00f6glicht es Ihnen, sich frei zu bewegen, ohne ein schweres Gef\u00fchl zu haben.<\/li>\n<li><strong>Hervorragende Bel\u00fcftung:<\/strong> 8 Bel\u00fcftungsl\u00f6cher sorgen f\u00fcr eine effektive Bel\u00fcftung und somit auch an w\u00e4rmeren Tagen f\u00fcr ein angenehmes Tragegef\u00fchl.<\/li>\n<li><strong>Fortschrittliche \u201eIn-Mold\u201c-Technologie:<\/strong> Die Au\u00dfenschale aus Polycarbonat ist nahtlos mit der Innenseite aus EPS-Schaum verbunden und bietet so au\u00dfergew\u00f6hnliche Haltbarkeit und Aufprallschutz.<\/li>\n<li><strong>Elegantes Aussehen und leuchtende Farben: <\/strong>Erh\u00e4ltlich in wundersch\u00f6nen, leuchtenden Farben und f\u00e4llt mit einem modernen Retro-Look auf.<\/li>\n<li><strong>Optimaler Schutz:<\/strong> Die ergonomische Form bietet maximalen Schutz f\u00fcr die Seiten und den Hinterkopf.<\/li>\n<li><strong>Gr\u00f6\u00dfe<\/strong>: Vola-Modelle sind in zwei Gr\u00f6\u00dfen erh\u00e4ltlich: XXS (44-48 cm) und XS (48-50 cm)<\/li>\n<\/ul>","protected":false},"excerpt":{"rendered":"<p>Der Vola 50 Kinderhelm der renommierten italienischen Marke BRN bietet hervorragenden Schutz f\u00fcr Ihre Kleinen. Die hochwertige Fertigung mit \u201eIn Mold\u201c-Technologie erm\u00f6glicht die Fertigung des Helms aus einem St\u00fcck. Diese Fertigungsmethode bietet ein optimales Verh\u00e4ltnis zwischen Schutz und geringem Gewicht.<\/p>","protected":false},"featured_media":5537,"comment_status":"open","ping_status":"closed","template":"","meta":[],"product_brand":[],"product_cat":[110,108,109],"product_tag":[],"class_list":{"0":"post-6686","1":"product","2":"type-product","3":"status-publish","4":"has-post-thumbnail","6":"product_cat-brn-vola-50","7":"product_cat-kolesarske-celade","8":"product_cat-otroske-celade","10":"first","11":"instock","12":"sale","13":"taxable","14":"shipping-taxable","15":"purchasable","16":"product-type-variable"},"yoast_head":"<!-- This site is optimized with the Yoast SEO plugin v27.3 - https:\/\/yoast.com\/product\/yoast-seo-wordpress\/ -->\n<title>Otro\u0161ka \u010delada BRN Vola 50 orange - Sportshine<\/title>\n<meta name=\"robots\" content=\"index, follow, max-snippet:-1, max-image-preview:large, max-video-preview:-1\" \/>\n<link rel=\"canonical\" href=\"https:\/\/www.sportshine.eu\/de\/geschaft\/kinder-celada-brn-vola-50-orange\/\" \/>\n<meta property=\"og:locale\" content=\"de_DE\" \/>\n<meta property=\"og:type\" content=\"article\" \/>\n<meta property=\"og:title\" content=\"Otro\u0161ka \u010delada BRN Vola 50 orange - Sportshine\" \/>\n<meta property=\"og:description\" content=\"Otro\u0161ka \u010delada Vola 50 priznane italijanske znamke BRN, poskrbi za odli\u010dno za\u0161\u010dito va\u0161ih mal\u010dkov. Kvalitetna izdelava z &#039;In Mold&#039; tehnologijo omogo\u010da, da je \u010delada sestavljena iz enega dela. Ta na\u010din izdelave nudi optimalno razmerje med za\u0161\u010dito in lahko te\u017eo.\" \/>\n<meta property=\"og:url\" content=\"https:\/\/www.sportshine.eu\/de\/geschaft\/kinder-celada-brn-vola-50-orange\/\" \/>\n<meta property=\"og:site_name\" content=\"Sportshine\" \/>\n<meta property=\"article:publisher\" content=\"https:\/\/www.facebook.com\/sportshine.eu\/\" \/>\n<meta property=\"article:modified_time\" content=\"2025-08-09T22:09:08+00:00\" \/>\n<meta property=\"og:image\" content=\"https:\/\/www.sportshine.eu\/wp-content\/uploads\/2025\/07\/Otroska-celada-BRN-oranzna.webp\" \/>\n\t<meta property=\"og:image:width\" content=\"800\" \/>\n\t<meta property=\"og:image:height\" content=\"800\" \/>\n\t<meta property=\"og:image:type\" content=\"image\/webp\" \/>\n<meta name=\"twitter:card\" content=\"summary_large_image\" \/>\n<meta name=\"twitter:label1\" content=\"Gesch\u00e4tzte Lesezeit\" \/>\n\t<meta name=\"twitter:data1\" content=\"2 Minuten\" \/>\n<script type=\"application\/ld+json\" class=\"yoast-schema-graph\">{\"@context\":\"https:\\\/\\\/schema.org\",\"@graph\":[{\"@type\":\"WebPage\",\"@id\":\"https:\\\/\\\/www.sportshine.eu\\\/trgovina\\\/otroska-celada-brn-vola-50-orange\\\/\",\"url\":\"https:\\\/\\\/www.sportshine.eu\\\/trgovina\\\/otroska-celada-brn-vola-50-orange\\\/\",\"name\":\"Otro\u0161ka \u010delada BRN Vola 50 orange - Sportshine\",\"isPartOf\":{\"@id\":\"https:\\\/\\\/www.sportshine.eu\\\/#website\"},\"primaryImageOfPage\":{\"@id\":\"https:\\\/\\\/www.sportshine.eu\\\/trgovina\\\/otroska-celada-brn-vola-50-orange\\\/#primaryimage\"},\"image\":{\"@id\":\"https:\\\/\\\/www.sportshine.eu\\\/trgovina\\\/otroska-celada-brn-vola-50-orange\\\/#primaryimage\"},\"thumbnailUrl\":\"https:\\\/\\\/www.sportshine.eu\\\/wp-content\\\/uploads\\\/2025\\\/07\\\/Otroska-celada-BRN-oranzna.webp\",\"datePublished\":\"2025-07-07T09:27:59+00:00\",\"dateModified\":\"2025-08-09T22:09:08+00:00\",\"breadcrumb\":{\"@id\":\"https:\\\/\\\/www.sportshine.eu\\\/trgovina\\\/otroska-celada-brn-vola-50-orange\\\/#breadcrumb\"},\"inLanguage\":\"de-AT\",\"potentialAction\":[{\"@type\":\"ReadAction\",\"target\":[\"https:\\\/\\\/www.sportshine.eu\\\/trgovina\\\/otroska-celada-brn-vola-50-orange\\\/\"]}]},{\"@type\":\"ImageObject\",\"inLanguage\":\"de-AT\",\"@id\":\"https:\\\/\\\/www.sportshine.eu\\\/trgovina\\\/otroska-celada-brn-vola-50-orange\\\/#primaryimage\",\"url\":\"https:\\\/\\\/www.sportshine.eu\\\/wp-content\\\/uploads\\\/2025\\\/07\\\/Otroska-celada-BRN-oranzna.webp\",\"contentUrl\":\"https:\\\/\\\/www.sportshine.eu\\\/wp-content\\\/uploads\\\/2025\\\/07\\\/Otroska-celada-BRN-oranzna.webp\",\"width\":800,\"height\":800},{\"@type\":\"BreadcrumbList\",\"@id\":\"https:\\\/\\\/www.sportshine.eu\\\/trgovina\\\/otroska-celada-brn-vola-50-orange\\\/#breadcrumb\",\"itemListElement\":[{\"@type\":\"ListItem\",\"position\":1,\"name\":\"Home\",\"item\":\"https:\\\/\\\/www.sportshine.eu\\\/\"},{\"@type\":\"ListItem\",\"position\":2,\"name\":\"Trgovina\",\"item\":\"https:\\\/\\\/www.sportshine.eu\\\/trgovina\\\/\"},{\"@type\":\"ListItem\",\"position\":3,\"name\":\"Otro\u0161ka \u010delada BRN Vola 50 orange\"}]},{\"@type\":\"WebSite\",\"@id\":\"https:\\\/\\\/www.sportshine.eu\\\/#website\",\"url\":\"https:\\\/\\\/www.sportshine.eu\\\/\",\"name\":\"Sportshine\",\"description\":\"Top spletna trgovina kolesarskih in naglavnih svetilk ter opreme\",\"publisher\":{\"@id\":\"https:\\\/\\\/www.sportshine.eu\\\/#organization\"},\"potentialAction\":[{\"@type\":\"SearchAction\",\"target\":{\"@type\":\"EntryPoint\",\"urlTemplate\":\"https:\\\/\\\/www.sportshine.eu\\\/?s={search_term_string}\"},\"query-input\":{\"@type\":\"PropertyValueSpecification\",\"valueRequired\":true,\"valueName\":\"search_term_string\"}}],\"inLanguage\":\"de-AT\"},{\"@type\":\"Organization\",\"@id\":\"https:\\\/\\\/www.sportshine.eu\\\/#organization\",\"name\":\"Sportshine\",\"url\":\"https:\\\/\\\/www.sportshine.eu\\\/\",\"logo\":{\"@type\":\"ImageObject\",\"inLanguage\":\"de-AT\",\"@id\":\"https:\\\/\\\/www.sportshine.eu\\\/#\\\/schema\\\/logo\\\/image\\\/\",\"url\":\"https:\\\/\\\/www.sportshine.eu\\\/wp-content\\\/uploads\\\/2026\\\/01\\\/cropped-Sportshine.webp\",\"contentUrl\":\"https:\\\/\\\/www.sportshine.eu\\\/wp-content\\\/uploads\\\/2026\\\/01\\\/cropped-Sportshine.webp\",\"width\":295,\"height\":128,\"caption\":\"Sportshine\"},\"image\":{\"@id\":\"https:\\\/\\\/www.sportshine.eu\\\/#\\\/schema\\\/logo\\\/image\\\/\"},\"sameAs\":[\"https:\\\/\\\/www.facebook.com\\\/sportshine.eu\\\/\"]}]}<\/script>\n<!-- \/ Yoast SEO plugin. -->","yoast_head_json":{"title":"Kinderhelm BRN Vola 50 orange - Sportshine","robots":{"index":"index","follow":"follow","max-snippet":"max-snippet:-1","max-image-preview":"max-image-preview:large","max-video-preview":"max-video-preview:-1"},"canonical":"https:\/\/www.sportshine.eu\/de\/geschaft\/kinder-celada-brn-vola-50-orange\/","og_locale":"de_DE","og_type":"article","og_title":"Otro\u0161ka \u010delada BRN Vola 50 orange - Sportshine","og_description":"Otro\u0161ka \u010delada Vola 50 priznane italijanske znamke BRN, poskrbi za odli\u010dno za\u0161\u010dito va\u0161ih mal\u010dkov. Kvalitetna izdelava z 'In Mold' tehnologijo omogo\u010da, da je \u010delada sestavljena iz enega dela. Ta na\u010din izdelave nudi optimalno razmerje med za\u0161\u010dito in lahko te\u017eo.","og_url":"https:\/\/www.sportshine.eu\/de\/geschaft\/kinder-celada-brn-vola-50-orange\/","og_site_name":"Sportshine","article_publisher":"https:\/\/www.facebook.com\/sportshine.eu\/","article_modified_time":"2025-08-09T22:09:08+00:00","og_image":[{"width":800,"height":800,"url":"https:\/\/www.sportshine.eu\/wp-content\/uploads\/2025\/07\/Otroska-celada-BRN-oranzna.webp","type":"image\/webp"}],"twitter_card":"summary_large_image","twitter_misc":{"Gesch\u00e4tzte Lesezeit":"2 Minuten"},"schema":{"@context":"https:\/\/schema.org","@graph":[{"@type":"WebPage","@id":"https:\/\/www.sportshine.eu\/trgovina\/otroska-celada-brn-vola-50-orange\/","url":"https:\/\/www.sportshine.eu\/trgovina\/otroska-celada-brn-vola-50-orange\/","name":"Kinderhelm BRN Vola 50 orange - Sportshine","isPartOf":{"@id":"https:\/\/www.sportshine.eu\/#website"},"primaryImageOfPage":{"@id":"https:\/\/www.sportshine.eu\/trgovina\/otroska-celada-brn-vola-50-orange\/#primaryimage"},"image":{"@id":"https:\/\/www.sportshine.eu\/trgovina\/otroska-celada-brn-vola-50-orange\/#primaryimage"},"thumbnailUrl":"https:\/\/www.sportshine.eu\/wp-content\/uploads\/2025\/07\/Otroska-celada-BRN-oranzna.webp","datePublished":"2025-07-07T09:27:59+00:00","dateModified":"2025-08-09T22:09:08+00:00","breadcrumb":{"@id":"https:\/\/www.sportshine.eu\/trgovina\/otroska-celada-brn-vola-50-orange\/#breadcrumb"},"inLanguage":"de-AT","potentialAction":[{"@type":"ReadAction","target":["https:\/\/www.sportshine.eu\/trgovina\/otroska-celada-brn-vola-50-orange\/"]}]},{"@type":"ImageObject","inLanguage":"de-AT","@id":"https:\/\/www.sportshine.eu\/trgovina\/otroska-celada-brn-vola-50-orange\/#primaryimage","url":"https:\/\/www.sportshine.eu\/wp-content\/uploads\/2025\/07\/Otroska-celada-BRN-oranzna.webp","contentUrl":"https:\/\/www.sportshine.eu\/wp-content\/uploads\/2025\/07\/Otroska-celada-BRN-oranzna.webp","width":800,"height":800},{"@type":"BreadcrumbList","@id":"https:\/\/www.sportshine.eu\/trgovina\/otroska-celada-brn-vola-50-orange\/#breadcrumb","itemListElement":[{"@type":"ListItem","position":1,"name":"Home","item":"https:\/\/www.sportshine.eu\/"},{"@type":"ListItem","position":2,"name":"Trgovina","item":"https:\/\/www.sportshine.eu\/trgovina\/"},{"@type":"ListItem","position":3,"name":"Otro\u0161ka \u010delada BRN Vola 50 orange"}]},{"@type":"WebSite","@id":"https:\/\/www.sportshine.eu\/#website","url":"https:\/\/www.sportshine.eu\/","name":"Sportshine","description":"Top Online-Shop f\u00fcr Fahrrad- und Stirnlampen sowie Zubeh\u00f6r","publisher":{"@id":"https:\/\/www.sportshine.eu\/#organization"},"potentialAction":[{"@type":"SearchAction","target":{"@type":"EntryPoint","urlTemplate":"https:\/\/www.sportshine.eu\/?s={search_term_string}"},"query-input":{"@type":"PropertyValueSpecification","valueRequired":true,"valueName":"search_term_string"}}],"inLanguage":"de-AT"},{"@type":"Organization","@id":"https:\/\/www.sportshine.eu\/#organization","name":"Sportshine","url":"https:\/\/www.sportshine.eu\/","logo":{"@type":"ImageObject","inLanguage":"de-AT","@id":"https:\/\/www.sportshine.eu\/#\/schema\/logo\/image\/","url":"https:\/\/www.sportshine.eu\/wp-content\/uploads\/2026\/01\/cropped-Sportshine.webp","contentUrl":"https:\/\/www.sportshine.eu\/wp-content\/uploads\/2026\/01\/cropped-Sportshine.webp","width":295,"height":128,"caption":"Sportshine"},"image":{"@id":"https:\/\/www.sportshine.eu\/#\/schema\/logo\/image\/"},"sameAs":["https:\/\/www.facebook.com\/sportshine.eu\/"]}]}},"_links":{"self":[{"href":"https:\/\/www.sportshine.eu\/de\/wp-json\/wp\/v2\/product\/6686","targetHints":{"allow":["GET"]}}],"collection":[{"href":"https:\/\/www.sportshine.eu\/de\/wp-json\/wp\/v2\/product"}],"about":[{"href":"https:\/\/www.sportshine.eu\/de\/wp-json\/wp\/v2\/types\/product"}],"replies":[{"embeddable":true,"href":"https:\/\/www.sportshine.eu\/de\/wp-json\/wp\/v2\/comments?post=6686"}],"version-history":[{"count":0,"href":"https:\/\/www.sportshine.eu\/de\/wp-json\/wp\/v2\/product\/6686\/revisions"}],"wp:featuredmedia":[{"embeddable":true,"href":"https:\/\/www.sportshine.eu\/de\/wp-json\/wp\/v2\/media\/5537"}],"wp:attachment":[{"href":"https:\/\/www.sportshine.eu\/de\/wp-json\/wp\/v2\/media?parent=6686"}],"wp:term":[{"taxonomy":"product_brand","embeddable":true,"href":"https:\/\/www.sportshine.eu\/de\/wp-json\/wp\/v2\/product_brand?post=6686"},{"taxonomy":"product_cat","embeddable":true,"href":"https:\/\/www.sportshine.eu\/de\/wp-json\/wp\/v2\/product_cat?post=6686"},{"taxonomy":"product_tag","embeddable":true,"href":"https:\/\/www.sportshine.eu\/de\/wp-json\/wp\/v2\/product_tag?post=6686"}],"curies":[{"name":"wp","href":"https:\/\/api.w.org\/{rel}","templated":true}]}}