{"id":6642,"date":"2025-07-07T08:59:14","date_gmt":"2025-07-07T08:59:14","guid":{"rendered":"https:\/\/www.sportshine.eu\/?post_type=product&#038;p=6642"},"modified":"2026-01-22T13:17:46","modified_gmt":"2026-01-22T13:17:46","slug":"brille-brn-max-polarisiert-schwarz","status":"publish","type":"product","link":"https:\/\/www.sportshine.eu\/de\/geschaft\/brille-brn-max-polarisiert-schwarz\/","title":{"rendered":"BRN MAX polarisierte schwarze Brille"},"content":{"rendered":"<p class=\"\" data-start=\"98\" data-end=\"318\">Die polarisierten Brillen BRN MAX sind die ideale Wahl f\u00fcr alle, die eine dynamische und funktionale Brille ben\u00f6tigen. Sie eignen sich auch besonders f\u00fcr Brillentr\u00e4ger, da sie \u00fcber einen Rahmen verf\u00fcgen, in den Sie Korrekturgl\u00e4ser einsetzen k\u00f6nnen.<\/p>\n<p class=\"\" data-start=\"320\" data-end=\"615\">Polarisierte Gl\u00e4ser werden im Spritzgussverfahren hergestellt. Dies gew\u00e4hrleistet au\u00dfergew\u00f6hnliche optische Pr\u00e4zision, reduziert die Belastung der Augen und erh\u00f6ht den Tragekomfort. Diese fortschrittlichen Gl\u00e4ser blockieren effektiv 100 % der UVA-, UVB- und UVC-Strahlen sowie blaues Licht bis zu 400 nm und bieten so hervorragenden Schutz f\u00fcr Ihre Augen.<\/p>\n<p class=\"\" data-start=\"617\" data-end=\"937\">Der TR90 Grilamid-Rahmen ist extrem leicht, langlebig und auf maximalen Komfort ausgelegt. Die rutschfesten, hypoallergenen, gummierten B\u00fcgel und das verstellbare, hypoallergene Nasenpad sorgen f\u00fcr perfekten Halt und optimale Anpassung an das Gesicht. Trotz ihrer hervorragenden Eigenschaften wiegt die Brille nur 28 Gramm, sodass Sie sie kaum sp\u00fcren werden!<\/p>\n<p class=\"\" data-start=\"939\" data-end=\"1162\">Die Brille wird in einem eleganten und ger\u00e4umigen Hartschalenetui aufbewahrt. Zum Schutz der Gl\u00e4ser liegt ein weicher Mikrofaserbeutel bei. Im Lieferumfang ist au\u00dferdem ein Korrekturglasadapter enthalten, was die Brille f\u00fcr jedermann noch praktischer macht.<\/p>","protected":false},"excerpt":{"rendered":"<p>Polarisierte Sonnenbrille BRN MAX \u2013 die perfekte Kombination aus Schutz, Komfort und Vielseitigkeit.<\/p>","protected":false},"featured_media":5475,"comment_status":"open","ping_status":"closed","template":"","meta":[],"product_brand":[133],"product_cat":[103,123],"product_tag":[],"class_list":{"0":"post-6642","1":"product","2":"type-product","3":"status-publish","4":"has-post-thumbnail","6":"product_brand-brn","7":"product_cat-kolesarska-ocala","8":"product_cat-polarizirana-ocala","10":"first","11":"instock","12":"taxable","13":"shipping-taxable","14":"purchasable","15":"product-type-simple"},"yoast_head":"<!-- This site is optimized with the Yoast SEO plugin v27.3 - https:\/\/yoast.com\/product\/yoast-seo-wordpress\/ -->\n<title>O\u010dala BRN MAX polarizirana \u010drna<\/title>\n<meta name=\"description\" content=\"BRN MAX polarizirana son\u010dna o\u010dala \u2013 popolna kombinacija za\u0161\u010dite, udobja in vsestranskosti. Preveri na\u0161o ponudbo o\u010dal in izberi jasen pogled.\" \/>\n<meta name=\"robots\" content=\"index, follow, max-snippet:-1, max-image-preview:large, max-video-preview:-1\" \/>\n<link rel=\"canonical\" href=\"https:\/\/www.sportshine.eu\/de\/geschaft\/brille-brn-max-polarisiert-schwarz\/\" \/>\n<meta property=\"og:locale\" content=\"de_DE\" \/>\n<meta property=\"og:type\" content=\"article\" \/>\n<meta property=\"og:title\" content=\"O\u010dala BRN MAX polarizirana \u010drna\" \/>\n<meta property=\"og:description\" content=\"BRN MAX polarizirana son\u010dna o\u010dala \u2013 popolna kombinacija za\u0161\u010dite, udobja in vsestranskosti. Preveri na\u0161o ponudbo o\u010dal in izberi jasen pogled.\" \/>\n<meta property=\"og:url\" content=\"https:\/\/www.sportshine.eu\/de\/geschaft\/brille-brn-max-polarisiert-schwarz\/\" \/>\n<meta property=\"og:site_name\" content=\"Sportshine\" \/>\n<meta property=\"article:publisher\" content=\"https:\/\/www.facebook.com\/sportshine.eu\/\" \/>\n<meta property=\"article:modified_time\" content=\"2026-01-22T13:17:46+00:00\" \/>\n<meta property=\"og:image\" content=\"https:\/\/www.sportshine.eu\/wp-content\/uploads\/2025\/07\/BRN-MAX-polarized.webp\" \/>\n\t<meta property=\"og:image:width\" content=\"800\" \/>\n\t<meta property=\"og:image:height\" content=\"800\" \/>\n\t<meta property=\"og:image:type\" content=\"image\/webp\" \/>\n<meta name=\"twitter:card\" content=\"summary_large_image\" \/>\n<meta name=\"twitter:label1\" content=\"Gesch\u00e4tzte Lesezeit\" \/>\n\t<meta name=\"twitter:data1\" content=\"2 Minuten\" \/>\n<script type=\"application\/ld+json\" class=\"yoast-schema-graph\">{\"@context\":\"https:\\\/\\\/schema.org\",\"@graph\":[{\"@type\":\"WebPage\",\"@id\":\"https:\\\/\\\/www.sportshine.eu\\\/trgovina\\\/ocala-brn-max-polarizirana-crna\\\/\",\"url\":\"https:\\\/\\\/www.sportshine.eu\\\/trgovina\\\/ocala-brn-max-polarizirana-crna\\\/\",\"name\":\"O\u010dala BRN MAX polarizirana \u010drna\",\"isPartOf\":{\"@id\":\"https:\\\/\\\/www.sportshine.eu\\\/#website\"},\"primaryImageOfPage\":{\"@id\":\"https:\\\/\\\/www.sportshine.eu\\\/trgovina\\\/ocala-brn-max-polarizirana-crna\\\/#primaryimage\"},\"image\":{\"@id\":\"https:\\\/\\\/www.sportshine.eu\\\/trgovina\\\/ocala-brn-max-polarizirana-crna\\\/#primaryimage\"},\"thumbnailUrl\":\"https:\\\/\\\/www.sportshine.eu\\\/wp-content\\\/uploads\\\/2025\\\/07\\\/BRN-MAX-polarized.webp\",\"datePublished\":\"2025-07-07T08:59:14+00:00\",\"dateModified\":\"2026-01-22T13:17:46+00:00\",\"description\":\"BRN MAX polarizirana son\u010dna o\u010dala \u2013 popolna kombinacija za\u0161\u010dite, udobja in vsestranskosti. Preveri na\u0161o ponudbo o\u010dal in izberi jasen pogled.\",\"breadcrumb\":{\"@id\":\"https:\\\/\\\/www.sportshine.eu\\\/trgovina\\\/ocala-brn-max-polarizirana-crna\\\/#breadcrumb\"},\"inLanguage\":\"de-AT\",\"potentialAction\":[{\"@type\":\"ReadAction\",\"target\":[\"https:\\\/\\\/www.sportshine.eu\\\/trgovina\\\/ocala-brn-max-polarizirana-crna\\\/\"]}]},{\"@type\":\"ImageObject\",\"inLanguage\":\"de-AT\",\"@id\":\"https:\\\/\\\/www.sportshine.eu\\\/trgovina\\\/ocala-brn-max-polarizirana-crna\\\/#primaryimage\",\"url\":\"https:\\\/\\\/www.sportshine.eu\\\/wp-content\\\/uploads\\\/2025\\\/07\\\/BRN-MAX-polarized.webp\",\"contentUrl\":\"https:\\\/\\\/www.sportshine.eu\\\/wp-content\\\/uploads\\\/2025\\\/07\\\/BRN-MAX-polarized.webp\",\"width\":800,\"height\":800},{\"@type\":\"BreadcrumbList\",\"@id\":\"https:\\\/\\\/www.sportshine.eu\\\/trgovina\\\/ocala-brn-max-polarizirana-crna\\\/#breadcrumb\",\"itemListElement\":[{\"@type\":\"ListItem\",\"position\":1,\"name\":\"Home\",\"item\":\"https:\\\/\\\/www.sportshine.eu\\\/\"},{\"@type\":\"ListItem\",\"position\":2,\"name\":\"Trgovina\",\"item\":\"https:\\\/\\\/www.sportshine.eu\\\/trgovina\\\/\"},{\"@type\":\"ListItem\",\"position\":3,\"name\":\"O\u010dala BRN MAX polarizirana \u010drna\"}]},{\"@type\":\"WebSite\",\"@id\":\"https:\\\/\\\/www.sportshine.eu\\\/#website\",\"url\":\"https:\\\/\\\/www.sportshine.eu\\\/\",\"name\":\"Sportshine\",\"description\":\"Top spletna trgovina kolesarskih in naglavnih svetilk ter opreme\",\"publisher\":{\"@id\":\"https:\\\/\\\/www.sportshine.eu\\\/#organization\"},\"potentialAction\":[{\"@type\":\"SearchAction\",\"target\":{\"@type\":\"EntryPoint\",\"urlTemplate\":\"https:\\\/\\\/www.sportshine.eu\\\/?s={search_term_string}\"},\"query-input\":{\"@type\":\"PropertyValueSpecification\",\"valueRequired\":true,\"valueName\":\"search_term_string\"}}],\"inLanguage\":\"de-AT\"},{\"@type\":\"Organization\",\"@id\":\"https:\\\/\\\/www.sportshine.eu\\\/#organization\",\"name\":\"Sportshine\",\"url\":\"https:\\\/\\\/www.sportshine.eu\\\/\",\"logo\":{\"@type\":\"ImageObject\",\"inLanguage\":\"de-AT\",\"@id\":\"https:\\\/\\\/www.sportshine.eu\\\/#\\\/schema\\\/logo\\\/image\\\/\",\"url\":\"https:\\\/\\\/www.sportshine.eu\\\/wp-content\\\/uploads\\\/2026\\\/01\\\/cropped-Sportshine.webp\",\"contentUrl\":\"https:\\\/\\\/www.sportshine.eu\\\/wp-content\\\/uploads\\\/2026\\\/01\\\/cropped-Sportshine.webp\",\"width\":295,\"height\":128,\"caption\":\"Sportshine\"},\"image\":{\"@id\":\"https:\\\/\\\/www.sportshine.eu\\\/#\\\/schema\\\/logo\\\/image\\\/\"},\"sameAs\":[\"https:\\\/\\\/www.facebook.com\\\/sportshine.eu\\\/\"]}]}<\/script>\n<!-- \/ Yoast SEO plugin. -->","yoast_head_json":{"title":"BRN MAX polarisierte schwarze Brille","description":"Polarisierte Sonnenbrillen BRN MAX \u2013 die perfekte Kombination aus Schutz, Komfort und Vielseitigkeit. Entdecken Sie unser Brillensortiment und entscheiden Sie sich f\u00fcr klare Sicht.","robots":{"index":"index","follow":"follow","max-snippet":"max-snippet:-1","max-image-preview":"max-image-preview:large","max-video-preview":"max-video-preview:-1"},"canonical":"https:\/\/www.sportshine.eu\/de\/geschaft\/brille-brn-max-polarisiert-schwarz\/","og_locale":"de_DE","og_type":"article","og_title":"O\u010dala BRN MAX polarizirana \u010drna","og_description":"BRN MAX polarizirana son\u010dna o\u010dala \u2013 popolna kombinacija za\u0161\u010dite, udobja in vsestranskosti. Preveri na\u0161o ponudbo o\u010dal in izberi jasen pogled.","og_url":"https:\/\/www.sportshine.eu\/de\/geschaft\/brille-brn-max-polarisiert-schwarz\/","og_site_name":"Sportshine","article_publisher":"https:\/\/www.facebook.com\/sportshine.eu\/","article_modified_time":"2026-01-22T13:17:46+00:00","og_image":[{"width":800,"height":800,"url":"https:\/\/www.sportshine.eu\/wp-content\/uploads\/2025\/07\/BRN-MAX-polarized.webp","type":"image\/webp"}],"twitter_card":"summary_large_image","twitter_misc":{"Gesch\u00e4tzte Lesezeit":"2 Minuten"},"schema":{"@context":"https:\/\/schema.org","@graph":[{"@type":"WebPage","@id":"https:\/\/www.sportshine.eu\/trgovina\/ocala-brn-max-polarizirana-crna\/","url":"https:\/\/www.sportshine.eu\/trgovina\/ocala-brn-max-polarizirana-crna\/","name":"BRN MAX polarisierte schwarze Brille","isPartOf":{"@id":"https:\/\/www.sportshine.eu\/#website"},"primaryImageOfPage":{"@id":"https:\/\/www.sportshine.eu\/trgovina\/ocala-brn-max-polarizirana-crna\/#primaryimage"},"image":{"@id":"https:\/\/www.sportshine.eu\/trgovina\/ocala-brn-max-polarizirana-crna\/#primaryimage"},"thumbnailUrl":"https:\/\/www.sportshine.eu\/wp-content\/uploads\/2025\/07\/BRN-MAX-polarized.webp","datePublished":"2025-07-07T08:59:14+00:00","dateModified":"2026-01-22T13:17:46+00:00","description":"Polarisierte Sonnenbrillen BRN MAX \u2013 die perfekte Kombination aus Schutz, Komfort und Vielseitigkeit. Entdecken Sie unser Brillensortiment und entscheiden Sie sich f\u00fcr klare Sicht.","breadcrumb":{"@id":"https:\/\/www.sportshine.eu\/trgovina\/ocala-brn-max-polarizirana-crna\/#breadcrumb"},"inLanguage":"de-AT","potentialAction":[{"@type":"ReadAction","target":["https:\/\/www.sportshine.eu\/trgovina\/ocala-brn-max-polarizirana-crna\/"]}]},{"@type":"ImageObject","inLanguage":"de-AT","@id":"https:\/\/www.sportshine.eu\/trgovina\/ocala-brn-max-polarizirana-crna\/#primaryimage","url":"https:\/\/www.sportshine.eu\/wp-content\/uploads\/2025\/07\/BRN-MAX-polarized.webp","contentUrl":"https:\/\/www.sportshine.eu\/wp-content\/uploads\/2025\/07\/BRN-MAX-polarized.webp","width":800,"height":800},{"@type":"BreadcrumbList","@id":"https:\/\/www.sportshine.eu\/trgovina\/ocala-brn-max-polarizirana-crna\/#breadcrumb","itemListElement":[{"@type":"ListItem","position":1,"name":"Home","item":"https:\/\/www.sportshine.eu\/"},{"@type":"ListItem","position":2,"name":"Trgovina","item":"https:\/\/www.sportshine.eu\/trgovina\/"},{"@type":"ListItem","position":3,"name":"O\u010dala BRN MAX polarizirana \u010drna"}]},{"@type":"WebSite","@id":"https:\/\/www.sportshine.eu\/#website","url":"https:\/\/www.sportshine.eu\/","name":"Sportshine","description":"Top Online-Shop f\u00fcr Fahrrad- und Stirnlampen sowie Zubeh\u00f6r","publisher":{"@id":"https:\/\/www.sportshine.eu\/#organization"},"potentialAction":[{"@type":"SearchAction","target":{"@type":"EntryPoint","urlTemplate":"https:\/\/www.sportshine.eu\/?s={search_term_string}"},"query-input":{"@type":"PropertyValueSpecification","valueRequired":true,"valueName":"search_term_string"}}],"inLanguage":"de-AT"},{"@type":"Organization","@id":"https:\/\/www.sportshine.eu\/#organization","name":"Sportshine","url":"https:\/\/www.sportshine.eu\/","logo":{"@type":"ImageObject","inLanguage":"de-AT","@id":"https:\/\/www.sportshine.eu\/#\/schema\/logo\/image\/","url":"https:\/\/www.sportshine.eu\/wp-content\/uploads\/2026\/01\/cropped-Sportshine.webp","contentUrl":"https:\/\/www.sportshine.eu\/wp-content\/uploads\/2026\/01\/cropped-Sportshine.webp","width":295,"height":128,"caption":"Sportshine"},"image":{"@id":"https:\/\/www.sportshine.eu\/#\/schema\/logo\/image\/"},"sameAs":["https:\/\/www.facebook.com\/sportshine.eu\/"]}]}},"_links":{"self":[{"href":"https:\/\/www.sportshine.eu\/de\/wp-json\/wp\/v2\/product\/6642","targetHints":{"allow":["GET"]}}],"collection":[{"href":"https:\/\/www.sportshine.eu\/de\/wp-json\/wp\/v2\/product"}],"about":[{"href":"https:\/\/www.sportshine.eu\/de\/wp-json\/wp\/v2\/types\/product"}],"replies":[{"embeddable":true,"href":"https:\/\/www.sportshine.eu\/de\/wp-json\/wp\/v2\/comments?post=6642"}],"version-history":[{"count":0,"href":"https:\/\/www.sportshine.eu\/de\/wp-json\/wp\/v2\/product\/6642\/revisions"}],"wp:featuredmedia":[{"embeddable":true,"href":"https:\/\/www.sportshine.eu\/de\/wp-json\/wp\/v2\/media\/5475"}],"wp:attachment":[{"href":"https:\/\/www.sportshine.eu\/de\/wp-json\/wp\/v2\/media?parent=6642"}],"wp:term":[{"taxonomy":"product_brand","embeddable":true,"href":"https:\/\/www.sportshine.eu\/de\/wp-json\/wp\/v2\/product_brand?post=6642"},{"taxonomy":"product_cat","embeddable":true,"href":"https:\/\/www.sportshine.eu\/de\/wp-json\/wp\/v2\/product_cat?post=6642"},{"taxonomy":"product_tag","embeddable":true,"href":"https:\/\/www.sportshine.eu\/de\/wp-json\/wp\/v2\/product_tag?post=6642"}],"curies":[{"name":"wp","href":"https:\/\/api.w.org\/{rel}","templated":true}]}}