{"id":6639,"date":"2025-07-07T08:59:10","date_gmt":"2025-07-07T08:59:10","guid":{"rendered":"https:\/\/www.sportshine.eu\/?post_type=product&#038;p=6639"},"modified":"2025-08-02T17:01:02","modified_gmt":"2025-08-02T17:01:02","slug":"helm-brn-cloud-ii-schwarz-gelb","status":"publish","type":"product","link":"https:\/\/www.sportshine.eu\/de\/geschaft\/helm-brn-cloud-ii-schwarz-gelb\/","title":{"rendered":"Helm BRN Cloud II schwarz\/gelb"},"content":{"rendered":"<p>Helm <strong>BRN Cloud II<\/strong> ist das Ergebnis der Bem\u00fchungen des gesamten Forschungs- und Entwicklungsteams von BRN! Durch sorgf\u00e4ltige Forschung definierten sie zun\u00e4chst die Linien und die Form des Helms, erstellten einen Prototyp in 3D-Technologie und brachten ihn in Zusammenarbeit mit den besten internationalen Fahrradhelmherstellern zur endg\u00fcltigen Umsetzung.<\/p>\n<p><strong>Wolke II<\/strong> verf\u00fcgt \u00fcber Technologie <strong>In Schimmel<\/strong>, die eine au\u00dfergew\u00f6hnliche Haltbarkeit gew\u00e4hrleistet, mit einem Magnetverschluss Typ <strong>Vorschubsperre<\/strong> f\u00fcr einfache Bedienung und Systemeinstellungen <strong>Rollensystem<\/strong> f\u00fcr eine perfekte Passform. 18 Bel\u00fcftungs\u00f6ffnungen sorgen f\u00fcr Komfort beim Fahren, erzeugen einen konstanten Luftstrom und halten das Innere des Helms effektiv bel\u00fcftet. All diese fortschrittlichen Funktionen sind in einem extrem leichten Helm vereint, der nur wiegt <strong>220 g<\/strong> (Gr\u00f6\u00dfe M). Integriertes Insektenschutzgitter.<\/p>\n<p>&nbsp;<\/p>","protected":false},"excerpt":{"rendered":"<p>Fahrradhelme sind f\u00fcr die Sicherheit von Radfahrern unerl\u00e4sslich, da sie den Kopf bei St\u00fcrzen oder Unf\u00e4llen vor Verletzungen sch\u00fctzen. Sie bestehen aus speziellen Materialien, die St\u00f6\u00dfe absorbieren und so das Risiko schwerer Verletzungen verringern. Neben der Sicherheit bieten Helme auch Komfort: Bel\u00fcftungs\u00f6ffnungen erm\u00f6glichen eine optimale Bel\u00fcftung, die eine \u00dcberhitzung des Kopfes verhindert, und verstellbare Systeme sorgen f\u00fcr eine optimale Passform.<\/p>","protected":false},"featured_media":5461,"comment_status":"open","ping_status":"closed","template":"","meta":[],"product_brand":[],"product_cat":[111],"product_tag":[],"class_list":{"0":"post-6639","1":"product","2":"type-product","3":"status-publish","4":"has-post-thumbnail","6":"product_cat-cestne-kolesarske-celade","8":"first","9":"instock","10":"taxable","11":"shipping-taxable","12":"purchasable","13":"product-type-variable"},"yoast_head":"<!-- This site is optimized with the Yoast SEO plugin v27.3 - https:\/\/yoast.com\/product\/yoast-seo-wordpress\/ -->\n<title>\u010celada BRN Cloud II black\/yellow<\/title>\n<meta name=\"robots\" content=\"index, follow, max-snippet:-1, max-image-preview:large, max-video-preview:-1\" \/>\n<link rel=\"canonical\" href=\"https:\/\/www.sportshine.eu\/de\/geschaft\/helm-brn-cloud-ii-schwarz-gelb\/\" \/>\n<meta property=\"og:locale\" content=\"de_DE\" \/>\n<meta property=\"og:type\" content=\"article\" \/>\n<meta property=\"og:title\" content=\"\u010celada BRN Cloud II black\/yellow\" \/>\n<meta property=\"og:description\" content=\"Kolesarske \u010delade so klju\u010dnega pomena za varnost kolesarjev, saj nudijo za\u0161\u010dito glave pred po\u0161kodbami v primeru padcev ali nesre\u010d. Izdelane so iz posebnih materialov, ki absorbirajo udarce in s tem zmanj\u0161ajo tveganje za resne po\u0161kodbe. Poleg varnosti pa \u010delade zagotavljajo tudi udobje: zra\u010dniki omogo\u010dajo prezra\u010devanje, kar prepre\u010duje pregrevanje glave, nastavljivi sistemi pa poskrbijo za optimalno prileganje.\" \/>\n<meta property=\"og:url\" content=\"https:\/\/www.sportshine.eu\/de\/geschaft\/helm-brn-cloud-ii-schwarz-gelb\/\" \/>\n<meta property=\"og:site_name\" content=\"Sportshine\" \/>\n<meta property=\"article:publisher\" content=\"https:\/\/www.facebook.com\/sportshine.eu\/\" \/>\n<meta property=\"article:modified_time\" content=\"2025-08-02T17:01:02+00:00\" \/>\n<meta property=\"og:image\" content=\"https:\/\/www.sportshine.eu\/wp-content\/uploads\/2025\/07\/BRN-cloud-kolesarska-celada-1.webp\" \/>\n\t<meta property=\"og:image:width\" content=\"800\" \/>\n\t<meta property=\"og:image:height\" content=\"800\" \/>\n\t<meta property=\"og:image:type\" content=\"image\/webp\" \/>\n<meta name=\"twitter:card\" content=\"summary_large_image\" \/>\n<meta name=\"twitter:label1\" content=\"Gesch\u00e4tzte Lesezeit\" \/>\n\t<meta name=\"twitter:data1\" content=\"1 Minute\" \/>\n<script type=\"application\/ld+json\" class=\"yoast-schema-graph\">{\"@context\":\"https:\\\/\\\/schema.org\",\"@graph\":[{\"@type\":\"WebPage\",\"@id\":\"https:\\\/\\\/www.sportshine.eu\\\/trgovina\\\/celada-brn-cloud-ii-black-yellow\\\/\",\"url\":\"https:\\\/\\\/www.sportshine.eu\\\/trgovina\\\/celada-brn-cloud-ii-black-yellow\\\/\",\"name\":\"\u010celada BRN Cloud II black\\\/yellow\",\"isPartOf\":{\"@id\":\"https:\\\/\\\/www.sportshine.eu\\\/#website\"},\"primaryImageOfPage\":{\"@id\":\"https:\\\/\\\/www.sportshine.eu\\\/trgovina\\\/celada-brn-cloud-ii-black-yellow\\\/#primaryimage\"},\"image\":{\"@id\":\"https:\\\/\\\/www.sportshine.eu\\\/trgovina\\\/celada-brn-cloud-ii-black-yellow\\\/#primaryimage\"},\"thumbnailUrl\":\"https:\\\/\\\/www.sportshine.eu\\\/wp-content\\\/uploads\\\/2025\\\/07\\\/BRN-cloud-kolesarska-celada-1.webp\",\"datePublished\":\"2025-07-07T08:59:10+00:00\",\"dateModified\":\"2025-08-02T17:01:02+00:00\",\"breadcrumb\":{\"@id\":\"https:\\\/\\\/www.sportshine.eu\\\/trgovina\\\/celada-brn-cloud-ii-black-yellow\\\/#breadcrumb\"},\"inLanguage\":\"de-AT\",\"potentialAction\":[{\"@type\":\"ReadAction\",\"target\":[\"https:\\\/\\\/www.sportshine.eu\\\/trgovina\\\/celada-brn-cloud-ii-black-yellow\\\/\"]}]},{\"@type\":\"ImageObject\",\"inLanguage\":\"de-AT\",\"@id\":\"https:\\\/\\\/www.sportshine.eu\\\/trgovina\\\/celada-brn-cloud-ii-black-yellow\\\/#primaryimage\",\"url\":\"https:\\\/\\\/www.sportshine.eu\\\/wp-content\\\/uploads\\\/2025\\\/07\\\/BRN-cloud-kolesarska-celada-1.webp\",\"contentUrl\":\"https:\\\/\\\/www.sportshine.eu\\\/wp-content\\\/uploads\\\/2025\\\/07\\\/BRN-cloud-kolesarska-celada-1.webp\",\"width\":800,\"height\":800},{\"@type\":\"BreadcrumbList\",\"@id\":\"https:\\\/\\\/www.sportshine.eu\\\/trgovina\\\/celada-brn-cloud-ii-black-yellow\\\/#breadcrumb\",\"itemListElement\":[{\"@type\":\"ListItem\",\"position\":1,\"name\":\"Home\",\"item\":\"https:\\\/\\\/www.sportshine.eu\\\/\"},{\"@type\":\"ListItem\",\"position\":2,\"name\":\"Trgovina\",\"item\":\"https:\\\/\\\/www.sportshine.eu\\\/trgovina\\\/\"},{\"@type\":\"ListItem\",\"position\":3,\"name\":\"\u010celada BRN Cloud II black\\\/yellow\"}]},{\"@type\":\"WebSite\",\"@id\":\"https:\\\/\\\/www.sportshine.eu\\\/#website\",\"url\":\"https:\\\/\\\/www.sportshine.eu\\\/\",\"name\":\"Sportshine\",\"description\":\"Top spletna trgovina kolesarskih in naglavnih svetilk ter opreme\",\"publisher\":{\"@id\":\"https:\\\/\\\/www.sportshine.eu\\\/#organization\"},\"potentialAction\":[{\"@type\":\"SearchAction\",\"target\":{\"@type\":\"EntryPoint\",\"urlTemplate\":\"https:\\\/\\\/www.sportshine.eu\\\/?s={search_term_string}\"},\"query-input\":{\"@type\":\"PropertyValueSpecification\",\"valueRequired\":true,\"valueName\":\"search_term_string\"}}],\"inLanguage\":\"de-AT\"},{\"@type\":\"Organization\",\"@id\":\"https:\\\/\\\/www.sportshine.eu\\\/#organization\",\"name\":\"Sportshine\",\"url\":\"https:\\\/\\\/www.sportshine.eu\\\/\",\"logo\":{\"@type\":\"ImageObject\",\"inLanguage\":\"de-AT\",\"@id\":\"https:\\\/\\\/www.sportshine.eu\\\/#\\\/schema\\\/logo\\\/image\\\/\",\"url\":\"https:\\\/\\\/www.sportshine.eu\\\/wp-content\\\/uploads\\\/2026\\\/01\\\/cropped-Sportshine.webp\",\"contentUrl\":\"https:\\\/\\\/www.sportshine.eu\\\/wp-content\\\/uploads\\\/2026\\\/01\\\/cropped-Sportshine.webp\",\"width\":295,\"height\":128,\"caption\":\"Sportshine\"},\"image\":{\"@id\":\"https:\\\/\\\/www.sportshine.eu\\\/#\\\/schema\\\/logo\\\/image\\\/\"},\"sameAs\":[\"https:\\\/\\\/www.facebook.com\\\/sportshine.eu\\\/\"]}]}<\/script>\n<!-- \/ Yoast SEO plugin. -->","yoast_head_json":{"title":"Helm BRN Cloud II schwarz\/gelb","robots":{"index":"index","follow":"follow","max-snippet":"max-snippet:-1","max-image-preview":"max-image-preview:large","max-video-preview":"max-video-preview:-1"},"canonical":"https:\/\/www.sportshine.eu\/de\/geschaft\/helm-brn-cloud-ii-schwarz-gelb\/","og_locale":"de_DE","og_type":"article","og_title":"\u010celada BRN Cloud II black\/yellow","og_description":"Kolesarske \u010delade so klju\u010dnega pomena za varnost kolesarjev, saj nudijo za\u0161\u010dito glave pred po\u0161kodbami v primeru padcev ali nesre\u010d. Izdelane so iz posebnih materialov, ki absorbirajo udarce in s tem zmanj\u0161ajo tveganje za resne po\u0161kodbe. Poleg varnosti pa \u010delade zagotavljajo tudi udobje: zra\u010dniki omogo\u010dajo prezra\u010devanje, kar prepre\u010duje pregrevanje glave, nastavljivi sistemi pa poskrbijo za optimalno prileganje.","og_url":"https:\/\/www.sportshine.eu\/de\/geschaft\/helm-brn-cloud-ii-schwarz-gelb\/","og_site_name":"Sportshine","article_publisher":"https:\/\/www.facebook.com\/sportshine.eu\/","article_modified_time":"2025-08-02T17:01:02+00:00","og_image":[{"width":800,"height":800,"url":"https:\/\/www.sportshine.eu\/wp-content\/uploads\/2025\/07\/BRN-cloud-kolesarska-celada-1.webp","type":"image\/webp"}],"twitter_card":"summary_large_image","twitter_misc":{"Gesch\u00e4tzte Lesezeit":"1 Minute"},"schema":{"@context":"https:\/\/schema.org","@graph":[{"@type":"WebPage","@id":"https:\/\/www.sportshine.eu\/trgovina\/celada-brn-cloud-ii-black-yellow\/","url":"https:\/\/www.sportshine.eu\/trgovina\/celada-brn-cloud-ii-black-yellow\/","name":"Helm BRN Cloud II schwarz\/gelb","isPartOf":{"@id":"https:\/\/www.sportshine.eu\/#website"},"primaryImageOfPage":{"@id":"https:\/\/www.sportshine.eu\/trgovina\/celada-brn-cloud-ii-black-yellow\/#primaryimage"},"image":{"@id":"https:\/\/www.sportshine.eu\/trgovina\/celada-brn-cloud-ii-black-yellow\/#primaryimage"},"thumbnailUrl":"https:\/\/www.sportshine.eu\/wp-content\/uploads\/2025\/07\/BRN-cloud-kolesarska-celada-1.webp","datePublished":"2025-07-07T08:59:10+00:00","dateModified":"2025-08-02T17:01:02+00:00","breadcrumb":{"@id":"https:\/\/www.sportshine.eu\/trgovina\/celada-brn-cloud-ii-black-yellow\/#breadcrumb"},"inLanguage":"de-AT","potentialAction":[{"@type":"ReadAction","target":["https:\/\/www.sportshine.eu\/trgovina\/celada-brn-cloud-ii-black-yellow\/"]}]},{"@type":"ImageObject","inLanguage":"de-AT","@id":"https:\/\/www.sportshine.eu\/trgovina\/celada-brn-cloud-ii-black-yellow\/#primaryimage","url":"https:\/\/www.sportshine.eu\/wp-content\/uploads\/2025\/07\/BRN-cloud-kolesarska-celada-1.webp","contentUrl":"https:\/\/www.sportshine.eu\/wp-content\/uploads\/2025\/07\/BRN-cloud-kolesarska-celada-1.webp","width":800,"height":800},{"@type":"BreadcrumbList","@id":"https:\/\/www.sportshine.eu\/trgovina\/celada-brn-cloud-ii-black-yellow\/#breadcrumb","itemListElement":[{"@type":"ListItem","position":1,"name":"Home","item":"https:\/\/www.sportshine.eu\/"},{"@type":"ListItem","position":2,"name":"Trgovina","item":"https:\/\/www.sportshine.eu\/trgovina\/"},{"@type":"ListItem","position":3,"name":"\u010celada BRN Cloud II black\/yellow"}]},{"@type":"WebSite","@id":"https:\/\/www.sportshine.eu\/#website","url":"https:\/\/www.sportshine.eu\/","name":"Sportshine","description":"Top Online-Shop f\u00fcr Fahrrad- und Stirnlampen sowie Zubeh\u00f6r","publisher":{"@id":"https:\/\/www.sportshine.eu\/#organization"},"potentialAction":[{"@type":"SearchAction","target":{"@type":"EntryPoint","urlTemplate":"https:\/\/www.sportshine.eu\/?s={search_term_string}"},"query-input":{"@type":"PropertyValueSpecification","valueRequired":true,"valueName":"search_term_string"}}],"inLanguage":"de-AT"},{"@type":"Organization","@id":"https:\/\/www.sportshine.eu\/#organization","name":"Sportshine","url":"https:\/\/www.sportshine.eu\/","logo":{"@type":"ImageObject","inLanguage":"de-AT","@id":"https:\/\/www.sportshine.eu\/#\/schema\/logo\/image\/","url":"https:\/\/www.sportshine.eu\/wp-content\/uploads\/2026\/01\/cropped-Sportshine.webp","contentUrl":"https:\/\/www.sportshine.eu\/wp-content\/uploads\/2026\/01\/cropped-Sportshine.webp","width":295,"height":128,"caption":"Sportshine"},"image":{"@id":"https:\/\/www.sportshine.eu\/#\/schema\/logo\/image\/"},"sameAs":["https:\/\/www.facebook.com\/sportshine.eu\/"]}]}},"_links":{"self":[{"href":"https:\/\/www.sportshine.eu\/de\/wp-json\/wp\/v2\/product\/6639","targetHints":{"allow":["GET"]}}],"collection":[{"href":"https:\/\/www.sportshine.eu\/de\/wp-json\/wp\/v2\/product"}],"about":[{"href":"https:\/\/www.sportshine.eu\/de\/wp-json\/wp\/v2\/types\/product"}],"replies":[{"embeddable":true,"href":"https:\/\/www.sportshine.eu\/de\/wp-json\/wp\/v2\/comments?post=6639"}],"version-history":[{"count":0,"href":"https:\/\/www.sportshine.eu\/de\/wp-json\/wp\/v2\/product\/6639\/revisions"}],"wp:featuredmedia":[{"embeddable":true,"href":"https:\/\/www.sportshine.eu\/de\/wp-json\/wp\/v2\/media\/5461"}],"wp:attachment":[{"href":"https:\/\/www.sportshine.eu\/de\/wp-json\/wp\/v2\/media?parent=6639"}],"wp:term":[{"taxonomy":"product_brand","embeddable":true,"href":"https:\/\/www.sportshine.eu\/de\/wp-json\/wp\/v2\/product_brand?post=6639"},{"taxonomy":"product_cat","embeddable":true,"href":"https:\/\/www.sportshine.eu\/de\/wp-json\/wp\/v2\/product_cat?post=6639"},{"taxonomy":"product_tag","embeddable":true,"href":"https:\/\/www.sportshine.eu\/de\/wp-json\/wp\/v2\/product_tag?post=6639"}],"curies":[{"name":"wp","href":"https:\/\/api.w.org\/{rel}","templated":true}]}}