{"id":6636,"date":"2025-07-07T08:59:07","date_gmt":"2025-07-07T08:59:07","guid":{"rendered":"https:\/\/www.sportshine.eu\/?post_type=product&#038;p=6636"},"modified":"2025-08-02T17:01:03","modified_gmt":"2025-08-02T17:01:03","slug":"helm-brn-corsaro-weis-rot","status":"publish","type":"product","link":"https:\/\/www.sportshine.eu\/de\/geschaft\/helm-brn-corsaro-weis-rot\/","title":{"rendered":"Helm BRN Corsaro wei\u00df\/rot"},"content":{"rendered":"<p>Der Brn Corsaro Fahrradhelm verf\u00fcgt \u00fcber ein voll verstellbares Drehverschlusssystem und 18 integrierte Bel\u00fcftungs\u00f6ffnungen f\u00fcr verbesserte Bel\u00fcftung und Komfort. Er wurde mit In-Mould-Technologie entwickelt und hergestellt und wiegt nur 210 Gramm. Geeignet f\u00fcr sicheres und komfortables Fahren auf der Stra\u00dfe und im Gel\u00e4nde. Er verf\u00fcgt \u00fcber ein Befestigungssystem mit verstellbarem Innenumfang mittels Drehknopf f\u00fcr optimalen Halt. Mit dem BRN Corsaro Helm sind Stil und Leistung immer garantiert.<\/p>\n<p>Merkmale:<\/p>\n<ul>\n<li>18 Bel\u00fcftungs\u00f6ffnungen erm\u00f6glichen einen gleichm\u00e4\u00dfigen Luftstrom durch den Helm<\/li>\n<li>In-Mold-Fertigungstechnologie<\/li>\n<li>Gewicht 210 Gramm<\/li>\n<li>Rotierendes Spannsystem<\/li>\n<\/ul>","protected":false},"excerpt":{"rendered":"<p>F\u00fcr alle, die das Rennradfahren lieben und nicht auf einen modernen und originellen Look verzichten m\u00f6chten, hat BRN das Modell Corsaro entworfen, einen Rennradhelm mit In-Mold-Technologie, einem verstellbaren System und einem Gewicht von nur 210 Gramm. Ein hochwertiger Rennradhelm mit attraktivem Design.<\/p>","protected":false},"featured_media":5452,"comment_status":"open","ping_status":"closed","template":"","meta":[],"product_brand":[],"product_cat":[111],"product_tag":[],"class_list":{"0":"post-6636","1":"product","2":"type-product","3":"status-publish","4":"has-post-thumbnail","6":"product_cat-cestne-kolesarske-celade","8":"first","9":"instock","10":"taxable","11":"shipping-taxable","12":"purchasable","13":"product-type-variable"},"yoast_head":"<!-- This site is optimized with the Yoast SEO plugin v27.3 - https:\/\/yoast.com\/product\/yoast-seo-wordpress\/ -->\n<title>\u010celada BRN Corsaro white\/red<\/title>\n<meta name=\"robots\" content=\"index, follow, max-snippet:-1, max-image-preview:large, max-video-preview:-1\" \/>\n<link rel=\"canonical\" href=\"https:\/\/www.sportshine.eu\/de\/geschaft\/helm-brn-corsaro-weis-rot\/\" \/>\n<meta property=\"og:locale\" content=\"de_DE\" \/>\n<meta property=\"og:type\" content=\"article\" \/>\n<meta property=\"og:title\" content=\"\u010celada BRN Corsaro white\/red\" \/>\n<meta property=\"og:description\" content=\"Za tiste, ki ljubite cestno kolesarjenje in ne \u017eelite opustiti modernega in izvirnega videza, je BRN oblikoval model Corsaro, \u010delado za cestno kolo, narejeno z In-Mold tehnologijo, nastavljivim sistemom in te\u017eo le 210 gramov. Kvalitetna cestna kolesarska \u010delada s privla\u010dnim dizajnom.\" \/>\n<meta property=\"og:url\" content=\"https:\/\/www.sportshine.eu\/de\/geschaft\/helm-brn-corsaro-weis-rot\/\" \/>\n<meta property=\"og:site_name\" content=\"Sportshine\" \/>\n<meta property=\"article:publisher\" content=\"https:\/\/www.facebook.com\/sportshine.eu\/\" \/>\n<meta property=\"article:modified_time\" content=\"2025-08-02T17:01:03+00:00\" \/>\n<meta property=\"og:image\" content=\"https:\/\/www.sportshine.eu\/wp-content\/uploads\/2025\/07\/Celada-BRN-Corsaro-whitered.webp\" \/>\n\t<meta property=\"og:image:width\" content=\"800\" \/>\n\t<meta property=\"og:image:height\" content=\"800\" \/>\n\t<meta property=\"og:image:type\" content=\"image\/webp\" \/>\n<meta name=\"twitter:card\" content=\"summary_large_image\" \/>\n<meta name=\"twitter:label1\" content=\"Gesch\u00e4tzte Lesezeit\" \/>\n\t<meta name=\"twitter:data1\" content=\"1 Minute\" \/>\n<script type=\"application\/ld+json\" class=\"yoast-schema-graph\">{\"@context\":\"https:\\\/\\\/schema.org\",\"@graph\":[{\"@type\":\"WebPage\",\"@id\":\"https:\\\/\\\/www.sportshine.eu\\\/trgovina\\\/celada-brn-corsaro-white-red\\\/\",\"url\":\"https:\\\/\\\/www.sportshine.eu\\\/trgovina\\\/celada-brn-corsaro-white-red\\\/\",\"name\":\"\u010celada BRN Corsaro white\\\/red\",\"isPartOf\":{\"@id\":\"https:\\\/\\\/www.sportshine.eu\\\/#website\"},\"primaryImageOfPage\":{\"@id\":\"https:\\\/\\\/www.sportshine.eu\\\/trgovina\\\/celada-brn-corsaro-white-red\\\/#primaryimage\"},\"image\":{\"@id\":\"https:\\\/\\\/www.sportshine.eu\\\/trgovina\\\/celada-brn-corsaro-white-red\\\/#primaryimage\"},\"thumbnailUrl\":\"https:\\\/\\\/www.sportshine.eu\\\/wp-content\\\/uploads\\\/2025\\\/07\\\/Celada-BRN-Corsaro-whitered.webp\",\"datePublished\":\"2025-07-07T08:59:07+00:00\",\"dateModified\":\"2025-08-02T17:01:03+00:00\",\"breadcrumb\":{\"@id\":\"https:\\\/\\\/www.sportshine.eu\\\/trgovina\\\/celada-brn-corsaro-white-red\\\/#breadcrumb\"},\"inLanguage\":\"de-AT\",\"potentialAction\":[{\"@type\":\"ReadAction\",\"target\":[\"https:\\\/\\\/www.sportshine.eu\\\/trgovina\\\/celada-brn-corsaro-white-red\\\/\"]}]},{\"@type\":\"ImageObject\",\"inLanguage\":\"de-AT\",\"@id\":\"https:\\\/\\\/www.sportshine.eu\\\/trgovina\\\/celada-brn-corsaro-white-red\\\/#primaryimage\",\"url\":\"https:\\\/\\\/www.sportshine.eu\\\/wp-content\\\/uploads\\\/2025\\\/07\\\/Celada-BRN-Corsaro-whitered.webp\",\"contentUrl\":\"https:\\\/\\\/www.sportshine.eu\\\/wp-content\\\/uploads\\\/2025\\\/07\\\/Celada-BRN-Corsaro-whitered.webp\",\"width\":800,\"height\":800},{\"@type\":\"BreadcrumbList\",\"@id\":\"https:\\\/\\\/www.sportshine.eu\\\/trgovina\\\/celada-brn-corsaro-white-red\\\/#breadcrumb\",\"itemListElement\":[{\"@type\":\"ListItem\",\"position\":1,\"name\":\"Home\",\"item\":\"https:\\\/\\\/www.sportshine.eu\\\/\"},{\"@type\":\"ListItem\",\"position\":2,\"name\":\"Trgovina\",\"item\":\"https:\\\/\\\/www.sportshine.eu\\\/trgovina\\\/\"},{\"@type\":\"ListItem\",\"position\":3,\"name\":\"\u010celada BRN Corsaro white\\\/red\"}]},{\"@type\":\"WebSite\",\"@id\":\"https:\\\/\\\/www.sportshine.eu\\\/#website\",\"url\":\"https:\\\/\\\/www.sportshine.eu\\\/\",\"name\":\"Sportshine\",\"description\":\"Top spletna trgovina kolesarskih in naglavnih svetilk ter opreme\",\"publisher\":{\"@id\":\"https:\\\/\\\/www.sportshine.eu\\\/#organization\"},\"potentialAction\":[{\"@type\":\"SearchAction\",\"target\":{\"@type\":\"EntryPoint\",\"urlTemplate\":\"https:\\\/\\\/www.sportshine.eu\\\/?s={search_term_string}\"},\"query-input\":{\"@type\":\"PropertyValueSpecification\",\"valueRequired\":true,\"valueName\":\"search_term_string\"}}],\"inLanguage\":\"de-AT\"},{\"@type\":\"Organization\",\"@id\":\"https:\\\/\\\/www.sportshine.eu\\\/#organization\",\"name\":\"Sportshine\",\"url\":\"https:\\\/\\\/www.sportshine.eu\\\/\",\"logo\":{\"@type\":\"ImageObject\",\"inLanguage\":\"de-AT\",\"@id\":\"https:\\\/\\\/www.sportshine.eu\\\/#\\\/schema\\\/logo\\\/image\\\/\",\"url\":\"https:\\\/\\\/www.sportshine.eu\\\/wp-content\\\/uploads\\\/2026\\\/01\\\/cropped-Sportshine.webp\",\"contentUrl\":\"https:\\\/\\\/www.sportshine.eu\\\/wp-content\\\/uploads\\\/2026\\\/01\\\/cropped-Sportshine.webp\",\"width\":295,\"height\":128,\"caption\":\"Sportshine\"},\"image\":{\"@id\":\"https:\\\/\\\/www.sportshine.eu\\\/#\\\/schema\\\/logo\\\/image\\\/\"},\"sameAs\":[\"https:\\\/\\\/www.facebook.com\\\/sportshine.eu\\\/\"]}]}<\/script>\n<!-- \/ Yoast SEO plugin. -->","yoast_head_json":{"title":"Helm BRN Corsaro wei\u00df\/rot","robots":{"index":"index","follow":"follow","max-snippet":"max-snippet:-1","max-image-preview":"max-image-preview:large","max-video-preview":"max-video-preview:-1"},"canonical":"https:\/\/www.sportshine.eu\/de\/geschaft\/helm-brn-corsaro-weis-rot\/","og_locale":"de_DE","og_type":"article","og_title":"\u010celada BRN Corsaro white\/red","og_description":"Za tiste, ki ljubite cestno kolesarjenje in ne \u017eelite opustiti modernega in izvirnega videza, je BRN oblikoval model Corsaro, \u010delado za cestno kolo, narejeno z In-Mold tehnologijo, nastavljivim sistemom in te\u017eo le 210 gramov. Kvalitetna cestna kolesarska \u010delada s privla\u010dnim dizajnom.","og_url":"https:\/\/www.sportshine.eu\/de\/geschaft\/helm-brn-corsaro-weis-rot\/","og_site_name":"Sportshine","article_publisher":"https:\/\/www.facebook.com\/sportshine.eu\/","article_modified_time":"2025-08-02T17:01:03+00:00","og_image":[{"width":800,"height":800,"url":"https:\/\/www.sportshine.eu\/wp-content\/uploads\/2025\/07\/Celada-BRN-Corsaro-whitered.webp","type":"image\/webp"}],"twitter_card":"summary_large_image","twitter_misc":{"Gesch\u00e4tzte Lesezeit":"1 Minute"},"schema":{"@context":"https:\/\/schema.org","@graph":[{"@type":"WebPage","@id":"https:\/\/www.sportshine.eu\/trgovina\/celada-brn-corsaro-white-red\/","url":"https:\/\/www.sportshine.eu\/trgovina\/celada-brn-corsaro-white-red\/","name":"Helm BRN Corsaro wei\u00df\/rot","isPartOf":{"@id":"https:\/\/www.sportshine.eu\/#website"},"primaryImageOfPage":{"@id":"https:\/\/www.sportshine.eu\/trgovina\/celada-brn-corsaro-white-red\/#primaryimage"},"image":{"@id":"https:\/\/www.sportshine.eu\/trgovina\/celada-brn-corsaro-white-red\/#primaryimage"},"thumbnailUrl":"https:\/\/www.sportshine.eu\/wp-content\/uploads\/2025\/07\/Celada-BRN-Corsaro-whitered.webp","datePublished":"2025-07-07T08:59:07+00:00","dateModified":"2025-08-02T17:01:03+00:00","breadcrumb":{"@id":"https:\/\/www.sportshine.eu\/trgovina\/celada-brn-corsaro-white-red\/#breadcrumb"},"inLanguage":"de-AT","potentialAction":[{"@type":"ReadAction","target":["https:\/\/www.sportshine.eu\/trgovina\/celada-brn-corsaro-white-red\/"]}]},{"@type":"ImageObject","inLanguage":"de-AT","@id":"https:\/\/www.sportshine.eu\/trgovina\/celada-brn-corsaro-white-red\/#primaryimage","url":"https:\/\/www.sportshine.eu\/wp-content\/uploads\/2025\/07\/Celada-BRN-Corsaro-whitered.webp","contentUrl":"https:\/\/www.sportshine.eu\/wp-content\/uploads\/2025\/07\/Celada-BRN-Corsaro-whitered.webp","width":800,"height":800},{"@type":"BreadcrumbList","@id":"https:\/\/www.sportshine.eu\/trgovina\/celada-brn-corsaro-white-red\/#breadcrumb","itemListElement":[{"@type":"ListItem","position":1,"name":"Home","item":"https:\/\/www.sportshine.eu\/"},{"@type":"ListItem","position":2,"name":"Trgovina","item":"https:\/\/www.sportshine.eu\/trgovina\/"},{"@type":"ListItem","position":3,"name":"\u010celada BRN Corsaro white\/red"}]},{"@type":"WebSite","@id":"https:\/\/www.sportshine.eu\/#website","url":"https:\/\/www.sportshine.eu\/","name":"Sportshine","description":"Top Online-Shop f\u00fcr Fahrrad- und Stirnlampen sowie Zubeh\u00f6r","publisher":{"@id":"https:\/\/www.sportshine.eu\/#organization"},"potentialAction":[{"@type":"SearchAction","target":{"@type":"EntryPoint","urlTemplate":"https:\/\/www.sportshine.eu\/?s={search_term_string}"},"query-input":{"@type":"PropertyValueSpecification","valueRequired":true,"valueName":"search_term_string"}}],"inLanguage":"de-AT"},{"@type":"Organization","@id":"https:\/\/www.sportshine.eu\/#organization","name":"Sportshine","url":"https:\/\/www.sportshine.eu\/","logo":{"@type":"ImageObject","inLanguage":"de-AT","@id":"https:\/\/www.sportshine.eu\/#\/schema\/logo\/image\/","url":"https:\/\/www.sportshine.eu\/wp-content\/uploads\/2026\/01\/cropped-Sportshine.webp","contentUrl":"https:\/\/www.sportshine.eu\/wp-content\/uploads\/2026\/01\/cropped-Sportshine.webp","width":295,"height":128,"caption":"Sportshine"},"image":{"@id":"https:\/\/www.sportshine.eu\/#\/schema\/logo\/image\/"},"sameAs":["https:\/\/www.facebook.com\/sportshine.eu\/"]}]}},"_links":{"self":[{"href":"https:\/\/www.sportshine.eu\/de\/wp-json\/wp\/v2\/product\/6636","targetHints":{"allow":["GET"]}}],"collection":[{"href":"https:\/\/www.sportshine.eu\/de\/wp-json\/wp\/v2\/product"}],"about":[{"href":"https:\/\/www.sportshine.eu\/de\/wp-json\/wp\/v2\/types\/product"}],"replies":[{"embeddable":true,"href":"https:\/\/www.sportshine.eu\/de\/wp-json\/wp\/v2\/comments?post=6636"}],"version-history":[{"count":0,"href":"https:\/\/www.sportshine.eu\/de\/wp-json\/wp\/v2\/product\/6636\/revisions"}],"wp:featuredmedia":[{"embeddable":true,"href":"https:\/\/www.sportshine.eu\/de\/wp-json\/wp\/v2\/media\/5452"}],"wp:attachment":[{"href":"https:\/\/www.sportshine.eu\/de\/wp-json\/wp\/v2\/media?parent=6636"}],"wp:term":[{"taxonomy":"product_brand","embeddable":true,"href":"https:\/\/www.sportshine.eu\/de\/wp-json\/wp\/v2\/product_brand?post=6636"},{"taxonomy":"product_cat","embeddable":true,"href":"https:\/\/www.sportshine.eu\/de\/wp-json\/wp\/v2\/product_cat?post=6636"},{"taxonomy":"product_tag","embeddable":true,"href":"https:\/\/www.sportshine.eu\/de\/wp-json\/wp\/v2\/product_tag?post=6636"}],"curies":[{"name":"wp","href":"https:\/\/api.w.org\/{rel}","templated":true}]}}