{"id":6634,"date":"2025-07-07T08:59:05","date_gmt":"2025-07-07T08:59:05","guid":{"rendered":"https:\/\/www.sportshine.eu\/?post_type=product&#038;p=6634"},"modified":"2025-08-02T17:01:23","modified_gmt":"2025-08-02T17:01:23","slug":"helm-brn-trick-lila","status":"publish","type":"product","link":"https:\/\/www.sportshine.eu\/de\/geschaft\/helm-brn-trick-lila\/","title":{"rendered":"Helm BRN Trick lila"},"content":{"rendered":"<p>Der BRN Trick Helm bietet optimalen Schutz und Komfort beim Fahren. Der Helm ist mit Technologie hergestellt <strong>In-Mold<\/strong>, was f\u00fcr Haltbarkeit und Leichtigkeit sorgt, da die \u00e4u\u00dfere Schicht des Helms mit dem inneren Schaumstoff verbunden ist. Dieser Prozess erm\u00f6glicht eine bessere Sto\u00dfd\u00e4mpfung und erh\u00f6hten Schutz.<\/p>\n<p>Der Helm hat <strong>CE-Zertifikat<\/strong>, was bedeutet, dass es streng definierte Sicherheitsstandards erf\u00fcllt und f\u00fcr den Einsatz auf dem europ\u00e4ischen Markt geeignet ist.<\/p>\n<p>Das Gewicht des Helmes betr\u00e4gt <strong>275 g<\/strong> (Gr\u00f6\u00dfe L) und geh\u00f6rt damit zu den leichteren Modellen, ideal f\u00fcr langes Tragen ohne Belastung des Nackens.<\/p>\n<p>F\u00fcr einen angenehmen Tragekomfort ist der Helm ausgestattet mit <strong>ROLLER-System<\/strong>, die eine einfache und schnelle Gr\u00f6\u00dfenanpassung erm\u00f6glicht. So k\u00f6nnen Sie den Helm einfach an Ihren Kopf anpassen und so einen sicheren und bequemen Sitz gew\u00e4hrleisten.<\/p>\n<p>Mit <strong>10 Bel\u00fcftungsl\u00f6cher<\/strong> Der Helm ist f\u00fcr eine hervorragende Bel\u00fcftung konzipiert. Die \u00d6ffnungen sorgen f\u00fcr eine gute Luftzirkulation und helfen, Ihren Kopf auch bei intensivsten Fahrten k\u00fchl und trocken zu halten.<\/p>","protected":false},"excerpt":{"rendered":"<p>\u010celada BRN Trick je\u00a0 zasnovana za zagotovitev optimalne za\u0161\u010dite in udobja med vo\u017enjo. \u010celada je izdelana s tehnologijo In-Mould, kar zagotavlja trpe\u017enost in lahkost, saj se zunanja plast \u010delade povezuje z notranjo peno. Ta proces omogo\u010da bolj\u0161o absorpcijo udarcev in pove\u010dano za\u0161\u010dito. \u010celada ima certifikat CE, kar pomeni, da ustreza strogo dolo\u010denim varnostnim standardom in [&hellip;]<\/p>\n","protected":false},"featured_media":5443,"comment_status":"open","ping_status":"closed","template":"","meta":[],"product_brand":[],"product_cat":[121,108],"product_tag":[],"class_list":{"0":"post-6634","1":"product","2":"type-product","3":"status-publish","4":"has-post-thumbnail","6":"product_cat-celade-za-skiro-in-rolerje","7":"product_cat-kolesarske-celade","9":"first","10":"instock","11":"taxable","12":"shipping-taxable","13":"purchasable","14":"product-type-variable"},"yoast_head":"<!-- This site is optimized with the Yoast SEO plugin v27.3 - https:\/\/yoast.com\/product\/yoast-seo-wordpress\/ -->\n<title>\u010celada BRN Trick lilac<\/title>\n<meta name=\"robots\" content=\"index, follow, max-snippet:-1, max-image-preview:large, max-video-preview:-1\" \/>\n<link rel=\"canonical\" href=\"https:\/\/www.sportshine.eu\/de\/geschaft\/helm-brn-trick-lila\/\" \/>\n<meta property=\"og:locale\" content=\"de_DE\" \/>\n<meta property=\"og:type\" content=\"article\" \/>\n<meta property=\"og:title\" content=\"\u010celada BRN Trick lilac\" \/>\n<meta property=\"og:description\" content=\"\u010celada BRN Trick je\u00a0 zasnovana za zagotovitev optimalne za\u0161\u010dite in udobja med vo\u017enjo. \u010celada je izdelana s tehnologijo In-Mould, kar zagotavlja trpe\u017enost in lahkost, saj se zunanja plast \u010delade povezuje z notranjo peno. Ta proces omogo\u010da bolj\u0161o absorpcijo udarcev in pove\u010dano za\u0161\u010dito. \u010celada ima certifikat CE, kar pomeni, da ustreza strogo dolo\u010denim varnostnim standardom in [&hellip;]\" \/>\n<meta property=\"og:url\" content=\"https:\/\/www.sportshine.eu\/de\/geschaft\/helm-brn-trick-lila\/\" \/>\n<meta property=\"og:site_name\" content=\"Sportshine\" \/>\n<meta property=\"article:publisher\" content=\"https:\/\/www.facebook.com\/sportshine.eu\/\" \/>\n<meta property=\"article:modified_time\" content=\"2025-08-02T17:01:23+00:00\" \/>\n<meta property=\"og:image\" content=\"https:\/\/www.sportshine.eu\/wp-content\/uploads\/2025\/07\/Celada-BRN-Trick-lilac.webp\" \/>\n\t<meta property=\"og:image:width\" content=\"800\" \/>\n\t<meta property=\"og:image:height\" content=\"800\" \/>\n\t<meta property=\"og:image:type\" content=\"image\/webp\" \/>\n<meta name=\"twitter:card\" content=\"summary_large_image\" \/>\n<meta name=\"twitter:label1\" content=\"Gesch\u00e4tzte Lesezeit\" \/>\n\t<meta name=\"twitter:data1\" content=\"1 Minute\" \/>\n<script type=\"application\/ld+json\" class=\"yoast-schema-graph\">{\"@context\":\"https:\\\/\\\/schema.org\",\"@graph\":[{\"@type\":\"WebPage\",\"@id\":\"https:\\\/\\\/www.sportshine.eu\\\/trgovina\\\/celada-brn-trick-lilac\\\/\",\"url\":\"https:\\\/\\\/www.sportshine.eu\\\/trgovina\\\/celada-brn-trick-lilac\\\/\",\"name\":\"\u010celada BRN Trick lilac\",\"isPartOf\":{\"@id\":\"https:\\\/\\\/www.sportshine.eu\\\/#website\"},\"primaryImageOfPage\":{\"@id\":\"https:\\\/\\\/www.sportshine.eu\\\/trgovina\\\/celada-brn-trick-lilac\\\/#primaryimage\"},\"image\":{\"@id\":\"https:\\\/\\\/www.sportshine.eu\\\/trgovina\\\/celada-brn-trick-lilac\\\/#primaryimage\"},\"thumbnailUrl\":\"https:\\\/\\\/www.sportshine.eu\\\/wp-content\\\/uploads\\\/2025\\\/07\\\/Celada-BRN-Trick-lilac.webp\",\"datePublished\":\"2025-07-07T08:59:05+00:00\",\"dateModified\":\"2025-08-02T17:01:23+00:00\",\"breadcrumb\":{\"@id\":\"https:\\\/\\\/www.sportshine.eu\\\/trgovina\\\/celada-brn-trick-lilac\\\/#breadcrumb\"},\"inLanguage\":\"de-AT\",\"potentialAction\":[{\"@type\":\"ReadAction\",\"target\":[\"https:\\\/\\\/www.sportshine.eu\\\/trgovina\\\/celada-brn-trick-lilac\\\/\"]}]},{\"@type\":\"ImageObject\",\"inLanguage\":\"de-AT\",\"@id\":\"https:\\\/\\\/www.sportshine.eu\\\/trgovina\\\/celada-brn-trick-lilac\\\/#primaryimage\",\"url\":\"https:\\\/\\\/www.sportshine.eu\\\/wp-content\\\/uploads\\\/2025\\\/07\\\/Celada-BRN-Trick-lilac.webp\",\"contentUrl\":\"https:\\\/\\\/www.sportshine.eu\\\/wp-content\\\/uploads\\\/2025\\\/07\\\/Celada-BRN-Trick-lilac.webp\",\"width\":800,\"height\":800},{\"@type\":\"BreadcrumbList\",\"@id\":\"https:\\\/\\\/www.sportshine.eu\\\/trgovina\\\/celada-brn-trick-lilac\\\/#breadcrumb\",\"itemListElement\":[{\"@type\":\"ListItem\",\"position\":1,\"name\":\"Home\",\"item\":\"https:\\\/\\\/www.sportshine.eu\\\/\"},{\"@type\":\"ListItem\",\"position\":2,\"name\":\"Trgovina\",\"item\":\"https:\\\/\\\/www.sportshine.eu\\\/trgovina\\\/\"},{\"@type\":\"ListItem\",\"position\":3,\"name\":\"\u010celada BRN Trick lilac\"}]},{\"@type\":\"WebSite\",\"@id\":\"https:\\\/\\\/www.sportshine.eu\\\/#website\",\"url\":\"https:\\\/\\\/www.sportshine.eu\\\/\",\"name\":\"Sportshine\",\"description\":\"Top spletna trgovina kolesarskih in naglavnih svetilk ter opreme\",\"publisher\":{\"@id\":\"https:\\\/\\\/www.sportshine.eu\\\/#organization\"},\"potentialAction\":[{\"@type\":\"SearchAction\",\"target\":{\"@type\":\"EntryPoint\",\"urlTemplate\":\"https:\\\/\\\/www.sportshine.eu\\\/?s={search_term_string}\"},\"query-input\":{\"@type\":\"PropertyValueSpecification\",\"valueRequired\":true,\"valueName\":\"search_term_string\"}}],\"inLanguage\":\"de-AT\"},{\"@type\":\"Organization\",\"@id\":\"https:\\\/\\\/www.sportshine.eu\\\/#organization\",\"name\":\"Sportshine\",\"url\":\"https:\\\/\\\/www.sportshine.eu\\\/\",\"logo\":{\"@type\":\"ImageObject\",\"inLanguage\":\"de-AT\",\"@id\":\"https:\\\/\\\/www.sportshine.eu\\\/#\\\/schema\\\/logo\\\/image\\\/\",\"url\":\"https:\\\/\\\/www.sportshine.eu\\\/wp-content\\\/uploads\\\/2026\\\/01\\\/cropped-Sportshine.webp\",\"contentUrl\":\"https:\\\/\\\/www.sportshine.eu\\\/wp-content\\\/uploads\\\/2026\\\/01\\\/cropped-Sportshine.webp\",\"width\":295,\"height\":128,\"caption\":\"Sportshine\"},\"image\":{\"@id\":\"https:\\\/\\\/www.sportshine.eu\\\/#\\\/schema\\\/logo\\\/image\\\/\"},\"sameAs\":[\"https:\\\/\\\/www.facebook.com\\\/sportshine.eu\\\/\"]}]}<\/script>\n<!-- \/ Yoast SEO plugin. -->","yoast_head_json":{"title":"Helm BRN Trick lila","robots":{"index":"index","follow":"follow","max-snippet":"max-snippet:-1","max-image-preview":"max-image-preview:large","max-video-preview":"max-video-preview:-1"},"canonical":"https:\/\/www.sportshine.eu\/de\/geschaft\/helm-brn-trick-lila\/","og_locale":"de_DE","og_type":"article","og_title":"\u010celada BRN Trick lilac","og_description":"\u010celada BRN Trick je\u00a0 zasnovana za zagotovitev optimalne za\u0161\u010dite in udobja med vo\u017enjo. \u010celada je izdelana s tehnologijo In-Mould, kar zagotavlja trpe\u017enost in lahkost, saj se zunanja plast \u010delade povezuje z notranjo peno. Ta proces omogo\u010da bolj\u0161o absorpcijo udarcev in pove\u010dano za\u0161\u010dito. \u010celada ima certifikat CE, kar pomeni, da ustreza strogo dolo\u010denim varnostnim standardom in [&hellip;]","og_url":"https:\/\/www.sportshine.eu\/de\/geschaft\/helm-brn-trick-lila\/","og_site_name":"Sportshine","article_publisher":"https:\/\/www.facebook.com\/sportshine.eu\/","article_modified_time":"2025-08-02T17:01:23+00:00","og_image":[{"width":800,"height":800,"url":"https:\/\/www.sportshine.eu\/wp-content\/uploads\/2025\/07\/Celada-BRN-Trick-lilac.webp","type":"image\/webp"}],"twitter_card":"summary_large_image","twitter_misc":{"Gesch\u00e4tzte Lesezeit":"1 Minute"},"schema":{"@context":"https:\/\/schema.org","@graph":[{"@type":"WebPage","@id":"https:\/\/www.sportshine.eu\/trgovina\/celada-brn-trick-lilac\/","url":"https:\/\/www.sportshine.eu\/trgovina\/celada-brn-trick-lilac\/","name":"Helm BRN Trick lila","isPartOf":{"@id":"https:\/\/www.sportshine.eu\/#website"},"primaryImageOfPage":{"@id":"https:\/\/www.sportshine.eu\/trgovina\/celada-brn-trick-lilac\/#primaryimage"},"image":{"@id":"https:\/\/www.sportshine.eu\/trgovina\/celada-brn-trick-lilac\/#primaryimage"},"thumbnailUrl":"https:\/\/www.sportshine.eu\/wp-content\/uploads\/2025\/07\/Celada-BRN-Trick-lilac.webp","datePublished":"2025-07-07T08:59:05+00:00","dateModified":"2025-08-02T17:01:23+00:00","breadcrumb":{"@id":"https:\/\/www.sportshine.eu\/trgovina\/celada-brn-trick-lilac\/#breadcrumb"},"inLanguage":"de-AT","potentialAction":[{"@type":"ReadAction","target":["https:\/\/www.sportshine.eu\/trgovina\/celada-brn-trick-lilac\/"]}]},{"@type":"ImageObject","inLanguage":"de-AT","@id":"https:\/\/www.sportshine.eu\/trgovina\/celada-brn-trick-lilac\/#primaryimage","url":"https:\/\/www.sportshine.eu\/wp-content\/uploads\/2025\/07\/Celada-BRN-Trick-lilac.webp","contentUrl":"https:\/\/www.sportshine.eu\/wp-content\/uploads\/2025\/07\/Celada-BRN-Trick-lilac.webp","width":800,"height":800},{"@type":"BreadcrumbList","@id":"https:\/\/www.sportshine.eu\/trgovina\/celada-brn-trick-lilac\/#breadcrumb","itemListElement":[{"@type":"ListItem","position":1,"name":"Home","item":"https:\/\/www.sportshine.eu\/"},{"@type":"ListItem","position":2,"name":"Trgovina","item":"https:\/\/www.sportshine.eu\/trgovina\/"},{"@type":"ListItem","position":3,"name":"\u010celada BRN Trick lilac"}]},{"@type":"WebSite","@id":"https:\/\/www.sportshine.eu\/#website","url":"https:\/\/www.sportshine.eu\/","name":"Sportshine","description":"Top Online-Shop f\u00fcr Fahrrad- und Stirnlampen sowie Zubeh\u00f6r","publisher":{"@id":"https:\/\/www.sportshine.eu\/#organization"},"potentialAction":[{"@type":"SearchAction","target":{"@type":"EntryPoint","urlTemplate":"https:\/\/www.sportshine.eu\/?s={search_term_string}"},"query-input":{"@type":"PropertyValueSpecification","valueRequired":true,"valueName":"search_term_string"}}],"inLanguage":"de-AT"},{"@type":"Organization","@id":"https:\/\/www.sportshine.eu\/#organization","name":"Sportshine","url":"https:\/\/www.sportshine.eu\/","logo":{"@type":"ImageObject","inLanguage":"de-AT","@id":"https:\/\/www.sportshine.eu\/#\/schema\/logo\/image\/","url":"https:\/\/www.sportshine.eu\/wp-content\/uploads\/2026\/01\/cropped-Sportshine.webp","contentUrl":"https:\/\/www.sportshine.eu\/wp-content\/uploads\/2026\/01\/cropped-Sportshine.webp","width":295,"height":128,"caption":"Sportshine"},"image":{"@id":"https:\/\/www.sportshine.eu\/#\/schema\/logo\/image\/"},"sameAs":["https:\/\/www.facebook.com\/sportshine.eu\/"]}]}},"_links":{"self":[{"href":"https:\/\/www.sportshine.eu\/de\/wp-json\/wp\/v2\/product\/6634","targetHints":{"allow":["GET"]}}],"collection":[{"href":"https:\/\/www.sportshine.eu\/de\/wp-json\/wp\/v2\/product"}],"about":[{"href":"https:\/\/www.sportshine.eu\/de\/wp-json\/wp\/v2\/types\/product"}],"replies":[{"embeddable":true,"href":"https:\/\/www.sportshine.eu\/de\/wp-json\/wp\/v2\/comments?post=6634"}],"version-history":[{"count":0,"href":"https:\/\/www.sportshine.eu\/de\/wp-json\/wp\/v2\/product\/6634\/revisions"}],"wp:featuredmedia":[{"embeddable":true,"href":"https:\/\/www.sportshine.eu\/de\/wp-json\/wp\/v2\/media\/5443"}],"wp:attachment":[{"href":"https:\/\/www.sportshine.eu\/de\/wp-json\/wp\/v2\/media?parent=6634"}],"wp:term":[{"taxonomy":"product_brand","embeddable":true,"href":"https:\/\/www.sportshine.eu\/de\/wp-json\/wp\/v2\/product_brand?post=6634"},{"taxonomy":"product_cat","embeddable":true,"href":"https:\/\/www.sportshine.eu\/de\/wp-json\/wp\/v2\/product_cat?post=6634"},{"taxonomy":"product_tag","embeddable":true,"href":"https:\/\/www.sportshine.eu\/de\/wp-json\/wp\/v2\/product_tag?post=6634"}],"curies":[{"name":"wp","href":"https:\/\/api.w.org\/{rel}","templated":true}]}}