{"id":6616,"date":"2025-07-07T08:55:44","date_gmt":"2025-07-07T08:55:44","guid":{"rendered":"https:\/\/www.sportshine.eu\/?post_type=product&#038;p=6616"},"modified":"2025-11-20T09:38:39","modified_gmt":"2025-11-20T09:38:39","slug":"kinderwagen-brn-flash-red","status":"publish","type":"product","link":"https:\/\/www.sportshine.eu\/de\/geschaft\/kinderwagen-brn-flash-red\/","title":{"rendered":"Kinderroller BRN FLASH RED"},"content":{"rendered":"<h3 style=\"text-align: center;\" data-start=\"33\" data-end=\"283\">ENTDECKEN SIE DIE WELT MIT VERTRAUEN<\/h3>\n<p>Das BRN Flash Kinderfahrzeug bietet dank seines robusten Rahmens und der integrierten Sto\u00dff\u00e4nger Sicherheit und Schutz. Eltern k\u00f6nnen beruhigt sein, denn ihre kleinen Entdecker sind bei jeder Fahrt sicher.<\/p>\n<p data-start=\"33\" data-end=\"283\"><img decoding=\"async\" class=\"aligncenter\" src=\"https:\/\/www.sportshine.eu\/originalstran\/wp-content\/uploads\/2025\/04\/otroski-poganjalcek-flash-e1743527925460.webp\" \/><\/p>\n<h3 style=\"text-align: center;\" data-start=\"285\" data-end=\"566\">SICHERES GLEICHGEWICHT AUF ZWEI R\u00c4DERN LERNEN<\/h3>\n<p class=\"\" data-start=\"285\" data-end=\"566\">Mit dem BRN Flash entwickeln Kinder auf nat\u00fcrliche und sichere Weise Gleichgewicht und Koordination. Da das Fahrrad keine Pedale hat, k\u00f6nnen sie sich ganz auf das Gleichgewicht konzentrieren, was den Umstieg auf ein klassisches Fahrrad erleichtert \u2013 ohne Angst vor schmerzhaften St\u00fcrzen.<\/p>\n<h3 style=\"text-align: center;\" data-start=\"568\" data-end=\"855\">UNBEGRENZTE ABENTEUER, ENDLOSER SPASS<\/h3>\n<p class=\"\" data-start=\"568\" data-end=\"855\">Von der Stra\u00dfe in den Park, vom Haus in den Garten \u2013 das BRN Flash gibt Kindern die Freiheit, die Welt um sie herum zu erkunden. Es sind keine Pedale erforderlich und das Fahrrad passt sich perfekt an ihr Wachstum und ihre F\u00e4higkeiten an. So wird jeder Tag zu einem aufregenden und sicheren Abenteuer.<\/p>\n<p><img decoding=\"async\" class=\"aligncenter wp-image-5368 size-full\" src=\"https:\/\/www.sportshine.eu\/wp-content\/uploads\/2025\/07\/Otroski-poganjalec-BRN-FLASH.webp\" alt=\"\" width=\"800\" height=\"800\" srcset=\"https:\/\/www.sportshine.eu\/wp-content\/uploads\/2025\/07\/Otroski-poganjalec-BRN-FLASH.webp 800w, https:\/\/www.sportshine.eu\/wp-content\/uploads\/2025\/07\/Otroski-poganjalec-BRN-FLASH-768x768.webp 768w, https:\/\/www.sportshine.eu\/wp-content\/uploads\/2025\/07\/Otroski-poganjalec-BRN-FLASH-600x600.webp 600w\" sizes=\"(max-width: 800px) 100vw, 800px\" \/><\/p>\n<p>&nbsp;<\/p>","protected":false},"excerpt":{"rendered":"<p>\u2705 Leichter Rahmen und Gabel aus Magnesiumlegierung<br data-start=\"913\" data-end=\"916\" \/>\u2705 Verstellbarer Sitz: 35 cm \/ 42 cm<br data-start=\"949\" data-end=\"952\" \/>\u2705 12 Zoll Reifen mit Schl\u00e4uchen<br data-start=\"981\" data-end=\"984\" \/>\u2705 Seitenst\u00e4nder inklusive<br data-start=\"1011\" data-end=\"1014\" \/>\u2705 Maximale Tragkraft: 30 kg<br data-start=\"1041\" data-end=\"1044\" \/>\u2705 Gewicht: 3 kg<\/p>","protected":false},"featured_media":5368,"comment_status":"open","ping_status":"closed","template":"","meta":[],"product_brand":[],"product_cat":[124],"product_tag":[],"class_list":{"0":"post-6616","1":"product","2":"type-product","3":"status-publish","4":"has-post-thumbnail","6":"product_cat-otroski-poganjalci","8":"first","9":"instock","10":"sale","11":"taxable","12":"shipping-taxable","13":"purchasable","14":"product-type-simple"},"yoast_head":"<!-- This site is optimized with the Yoast SEO plugin v27.3 - https:\/\/yoast.com\/product\/yoast-seo-wordpress\/ -->\n<title>Otro\u0161ki poganjalec BRN FLASH RED<\/title>\n<meta name=\"robots\" content=\"index, follow, max-snippet:-1, max-image-preview:large, max-video-preview:-1\" \/>\n<link rel=\"canonical\" href=\"https:\/\/www.sportshine.eu\/de\/geschaft\/kinderwagen-brn-flash-red\/\" \/>\n<meta property=\"og:locale\" content=\"de_DE\" \/>\n<meta property=\"og:type\" content=\"article\" \/>\n<meta property=\"og:title\" content=\"Otro\u0161ki poganjalec BRN FLASH RED\" \/>\n<meta property=\"og:description\" content=\"\u2705 Okvir in vilice iz lahke magnezijeve zlitine\u2705 Nastavljiv sede\u017e: 35 cm \/ 42 cm\u2705 12 col pnevmatike z zra\u010dnicami\u2705 Vklju\u010deno stransko stojalo\u2705 Najve\u010dja nosilnost: 30 kg\u2705 Te\u017ea: 3 kg\" \/>\n<meta property=\"og:url\" content=\"https:\/\/www.sportshine.eu\/de\/geschaft\/kinderwagen-brn-flash-red\/\" \/>\n<meta property=\"og:site_name\" content=\"Sportshine\" \/>\n<meta property=\"article:publisher\" content=\"https:\/\/www.facebook.com\/sportshine.eu\/\" \/>\n<meta property=\"article:modified_time\" content=\"2025-11-20T09:38:39+00:00\" \/>\n<meta property=\"og:image\" content=\"https:\/\/www.sportshine.eu\/wp-content\/uploads\/2025\/07\/Otroski-poganjalec-BRN-FLASH.webp\" \/>\n\t<meta property=\"og:image:width\" content=\"800\" \/>\n\t<meta property=\"og:image:height\" content=\"800\" \/>\n\t<meta property=\"og:image:type\" content=\"image\/webp\" \/>\n<meta name=\"twitter:card\" content=\"summary_large_image\" \/>\n<meta name=\"twitter:label1\" content=\"Gesch\u00e4tzte Lesezeit\" \/>\n\t<meta name=\"twitter:data1\" content=\"2 Minuten\" \/>\n<script type=\"application\/ld+json\" class=\"yoast-schema-graph\">{\"@context\":\"https:\\\/\\\/schema.org\",\"@graph\":[{\"@type\":\"WebPage\",\"@id\":\"https:\\\/\\\/www.sportshine.eu\\\/trgovina\\\/otroski-poganjalec-brn-flash-red\\\/\",\"url\":\"https:\\\/\\\/www.sportshine.eu\\\/trgovina\\\/otroski-poganjalec-brn-flash-red\\\/\",\"name\":\"Otro\u0161ki poganjalec BRN FLASH RED\",\"isPartOf\":{\"@id\":\"https:\\\/\\\/www.sportshine.eu\\\/#website\"},\"primaryImageOfPage\":{\"@id\":\"https:\\\/\\\/www.sportshine.eu\\\/trgovina\\\/otroski-poganjalec-brn-flash-red\\\/#primaryimage\"},\"image\":{\"@id\":\"https:\\\/\\\/www.sportshine.eu\\\/trgovina\\\/otroski-poganjalec-brn-flash-red\\\/#primaryimage\"},\"thumbnailUrl\":\"https:\\\/\\\/www.sportshine.eu\\\/wp-content\\\/uploads\\\/2025\\\/07\\\/Otroski-poganjalec-BRN-FLASH.webp\",\"datePublished\":\"2025-07-07T08:55:44+00:00\",\"dateModified\":\"2025-11-20T09:38:39+00:00\",\"breadcrumb\":{\"@id\":\"https:\\\/\\\/www.sportshine.eu\\\/trgovina\\\/otroski-poganjalec-brn-flash-red\\\/#breadcrumb\"},\"inLanguage\":\"de-AT\",\"potentialAction\":[{\"@type\":\"ReadAction\",\"target\":[\"https:\\\/\\\/www.sportshine.eu\\\/trgovina\\\/otroski-poganjalec-brn-flash-red\\\/\"]}]},{\"@type\":\"ImageObject\",\"inLanguage\":\"de-AT\",\"@id\":\"https:\\\/\\\/www.sportshine.eu\\\/trgovina\\\/otroski-poganjalec-brn-flash-red\\\/#primaryimage\",\"url\":\"https:\\\/\\\/www.sportshine.eu\\\/wp-content\\\/uploads\\\/2025\\\/07\\\/Otroski-poganjalec-BRN-FLASH.webp\",\"contentUrl\":\"https:\\\/\\\/www.sportshine.eu\\\/wp-content\\\/uploads\\\/2025\\\/07\\\/Otroski-poganjalec-BRN-FLASH.webp\",\"width\":800,\"height\":800},{\"@type\":\"BreadcrumbList\",\"@id\":\"https:\\\/\\\/www.sportshine.eu\\\/trgovina\\\/otroski-poganjalec-brn-flash-red\\\/#breadcrumb\",\"itemListElement\":[{\"@type\":\"ListItem\",\"position\":1,\"name\":\"Home\",\"item\":\"https:\\\/\\\/www.sportshine.eu\\\/\"},{\"@type\":\"ListItem\",\"position\":2,\"name\":\"Trgovina\",\"item\":\"https:\\\/\\\/www.sportshine.eu\\\/trgovina\\\/\"},{\"@type\":\"ListItem\",\"position\":3,\"name\":\"Otro\u0161ki poganjalec BRN FLASH RED\"}]},{\"@type\":\"WebSite\",\"@id\":\"https:\\\/\\\/www.sportshine.eu\\\/#website\",\"url\":\"https:\\\/\\\/www.sportshine.eu\\\/\",\"name\":\"Sportshine\",\"description\":\"Top spletna trgovina kolesarskih in naglavnih svetilk ter opreme\",\"publisher\":{\"@id\":\"https:\\\/\\\/www.sportshine.eu\\\/#organization\"},\"potentialAction\":[{\"@type\":\"SearchAction\",\"target\":{\"@type\":\"EntryPoint\",\"urlTemplate\":\"https:\\\/\\\/www.sportshine.eu\\\/?s={search_term_string}\"},\"query-input\":{\"@type\":\"PropertyValueSpecification\",\"valueRequired\":true,\"valueName\":\"search_term_string\"}}],\"inLanguage\":\"de-AT\"},{\"@type\":\"Organization\",\"@id\":\"https:\\\/\\\/www.sportshine.eu\\\/#organization\",\"name\":\"Sportshine\",\"url\":\"https:\\\/\\\/www.sportshine.eu\\\/\",\"logo\":{\"@type\":\"ImageObject\",\"inLanguage\":\"de-AT\",\"@id\":\"https:\\\/\\\/www.sportshine.eu\\\/#\\\/schema\\\/logo\\\/image\\\/\",\"url\":\"https:\\\/\\\/www.sportshine.eu\\\/wp-content\\\/uploads\\\/2026\\\/01\\\/cropped-Sportshine.webp\",\"contentUrl\":\"https:\\\/\\\/www.sportshine.eu\\\/wp-content\\\/uploads\\\/2026\\\/01\\\/cropped-Sportshine.webp\",\"width\":295,\"height\":128,\"caption\":\"Sportshine\"},\"image\":{\"@id\":\"https:\\\/\\\/www.sportshine.eu\\\/#\\\/schema\\\/logo\\\/image\\\/\"},\"sameAs\":[\"https:\\\/\\\/www.facebook.com\\\/sportshine.eu\\\/\"]}]}<\/script>\n<!-- \/ Yoast SEO plugin. -->","yoast_head_json":{"title":"Kinderroller BRN FLASH RED","robots":{"index":"index","follow":"follow","max-snippet":"max-snippet:-1","max-image-preview":"max-image-preview:large","max-video-preview":"max-video-preview:-1"},"canonical":"https:\/\/www.sportshine.eu\/de\/geschaft\/kinderwagen-brn-flash-red\/","og_locale":"de_DE","og_type":"article","og_title":"Otro\u0161ki poganjalec BRN FLASH RED","og_description":"\u2705 Okvir in vilice iz lahke magnezijeve zlitine\u2705 Nastavljiv sede\u017e: 35 cm \/ 42 cm\u2705 12 col pnevmatike z zra\u010dnicami\u2705 Vklju\u010deno stransko stojalo\u2705 Najve\u010dja nosilnost: 30 kg\u2705 Te\u017ea: 3 kg","og_url":"https:\/\/www.sportshine.eu\/de\/geschaft\/kinderwagen-brn-flash-red\/","og_site_name":"Sportshine","article_publisher":"https:\/\/www.facebook.com\/sportshine.eu\/","article_modified_time":"2025-11-20T09:38:39+00:00","og_image":[{"width":800,"height":800,"url":"https:\/\/www.sportshine.eu\/wp-content\/uploads\/2025\/07\/Otroski-poganjalec-BRN-FLASH.webp","type":"image\/webp"}],"twitter_card":"summary_large_image","twitter_misc":{"Gesch\u00e4tzte Lesezeit":"2 Minuten"},"schema":{"@context":"https:\/\/schema.org","@graph":[{"@type":"WebPage","@id":"https:\/\/www.sportshine.eu\/trgovina\/otroski-poganjalec-brn-flash-red\/","url":"https:\/\/www.sportshine.eu\/trgovina\/otroski-poganjalec-brn-flash-red\/","name":"Kinderroller BRN FLASH RED","isPartOf":{"@id":"https:\/\/www.sportshine.eu\/#website"},"primaryImageOfPage":{"@id":"https:\/\/www.sportshine.eu\/trgovina\/otroski-poganjalec-brn-flash-red\/#primaryimage"},"image":{"@id":"https:\/\/www.sportshine.eu\/trgovina\/otroski-poganjalec-brn-flash-red\/#primaryimage"},"thumbnailUrl":"https:\/\/www.sportshine.eu\/wp-content\/uploads\/2025\/07\/Otroski-poganjalec-BRN-FLASH.webp","datePublished":"2025-07-07T08:55:44+00:00","dateModified":"2025-11-20T09:38:39+00:00","breadcrumb":{"@id":"https:\/\/www.sportshine.eu\/trgovina\/otroski-poganjalec-brn-flash-red\/#breadcrumb"},"inLanguage":"de-AT","potentialAction":[{"@type":"ReadAction","target":["https:\/\/www.sportshine.eu\/trgovina\/otroski-poganjalec-brn-flash-red\/"]}]},{"@type":"ImageObject","inLanguage":"de-AT","@id":"https:\/\/www.sportshine.eu\/trgovina\/otroski-poganjalec-brn-flash-red\/#primaryimage","url":"https:\/\/www.sportshine.eu\/wp-content\/uploads\/2025\/07\/Otroski-poganjalec-BRN-FLASH.webp","contentUrl":"https:\/\/www.sportshine.eu\/wp-content\/uploads\/2025\/07\/Otroski-poganjalec-BRN-FLASH.webp","width":800,"height":800},{"@type":"BreadcrumbList","@id":"https:\/\/www.sportshine.eu\/trgovina\/otroski-poganjalec-brn-flash-red\/#breadcrumb","itemListElement":[{"@type":"ListItem","position":1,"name":"Home","item":"https:\/\/www.sportshine.eu\/"},{"@type":"ListItem","position":2,"name":"Trgovina","item":"https:\/\/www.sportshine.eu\/trgovina\/"},{"@type":"ListItem","position":3,"name":"Otro\u0161ki poganjalec BRN FLASH RED"}]},{"@type":"WebSite","@id":"https:\/\/www.sportshine.eu\/#website","url":"https:\/\/www.sportshine.eu\/","name":"Sportshine","description":"Top Online-Shop f\u00fcr Fahrrad- und Stirnlampen sowie Zubeh\u00f6r","publisher":{"@id":"https:\/\/www.sportshine.eu\/#organization"},"potentialAction":[{"@type":"SearchAction","target":{"@type":"EntryPoint","urlTemplate":"https:\/\/www.sportshine.eu\/?s={search_term_string}"},"query-input":{"@type":"PropertyValueSpecification","valueRequired":true,"valueName":"search_term_string"}}],"inLanguage":"de-AT"},{"@type":"Organization","@id":"https:\/\/www.sportshine.eu\/#organization","name":"Sportshine","url":"https:\/\/www.sportshine.eu\/","logo":{"@type":"ImageObject","inLanguage":"de-AT","@id":"https:\/\/www.sportshine.eu\/#\/schema\/logo\/image\/","url":"https:\/\/www.sportshine.eu\/wp-content\/uploads\/2026\/01\/cropped-Sportshine.webp","contentUrl":"https:\/\/www.sportshine.eu\/wp-content\/uploads\/2026\/01\/cropped-Sportshine.webp","width":295,"height":128,"caption":"Sportshine"},"image":{"@id":"https:\/\/www.sportshine.eu\/#\/schema\/logo\/image\/"},"sameAs":["https:\/\/www.facebook.com\/sportshine.eu\/"]}]}},"_links":{"self":[{"href":"https:\/\/www.sportshine.eu\/de\/wp-json\/wp\/v2\/product\/6616","targetHints":{"allow":["GET"]}}],"collection":[{"href":"https:\/\/www.sportshine.eu\/de\/wp-json\/wp\/v2\/product"}],"about":[{"href":"https:\/\/www.sportshine.eu\/de\/wp-json\/wp\/v2\/types\/product"}],"replies":[{"embeddable":true,"href":"https:\/\/www.sportshine.eu\/de\/wp-json\/wp\/v2\/comments?post=6616"}],"version-history":[{"count":0,"href":"https:\/\/www.sportshine.eu\/de\/wp-json\/wp\/v2\/product\/6616\/revisions"}],"wp:featuredmedia":[{"embeddable":true,"href":"https:\/\/www.sportshine.eu\/de\/wp-json\/wp\/v2\/media\/5368"}],"wp:attachment":[{"href":"https:\/\/www.sportshine.eu\/de\/wp-json\/wp\/v2\/media?parent=6616"}],"wp:term":[{"taxonomy":"product_brand","embeddable":true,"href":"https:\/\/www.sportshine.eu\/de\/wp-json\/wp\/v2\/product_brand?post=6616"},{"taxonomy":"product_cat","embeddable":true,"href":"https:\/\/www.sportshine.eu\/de\/wp-json\/wp\/v2\/product_cat?post=6616"},{"taxonomy":"product_tag","embeddable":true,"href":"https:\/\/www.sportshine.eu\/de\/wp-json\/wp\/v2\/product_tag?post=6616"}],"curies":[{"name":"wp","href":"https:\/\/api.w.org\/{rel}","templated":true}]}}