{"id":6613,"date":"2025-07-07T08:55:41","date_gmt":"2025-07-07T08:55:41","guid":{"rendered":"https:\/\/www.sportshine.eu\/?post_type=product&#038;p=6613"},"modified":"2025-08-02T17:06:36","modified_gmt":"2025-08-02T17:06:36","slug":"brn-trittfrequenz-fahrradsensor","status":"publish","type":"product","link":"https:\/\/www.sportshine.eu\/de\/geschaft\/brn-trittfrequenz-fahrradsensor\/","title":{"rendered":"BRN Trittfrequenzsensor"},"content":{"rendered":"<h3 style=\"text-align: center;\" data-start=\"77\" data-end=\"349\">MESSEN SIE IHRE LEISTUNG MIT DEM BRN-SENSOR: GENAUIGKEIT UND ZUVERL\u00c4SSIGKEIT AUF IHRER SEITE<\/h3>\n<p data-start=\"77\" data-end=\"349\">Wenn Sie leidenschaftlicher Radfahrer sind, wissen Sie, wie wichtig es ist, Ihre Leistung zu erfassen, um sich kontinuierlich zu verbessern. Der BRN Trittfrequenzsensor ist der perfekte Begleiter, um Ihre Ziele zu erreichen.<\/p>\n<h3 style=\"text-align: center;\" data-start=\"351\" data-end=\"990\">MODERNSTE TECHNOLOGIE F\u00dcR ANSPRUCHSVOLLE RADFAHRER<\/h3>\n<p class=\"\" data-start=\"351\" data-end=\"990\">Der BRN Trittfrequenzsensor ist mit einem integrierten G-Sensor und Autostart ausgestattet und somit jederzeit einsatzbereit. Sein sto\u00dffestes und wasserdichtes Geh\u00e4use mit IPX6-Schutz sorgt f\u00fcr Wetter- und Vibrationsbest\u00e4ndigkeit und macht ihn perfekt f\u00fcr jedes Gel\u00e4nde. Bluetooth 4.0 und ANT+ Konnektivit\u00e4t erm\u00f6glichen eine stabile und zuverl\u00e4ssige Daten\u00fcbertragung zu Ihrem Fahrradcomputer oder Smartphone. Die CR2032-Batterie sorgt f\u00fcr eine lange Akkulaufzeit, w\u00e4hrend das LED-Licht mit roten und gr\u00fcnen Anzeigen Ihnen sofortiges visuelles Feedback zu Ihrer Leistung gibt.<\/p>\n<h3 style=\"text-align: center;\" data-start=\"992\" data-end=\"1422\">EIN UNVERZICHTBARES ZUBEH\u00d6R F\u00dcR IHR TRAINING<\/h3>\n<p data-start=\"992\" data-end=\"1422\">Egal, ob Sie Profi-Radfahrer sind oder einfach nur Spa\u00df am Radfahren haben, der BRN Trittfrequenzsensor ist ein unverzichtbares Hilfsmittel zur Leistungssteigerung. Durch die \u00dcberwachung Ihrer Trittfrequenz k\u00f6nnen Sie Ihr Training optimieren, \u00dcberlastungen vorbeugen und das Verletzungsrisiko reduzieren. Dieser Sensor hilft Ihnen, Ihre Ziele zu erreichen, Ihre Grenzen zu \u00fcberschreiten und das Radfahren in vollen Z\u00fcgen zu genie\u00dfen.<\/p>","protected":false},"excerpt":{"rendered":"<p>\u2705 Eingebauter G-Sensor und automatischer Start<br data-start=\"1439\" data-end=\"1442\" \/>\u2705 Wasserdichtes und sto\u00dffestes Geh\u00e4use (IPX6)<br data-start=\"1490\" data-end=\"1493\" \/>\u2705 Bluetooth 4.0 und ANT+ Konnektivit\u00e4t<br data-start=\"1529\" data-end=\"1532\" \/>\u2705 CR2032 Batterie<br data-start=\"1549\" data-end=\"1552\" \/>\u2705 Betriebstemperatur: -10 bis 50 \u00b0C<br data-start=\"1591\" data-end=\"1594\" \/>\u2705 F\u00fchrungslicht: rote und gr\u00fcne Anzeige<br data-start=\"1634\" data-end=\"1637\" \/>\u2705 Zubeh\u00f6r: Ger\u00e4t, Batterie und Montagering<\/p>","protected":false},"featured_media":5365,"comment_status":"open","ping_status":"closed","template":"","meta":[],"product_brand":[],"product_cat":[94],"product_tag":[],"class_list":{"0":"post-6613","1":"product","2":"type-product","3":"status-publish","4":"has-post-thumbnail","6":"product_cat-kolesarski-stevci","8":"first","9":"instock","10":"taxable","11":"shipping-taxable","12":"purchasable","13":"product-type-simple"},"yoast_head":"<!-- This site is optimized with the Yoast SEO plugin v27.3 - https:\/\/yoast.com\/product\/yoast-seo-wordpress\/ -->\n<title>Kolesarski senzor za kadenco BRN<\/title>\n<meta name=\"robots\" content=\"index, follow, max-snippet:-1, max-image-preview:large, max-video-preview:-1\" \/>\n<link rel=\"canonical\" href=\"https:\/\/www.sportshine.eu\/de\/geschaft\/brn-trittfrequenz-fahrradsensor\/\" \/>\n<meta property=\"og:locale\" content=\"de_DE\" \/>\n<meta property=\"og:type\" content=\"article\" \/>\n<meta property=\"og:title\" content=\"Kolesarski senzor za kadenco BRN\" \/>\n<meta property=\"og:description\" content=\"\u2705 Vgrajen G-senzor in samodejni zagon\u2705 Vodoodporno in na udarce odporno ohi\u0161je (IPX6)\u2705 Povezljivost Bluetooth 4.0 in ANT+\u2705 Baterija CR2032\u2705 Obratovalna temperatura: -10 do 50 \u00b0C\u2705 Vodilna lu\u010dka: rde\u010d in zelen indikator\u2705 Dodatki: naprava, baterija in monta\u017eni obro\u010dek\" \/>\n<meta property=\"og:url\" content=\"https:\/\/www.sportshine.eu\/de\/geschaft\/brn-trittfrequenz-fahrradsensor\/\" \/>\n<meta property=\"og:site_name\" content=\"Sportshine\" \/>\n<meta property=\"article:publisher\" content=\"https:\/\/www.facebook.com\/sportshine.eu\/\" \/>\n<meta property=\"article:modified_time\" content=\"2025-08-02T17:06:36+00:00\" \/>\n<meta property=\"og:image\" content=\"https:\/\/www.sportshine.eu\/wp-content\/uploads\/2025\/07\/kolesarski-senzor-za-kadenco-BRN.webp\" \/>\n\t<meta property=\"og:image:width\" content=\"800\" \/>\n\t<meta property=\"og:image:height\" content=\"800\" \/>\n\t<meta property=\"og:image:type\" content=\"image\/webp\" \/>\n<meta name=\"twitter:card\" content=\"summary_large_image\" \/>\n<meta name=\"twitter:label1\" content=\"Gesch\u00e4tzte Lesezeit\" \/>\n\t<meta name=\"twitter:data1\" content=\"2 Minuten\" \/>\n<script type=\"application\/ld+json\" class=\"yoast-schema-graph\">{\"@context\":\"https:\\\/\\\/schema.org\",\"@graph\":[{\"@type\":\"WebPage\",\"@id\":\"https:\\\/\\\/www.sportshine.eu\\\/trgovina\\\/kolesarski-senzor-za-kadenco-brn\\\/\",\"url\":\"https:\\\/\\\/www.sportshine.eu\\\/trgovina\\\/kolesarski-senzor-za-kadenco-brn\\\/\",\"name\":\"Kolesarski senzor za kadenco BRN\",\"isPartOf\":{\"@id\":\"https:\\\/\\\/www.sportshine.eu\\\/#website\"},\"primaryImageOfPage\":{\"@id\":\"https:\\\/\\\/www.sportshine.eu\\\/trgovina\\\/kolesarski-senzor-za-kadenco-brn\\\/#primaryimage\"},\"image\":{\"@id\":\"https:\\\/\\\/www.sportshine.eu\\\/trgovina\\\/kolesarski-senzor-za-kadenco-brn\\\/#primaryimage\"},\"thumbnailUrl\":\"https:\\\/\\\/www.sportshine.eu\\\/wp-content\\\/uploads\\\/2025\\\/07\\\/kolesarski-senzor-za-kadenco-BRN.webp\",\"datePublished\":\"2025-07-07T08:55:41+00:00\",\"dateModified\":\"2025-08-02T17:06:36+00:00\",\"breadcrumb\":{\"@id\":\"https:\\\/\\\/www.sportshine.eu\\\/trgovina\\\/kolesarski-senzor-za-kadenco-brn\\\/#breadcrumb\"},\"inLanguage\":\"de-AT\",\"potentialAction\":[{\"@type\":\"ReadAction\",\"target\":[\"https:\\\/\\\/www.sportshine.eu\\\/trgovina\\\/kolesarski-senzor-za-kadenco-brn\\\/\"]}]},{\"@type\":\"ImageObject\",\"inLanguage\":\"de-AT\",\"@id\":\"https:\\\/\\\/www.sportshine.eu\\\/trgovina\\\/kolesarski-senzor-za-kadenco-brn\\\/#primaryimage\",\"url\":\"https:\\\/\\\/www.sportshine.eu\\\/wp-content\\\/uploads\\\/2025\\\/07\\\/kolesarski-senzor-za-kadenco-BRN.webp\",\"contentUrl\":\"https:\\\/\\\/www.sportshine.eu\\\/wp-content\\\/uploads\\\/2025\\\/07\\\/kolesarski-senzor-za-kadenco-BRN.webp\",\"width\":800,\"height\":800},{\"@type\":\"BreadcrumbList\",\"@id\":\"https:\\\/\\\/www.sportshine.eu\\\/trgovina\\\/kolesarski-senzor-za-kadenco-brn\\\/#breadcrumb\",\"itemListElement\":[{\"@type\":\"ListItem\",\"position\":1,\"name\":\"Home\",\"item\":\"https:\\\/\\\/www.sportshine.eu\\\/\"},{\"@type\":\"ListItem\",\"position\":2,\"name\":\"Trgovina\",\"item\":\"https:\\\/\\\/www.sportshine.eu\\\/trgovina\\\/\"},{\"@type\":\"ListItem\",\"position\":3,\"name\":\"Kolesarski senzor za kadenco BRN\"}]},{\"@type\":\"WebSite\",\"@id\":\"https:\\\/\\\/www.sportshine.eu\\\/#website\",\"url\":\"https:\\\/\\\/www.sportshine.eu\\\/\",\"name\":\"Sportshine\",\"description\":\"Top spletna trgovina kolesarskih in naglavnih svetilk ter opreme\",\"publisher\":{\"@id\":\"https:\\\/\\\/www.sportshine.eu\\\/#organization\"},\"potentialAction\":[{\"@type\":\"SearchAction\",\"target\":{\"@type\":\"EntryPoint\",\"urlTemplate\":\"https:\\\/\\\/www.sportshine.eu\\\/?s={search_term_string}\"},\"query-input\":{\"@type\":\"PropertyValueSpecification\",\"valueRequired\":true,\"valueName\":\"search_term_string\"}}],\"inLanguage\":\"de-AT\"},{\"@type\":\"Organization\",\"@id\":\"https:\\\/\\\/www.sportshine.eu\\\/#organization\",\"name\":\"Sportshine\",\"url\":\"https:\\\/\\\/www.sportshine.eu\\\/\",\"logo\":{\"@type\":\"ImageObject\",\"inLanguage\":\"de-AT\",\"@id\":\"https:\\\/\\\/www.sportshine.eu\\\/#\\\/schema\\\/logo\\\/image\\\/\",\"url\":\"https:\\\/\\\/www.sportshine.eu\\\/wp-content\\\/uploads\\\/2026\\\/01\\\/cropped-Sportshine.webp\",\"contentUrl\":\"https:\\\/\\\/www.sportshine.eu\\\/wp-content\\\/uploads\\\/2026\\\/01\\\/cropped-Sportshine.webp\",\"width\":295,\"height\":128,\"caption\":\"Sportshine\"},\"image\":{\"@id\":\"https:\\\/\\\/www.sportshine.eu\\\/#\\\/schema\\\/logo\\\/image\\\/\"},\"sameAs\":[\"https:\\\/\\\/www.facebook.com\\\/sportshine.eu\\\/\"]}]}<\/script>\n<!-- \/ Yoast SEO plugin. -->","yoast_head_json":{"title":"BRN Trittfrequenzsensor","robots":{"index":"index","follow":"follow","max-snippet":"max-snippet:-1","max-image-preview":"max-image-preview:large","max-video-preview":"max-video-preview:-1"},"canonical":"https:\/\/www.sportshine.eu\/de\/geschaft\/brn-trittfrequenz-fahrradsensor\/","og_locale":"de_DE","og_type":"article","og_title":"Kolesarski senzor za kadenco BRN","og_description":"\u2705 Vgrajen G-senzor in samodejni zagon\u2705 Vodoodporno in na udarce odporno ohi\u0161je (IPX6)\u2705 Povezljivost Bluetooth 4.0 in ANT+\u2705 Baterija CR2032\u2705 Obratovalna temperatura: -10 do 50 \u00b0C\u2705 Vodilna lu\u010dka: rde\u010d in zelen indikator\u2705 Dodatki: naprava, baterija in monta\u017eni obro\u010dek","og_url":"https:\/\/www.sportshine.eu\/de\/geschaft\/brn-trittfrequenz-fahrradsensor\/","og_site_name":"Sportshine","article_publisher":"https:\/\/www.facebook.com\/sportshine.eu\/","article_modified_time":"2025-08-02T17:06:36+00:00","og_image":[{"width":800,"height":800,"url":"https:\/\/www.sportshine.eu\/wp-content\/uploads\/2025\/07\/kolesarski-senzor-za-kadenco-BRN.webp","type":"image\/webp"}],"twitter_card":"summary_large_image","twitter_misc":{"Gesch\u00e4tzte Lesezeit":"2 Minuten"},"schema":{"@context":"https:\/\/schema.org","@graph":[{"@type":"WebPage","@id":"https:\/\/www.sportshine.eu\/trgovina\/kolesarski-senzor-za-kadenco-brn\/","url":"https:\/\/www.sportshine.eu\/trgovina\/kolesarski-senzor-za-kadenco-brn\/","name":"BRN Trittfrequenzsensor","isPartOf":{"@id":"https:\/\/www.sportshine.eu\/#website"},"primaryImageOfPage":{"@id":"https:\/\/www.sportshine.eu\/trgovina\/kolesarski-senzor-za-kadenco-brn\/#primaryimage"},"image":{"@id":"https:\/\/www.sportshine.eu\/trgovina\/kolesarski-senzor-za-kadenco-brn\/#primaryimage"},"thumbnailUrl":"https:\/\/www.sportshine.eu\/wp-content\/uploads\/2025\/07\/kolesarski-senzor-za-kadenco-BRN.webp","datePublished":"2025-07-07T08:55:41+00:00","dateModified":"2025-08-02T17:06:36+00:00","breadcrumb":{"@id":"https:\/\/www.sportshine.eu\/trgovina\/kolesarski-senzor-za-kadenco-brn\/#breadcrumb"},"inLanguage":"de-AT","potentialAction":[{"@type":"ReadAction","target":["https:\/\/www.sportshine.eu\/trgovina\/kolesarski-senzor-za-kadenco-brn\/"]}]},{"@type":"ImageObject","inLanguage":"de-AT","@id":"https:\/\/www.sportshine.eu\/trgovina\/kolesarski-senzor-za-kadenco-brn\/#primaryimage","url":"https:\/\/www.sportshine.eu\/wp-content\/uploads\/2025\/07\/kolesarski-senzor-za-kadenco-BRN.webp","contentUrl":"https:\/\/www.sportshine.eu\/wp-content\/uploads\/2025\/07\/kolesarski-senzor-za-kadenco-BRN.webp","width":800,"height":800},{"@type":"BreadcrumbList","@id":"https:\/\/www.sportshine.eu\/trgovina\/kolesarski-senzor-za-kadenco-brn\/#breadcrumb","itemListElement":[{"@type":"ListItem","position":1,"name":"Home","item":"https:\/\/www.sportshine.eu\/"},{"@type":"ListItem","position":2,"name":"Trgovina","item":"https:\/\/www.sportshine.eu\/trgovina\/"},{"@type":"ListItem","position":3,"name":"Kolesarski senzor za kadenco BRN"}]},{"@type":"WebSite","@id":"https:\/\/www.sportshine.eu\/#website","url":"https:\/\/www.sportshine.eu\/","name":"Sportshine","description":"Top Online-Shop f\u00fcr Fahrrad- und Stirnlampen sowie Zubeh\u00f6r","publisher":{"@id":"https:\/\/www.sportshine.eu\/#organization"},"potentialAction":[{"@type":"SearchAction","target":{"@type":"EntryPoint","urlTemplate":"https:\/\/www.sportshine.eu\/?s={search_term_string}"},"query-input":{"@type":"PropertyValueSpecification","valueRequired":true,"valueName":"search_term_string"}}],"inLanguage":"de-AT"},{"@type":"Organization","@id":"https:\/\/www.sportshine.eu\/#organization","name":"Sportshine","url":"https:\/\/www.sportshine.eu\/","logo":{"@type":"ImageObject","inLanguage":"de-AT","@id":"https:\/\/www.sportshine.eu\/#\/schema\/logo\/image\/","url":"https:\/\/www.sportshine.eu\/wp-content\/uploads\/2026\/01\/cropped-Sportshine.webp","contentUrl":"https:\/\/www.sportshine.eu\/wp-content\/uploads\/2026\/01\/cropped-Sportshine.webp","width":295,"height":128,"caption":"Sportshine"},"image":{"@id":"https:\/\/www.sportshine.eu\/#\/schema\/logo\/image\/"},"sameAs":["https:\/\/www.facebook.com\/sportshine.eu\/"]}]}},"_links":{"self":[{"href":"https:\/\/www.sportshine.eu\/de\/wp-json\/wp\/v2\/product\/6613","targetHints":{"allow":["GET"]}}],"collection":[{"href":"https:\/\/www.sportshine.eu\/de\/wp-json\/wp\/v2\/product"}],"about":[{"href":"https:\/\/www.sportshine.eu\/de\/wp-json\/wp\/v2\/types\/product"}],"replies":[{"embeddable":true,"href":"https:\/\/www.sportshine.eu\/de\/wp-json\/wp\/v2\/comments?post=6613"}],"version-history":[{"count":0,"href":"https:\/\/www.sportshine.eu\/de\/wp-json\/wp\/v2\/product\/6613\/revisions"}],"wp:featuredmedia":[{"embeddable":true,"href":"https:\/\/www.sportshine.eu\/de\/wp-json\/wp\/v2\/media\/5365"}],"wp:attachment":[{"href":"https:\/\/www.sportshine.eu\/de\/wp-json\/wp\/v2\/media?parent=6613"}],"wp:term":[{"taxonomy":"product_brand","embeddable":true,"href":"https:\/\/www.sportshine.eu\/de\/wp-json\/wp\/v2\/product_brand?post=6613"},{"taxonomy":"product_cat","embeddable":true,"href":"https:\/\/www.sportshine.eu\/de\/wp-json\/wp\/v2\/product_cat?post=6613"},{"taxonomy":"product_tag","embeddable":true,"href":"https:\/\/www.sportshine.eu\/de\/wp-json\/wp\/v2\/product_tag?post=6613"}],"curies":[{"name":"wp","href":"https:\/\/api.w.org\/{rel}","templated":true}]}}