{"id":6612,"date":"2025-07-07T08:55:40","date_gmt":"2025-07-07T08:55:40","guid":{"rendered":"https:\/\/www.sportshine.eu\/?post_type=product&#038;p=6612"},"modified":"2025-08-02T17:06:46","modified_gmt":"2025-08-02T17:06:46","slug":"fahrradgeschwindigkeitssensor-brn","status":"publish","type":"product","link":"https:\/\/www.sportshine.eu\/de\/geschaft\/fahrradgeschwindigkeitssensor-brn\/","title":{"rendered":"BRN Fahrrad-Geschwindigkeitssensor"},"content":{"rendered":"<h3>ERWEITERTE GESCHWINDIGKEITS\u00dcBERWACHUNG F\u00dcR ANSPRUCHSVOLLE RADFAHRER<\/h3>\n<p class=\"\" data-start=\"94\" data-end=\"802\">Der BRN Geschwindigkeitssensor ist der perfekte Begleiter f\u00fcr Radfahrer, die ihre Leistung pr\u00e4zise und zuverl\u00e4ssig messen m\u00f6chten. Ausgestattet mit einem integrierten G-Sensor und Autostart aktiviert sich das Ger\u00e4t, sobald Sie mit dem Treten beginnen, und liefert Ihnen pr\u00e4zise Geschwindigkeitsdaten in Echtzeit. Bluetooth 4.0 und ANT+ Konnektivit\u00e4t erm\u00f6glichen die Kompatibilit\u00e4t mit einer Vielzahl von Ger\u00e4ten, von Fahrradcomputern bis hin zu Herzfrequenzmessern, sodass Sie Geschwindigkeitsdaten problemlos mit anderen Trainingsdaten integrieren k\u00f6nnen. Ob Rennradfahrer, Mountainbiker oder Radreisender \u2013 der BRN Geschwindigkeitssensor hilft Ihnen, Ihre Ziele zu erreichen.<\/p>\n<h3 class=\"\" data-start=\"804\" data-end=\"850\">HALTBARKEIT UND ZUVERL\u00c4SSIGKEIT UNTER ALLEN BEDINGUNGEN<\/h3>\n<p class=\"\" data-start=\"851\" data-end=\"1539\">Der BRN Geschwindigkeitssensor wurde entwickelt, um alle Herausforderungen auf der Stra\u00dfe zu meistern. Er verf\u00fcgt \u00fcber ein robustes, sto\u00dffestes und wasserdichtes Geh\u00e4use mit IPX6-Schutz. Dieser Schutz macht ihn resistent gegen Regen, Schlamm und Staub und gew\u00e4hrleistet einen einwandfreien Betrieb auch unter h\u00e4rtesten Bedingungen. Die CR2032-Batterie sorgt f\u00fcr eine lange Lebensdauer, sodass Sie sich auf das Fahren konzentrieren k\u00f6nnen, ohne sich um h\u00e4ufige Batteriewechsel k\u00fcmmern zu m\u00fcssen. Eine Orientierungsleuchte mit roten und gr\u00fcnen Anzeigen zeigt Ihnen den Ger\u00e4testatus auf einen Blick. Mit einer Betriebstemperatur von -10 bis 50 \u00b0C ist der BRN-Sensor f\u00fcr alle Wetterbedingungen ger\u00fcstet. Im Lieferumfang ist alles enthalten, was Sie f\u00fcr ein sofortiges Training ben\u00f6tigen: Ger\u00e4t, Batterie und Montagering.<\/p>","protected":false},"excerpt":{"rendered":"<p>\u2705 Eingebauter G-Sensor und automatischer Start<br data-start=\"1594\" data-end=\"1597\" \/>\u2705 Wasserdichtes und sto\u00dffestes Geh\u00e4use (IPX6)<br data-start=\"1645\" data-end=\"1648\" \/>\u2705 Bluetooth 4.0 und ANT+ Konnektivit\u00e4t<br data-start=\"1684\" data-end=\"1687\" \/>\u2705 CR2032 Batterie<br data-start=\"1704\" data-end=\"1707\" \/>\u2705 Betriebstemperatur: -10 bis 50 \u00b0C<br data-start=\"1746\" data-end=\"1749\" \/>\u2705 F\u00fchrungslicht: rote und gr\u00fcne Anzeige<br data-start=\"1789\" data-end=\"1792\" \/>\u2705 Zubeh\u00f6r: Ger\u00e4t, Batterie und Montagering<\/p>","protected":false},"featured_media":5364,"comment_status":"open","ping_status":"closed","template":"","meta":[],"product_brand":[],"product_cat":[94],"product_tag":[],"class_list":{"0":"post-6612","1":"product","2":"type-product","3":"status-publish","4":"has-post-thumbnail","6":"product_cat-kolesarski-stevci","8":"first","9":"instock","10":"taxable","11":"shipping-taxable","12":"purchasable","13":"product-type-simple"},"yoast_head":"<!-- This site is optimized with the Yoast SEO plugin v27.3 - https:\/\/yoast.com\/product\/yoast-seo-wordpress\/ -->\n<title>Kolesarski senzor za hitrost BRN<\/title>\n<meta name=\"robots\" content=\"index, follow, max-snippet:-1, max-image-preview:large, max-video-preview:-1\" \/>\n<link rel=\"canonical\" href=\"https:\/\/www.sportshine.eu\/de\/geschaft\/fahrradgeschwindigkeitssensor-brn\/\" \/>\n<meta property=\"og:locale\" content=\"de_DE\" \/>\n<meta property=\"og:type\" content=\"article\" \/>\n<meta property=\"og:title\" content=\"Kolesarski senzor za hitrost BRN\" \/>\n<meta property=\"og:description\" content=\"\u2705 Vgrajen G-senzor in samodejni zagon\u2705 Vodoodporno in na udarce odporno ohi\u0161je (IPX6)\u2705 Povezljivost Bluetooth 4.0 in ANT+\u2705 Baterija CR2032\u2705 Obratovalna temperatura: -10 do 50 \u00b0C\u2705 Vodilna lu\u010dka: rde\u010d in zelen indikator\u2705 Dodatki: naprava, baterija in monta\u017eni obro\u010dek\" \/>\n<meta property=\"og:url\" content=\"https:\/\/www.sportshine.eu\/de\/geschaft\/fahrradgeschwindigkeitssensor-brn\/\" \/>\n<meta property=\"og:site_name\" content=\"Sportshine\" \/>\n<meta property=\"article:publisher\" content=\"https:\/\/www.facebook.com\/sportshine.eu\/\" \/>\n<meta property=\"article:modified_time\" content=\"2025-08-02T17:06:46+00:00\" \/>\n<meta property=\"og:image\" content=\"https:\/\/www.sportshine.eu\/wp-content\/uploads\/2025\/07\/Kolesarski-senzor-za-kadenco.webp\" \/>\n\t<meta property=\"og:image:width\" content=\"800\" \/>\n\t<meta property=\"og:image:height\" content=\"800\" \/>\n\t<meta property=\"og:image:type\" content=\"image\/webp\" \/>\n<meta name=\"twitter:card\" content=\"summary_large_image\" \/>\n<meta name=\"twitter:label1\" content=\"Gesch\u00e4tzte Lesezeit\" \/>\n\t<meta name=\"twitter:data1\" content=\"2 Minuten\" \/>\n<script type=\"application\/ld+json\" class=\"yoast-schema-graph\">{\"@context\":\"https:\\\/\\\/schema.org\",\"@graph\":[{\"@type\":\"WebPage\",\"@id\":\"https:\\\/\\\/www.sportshine.eu\\\/trgovina\\\/kolesarski-senzor-za-hitrost-brn\\\/\",\"url\":\"https:\\\/\\\/www.sportshine.eu\\\/trgovina\\\/kolesarski-senzor-za-hitrost-brn\\\/\",\"name\":\"Kolesarski senzor za hitrost BRN\",\"isPartOf\":{\"@id\":\"https:\\\/\\\/www.sportshine.eu\\\/#website\"},\"primaryImageOfPage\":{\"@id\":\"https:\\\/\\\/www.sportshine.eu\\\/trgovina\\\/kolesarski-senzor-za-hitrost-brn\\\/#primaryimage\"},\"image\":{\"@id\":\"https:\\\/\\\/www.sportshine.eu\\\/trgovina\\\/kolesarski-senzor-za-hitrost-brn\\\/#primaryimage\"},\"thumbnailUrl\":\"https:\\\/\\\/www.sportshine.eu\\\/wp-content\\\/uploads\\\/2025\\\/07\\\/Kolesarski-senzor-za-kadenco.webp\",\"datePublished\":\"2025-07-07T08:55:40+00:00\",\"dateModified\":\"2025-08-02T17:06:46+00:00\",\"breadcrumb\":{\"@id\":\"https:\\\/\\\/www.sportshine.eu\\\/trgovina\\\/kolesarski-senzor-za-hitrost-brn\\\/#breadcrumb\"},\"inLanguage\":\"de-AT\",\"potentialAction\":[{\"@type\":\"ReadAction\",\"target\":[\"https:\\\/\\\/www.sportshine.eu\\\/trgovina\\\/kolesarski-senzor-za-hitrost-brn\\\/\"]}]},{\"@type\":\"ImageObject\",\"inLanguage\":\"de-AT\",\"@id\":\"https:\\\/\\\/www.sportshine.eu\\\/trgovina\\\/kolesarski-senzor-za-hitrost-brn\\\/#primaryimage\",\"url\":\"https:\\\/\\\/www.sportshine.eu\\\/wp-content\\\/uploads\\\/2025\\\/07\\\/Kolesarski-senzor-za-kadenco.webp\",\"contentUrl\":\"https:\\\/\\\/www.sportshine.eu\\\/wp-content\\\/uploads\\\/2025\\\/07\\\/Kolesarski-senzor-za-kadenco.webp\",\"width\":800,\"height\":800},{\"@type\":\"BreadcrumbList\",\"@id\":\"https:\\\/\\\/www.sportshine.eu\\\/trgovina\\\/kolesarski-senzor-za-hitrost-brn\\\/#breadcrumb\",\"itemListElement\":[{\"@type\":\"ListItem\",\"position\":1,\"name\":\"Home\",\"item\":\"https:\\\/\\\/www.sportshine.eu\\\/\"},{\"@type\":\"ListItem\",\"position\":2,\"name\":\"Trgovina\",\"item\":\"https:\\\/\\\/www.sportshine.eu\\\/trgovina\\\/\"},{\"@type\":\"ListItem\",\"position\":3,\"name\":\"Kolesarski senzor za hitrost BRN\"}]},{\"@type\":\"WebSite\",\"@id\":\"https:\\\/\\\/www.sportshine.eu\\\/#website\",\"url\":\"https:\\\/\\\/www.sportshine.eu\\\/\",\"name\":\"Sportshine\",\"description\":\"Top spletna trgovina kolesarskih in naglavnih svetilk ter opreme\",\"publisher\":{\"@id\":\"https:\\\/\\\/www.sportshine.eu\\\/#organization\"},\"potentialAction\":[{\"@type\":\"SearchAction\",\"target\":{\"@type\":\"EntryPoint\",\"urlTemplate\":\"https:\\\/\\\/www.sportshine.eu\\\/?s={search_term_string}\"},\"query-input\":{\"@type\":\"PropertyValueSpecification\",\"valueRequired\":true,\"valueName\":\"search_term_string\"}}],\"inLanguage\":\"de-AT\"},{\"@type\":\"Organization\",\"@id\":\"https:\\\/\\\/www.sportshine.eu\\\/#organization\",\"name\":\"Sportshine\",\"url\":\"https:\\\/\\\/www.sportshine.eu\\\/\",\"logo\":{\"@type\":\"ImageObject\",\"inLanguage\":\"de-AT\",\"@id\":\"https:\\\/\\\/www.sportshine.eu\\\/#\\\/schema\\\/logo\\\/image\\\/\",\"url\":\"https:\\\/\\\/www.sportshine.eu\\\/wp-content\\\/uploads\\\/2026\\\/01\\\/cropped-Sportshine.webp\",\"contentUrl\":\"https:\\\/\\\/www.sportshine.eu\\\/wp-content\\\/uploads\\\/2026\\\/01\\\/cropped-Sportshine.webp\",\"width\":295,\"height\":128,\"caption\":\"Sportshine\"},\"image\":{\"@id\":\"https:\\\/\\\/www.sportshine.eu\\\/#\\\/schema\\\/logo\\\/image\\\/\"},\"sameAs\":[\"https:\\\/\\\/www.facebook.com\\\/sportshine.eu\\\/\"]}]}<\/script>\n<!-- \/ Yoast SEO plugin. -->","yoast_head_json":{"title":"BRN Fahrrad-Geschwindigkeitssensor","robots":{"index":"index","follow":"follow","max-snippet":"max-snippet:-1","max-image-preview":"max-image-preview:large","max-video-preview":"max-video-preview:-1"},"canonical":"https:\/\/www.sportshine.eu\/de\/geschaft\/fahrradgeschwindigkeitssensor-brn\/","og_locale":"de_DE","og_type":"article","og_title":"Kolesarski senzor za hitrost BRN","og_description":"\u2705 Vgrajen G-senzor in samodejni zagon\u2705 Vodoodporno in na udarce odporno ohi\u0161je (IPX6)\u2705 Povezljivost Bluetooth 4.0 in ANT+\u2705 Baterija CR2032\u2705 Obratovalna temperatura: -10 do 50 \u00b0C\u2705 Vodilna lu\u010dka: rde\u010d in zelen indikator\u2705 Dodatki: naprava, baterija in monta\u017eni obro\u010dek","og_url":"https:\/\/www.sportshine.eu\/de\/geschaft\/fahrradgeschwindigkeitssensor-brn\/","og_site_name":"Sportshine","article_publisher":"https:\/\/www.facebook.com\/sportshine.eu\/","article_modified_time":"2025-08-02T17:06:46+00:00","og_image":[{"width":800,"height":800,"url":"https:\/\/www.sportshine.eu\/wp-content\/uploads\/2025\/07\/Kolesarski-senzor-za-kadenco.webp","type":"image\/webp"}],"twitter_card":"summary_large_image","twitter_misc":{"Gesch\u00e4tzte Lesezeit":"2 Minuten"},"schema":{"@context":"https:\/\/schema.org","@graph":[{"@type":"WebPage","@id":"https:\/\/www.sportshine.eu\/trgovina\/kolesarski-senzor-za-hitrost-brn\/","url":"https:\/\/www.sportshine.eu\/trgovina\/kolesarski-senzor-za-hitrost-brn\/","name":"BRN Fahrrad-Geschwindigkeitssensor","isPartOf":{"@id":"https:\/\/www.sportshine.eu\/#website"},"primaryImageOfPage":{"@id":"https:\/\/www.sportshine.eu\/trgovina\/kolesarski-senzor-za-hitrost-brn\/#primaryimage"},"image":{"@id":"https:\/\/www.sportshine.eu\/trgovina\/kolesarski-senzor-za-hitrost-brn\/#primaryimage"},"thumbnailUrl":"https:\/\/www.sportshine.eu\/wp-content\/uploads\/2025\/07\/Kolesarski-senzor-za-kadenco.webp","datePublished":"2025-07-07T08:55:40+00:00","dateModified":"2025-08-02T17:06:46+00:00","breadcrumb":{"@id":"https:\/\/www.sportshine.eu\/trgovina\/kolesarski-senzor-za-hitrost-brn\/#breadcrumb"},"inLanguage":"de-AT","potentialAction":[{"@type":"ReadAction","target":["https:\/\/www.sportshine.eu\/trgovina\/kolesarski-senzor-za-hitrost-brn\/"]}]},{"@type":"ImageObject","inLanguage":"de-AT","@id":"https:\/\/www.sportshine.eu\/trgovina\/kolesarski-senzor-za-hitrost-brn\/#primaryimage","url":"https:\/\/www.sportshine.eu\/wp-content\/uploads\/2025\/07\/Kolesarski-senzor-za-kadenco.webp","contentUrl":"https:\/\/www.sportshine.eu\/wp-content\/uploads\/2025\/07\/Kolesarski-senzor-za-kadenco.webp","width":800,"height":800},{"@type":"BreadcrumbList","@id":"https:\/\/www.sportshine.eu\/trgovina\/kolesarski-senzor-za-hitrost-brn\/#breadcrumb","itemListElement":[{"@type":"ListItem","position":1,"name":"Home","item":"https:\/\/www.sportshine.eu\/"},{"@type":"ListItem","position":2,"name":"Trgovina","item":"https:\/\/www.sportshine.eu\/trgovina\/"},{"@type":"ListItem","position":3,"name":"Kolesarski senzor za hitrost BRN"}]},{"@type":"WebSite","@id":"https:\/\/www.sportshine.eu\/#website","url":"https:\/\/www.sportshine.eu\/","name":"Sportshine","description":"Top Online-Shop f\u00fcr Fahrrad- und Stirnlampen sowie Zubeh\u00f6r","publisher":{"@id":"https:\/\/www.sportshine.eu\/#organization"},"potentialAction":[{"@type":"SearchAction","target":{"@type":"EntryPoint","urlTemplate":"https:\/\/www.sportshine.eu\/?s={search_term_string}"},"query-input":{"@type":"PropertyValueSpecification","valueRequired":true,"valueName":"search_term_string"}}],"inLanguage":"de-AT"},{"@type":"Organization","@id":"https:\/\/www.sportshine.eu\/#organization","name":"Sportshine","url":"https:\/\/www.sportshine.eu\/","logo":{"@type":"ImageObject","inLanguage":"de-AT","@id":"https:\/\/www.sportshine.eu\/#\/schema\/logo\/image\/","url":"https:\/\/www.sportshine.eu\/wp-content\/uploads\/2026\/01\/cropped-Sportshine.webp","contentUrl":"https:\/\/www.sportshine.eu\/wp-content\/uploads\/2026\/01\/cropped-Sportshine.webp","width":295,"height":128,"caption":"Sportshine"},"image":{"@id":"https:\/\/www.sportshine.eu\/#\/schema\/logo\/image\/"},"sameAs":["https:\/\/www.facebook.com\/sportshine.eu\/"]}]}},"_links":{"self":[{"href":"https:\/\/www.sportshine.eu\/de\/wp-json\/wp\/v2\/product\/6612","targetHints":{"allow":["GET"]}}],"collection":[{"href":"https:\/\/www.sportshine.eu\/de\/wp-json\/wp\/v2\/product"}],"about":[{"href":"https:\/\/www.sportshine.eu\/de\/wp-json\/wp\/v2\/types\/product"}],"replies":[{"embeddable":true,"href":"https:\/\/www.sportshine.eu\/de\/wp-json\/wp\/v2\/comments?post=6612"}],"version-history":[{"count":0,"href":"https:\/\/www.sportshine.eu\/de\/wp-json\/wp\/v2\/product\/6612\/revisions"}],"wp:featuredmedia":[{"embeddable":true,"href":"https:\/\/www.sportshine.eu\/de\/wp-json\/wp\/v2\/media\/5364"}],"wp:attachment":[{"href":"https:\/\/www.sportshine.eu\/de\/wp-json\/wp\/v2\/media?parent=6612"}],"wp:term":[{"taxonomy":"product_brand","embeddable":true,"href":"https:\/\/www.sportshine.eu\/de\/wp-json\/wp\/v2\/product_brand?post=6612"},{"taxonomy":"product_cat","embeddable":true,"href":"https:\/\/www.sportshine.eu\/de\/wp-json\/wp\/v2\/product_cat?post=6612"},{"taxonomy":"product_tag","embeddable":true,"href":"https:\/\/www.sportshine.eu\/de\/wp-json\/wp\/v2\/product_tag?post=6612"}],"curies":[{"name":"wp","href":"https:\/\/api.w.org\/{rel}","templated":true}]}}