{"id":6540,"date":"2025-07-05T21:48:56","date_gmt":"2025-07-05T21:48:56","guid":{"rendered":"https:\/\/www.sportshine.eu\/?post_type=product&#038;p=6540"},"modified":"2025-10-20T18:21:11","modified_gmt":"2025-10-20T18:21:11","slug":"nitecore-ut27-pro-stirnlampe","status":"publish","type":"product","link":"https:\/\/www.sportshine.eu\/de\/geschaft\/nitecore-ut27-pro-stirnlampe\/","title":{"rendered":"NITECORE UT27 PRO Stirnlampe"},"content":{"rendered":"<h3 style=\"text-align: center;\">TrueVision+ TECHNOLOGIE<\/h3>\n<p style=\"text-align: center;\">Dank der TrueVision-Technologie und einem mehrschichtigen Doppellinsensystem kann das Licht der UT27 \u00fcber sehr gro\u00dfe Entfernungen verteilt werden und bietet gleichzeitig eine weite Sicht. Das Licht ist gleichm\u00e4\u00dfig und weich, was die Augenbelastung bei l\u00e4ngerem Gebrauch verringert.<\/p>\n<p><img decoding=\"async\" class=\"aligncenter wp-image-6566 size-full\" src=\"https:\/\/www.sportshine.eu\/wp-content\/uploads\/2025\/07\/tekaska-svetilka-nitecore-ut27-1.webp\" alt=\"\" width=\"800\" height=\"800\" srcset=\"https:\/\/www.sportshine.eu\/wp-content\/uploads\/2025\/07\/tekaska-svetilka-nitecore-ut27-1.webp 800w, https:\/\/www.sportshine.eu\/wp-content\/uploads\/2025\/07\/tekaska-svetilka-nitecore-ut27-1-768x768.webp 768w, https:\/\/www.sportshine.eu\/wp-content\/uploads\/2025\/07\/tekaska-svetilka-nitecore-ut27-1-600x600.webp 600w\" sizes=\"(max-width: 800px) 100vw, 800px\" \/><\/p>\n<p>&nbsp;<\/p>\n<h3 style=\"text-align: center;\">VIDEOPR\u00c4SENTATION DER NITECORE UT27-STIRNLEUCHTE<\/h3>\n<p><iframe loading=\"lazy\" title=\"Perfekte Wahl f\u00fcr professionelle Trailrunner \u2013 ultraleichte Dual Beam Elite-Stirnlampe \u2013 NITECORE UT27 800L\" width=\"500\" height=\"281\" src=\"https:\/\/www.youtube.com\/embed\/WH4GM5m-KPg?feature=oembed\" frameborder=\"0\" allow=\"accelerometer; autoplay; clipboard-write; encrypted-media; gyroscope; picture-in-picture; web-share\" referrerpolicy=\"strict-origin-when-cross-origin\" allowfullscreen><\/iframe><\/p>\n<p>&nbsp;<\/p>\n<h3 style=\"text-align: center;\">EXTREM LEICHTE STIRNLAMPE<\/h3>\n<p style=\"text-align: center;\">Das neue Modell UT27, mit mehr Leistung als sein Vorg\u00e4nger und Verbesserungen an der Lampenlinse selbst, wiegt immer noch nur 74 g (einschlie\u00dflich der mitgelieferten Halterung, des Kopfbands und der Batterie).<\/p>\n<p><img decoding=\"async\" class=\"wp-image-7123 size-full aligncenter\" src=\"https:\/\/www.sportshine.eu\/wp-content\/uploads\/2025\/07\/tekaska-naglavna-svetilka-UT27.webp\" alt=\"Lauf-Stirnlampe-UT27\" width=\"800\" height=\"800\" srcset=\"https:\/\/www.sportshine.eu\/wp-content\/uploads\/2025\/07\/tekaska-naglavna-svetilka-UT27.webp 800w, https:\/\/www.sportshine.eu\/wp-content\/uploads\/2025\/07\/tekaska-naglavna-svetilka-UT27-768x768.webp 768w, https:\/\/www.sportshine.eu\/wp-content\/uploads\/2025\/07\/tekaska-naglavna-svetilka-UT27-600x600.webp 600w\" sizes=\"(max-width: 800px) 100vw, 800px\" \/><\/p>\n<h3 style=\"text-align: center;\">IDEAL F\u00dcR CAMPING<\/h3>\n<p style=\"text-align: center;\">Werden Sie kreativ und verwandeln Sie Ihre Stirnlampe mit der mitgelieferten Tragetasche in eine Campingleuchte oder Umgebungsbeleuchtung.<\/p>\n<p><img decoding=\"async\" class=\"aligncenter wp-image-7124 size-full\" src=\"https:\/\/www.sportshine.eu\/wp-content\/uploads\/2025\/07\/Nitecore-ut27-kampiranje.webp\" alt=\"Nitecore-ut27-camping\" width=\"588\" height=\"720\" \/><\/p>\n<h3 style=\"text-align: center;\">WEISSES LICHT + WARMES LICHT<\/h3>\n<p style=\"text-align: center;\">Beide LED-Lampen bieten einen kombinierten Licht- und Fernlichteffekt.<\/p>\n<p>&nbsp;<\/p>\n<p><img decoding=\"async\" class=\"aligncenter wp-image-16648\" src=\"https:\/\/www.sportshine.eu\/originalstran\/wp-content\/uploads\/2022\/04\/Nitecore-ut27.webp\" alt=\"\" width=\"800\" height=\"450\" \/><\/p>\n<h3 style=\"text-align: center;\">DOPPELTE STROMQUELLE<\/h3>\n<p style=\"text-align: center;\">Zus\u00e4tzlich zur Taschenlampe erhalten Sie zwei Akkus (1300 mAh Kapazit\u00e4t), die \u00fcber 500 Ladezyklen erm\u00f6glichen. F\u00fcr einen noch l\u00e4ngeren Betrieb der Taschenlampe k\u00f6nnen Sie zus\u00e4tzlich 3*AAA-Batterien in die Taschenlampe einsetzen.<\/p>\n<p><img decoding=\"async\" class=\"aligncenter wp-image-7126 size-full\" src=\"https:\/\/www.sportshine.eu\/wp-content\/uploads\/2025\/07\/tekaska-celna-svetilka-Nitecore-UT27-2.webp\" alt=\"Lauf-Stirnlampe-Nitecore-UT27\" width=\"800\" height=\"800\" srcset=\"https:\/\/www.sportshine.eu\/wp-content\/uploads\/2025\/07\/tekaska-celna-svetilka-Nitecore-UT27-2.webp 800w, https:\/\/www.sportshine.eu\/wp-content\/uploads\/2025\/07\/tekaska-celna-svetilka-Nitecore-UT27-2-768x768.webp 768w, https:\/\/www.sportshine.eu\/wp-content\/uploads\/2025\/07\/tekaska-celna-svetilka-Nitecore-UT27-2-600x600.webp 600w\" sizes=\"(max-width: 800px) 100vw, 800px\" \/><\/p>\n<p>&nbsp;<\/p>\n<h3 style=\"text-align: center;\">NITECORE UT27<\/h3>\n<p style=\"text-align: center;\">Die Stirnlampe verf\u00fcgt \u00fcber einen 90-Grad-Lichtstrahlwinkel, ein vollst\u00e4ndig zu \u00f6ffnendes Batteriefach und eine Verriegelungsfunktion.<\/p>\n<p><img decoding=\"async\" class=\"aligncenter wp-image-7127\" src=\"https:\/\/www.sportshine.eu\/wp-content\/uploads\/2025\/07\/Celna-svetilka-4.webp\" alt=\"Scheinwerfer\" width=\"800\" height=\"450\" srcset=\"https:\/\/www.sportshine.eu\/wp-content\/uploads\/2025\/07\/Celna-svetilka-4-768x432.webp 768w, https:\/\/www.sportshine.eu\/wp-content\/uploads\/2025\/07\/Celna-svetilka-4-600x338.webp 600w\" sizes=\"(max-width: 800px) 100vw, 800px\" \/><\/p>\n<p>&nbsp;<\/p>\n<h3 style=\"text-align: center;\">EINGEBAUTES ROTES LICHT<\/h3>\n<p style=\"text-align: center;\">Ideal f\u00fcr Notfallma\u00dfnahmen, Warnungen und andere Anwendungen.<\/p>\n<p><img decoding=\"async\" class=\"aligncenter wp-image-7129 size-full\" src=\"https:\/\/www.sportshine.eu\/wp-content\/uploads\/2025\/07\/tekaska-celna-svetilka-Nitecore-1.webp\" alt=\"\" width=\"800\" height=\"800\" srcset=\"https:\/\/www.sportshine.eu\/wp-content\/uploads\/2025\/07\/tekaska-celna-svetilka-Nitecore-1.webp 800w, https:\/\/www.sportshine.eu\/wp-content\/uploads\/2025\/07\/tekaska-celna-svetilka-Nitecore-1-768x768.webp 768w, https:\/\/www.sportshine.eu\/wp-content\/uploads\/2025\/07\/tekaska-celna-svetilka-Nitecore-1-600x600.webp 600w\" sizes=\"(max-width: 800px) 100vw, 800px\" \/><\/p>\n<p>&nbsp;<\/p>\n<p>&nbsp;<\/p>\n<h3 style=\"text-align: center;\">EXTREM HOCHWERTIGES UND KOMFORTABLES KOPFBAND<\/h3>\n<p style=\"text-align: center;\">Das Stirnband wurde durch eine neue Webstruktur verbessert, die es elastischer und atmungsaktiver macht. Es bleibt stabil auf dem Kopf, leitet Schwei\u00df ab und sorgt f\u00fcr Komfort beim l\u00e4ngeren Tragen.<\/p>\n<p><img decoding=\"async\" class=\"aligncenter wp-image-7130 size-full\" src=\"https:\/\/www.sportshine.eu\/wp-content\/uploads\/2025\/07\/tekaska-naglavna-svetilka-Nitecore-UT27-3.webp\" alt=\"Lauf-Stirnlampe-Nitecore-UT27-3\" width=\"800\" height=\"800\" srcset=\"https:\/\/www.sportshine.eu\/wp-content\/uploads\/2025\/07\/tekaska-naglavna-svetilka-Nitecore-UT27-3.webp 800w, https:\/\/www.sportshine.eu\/wp-content\/uploads\/2025\/07\/tekaska-naglavna-svetilka-Nitecore-UT27-3-768x768.webp 768w, https:\/\/www.sportshine.eu\/wp-content\/uploads\/2025\/07\/tekaska-naglavna-svetilka-Nitecore-UT27-3-600x600.webp 600w\" sizes=\"(max-width: 800px) 100vw, 800px\" \/><\/p>\n<p>&nbsp;<\/p>\n<h3 style=\"text-align: center;\">BATTERIEFACH LEUCHTET IM DUNKELN<\/h3>\n<p style=\"text-align: center;\">Ihre Sicherheit ist uns wichtig. Dank der auch im Dunkeln gut sichtbaren Polarit\u00e4tskennzeichnung k\u00f6nnen Sie die Batterie problemlos finden und austauschen.<\/p>\n<p><img decoding=\"async\" class=\"aligncenter wp-image-7131 size-full\" src=\"https:\/\/www.sportshine.eu\/wp-content\/uploads\/2025\/07\/tekaska-celna-svetilka-Nitecore-UT27-PRO.webp\" alt=\"Lauf-Stirnlampe-Nitecore-UT27-PRO\" width=\"800\" height=\"800\" srcset=\"https:\/\/www.sportshine.eu\/wp-content\/uploads\/2025\/07\/tekaska-celna-svetilka-Nitecore-UT27-PRO.webp 800w, https:\/\/www.sportshine.eu\/wp-content\/uploads\/2025\/07\/tekaska-celna-svetilka-Nitecore-UT27-PRO-768x768.webp 768w, https:\/\/www.sportshine.eu\/wp-content\/uploads\/2025\/07\/tekaska-celna-svetilka-Nitecore-UT27-PRO-600x600.webp 600w\" sizes=\"(max-width: 800px) 100vw, 800px\" \/><\/p>\n<p>&nbsp;<\/p>\n<h3 style=\"text-align: center;\">WASSERDICHTIGKEIT IP66<\/h3>\n<p style=\"text-align: center;\">Wasserdicht nach IP66-Standard, das hei\u00dft, es ist vollst\u00e4ndig gegen Staubpartikel und Wasser gesch\u00fctzt.<\/p>\n<p><img decoding=\"async\" class=\"wp-image-7132 aligncenter\" src=\"https:\/\/www.sportshine.eu\/wp-content\/uploads\/2025\/07\/UT27-Nitecore.webp\" alt=\"UT27-Nitecore\" width=\"800\" height=\"450\" srcset=\"https:\/\/www.sportshine.eu\/wp-content\/uploads\/2025\/07\/UT27-Nitecore-768x432.webp 768w, https:\/\/www.sportshine.eu\/wp-content\/uploads\/2025\/07\/UT27-Nitecore-600x338.webp 600w\" sizes=\"(max-width: 800px) 100vw, 800px\" \/><\/p>\n<p>&nbsp;<\/p>","protected":false},"excerpt":{"rendered":"<p>Die neue Generation der wiederaufladbaren Nitecore UT27 Stirnlampe bietet mit 800 Lumen eine \u00fcberragende Helligkeit und ist damit ein hervorragender Begleiter f\u00fcr L\u00e4ufer und Wanderer. Mit ihrem extrem geringen Gewicht von nur 74 Gramm und dem kompakten Design eignet sie sich ideal f\u00fcr bequemes Tragen bei sportlichen Aktivit\u00e4ten. Ihre hervorragende Leistung beim Laufen wurde getestet. Wir empfehlen sie auch als Stirnlampe f\u00fcr alle Arten von Wanderungen und Ausfl\u00fcgen in die Natur. Der Tragegurt besteht aus weichem, strapazierf\u00e4higem Stoff und ist hautfreundlich. Im Lieferumfang sind neben der Stirnlampe zwei Akkus und eine Tasche enthalten, mit der Sie die Stirnlampe mit etwas Fantasie in eine Campinglampe verwandeln k\u00f6nnen.<\/p>","protected":false},"featured_media":6566,"comment_status":"open","ping_status":"closed","template":"","meta":[],"product_brand":[],"product_cat":[89],"product_tag":[],"class_list":{"0":"post-6540","1":"product","2":"type-product","3":"status-publish","4":"has-post-thumbnail","6":"product_cat-naglavne-svetilke","7":"product_shipping_class-stroski-dostave","9":"first","10":"instock","11":"taxable","12":"shipping-taxable","13":"purchasable","14":"product-type-simple"},"yoast_head":"<!-- This site is optimized with the Yoast SEO plugin v27.3 - https:\/\/yoast.com\/product\/yoast-seo-wordpress\/ -->\n<title>Naglavna svetilka NITECORE UT27 PRO<\/title>\n<meta name=\"description\" content=\"Naglavna svetilka Nitecore UT27 je izdelana prav posebej za teka\u010de in vse, ki radi pre\u017eivljajo \u010das v naravi tudi, ko se zno\u010di.\" \/>\n<meta name=\"robots\" content=\"index, follow, max-snippet:-1, max-image-preview:large, max-video-preview:-1\" \/>\n<link rel=\"canonical\" href=\"https:\/\/www.sportshine.eu\/de\/geschaft\/nitecore-ut27-pro-stirnlampe\/\" \/>\n<meta property=\"og:locale\" content=\"de_DE\" \/>\n<meta property=\"og:type\" content=\"article\" \/>\n<meta property=\"og:title\" content=\"Naglavna svetilka NITECORE UT27 PRO\" \/>\n<meta property=\"og:description\" content=\"Naglavna svetilka Nitecore UT27 je izdelana prav posebej za teka\u010de in vse, ki radi pre\u017eivljajo \u010das v naravi tudi, ko se zno\u010di.\" \/>\n<meta property=\"og:url\" content=\"https:\/\/www.sportshine.eu\/de\/geschaft\/nitecore-ut27-pro-stirnlampe\/\" \/>\n<meta property=\"og:site_name\" content=\"Sportshine\" \/>\n<meta property=\"article:publisher\" content=\"https:\/\/www.facebook.com\/sportshine.eu\/\" \/>\n<meta property=\"article:modified_time\" content=\"2025-10-20T18:21:11+00:00\" \/>\n<meta property=\"og:image\" content=\"https:\/\/www.sportshine.eu\/wp-content\/uploads\/2025\/07\/tekaska-svetilka-nitecore-ut27-1.webp\" \/>\n\t<meta property=\"og:image:width\" content=\"800\" \/>\n\t<meta property=\"og:image:height\" content=\"800\" \/>\n\t<meta property=\"og:image:type\" content=\"image\/webp\" \/>\n<meta name=\"twitter:card\" content=\"summary_large_image\" \/>\n<meta name=\"twitter:label1\" content=\"Gesch\u00e4tzte Lesezeit\" \/>\n\t<meta name=\"twitter:data1\" content=\"4 Minuten\" \/>\n<script type=\"application\/ld+json\" class=\"yoast-schema-graph\">{\"@context\":\"https:\\\/\\\/schema.org\",\"@graph\":[{\"@type\":\"WebPage\",\"@id\":\"https:\\\/\\\/www.sportshine.eu\\\/trgovina\\\/naglavna-svetilka-nitecore-ut27-pro\\\/\",\"url\":\"https:\\\/\\\/www.sportshine.eu\\\/trgovina\\\/naglavna-svetilka-nitecore-ut27-pro\\\/\",\"name\":\"Naglavna svetilka NITECORE UT27 PRO\",\"isPartOf\":{\"@id\":\"https:\\\/\\\/www.sportshine.eu\\\/#website\"},\"primaryImageOfPage\":{\"@id\":\"https:\\\/\\\/www.sportshine.eu\\\/trgovina\\\/naglavna-svetilka-nitecore-ut27-pro\\\/#primaryimage\"},\"image\":{\"@id\":\"https:\\\/\\\/www.sportshine.eu\\\/trgovina\\\/naglavna-svetilka-nitecore-ut27-pro\\\/#primaryimage\"},\"thumbnailUrl\":\"https:\\\/\\\/www.sportshine.eu\\\/wp-content\\\/uploads\\\/2025\\\/07\\\/tekaska-svetilka-nitecore-ut27-1.webp\",\"datePublished\":\"2025-07-05T21:48:56+00:00\",\"dateModified\":\"2025-10-20T18:21:11+00:00\",\"description\":\"Naglavna svetilka Nitecore UT27 je izdelana prav posebej za teka\u010de in vse, ki radi pre\u017eivljajo \u010das v naravi tudi, ko se zno\u010di.\",\"breadcrumb\":{\"@id\":\"https:\\\/\\\/www.sportshine.eu\\\/trgovina\\\/naglavna-svetilka-nitecore-ut27-pro\\\/#breadcrumb\"},\"inLanguage\":\"de-AT\",\"potentialAction\":[{\"@type\":\"ReadAction\",\"target\":[\"https:\\\/\\\/www.sportshine.eu\\\/trgovina\\\/naglavna-svetilka-nitecore-ut27-pro\\\/\"]}]},{\"@type\":\"ImageObject\",\"inLanguage\":\"de-AT\",\"@id\":\"https:\\\/\\\/www.sportshine.eu\\\/trgovina\\\/naglavna-svetilka-nitecore-ut27-pro\\\/#primaryimage\",\"url\":\"https:\\\/\\\/www.sportshine.eu\\\/wp-content\\\/uploads\\\/2025\\\/07\\\/tekaska-svetilka-nitecore-ut27-1.webp\",\"contentUrl\":\"https:\\\/\\\/www.sportshine.eu\\\/wp-content\\\/uploads\\\/2025\\\/07\\\/tekaska-svetilka-nitecore-ut27-1.webp\",\"width\":800,\"height\":800},{\"@type\":\"BreadcrumbList\",\"@id\":\"https:\\\/\\\/www.sportshine.eu\\\/trgovina\\\/naglavna-svetilka-nitecore-ut27-pro\\\/#breadcrumb\",\"itemListElement\":[{\"@type\":\"ListItem\",\"position\":1,\"name\":\"Home\",\"item\":\"https:\\\/\\\/www.sportshine.eu\\\/\"},{\"@type\":\"ListItem\",\"position\":2,\"name\":\"Trgovina\",\"item\":\"https:\\\/\\\/www.sportshine.eu\\\/trgovina\\\/\"},{\"@type\":\"ListItem\",\"position\":3,\"name\":\"Naglavna svetilka NITECORE UT27 PRO\"}]},{\"@type\":\"WebSite\",\"@id\":\"https:\\\/\\\/www.sportshine.eu\\\/#website\",\"url\":\"https:\\\/\\\/www.sportshine.eu\\\/\",\"name\":\"Sportshine\",\"description\":\"Top spletna trgovina kolesarskih in naglavnih svetilk ter opreme\",\"publisher\":{\"@id\":\"https:\\\/\\\/www.sportshine.eu\\\/#organization\"},\"potentialAction\":[{\"@type\":\"SearchAction\",\"target\":{\"@type\":\"EntryPoint\",\"urlTemplate\":\"https:\\\/\\\/www.sportshine.eu\\\/?s={search_term_string}\"},\"query-input\":{\"@type\":\"PropertyValueSpecification\",\"valueRequired\":true,\"valueName\":\"search_term_string\"}}],\"inLanguage\":\"de-AT\"},{\"@type\":\"Organization\",\"@id\":\"https:\\\/\\\/www.sportshine.eu\\\/#organization\",\"name\":\"Sportshine\",\"url\":\"https:\\\/\\\/www.sportshine.eu\\\/\",\"logo\":{\"@type\":\"ImageObject\",\"inLanguage\":\"de-AT\",\"@id\":\"https:\\\/\\\/www.sportshine.eu\\\/#\\\/schema\\\/logo\\\/image\\\/\",\"url\":\"https:\\\/\\\/www.sportshine.eu\\\/wp-content\\\/uploads\\\/2026\\\/01\\\/cropped-Sportshine.webp\",\"contentUrl\":\"https:\\\/\\\/www.sportshine.eu\\\/wp-content\\\/uploads\\\/2026\\\/01\\\/cropped-Sportshine.webp\",\"width\":295,\"height\":128,\"caption\":\"Sportshine\"},\"image\":{\"@id\":\"https:\\\/\\\/www.sportshine.eu\\\/#\\\/schema\\\/logo\\\/image\\\/\"},\"sameAs\":[\"https:\\\/\\\/www.facebook.com\\\/sportshine.eu\\\/\"]}]}<\/script>\n<!-- \/ Yoast SEO plugin. -->","yoast_head_json":{"title":"NITECORE UT27 PRO Stirnlampe","description":"Die Nitecore UT27-Stirnlampe wurde speziell f\u00fcr L\u00e4ufer und alle entwickelt, die auch nach Einbruch der Dunkelheit gerne Zeit in der Natur verbringen.","robots":{"index":"index","follow":"follow","max-snippet":"max-snippet:-1","max-image-preview":"max-image-preview:large","max-video-preview":"max-video-preview:-1"},"canonical":"https:\/\/www.sportshine.eu\/de\/geschaft\/nitecore-ut27-pro-stirnlampe\/","og_locale":"de_DE","og_type":"article","og_title":"Naglavna svetilka NITECORE UT27 PRO","og_description":"Naglavna svetilka Nitecore UT27 je izdelana prav posebej za teka\u010de in vse, ki radi pre\u017eivljajo \u010das v naravi tudi, ko se zno\u010di.","og_url":"https:\/\/www.sportshine.eu\/de\/geschaft\/nitecore-ut27-pro-stirnlampe\/","og_site_name":"Sportshine","article_publisher":"https:\/\/www.facebook.com\/sportshine.eu\/","article_modified_time":"2025-10-20T18:21:11+00:00","og_image":[{"width":800,"height":800,"url":"https:\/\/www.sportshine.eu\/wp-content\/uploads\/2025\/07\/tekaska-svetilka-nitecore-ut27-1.webp","type":"image\/webp"}],"twitter_card":"summary_large_image","twitter_misc":{"Gesch\u00e4tzte Lesezeit":"4 Minuten"},"schema":{"@context":"https:\/\/schema.org","@graph":[{"@type":"WebPage","@id":"https:\/\/www.sportshine.eu\/trgovina\/naglavna-svetilka-nitecore-ut27-pro\/","url":"https:\/\/www.sportshine.eu\/trgovina\/naglavna-svetilka-nitecore-ut27-pro\/","name":"NITECORE UT27 PRO Stirnlampe","isPartOf":{"@id":"https:\/\/www.sportshine.eu\/#website"},"primaryImageOfPage":{"@id":"https:\/\/www.sportshine.eu\/trgovina\/naglavna-svetilka-nitecore-ut27-pro\/#primaryimage"},"image":{"@id":"https:\/\/www.sportshine.eu\/trgovina\/naglavna-svetilka-nitecore-ut27-pro\/#primaryimage"},"thumbnailUrl":"https:\/\/www.sportshine.eu\/wp-content\/uploads\/2025\/07\/tekaska-svetilka-nitecore-ut27-1.webp","datePublished":"2025-07-05T21:48:56+00:00","dateModified":"2025-10-20T18:21:11+00:00","description":"Die Nitecore UT27-Stirnlampe wurde speziell f\u00fcr L\u00e4ufer und alle entwickelt, die auch nach Einbruch der Dunkelheit gerne Zeit in der Natur verbringen.","breadcrumb":{"@id":"https:\/\/www.sportshine.eu\/trgovina\/naglavna-svetilka-nitecore-ut27-pro\/#breadcrumb"},"inLanguage":"de-AT","potentialAction":[{"@type":"ReadAction","target":["https:\/\/www.sportshine.eu\/trgovina\/naglavna-svetilka-nitecore-ut27-pro\/"]}]},{"@type":"ImageObject","inLanguage":"de-AT","@id":"https:\/\/www.sportshine.eu\/trgovina\/naglavna-svetilka-nitecore-ut27-pro\/#primaryimage","url":"https:\/\/www.sportshine.eu\/wp-content\/uploads\/2025\/07\/tekaska-svetilka-nitecore-ut27-1.webp","contentUrl":"https:\/\/www.sportshine.eu\/wp-content\/uploads\/2025\/07\/tekaska-svetilka-nitecore-ut27-1.webp","width":800,"height":800},{"@type":"BreadcrumbList","@id":"https:\/\/www.sportshine.eu\/trgovina\/naglavna-svetilka-nitecore-ut27-pro\/#breadcrumb","itemListElement":[{"@type":"ListItem","position":1,"name":"Home","item":"https:\/\/www.sportshine.eu\/"},{"@type":"ListItem","position":2,"name":"Trgovina","item":"https:\/\/www.sportshine.eu\/trgovina\/"},{"@type":"ListItem","position":3,"name":"Naglavna svetilka NITECORE UT27 PRO"}]},{"@type":"WebSite","@id":"https:\/\/www.sportshine.eu\/#website","url":"https:\/\/www.sportshine.eu\/","name":"Sportshine","description":"Top Online-Shop f\u00fcr Fahrrad- und Stirnlampen sowie Zubeh\u00f6r","publisher":{"@id":"https:\/\/www.sportshine.eu\/#organization"},"potentialAction":[{"@type":"SearchAction","target":{"@type":"EntryPoint","urlTemplate":"https:\/\/www.sportshine.eu\/?s={search_term_string}"},"query-input":{"@type":"PropertyValueSpecification","valueRequired":true,"valueName":"search_term_string"}}],"inLanguage":"de-AT"},{"@type":"Organization","@id":"https:\/\/www.sportshine.eu\/#organization","name":"Sportshine","url":"https:\/\/www.sportshine.eu\/","logo":{"@type":"ImageObject","inLanguage":"de-AT","@id":"https:\/\/www.sportshine.eu\/#\/schema\/logo\/image\/","url":"https:\/\/www.sportshine.eu\/wp-content\/uploads\/2026\/01\/cropped-Sportshine.webp","contentUrl":"https:\/\/www.sportshine.eu\/wp-content\/uploads\/2026\/01\/cropped-Sportshine.webp","width":295,"height":128,"caption":"Sportshine"},"image":{"@id":"https:\/\/www.sportshine.eu\/#\/schema\/logo\/image\/"},"sameAs":["https:\/\/www.facebook.com\/sportshine.eu\/"]}]}},"_links":{"self":[{"href":"https:\/\/www.sportshine.eu\/de\/wp-json\/wp\/v2\/product\/6540","targetHints":{"allow":["GET"]}}],"collection":[{"href":"https:\/\/www.sportshine.eu\/de\/wp-json\/wp\/v2\/product"}],"about":[{"href":"https:\/\/www.sportshine.eu\/de\/wp-json\/wp\/v2\/types\/product"}],"replies":[{"embeddable":true,"href":"https:\/\/www.sportshine.eu\/de\/wp-json\/wp\/v2\/comments?post=6540"}],"version-history":[{"count":0,"href":"https:\/\/www.sportshine.eu\/de\/wp-json\/wp\/v2\/product\/6540\/revisions"}],"wp:featuredmedia":[{"embeddable":true,"href":"https:\/\/www.sportshine.eu\/de\/wp-json\/wp\/v2\/media\/6566"}],"wp:attachment":[{"href":"https:\/\/www.sportshine.eu\/de\/wp-json\/wp\/v2\/media?parent=6540"}],"wp:term":[{"taxonomy":"product_brand","embeddable":true,"href":"https:\/\/www.sportshine.eu\/de\/wp-json\/wp\/v2\/product_brand?post=6540"},{"taxonomy":"product_cat","embeddable":true,"href":"https:\/\/www.sportshine.eu\/de\/wp-json\/wp\/v2\/product_cat?post=6540"},{"taxonomy":"product_tag","embeddable":true,"href":"https:\/\/www.sportshine.eu\/de\/wp-json\/wp\/v2\/product_tag?post=6540"}],"curies":[{"name":"wp","href":"https:\/\/api.w.org\/{rel}","templated":true}]}}