{"id":6538,"date":"2025-07-05T21:48:54","date_gmt":"2025-07-05T21:48:54","guid":{"rendered":"https:\/\/www.sportshine.eu\/?post_type=product&#038;p=6538"},"modified":"2025-12-29T15:53:14","modified_gmt":"2025-12-29T15:53:14","slug":"nitecore-hc60-v2-stirnlampe","status":"publish","type":"product","link":"https:\/\/www.sportshine.eu\/de\/geschaft\/nitecore-hc60-v2-stirnlampe\/","title":{"rendered":"NITECORE HC60 V2 Stirnlampe"},"content":{"rendered":"<p><strong>Scheinwerfer<\/strong> Die Nitecore HC60 V2 ist eine Premium-Stirnlampe mit einer Leistung von 1200 Lumen. Sie verf\u00fcgt \u00fcber einen mitgelieferten 3400 mAh Lithium-Ionen-Akku, den Sie \u00fcber USB-C aufladen. Wenn der Akku nach einiger Zeit leer ist, k\u00f6nnen Sie ihn einfach austauschen, sodass die HC60 V2-Stirnlampe viele Jahre h\u00e4lt. Sie besteht komplett aus robustem Aluminium und wiegt nur gut<strong> 108 Gramm<\/strong>.<\/p>\n<p>Es verf\u00fcgt \u00fcber eine eingebaute P9 LED-Lampe der renommierten <strong>OSRAM-Gesellschaften<\/strong>Die Stirnlampe verf\u00fcgt \u00fcber 5 Betriebsstufen. Sie k\u00f6nnen bequem per Knopfdruck zwischen den Stufen wechseln. Die Lampe verf\u00fcgt \u00fcber eine Memory-Funktion und schaltet sich auf der gleichen Stufe ein, wie sie ausgeschaltet wurde. Die Stirnlampe ist um 180 Grad drehbar. Das Kopfband besteht aus hochwertigem Material und sorgt f\u00fcr angenehmen Tragekomfort. Wir gew\u00e4hren auf die Lampe 60 Monate Garantie.<\/p>\n<p>Offizielle Hersteller-Website:<\/p>\n<p><a href=\"https:\/\/flashlight.nitecore.com\/product\/hc60v2\">https:\/\/flashlight.nitecore.com\/product\/hc60v2\u00a0<\/a><\/p>","protected":false},"excerpt":{"rendered":"<p>Naglavna svetilka Nitecore HC60 V2 je vrhunska svetilka z mo\u010djo 1200 lumnov. Ima prilo\u017eeno litij-ionsko baterijo s 3400 mAh, ki jo polnite prek povezave USB-C. Ko se baterija \u010dez nekaj \u010dasa izrabi, jo enostavno zamenjate, zato \u017eivljenjska doba naglavne svetilke HC60 V2 traja vrsto let. V celoti je izdelana iz trpe\u017enega aluminija in tehta le [&hellip;]<\/p>\n","protected":false},"featured_media":6557,"comment_status":"open","ping_status":"closed","template":"","meta":[],"product_brand":[],"product_cat":[89],"product_tag":[],"class_list":{"0":"post-6538","1":"product","2":"type-product","3":"status-publish","4":"has-post-thumbnail","6":"product_cat-naglavne-svetilke","7":"product_shipping_class-stroski-dostave","9":"first","10":"outofstock","11":"taxable","12":"shipping-taxable","13":"purchasable","14":"product-type-simple"},"yoast_head":"<!-- This site is optimized with the Yoast SEO plugin v27.3 - https:\/\/yoast.com\/product\/yoast-seo-wordpress\/ -->\n<title>Naglavna svetilka NITECORE HC60 V2<\/title>\n<meta name=\"description\" content=\"Naglavna svetilka proizvajalca Nitecore z mo\u010djo 1200 lumnov in litij-ionsko baterijo z zmogljivostjo 3400 mAh. Izdelana iz trpe\u017enega aluminija.\" \/>\n<meta name=\"robots\" content=\"index, follow, max-snippet:-1, max-image-preview:large, max-video-preview:-1\" \/>\n<link rel=\"canonical\" href=\"https:\/\/www.sportshine.eu\/de\/geschaft\/nitecore-hc60-v2-stirnlampe\/\" \/>\n<meta property=\"og:locale\" content=\"de_DE\" \/>\n<meta property=\"og:type\" content=\"article\" \/>\n<meta property=\"og:title\" content=\"Naglavna svetilka NITECORE HC60 V2\" \/>\n<meta property=\"og:description\" content=\"Naglavna svetilka proizvajalca Nitecore z mo\u010djo 1200 lumnov in litij-ionsko baterijo z zmogljivostjo 3400 mAh. Izdelana iz trpe\u017enega aluminija.\" \/>\n<meta property=\"og:url\" content=\"https:\/\/www.sportshine.eu\/de\/geschaft\/nitecore-hc60-v2-stirnlampe\/\" \/>\n<meta property=\"og:site_name\" content=\"Sportshine\" \/>\n<meta property=\"article:publisher\" content=\"https:\/\/www.facebook.com\/sportshine.eu\/\" \/>\n<meta property=\"article:modified_time\" content=\"2025-12-29T15:53:14+00:00\" \/>\n<meta property=\"og:image\" content=\"https:\/\/www.sportshine.eu\/wp-content\/uploads\/2025\/07\/202107151014243034-1-1-1.png\" \/>\n\t<meta property=\"og:image:width\" content=\"1200\" \/>\n\t<meta property=\"og:image:height\" content=\"1200\" \/>\n\t<meta property=\"og:image:type\" content=\"image\/png\" \/>\n<meta name=\"twitter:card\" content=\"summary_large_image\" \/>\n<meta name=\"twitter:label1\" content=\"Gesch\u00e4tzte Lesezeit\" \/>\n\t<meta name=\"twitter:data1\" content=\"1 Minute\" \/>\n<script type=\"application\/ld+json\" class=\"yoast-schema-graph\">{\"@context\":\"https:\\\/\\\/schema.org\",\"@graph\":[{\"@type\":\"WebPage\",\"@id\":\"https:\\\/\\\/www.sportshine.eu\\\/trgovina\\\/naglavna-svetilka-nitecore-hc60-v2\\\/\",\"url\":\"https:\\\/\\\/www.sportshine.eu\\\/trgovina\\\/naglavna-svetilka-nitecore-hc60-v2\\\/\",\"name\":\"Naglavna svetilka NITECORE HC60 V2\",\"isPartOf\":{\"@id\":\"https:\\\/\\\/www.sportshine.eu\\\/#website\"},\"primaryImageOfPage\":{\"@id\":\"https:\\\/\\\/www.sportshine.eu\\\/trgovina\\\/naglavna-svetilka-nitecore-hc60-v2\\\/#primaryimage\"},\"image\":{\"@id\":\"https:\\\/\\\/www.sportshine.eu\\\/trgovina\\\/naglavna-svetilka-nitecore-hc60-v2\\\/#primaryimage\"},\"thumbnailUrl\":\"https:\\\/\\\/www.sportshine.eu\\\/wp-content\\\/uploads\\\/2025\\\/07\\\/202107151014243034-1-1-1.png\",\"datePublished\":\"2025-07-05T21:48:54+00:00\",\"dateModified\":\"2025-12-29T15:53:14+00:00\",\"description\":\"Naglavna svetilka proizvajalca Nitecore z mo\u010djo 1200 lumnov in litij-ionsko baterijo z zmogljivostjo 3400 mAh. Izdelana iz trpe\u017enega aluminija.\",\"breadcrumb\":{\"@id\":\"https:\\\/\\\/www.sportshine.eu\\\/trgovina\\\/naglavna-svetilka-nitecore-hc60-v2\\\/#breadcrumb\"},\"inLanguage\":\"de-AT\",\"potentialAction\":[{\"@type\":\"ReadAction\",\"target\":[\"https:\\\/\\\/www.sportshine.eu\\\/trgovina\\\/naglavna-svetilka-nitecore-hc60-v2\\\/\"]}]},{\"@type\":\"ImageObject\",\"inLanguage\":\"de-AT\",\"@id\":\"https:\\\/\\\/www.sportshine.eu\\\/trgovina\\\/naglavna-svetilka-nitecore-hc60-v2\\\/#primaryimage\",\"url\":\"https:\\\/\\\/www.sportshine.eu\\\/wp-content\\\/uploads\\\/2025\\\/07\\\/202107151014243034-1-1-1.png\",\"contentUrl\":\"https:\\\/\\\/www.sportshine.eu\\\/wp-content\\\/uploads\\\/2025\\\/07\\\/202107151014243034-1-1-1.png\",\"width\":1200,\"height\":1200},{\"@type\":\"BreadcrumbList\",\"@id\":\"https:\\\/\\\/www.sportshine.eu\\\/trgovina\\\/naglavna-svetilka-nitecore-hc60-v2\\\/#breadcrumb\",\"itemListElement\":[{\"@type\":\"ListItem\",\"position\":1,\"name\":\"Home\",\"item\":\"https:\\\/\\\/www.sportshine.eu\\\/\"},{\"@type\":\"ListItem\",\"position\":2,\"name\":\"Trgovina\",\"item\":\"https:\\\/\\\/www.sportshine.eu\\\/trgovina\\\/\"},{\"@type\":\"ListItem\",\"position\":3,\"name\":\"Naglavna svetilka NITECORE HC60 V2\"}]},{\"@type\":\"WebSite\",\"@id\":\"https:\\\/\\\/www.sportshine.eu\\\/#website\",\"url\":\"https:\\\/\\\/www.sportshine.eu\\\/\",\"name\":\"Sportshine\",\"description\":\"Top spletna trgovina kolesarskih in naglavnih svetilk ter opreme\",\"publisher\":{\"@id\":\"https:\\\/\\\/www.sportshine.eu\\\/#organization\"},\"potentialAction\":[{\"@type\":\"SearchAction\",\"target\":{\"@type\":\"EntryPoint\",\"urlTemplate\":\"https:\\\/\\\/www.sportshine.eu\\\/?s={search_term_string}\"},\"query-input\":{\"@type\":\"PropertyValueSpecification\",\"valueRequired\":true,\"valueName\":\"search_term_string\"}}],\"inLanguage\":\"de-AT\"},{\"@type\":\"Organization\",\"@id\":\"https:\\\/\\\/www.sportshine.eu\\\/#organization\",\"name\":\"Sportshine\",\"url\":\"https:\\\/\\\/www.sportshine.eu\\\/\",\"logo\":{\"@type\":\"ImageObject\",\"inLanguage\":\"de-AT\",\"@id\":\"https:\\\/\\\/www.sportshine.eu\\\/#\\\/schema\\\/logo\\\/image\\\/\",\"url\":\"https:\\\/\\\/www.sportshine.eu\\\/wp-content\\\/uploads\\\/2026\\\/01\\\/cropped-Sportshine.webp\",\"contentUrl\":\"https:\\\/\\\/www.sportshine.eu\\\/wp-content\\\/uploads\\\/2026\\\/01\\\/cropped-Sportshine.webp\",\"width\":295,\"height\":128,\"caption\":\"Sportshine\"},\"image\":{\"@id\":\"https:\\\/\\\/www.sportshine.eu\\\/#\\\/schema\\\/logo\\\/image\\\/\"},\"sameAs\":[\"https:\\\/\\\/www.facebook.com\\\/sportshine.eu\\\/\"]}]}<\/script>\n<!-- \/ Yoast SEO plugin. -->","yoast_head_json":{"title":"NITECORE HC60 V2 Stirnlampe","description":"Nitecore Stirnlampe mit 1200 Lumen und einem 3400 mAh Lithium-Ionen-Akku. Aus langlebigem Aluminium.","robots":{"index":"index","follow":"follow","max-snippet":"max-snippet:-1","max-image-preview":"max-image-preview:large","max-video-preview":"max-video-preview:-1"},"canonical":"https:\/\/www.sportshine.eu\/de\/geschaft\/nitecore-hc60-v2-stirnlampe\/","og_locale":"de_DE","og_type":"article","og_title":"Naglavna svetilka NITECORE HC60 V2","og_description":"Naglavna svetilka proizvajalca Nitecore z mo\u010djo 1200 lumnov in litij-ionsko baterijo z zmogljivostjo 3400 mAh. Izdelana iz trpe\u017enega aluminija.","og_url":"https:\/\/www.sportshine.eu\/de\/geschaft\/nitecore-hc60-v2-stirnlampe\/","og_site_name":"Sportshine","article_publisher":"https:\/\/www.facebook.com\/sportshine.eu\/","article_modified_time":"2025-12-29T15:53:14+00:00","og_image":[{"width":1200,"height":1200,"url":"https:\/\/www.sportshine.eu\/wp-content\/uploads\/2025\/07\/202107151014243034-1-1-1.png","type":"image\/png"}],"twitter_card":"summary_large_image","twitter_misc":{"Gesch\u00e4tzte Lesezeit":"1 Minute"},"schema":{"@context":"https:\/\/schema.org","@graph":[{"@type":"WebPage","@id":"https:\/\/www.sportshine.eu\/trgovina\/naglavna-svetilka-nitecore-hc60-v2\/","url":"https:\/\/www.sportshine.eu\/trgovina\/naglavna-svetilka-nitecore-hc60-v2\/","name":"NITECORE HC60 V2 Stirnlampe","isPartOf":{"@id":"https:\/\/www.sportshine.eu\/#website"},"primaryImageOfPage":{"@id":"https:\/\/www.sportshine.eu\/trgovina\/naglavna-svetilka-nitecore-hc60-v2\/#primaryimage"},"image":{"@id":"https:\/\/www.sportshine.eu\/trgovina\/naglavna-svetilka-nitecore-hc60-v2\/#primaryimage"},"thumbnailUrl":"https:\/\/www.sportshine.eu\/wp-content\/uploads\/2025\/07\/202107151014243034-1-1-1.png","datePublished":"2025-07-05T21:48:54+00:00","dateModified":"2025-12-29T15:53:14+00:00","description":"Nitecore Stirnlampe mit 1200 Lumen und einem 3400 mAh Lithium-Ionen-Akku. Aus langlebigem Aluminium.","breadcrumb":{"@id":"https:\/\/www.sportshine.eu\/trgovina\/naglavna-svetilka-nitecore-hc60-v2\/#breadcrumb"},"inLanguage":"de-AT","potentialAction":[{"@type":"ReadAction","target":["https:\/\/www.sportshine.eu\/trgovina\/naglavna-svetilka-nitecore-hc60-v2\/"]}]},{"@type":"ImageObject","inLanguage":"de-AT","@id":"https:\/\/www.sportshine.eu\/trgovina\/naglavna-svetilka-nitecore-hc60-v2\/#primaryimage","url":"https:\/\/www.sportshine.eu\/wp-content\/uploads\/2025\/07\/202107151014243034-1-1-1.png","contentUrl":"https:\/\/www.sportshine.eu\/wp-content\/uploads\/2025\/07\/202107151014243034-1-1-1.png","width":1200,"height":1200},{"@type":"BreadcrumbList","@id":"https:\/\/www.sportshine.eu\/trgovina\/naglavna-svetilka-nitecore-hc60-v2\/#breadcrumb","itemListElement":[{"@type":"ListItem","position":1,"name":"Home","item":"https:\/\/www.sportshine.eu\/"},{"@type":"ListItem","position":2,"name":"Trgovina","item":"https:\/\/www.sportshine.eu\/trgovina\/"},{"@type":"ListItem","position":3,"name":"Naglavna svetilka NITECORE HC60 V2"}]},{"@type":"WebSite","@id":"https:\/\/www.sportshine.eu\/#website","url":"https:\/\/www.sportshine.eu\/","name":"Sportshine","description":"Top Online-Shop f\u00fcr Fahrrad- und Stirnlampen sowie Zubeh\u00f6r","publisher":{"@id":"https:\/\/www.sportshine.eu\/#organization"},"potentialAction":[{"@type":"SearchAction","target":{"@type":"EntryPoint","urlTemplate":"https:\/\/www.sportshine.eu\/?s={search_term_string}"},"query-input":{"@type":"PropertyValueSpecification","valueRequired":true,"valueName":"search_term_string"}}],"inLanguage":"de-AT"},{"@type":"Organization","@id":"https:\/\/www.sportshine.eu\/#organization","name":"Sportshine","url":"https:\/\/www.sportshine.eu\/","logo":{"@type":"ImageObject","inLanguage":"de-AT","@id":"https:\/\/www.sportshine.eu\/#\/schema\/logo\/image\/","url":"https:\/\/www.sportshine.eu\/wp-content\/uploads\/2026\/01\/cropped-Sportshine.webp","contentUrl":"https:\/\/www.sportshine.eu\/wp-content\/uploads\/2026\/01\/cropped-Sportshine.webp","width":295,"height":128,"caption":"Sportshine"},"image":{"@id":"https:\/\/www.sportshine.eu\/#\/schema\/logo\/image\/"},"sameAs":["https:\/\/www.facebook.com\/sportshine.eu\/"]}]}},"_links":{"self":[{"href":"https:\/\/www.sportshine.eu\/de\/wp-json\/wp\/v2\/product\/6538","targetHints":{"allow":["GET"]}}],"collection":[{"href":"https:\/\/www.sportshine.eu\/de\/wp-json\/wp\/v2\/product"}],"about":[{"href":"https:\/\/www.sportshine.eu\/de\/wp-json\/wp\/v2\/types\/product"}],"replies":[{"embeddable":true,"href":"https:\/\/www.sportshine.eu\/de\/wp-json\/wp\/v2\/comments?post=6538"}],"version-history":[{"count":0,"href":"https:\/\/www.sportshine.eu\/de\/wp-json\/wp\/v2\/product\/6538\/revisions"}],"wp:featuredmedia":[{"embeddable":true,"href":"https:\/\/www.sportshine.eu\/de\/wp-json\/wp\/v2\/media\/6557"}],"wp:attachment":[{"href":"https:\/\/www.sportshine.eu\/de\/wp-json\/wp\/v2\/media?parent=6538"}],"wp:term":[{"taxonomy":"product_brand","embeddable":true,"href":"https:\/\/www.sportshine.eu\/de\/wp-json\/wp\/v2\/product_brand?post=6538"},{"taxonomy":"product_cat","embeddable":true,"href":"https:\/\/www.sportshine.eu\/de\/wp-json\/wp\/v2\/product_cat?post=6538"},{"taxonomy":"product_tag","embeddable":true,"href":"https:\/\/www.sportshine.eu\/de\/wp-json\/wp\/v2\/product_tag?post=6538"}],"curies":[{"name":"wp","href":"https:\/\/api.w.org\/{rel}","templated":true}]}}