{"id":6493,"date":"2025-07-05T20:13:24","date_gmt":"2025-07-05T20:13:24","guid":{"rendered":"https:\/\/www.sportshine.eu\/?post_type=product&#038;p=6493"},"modified":"2025-08-09T22:49:18","modified_gmt":"2025-08-09T22:49:18","slug":"magicshine-allty-2000-oled-fahrradlicht","status":"publish","type":"product","link":"https:\/\/www.sportshine.eu\/de\/geschaft\/magicshine-allty-2000-oled-fahrradlicht\/","title":{"rendered":"Magicshine ALLTY 2000 OLED Fahrradlicht"},"content":{"rendered":"<h3 style=\"text-align: center;\">VIDEOPR\u00c4SENTATION<\/h3>\n<p><iframe loading=\"lazy\" title=\"TESTEN des hellsten Mountainbike-Lichts, das ich je benutzt habe | MagicShine Allty 2000 Lumen-Scheinwerfer\" width=\"500\" height=\"281\" src=\"https:\/\/www.youtube.com\/embed\/ORN0T7-Qbys?feature=oembed\" frameborder=\"0\" allow=\"accelerometer; autoplay; clipboard-write; encrypted-media; gyroscope; picture-in-picture; web-share\" referrerpolicy=\"strict-origin-when-cross-origin\" allowfullscreen><\/iframe><\/p>\n<p>&nbsp;<\/p>\n<h3 style=\"text-align: center;\">F\u00dcR EIN BESSERES FAHRRADERLEBNIS<\/h3>\n<p style=\"text-align: center;\">Das Magicshine Allty 2000 ist ein Mehrzweck-Fahrradlicht mit einer maximalen Leistung von 2000 Lumen und eine gro\u00dfartige Wahl sowohl f\u00fcr Stra\u00dfen- als auch f\u00fcr Mountainbikes.<\/p>\n<p><img decoding=\"async\" class=\"aligncenter wp-image-7144\" src=\"https:\/\/www.sportshine.eu\/wp-content\/uploads\/2025\/07\/allty_2000_76323572-9471-4f9c-bbfb-1fe10e15a5da.webp\" alt=\"\" width=\"800\" height=\"600\" \/><\/p>\n<p>&nbsp;<\/p>\n<h3 style=\"text-align: center;\">OLED-DISPLAY<\/h3>\n<p style=\"text-align: center;\">Als smartes Fahrradlicht verf\u00fcgt das ALLTY2000 Fahrradlicht \u00fcber ein OLED-Display, das f\u00fcr alle Betriebsstufen den Leuchtmodus, den Akkustand und die verf\u00fcgbare Laufzeit anzeigt.<\/p>\n<p><img decoding=\"async\" class=\"aligncenter wp-image-7139\" src=\"https:\/\/www.sportshine.eu\/wp-content\/uploads\/2025\/07\/allty_2000_led.webp\" alt=\"allty_2000_led\" width=\"800\" height=\"600\" \/><\/p>\n<p>&nbsp;<\/p>\n<h3 style=\"text-align: center;\">HERAUSNEHMBARER LEISTUNGSSTARKER AKKU<\/h3>\n<p style=\"text-align: center;\">Der interne 3500mAh-Akku erm\u00f6glicht eine Betriebsdauer von bis zu 14,5 Stunden. Ein Ersatzakku kann die Betriebszeit, insbesondere bei langen Radtouren, verl\u00e4ngern.<\/p>\n<p><img decoding=\"async\" class=\"aligncenter wp-image-7140\" src=\"https:\/\/www.sportshine.eu\/wp-content\/uploads\/2025\/07\/ALLTY_1500S_3.webp\" alt=\"ALLTY_1500S_3\" width=\"800\" height=\"600\" \/><\/p>\n<p>&nbsp;<\/p>\n<h3 style=\"text-align: center;\">TAGFAHRRADLICHT<\/h3>\n<p style=\"text-align: center;\">Das ideale Licht f\u00fcr das Radfahren am Tag. Dank mehrerer Betriebsmodi f\u00e4llt es leichter, die Aufmerksamkeit von Autofahrern und Fu\u00dfg\u00e4ngern auf sich zu ziehen und so die Sicherheit beim Radfahren zu erh\u00f6hen.<\/p>\n<p><img decoding=\"async\" class=\"aligncenter wp-image-7141\" src=\"https:\/\/www.sportshine.eu\/wp-content\/uploads\/2025\/07\/allty_2000_kolesarska-luc.webp\" alt=\"allty_2000_Fahrradlicht\" width=\"800\" height=\"600\" \/><\/p>\n<p>&nbsp;<\/p>\n<h3 style=\"text-align: center;\">MULTIFUNKTIONALES FAHRRADLICHT<\/h3>\n<p style=\"text-align: center;\">Durch das Design mit zwei Abstrahlwinkeln kann der Allty 2000 die Umgebung umfassender beleuchten.<\/p>\n<p><img decoding=\"async\" class=\"aligncenter wp-image-7142\" src=\"https:\/\/www.sportshine.eu\/wp-content\/uploads\/2025\/07\/allty_2000-1.webp\" alt=\"\" width=\"800\" height=\"600\" \/><\/p>\n<p>&nbsp;<\/p>\n<h3 style=\"text-align: center;\">MAGICSHINE ALLTY 2000 OLED<\/h3>\n<p><iframe loading=\"lazy\" title=\"MAGICSHINE ALLTY 2000 Bedienung\" width=\"500\" height=\"281\" src=\"https:\/\/www.youtube.com\/embed\/i_hlUryaeyo?feature=oembed\" frameborder=\"0\" allow=\"accelerometer; autoplay; clipboard-write; encrypted-media; gyroscope; picture-in-picture; web-share\" referrerpolicy=\"strict-origin-when-cross-origin\" allowfullscreen><\/iframe><\/p>\n<h3 style=\"text-align: center;\">WASSERDICHTIGKEIT IPX5<\/h3>\n<p style=\"text-align: center;\">Zuverl\u00e4ssig auch bei schlechten Wetterbedingungen.<\/p>\n<p><img decoding=\"async\" class=\"aligncenter wp-image-7143\" src=\"https:\/\/www.sportshine.eu\/wp-content\/uploads\/2025\/07\/ALLTY_2000_80942bbd-934a-4fef-b3c8-79ca3f40c839.webp\" alt=\"ALLTY_2000_\" width=\"800\" height=\"600\" \/><\/p>\n<h3 style=\"text-align: center;\">VOLLST\u00c4NDIG AUS HOCHWERTIGEM ALUMINIUM HERGESTELLT<\/h3>\n<p style=\"text-align: center;\">Das Geh\u00e4use des ALLTY 2000 besteht aus langlebigem A6061-T6-Aluminium, das eine hervorragende W\u00e4rmeableitung bietet. Das Geh\u00e4use wird mit einem milit\u00e4rtauglichen Oxidationsverfahren behandelt, das die Kratzfestigkeit erh\u00f6ht.<\/p>\n<p><img decoding=\"async\" class=\"aligncenter wp-image-7144\" src=\"https:\/\/www.sportshine.eu\/wp-content\/uploads\/2025\/07\/allty_2000_76323572-9471-4f9c-bbfb-1fe10e15a5da.webp\" alt=\"\" width=\"800\" height=\"600\" \/><\/p>\n<h3 style=\"text-align: center;\">SIE ERHALTEN IM PAKET<\/h3>\n<p style=\"text-align: center;\">1 * ALLTY 2000 OLED-Fahrradlicht<br \/>\n1 * Lenkeradapter<br \/>\n4 * Silikonb\u00e4nder<br \/>\n1* 3 mm Sechskantschl\u00fcssel<br \/>\n1 * Micro-USB-Kabel<\/p>\n<p><img decoding=\"async\" class=\"aligncenter wp-image-7145\" src=\"https:\/\/www.sportshine.eu\/wp-content\/uploads\/2025\/07\/ALLTY_2000.webp\" alt=\"ALLTY_2000\" width=\"800\" height=\"400\" \/><\/p>\n<p>&nbsp;<\/p>","protected":false},"excerpt":{"rendered":"<p>\u2714 Maximale Leistung: 2000 LM<br \/>\n\u2714 Maximale Beleuchtungsdistanz: 165 m<br \/>\n\u2714 Maximale Betriebsdauer: 14,5 Stunden<br \/>\n\u2714 Batteriekapazit\u00e4t: 7,2 V 3500 mAh<br \/>\n\u2714 DRL (Tagfahrlicht): Unterst\u00fctzung<br \/>\n\u2714 Wasserbest\u00e4ndigkeit: IPX5<\/p>\n<p>Das Magicshine ALLTY 2000 ist ein multifunktionales Fahrrad-Frontlicht mit einer maximalen Lichtleistung von 2000 Lumen. Einzigartig unter unseren Fahrradlichtern ist der eingebaute Akku, der herausgenommen und ausgetauscht werden kann.<\/p>","protected":false},"featured_media":5957,"comment_status":"open","ping_status":"closed","template":"","meta":[],"product_brand":[131],"product_cat":[82,150],"product_tag":[],"class_list":{"0":"post-6493","1":"product","2":"type-product","3":"status-publish","4":"has-post-thumbnail","6":"product_brand-magicshine","7":"product_cat-kolesarske-luci","8":"product_cat-sprednje-kolesarske-luci","10":"first","11":"onbackorder","12":"taxable","13":"shipping-taxable","14":"purchasable","15":"product-type-simple"},"yoast_head":"<!-- This site is optimized with the Yoast SEO plugin v27.3 - https:\/\/yoast.com\/product\/yoast-seo-wordpress\/ -->\n<title>Magicshine ALLTY 2000 OLED kolesarska lu\u010d<\/title>\n<meta name=\"description\" content=\"Magicshine ALLTY 2000 OLED kolesarska lu\u010d omogo\u010da neverjetno svetilnost, OLED indikator za \u010das delovanja in mo\u017enost odstranitve polnilne baterije iz lu\u010di.\" \/>\n<meta name=\"robots\" content=\"index, follow, max-snippet:-1, max-image-preview:large, max-video-preview:-1\" \/>\n<link rel=\"canonical\" href=\"https:\/\/www.sportshine.eu\/de\/geschaft\/magicshine-allty-2000-oled-fahrradlicht\/\" \/>\n<meta property=\"og:locale\" content=\"de_DE\" \/>\n<meta property=\"og:type\" content=\"article\" \/>\n<meta property=\"og:title\" content=\"Magicshine ALLTY 2000 OLED kolesarska lu\u010d\" \/>\n<meta property=\"og:description\" content=\"Magicshine ALLTY 2000 OLED kolesarska lu\u010d omogo\u010da neverjetno svetilnost, OLED indikator za \u010das delovanja in mo\u017enost odstranitve polnilne baterije iz lu\u010di.\" \/>\n<meta property=\"og:url\" content=\"https:\/\/www.sportshine.eu\/de\/geschaft\/magicshine-allty-2000-oled-fahrradlicht\/\" \/>\n<meta property=\"og:site_name\" content=\"Sportshine\" \/>\n<meta property=\"article:publisher\" content=\"https:\/\/www.facebook.com\/sportshine.eu\/\" \/>\n<meta property=\"article:modified_time\" content=\"2025-08-09T22:49:18+00:00\" \/>\n<meta property=\"og:image\" content=\"https:\/\/www.sportshine.eu\/wp-content\/uploads\/2025\/07\/kolesarska-luc-allty-2000-OLED.webp\" \/>\n\t<meta property=\"og:image:width\" content=\"800\" \/>\n\t<meta property=\"og:image:height\" content=\"800\" \/>\n\t<meta property=\"og:image:type\" content=\"image\/webp\" \/>\n<meta name=\"twitter:card\" content=\"summary_large_image\" \/>\n<meta name=\"twitter:label1\" content=\"Gesch\u00e4tzte Lesezeit\" \/>\n\t<meta name=\"twitter:data1\" content=\"3 Minuten\" \/>\n<script type=\"application\/ld+json\" class=\"yoast-schema-graph\">{\"@context\":\"https:\\\/\\\/schema.org\",\"@graph\":[{\"@type\":\"WebPage\",\"@id\":\"https:\\\/\\\/www.sportshine.eu\\\/trgovina\\\/magicshine-allty-2000-oled-kolesarska-luc\\\/\",\"url\":\"https:\\\/\\\/www.sportshine.eu\\\/trgovina\\\/magicshine-allty-2000-oled-kolesarska-luc\\\/\",\"name\":\"Magicshine ALLTY 2000 OLED kolesarska lu\u010d\",\"isPartOf\":{\"@id\":\"https:\\\/\\\/www.sportshine.eu\\\/#website\"},\"primaryImageOfPage\":{\"@id\":\"https:\\\/\\\/www.sportshine.eu\\\/trgovina\\\/magicshine-allty-2000-oled-kolesarska-luc\\\/#primaryimage\"},\"image\":{\"@id\":\"https:\\\/\\\/www.sportshine.eu\\\/trgovina\\\/magicshine-allty-2000-oled-kolesarska-luc\\\/#primaryimage\"},\"thumbnailUrl\":\"https:\\\/\\\/www.sportshine.eu\\\/wp-content\\\/uploads\\\/2025\\\/07\\\/kolesarska-luc-allty-2000-OLED.webp\",\"datePublished\":\"2025-07-05T20:13:24+00:00\",\"dateModified\":\"2025-08-09T22:49:18+00:00\",\"description\":\"Magicshine ALLTY 2000 OLED kolesarska lu\u010d omogo\u010da neverjetno svetilnost, OLED indikator za \u010das delovanja in mo\u017enost odstranitve polnilne baterije iz lu\u010di.\",\"breadcrumb\":{\"@id\":\"https:\\\/\\\/www.sportshine.eu\\\/trgovina\\\/magicshine-allty-2000-oled-kolesarska-luc\\\/#breadcrumb\"},\"inLanguage\":\"de-AT\",\"potentialAction\":[{\"@type\":\"ReadAction\",\"target\":[\"https:\\\/\\\/www.sportshine.eu\\\/trgovina\\\/magicshine-allty-2000-oled-kolesarska-luc\\\/\"]}]},{\"@type\":\"ImageObject\",\"inLanguage\":\"de-AT\",\"@id\":\"https:\\\/\\\/www.sportshine.eu\\\/trgovina\\\/magicshine-allty-2000-oled-kolesarska-luc\\\/#primaryimage\",\"url\":\"https:\\\/\\\/www.sportshine.eu\\\/wp-content\\\/uploads\\\/2025\\\/07\\\/kolesarska-luc-allty-2000-OLED.webp\",\"contentUrl\":\"https:\\\/\\\/www.sportshine.eu\\\/wp-content\\\/uploads\\\/2025\\\/07\\\/kolesarska-luc-allty-2000-OLED.webp\",\"width\":800,\"height\":800},{\"@type\":\"BreadcrumbList\",\"@id\":\"https:\\\/\\\/www.sportshine.eu\\\/trgovina\\\/magicshine-allty-2000-oled-kolesarska-luc\\\/#breadcrumb\",\"itemListElement\":[{\"@type\":\"ListItem\",\"position\":1,\"name\":\"Home\",\"item\":\"https:\\\/\\\/www.sportshine.eu\\\/\"},{\"@type\":\"ListItem\",\"position\":2,\"name\":\"Trgovina\",\"item\":\"https:\\\/\\\/www.sportshine.eu\\\/trgovina\\\/\"},{\"@type\":\"ListItem\",\"position\":3,\"name\":\"Magicshine ALLTY 2000 OLED kolesarska lu\u010d\"}]},{\"@type\":\"WebSite\",\"@id\":\"https:\\\/\\\/www.sportshine.eu\\\/#website\",\"url\":\"https:\\\/\\\/www.sportshine.eu\\\/\",\"name\":\"Sportshine\",\"description\":\"Top spletna trgovina kolesarskih in naglavnih svetilk ter opreme\",\"publisher\":{\"@id\":\"https:\\\/\\\/www.sportshine.eu\\\/#organization\"},\"potentialAction\":[{\"@type\":\"SearchAction\",\"target\":{\"@type\":\"EntryPoint\",\"urlTemplate\":\"https:\\\/\\\/www.sportshine.eu\\\/?s={search_term_string}\"},\"query-input\":{\"@type\":\"PropertyValueSpecification\",\"valueRequired\":true,\"valueName\":\"search_term_string\"}}],\"inLanguage\":\"de-AT\"},{\"@type\":\"Organization\",\"@id\":\"https:\\\/\\\/www.sportshine.eu\\\/#organization\",\"name\":\"Sportshine\",\"url\":\"https:\\\/\\\/www.sportshine.eu\\\/\",\"logo\":{\"@type\":\"ImageObject\",\"inLanguage\":\"de-AT\",\"@id\":\"https:\\\/\\\/www.sportshine.eu\\\/#\\\/schema\\\/logo\\\/image\\\/\",\"url\":\"https:\\\/\\\/www.sportshine.eu\\\/wp-content\\\/uploads\\\/2026\\\/01\\\/cropped-Sportshine.webp\",\"contentUrl\":\"https:\\\/\\\/www.sportshine.eu\\\/wp-content\\\/uploads\\\/2026\\\/01\\\/cropped-Sportshine.webp\",\"width\":295,\"height\":128,\"caption\":\"Sportshine\"},\"image\":{\"@id\":\"https:\\\/\\\/www.sportshine.eu\\\/#\\\/schema\\\/logo\\\/image\\\/\"},\"sameAs\":[\"https:\\\/\\\/www.facebook.com\\\/sportshine.eu\\\/\"]}]}<\/script>\n<!-- \/ Yoast SEO plugin. -->","yoast_head_json":{"title":"Magicshine ALLTY 2000 OLED Fahrradlicht","description":"Das Magicshine ALLTY 2000 OLED-Fahrradlicht bietet eine unglaubliche Helligkeit, eine OLED-Anzeige f\u00fcr die Betriebszeit und die M\u00f6glichkeit, den Akku aus dem Licht zu entfernen.","robots":{"index":"index","follow":"follow","max-snippet":"max-snippet:-1","max-image-preview":"max-image-preview:large","max-video-preview":"max-video-preview:-1"},"canonical":"https:\/\/www.sportshine.eu\/de\/geschaft\/magicshine-allty-2000-oled-fahrradlicht\/","og_locale":"de_DE","og_type":"article","og_title":"Magicshine ALLTY 2000 OLED kolesarska lu\u010d","og_description":"Magicshine ALLTY 2000 OLED kolesarska lu\u010d omogo\u010da neverjetno svetilnost, OLED indikator za \u010das delovanja in mo\u017enost odstranitve polnilne baterije iz lu\u010di.","og_url":"https:\/\/www.sportshine.eu\/de\/geschaft\/magicshine-allty-2000-oled-fahrradlicht\/","og_site_name":"Sportshine","article_publisher":"https:\/\/www.facebook.com\/sportshine.eu\/","article_modified_time":"2025-08-09T22:49:18+00:00","og_image":[{"width":800,"height":800,"url":"https:\/\/www.sportshine.eu\/wp-content\/uploads\/2025\/07\/kolesarska-luc-allty-2000-OLED.webp","type":"image\/webp"}],"twitter_card":"summary_large_image","twitter_misc":{"Gesch\u00e4tzte Lesezeit":"3 Minuten"},"schema":{"@context":"https:\/\/schema.org","@graph":[{"@type":"WebPage","@id":"https:\/\/www.sportshine.eu\/trgovina\/magicshine-allty-2000-oled-kolesarska-luc\/","url":"https:\/\/www.sportshine.eu\/trgovina\/magicshine-allty-2000-oled-kolesarska-luc\/","name":"Magicshine ALLTY 2000 OLED Fahrradlicht","isPartOf":{"@id":"https:\/\/www.sportshine.eu\/#website"},"primaryImageOfPage":{"@id":"https:\/\/www.sportshine.eu\/trgovina\/magicshine-allty-2000-oled-kolesarska-luc\/#primaryimage"},"image":{"@id":"https:\/\/www.sportshine.eu\/trgovina\/magicshine-allty-2000-oled-kolesarska-luc\/#primaryimage"},"thumbnailUrl":"https:\/\/www.sportshine.eu\/wp-content\/uploads\/2025\/07\/kolesarska-luc-allty-2000-OLED.webp","datePublished":"2025-07-05T20:13:24+00:00","dateModified":"2025-08-09T22:49:18+00:00","description":"Das Magicshine ALLTY 2000 OLED-Fahrradlicht bietet eine unglaubliche Helligkeit, eine OLED-Anzeige f\u00fcr die Betriebszeit und die M\u00f6glichkeit, den Akku aus dem Licht zu entfernen.","breadcrumb":{"@id":"https:\/\/www.sportshine.eu\/trgovina\/magicshine-allty-2000-oled-kolesarska-luc\/#breadcrumb"},"inLanguage":"de-AT","potentialAction":[{"@type":"ReadAction","target":["https:\/\/www.sportshine.eu\/trgovina\/magicshine-allty-2000-oled-kolesarska-luc\/"]}]},{"@type":"ImageObject","inLanguage":"de-AT","@id":"https:\/\/www.sportshine.eu\/trgovina\/magicshine-allty-2000-oled-kolesarska-luc\/#primaryimage","url":"https:\/\/www.sportshine.eu\/wp-content\/uploads\/2025\/07\/kolesarska-luc-allty-2000-OLED.webp","contentUrl":"https:\/\/www.sportshine.eu\/wp-content\/uploads\/2025\/07\/kolesarska-luc-allty-2000-OLED.webp","width":800,"height":800},{"@type":"BreadcrumbList","@id":"https:\/\/www.sportshine.eu\/trgovina\/magicshine-allty-2000-oled-kolesarska-luc\/#breadcrumb","itemListElement":[{"@type":"ListItem","position":1,"name":"Home","item":"https:\/\/www.sportshine.eu\/"},{"@type":"ListItem","position":2,"name":"Trgovina","item":"https:\/\/www.sportshine.eu\/trgovina\/"},{"@type":"ListItem","position":3,"name":"Magicshine ALLTY 2000 OLED kolesarska lu\u010d"}]},{"@type":"WebSite","@id":"https:\/\/www.sportshine.eu\/#website","url":"https:\/\/www.sportshine.eu\/","name":"Sportshine","description":"Top Online-Shop f\u00fcr Fahrrad- und Stirnlampen sowie Zubeh\u00f6r","publisher":{"@id":"https:\/\/www.sportshine.eu\/#organization"},"potentialAction":[{"@type":"SearchAction","target":{"@type":"EntryPoint","urlTemplate":"https:\/\/www.sportshine.eu\/?s={search_term_string}"},"query-input":{"@type":"PropertyValueSpecification","valueRequired":true,"valueName":"search_term_string"}}],"inLanguage":"de-AT"},{"@type":"Organization","@id":"https:\/\/www.sportshine.eu\/#organization","name":"Sportshine","url":"https:\/\/www.sportshine.eu\/","logo":{"@type":"ImageObject","inLanguage":"de-AT","@id":"https:\/\/www.sportshine.eu\/#\/schema\/logo\/image\/","url":"https:\/\/www.sportshine.eu\/wp-content\/uploads\/2026\/01\/cropped-Sportshine.webp","contentUrl":"https:\/\/www.sportshine.eu\/wp-content\/uploads\/2026\/01\/cropped-Sportshine.webp","width":295,"height":128,"caption":"Sportshine"},"image":{"@id":"https:\/\/www.sportshine.eu\/#\/schema\/logo\/image\/"},"sameAs":["https:\/\/www.facebook.com\/sportshine.eu\/"]}]}},"_links":{"self":[{"href":"https:\/\/www.sportshine.eu\/de\/wp-json\/wp\/v2\/product\/6493","targetHints":{"allow":["GET"]}}],"collection":[{"href":"https:\/\/www.sportshine.eu\/de\/wp-json\/wp\/v2\/product"}],"about":[{"href":"https:\/\/www.sportshine.eu\/de\/wp-json\/wp\/v2\/types\/product"}],"replies":[{"embeddable":true,"href":"https:\/\/www.sportshine.eu\/de\/wp-json\/wp\/v2\/comments?post=6493"}],"version-history":[{"count":0,"href":"https:\/\/www.sportshine.eu\/de\/wp-json\/wp\/v2\/product\/6493\/revisions"}],"wp:featuredmedia":[{"embeddable":true,"href":"https:\/\/www.sportshine.eu\/de\/wp-json\/wp\/v2\/media\/5957"}],"wp:attachment":[{"href":"https:\/\/www.sportshine.eu\/de\/wp-json\/wp\/v2\/media?parent=6493"}],"wp:term":[{"taxonomy":"product_brand","embeddable":true,"href":"https:\/\/www.sportshine.eu\/de\/wp-json\/wp\/v2\/product_brand?post=6493"},{"taxonomy":"product_cat","embeddable":true,"href":"https:\/\/www.sportshine.eu\/de\/wp-json\/wp\/v2\/product_cat?post=6493"},{"taxonomy":"product_tag","embeddable":true,"href":"https:\/\/www.sportshine.eu\/de\/wp-json\/wp\/v2\/product_tag?post=6493"}],"curies":[{"name":"wp","href":"https:\/\/api.w.org\/{rel}","templated":true}]}}