{"id":6475,"date":"2025-07-05T19:57:34","date_gmt":"2025-07-05T19:57:34","guid":{"rendered":"https:\/\/www.sportshine.eu\/?post_type=product&#038;p=6475"},"modified":"2025-11-21T22:13:00","modified_gmt":"2025-11-21T22:13:00","slug":"magicshine-ray-1600b-fahrradlicht","status":"publish","type":"product","link":"https:\/\/www.sportshine.eu\/de\/geschaft\/magicshine-ray-1600b-fahrradlicht\/","title":{"rendered":"Magicshine RAY 1600B Fahrradlicht"},"content":{"rendered":"<h3 style=\"text-align: center;\">EINGEBAUTER SMART-SENSOR<\/h3>\n<p style=\"text-align: center;\">Dank eines eingebauten intelligenten Sensors schaltet das Licht beim Einfahren in einen Tunnel automatisch auf einen st\u00e4rkeren Lichtstrahl um oder wechselt w\u00e4hrend eines Halts in den Energiesparmodus.<\/p>\n<p><img decoding=\"async\" class=\"aligncenter wp-image-8412\" src=\"https:\/\/www.sportshine.eu\/wp-content\/uploads\/2025\/07\/RAY_1600B_8.webp\" alt=\"Magicshine Ray 1600\" width=\"800\" height=\"600\" \/><\/p>\n<h3 style=\"text-align: center;\">LEICHT ABLESBARE ANZEIGE<\/h3>\n<p style=\"text-align: center;\">Pr\u00e4zise Anzeigen an der Lampe selbst und an der Fernbedienung zeigen deutlich die verbleibende Batterieleistung an, und die Speicherfunktion f\u00fcr den letzten Modus erm\u00f6glicht es Ihnen, beim n\u00e4chsten Mal sofort wieder denselben Modus zu verwenden.<\/p>\n<p><img decoding=\"async\" class=\"aligncenter wp-image-8413\" src=\"https:\/\/www.sportshine.eu\/wp-content\/uploads\/2025\/07\/RAY_1600B_5.webp\" alt=\"Magicshine Ray 1600\" width=\"800\" height=\"600\" \/><\/p>\n<h3 style=\"text-align: center;\">IPX6 WASSERDICHTIGKEIT<\/h3>\n<p style=\"text-align: center;\">Mit der Schutzart IPX6 ist die RAY 1600B wasserdicht und somit robust und zuverl\u00e4ssig genug, um auch bei starkem Regen problemlos zu funktionieren und Ihnen stets den Weg zu leuchten.<\/p>\n<p><img decoding=\"async\" class=\"aligncenter wp-image-8414\" src=\"https:\/\/www.sportshine.eu\/wp-content\/uploads\/2025\/07\/RAY_1600B_7.webp\" alt=\"Magicshine Ray 1600\" width=\"800\" height=\"600\" \/><\/p>\n<h3 style=\"text-align: center;\">DOPPELTRAHMOPTION<\/h3>\n<p style=\"text-align: center;\">Die neue Doppellinse erm\u00f6glicht sowohl eine breite Ausleuchtung der nahen Umgebung als auch einen starken, fokussierten Lichtstrahl f\u00fcr die Ferne.<\/p>\n<p><img decoding=\"async\" class=\"aligncenter wp-image-7135\" src=\"https:\/\/www.sportshine.eu\/wp-content\/uploads\/2025\/07\/RAY1600B.webp\" alt=\"RAY1600B\" width=\"800\" height=\"600\" \/><\/p>\n<h3 style=\"text-align: center;\">Werkzeuglose Installation<\/h3>\n<p style=\"text-align: center;\">Mit der Garmin Universalhalterung l\u00e4sst sich die Lampe schnell und sicher an den meisten Lenkern befestigen \u2013 ohne dass zus\u00e4tzliches Werkzeug ben\u00f6tigt wird.<\/p>\n<p><img decoding=\"async\" class=\"aligncenter wp-image-8416\" src=\"https:\/\/www.sportshine.eu\/wp-content\/uploads\/2025\/07\/ray_2600b_with_tool-free_mounting.webp\" alt=\"Magicshine Ray 1600B\" width=\"800\" height=\"600\" srcset=\"https:\/\/www.sportshine.eu\/wp-content\/uploads\/2025\/07\/ray_2600b_with_tool-free_mounting-768x576.webp 768w, https:\/\/www.sportshine.eu\/wp-content\/uploads\/2025\/07\/ray_2600b_with_tool-free_mounting-600x450.webp 600w\" sizes=\"(max-width: 800px) 100vw, 800px\" \/><\/p>\n<h3 style=\"text-align: center;\">KABELLOSE FERNBEDIENUNG<\/h3>\n<p style=\"text-align: center;\">Mit der kabellosen Fernbedienung k\u00f6nnen Sie die Modi direkt vom Lenker aus wechseln und sich so voll und ganz auf die Stra\u00dfe konzentrieren. Per Knopfdruck schalten Sie sofort auf die h\u00f6chste Helligkeit.<\/p>\n<p><img decoding=\"async\" class=\"aligncenter wp-image-8417\" src=\"https:\/\/www.sportshine.eu\/wp-content\/uploads\/2025\/07\/RAY_1600B_3.webp\" alt=\"RAY_1600B\" width=\"800\" height=\"600\" \/><\/p>\n<h3 style=\"text-align: center;\">VIDEO<\/h3>\n<p><iframe loading=\"lazy\" title=\"MAGICSHINE RAY 1600B &amp; RAY 2600B Fahrrad-Frontlicht (Version mit kabelloser Fernbedienung)\" width=\"500\" height=\"281\" src=\"https:\/\/www.youtube.com\/embed\/PZxC-ykV2Lw?feature=oembed\" frameborder=\"0\" allow=\"accelerometer; autoplay; clipboard-write; encrypted-media; gyroscope; picture-in-picture; web-share\" referrerpolicy=\"strict-origin-when-cross-origin\" allowfullscreen><\/iframe><\/p>\n<h3 style=\"text-align: center;\">SIE ERHALTEN IM PAKET<\/h3>\n<p><img decoding=\"async\" class=\"aligncenter wp-image-7136 size-full\" src=\"https:\/\/www.sportshine.eu\/wp-content\/uploads\/2025\/07\/RAY_1600B_luc.webp\" alt=\"RAY_1600B_light\" width=\"600\" height=\"450\" \/><\/p>\n<p>&nbsp;<\/p>\n<p>&nbsp;<\/p>","protected":false},"excerpt":{"rendered":"<p>Die Magicshine RAY 1600B Fahrradleuchte \u00fcberzeugt mit einer Lichtleistung von bis zu 1600 Lumen. Mit zwei Hochleistungs-LEDs sorgt sie f\u00fcr eine zuverl\u00e4ssige Beleuchtung, die sowohl f\u00fcr den Stadtverkehr als auch f\u00fcr anspruchsvolles Gel\u00e4nde geeignet ist.<\/p>","protected":false},"featured_media":6087,"comment_status":"open","ping_status":"closed","template":"","meta":[],"product_brand":[131],"product_cat":[82,150],"product_tag":[],"class_list":{"0":"post-6475","1":"product","2":"type-product","3":"status-publish","4":"has-post-thumbnail","6":"product_brand-magicshine","7":"product_cat-kolesarske-luci","8":"product_cat-sprednje-kolesarske-luci","10":"first","11":"instock","12":"sale","13":"taxable","14":"shipping-taxable","15":"purchasable","16":"product-type-simple"},"yoast_head":"<!-- This site is optimized with the Yoast SEO plugin v27.3 - https:\/\/yoast.com\/product\/yoast-seo-wordpress\/ -->\n<title>Lu\u010d za kolo Magicshine RAY 1600B<\/title>\n<meta name=\"description\" content=\"Lu\u010d za kolo Magicshine Ray 1600B je popolnoma nov model znamke Magicshine, Ponuja zanesljivo osvetlitev in kvalitetno izdelavo.\" \/>\n<meta name=\"robots\" content=\"index, follow, max-snippet:-1, max-image-preview:large, max-video-preview:-1\" \/>\n<link rel=\"canonical\" href=\"https:\/\/www.sportshine.eu\/de\/geschaft\/magicshine-ray-1600b-fahrradlicht\/\" \/>\n<meta property=\"og:locale\" content=\"de_DE\" \/>\n<meta property=\"og:type\" content=\"article\" \/>\n<meta property=\"og:title\" content=\"Lu\u010d za kolo Magicshine RAY 1600B\" \/>\n<meta property=\"og:description\" content=\"Lu\u010d za kolo Magicshine Ray 1600B je popolnoma nov model znamke Magicshine, Ponuja zanesljivo osvetlitev in kvalitetno izdelavo.\" \/>\n<meta property=\"og:url\" content=\"https:\/\/www.sportshine.eu\/de\/geschaft\/magicshine-ray-1600b-fahrradlicht\/\" \/>\n<meta property=\"og:site_name\" content=\"Sportshine\" \/>\n<meta property=\"article:publisher\" content=\"https:\/\/www.facebook.com\/sportshine.eu\/\" \/>\n<meta property=\"article:modified_time\" content=\"2025-11-21T22:13:00+00:00\" \/>\n<meta property=\"og:image\" content=\"https:\/\/www.sportshine.eu\/wp-content\/uploads\/2025\/07\/luc-Magicshine-RAY-1600B.webp\" \/>\n\t<meta property=\"og:image:width\" content=\"800\" \/>\n\t<meta property=\"og:image:height\" content=\"800\" \/>\n\t<meta property=\"og:image:type\" content=\"image\/webp\" \/>\n<meta name=\"twitter:card\" content=\"summary_large_image\" \/>\n<meta name=\"twitter:label1\" content=\"Gesch\u00e4tzte Lesezeit\" \/>\n\t<meta name=\"twitter:data1\" content=\"3 Minuten\" \/>\n<script type=\"application\/ld+json\" class=\"yoast-schema-graph\">{\"@context\":\"https:\\\/\\\/schema.org\",\"@graph\":[{\"@type\":\"WebPage\",\"@id\":\"https:\\\/\\\/www.sportshine.eu\\\/trgovina\\\/luc-za-kolo-magicshine-ray-1600b\\\/\",\"url\":\"https:\\\/\\\/www.sportshine.eu\\\/trgovina\\\/luc-za-kolo-magicshine-ray-1600b\\\/\",\"name\":\"Lu\u010d za kolo Magicshine RAY 1600B\",\"isPartOf\":{\"@id\":\"https:\\\/\\\/www.sportshine.eu\\\/#website\"},\"primaryImageOfPage\":{\"@id\":\"https:\\\/\\\/www.sportshine.eu\\\/trgovina\\\/luc-za-kolo-magicshine-ray-1600b\\\/#primaryimage\"},\"image\":{\"@id\":\"https:\\\/\\\/www.sportshine.eu\\\/trgovina\\\/luc-za-kolo-magicshine-ray-1600b\\\/#primaryimage\"},\"thumbnailUrl\":\"https:\\\/\\\/www.sportshine.eu\\\/wp-content\\\/uploads\\\/2025\\\/07\\\/luc-Magicshine-RAY-1600B.webp\",\"datePublished\":\"2025-07-05T19:57:34+00:00\",\"dateModified\":\"2025-11-21T22:13:00+00:00\",\"description\":\"Lu\u010d za kolo Magicshine Ray 1600B je popolnoma nov model znamke Magicshine, Ponuja zanesljivo osvetlitev in kvalitetno izdelavo.\",\"breadcrumb\":{\"@id\":\"https:\\\/\\\/www.sportshine.eu\\\/trgovina\\\/luc-za-kolo-magicshine-ray-1600b\\\/#breadcrumb\"},\"inLanguage\":\"de-AT\",\"potentialAction\":[{\"@type\":\"ReadAction\",\"target\":[\"https:\\\/\\\/www.sportshine.eu\\\/trgovina\\\/luc-za-kolo-magicshine-ray-1600b\\\/\"]}]},{\"@type\":\"ImageObject\",\"inLanguage\":\"de-AT\",\"@id\":\"https:\\\/\\\/www.sportshine.eu\\\/trgovina\\\/luc-za-kolo-magicshine-ray-1600b\\\/#primaryimage\",\"url\":\"https:\\\/\\\/www.sportshine.eu\\\/wp-content\\\/uploads\\\/2025\\\/07\\\/luc-Magicshine-RAY-1600B.webp\",\"contentUrl\":\"https:\\\/\\\/www.sportshine.eu\\\/wp-content\\\/uploads\\\/2025\\\/07\\\/luc-Magicshine-RAY-1600B.webp\",\"width\":800,\"height\":800},{\"@type\":\"BreadcrumbList\",\"@id\":\"https:\\\/\\\/www.sportshine.eu\\\/trgovina\\\/luc-za-kolo-magicshine-ray-1600b\\\/#breadcrumb\",\"itemListElement\":[{\"@type\":\"ListItem\",\"position\":1,\"name\":\"Home\",\"item\":\"https:\\\/\\\/www.sportshine.eu\\\/\"},{\"@type\":\"ListItem\",\"position\":2,\"name\":\"Trgovina\",\"item\":\"https:\\\/\\\/www.sportshine.eu\\\/trgovina\\\/\"},{\"@type\":\"ListItem\",\"position\":3,\"name\":\"Lu\u010d za kolo Magicshine RAY 1600B\"}]},{\"@type\":\"WebSite\",\"@id\":\"https:\\\/\\\/www.sportshine.eu\\\/#website\",\"url\":\"https:\\\/\\\/www.sportshine.eu\\\/\",\"name\":\"Sportshine\",\"description\":\"Top spletna trgovina kolesarskih in naglavnih svetilk ter opreme\",\"publisher\":{\"@id\":\"https:\\\/\\\/www.sportshine.eu\\\/#organization\"},\"potentialAction\":[{\"@type\":\"SearchAction\",\"target\":{\"@type\":\"EntryPoint\",\"urlTemplate\":\"https:\\\/\\\/www.sportshine.eu\\\/?s={search_term_string}\"},\"query-input\":{\"@type\":\"PropertyValueSpecification\",\"valueRequired\":true,\"valueName\":\"search_term_string\"}}],\"inLanguage\":\"de-AT\"},{\"@type\":\"Organization\",\"@id\":\"https:\\\/\\\/www.sportshine.eu\\\/#organization\",\"name\":\"Sportshine\",\"url\":\"https:\\\/\\\/www.sportshine.eu\\\/\",\"logo\":{\"@type\":\"ImageObject\",\"inLanguage\":\"de-AT\",\"@id\":\"https:\\\/\\\/www.sportshine.eu\\\/#\\\/schema\\\/logo\\\/image\\\/\",\"url\":\"https:\\\/\\\/www.sportshine.eu\\\/wp-content\\\/uploads\\\/2026\\\/01\\\/cropped-Sportshine.webp\",\"contentUrl\":\"https:\\\/\\\/www.sportshine.eu\\\/wp-content\\\/uploads\\\/2026\\\/01\\\/cropped-Sportshine.webp\",\"width\":295,\"height\":128,\"caption\":\"Sportshine\"},\"image\":{\"@id\":\"https:\\\/\\\/www.sportshine.eu\\\/#\\\/schema\\\/logo\\\/image\\\/\"},\"sameAs\":[\"https:\\\/\\\/www.facebook.com\\\/sportshine.eu\\\/\"]}]}<\/script>\n<!-- \/ Yoast SEO plugin. -->","yoast_head_json":{"title":"Magicshine RAY 1600B Fahrradlicht","description":"Das Fahrradlicht Magicshine Ray 1600B ist ein v\u00f6llig neues Modell der Marke Magicshine. Es bietet zuverl\u00e4ssige Beleuchtung und hochwertige Verarbeitung.","robots":{"index":"index","follow":"follow","max-snippet":"max-snippet:-1","max-image-preview":"max-image-preview:large","max-video-preview":"max-video-preview:-1"},"canonical":"https:\/\/www.sportshine.eu\/de\/geschaft\/magicshine-ray-1600b-fahrradlicht\/","og_locale":"de_DE","og_type":"article","og_title":"Lu\u010d za kolo Magicshine RAY 1600B","og_description":"Lu\u010d za kolo Magicshine Ray 1600B je popolnoma nov model znamke Magicshine, Ponuja zanesljivo osvetlitev in kvalitetno izdelavo.","og_url":"https:\/\/www.sportshine.eu\/de\/geschaft\/magicshine-ray-1600b-fahrradlicht\/","og_site_name":"Sportshine","article_publisher":"https:\/\/www.facebook.com\/sportshine.eu\/","article_modified_time":"2025-11-21T22:13:00+00:00","og_image":[{"width":800,"height":800,"url":"https:\/\/www.sportshine.eu\/wp-content\/uploads\/2025\/07\/luc-Magicshine-RAY-1600B.webp","type":"image\/webp"}],"twitter_card":"summary_large_image","twitter_misc":{"Gesch\u00e4tzte Lesezeit":"3 Minuten"},"schema":{"@context":"https:\/\/schema.org","@graph":[{"@type":"WebPage","@id":"https:\/\/www.sportshine.eu\/trgovina\/luc-za-kolo-magicshine-ray-1600b\/","url":"https:\/\/www.sportshine.eu\/trgovina\/luc-za-kolo-magicshine-ray-1600b\/","name":"Magicshine RAY 1600B Fahrradlicht","isPartOf":{"@id":"https:\/\/www.sportshine.eu\/#website"},"primaryImageOfPage":{"@id":"https:\/\/www.sportshine.eu\/trgovina\/luc-za-kolo-magicshine-ray-1600b\/#primaryimage"},"image":{"@id":"https:\/\/www.sportshine.eu\/trgovina\/luc-za-kolo-magicshine-ray-1600b\/#primaryimage"},"thumbnailUrl":"https:\/\/www.sportshine.eu\/wp-content\/uploads\/2025\/07\/luc-Magicshine-RAY-1600B.webp","datePublished":"2025-07-05T19:57:34+00:00","dateModified":"2025-11-21T22:13:00+00:00","description":"Das Fahrradlicht Magicshine Ray 1600B ist ein v\u00f6llig neues Modell der Marke Magicshine. Es bietet zuverl\u00e4ssige Beleuchtung und hochwertige Verarbeitung.","breadcrumb":{"@id":"https:\/\/www.sportshine.eu\/trgovina\/luc-za-kolo-magicshine-ray-1600b\/#breadcrumb"},"inLanguage":"de-AT","potentialAction":[{"@type":"ReadAction","target":["https:\/\/www.sportshine.eu\/trgovina\/luc-za-kolo-magicshine-ray-1600b\/"]}]},{"@type":"ImageObject","inLanguage":"de-AT","@id":"https:\/\/www.sportshine.eu\/trgovina\/luc-za-kolo-magicshine-ray-1600b\/#primaryimage","url":"https:\/\/www.sportshine.eu\/wp-content\/uploads\/2025\/07\/luc-Magicshine-RAY-1600B.webp","contentUrl":"https:\/\/www.sportshine.eu\/wp-content\/uploads\/2025\/07\/luc-Magicshine-RAY-1600B.webp","width":800,"height":800},{"@type":"BreadcrumbList","@id":"https:\/\/www.sportshine.eu\/trgovina\/luc-za-kolo-magicshine-ray-1600b\/#breadcrumb","itemListElement":[{"@type":"ListItem","position":1,"name":"Home","item":"https:\/\/www.sportshine.eu\/"},{"@type":"ListItem","position":2,"name":"Trgovina","item":"https:\/\/www.sportshine.eu\/trgovina\/"},{"@type":"ListItem","position":3,"name":"Lu\u010d za kolo Magicshine RAY 1600B"}]},{"@type":"WebSite","@id":"https:\/\/www.sportshine.eu\/#website","url":"https:\/\/www.sportshine.eu\/","name":"Sportshine","description":"Top Online-Shop f\u00fcr Fahrrad- und Stirnlampen sowie Zubeh\u00f6r","publisher":{"@id":"https:\/\/www.sportshine.eu\/#organization"},"potentialAction":[{"@type":"SearchAction","target":{"@type":"EntryPoint","urlTemplate":"https:\/\/www.sportshine.eu\/?s={search_term_string}"},"query-input":{"@type":"PropertyValueSpecification","valueRequired":true,"valueName":"search_term_string"}}],"inLanguage":"de-AT"},{"@type":"Organization","@id":"https:\/\/www.sportshine.eu\/#organization","name":"Sportshine","url":"https:\/\/www.sportshine.eu\/","logo":{"@type":"ImageObject","inLanguage":"de-AT","@id":"https:\/\/www.sportshine.eu\/#\/schema\/logo\/image\/","url":"https:\/\/www.sportshine.eu\/wp-content\/uploads\/2026\/01\/cropped-Sportshine.webp","contentUrl":"https:\/\/www.sportshine.eu\/wp-content\/uploads\/2026\/01\/cropped-Sportshine.webp","width":295,"height":128,"caption":"Sportshine"},"image":{"@id":"https:\/\/www.sportshine.eu\/#\/schema\/logo\/image\/"},"sameAs":["https:\/\/www.facebook.com\/sportshine.eu\/"]}]}},"_links":{"self":[{"href":"https:\/\/www.sportshine.eu\/de\/wp-json\/wp\/v2\/product\/6475","targetHints":{"allow":["GET"]}}],"collection":[{"href":"https:\/\/www.sportshine.eu\/de\/wp-json\/wp\/v2\/product"}],"about":[{"href":"https:\/\/www.sportshine.eu\/de\/wp-json\/wp\/v2\/types\/product"}],"replies":[{"embeddable":true,"href":"https:\/\/www.sportshine.eu\/de\/wp-json\/wp\/v2\/comments?post=6475"}],"version-history":[{"count":0,"href":"https:\/\/www.sportshine.eu\/de\/wp-json\/wp\/v2\/product\/6475\/revisions"}],"wp:featuredmedia":[{"embeddable":true,"href":"https:\/\/www.sportshine.eu\/de\/wp-json\/wp\/v2\/media\/6087"}],"wp:attachment":[{"href":"https:\/\/www.sportshine.eu\/de\/wp-json\/wp\/v2\/media?parent=6475"}],"wp:term":[{"taxonomy":"product_brand","embeddable":true,"href":"https:\/\/www.sportshine.eu\/de\/wp-json\/wp\/v2\/product_brand?post=6475"},{"taxonomy":"product_cat","embeddable":true,"href":"https:\/\/www.sportshine.eu\/de\/wp-json\/wp\/v2\/product_cat?post=6475"},{"taxonomy":"product_tag","embeddable":true,"href":"https:\/\/www.sportshine.eu\/de\/wp-json\/wp\/v2\/product_tag?post=6475"}],"curies":[{"name":"wp","href":"https:\/\/api.w.org\/{rel}","templated":true}]}}