{"id":6474,"date":"2025-07-05T19:57:33","date_gmt":"2025-07-05T19:57:33","guid":{"rendered":"https:\/\/www.sportshine.eu\/?post_type=product&#038;p=6474"},"modified":"2026-04-14T16:00:42","modified_gmt":"2026-04-14T16:00:42","slug":"magicshine-seemee-150-fahrradlichtset","status":"publish","type":"product","link":"https:\/\/www.sportshine.eu\/de\/geschaft\/magicshine-seemee-150-fahrradlichtset\/","title":{"rendered":"Magicshine SEEMEE 150 Fahrradbeleuchtungsset"},"content":{"rendered":"<h3 style=\"text-align: center;\">VIDEO PREDSTAVITEV<\/h3>\n<p><iframe loading=\"lazy\" title=\"Magicshine Seemee 150 Front Rear Smart Bike Light Set Review - feat. Ambient Light \/ Brake Sensor\" width=\"500\" height=\"281\" src=\"https:\/\/www.youtube.com\/embed\/b83YafsL-Fc?feature=oembed\" frameborder=\"0\" allow=\"accelerometer; autoplay; clipboard-write; encrypted-media; gyroscope; picture-in-picture; web-share\" referrerpolicy=\"strict-origin-when-cross-origin\" allowfullscreen><\/iframe><\/p>\n<h3 style=\"text-align: center;\">PREPROSTO UPRAVLJANJE<\/h3>\n<p style=\"text-align: center;\">Dolg pritisk bo vklopil\/izklopil lu\u010d, medtem ko bo kratek pritisk preklapljal med na\u010dini.<\/p>\n<p><img decoding=\"async\" class=\"aligncenter wp-image-7147\" src=\"https:\/\/www.sportshine.eu\/wp-content\/uploads\/2025\/07\/SEEMEE-150.webp\" alt=\"\" width=\"800\" height=\"800\" \/><\/p>\n<h3 style=\"text-align: center;\">ODLI\u010cNA VIDLJIVOST<\/h3>\n<p style=\"text-align: center;\">Osvetlitev v 260-stopinjskem kotu vam zagotavlja popolno za\u0161\u010dito na vseh straneh.<\/p>\n<p><img decoding=\"async\" class=\"aligncenter wp-image-7148\" src=\"https:\/\/www.sportshine.eu\/wp-content\/uploads\/2025\/07\/luc-za-kolo-seemee-150.webp\" alt=\"\" width=\"800\" height=\"800\" \/><\/p>\n<h3 style=\"text-align: center;\">JASNO BERLJIV KAZALNIK MO\u010cI<\/h3>\n<p style=\"text-align: center;\">Vgrajeni kazalnik mo\u010di v stikalu vas bo obvestil, kdaj je va\u0161a svetilka potrebna polnjenja.<\/p>\n<p><img decoding=\"async\" class=\"aligncenter wp-image-7149\" src=\"https:\/\/www.sportshine.eu\/wp-content\/uploads\/2025\/07\/luc-za-kolo-Magicshine-1.webp\" alt=\"\" width=\"800\" height=\"800\" \/><\/p>\n<h3 style=\"text-align: center;\">SENZOR ZAVIRANJA<\/h3>\n<p style=\"text-align: center;\">Vgrajeni senzor zaviranja samodejno preklopi na najvi\u0161ji izhodno svetlobni nivo ob zaviranju, da opozori osebe za vami, da ste se mo\u010dno upo\u010dasnili.<\/p>\n<p><img decoding=\"async\" class=\"aligncenter wp-image-7150\" src=\"https:\/\/www.sportshine.eu\/wp-content\/uploads\/2025\/07\/Seemee150.webp\" alt=\"\" width=\"800\" height=\"800\" \/><\/p>\n<h3 style=\"text-align: center;\">SAMODEJNO PRILAGAJANJE SVETLOBE<\/h3>\n<p style=\"text-align: center;\">Vgrajeni senzor okoljske svetlobe samodejno prilagodi svetlost glede na okolico.<\/p>\n<p><img decoding=\"async\" class=\"aligncenter wp-image-7151\" src=\"https:\/\/www.sportshine.eu\/wp-content\/uploads\/2025\/07\/Magicshine-Seemee-150.webp\" alt=\"\" width=\"800\" height=\"800\" \/><\/p>\n<h3 style=\"text-align: center;\">SENZOR GIBANJA<\/h3>\n<p style=\"text-align: center;\">Ko ne vozite, se zadnja lu\u010d avtomati\u010dno preklopi v na\u010din mirovanja po 5 minutah neaktivnosti in se samodejno aktivira ob kakr\u0161nih koli vibracijah.<\/p>\n<p><img decoding=\"async\" class=\"aligncenter wp-image-7152\" src=\"https:\/\/www.sportshine.eu\/wp-content\/uploads\/2025\/07\/7_c53e340b-3f43-41b9-9a27-8e11c52fadd8_600x600.webp\" alt=\"\" width=\"800\" height=\"800\" \/><\/p>\n<div class=\"flex-1 overflow-hidden\">\n<div class=\"react-scroll-to-bottom--css-iyaex-79elbk h-full\">\n<div class=\"react-scroll-to-bottom--css-iyaex-1n7m0yu\">\n<div class=\"flex flex-col text-sm pb-9\">\n<div class=\"w-full text-token-text-primary\" data-testid=\"conversation-turn-13\">\n<div class=\"px-4 py-2 justify-center text-base md:gap-6 m-auto\">\n<div class=\"flex flex-1 text-base mx-auto gap-3 md:px-5 lg:px-1 xl:px-5 md:max-w-3xl lg:max-w-[40rem] xl:max-w-[48rem] group final-completion\">\n<div class=\"relative flex w-full flex-col agent-turn\">\n<div class=\"flex-col gap-1 md:gap-3\">\n<div class=\"flex flex-grow flex-col max-w-full\">\n<div class=\"min-h-[20px] text-message flex flex-col items-start gap-3 whitespace-pre-wrap break-words [.text-message+&amp;]:mt-5 overflow-x-auto\" data-message-author-role=\"assistant\" data-message-id=\"bab71212-d4e7-4b31-8303-099fdd49c57b\">\n<div class=\"markdown prose w-full break-words dark:prose-invert light\">\n<h3 style=\"text-align: center;\">NA\u010cIN NIZKE MO\u010cI<\/h3>\n<p style=\"text-align: center;\">Pri manj kot 10% mo\u010di se bo zadnja lu\u010d samodejno preklopila v na\u010din nizkega nivoja baterije in izklopila senzorje, da dose\u017ee dalj\u0161o \u017eivljenjsko dobo baterije.<\/p>\n<p><img decoding=\"async\" class=\"aligncenter wp-image-7153\" src=\"https:\/\/www.sportshine.eu\/wp-content\/uploads\/2025\/07\/Magicshine-150.webp\" alt=\"\" width=\"800\" height=\"800\" \/><\/p>\n<\/div>\n<\/div>\n<\/div>\n<\/div>\n<\/div>\n<\/div>\n<\/div>\n<\/div>\n<\/div>\n<\/div>\n<\/div>\n<\/div>\n","protected":false},"excerpt":{"rendered":"<p>Das intelligente Fahrradlicht Seemee 150 wurde f\u00fcr Ihre Sicherheit und Ihren Komfort beim Fahren entwickelt. Mit Funktionen wie Bewegungs- und Lichtsensoren sowie einer au\u00dfergew\u00f6hnlichen 260\u00b0-Ausleuchtung sorgt es f\u00fcr Sicherheit bei Tag und Nacht. Zu den Merkmalen geh\u00f6ren Schnellladefunktion, lange Akkulaufzeit, Wasserbest\u00e4ndigkeit und intelligente Funktionen f\u00fcr eine einfache Bedienung. Es ist f\u00fcr Stadt-, Stra\u00dfen- und Alltagsradtouren konzipiert.<\/p>","protected":false},"featured_media":6084,"comment_status":"closed","ping_status":"closed","template":"","meta":[],"product_brand":[131],"product_cat":[82,93,150],"product_tag":[],"class_list":{"0":"post-6474","1":"product","2":"type-product","3":"status-publish","4":"has-post-thumbnail","6":"product_brand-magicshine","7":"product_cat-kolesarske-luci","8":"product_cat-kolesarske-svetilke-paketi","9":"product_cat-sprednje-kolesarske-luci","11":"first","12":"outofstock","13":"taxable","14":"shipping-taxable","15":"purchasable","16":"product-type-simple"},"yoast_head":"<!-- This site is optimized with the Yoast SEO plugin v27.3 - https:\/\/yoast.com\/product\/yoast-seo-wordpress\/ -->\n<title>Set kolesarskih lu\u010di Magicshine SEEMEE 150<\/title>\n<meta name=\"description\" content=\"Set kolesarskih lu\u010di Magicshine Seemee 150 je opremljen z vgrajenim senzorjem zaviranja in dolgim \u010dasom delovanja. V paketu prejmete sprednjo in zadnjo lu\u010d.\" \/>\n<meta name=\"robots\" content=\"index, follow, max-snippet:-1, max-image-preview:large, max-video-preview:-1\" \/>\n<link rel=\"canonical\" href=\"https:\/\/www.sportshine.eu\/de\/geschaft\/magicshine-seemee-150-fahrradlichtset\/\" \/>\n<meta property=\"og:locale\" content=\"de_DE\" \/>\n<meta property=\"og:type\" content=\"article\" \/>\n<meta property=\"og:title\" content=\"Set kolesarskih lu\u010di Magicshine SEEMEE 150\" \/>\n<meta property=\"og:description\" content=\"Set kolesarskih lu\u010di Magicshine Seemee 150 je opremljen z vgrajenim senzorjem zaviranja in dolgim \u010dasom delovanja. V paketu prejmete sprednjo in zadnjo lu\u010d.\" \/>\n<meta property=\"og:url\" content=\"https:\/\/www.sportshine.eu\/de\/geschaft\/magicshine-seemee-150-fahrradlichtset\/\" \/>\n<meta property=\"og:site_name\" content=\"Sportshine\" \/>\n<meta property=\"article:publisher\" content=\"https:\/\/www.facebook.com\/sportshine.eu\/\" \/>\n<meta property=\"article:modified_time\" content=\"2026-04-14T16:00:42+00:00\" \/>\n<meta property=\"og:image\" content=\"https:\/\/www.sportshine.eu\/wp-content\/uploads\/2025\/07\/Magicshine-seemee-150-.webp\" \/>\n\t<meta property=\"og:image:width\" content=\"800\" \/>\n\t<meta property=\"og:image:height\" content=\"800\" \/>\n\t<meta property=\"og:image:type\" content=\"image\/webp\" \/>\n<meta name=\"twitter:card\" content=\"summary_large_image\" \/>\n<meta name=\"twitter:label1\" content=\"Gesch\u00e4tzte Lesezeit\" \/>\n\t<meta name=\"twitter:data1\" content=\"3 Minuten\" \/>\n<script type=\"application\/ld+json\" class=\"yoast-schema-graph\">{\"@context\":\"https:\\\/\\\/schema.org\",\"@graph\":[{\"@type\":\"WebPage\",\"@id\":\"https:\\\/\\\/www.sportshine.eu\\\/trgovina\\\/set-kolesarskih-luci-magicshine-seemee-150\\\/\",\"url\":\"https:\\\/\\\/www.sportshine.eu\\\/trgovina\\\/set-kolesarskih-luci-magicshine-seemee-150\\\/\",\"name\":\"Set kolesarskih lu\u010di Magicshine SEEMEE 150\",\"isPartOf\":{\"@id\":\"https:\\\/\\\/www.sportshine.eu\\\/#website\"},\"primaryImageOfPage\":{\"@id\":\"https:\\\/\\\/www.sportshine.eu\\\/trgovina\\\/set-kolesarskih-luci-magicshine-seemee-150\\\/#primaryimage\"},\"image\":{\"@id\":\"https:\\\/\\\/www.sportshine.eu\\\/trgovina\\\/set-kolesarskih-luci-magicshine-seemee-150\\\/#primaryimage\"},\"thumbnailUrl\":\"https:\\\/\\\/www.sportshine.eu\\\/wp-content\\\/uploads\\\/2025\\\/07\\\/Magicshine-seemee-150-.webp\",\"datePublished\":\"2025-07-05T19:57:33+00:00\",\"dateModified\":\"2026-04-14T16:00:42+00:00\",\"description\":\"Set kolesarskih lu\u010di Magicshine Seemee 150 je opremljen z vgrajenim senzorjem zaviranja in dolgim \u010dasom delovanja. V paketu prejmete sprednjo in zadnjo lu\u010d.\",\"breadcrumb\":{\"@id\":\"https:\\\/\\\/www.sportshine.eu\\\/trgovina\\\/set-kolesarskih-luci-magicshine-seemee-150\\\/#breadcrumb\"},\"inLanguage\":\"de-AT\",\"potentialAction\":[{\"@type\":\"ReadAction\",\"target\":[\"https:\\\/\\\/www.sportshine.eu\\\/trgovina\\\/set-kolesarskih-luci-magicshine-seemee-150\\\/\"]}]},{\"@type\":\"ImageObject\",\"inLanguage\":\"de-AT\",\"@id\":\"https:\\\/\\\/www.sportshine.eu\\\/trgovina\\\/set-kolesarskih-luci-magicshine-seemee-150\\\/#primaryimage\",\"url\":\"https:\\\/\\\/www.sportshine.eu\\\/wp-content\\\/uploads\\\/2025\\\/07\\\/Magicshine-seemee-150-.webp\",\"contentUrl\":\"https:\\\/\\\/www.sportshine.eu\\\/wp-content\\\/uploads\\\/2025\\\/07\\\/Magicshine-seemee-150-.webp\",\"width\":800,\"height\":800},{\"@type\":\"BreadcrumbList\",\"@id\":\"https:\\\/\\\/www.sportshine.eu\\\/trgovina\\\/set-kolesarskih-luci-magicshine-seemee-150\\\/#breadcrumb\",\"itemListElement\":[{\"@type\":\"ListItem\",\"position\":1,\"name\":\"Home\",\"item\":\"https:\\\/\\\/www.sportshine.eu\\\/\"},{\"@type\":\"ListItem\",\"position\":2,\"name\":\"Trgovina\",\"item\":\"https:\\\/\\\/www.sportshine.eu\\\/trgovina\\\/\"},{\"@type\":\"ListItem\",\"position\":3,\"name\":\"Set kolesarskih lu\u010di Magicshine SEEMEE 150\"}]},{\"@type\":\"WebSite\",\"@id\":\"https:\\\/\\\/www.sportshine.eu\\\/#website\",\"url\":\"https:\\\/\\\/www.sportshine.eu\\\/\",\"name\":\"Sportshine\",\"description\":\"Top spletna trgovina kolesarskih in naglavnih svetilk ter opreme\",\"publisher\":{\"@id\":\"https:\\\/\\\/www.sportshine.eu\\\/#organization\"},\"potentialAction\":[{\"@type\":\"SearchAction\",\"target\":{\"@type\":\"EntryPoint\",\"urlTemplate\":\"https:\\\/\\\/www.sportshine.eu\\\/?s={search_term_string}\"},\"query-input\":{\"@type\":\"PropertyValueSpecification\",\"valueRequired\":true,\"valueName\":\"search_term_string\"}}],\"inLanguage\":\"de-AT\"},{\"@type\":\"Organization\",\"@id\":\"https:\\\/\\\/www.sportshine.eu\\\/#organization\",\"name\":\"Sportshine\",\"url\":\"https:\\\/\\\/www.sportshine.eu\\\/\",\"logo\":{\"@type\":\"ImageObject\",\"inLanguage\":\"de-AT\",\"@id\":\"https:\\\/\\\/www.sportshine.eu\\\/#\\\/schema\\\/logo\\\/image\\\/\",\"url\":\"https:\\\/\\\/www.sportshine.eu\\\/wp-content\\\/uploads\\\/2026\\\/01\\\/cropped-Sportshine.webp\",\"contentUrl\":\"https:\\\/\\\/www.sportshine.eu\\\/wp-content\\\/uploads\\\/2026\\\/01\\\/cropped-Sportshine.webp\",\"width\":295,\"height\":128,\"caption\":\"Sportshine\"},\"image\":{\"@id\":\"https:\\\/\\\/www.sportshine.eu\\\/#\\\/schema\\\/logo\\\/image\\\/\"},\"sameAs\":[\"https:\\\/\\\/www.facebook.com\\\/sportshine.eu\\\/\"]}]}<\/script>\n<!-- \/ Yoast SEO plugin. -->","yoast_head_json":{"title":"Magicshine SEEMEE 150 Fahrradbeleuchtungsset","description":"Das Magicshine Seemee 150 Fahrradlicht-Set ist mit einem eingebauten Bremssensor und langer Betriebsdauer ausgestattet. Im Lieferumfang sind ein Front- und ein R\u00fccklicht enthalten.","robots":{"index":"index","follow":"follow","max-snippet":"max-snippet:-1","max-image-preview":"max-image-preview:large","max-video-preview":"max-video-preview:-1"},"canonical":"https:\/\/www.sportshine.eu\/de\/geschaft\/magicshine-seemee-150-fahrradlichtset\/","og_locale":"de_DE","og_type":"article","og_title":"Set kolesarskih lu\u010di Magicshine SEEMEE 150","og_description":"Set kolesarskih lu\u010di Magicshine Seemee 150 je opremljen z vgrajenim senzorjem zaviranja in dolgim \u010dasom delovanja. V paketu prejmete sprednjo in zadnjo lu\u010d.","og_url":"https:\/\/www.sportshine.eu\/de\/geschaft\/magicshine-seemee-150-fahrradlichtset\/","og_site_name":"Sportshine","article_publisher":"https:\/\/www.facebook.com\/sportshine.eu\/","article_modified_time":"2026-04-14T16:00:42+00:00","og_image":[{"width":800,"height":800,"url":"https:\/\/www.sportshine.eu\/wp-content\/uploads\/2025\/07\/Magicshine-seemee-150-.webp","type":"image\/webp"}],"twitter_card":"summary_large_image","twitter_misc":{"Gesch\u00e4tzte Lesezeit":"3 Minuten"},"schema":{"@context":"https:\/\/schema.org","@graph":[{"@type":"WebPage","@id":"https:\/\/www.sportshine.eu\/trgovina\/set-kolesarskih-luci-magicshine-seemee-150\/","url":"https:\/\/www.sportshine.eu\/trgovina\/set-kolesarskih-luci-magicshine-seemee-150\/","name":"Magicshine SEEMEE 150 Fahrradbeleuchtungsset","isPartOf":{"@id":"https:\/\/www.sportshine.eu\/#website"},"primaryImageOfPage":{"@id":"https:\/\/www.sportshine.eu\/trgovina\/set-kolesarskih-luci-magicshine-seemee-150\/#primaryimage"},"image":{"@id":"https:\/\/www.sportshine.eu\/trgovina\/set-kolesarskih-luci-magicshine-seemee-150\/#primaryimage"},"thumbnailUrl":"https:\/\/www.sportshine.eu\/wp-content\/uploads\/2025\/07\/Magicshine-seemee-150-.webp","datePublished":"2025-07-05T19:57:33+00:00","dateModified":"2026-04-14T16:00:42+00:00","description":"Das Magicshine Seemee 150 Fahrradlicht-Set ist mit einem eingebauten Bremssensor und langer Betriebsdauer ausgestattet. Im Lieferumfang sind ein Front- und ein R\u00fccklicht enthalten.","breadcrumb":{"@id":"https:\/\/www.sportshine.eu\/trgovina\/set-kolesarskih-luci-magicshine-seemee-150\/#breadcrumb"},"inLanguage":"de-AT","potentialAction":[{"@type":"ReadAction","target":["https:\/\/www.sportshine.eu\/trgovina\/set-kolesarskih-luci-magicshine-seemee-150\/"]}]},{"@type":"ImageObject","inLanguage":"de-AT","@id":"https:\/\/www.sportshine.eu\/trgovina\/set-kolesarskih-luci-magicshine-seemee-150\/#primaryimage","url":"https:\/\/www.sportshine.eu\/wp-content\/uploads\/2025\/07\/Magicshine-seemee-150-.webp","contentUrl":"https:\/\/www.sportshine.eu\/wp-content\/uploads\/2025\/07\/Magicshine-seemee-150-.webp","width":800,"height":800},{"@type":"BreadcrumbList","@id":"https:\/\/www.sportshine.eu\/trgovina\/set-kolesarskih-luci-magicshine-seemee-150\/#breadcrumb","itemListElement":[{"@type":"ListItem","position":1,"name":"Home","item":"https:\/\/www.sportshine.eu\/"},{"@type":"ListItem","position":2,"name":"Trgovina","item":"https:\/\/www.sportshine.eu\/trgovina\/"},{"@type":"ListItem","position":3,"name":"Set kolesarskih lu\u010di Magicshine SEEMEE 150"}]},{"@type":"WebSite","@id":"https:\/\/www.sportshine.eu\/#website","url":"https:\/\/www.sportshine.eu\/","name":"Sportshine","description":"Top Online-Shop f\u00fcr Fahrrad- und Stirnlampen sowie Zubeh\u00f6r","publisher":{"@id":"https:\/\/www.sportshine.eu\/#organization"},"potentialAction":[{"@type":"SearchAction","target":{"@type":"EntryPoint","urlTemplate":"https:\/\/www.sportshine.eu\/?s={search_term_string}"},"query-input":{"@type":"PropertyValueSpecification","valueRequired":true,"valueName":"search_term_string"}}],"inLanguage":"de-AT"},{"@type":"Organization","@id":"https:\/\/www.sportshine.eu\/#organization","name":"Sportshine","url":"https:\/\/www.sportshine.eu\/","logo":{"@type":"ImageObject","inLanguage":"de-AT","@id":"https:\/\/www.sportshine.eu\/#\/schema\/logo\/image\/","url":"https:\/\/www.sportshine.eu\/wp-content\/uploads\/2026\/01\/cropped-Sportshine.webp","contentUrl":"https:\/\/www.sportshine.eu\/wp-content\/uploads\/2026\/01\/cropped-Sportshine.webp","width":295,"height":128,"caption":"Sportshine"},"image":{"@id":"https:\/\/www.sportshine.eu\/#\/schema\/logo\/image\/"},"sameAs":["https:\/\/www.facebook.com\/sportshine.eu\/"]}]}},"_links":{"self":[{"href":"https:\/\/www.sportshine.eu\/de\/wp-json\/wp\/v2\/product\/6474","targetHints":{"allow":["GET"]}}],"collection":[{"href":"https:\/\/www.sportshine.eu\/de\/wp-json\/wp\/v2\/product"}],"about":[{"href":"https:\/\/www.sportshine.eu\/de\/wp-json\/wp\/v2\/types\/product"}],"replies":[{"embeddable":true,"href":"https:\/\/www.sportshine.eu\/de\/wp-json\/wp\/v2\/comments?post=6474"}],"version-history":[{"count":1,"href":"https:\/\/www.sportshine.eu\/de\/wp-json\/wp\/v2\/product\/6474\/revisions"}],"predecessor-version":[{"id":10372,"href":"https:\/\/www.sportshine.eu\/de\/wp-json\/wp\/v2\/product\/6474\/revisions\/10372"}],"wp:featuredmedia":[{"embeddable":true,"href":"https:\/\/www.sportshine.eu\/de\/wp-json\/wp\/v2\/media\/6084"}],"wp:attachment":[{"href":"https:\/\/www.sportshine.eu\/de\/wp-json\/wp\/v2\/media?parent=6474"}],"wp:term":[{"taxonomy":"product_brand","embeddable":true,"href":"https:\/\/www.sportshine.eu\/de\/wp-json\/wp\/v2\/product_brand?post=6474"},{"taxonomy":"product_cat","embeddable":true,"href":"https:\/\/www.sportshine.eu\/de\/wp-json\/wp\/v2\/product_cat?post=6474"},{"taxonomy":"product_tag","embeddable":true,"href":"https:\/\/www.sportshine.eu\/de\/wp-json\/wp\/v2\/product_tag?post=6474"}],"curies":[{"name":"wp","href":"https:\/\/api.w.org\/{rel}","templated":true}]}}