{"id":6473,"date":"2025-07-05T19:57:32","date_gmt":"2025-07-05T19:57:32","guid":{"rendered":"https:\/\/www.sportshine.eu\/?post_type=product&#038;p=6473"},"modified":"2025-11-21T22:17:40","modified_gmt":"2025-11-21T22:17:40","slug":"magicshine-allty-800-fahrradlicht","status":"publish","type":"product","link":"https:\/\/www.sportshine.eu\/de\/geschaft\/magicshine-allty-800-fahrradlicht\/","title":{"rendered":"Magicshine Allty 800 Fahrradlicht"},"content":{"rendered":"<h3 style=\"text-align: center;\">VIDEOPR\u00c4SENTATION<\/h3>\n<p><iframe loading=\"lazy\" title=\"Magicshine Allty 400 \/ Allty 600 \/ Allty 800 Fahrradscheinwerfer im Test \u2013 mit USB Typ-C + Garmin-Halterung\" width=\"500\" height=\"281\" src=\"https:\/\/www.youtube.com\/embed\/lKCqrUT5OD0?feature=oembed\" frameborder=\"0\" allow=\"accelerometer; autoplay; clipboard-write; encrypted-media; gyroscope; picture-in-picture; web-share\" referrerpolicy=\"strict-origin-when-cross-origin\" allowfullscreen><\/iframe><\/p>\n<h3 style=\"text-align: center;\">HOCHLEISTUNGSOPTISCHE LINSE<\/h3>\n<p style=\"text-align: center;\">Der ALLTY 800 verwendet eine hocheffiziente optische Linse, um eine maximale Lichtleistung von 800 Lumen zu erzielen. Das durchdachte Design der Seitenbeleuchtung sorgt f\u00fcr mehr Aufmerksamkeit der Fahrer.<\/p>\n<h3 style=\"text-align: center;\"><img decoding=\"async\" class=\"aligncenter wp-image-7154\" src=\"https:\/\/www.sportshine.eu\/wp-content\/uploads\/2025\/07\/ALLTY-800-1.webp\" alt=\"\" width=\"800\" height=\"600\" \/><\/h3>\n<h3 style=\"text-align: center;\">LEISTUNG \u00dcBERSTEIGT DIE GR\u00d6SSE DER LAMPE<\/h3>\n<p style=\"text-align: center;\">Das Allty 800 Fahrradlicht ist mit einem Hochleistungsakku (4000 mAh) ausgestattet und sorgt f\u00fcr lange Betriebsdauer und zuverl\u00e4ssige Beleuchtung.<\/p>\n<p><img decoding=\"async\" class=\"aligncenter wp-image-7156\" src=\"https:\/\/www.sportshine.eu\/wp-content\/uploads\/2025\/07\/allty-800-kolesarska-luc-1.webp\" alt=\"\" width=\"800\" height=\"600\" \/><\/p>\n<h3 style=\"text-align: center;\">AUFLADEN \u00dcBER USB-C-EINGANG<\/h3>\n<p style=\"text-align: center;\">Dank des USB-C-Schnellladeanschlusses erm\u00f6glicht die ALLTY 800 ein schnelles Aufladen. Das Besondere an dieser Lampe ist, dass sie auch als Ladestation fungiert, sodass Sie Ihr Telefon oder Messger\u00e4t unterwegs aufladen k\u00f6nnen.<\/p>\n<p><img decoding=\"async\" class=\"aligncenter wp-image-7157\" src=\"https:\/\/www.sportshine.eu\/wp-content\/uploads\/2025\/07\/luc-allty-800.webp\" alt=\"\" width=\"800\" height=\"600\" \/><\/p>\n<h3 style=\"text-align: center;\">LEICHT ABLESBARE STROMANZEIGE<\/h3>\n<p style=\"text-align: center;\">Bei eingeschaltetem Ger\u00e4t zeigt die Leuchte am Netzschalter den Akkuladestand an. Bei ausgeschaltetem Ger\u00e4t aktivieren Sie die Leuchte durch kurzes Dr\u00fccken des Netzschalters (sie erlischt nach 3 Sekunden automatisch).<\/p>\n<p style=\"text-align: center;\">GR\u00dcN: 21%-100%<br \/>\nROT: 11%-20%<br \/>\nBLINKEND ROT: 0%-10%<\/p>\n<p><img decoding=\"async\" class=\"aligncenter wp-image-7158\" src=\"https:\/\/www.sportshine.eu\/wp-content\/uploads\/2025\/07\/allty-800-luc-za-kolo.webp\" alt=\"\" width=\"800\" height=\"600\" \/><\/p>\n<h3 style=\"text-align: center;\">WASSERDICHT NACH IPX7-STANDARD<\/h3>\n<p style=\"text-align: center;\">Die Wasserdichtigkeit des Fahrradlichts ALLTY 800 entspricht der Schutzklasse IPX7 gem\u00e4\u00df IEC 60529. Dies bedeutet, dass das ALLTY 800 30 Minuten lang in Wasser bis zu einer Tiefe von 1 m verbleiben kann, ohne dass die Leistung des Produkts beeintr\u00e4chtigt wird.<\/p>\n<p><img decoding=\"async\" class=\"aligncenter wp-image-7159\" src=\"https:\/\/www.sportshine.eu\/wp-content\/uploads\/2025\/07\/allty-800-kolesarska-luc-2.webp\" alt=\"\" width=\"800\" height=\"600\" \/><\/p>\n<h3 style=\"text-align: center;\">METALLGEH\u00c4USE UND LANGLEBIGE QUALIT\u00c4T<\/h3>\n<p style=\"text-align: center;\">Das gesamte Geh\u00e4use aus Aluminiumlegierung sorgt f\u00fcr eine lange Haltbarkeit.<\/p>\n<p><img decoding=\"async\" class=\"aligncenter wp-image-7160\" src=\"https:\/\/www.sportshine.eu\/wp-content\/uploads\/2025\/07\/luc-allty.webp\" alt=\"\" width=\"800\" height=\"600\" \/><\/p>\n<h3 style=\"text-align: center;\">SIE ERHALTEN IM PAKET<\/h3>\n<p><img decoding=\"async\" class=\"aligncenter wp-image-7161\" src=\"https:\/\/www.sportshine.eu\/wp-content\/uploads\/2025\/07\/allty_800_11.webp\" alt=\"\" width=\"800\" height=\"393\" \/><\/p>\n<p>&nbsp;<\/p>","protected":false},"excerpt":{"rendered":"<p>Das Magicshine ALLTY 800 Fahrradlicht ist ein speziell f\u00fcr den Rennradsport entwickeltes Fahrradlicht. Es wird \u00fcber einen USB-C-Anschluss aufgeladen und kann als Akku f\u00fcr Ihre Ger\u00e4te verwendet werden. Mit seinen 800 Lumen Helligkeit, einer Reichweite von bis zu 141 Metern und einer langen Betriebsdauer (bis zu 11 Stunden) ist es der ideale Begleiter f\u00fcr sicheres und komfortables Radfahren bei jedem Wetter. Dar\u00fcber hinaus ist es mit der hohen Schutzart IPX7 wasserdicht und gew\u00e4hrleistet so Zuverl\u00e4ssigkeit auch bei Regen.<\/p>","protected":false},"featured_media":6081,"comment_status":"open","ping_status":"closed","template":"","meta":[],"product_brand":[131],"product_cat":[82,150],"product_tag":[],"class_list":{"0":"post-6473","1":"product","2":"type-product","3":"status-publish","4":"has-post-thumbnail","6":"product_brand-magicshine","7":"product_cat-kolesarske-luci","8":"product_cat-sprednje-kolesarske-luci","10":"first","11":"instock","12":"taxable","13":"shipping-taxable","14":"purchasable","15":"product-type-simple"},"yoast_head":"<!-- This site is optimized with the Yoast SEO plugin v27.3 - https:\/\/yoast.com\/product\/yoast-seo-wordpress\/ -->\n<title>Magicshine Allty 800 kolesarska lu\u010d<\/title>\n<meta name=\"description\" content=\"Magicshine ALLTY 800 je posebej zasnovana kolesarska lu\u010d za cestno kolesarjenje. Z impresivnim izhodom 800 lumnov in delovanjem do 11 ur.\" \/>\n<meta name=\"robots\" content=\"index, follow, max-snippet:-1, max-image-preview:large, max-video-preview:-1\" \/>\n<link rel=\"canonical\" href=\"https:\/\/www.sportshine.eu\/de\/geschaft\/magicshine-allty-800-fahrradlicht\/\" \/>\n<meta property=\"og:locale\" content=\"de_DE\" \/>\n<meta property=\"og:type\" content=\"article\" \/>\n<meta property=\"og:title\" content=\"Magicshine Allty 800 kolesarska lu\u010d\" \/>\n<meta property=\"og:description\" content=\"Magicshine ALLTY 800 je posebej zasnovana kolesarska lu\u010d za cestno kolesarjenje. Z impresivnim izhodom 800 lumnov in delovanjem do 11 ur.\" \/>\n<meta property=\"og:url\" content=\"https:\/\/www.sportshine.eu\/de\/geschaft\/magicshine-allty-800-fahrradlicht\/\" \/>\n<meta property=\"og:site_name\" content=\"Sportshine\" \/>\n<meta property=\"article:publisher\" content=\"https:\/\/www.facebook.com\/sportshine.eu\/\" \/>\n<meta property=\"article:modified_time\" content=\"2025-11-21T22:17:40+00:00\" \/>\n<meta property=\"og:image\" content=\"https:\/\/www.sportshine.eu\/wp-content\/uploads\/2025\/07\/Magicshsine-Allty-800-kolesarska-luc.webp\" \/>\n\t<meta property=\"og:image:width\" content=\"500\" \/>\n\t<meta property=\"og:image:height\" content=\"500\" \/>\n\t<meta property=\"og:image:type\" content=\"image\/webp\" \/>\n<meta name=\"twitter:card\" content=\"summary_large_image\" \/>\n<meta name=\"twitter:label1\" content=\"Gesch\u00e4tzte Lesezeit\" \/>\n\t<meta name=\"twitter:data1\" content=\"3 Minuten\" \/>\n<script type=\"application\/ld+json\" class=\"yoast-schema-graph\">{\"@context\":\"https:\\\/\\\/schema.org\",\"@graph\":[{\"@type\":\"WebPage\",\"@id\":\"https:\\\/\\\/www.sportshine.eu\\\/trgovina\\\/magicshine-allty-800-kolesarska-luc\\\/\",\"url\":\"https:\\\/\\\/www.sportshine.eu\\\/trgovina\\\/magicshine-allty-800-kolesarska-luc\\\/\",\"name\":\"Magicshine Allty 800 kolesarska lu\u010d\",\"isPartOf\":{\"@id\":\"https:\\\/\\\/www.sportshine.eu\\\/#website\"},\"primaryImageOfPage\":{\"@id\":\"https:\\\/\\\/www.sportshine.eu\\\/trgovina\\\/magicshine-allty-800-kolesarska-luc\\\/#primaryimage\"},\"image\":{\"@id\":\"https:\\\/\\\/www.sportshine.eu\\\/trgovina\\\/magicshine-allty-800-kolesarska-luc\\\/#primaryimage\"},\"thumbnailUrl\":\"https:\\\/\\\/www.sportshine.eu\\\/wp-content\\\/uploads\\\/2025\\\/07\\\/Magicshsine-Allty-800-kolesarska-luc.webp\",\"datePublished\":\"2025-07-05T19:57:32+00:00\",\"dateModified\":\"2025-11-21T22:17:40+00:00\",\"description\":\"Magicshine ALLTY 800 je posebej zasnovana kolesarska lu\u010d za cestno kolesarjenje. Z impresivnim izhodom 800 lumnov in delovanjem do 11 ur.\",\"breadcrumb\":{\"@id\":\"https:\\\/\\\/www.sportshine.eu\\\/trgovina\\\/magicshine-allty-800-kolesarska-luc\\\/#breadcrumb\"},\"inLanguage\":\"de-AT\",\"potentialAction\":[{\"@type\":\"ReadAction\",\"target\":[\"https:\\\/\\\/www.sportshine.eu\\\/trgovina\\\/magicshine-allty-800-kolesarska-luc\\\/\"]}]},{\"@type\":\"ImageObject\",\"inLanguage\":\"de-AT\",\"@id\":\"https:\\\/\\\/www.sportshine.eu\\\/trgovina\\\/magicshine-allty-800-kolesarska-luc\\\/#primaryimage\",\"url\":\"https:\\\/\\\/www.sportshine.eu\\\/wp-content\\\/uploads\\\/2025\\\/07\\\/Magicshsine-Allty-800-kolesarska-luc.webp\",\"contentUrl\":\"https:\\\/\\\/www.sportshine.eu\\\/wp-content\\\/uploads\\\/2025\\\/07\\\/Magicshsine-Allty-800-kolesarska-luc.webp\",\"width\":500,\"height\":500},{\"@type\":\"BreadcrumbList\",\"@id\":\"https:\\\/\\\/www.sportshine.eu\\\/trgovina\\\/magicshine-allty-800-kolesarska-luc\\\/#breadcrumb\",\"itemListElement\":[{\"@type\":\"ListItem\",\"position\":1,\"name\":\"Home\",\"item\":\"https:\\\/\\\/www.sportshine.eu\\\/\"},{\"@type\":\"ListItem\",\"position\":2,\"name\":\"Trgovina\",\"item\":\"https:\\\/\\\/www.sportshine.eu\\\/trgovina\\\/\"},{\"@type\":\"ListItem\",\"position\":3,\"name\":\"Magicshine Allty 800 kolesarska lu\u010d\"}]},{\"@type\":\"WebSite\",\"@id\":\"https:\\\/\\\/www.sportshine.eu\\\/#website\",\"url\":\"https:\\\/\\\/www.sportshine.eu\\\/\",\"name\":\"Sportshine\",\"description\":\"Top spletna trgovina kolesarskih in naglavnih svetilk ter opreme\",\"publisher\":{\"@id\":\"https:\\\/\\\/www.sportshine.eu\\\/#organization\"},\"potentialAction\":[{\"@type\":\"SearchAction\",\"target\":{\"@type\":\"EntryPoint\",\"urlTemplate\":\"https:\\\/\\\/www.sportshine.eu\\\/?s={search_term_string}\"},\"query-input\":{\"@type\":\"PropertyValueSpecification\",\"valueRequired\":true,\"valueName\":\"search_term_string\"}}],\"inLanguage\":\"de-AT\"},{\"@type\":\"Organization\",\"@id\":\"https:\\\/\\\/www.sportshine.eu\\\/#organization\",\"name\":\"Sportshine\",\"url\":\"https:\\\/\\\/www.sportshine.eu\\\/\",\"logo\":{\"@type\":\"ImageObject\",\"inLanguage\":\"de-AT\",\"@id\":\"https:\\\/\\\/www.sportshine.eu\\\/#\\\/schema\\\/logo\\\/image\\\/\",\"url\":\"https:\\\/\\\/www.sportshine.eu\\\/wp-content\\\/uploads\\\/2026\\\/01\\\/cropped-Sportshine.webp\",\"contentUrl\":\"https:\\\/\\\/www.sportshine.eu\\\/wp-content\\\/uploads\\\/2026\\\/01\\\/cropped-Sportshine.webp\",\"width\":295,\"height\":128,\"caption\":\"Sportshine\"},\"image\":{\"@id\":\"https:\\\/\\\/www.sportshine.eu\\\/#\\\/schema\\\/logo\\\/image\\\/\"},\"sameAs\":[\"https:\\\/\\\/www.facebook.com\\\/sportshine.eu\\\/\"]}]}<\/script>\n<!-- \/ Yoast SEO plugin. -->","yoast_head_json":{"title":"Magicshine Allty 800 Fahrradlicht","description":"Das Magicshine ALLTY 800 ist ein speziell f\u00fcr den Stra\u00dfenradsport entwickeltes Fahrradlicht. Mit einer beeindruckenden Leistung von 800 Lumen und einer Laufzeit von bis zu 11 Stunden.","robots":{"index":"index","follow":"follow","max-snippet":"max-snippet:-1","max-image-preview":"max-image-preview:large","max-video-preview":"max-video-preview:-1"},"canonical":"https:\/\/www.sportshine.eu\/de\/geschaft\/magicshine-allty-800-fahrradlicht\/","og_locale":"de_DE","og_type":"article","og_title":"Magicshine Allty 800 kolesarska lu\u010d","og_description":"Magicshine ALLTY 800 je posebej zasnovana kolesarska lu\u010d za cestno kolesarjenje. Z impresivnim izhodom 800 lumnov in delovanjem do 11 ur.","og_url":"https:\/\/www.sportshine.eu\/de\/geschaft\/magicshine-allty-800-fahrradlicht\/","og_site_name":"Sportshine","article_publisher":"https:\/\/www.facebook.com\/sportshine.eu\/","article_modified_time":"2025-11-21T22:17:40+00:00","og_image":[{"width":500,"height":500,"url":"https:\/\/www.sportshine.eu\/wp-content\/uploads\/2025\/07\/Magicshsine-Allty-800-kolesarska-luc.webp","type":"image\/webp"}],"twitter_card":"summary_large_image","twitter_misc":{"Gesch\u00e4tzte Lesezeit":"3 Minuten"},"schema":{"@context":"https:\/\/schema.org","@graph":[{"@type":"WebPage","@id":"https:\/\/www.sportshine.eu\/trgovina\/magicshine-allty-800-kolesarska-luc\/","url":"https:\/\/www.sportshine.eu\/trgovina\/magicshine-allty-800-kolesarska-luc\/","name":"Magicshine Allty 800 Fahrradlicht","isPartOf":{"@id":"https:\/\/www.sportshine.eu\/#website"},"primaryImageOfPage":{"@id":"https:\/\/www.sportshine.eu\/trgovina\/magicshine-allty-800-kolesarska-luc\/#primaryimage"},"image":{"@id":"https:\/\/www.sportshine.eu\/trgovina\/magicshine-allty-800-kolesarska-luc\/#primaryimage"},"thumbnailUrl":"https:\/\/www.sportshine.eu\/wp-content\/uploads\/2025\/07\/Magicshsine-Allty-800-kolesarska-luc.webp","datePublished":"2025-07-05T19:57:32+00:00","dateModified":"2025-11-21T22:17:40+00:00","description":"Das Magicshine ALLTY 800 ist ein speziell f\u00fcr den Stra\u00dfenradsport entwickeltes Fahrradlicht. Mit einer beeindruckenden Leistung von 800 Lumen und einer Laufzeit von bis zu 11 Stunden.","breadcrumb":{"@id":"https:\/\/www.sportshine.eu\/trgovina\/magicshine-allty-800-kolesarska-luc\/#breadcrumb"},"inLanguage":"de-AT","potentialAction":[{"@type":"ReadAction","target":["https:\/\/www.sportshine.eu\/trgovina\/magicshine-allty-800-kolesarska-luc\/"]}]},{"@type":"ImageObject","inLanguage":"de-AT","@id":"https:\/\/www.sportshine.eu\/trgovina\/magicshine-allty-800-kolesarska-luc\/#primaryimage","url":"https:\/\/www.sportshine.eu\/wp-content\/uploads\/2025\/07\/Magicshsine-Allty-800-kolesarska-luc.webp","contentUrl":"https:\/\/www.sportshine.eu\/wp-content\/uploads\/2025\/07\/Magicshsine-Allty-800-kolesarska-luc.webp","width":500,"height":500},{"@type":"BreadcrumbList","@id":"https:\/\/www.sportshine.eu\/trgovina\/magicshine-allty-800-kolesarska-luc\/#breadcrumb","itemListElement":[{"@type":"ListItem","position":1,"name":"Home","item":"https:\/\/www.sportshine.eu\/"},{"@type":"ListItem","position":2,"name":"Trgovina","item":"https:\/\/www.sportshine.eu\/trgovina\/"},{"@type":"ListItem","position":3,"name":"Magicshine Allty 800 kolesarska lu\u010d"}]},{"@type":"WebSite","@id":"https:\/\/www.sportshine.eu\/#website","url":"https:\/\/www.sportshine.eu\/","name":"Sportshine","description":"Top Online-Shop f\u00fcr Fahrrad- und Stirnlampen sowie Zubeh\u00f6r","publisher":{"@id":"https:\/\/www.sportshine.eu\/#organization"},"potentialAction":[{"@type":"SearchAction","target":{"@type":"EntryPoint","urlTemplate":"https:\/\/www.sportshine.eu\/?s={search_term_string}"},"query-input":{"@type":"PropertyValueSpecification","valueRequired":true,"valueName":"search_term_string"}}],"inLanguage":"de-AT"},{"@type":"Organization","@id":"https:\/\/www.sportshine.eu\/#organization","name":"Sportshine","url":"https:\/\/www.sportshine.eu\/","logo":{"@type":"ImageObject","inLanguage":"de-AT","@id":"https:\/\/www.sportshine.eu\/#\/schema\/logo\/image\/","url":"https:\/\/www.sportshine.eu\/wp-content\/uploads\/2026\/01\/cropped-Sportshine.webp","contentUrl":"https:\/\/www.sportshine.eu\/wp-content\/uploads\/2026\/01\/cropped-Sportshine.webp","width":295,"height":128,"caption":"Sportshine"},"image":{"@id":"https:\/\/www.sportshine.eu\/#\/schema\/logo\/image\/"},"sameAs":["https:\/\/www.facebook.com\/sportshine.eu\/"]}]}},"_links":{"self":[{"href":"https:\/\/www.sportshine.eu\/de\/wp-json\/wp\/v2\/product\/6473","targetHints":{"allow":["GET"]}}],"collection":[{"href":"https:\/\/www.sportshine.eu\/de\/wp-json\/wp\/v2\/product"}],"about":[{"href":"https:\/\/www.sportshine.eu\/de\/wp-json\/wp\/v2\/types\/product"}],"replies":[{"embeddable":true,"href":"https:\/\/www.sportshine.eu\/de\/wp-json\/wp\/v2\/comments?post=6473"}],"version-history":[{"count":0,"href":"https:\/\/www.sportshine.eu\/de\/wp-json\/wp\/v2\/product\/6473\/revisions"}],"wp:featuredmedia":[{"embeddable":true,"href":"https:\/\/www.sportshine.eu\/de\/wp-json\/wp\/v2\/media\/6081"}],"wp:attachment":[{"href":"https:\/\/www.sportshine.eu\/de\/wp-json\/wp\/v2\/media?parent=6473"}],"wp:term":[{"taxonomy":"product_brand","embeddable":true,"href":"https:\/\/www.sportshine.eu\/de\/wp-json\/wp\/v2\/product_brand?post=6473"},{"taxonomy":"product_cat","embeddable":true,"href":"https:\/\/www.sportshine.eu\/de\/wp-json\/wp\/v2\/product_cat?post=6473"},{"taxonomy":"product_tag","embeddable":true,"href":"https:\/\/www.sportshine.eu\/de\/wp-json\/wp\/v2\/product_tag?post=6473"}],"curies":[{"name":"wp","href":"https:\/\/api.w.org\/{rel}","templated":true}]}}